{"id":94,"date":"2022-09-01T11:28:36","date_gmt":"2022-09-01T08:28:36","guid":{"rendered":"https:\/\/safetypartners.fi\/kauppa\/?page_id=94"},"modified":"2024-08-13T16:07:37","modified_gmt":"2024-08-13T13:07:37","slug":"toimitusehdot","status":"publish","type":"page","link":"https:\/\/safetypartners.fi\/kauppa\/toimitusehdot","title":{"rendered":"Toimitusehdot"},"content":{"rendered":"<p>Verkkokauppa on et\u00e4kauppaa ja siihen p\u00e4tev\u00e4t et\u00e4kaupan s\u00e4\u00e4nn\u00f6t. Noudatamme n\u00e4it\u00e4 s\u00e4\u00e4nt\u00f6j\u00e4 toiminnassamme. Halutessasi voit tutustua s\u00e4\u00e4d\u00f6ksiin sek\u00e4 oikeuksiisi tarkemmin esimerkiksi <a href=\"https:\/\/www.kkv.fi\/\" target=\"_blank\" rel=\"noopener\">Kilpailu- ja kuluttajaviraston sivuilla<\/a>. (avautuu uuteen ikkunaan)<\/p>\n<p><strong>Tilaaminen ja maksaminen<\/strong><\/p>\n<ul>\n<li>Verkkokaupassamme teet tilauksia ostoskorin avulla. Selaile kaupan valikoimaa ja lis\u00e4\u00e4 kiinnostavat tuotteet ostoskoriin. Tuotteiden lis\u00e4\u00e4minen ei sido sinua mihink\u00e4\u00e4n. Ostoskorin muokkaaminen (tavaroiden poistaminen ja m\u00e4\u00e4rien muuttaminen) on helppoa. Paina Ostoskori \u2013painiketta ja tee haluamasi muutokset. Kun haluamasi tuotteet ovat ostoskorissa, voit sy\u00f6tt\u00e4\u00e4 yhteystietosi ja valita sek\u00e4 toimitus- ett\u00e4 maksutavan. Tilauksen yhteydess\u00e4 asiakastietosi rekister\u00f6ityv\u00e4t tietokantaamme, mutta voitte halutessanne ottaa yhteytt\u00e4 asiakaspalveluumme asiakastilin poistamiseksi. Rekister\u00f6ity asiakastili kuitenkin helpottaa tulevia tilauksia sek\u00e4 s\u00e4ilytt\u00e4\u00e4 tilaushistoriasi.<br \/>\nKaikki verkkokauppamme hinnat on esitetty euroina ja ne sis\u00e4lt\u00e4v\u00e4t arvonlis\u00e4veron (24%).Safety Partners tekee parhaansa, jotta verkkokaupan tarjonta olisi virheet\u00f6nt\u00e4 ja ajan tasalla. Kaikesta huolimatta hinnoissa tai tuotekuvauksissa voi olla virheit\u00e4. Safety Partnersilla ei ole velvollisuutta myyd\u00e4 tuotetta virheellisell\u00e4 hinnalla, mik\u00e4li hinta on huomattavasti yleist\u00e4 hintatasoa alhaisempi.<\/li>\n<li>Verkkokaupassamme maksun voi suorittaa seuraavilla maksutavoilla:<br \/>\n<strong>Lasku<\/strong>: OP Lasku, OP Tililasku, Walley, Alisa Yrityslasku. <strong>Verkkopankit<\/strong>: Nordea, Nordea B2B, Osuuspankki, Danske Bank, \u00c5landsbanken, Handelsbanken, S-Pankki, S\u00e4\u00e4st\u00f6pankki, POP Pankki, Aktia, Oma SP. <strong>Luottokortit<\/strong>: Visa, Mastercard, American Express. <strong>Muut<\/strong>: OP Siirto., MobilePay, Pivo.<\/li>\n<li>Verkkopankkimaksamiseen liittyv\u00e4n maksu- ja rahoituspalvelun toteuttaa Paytrail Oyj [Y-tunnus: 2122839-7] yhteisty\u00f6ss\u00e4 suomalaisten pankkien ja luottolaitosten kanssa.<\/li>\n<\/ul>\n<p><strong>Toimitus<\/strong><\/p>\n<ul>\n<li>Toimituskulut m\u00e4\u00e4r\u00e4ytyv\u00e4t toimitettavan tuotteen painon mukaisesti (alkaen 7,90 \u20ac).<\/li>\n<li>Toimituskuluihin vaikuttavat tuotteiden painon ja koon lis\u00e4ksi valittu toimitustapa.<\/li>\n<li>Joitakin tuotteita ei ole mahdollista toimittaa kaikilla toimitustavoilla. Tilauksen mahdolliset toimitustavat n\u00e4kyv\u00e4t tilausta tehdess\u00e4. Mik\u00e4li tilattujen tuotteiden suurempi m\u00e4\u00e4r\u00e4 est\u00e4\u00e4 valitun toimitustavan, pid\u00e4t\u00e4mme oikeuden vaihtaa toimitustapaa ilman lis\u00e4kustannuksia parhaiten tilaukselle soveltuvaksi.<\/li>\n<li>Tilausten arvioitu toimitusaika on 2-5 arkip\u00e4iv\u00e4\u00e4. Mik\u00e4li tuote on jostakin syyst\u00e4 loppunut varastostamme, se joko toimitetaan j\u00e4lkitoimituksena tai peruutetaan kokonaan tuotteen osalta.<\/li>\n<li>Mik\u00e4li tuote halutaan tiettyyn p\u00e4iv\u00e4\u00e4n menness\u00e4, ota yhteytt\u00e4 Safety Partnersin asiakaspalveluun. Pyrimme toteuttamaan toimitusaikatoiveet parhaamme mukaan.<\/li>\n<li>Safety Partners toimittaa tuotteita vain Suomeen. Toimitusajat ovat arvioita, eik\u00e4 Safety Partners voi taata tuotteiden saapuvan perille ilmoitetussa ajassa. Safety Partnersista riippumattomia ja ennalta-arvaamattomia viiv\u00e4styksi\u00e4 voi ilmet\u00e4. Lopullinen toimitusaika riippuu tilattujen tuotteiden saatavuudesta sek\u00e4 kuljetusyrityksen tehokkuudesta. Toimitusajassa tapahtuvista oleellisista muutoksista pyrimme ilmoittamaan asiakkaalle viipym\u00e4tt\u00e4. Tilaus on my\u00f6s mahdollista noutaa toimipisteest\u00e4mme ma-to klo 10.00-17.00 ja pe klo 10.00-15.00 (ei arkipyhin\u00e4), os. Asessorinkatu 9, 20780 Kaarina.<a name=\"palautus\"><\/a><strong>Palautukset<\/strong><\/li>\n<li>Asiakkaalla on oikeus palauttaa k\u00e4ytt\u00e4m\u00e4tt\u00f6m\u00e4t tuotteet nelj\u00e4ntoista (14) p\u00e4iv\u00e4n kuluessa tuotteen\/tuotteiden vastaanottamisesta, vastaanottamisp\u00e4iv\u00e4 poislukien. Palautettavan tuotteen ja tuotepakkauksen tulee olla olennaisesti samassa kunnossa kuin sit\u00e4 vastaanotettaessa.<\/li>\n<li>Asiakkaan pit\u00e4\u00e4 tehd\u00e4 vapaamuotoinen palautusilmoitus s\u00e4hk\u00f6postitse tai puhelimitse Safety Partnersin asiakaspalveluun ENNEN tuotteen palauttamista.<\/li>\n<li><strong><strong>HUOM! Mik\u00e4li l\u00e4hetyst\u00e4 ei noudeta, eik\u00e4 asiasta ole erikseen sovittu, Safety Partnersilla on oikeus pid\u00e4tt\u00e4\u00e4 palautettavasta ostosummasta palautuksesta aiheutuneet kulut.<\/strong><\/strong><\/li>\n<li>Safety Partnersilla on oikeus perua tilaus, jos tilatun tuotteen varastosaldo on tilaushetkell\u00e4 ollut virheellinen tai sen saatavuudessa on muita ylitsep\u00e4\u00e4sem\u00e4tt\u00f6mi\u00e4 vaikeuksia. Tilauksen perumisesta ilmoitetaan asiakkaalle s\u00e4hk\u00f6postitse mahdollisimman nopeasti.<\/li>\n<li>Matkahuollon L\u00e4hell\u00e4-paketin palautus tapahtuu samaan paikkaan, mist\u00e4 tuote on noudettu. Asiakaspalautusilmoituksen j\u00e4lkeen saat Safety Partnersilta palautuskortin, joka liimataan alkuper\u00e4isen osoitekortin p\u00e4\u00e4lle. Vie paketti noutopaikkaan, ja kerro virkailijalle sen olevan asiakaspalautus.<\/li>\n<\/ul>\n<p><a name=\"takuu\"><\/a><strong>Takuu- ja huoltoasiat<\/strong><\/p>\n<ul>\n<li>Takuu- ja huoltoasioissa ota yhteytt\u00e4 asiakaspalveluumme lis\u00e4ohjeita varten.<\/li>\n<\/ul>\n<p><strong>Kuljetuksessa rikkoutuneet l\u00e4hetykset<\/strong><\/p>\n<ul>\n<li>Toisinaan voi k\u00e4yd\u00e4 niin, ett\u00e4 huolellisesta pakkaamisesta huolimatta l\u00e4hetys voi kuljetuksen aikana vaurioitua. Siksi on hyv\u00e4 jo pakettia noudettaessa tarkistaa sen kunto virkailijan l\u00e4sn\u00e4ollessa. Mik\u00e4li paketti on vaurioitunut kuljetuksessa ja mik\u00e4li my\u00f6s tilattu tuote \/ tuotteet ovat vaurioituneet, tee noutopaikassa heti asiasta vahinkoilmoitus. Ota t\u00e4m\u00e4n j\u00e4lkeen yhteytt\u00e4 asiakaspalveluumme sopiaksesi uuden tuotteen toimittamisesta.<\/li>\n<\/ul>\n<p><a name=\"reklamaatio\"><\/a><strong>Reklamaatio<\/strong><\/p>\n<ul>\n<li>Mik\u00e4li kuluttajalle on toimitettu v\u00e4\u00e4r\u00e4 tuote, tuote on vaurioitunut tms., tulee kuluttajan ilmoittaa asiasta kohtuullisessa ajassa Safety Partnersin asiakaspalveluun s\u00e4hk\u00f6postitse. Virheellinen toimitus palautetaan kuluitta Safety Partnersin antamien ohjeiden mukaisesti (kts. kohta \u201dPalautukset\u201d). Palauttaminen tapahtuu reklamaation tekemisen j\u00e4lkeen. Saatuaan palautetun tavaran, Safety Partners palauttaa jo maksetun kauppahinnan viipym\u00e4tt\u00e4 asiakkaalle.<\/li>\n<\/ul>\n<p><strong>Ylivoimainen este (Force majeure)<\/strong><\/p>\n<ul>\n<li>Safety Partners ei vastaa siit\u00e4, ett\u00e4 tilauksen toimitus estyy, vaikeutuu tai my\u00f6h\u00e4styy Safety Partnersin vaikutusmahdollisuuksien ulkopuolella olevasta seikasta, kuten sodasta, luonnonmullistuksesta, vienti- tai tuontikiellosta, lakoista,\u00a0 viranomaisen p\u00e4\u00e4t\u00f6ksest\u00e4, yleisen liikenteen h\u00e4iriintymisest\u00e4 tai muusta vastaavasta Safety Partnersin toimintaa vaikeuttavasta tai est\u00e4v\u00e4st\u00e4 toiminnasta.<\/li>\n<\/ul>\n<p><strong>Riitojen ratkaisu<\/strong><\/p>\n<ul>\n<li>Mik\u00e4li kauppasopimusta koskevaa erimielisyytt\u00e4 ei saada ratkaistuksi osapuolten v\u00e4lisill\u00e4 neuvotteluilla, kuluttaja voi saattaa asian kuluttajariitalautakunnan (www.kuluttajariita.fi) ratkaistavaksi. Ennen asian viemist\u00e4 kuluttajariitalautakunnan k\u00e4sittelyyn kuluttajan tulee olla yhteydess\u00e4 maistraattien kuluttajaneuvontaan (www.kuluttajaneuvonta.fi).<\/li>\n<\/ul>\n<p><strong>Rekisteriseloste<\/strong><\/p>\n<p>Rekisterinpit\u00e4j\u00e4:<br \/>\nSafety Partners Oy \/ Suomen Sammutinpalvelu<br \/>\nY-tunnus 2286814-2<br \/>\nAsessorinkatu 9<br \/>\n20780 Kaarina<\/p>\n<p>Rekisterin nimi:<br \/>\nSafety Partners asiakasrekisteri<\/p>\n<p>Rekisterin tarkoitus:<br \/>\nAsiakassuhteen hoitaminen<\/p>\n<p>Rekisterin sis\u00e4lt\u00e4m\u00e4t tiedot:<br \/>\nHenkil\u00f6n etu- ja sukunimi, l\u00e4hiosoite, postinumero, postitoimipaikka, s\u00e4hk\u00f6postiosoite, puhelinnumero ja salasana sek\u00e4 muita tilauksen ja uutiskirjeiden toimittamiseksi tarvittavia tietoja.<\/p>\n<p>Tietol\u00e4hteet:<br \/>\nAsiakas sy\u00f6tt\u00e4\u00e4 tiedot itse<\/p>\n<p>Rekisterinpit\u00e4j\u00e4n yhteystiedot:<br \/>\n<strong><a href=\"mailto:posti@sammutinpalvelu.fi\">posti@sammutinpalvelu.fi <\/a><\/strong><\/p>\n<p>Asiakkaalla on oikeus kielt\u00e4\u00e4 suoramarkkinointi rekisterin tietojen kautta. Tiedot tallentuvat palvelimelle, jonne vain rekisteriasioita hoitavalla henkil\u00f6ll\u00e4 on k\u00e4ytt\u00f6oikeudet. Tiedot on suojattu k\u00e4ytt\u00e4j\u00e4tunnuksella ja salasanalla.<\/p>\n<p><a href=\"https:\/\/safetypartners.fi\/kauppa\/tietosuojaseloste\"><strong>Safety Partners turvakaupan tietosuojaseloste (GDPR)<\/strong><\/a><\/p>\n","protected":false},"excerpt":{"rendered":"<p>Verkkokauppa on et\u00e4kauppaa ja siihen p\u00e4tev\u00e4t et\u00e4kaupan s\u00e4\u00e4nn\u00f6t. Noudatamme n\u00e4it\u00e4 s\u00e4\u00e4nt\u00f6j\u00e4 toiminnassamme. Halutessasi voit tutustua s\u00e4\u00e4d\u00f6ksiin sek\u00e4 oikeuksiisi tarkemmin esimerkiksi Kilpailu- ja kuluttajaviraston sivuilla. (avautuu uuteen ikkunaan) Tilaaminen ja maksaminen Verkkokaupassamme teet tilauksia ostoskorin avulla. Selaile kaupan valikoimaa ja lis\u00e4\u00e4 kiinnostavat tuotteet ostoskoriin. Tuotteiden lis\u00e4\u00e4minen ei sido sinua mihink\u00e4\u00e4n. Ostoskorin muokkaaminen (tavaroiden poistaminen ja m\u00e4\u00e4rien [&hellip;]<\/p>\n","protected":false},"author":6,"featured_media":0,"parent":0,"menu_order":9,"comment_status":"closed","ping_status":"closed","template":"","meta":{"_uag_custom_page_level_css":"","site-sidebar-layout":"default","site-content-layout":"default","ast-site-content-layout":"default","site-content-style":"default","site-sidebar-style":"default","ast-global-header-display":"","ast-banner-title-visibility":"","ast-main-header-display":"","ast-hfb-above-header-display":"","ast-hfb-below-header-display":"","ast-hfb-mobile-header-display":"","site-post-title":"","ast-breadcrumbs-content":"","ast-featured-img":"","footer-sml-layout":"","ast-disable-related-posts":"","theme-transparent-header-meta":"default","adv-header-id-meta":"","stick-header-meta":"","header-above-stick-meta":"","header-main-stick-meta":"","header-below-stick-meta":"","astra-migrate-meta-layouts":"set","ast-page-background-enabled":"default","ast-page-background-meta":{"desktop":{"background-color":"","background-image":"","background-repeat":"repeat","background-position":"center center","background-size":"auto","background-attachment":"scroll","background-type":"","background-media":"","overlay-type":"","overlay-color":"","overlay-opacity":"","overlay-gradient":""},"tablet":{"background-color":"","background-image":"","background-repeat":"repeat","background-position":"center center","background-size":"auto","background-attachment":"scroll","background-type":"","background-media":"","overlay-type":"","overlay-color":"","overlay-opacity":"","overlay-gradient":""},"mobile":{"background-color":"","background-image":"","background-repeat":"repeat","background-position":"center center","background-size":"auto","background-attachment":"scroll","background-type":"","background-media":"","overlay-type":"","overlay-color":"","overlay-opacity":"","overlay-gradient":""}},"ast-content-background-meta":{"desktop":{"background-color":"var(--ast-global-color-5)","background-image":"","background-repeat":"repeat","background-position":"center center","background-size":"auto","background-attachment":"scroll","background-type":"","background-media":"","overlay-type":"","overlay-color":"","overlay-opacity":"","overlay-gradient":""},"tablet":{"background-color":"var(--ast-global-color-5)","background-image":"","background-repeat":"repeat","background-position":"center center","background-size":"auto","background-attachment":"scroll","background-type":"","background-media":"","overlay-type":"","overlay-color":"","overlay-opacity":"","overlay-gradient":""},"mobile":{"background-color":"var(--ast-global-color-5)","background-image":"","background-repeat":"repeat","background-position":"center center","background-size":"auto","background-attachment":"scroll","background-type":"","background-media":"","overlay-type":"","overlay-color":"","overlay-opacity":"","overlay-gradient":""}},"footnotes":""},"class_list":["post-94","page","type-page","status-publish","hentry"],"yoast_head":"<!-- This site is optimized with the Yoast SEO plugin v27.3 - https:\/\/yoast.com\/product\/yoast-seo-wordpress\/ -->\n<title>Toimitusehdot - Safety Partners<\/title>\n<meta name=\"description\" content=\"Toimitusehtomme, tuotteiden palautus- ja vaihto-oikeutesi sek\u00e4 tilaamisen ja maksamisen vaihtoehdot selvi\u00e4v\u00e4t t\u00e4\u00e4lt\u00e4.\" \/>\n<meta name=\"robots\" content=\"index, follow, max-snippet:-1, max-image-preview:large, max-video-preview:-1\" \/>\n<link rel=\"canonical\" href=\"https:\/\/safetypartners.fi\/kauppa\/toimitusehdot\" \/>\n<meta property=\"og:locale\" content=\"fi_FI\" \/>\n<meta property=\"og:type\" content=\"article\" \/>\n<meta property=\"og:title\" content=\"Toimitusehdot - Safety Partners\" \/>\n<meta property=\"og:description\" content=\"Toimitusehtomme, tuotteiden palautus- ja vaihto-oikeutesi sek\u00e4 tilaamisen ja maksamisen vaihtoehdot selvi\u00e4v\u00e4t t\u00e4\u00e4lt\u00e4.\" \/>\n<meta property=\"og:url\" content=\"https:\/\/safetypartners.fi\/kauppa\/toimitusehdot\" \/>\n<meta property=\"og:site_name\" content=\"Safety Partners\" \/>\n<meta property=\"article:modified_time\" content=\"2024-08-13T13:07:37+00:00\" \/>\n<meta property=\"og:image\" content=\"https:\/\/safetypartners.fi\/kauppa\/wp-content\/uploads\/2020\/05\/cropped-Logoke.jpg\" \/>\n\t<meta property=\"og:image:width\" content=\"512\" \/>\n\t<meta property=\"og:image:height\" content=\"512\" \/>\n\t<meta property=\"og:image:type\" content=\"image\/jpeg\" \/>\n<meta name=\"twitter:card\" content=\"summary_large_image\" \/>\n<meta name=\"twitter:label1\" content=\"Arvioitu lukuaika\" \/>\n\t<meta name=\"twitter:data1\" content=\"5 minuuttia\" \/>\n<script type=\"application\/ld+json\" class=\"yoast-schema-graph\">{\"@context\":\"https:\\\/\\\/schema.org\",\"@graph\":[{\"@type\":\"WebPage\",\"@id\":\"https:\\\/\\\/safetypartners.fi\\\/kauppa\\\/toimitusehdot\",\"url\":\"https:\\\/\\\/safetypartners.fi\\\/kauppa\\\/toimitusehdot\",\"name\":\"Toimitusehdot - Safety Partners\",\"isPartOf\":{\"@id\":\"https:\\\/\\\/safetypartners.fi\\\/kauppa\\\/#website\"},\"datePublished\":\"2022-09-01T08:28:36+00:00\",\"dateModified\":\"2024-08-13T13:07:37+00:00\",\"description\":\"Toimitusehtomme, tuotteiden palautus- ja vaihto-oikeutesi sek\u00e4 tilaamisen ja maksamisen vaihtoehdot selvi\u00e4v\u00e4t t\u00e4\u00e4lt\u00e4.\",\"breadcrumb\":{\"@id\":\"https:\\\/\\\/safetypartners.fi\\\/kauppa\\\/toimitusehdot#breadcrumb\"},\"inLanguage\":\"fi\",\"potentialAction\":[{\"@type\":\"ReadAction\",\"target\":[\"https:\\\/\\\/safetypartners.fi\\\/kauppa\\\/toimitusehdot\"]}]},{\"@type\":\"BreadcrumbList\",\"@id\":\"https:\\\/\\\/safetypartners.fi\\\/kauppa\\\/toimitusehdot#breadcrumb\",\"itemListElement\":[{\"@type\":\"ListItem\",\"position\":1,\"name\":\"Home\",\"item\":\"https:\\\/\\\/safetypartners.fi\\\/kauppa\\\/\"},{\"@type\":\"ListItem\",\"position\":2,\"name\":\"Toimitusehdot\"}]},{\"@type\":\"WebSite\",\"@id\":\"https:\\\/\\\/safetypartners.fi\\\/kauppa\\\/#website\",\"url\":\"https:\\\/\\\/safetypartners.fi\\\/kauppa\\\/\",\"name\":\"Safety Partners\",\"description\":\"Safety Partners turvakauppa palvelee verkossa 24\\\/7!\",\"publisher\":{\"@id\":\"https:\\\/\\\/safetypartners.fi\\\/kauppa\\\/#organization\"},\"potentialAction\":[{\"@type\":\"SearchAction\",\"target\":{\"@type\":\"EntryPoint\",\"urlTemplate\":\"https:\\\/\\\/safetypartners.fi\\\/kauppa\\\/?s={search_term_string}\"},\"query-input\":{\"@type\":\"PropertyValueSpecification\",\"valueRequired\":true,\"valueName\":\"search_term_string\"}}],\"inLanguage\":\"fi\"},{\"@type\":\"Organization\",\"@id\":\"https:\\\/\\\/safetypartners.fi\\\/kauppa\\\/#organization\",\"name\":\"Safety Partners | Suomen Sammutinpalvelu\",\"url\":\"https:\\\/\\\/safetypartners.fi\\\/kauppa\\\/\",\"logo\":{\"@type\":\"ImageObject\",\"inLanguage\":\"fi\",\"@id\":\"https:\\\/\\\/safetypartners.fi\\\/kauppa\\\/#\\\/schema\\\/logo\\\/image\\\/\",\"url\":\"https:\\\/\\\/safetypartners.fi\\\/kauppa\\\/wp-content\\\/uploads\\\/2020\\\/05\\\/cropped-Logoke-1.jpg\",\"contentUrl\":\"https:\\\/\\\/safetypartners.fi\\\/kauppa\\\/wp-content\\\/uploads\\\/2020\\\/05\\\/cropped-Logoke-1.jpg\",\"width\":847,\"height\":717,\"caption\":\"Safety Partners | Suomen Sammutinpalvelu\"},\"image\":{\"@id\":\"https:\\\/\\\/safetypartners.fi\\\/kauppa\\\/#\\\/schema\\\/logo\\\/image\\\/\"}}]}<\/script>\n<!-- \/ Yoast SEO plugin. -->","yoast_head_json":{"title":"Toimitusehdot - Safety Partners","description":"Toimitusehtomme, tuotteiden palautus- ja vaihto-oikeutesi sek\u00e4 tilaamisen ja maksamisen vaihtoehdot selvi\u00e4v\u00e4t t\u00e4\u00e4lt\u00e4.","robots":{"index":"index","follow":"follow","max-snippet":"max-snippet:-1","max-image-preview":"max-image-preview:large","max-video-preview":"max-video-preview:-1"},"canonical":"https:\/\/safetypartners.fi\/kauppa\/toimitusehdot","og_locale":"fi_FI","og_type":"article","og_title":"Toimitusehdot - Safety Partners","og_description":"Toimitusehtomme, tuotteiden palautus- ja vaihto-oikeutesi sek\u00e4 tilaamisen ja maksamisen vaihtoehdot selvi\u00e4v\u00e4t t\u00e4\u00e4lt\u00e4.","og_url":"https:\/\/safetypartners.fi\/kauppa\/toimitusehdot","og_site_name":"Safety Partners","article_modified_time":"2024-08-13T13:07:37+00:00","og_image":[{"width":512,"height":512,"url":"https:\/\/safetypartners.fi\/kauppa\/wp-content\/uploads\/2020\/05\/cropped-Logoke.jpg","type":"image\/jpeg"}],"twitter_card":"summary_large_image","twitter_misc":{"Arvioitu lukuaika":"5 minuuttia"},"schema":{"@context":"https:\/\/schema.org","@graph":[{"@type":"WebPage","@id":"https:\/\/safetypartners.fi\/kauppa\/toimitusehdot","url":"https:\/\/safetypartners.fi\/kauppa\/toimitusehdot","name":"Toimitusehdot - Safety Partners","isPartOf":{"@id":"https:\/\/safetypartners.fi\/kauppa\/#website"},"datePublished":"2022-09-01T08:28:36+00:00","dateModified":"2024-08-13T13:07:37+00:00","description":"Toimitusehtomme, tuotteiden palautus- ja vaihto-oikeutesi sek\u00e4 tilaamisen ja maksamisen vaihtoehdot selvi\u00e4v\u00e4t t\u00e4\u00e4lt\u00e4.","breadcrumb":{"@id":"https:\/\/safetypartners.fi\/kauppa\/toimitusehdot#breadcrumb"},"inLanguage":"fi","potentialAction":[{"@type":"ReadAction","target":["https:\/\/safetypartners.fi\/kauppa\/toimitusehdot"]}]},{"@type":"BreadcrumbList","@id":"https:\/\/safetypartners.fi\/kauppa\/toimitusehdot#breadcrumb","itemListElement":[{"@type":"ListItem","position":1,"name":"Home","item":"https:\/\/safetypartners.fi\/kauppa\/"},{"@type":"ListItem","position":2,"name":"Toimitusehdot"}]},{"@type":"WebSite","@id":"https:\/\/safetypartners.fi\/kauppa\/#website","url":"https:\/\/safetypartners.fi\/kauppa\/","name":"Safety Partners","description":"Safety Partners turvakauppa palvelee verkossa 24\/7!","publisher":{"@id":"https:\/\/safetypartners.fi\/kauppa\/#organization"},"potentialAction":[{"@type":"SearchAction","target":{"@type":"EntryPoint","urlTemplate":"https:\/\/safetypartners.fi\/kauppa\/?s={search_term_string}"},"query-input":{"@type":"PropertyValueSpecification","valueRequired":true,"valueName":"search_term_string"}}],"inLanguage":"fi"},{"@type":"Organization","@id":"https:\/\/safetypartners.fi\/kauppa\/#organization","name":"Safety Partners | Suomen Sammutinpalvelu","url":"https:\/\/safetypartners.fi\/kauppa\/","logo":{"@type":"ImageObject","inLanguage":"fi","@id":"https:\/\/safetypartners.fi\/kauppa\/#\/schema\/logo\/image\/","url":"https:\/\/safetypartners.fi\/kauppa\/wp-content\/uploads\/2020\/05\/cropped-Logoke-1.jpg","contentUrl":"https:\/\/safetypartners.fi\/kauppa\/wp-content\/uploads\/2020\/05\/cropped-Logoke-1.jpg","width":847,"height":717,"caption":"Safety Partners | Suomen Sammutinpalvelu"},"image":{"@id":"https:\/\/safetypartners.fi\/kauppa\/#\/schema\/logo\/image\/"}}]}},"uagb_featured_image_src":{"full":false,"thumbnail":false,"medium":false,"medium_large":false,"large":false,"1536x1536":false,"2048x2048":false,"woocommerce_thumbnail":false,"woocommerce_single":false,"woocommerce_gallery_thumbnail":false},"uagb_author_info":{"display_name":"Anu Lehto","author_link":"https:\/\/safetypartners.fi\/kauppa\/author\/anu-lehtosammutinpalvelu-fi"},"uagb_comment_info":0,"uagb_excerpt":"Verkkokauppa on et\u00e4kauppaa ja siihen p\u00e4tev\u00e4t et\u00e4kaupan s\u00e4\u00e4nn\u00f6t. Noudatamme n\u00e4it\u00e4 s\u00e4\u00e4nt\u00f6j\u00e4 toiminnassamme. Halutessasi voit tutustua s\u00e4\u00e4d\u00f6ksiin sek\u00e4 oikeuksiisi tarkemmin esimerkiksi Kilpailu- ja kuluttajaviraston sivuilla. (avautuu uuteen ikkunaan) Tilaaminen ja maksaminen Verkkokaupassamme teet tilauksia ostoskorin avulla. Selaile kaupan valikoimaa ja lis\u00e4\u00e4 kiinnostavat tuotteet ostoskoriin. Tuotteiden lis\u00e4\u00e4minen ei sido sinua mihink\u00e4\u00e4n. Ostoskorin muokkaaminen (tavaroiden poistaminen ja m\u00e4\u00e4rien&hellip;","_links":{"self":[{"href":"https:\/\/safetypartners.fi\/kauppa\/wp-json\/wp\/v2\/pages\/94","targetHints":{"allow":["GET"]}}],"collection":[{"href":"https:\/\/safetypartners.fi\/kauppa\/wp-json\/wp\/v2\/pages"}],"about":[{"href":"https:\/\/safetypartners.fi\/kauppa\/wp-json\/wp\/v2\/types\/page"}],"author":[{"embeddable":true,"href":"https:\/\/safetypartners.fi\/kauppa\/wp-json\/wp\/v2\/users\/6"}],"replies":[{"embeddable":true,"href":"https:\/\/safetypartners.fi\/kauppa\/wp-json\/wp\/v2\/comments?post=94"}],"version-history":[{"count":11,"href":"https:\/\/safetypartners.fi\/kauppa\/wp-json\/wp\/v2\/pages\/94\/revisions"}],"predecessor-version":[{"id":1920,"href":"https:\/\/safetypartners.fi\/kauppa\/wp-json\/wp\/v2\/pages\/94\/revisions\/1920"}],"wp:attachment":[{"href":"https:\/\/safetypartners.fi\/kauppa\/wp-json\/wp\/v2\/media?parent=94"}],"curies":[{"name":"wp","href":"https:\/\/api.w.org\/{rel}","templated":true}]}}