{"id":1052,"date":"2022-09-13T11:50:35","date_gmt":"2022-09-13T08:50:35","guid":{"rendered":"https:\/\/safetypartners.fi\/kauppa\/?post_type=product&#038;p=1052"},"modified":"2022-10-25T11:26:05","modified_gmt":"2022-10-25T08:26:05","slug":"tulityovaunu-peitteella-ja-hanskoilla","status":"publish","type":"product","link":"https:\/\/safetypartners.fi\/kauppa\/tuote\/tulityovaunu-peitteella-ja-hanskoilla","title":{"rendered":"Tulity\u00f6vaunu peitteell\u00e4 ja hanskoilla"},"content":{"rendered":"<div class=\"product-description\">\n<p>K\u00e4rryn mukana tulee silikonipinnoitettu palopeite 120 x 180 cm ja nahkaiset tulity\u00f6hanskat.<\/p>\n<\/div>\n<div id=\"triggerbee-widget-product-page-2\" class=\"triggerbee-widget\"><\/div>\n<div class=\"product-symbols\">\n<div class=\"product-symbols__wrapper\"><img decoding=\"async\" class=\"product-symbols__image\" src=\"https:\/\/public.keskofiles.com\/f\/btt\/ASSET_JPG_Pictogram_GHS04\" width=\"95\" height=\"95\" \/><\/div>\n<\/div>\n","protected":false},"excerpt":{"rendered":"<p><strong>Housegardin tulity\u00f6vaunu<\/strong> on loistava apu palovaarallisissa t\u00f6iss\u00e4 ty\u00f6skenteleville henkil\u00f6ille. K\u00e4rry on helposti kuljetettavissa v\u00e4liaikaiseen ty\u00f6pisteeseen, kuten tulity\u00f6pajoille, tehtaille, maatiloille ja autotalliin. Vahva rakenne ja kest\u00e4v\u00e4t renkaat kantavat vaivattomasti mukanaan 6-12kg sammuttimia kaksin kappalein.<\/p>\n","protected":false},"featured_media":1054,"comment_status":"open","ping_status":"closed","template":"","meta":{"_uag_custom_page_level_css":"","site-sidebar-layout":"default","site-content-layout":"default","ast-site-content-layout":"default","site-content-style":"default","site-sidebar-style":"default","ast-global-header-display":"","ast-banner-title-visibility":"","ast-main-header-display":"","ast-hfb-above-header-display":"","ast-hfb-below-header-display":"","ast-hfb-mobile-header-display":"","site-post-title":"","ast-breadcrumbs-content":null,"ast-featured-img":"","footer-sml-layout":"","ast-disable-related-posts":"","theme-transparent-header-meta":"default","adv-header-id-meta":"","stick-header-meta":"default","header-above-stick-meta":null,"header-main-stick-meta":"","header-below-stick-meta":null,"astra-migrate-meta-layouts":"default","ast-page-background-enabled":"default","ast-page-background-meta":{"desktop":{"background-color":"","background-image":"","background-repeat":"repeat","background-position":"center center","background-size":"auto","background-attachment":"scroll","background-type":"","background-media":"","overlay-type":"","overlay-color":"","overlay-opacity":"","overlay-gradient":""},"tablet":{"background-color":"","background-image":"","background-repeat":"repeat","background-position":"center center","background-size":"auto","background-attachment":"scroll","background-type":"","background-media":"","overlay-type":"","overlay-color":"","overlay-opacity":"","overlay-gradient":""},"mobile":{"background-color":"","background-image":"","background-repeat":"repeat","background-position":"center center","background-size":"auto","background-attachment":"scroll","background-type":"","background-media":"","overlay-type":"","overlay-color":"","overlay-opacity":"","overlay-gradient":""}},"ast-content-background-meta":{"desktop":{"background-color":"var(--ast-global-color-5)","background-image":"","background-repeat":"repeat","background-position":"center center","background-size":"auto","background-attachment":"scroll","background-type":"","background-media":"","overlay-type":"","overlay-color":"","overlay-opacity":"","overlay-gradient":""},"tablet":{"background-color":"var(--ast-global-color-5)","background-image":"","background-repeat":"repeat","background-position":"center center","background-size":"auto","background-attachment":"scroll","background-type":"","background-media":"","overlay-type":"","overlay-color":"","overlay-opacity":"","overlay-gradient":""},"mobile":{"background-color":"var(--ast-global-color-5)","background-image":"","background-repeat":"repeat","background-position":"center center","background-size":"auto","background-attachment":"scroll","background-type":"","background-media":"","overlay-type":"","overlay-color":"","overlay-opacity":"","overlay-gradient":""}}},"product_brand":[],"product_cat":[15,30,218],"product_tag":[113,509,510,513,508],"class_list":{"0":"post-1052","1":"product","2":"type-product","3":"status-publish","4":"has-post-thumbnail","6":"product_cat-yleinen","7":"product_cat-paloturvallisuus","8":"product_cat-sammutintarvikkeet","9":"product_tag-housegard","10":"product_tag-karry","11":"product_tag-sammuttimet","12":"product_tag-sammutuspeite","13":"product_tag-tulityo","14":"desktop-align-center","15":"tablet-align-center","16":"mobile-align-center","17":"ast-product-gallery-layout-horizontal-slider","18":"ast-product-gallery-with-no-image","19":"ast-product-tabs-layout-horizontal","21":"first","22":"instock","23":"taxable","24":"shipping-taxable","25":"purchasable","26":"product-type-simple"},"yoast_head":"<!-- This site is optimized with the Yoast SEO plugin v27.3 - https:\/\/yoast.com\/product\/yoast-seo-wordpress\/ -->\n<title>Tulity\u00f6vaunu peitteell\u00e4 ja hanskoilla - Safety Partners<\/title>\n<meta name=\"description\" content=\"Loistava apu palovaarallisiin t\u00f6ihin. K\u00e4rry on helposti kuljetettavissa v\u00e4liaikaiseen ty\u00f6pisteeseen. Kantaa kaksi 6-12kg sammutinta.\" \/>\n<meta name=\"robots\" content=\"index, follow, max-snippet:-1, max-image-preview:large, max-video-preview:-1\" \/>\n<link rel=\"canonical\" href=\"https:\/\/safetypartners.fi\/kauppa\/tuote\/tulityovaunu-peitteella-ja-hanskoilla\" \/>\n<meta property=\"og:locale\" content=\"fi_FI\" \/>\n<meta property=\"og:type\" content=\"article\" \/>\n<meta property=\"og:title\" content=\"Tulity\u00f6vaunu peitteell\u00e4 ja hanskoilla - Safety Partners\" \/>\n<meta property=\"og:description\" content=\"Loistava apu palovaarallisiin t\u00f6ihin. K\u00e4rry on helposti kuljetettavissa v\u00e4liaikaiseen ty\u00f6pisteeseen. Kantaa kaksi 6-12kg sammutinta.\" \/>\n<meta property=\"og:url\" content=\"https:\/\/safetypartners.fi\/kauppa\/tuote\/tulityovaunu-peitteella-ja-hanskoilla\" \/>\n<meta property=\"og:site_name\" content=\"Safety Partners\" \/>\n<meta property=\"article:modified_time\" content=\"2022-10-25T08:26:05+00:00\" \/>\n<meta property=\"og:image\" content=\"https:\/\/safetypartners.fi\/kauppa\/wp-content\/uploads\/2022\/09\/Tulityovaunu-Housegard.png\" \/>\n\t<meta property=\"og:image:width\" content=\"806\" \/>\n\t<meta property=\"og:image:height\" content=\"841\" \/>\n\t<meta property=\"og:image:type\" content=\"image\/png\" \/>\n<meta name=\"twitter:card\" content=\"summary_large_image\" \/>\n<meta name=\"twitter:label1\" content=\"Arvioitu lukuaika\" \/>\n\t<meta name=\"twitter:data1\" content=\"1 minuutti\" \/>\n<script type=\"application\/ld+json\" class=\"yoast-schema-graph\">{\"@context\":\"https:\\\/\\\/schema.org\",\"@graph\":[{\"@type\":\"WebPage\",\"@id\":\"https:\\\/\\\/safetypartners.fi\\\/kauppa\\\/tuote\\\/tulityovaunu-peitteella-ja-hanskoilla\",\"url\":\"https:\\\/\\\/safetypartners.fi\\\/kauppa\\\/tuote\\\/tulityovaunu-peitteella-ja-hanskoilla\",\"name\":\"Tulity\u00f6vaunu peitteell\u00e4 ja hanskoilla - Safety Partners\",\"isPartOf\":{\"@id\":\"https:\\\/\\\/safetypartners.fi\\\/kauppa\\\/#website\"},\"primaryImageOfPage\":{\"@id\":\"https:\\\/\\\/safetypartners.fi\\\/kauppa\\\/tuote\\\/tulityovaunu-peitteella-ja-hanskoilla#primaryimage\"},\"image\":{\"@id\":\"https:\\\/\\\/safetypartners.fi\\\/kauppa\\\/tuote\\\/tulityovaunu-peitteella-ja-hanskoilla#primaryimage\"},\"thumbnailUrl\":\"https:\\\/\\\/safetypartners.fi\\\/kauppa\\\/wp-content\\\/uploads\\\/2022\\\/09\\\/Tulityovaunu-Housegard.png\",\"datePublished\":\"2022-09-13T08:50:35+00:00\",\"dateModified\":\"2022-10-25T08:26:05+00:00\",\"description\":\"Loistava apu palovaarallisiin t\u00f6ihin. K\u00e4rry on helposti kuljetettavissa v\u00e4liaikaiseen ty\u00f6pisteeseen. Kantaa kaksi 6-12kg sammutinta.\",\"breadcrumb\":{\"@id\":\"https:\\\/\\\/safetypartners.fi\\\/kauppa\\\/tuote\\\/tulityovaunu-peitteella-ja-hanskoilla#breadcrumb\"},\"inLanguage\":\"fi\",\"potentialAction\":[{\"@type\":\"ReadAction\",\"target\":[\"https:\\\/\\\/safetypartners.fi\\\/kauppa\\\/tuote\\\/tulityovaunu-peitteella-ja-hanskoilla\"]}]},{\"@type\":\"ImageObject\",\"inLanguage\":\"fi\",\"@id\":\"https:\\\/\\\/safetypartners.fi\\\/kauppa\\\/tuote\\\/tulityovaunu-peitteella-ja-hanskoilla#primaryimage\",\"url\":\"https:\\\/\\\/safetypartners.fi\\\/kauppa\\\/wp-content\\\/uploads\\\/2022\\\/09\\\/Tulityovaunu-Housegard.png\",\"contentUrl\":\"https:\\\/\\\/safetypartners.fi\\\/kauppa\\\/wp-content\\\/uploads\\\/2022\\\/09\\\/Tulityovaunu-Housegard.png\",\"width\":806,\"height\":841},{\"@type\":\"BreadcrumbList\",\"@id\":\"https:\\\/\\\/safetypartners.fi\\\/kauppa\\\/tuote\\\/tulityovaunu-peitteella-ja-hanskoilla#breadcrumb\",\"itemListElement\":[{\"@type\":\"ListItem\",\"position\":1,\"name\":\"Home\",\"item\":\"https:\\\/\\\/safetypartners.fi\\\/kauppa\\\/\"},{\"@type\":\"ListItem\",\"position\":2,\"name\":\"Kauppa\",\"item\":\"https:\\\/\\\/safetypartners.fi\\\/kauppa\\\/kauppa\"},{\"@type\":\"ListItem\",\"position\":3,\"name\":\"Tulity\u00f6vaunu peitteell\u00e4 ja hanskoilla\"}]},{\"@type\":\"WebSite\",\"@id\":\"https:\\\/\\\/safetypartners.fi\\\/kauppa\\\/#website\",\"url\":\"https:\\\/\\\/safetypartners.fi\\\/kauppa\\\/\",\"name\":\"Safety Partners\",\"description\":\"Safety Partners turvakauppa palvelee verkossa 24\\\/7!\",\"publisher\":{\"@id\":\"https:\\\/\\\/safetypartners.fi\\\/kauppa\\\/#organization\"},\"potentialAction\":[{\"@type\":\"SearchAction\",\"target\":{\"@type\":\"EntryPoint\",\"urlTemplate\":\"https:\\\/\\\/safetypartners.fi\\\/kauppa\\\/?s={search_term_string}\"},\"query-input\":{\"@type\":\"PropertyValueSpecification\",\"valueRequired\":true,\"valueName\":\"search_term_string\"}}],\"inLanguage\":\"fi\"},{\"@type\":\"Organization\",\"@id\":\"https:\\\/\\\/safetypartners.fi\\\/kauppa\\\/#organization\",\"name\":\"Safety Partners | Suomen Sammutinpalvelu\",\"url\":\"https:\\\/\\\/safetypartners.fi\\\/kauppa\\\/\",\"logo\":{\"@type\":\"ImageObject\",\"inLanguage\":\"fi\",\"@id\":\"https:\\\/\\\/safetypartners.fi\\\/kauppa\\\/#\\\/schema\\\/logo\\\/image\\\/\",\"url\":\"https:\\\/\\\/safetypartners.fi\\\/kauppa\\\/wp-content\\\/uploads\\\/2020\\\/05\\\/cropped-Logoke-1.jpg\",\"contentUrl\":\"https:\\\/\\\/safetypartners.fi\\\/kauppa\\\/wp-content\\\/uploads\\\/2020\\\/05\\\/cropped-Logoke-1.jpg\",\"width\":847,\"height\":717,\"caption\":\"Safety Partners | Suomen Sammutinpalvelu\"},\"image\":{\"@id\":\"https:\\\/\\\/safetypartners.fi\\\/kauppa\\\/#\\\/schema\\\/logo\\\/image\\\/\"}}]}<\/script>\n<!-- \/ Yoast SEO plugin. -->","yoast_head_json":{"title":"Tulity\u00f6vaunu peitteell\u00e4 ja hanskoilla - Safety Partners","description":"Loistava apu palovaarallisiin t\u00f6ihin. K\u00e4rry on helposti kuljetettavissa v\u00e4liaikaiseen ty\u00f6pisteeseen. Kantaa kaksi 6-12kg sammutinta.","robots":{"index":"index","follow":"follow","max-snippet":"max-snippet:-1","max-image-preview":"max-image-preview:large","max-video-preview":"max-video-preview:-1"},"canonical":"https:\/\/safetypartners.fi\/kauppa\/tuote\/tulityovaunu-peitteella-ja-hanskoilla","og_locale":"fi_FI","og_type":"article","og_title":"Tulity\u00f6vaunu peitteell\u00e4 ja hanskoilla - Safety Partners","og_description":"Loistava apu palovaarallisiin t\u00f6ihin. K\u00e4rry on helposti kuljetettavissa v\u00e4liaikaiseen ty\u00f6pisteeseen. Kantaa kaksi 6-12kg sammutinta.","og_url":"https:\/\/safetypartners.fi\/kauppa\/tuote\/tulityovaunu-peitteella-ja-hanskoilla","og_site_name":"Safety Partners","article_modified_time":"2022-10-25T08:26:05+00:00","og_image":[{"width":806,"height":841,"url":"https:\/\/safetypartners.fi\/kauppa\/wp-content\/uploads\/2022\/09\/Tulityovaunu-Housegard.png","type":"image\/png"}],"twitter_card":"summary_large_image","twitter_misc":{"Arvioitu lukuaika":"1 minuutti"},"schema":{"@context":"https:\/\/schema.org","@graph":[{"@type":"WebPage","@id":"https:\/\/safetypartners.fi\/kauppa\/tuote\/tulityovaunu-peitteella-ja-hanskoilla","url":"https:\/\/safetypartners.fi\/kauppa\/tuote\/tulityovaunu-peitteella-ja-hanskoilla","name":"Tulity\u00f6vaunu peitteell\u00e4 ja hanskoilla - Safety Partners","isPartOf":{"@id":"https:\/\/safetypartners.fi\/kauppa\/#website"},"primaryImageOfPage":{"@id":"https:\/\/safetypartners.fi\/kauppa\/tuote\/tulityovaunu-peitteella-ja-hanskoilla#primaryimage"},"image":{"@id":"https:\/\/safetypartners.fi\/kauppa\/tuote\/tulityovaunu-peitteella-ja-hanskoilla#primaryimage"},"thumbnailUrl":"https:\/\/safetypartners.fi\/kauppa\/wp-content\/uploads\/2022\/09\/Tulityovaunu-Housegard.png","datePublished":"2022-09-13T08:50:35+00:00","dateModified":"2022-10-25T08:26:05+00:00","description":"Loistava apu palovaarallisiin t\u00f6ihin. K\u00e4rry on helposti kuljetettavissa v\u00e4liaikaiseen ty\u00f6pisteeseen. Kantaa kaksi 6-12kg sammutinta.","breadcrumb":{"@id":"https:\/\/safetypartners.fi\/kauppa\/tuote\/tulityovaunu-peitteella-ja-hanskoilla#breadcrumb"},"inLanguage":"fi","potentialAction":[{"@type":"ReadAction","target":["https:\/\/safetypartners.fi\/kauppa\/tuote\/tulityovaunu-peitteella-ja-hanskoilla"]}]},{"@type":"ImageObject","inLanguage":"fi","@id":"https:\/\/safetypartners.fi\/kauppa\/tuote\/tulityovaunu-peitteella-ja-hanskoilla#primaryimage","url":"https:\/\/safetypartners.fi\/kauppa\/wp-content\/uploads\/2022\/09\/Tulityovaunu-Housegard.png","contentUrl":"https:\/\/safetypartners.fi\/kauppa\/wp-content\/uploads\/2022\/09\/Tulityovaunu-Housegard.png","width":806,"height":841},{"@type":"BreadcrumbList","@id":"https:\/\/safetypartners.fi\/kauppa\/tuote\/tulityovaunu-peitteella-ja-hanskoilla#breadcrumb","itemListElement":[{"@type":"ListItem","position":1,"name":"Home","item":"https:\/\/safetypartners.fi\/kauppa\/"},{"@type":"ListItem","position":2,"name":"Kauppa","item":"https:\/\/safetypartners.fi\/kauppa\/kauppa"},{"@type":"ListItem","position":3,"name":"Tulity\u00f6vaunu peitteell\u00e4 ja hanskoilla"}]},{"@type":"WebSite","@id":"https:\/\/safetypartners.fi\/kauppa\/#website","url":"https:\/\/safetypartners.fi\/kauppa\/","name":"Safety Partners","description":"Safety Partners turvakauppa palvelee verkossa 24\/7!","publisher":{"@id":"https:\/\/safetypartners.fi\/kauppa\/#organization"},"potentialAction":[{"@type":"SearchAction","target":{"@type":"EntryPoint","urlTemplate":"https:\/\/safetypartners.fi\/kauppa\/?s={search_term_string}"},"query-input":{"@type":"PropertyValueSpecification","valueRequired":true,"valueName":"search_term_string"}}],"inLanguage":"fi"},{"@type":"Organization","@id":"https:\/\/safetypartners.fi\/kauppa\/#organization","name":"Safety Partners | Suomen Sammutinpalvelu","url":"https:\/\/safetypartners.fi\/kauppa\/","logo":{"@type":"ImageObject","inLanguage":"fi","@id":"https:\/\/safetypartners.fi\/kauppa\/#\/schema\/logo\/image\/","url":"https:\/\/safetypartners.fi\/kauppa\/wp-content\/uploads\/2020\/05\/cropped-Logoke-1.jpg","contentUrl":"https:\/\/safetypartners.fi\/kauppa\/wp-content\/uploads\/2020\/05\/cropped-Logoke-1.jpg","width":847,"height":717,"caption":"Safety Partners | Suomen Sammutinpalvelu"},"image":{"@id":"https:\/\/safetypartners.fi\/kauppa\/#\/schema\/logo\/image\/"}}]}},"uagb_featured_image_src":{"full":["https:\/\/safetypartners.fi\/kauppa\/wp-content\/uploads\/2022\/09\/Tulityovaunu-Housegard.png",806,841,false],"thumbnail":["https:\/\/safetypartners.fi\/kauppa\/wp-content\/uploads\/2022\/09\/Tulityovaunu-Housegard-150x150.png",150,150,true],"medium":["https:\/\/safetypartners.fi\/kauppa\/wp-content\/uploads\/2022\/09\/Tulityovaunu-Housegard-288x300.png",288,300,true],"medium_large":["https:\/\/safetypartners.fi\/kauppa\/wp-content\/uploads\/2022\/09\/Tulityovaunu-Housegard-768x801.png",768,801,true],"large":["https:\/\/safetypartners.fi\/kauppa\/wp-content\/uploads\/2022\/09\/Tulityovaunu-Housegard.png",806,841,false],"1536x1536":["https:\/\/safetypartners.fi\/kauppa\/wp-content\/uploads\/2022\/09\/Tulityovaunu-Housegard.png",806,841,false],"2048x2048":["https:\/\/safetypartners.fi\/kauppa\/wp-content\/uploads\/2022\/09\/Tulityovaunu-Housegard.png",806,841,false],"woocommerce_thumbnail":["https:\/\/safetypartners.fi\/kauppa\/wp-content\/uploads\/2022\/09\/Tulityovaunu-Housegard-300x300.png",300,300,true],"woocommerce_single":["https:\/\/safetypartners.fi\/kauppa\/wp-content\/uploads\/2022\/09\/Tulityovaunu-Housegard-600x626.png",600,626,true],"woocommerce_gallery_thumbnail":["https:\/\/safetypartners.fi\/kauppa\/wp-content\/uploads\/2022\/09\/Tulityovaunu-Housegard-100x100.png",100,100,true]},"uagb_author_info":{"display_name":"Anu Lehto","author_link":"https:\/\/safetypartners.fi\/kauppa\/author"},"uagb_comment_info":0,"uagb_excerpt":"Housegardin tulity\u00f6vaunu on loistava apu palovaarallisissa t\u00f6iss\u00e4 ty\u00f6skenteleville henkil\u00f6ille. K\u00e4rry on helposti kuljetettavissa v\u00e4liaikaiseen ty\u00f6pisteeseen, kuten tulity\u00f6pajoille, tehtaille, maatiloille ja autotalliin. Vahva rakenne ja kest\u00e4v\u00e4t renkaat kantavat vaivattomasti mukanaan 6-12kg sammuttimia kaksin kappalein.","_links":{"self":[{"href":"https:\/\/safetypartners.fi\/kauppa\/wp-json\/wp\/v2\/product\/1052","targetHints":{"allow":["GET"]}}],"collection":[{"href":"https:\/\/safetypartners.fi\/kauppa\/wp-json\/wp\/v2\/product"}],"about":[{"href":"https:\/\/safetypartners.fi\/kauppa\/wp-json\/wp\/v2\/types\/product"}],"replies":[{"embeddable":true,"href":"https:\/\/safetypartners.fi\/kauppa\/wp-json\/wp\/v2\/comments?post=1052"}],"version-history":[{"count":1,"href":"https:\/\/safetypartners.fi\/kauppa\/wp-json\/wp\/v2\/product\/1052\/revisions"}],"predecessor-version":[{"id":1441,"href":"https:\/\/safetypartners.fi\/kauppa\/wp-json\/wp\/v2\/product\/1052\/revisions\/1441"}],"wp:featuredmedia":[{"embeddable":true,"href":"https:\/\/safetypartners.fi\/kauppa\/wp-json\/wp\/v2\/media\/1054"}],"wp:attachment":[{"href":"https:\/\/safetypartners.fi\/kauppa\/wp-json\/wp\/v2\/media?parent=1052"}],"wp:term":[{"taxonomy":"product_brand","embeddable":true,"href":"https:\/\/safetypartners.fi\/kauppa\/wp-json\/wp\/v2\/product_brand?post=1052"},{"taxonomy":"product_cat","embeddable":true,"href":"https:\/\/safetypartners.fi\/kauppa\/wp-json\/wp\/v2\/product_cat?post=1052"},{"taxonomy":"product_tag","embeddable":true,"href":"https:\/\/safetypartners.fi\/kauppa\/wp-json\/wp\/v2\/product_tag?post=1052"}],"curies":[{"name":"wp","href":"https:\/\/api.w.org\/{rel}","templated":true}]}}