{"id":1055,"date":"2022-09-13T12:06:08","date_gmt":"2022-09-13T09:06:08","guid":{"rendered":"https:\/\/safetypartners.fi\/kauppa\/?post_type=product&#038;p=1055"},"modified":"2026-01-29T13:32:40","modified_gmt":"2026-01-29T11:32:40","slug":"jauhesammutin-6-kg-43a-233b-c","status":"publish","type":"product","link":"https:\/\/safetypartners.fi\/kauppa\/tuote\/jauhesammutin-6-kg-43a-233b-c","title":{"rendered":"Jauhesammutin 6 kg, 43A 233B C"},"content":{"rendered":"<p><b>43A-jauhesammutin sammuttaa palot kaikista materiaaleista:<\/b><br \/>\n&#8211; Orgaaniset materiaalit (paperi, puu, kangas jne.)<br \/>\n&#8211; Palavat nesteet<br \/>\n&#8211; Kaasu<br \/>\n&#8211; S\u00e4hk\u00f6laitteistot 1000V asti<\/p>\n<p><b>K\u00e4ytt\u00f6alueet:<\/b><\/p>\n<ul>\n<li>Talo<\/li>\n<li>Asunto<\/li>\n<li>Vapaa-ajan asunto<\/li>\n<li>Toimisto<\/li>\n<li>Teollisuus<\/li>\n<\/ul>\n<p><b>Teholuokka: <\/b>43A 233B C<br \/>\n<strong>Sammutinmalli<\/strong>: PE6NSR-C<br \/>\nPakkaukseen sis\u00e4ltyy sein\u00e4teline<br \/>\n<strong>Paloluokat<\/strong>: ABC<br \/>\nToimintal\u00e4mp\u00f6tila -30\u00b0C \/ +60\u00b0C<br \/>\n<strong>Sertifiointi<\/strong>: SS-EN3, CE, Wheelmark<br \/>\nDNV:n lisensoima<\/p>\n<p><strong>HUOM<\/strong>: Mik\u00e4li tilaat yhden sammuttimen lis\u00e4ksi jonkin muun tuotteen, tilaus on yleens\u00e4 toimitettava monipakettil\u00e4hetyksen\u00e4. Matkahuollon pakettiautomaattiin ei voi ohjata usean paketin l\u00e4hetyst\u00e4, joten huomioithan t\u00e4m\u00e4n noutopistett\u00e4 valitessasi.<\/p>\n","protected":false},"excerpt":{"rendered":"<p><strong>Next Safety Group 43A-teholuokan jauhesammuttimella<\/strong> alkusammutat kaikentyyppiset palot kotona, m\u00f6kill\u00e4, toimistolla ja teollisuudessa. Kuuden kilon jauhesammutin hy\u00f6dynt\u00e4\u00e4 sammutusaineenaan ABC-jauhetta, joka tehoaa jokaisen palotyypin torjuntaan orgaanisista materiaaleista kaasuihin, palaviin nesteisiin ja s\u00e4hk\u00f6laitteisiin. Sammutin jauheineen kest\u00e4\u00e4 my\u00f6s pakkasia aina -30c asti, ja l\u00e4mp\u00f6\u00e4 +60c asti.<\/p>\n<p><strong>Huom: Kaikki sammuttimemme saapuvat meilt\u00e4 sinulle valmiiksi tarkastettuina.<\/strong><\/p>\n","protected":false},"featured_media":3084,"comment_status":"open","ping_status":"closed","template":"","meta":{"_uag_custom_page_level_css":"","site-sidebar-layout":"default","site-content-layout":"","ast-site-content-layout":"default","site-content-style":"default","site-sidebar-style":"default","ast-global-header-display":"","ast-banner-title-visibility":"","ast-main-header-display":"","ast-hfb-above-header-display":"","ast-hfb-below-header-display":"","ast-hfb-mobile-header-display":"","site-post-title":"","ast-breadcrumbs-content":"","ast-featured-img":"","footer-sml-layout":"","ast-disable-related-posts":"","theme-transparent-header-meta":"default","adv-header-id-meta":"","stick-header-meta":"default","header-above-stick-meta":"","header-main-stick-meta":"","header-below-stick-meta":"","astra-migrate-meta-layouts":"set","ast-page-background-enabled":"default","ast-page-background-meta":{"desktop":{"background-color":"","background-image":"","background-repeat":"repeat","background-position":"center center","background-size":"auto","background-attachment":"scroll","background-type":"","background-media":"","overlay-type":"","overlay-color":"","overlay-opacity":"","overlay-gradient":""},"tablet":{"background-color":"","background-image":"","background-repeat":"repeat","background-position":"center center","background-size":"auto","background-attachment":"scroll","background-type":"","background-media":"","overlay-type":"","overlay-color":"","overlay-opacity":"","overlay-gradient":""},"mobile":{"background-color":"","background-image":"","background-repeat":"repeat","background-position":"center center","background-size":"auto","background-attachment":"scroll","background-type":"","background-media":"","overlay-type":"","overlay-color":"","overlay-opacity":"","overlay-gradient":""}},"ast-content-background-meta":{"desktop":{"background-color":"var(--ast-global-color-5)","background-image":"","background-repeat":"repeat","background-position":"center center","background-size":"auto","background-attachment":"scroll","background-type":"","background-media":"","overlay-type":"","overlay-color":"","overlay-opacity":"","overlay-gradient":""},"tablet":{"background-color":"var(--ast-global-color-5)","background-image":"","background-repeat":"repeat","background-position":"center center","background-size":"auto","background-attachment":"scroll","background-type":"","background-media":"","overlay-type":"","overlay-color":"","overlay-opacity":"","overlay-gradient":""},"mobile":{"background-color":"var(--ast-global-color-5)","background-image":"","background-repeat":"repeat","background-position":"center center","background-size":"auto","background-attachment":"scroll","background-type":"","background-media":"","overlay-type":"","overlay-color":"","overlay-opacity":"","overlay-gradient":""}}},"product_brand":[],"product_cat":[15,30,217],"product_tag":[344,251,248,117,255,252,256,1229,1227,1228,109,1022],"class_list":{"0":"post-1055","1":"product","2":"type-product","3":"status-publish","4":"has-post-thumbnail","6":"product_cat-yleinen","7":"product_cat-paloturvallisuus","8":"product_cat-sammuttimet","9":"product_tag-43a-233b","10":"product_tag-abc","11":"product_tag-jauhesammutin","12":"product_tag-kasisammutin","13":"product_tag-kestaa-pakkasta","14":"product_tag-kuuden-kilon-sammutin","15":"product_tag-letku","16":"product_tag-next-safety-group","17":"product_tag-nsg","18":"product_tag-palosammutin","19":"product_tag-sammutin","20":"product_tag-tarkastettu","21":"product_shipping_class-suomi","22":"desktop-align-center","23":"tablet-align-center","24":"mobile-align-center","25":"ast-product-gallery-layout-horizontal-slider","26":"ast-product-gallery-with-no-image","27":"ast-product-tabs-layout-horizontal","29":"first","30":"instock","31":"taxable","32":"shipping-taxable","33":"purchasable","34":"product-type-simple"},"yoast_head":"<!-- This site is optimized with the Yoast SEO plugin v27.3 - https:\/\/yoast.com\/product\/yoast-seo-wordpress\/ -->\n<title>Jauhesammutin 6 kg, 43A 233B C - Safety Partners<\/title>\n<meta name=\"description\" content=\"43A-teholuokalla alkusammutat kaikentyyppiset palot kotona, m\u00f6kill\u00e4, toimistolla ja teollisuudessa. Sammutin kest\u00e4\u00e4 pakkasia -30c asti, ja l\u00e4mp\u00f6\u00e4 +60c asti.\" \/>\n<meta name=\"robots\" content=\"index, follow, max-snippet:-1, max-image-preview:large, max-video-preview:-1\" \/>\n<link rel=\"canonical\" href=\"https:\/\/safetypartners.fi\/kauppa\/tuote\/jauhesammutin-6-kg-43a-233b-c\" \/>\n<meta property=\"og:locale\" content=\"fi_FI\" \/>\n<meta property=\"og:type\" content=\"article\" \/>\n<meta property=\"og:title\" content=\"Jauhesammutin 6 kg, 43A 233B C - Safety Partners\" \/>\n<meta property=\"og:description\" content=\"43A-teholuokalla alkusammutat kaikentyyppiset palot kotona, m\u00f6kill\u00e4, toimistolla ja teollisuudessa. Sammutin kest\u00e4\u00e4 pakkasia -30c asti, ja l\u00e4mp\u00f6\u00e4 +60c asti.\" \/>\n<meta property=\"og:url\" content=\"https:\/\/safetypartners.fi\/kauppa\/tuote\/jauhesammutin-6-kg-43a-233b-c\" \/>\n<meta property=\"og:site_name\" content=\"Safety Partners\" \/>\n<meta property=\"article:modified_time\" content=\"2026-01-29T11:32:40+00:00\" \/>\n<meta property=\"og:image\" content=\"https:\/\/safetypartners.fi\/kauppa\/wp-content\/uploads\/2022\/09\/NSG-43A-jauhesammutin.webp\" \/>\n\t<meta property=\"og:image:width\" content=\"1000\" \/>\n\t<meta property=\"og:image:height\" content=\"1500\" \/>\n\t<meta property=\"og:image:type\" content=\"image\/webp\" \/>\n<meta name=\"twitter:card\" content=\"summary_large_image\" \/>\n<meta name=\"twitter:label1\" content=\"Arvioitu lukuaika\" \/>\n\t<meta name=\"twitter:data1\" content=\"1 minuutti\" \/>\n<script type=\"application\/ld+json\" class=\"yoast-schema-graph\">{\"@context\":\"https:\\\/\\\/schema.org\",\"@graph\":[{\"@type\":\"WebPage\",\"@id\":\"https:\\\/\\\/safetypartners.fi\\\/kauppa\\\/tuote\\\/jauhesammutin-6-kg-43a-233b-c\",\"url\":\"https:\\\/\\\/safetypartners.fi\\\/kauppa\\\/tuote\\\/jauhesammutin-6-kg-43a-233b-c\",\"name\":\"Jauhesammutin 6 kg, 43A 233B C - Safety Partners\",\"isPartOf\":{\"@id\":\"https:\\\/\\\/safetypartners.fi\\\/kauppa\\\/#website\"},\"primaryImageOfPage\":{\"@id\":\"https:\\\/\\\/safetypartners.fi\\\/kauppa\\\/tuote\\\/jauhesammutin-6-kg-43a-233b-c#primaryimage\"},\"image\":{\"@id\":\"https:\\\/\\\/safetypartners.fi\\\/kauppa\\\/tuote\\\/jauhesammutin-6-kg-43a-233b-c#primaryimage\"},\"thumbnailUrl\":\"https:\\\/\\\/safetypartners.fi\\\/kauppa\\\/wp-content\\\/uploads\\\/2022\\\/09\\\/NSG-43A-jauhesammutin.webp\",\"datePublished\":\"2022-09-13T09:06:08+00:00\",\"dateModified\":\"2026-01-29T11:32:40+00:00\",\"description\":\"43A-teholuokalla alkusammutat kaikentyyppiset palot kotona, m\u00f6kill\u00e4, toimistolla ja teollisuudessa. Sammutin kest\u00e4\u00e4 pakkasia -30c asti, ja l\u00e4mp\u00f6\u00e4 +60c asti.\",\"breadcrumb\":{\"@id\":\"https:\\\/\\\/safetypartners.fi\\\/kauppa\\\/tuote\\\/jauhesammutin-6-kg-43a-233b-c#breadcrumb\"},\"inLanguage\":\"fi\",\"potentialAction\":[{\"@type\":\"ReadAction\",\"target\":[\"https:\\\/\\\/safetypartners.fi\\\/kauppa\\\/tuote\\\/jauhesammutin-6-kg-43a-233b-c\"]}]},{\"@type\":\"ImageObject\",\"inLanguage\":\"fi\",\"@id\":\"https:\\\/\\\/safetypartners.fi\\\/kauppa\\\/tuote\\\/jauhesammutin-6-kg-43a-233b-c#primaryimage\",\"url\":\"https:\\\/\\\/safetypartners.fi\\\/kauppa\\\/wp-content\\\/uploads\\\/2022\\\/09\\\/NSG-43A-jauhesammutin.webp\",\"contentUrl\":\"https:\\\/\\\/safetypartners.fi\\\/kauppa\\\/wp-content\\\/uploads\\\/2022\\\/09\\\/NSG-43A-jauhesammutin.webp\",\"width\":1000,\"height\":1500,\"caption\":\"Next safety group 43A 233B C sammutin\"},{\"@type\":\"BreadcrumbList\",\"@id\":\"https:\\\/\\\/safetypartners.fi\\\/kauppa\\\/tuote\\\/jauhesammutin-6-kg-43a-233b-c#breadcrumb\",\"itemListElement\":[{\"@type\":\"ListItem\",\"position\":1,\"name\":\"Home\",\"item\":\"https:\\\/\\\/safetypartners.fi\\\/kauppa\\\/\"},{\"@type\":\"ListItem\",\"position\":2,\"name\":\"Kauppa\",\"item\":\"https:\\\/\\\/safetypartners.fi\\\/kauppa\\\/kauppa\"},{\"@type\":\"ListItem\",\"position\":3,\"name\":\"Jauhesammutin 6 kg, 43A 233B C\"}]},{\"@type\":\"WebSite\",\"@id\":\"https:\\\/\\\/safetypartners.fi\\\/kauppa\\\/#website\",\"url\":\"https:\\\/\\\/safetypartners.fi\\\/kauppa\\\/\",\"name\":\"Safety Partners\",\"description\":\"Safety Partners turvakauppa palvelee verkossa 24\\\/7!\",\"publisher\":{\"@id\":\"https:\\\/\\\/safetypartners.fi\\\/kauppa\\\/#organization\"},\"potentialAction\":[{\"@type\":\"SearchAction\",\"target\":{\"@type\":\"EntryPoint\",\"urlTemplate\":\"https:\\\/\\\/safetypartners.fi\\\/kauppa\\\/?s={search_term_string}\"},\"query-input\":{\"@type\":\"PropertyValueSpecification\",\"valueRequired\":true,\"valueName\":\"search_term_string\"}}],\"inLanguage\":\"fi\"},{\"@type\":\"Organization\",\"@id\":\"https:\\\/\\\/safetypartners.fi\\\/kauppa\\\/#organization\",\"name\":\"Safety Partners | Suomen Sammutinpalvelu\",\"url\":\"https:\\\/\\\/safetypartners.fi\\\/kauppa\\\/\",\"logo\":{\"@type\":\"ImageObject\",\"inLanguage\":\"fi\",\"@id\":\"https:\\\/\\\/safetypartners.fi\\\/kauppa\\\/#\\\/schema\\\/logo\\\/image\\\/\",\"url\":\"https:\\\/\\\/safetypartners.fi\\\/kauppa\\\/wp-content\\\/uploads\\\/2020\\\/05\\\/cropped-Logoke-1.jpg\",\"contentUrl\":\"https:\\\/\\\/safetypartners.fi\\\/kauppa\\\/wp-content\\\/uploads\\\/2020\\\/05\\\/cropped-Logoke-1.jpg\",\"width\":847,\"height\":717,\"caption\":\"Safety Partners | Suomen Sammutinpalvelu\"},\"image\":{\"@id\":\"https:\\\/\\\/safetypartners.fi\\\/kauppa\\\/#\\\/schema\\\/logo\\\/image\\\/\"}}]}<\/script>\n<!-- \/ Yoast SEO plugin. -->","yoast_head_json":{"title":"Jauhesammutin 6 kg, 43A 233B C - Safety Partners","description":"43A-teholuokalla alkusammutat kaikentyyppiset palot kotona, m\u00f6kill\u00e4, toimistolla ja teollisuudessa. Sammutin kest\u00e4\u00e4 pakkasia -30c asti, ja l\u00e4mp\u00f6\u00e4 +60c asti.","robots":{"index":"index","follow":"follow","max-snippet":"max-snippet:-1","max-image-preview":"max-image-preview:large","max-video-preview":"max-video-preview:-1"},"canonical":"https:\/\/safetypartners.fi\/kauppa\/tuote\/jauhesammutin-6-kg-43a-233b-c","og_locale":"fi_FI","og_type":"article","og_title":"Jauhesammutin 6 kg, 43A 233B C - Safety Partners","og_description":"43A-teholuokalla alkusammutat kaikentyyppiset palot kotona, m\u00f6kill\u00e4, toimistolla ja teollisuudessa. Sammutin kest\u00e4\u00e4 pakkasia -30c asti, ja l\u00e4mp\u00f6\u00e4 +60c asti.","og_url":"https:\/\/safetypartners.fi\/kauppa\/tuote\/jauhesammutin-6-kg-43a-233b-c","og_site_name":"Safety Partners","article_modified_time":"2026-01-29T11:32:40+00:00","og_image":[{"width":1000,"height":1500,"url":"https:\/\/safetypartners.fi\/kauppa\/wp-content\/uploads\/2022\/09\/NSG-43A-jauhesammutin.webp","type":"image\/webp"}],"twitter_card":"summary_large_image","twitter_misc":{"Arvioitu lukuaika":"1 minuutti"},"schema":{"@context":"https:\/\/schema.org","@graph":[{"@type":"WebPage","@id":"https:\/\/safetypartners.fi\/kauppa\/tuote\/jauhesammutin-6-kg-43a-233b-c","url":"https:\/\/safetypartners.fi\/kauppa\/tuote\/jauhesammutin-6-kg-43a-233b-c","name":"Jauhesammutin 6 kg, 43A 233B C - Safety Partners","isPartOf":{"@id":"https:\/\/safetypartners.fi\/kauppa\/#website"},"primaryImageOfPage":{"@id":"https:\/\/safetypartners.fi\/kauppa\/tuote\/jauhesammutin-6-kg-43a-233b-c#primaryimage"},"image":{"@id":"https:\/\/safetypartners.fi\/kauppa\/tuote\/jauhesammutin-6-kg-43a-233b-c#primaryimage"},"thumbnailUrl":"https:\/\/safetypartners.fi\/kauppa\/wp-content\/uploads\/2022\/09\/NSG-43A-jauhesammutin.webp","datePublished":"2022-09-13T09:06:08+00:00","dateModified":"2026-01-29T11:32:40+00:00","description":"43A-teholuokalla alkusammutat kaikentyyppiset palot kotona, m\u00f6kill\u00e4, toimistolla ja teollisuudessa. Sammutin kest\u00e4\u00e4 pakkasia -30c asti, ja l\u00e4mp\u00f6\u00e4 +60c asti.","breadcrumb":{"@id":"https:\/\/safetypartners.fi\/kauppa\/tuote\/jauhesammutin-6-kg-43a-233b-c#breadcrumb"},"inLanguage":"fi","potentialAction":[{"@type":"ReadAction","target":["https:\/\/safetypartners.fi\/kauppa\/tuote\/jauhesammutin-6-kg-43a-233b-c"]}]},{"@type":"ImageObject","inLanguage":"fi","@id":"https:\/\/safetypartners.fi\/kauppa\/tuote\/jauhesammutin-6-kg-43a-233b-c#primaryimage","url":"https:\/\/safetypartners.fi\/kauppa\/wp-content\/uploads\/2022\/09\/NSG-43A-jauhesammutin.webp","contentUrl":"https:\/\/safetypartners.fi\/kauppa\/wp-content\/uploads\/2022\/09\/NSG-43A-jauhesammutin.webp","width":1000,"height":1500,"caption":"Next safety group 43A 233B C sammutin"},{"@type":"BreadcrumbList","@id":"https:\/\/safetypartners.fi\/kauppa\/tuote\/jauhesammutin-6-kg-43a-233b-c#breadcrumb","itemListElement":[{"@type":"ListItem","position":1,"name":"Home","item":"https:\/\/safetypartners.fi\/kauppa\/"},{"@type":"ListItem","position":2,"name":"Kauppa","item":"https:\/\/safetypartners.fi\/kauppa\/kauppa"},{"@type":"ListItem","position":3,"name":"Jauhesammutin 6 kg, 43A 233B C"}]},{"@type":"WebSite","@id":"https:\/\/safetypartners.fi\/kauppa\/#website","url":"https:\/\/safetypartners.fi\/kauppa\/","name":"Safety Partners","description":"Safety Partners turvakauppa palvelee verkossa 24\/7!","publisher":{"@id":"https:\/\/safetypartners.fi\/kauppa\/#organization"},"potentialAction":[{"@type":"SearchAction","target":{"@type":"EntryPoint","urlTemplate":"https:\/\/safetypartners.fi\/kauppa\/?s={search_term_string}"},"query-input":{"@type":"PropertyValueSpecification","valueRequired":true,"valueName":"search_term_string"}}],"inLanguage":"fi"},{"@type":"Organization","@id":"https:\/\/safetypartners.fi\/kauppa\/#organization","name":"Safety Partners | Suomen Sammutinpalvelu","url":"https:\/\/safetypartners.fi\/kauppa\/","logo":{"@type":"ImageObject","inLanguage":"fi","@id":"https:\/\/safetypartners.fi\/kauppa\/#\/schema\/logo\/image\/","url":"https:\/\/safetypartners.fi\/kauppa\/wp-content\/uploads\/2020\/05\/cropped-Logoke-1.jpg","contentUrl":"https:\/\/safetypartners.fi\/kauppa\/wp-content\/uploads\/2020\/05\/cropped-Logoke-1.jpg","width":847,"height":717,"caption":"Safety Partners | Suomen Sammutinpalvelu"},"image":{"@id":"https:\/\/safetypartners.fi\/kauppa\/#\/schema\/logo\/image\/"}}]}},"uagb_featured_image_src":{"full":["https:\/\/safetypartners.fi\/kauppa\/wp-content\/uploads\/2022\/09\/NSG-43A-jauhesammutin.webp",1000,1500,false],"thumbnail":["https:\/\/safetypartners.fi\/kauppa\/wp-content\/uploads\/2022\/09\/NSG-43A-jauhesammutin-150x150.webp",150,150,true],"medium":["https:\/\/safetypartners.fi\/kauppa\/wp-content\/uploads\/2022\/09\/NSG-43A-jauhesammutin-200x300.webp",200,300,true],"medium_large":["https:\/\/safetypartners.fi\/kauppa\/wp-content\/uploads\/2022\/09\/NSG-43A-jauhesammutin-768x1152.webp",768,1152,true],"large":["https:\/\/safetypartners.fi\/kauppa\/wp-content\/uploads\/2022\/09\/NSG-43A-jauhesammutin-683x1024.webp",683,1024,true],"1536x1536":["https:\/\/safetypartners.fi\/kauppa\/wp-content\/uploads\/2022\/09\/NSG-43A-jauhesammutin.webp",1000,1500,false],"2048x2048":["https:\/\/safetypartners.fi\/kauppa\/wp-content\/uploads\/2022\/09\/NSG-43A-jauhesammutin.webp",1000,1500,false],"woocommerce_thumbnail":["https:\/\/safetypartners.fi\/kauppa\/wp-content\/uploads\/2022\/09\/NSG-43A-jauhesammutin-300x300.webp",300,300,true],"woocommerce_single":["https:\/\/safetypartners.fi\/kauppa\/wp-content\/uploads\/2022\/09\/NSG-43A-jauhesammutin-600x900.webp",600,900,true],"woocommerce_gallery_thumbnail":["https:\/\/safetypartners.fi\/kauppa\/wp-content\/uploads\/2022\/09\/NSG-43A-jauhesammutin-100x100.webp",100,100,true]},"uagb_author_info":{"display_name":"Anu Lehto","author_link":"https:\/\/safetypartners.fi\/kauppa\/author"},"uagb_comment_info":0,"uagb_excerpt":"Next Safety Group 43A-teholuokan jauhesammuttimella alkusammutat kaikentyyppiset palot kotona, m\u00f6kill\u00e4, toimistolla ja teollisuudessa. Kuuden kilon jauhesammutin hy\u00f6dynt\u00e4\u00e4 sammutusaineenaan ABC-jauhetta, joka tehoaa jokaisen palotyypin torjuntaan orgaanisista materiaaleista kaasuihin, palaviin nesteisiin ja s\u00e4hk\u00f6laitteisiin. Sammutin jauheineen kest\u00e4\u00e4 my\u00f6s pakkasia aina -30c asti, ja l\u00e4mp\u00f6\u00e4 +60c asti. Huom: Kaikki sammuttimemme saapuvat meilt\u00e4 sinulle valmiiksi tarkastettuina.","_links":{"self":[{"href":"https:\/\/safetypartners.fi\/kauppa\/wp-json\/wp\/v2\/product\/1055","targetHints":{"allow":["GET"]}}],"collection":[{"href":"https:\/\/safetypartners.fi\/kauppa\/wp-json\/wp\/v2\/product"}],"about":[{"href":"https:\/\/safetypartners.fi\/kauppa\/wp-json\/wp\/v2\/types\/product"}],"replies":[{"embeddable":true,"href":"https:\/\/safetypartners.fi\/kauppa\/wp-json\/wp\/v2\/comments?post=1055"}],"version-history":[{"count":5,"href":"https:\/\/safetypartners.fi\/kauppa\/wp-json\/wp\/v2\/product\/1055\/revisions"}],"predecessor-version":[{"id":3085,"href":"https:\/\/safetypartners.fi\/kauppa\/wp-json\/wp\/v2\/product\/1055\/revisions\/3085"}],"wp:featuredmedia":[{"embeddable":true,"href":"https:\/\/safetypartners.fi\/kauppa\/wp-json\/wp\/v2\/media\/3084"}],"wp:attachment":[{"href":"https:\/\/safetypartners.fi\/kauppa\/wp-json\/wp\/v2\/media?parent=1055"}],"wp:term":[{"taxonomy":"product_brand","embeddable":true,"href":"https:\/\/safetypartners.fi\/kauppa\/wp-json\/wp\/v2\/product_brand?post=1055"},{"taxonomy":"product_cat","embeddable":true,"href":"https:\/\/safetypartners.fi\/kauppa\/wp-json\/wp\/v2\/product_cat?post=1055"},{"taxonomy":"product_tag","embeddable":true,"href":"https:\/\/safetypartners.fi\/kauppa\/wp-json\/wp\/v2\/product_tag?post=1055"}],"curies":[{"name":"wp","href":"https:\/\/api.w.org\/{rel}","templated":true}]}}