{"id":1057,"date":"2022-09-13T13:19:45","date_gmt":"2022-09-13T10:19:45","guid":{"rendered":"https:\/\/safetypartners.fi\/kauppa\/?post_type=product&#038;p=1057"},"modified":"2025-11-14T11:50:43","modified_gmt":"2025-11-14T09:50:43","slug":"cgs-rasvapalosammutin-6l-fluoriton-ffe6cr-b","status":"publish","type":"product","link":"https:\/\/safetypartners.fi\/kauppa\/tuote\/cgs-rasvapalosammutin-6l-fluoriton-ffe6cr-b","title":{"rendered":"CGS rasvapalosammutin, 6L fluoriton, FFE6CR-B"},"content":{"rendered":"<p>AF-luokan CGS-rasvapalosammutin soveltuu k\u00e4ytett\u00e4v\u00e4ksi A-luokkien (orgaaniset materiaalit) pikkupalojen sek\u00e4 rasvapalojen sammuttamiseen. Teholuokka 13A 75F. Pakkaukseen sis\u00e4ltyy sein\u00e4teline. Korroosiokest\u00e4v\u00e4 venttiili on valmistettu kromatusta messingist\u00e4 ja varustettu ruostumattomalla ter\u00e4skahvalla. Testiventtiili auttaa paineen testaamisessa.<\/p>\n<p>K\u00e4ytt\u00f6kohteet<\/p>\n<ul>\n<li>Suurkeitti\u00f6ihin, ravintoloihin, hotelleihin<\/li>\n<li>Pikaruokaravintoloihin, kahviloihin<\/li>\n<li>Ruoka\u00f6ljyvarastoille<\/li>\n<li>Julkiselle sektorille<\/li>\n<\/ul>\n<p>Toimintal\u00e4mp\u00f6tila: +0 \u00b0C \/ +60 \u00b0C<\/p>\n<p><strong>Housegard Turvatakuu<\/strong><br \/>\nMik\u00e4li sammuttimesi ostop\u00e4iv\u00e4st\u00e4 on kulunut enint\u00e4\u00e4n 5 vuotta ja joudut onnettomuuteen, joka vaatii sammuttimen k\u00e4ytt\u00f6\u00e4, saat uuden sammuttimen. Rekister\u00f6idy <a href=\"https:\/\/www.housegard.fi\/turvatakuu\">t\u00e4\u00e4ll\u00e4<\/a>.<\/p>\n<p><strong>HUOM<\/strong>: Mik\u00e4li tilaat yhden sammuttimen lis\u00e4ksi muitakin tuotteita, tilaus on yleens\u00e4 toimitettava monipakettil\u00e4hetyksen\u00e4. Matkahuollon pakettiautomaattiin ei voi ohjata usean paketin l\u00e4hetyst\u00e4, joten huomioithan t\u00e4m\u00e4n noutopistett\u00e4 valitessasi.<\/p>\n","protected":false},"excerpt":{"rendered":"<p align=\"justify\"><strong>CGS 6 litran AF-vaahtosammutin <\/strong>on fluoriton alkusammutusv\u00e4line erityisesti F-luokan tulipaloille. Ruoanvalmistuksessa k\u00e4ytetyt \u00f6ljyt vaativat omanlaisensa sammutustehon. T\u00e4m\u00e4 sammutin on suunniteltu keitti\u00f6ihin ja muihin tiloihin, joissa k\u00e4sitell\u00e4\u00e4n rasvakeittimi\u00e4, paistolevyj\u00e4 ja suuria m\u00e4\u00e4ri\u00e4 ruokaa ja ruoka\u00f6ljy\u00e4. Sammutusaine SUN WA F Class sis\u00e4lt\u00e4\u00e4 suoloja, jotka reagoivat kemiallisesti palavan \u00f6ljyn tai rasvan kanssa, muodostaen suojaavan kuoren palavan nesteen p\u00e4\u00e4lle. T\u00e4m\u00e4 prosessi est\u00e4\u00e4 tulelta hapen saannin ja tukahduttaa palon.<\/p>\n<p>CGS-rasvapalosammuttimella voidaan sammuttaa s\u00e4hk\u00f6paloja aina 1000V asti, metrin turvaet\u00e4isyyden p\u00e4\u00e4st\u00e4. CGS-rasvasammutin tehoaa my\u00f6s luokan A-luokan (orgaaniset aineet) alkaviin tulipaloihin. Varsisuutin edesauttaa turvallista sammuttamista et\u00e4\u00e4ll\u00e4 tulesta.<\/p>\n<p>Rasvapalosammutin on tilaustuote, jonka <strong>toimitusaika on arviolta 5-7 ty\u00f6p\u00e4iv\u00e4\u00e4.<\/strong><\/p>\n<p align=\"justify\"><strong>Huom: Kaikki sammuttimemme saapuvat meilt\u00e4 sinulle valmiiksi tarkastettuina.<\/strong><\/p>\n","protected":false},"featured_media":2502,"comment_status":"open","ping_status":"closed","template":"","meta":{"_uag_custom_page_level_css":"","site-sidebar-layout":"default","site-content-layout":"default","ast-site-content-layout":"default","site-content-style":"default","site-sidebar-style":"default","ast-global-header-display":"","ast-banner-title-visibility":"","ast-main-header-display":"","ast-hfb-above-header-display":"","ast-hfb-below-header-display":"","ast-hfb-mobile-header-display":"","site-post-title":"","ast-breadcrumbs-content":"","ast-featured-img":"","footer-sml-layout":"","ast-disable-related-posts":"","theme-transparent-header-meta":"default","adv-header-id-meta":"","stick-header-meta":"default","header-above-stick-meta":"","header-main-stick-meta":"","header-below-stick-meta":"","astra-migrate-meta-layouts":"set","ast-page-background-enabled":"default","ast-page-background-meta":{"desktop":{"background-color":"","background-image":"","background-repeat":"repeat","background-position":"center center","background-size":"auto","background-attachment":"scroll","background-type":"","background-media":"","overlay-type":"","overlay-color":"","overlay-opacity":"","overlay-gradient":""},"tablet":{"background-color":"","background-image":"","background-repeat":"repeat","background-position":"center center","background-size":"auto","background-attachment":"scroll","background-type":"","background-media":"","overlay-type":"","overlay-color":"","overlay-opacity":"","overlay-gradient":""},"mobile":{"background-color":"","background-image":"","background-repeat":"repeat","background-position":"center center","background-size":"auto","background-attachment":"scroll","background-type":"","background-media":"","overlay-type":"","overlay-color":"","overlay-opacity":"","overlay-gradient":""}},"ast-content-background-meta":{"desktop":{"background-color":"var(--ast-global-color-5)","background-image":"","background-repeat":"repeat","background-position":"center center","background-size":"auto","background-attachment":"scroll","background-type":"","background-media":"","overlay-type":"","overlay-color":"","overlay-opacity":"","overlay-gradient":""},"tablet":{"background-color":"var(--ast-global-color-5)","background-image":"","background-repeat":"repeat","background-position":"center center","background-size":"auto","background-attachment":"scroll","background-type":"","background-media":"","overlay-type":"","overlay-color":"","overlay-opacity":"","overlay-gradient":""},"mobile":{"background-color":"var(--ast-global-color-5)","background-image":"","background-repeat":"repeat","background-position":"center center","background-size":"auto","background-attachment":"scroll","background-type":"","background-media":"","overlay-type":"","overlay-color":"","overlay-opacity":"","overlay-gradient":""}}},"product_brand":[],"product_cat":[15,30,217],"product_tag":[384,1082,355,117,444,357,1083,1228,517,522,1085,603,109,1084,1022,108],"class_list":{"0":"post-1057","1":"product","2":"type-product","3":"status-publish","4":"has-post-thumbnail","6":"product_cat-yleinen","7":"product_cat-paloturvallisuus","8":"product_cat-sammuttimet","9":"product_tag-6-litraa","10":"product_tag-af-palot","11":"product_tag-cgs","12":"product_tag-kasisammutin","13":"product_tag-keittioon","14":"product_tag-nestesammutin","15":"product_tag-oljyille","16":"product_tag-palosammutin","17":"product_tag-rasvapalosammutin","18":"product_tag-ravintolaan","19":"product_tag-ruokaoljy","20":"product_tag-sahkopalo","21":"product_tag-sammutin","22":"product_tag-suutin","23":"product_tag-tarkastettu","24":"product_tag-vaahtosammutin","25":"product_shipping_class-suomi","26":"desktop-align-center","27":"tablet-align-center","28":"mobile-align-center","29":"ast-product-gallery-layout-horizontal-slider","30":"ast-product-gallery-with-no-image","31":"ast-product-tabs-layout-horizontal","33":"first","34":"instock","35":"taxable","36":"shipping-taxable","37":"purchasable","38":"product-type-simple"},"yoast_head":"<!-- This site is optimized with the Yoast SEO plugin v27.3 - https:\/\/yoast.com\/product\/yoast-seo-wordpress\/ -->\n<title>CGS rasvapalosammutin, 6L fluoriton, FFE6CR-B - Safety Partners<\/title>\n<meta name=\"description\" content=\"Rasvapalosammutin on ruoka\u00f6ljysammutukseen erikoistunut alkusammutusv\u00e4line, jonka sauvamainen suutin helpottaa sammutusty\u00f6t\u00e4 ja lis\u00e4\u00e4 turvallisuutta.\" \/>\n<meta name=\"robots\" content=\"index, follow, max-snippet:-1, max-image-preview:large, max-video-preview:-1\" \/>\n<link rel=\"canonical\" href=\"https:\/\/safetypartners.fi\/kauppa\/tuote\/cgs-rasvapalosammutin-6l-fluoriton-ffe6cr-b\" \/>\n<meta property=\"og:locale\" content=\"fi_FI\" \/>\n<meta property=\"og:type\" content=\"article\" \/>\n<meta property=\"og:title\" content=\"CGS rasvapalosammutin, 6L fluoriton, FFE6CR-B - Safety Partners\" \/>\n<meta property=\"og:description\" content=\"Rasvapalosammutin on ruoka\u00f6ljysammutukseen erikoistunut alkusammutusv\u00e4line, jonka sauvamainen suutin helpottaa sammutusty\u00f6t\u00e4 ja lis\u00e4\u00e4 turvallisuutta.\" \/>\n<meta property=\"og:url\" content=\"https:\/\/safetypartners.fi\/kauppa\/tuote\/cgs-rasvapalosammutin-6l-fluoriton-ffe6cr-b\" \/>\n<meta property=\"og:site_name\" content=\"Safety Partners\" \/>\n<meta property=\"article:modified_time\" content=\"2025-11-14T09:50:43+00:00\" \/>\n<meta property=\"og:image\" content=\"https:\/\/safetypartners.fi\/kauppa\/wp-content\/uploads\/2022\/09\/CGS-6L-rasvasammuttimet-fluorittomat-punainen-FFE6CR-B.png\" \/>\n\t<meta property=\"og:image:width\" content=\"1000\" \/>\n\t<meta property=\"og:image:height\" content=\"1500\" \/>\n\t<meta property=\"og:image:type\" content=\"image\/png\" \/>\n<meta name=\"twitter:card\" content=\"summary_large_image\" \/>\n<meta name=\"twitter:label1\" content=\"Arvioitu lukuaika\" \/>\n\t<meta name=\"twitter:data1\" content=\"1 minuutti\" \/>\n<script type=\"application\/ld+json\" class=\"yoast-schema-graph\">{\"@context\":\"https:\\\/\\\/schema.org\",\"@graph\":[{\"@type\":\"WebPage\",\"@id\":\"https:\\\/\\\/safetypartners.fi\\\/kauppa\\\/tuote\\\/cgs-rasvapalosammutin-6l-fluoriton-ffe6cr-b\",\"url\":\"https:\\\/\\\/safetypartners.fi\\\/kauppa\\\/tuote\\\/cgs-rasvapalosammutin-6l-fluoriton-ffe6cr-b\",\"name\":\"CGS rasvapalosammutin, 6L fluoriton, FFE6CR-B - Safety Partners\",\"isPartOf\":{\"@id\":\"https:\\\/\\\/safetypartners.fi\\\/kauppa\\\/#website\"},\"primaryImageOfPage\":{\"@id\":\"https:\\\/\\\/safetypartners.fi\\\/kauppa\\\/tuote\\\/cgs-rasvapalosammutin-6l-fluoriton-ffe6cr-b#primaryimage\"},\"image\":{\"@id\":\"https:\\\/\\\/safetypartners.fi\\\/kauppa\\\/tuote\\\/cgs-rasvapalosammutin-6l-fluoriton-ffe6cr-b#primaryimage\"},\"thumbnailUrl\":\"https:\\\/\\\/safetypartners.fi\\\/kauppa\\\/wp-content\\\/uploads\\\/2022\\\/09\\\/CGS-6L-rasvasammuttimet-fluorittomat-punainen-FFE6CR-B.png\",\"datePublished\":\"2022-09-13T10:19:45+00:00\",\"dateModified\":\"2025-11-14T09:50:43+00:00\",\"description\":\"Rasvapalosammutin on ruoka\u00f6ljysammutukseen erikoistunut alkusammutusv\u00e4line, jonka sauvamainen suutin helpottaa sammutusty\u00f6t\u00e4 ja lis\u00e4\u00e4 turvallisuutta.\",\"breadcrumb\":{\"@id\":\"https:\\\/\\\/safetypartners.fi\\\/kauppa\\\/tuote\\\/cgs-rasvapalosammutin-6l-fluoriton-ffe6cr-b#breadcrumb\"},\"inLanguage\":\"fi\",\"potentialAction\":[{\"@type\":\"ReadAction\",\"target\":[\"https:\\\/\\\/safetypartners.fi\\\/kauppa\\\/tuote\\\/cgs-rasvapalosammutin-6l-fluoriton-ffe6cr-b\"]}]},{\"@type\":\"ImageObject\",\"inLanguage\":\"fi\",\"@id\":\"https:\\\/\\\/safetypartners.fi\\\/kauppa\\\/tuote\\\/cgs-rasvapalosammutin-6l-fluoriton-ffe6cr-b#primaryimage\",\"url\":\"https:\\\/\\\/safetypartners.fi\\\/kauppa\\\/wp-content\\\/uploads\\\/2022\\\/09\\\/CGS-6L-rasvasammuttimet-fluorittomat-punainen-FFE6CR-B.png\",\"contentUrl\":\"https:\\\/\\\/safetypartners.fi\\\/kauppa\\\/wp-content\\\/uploads\\\/2022\\\/09\\\/CGS-6L-rasvasammuttimet-fluorittomat-punainen-FFE6CR-B.png\",\"width\":1000,\"height\":1500,\"caption\":\"Ruoka\u00f6ljyj\u00e4 sammuttava fluoriton vaahtosammutin\"},{\"@type\":\"BreadcrumbList\",\"@id\":\"https:\\\/\\\/safetypartners.fi\\\/kauppa\\\/tuote\\\/cgs-rasvapalosammutin-6l-fluoriton-ffe6cr-b#breadcrumb\",\"itemListElement\":[{\"@type\":\"ListItem\",\"position\":1,\"name\":\"Home\",\"item\":\"https:\\\/\\\/safetypartners.fi\\\/kauppa\\\/\"},{\"@type\":\"ListItem\",\"position\":2,\"name\":\"Kauppa\",\"item\":\"https:\\\/\\\/safetypartners.fi\\\/kauppa\\\/kauppa\"},{\"@type\":\"ListItem\",\"position\":3,\"name\":\"CGS rasvapalosammutin, 6L fluoriton, FFE6CR-B\"}]},{\"@type\":\"WebSite\",\"@id\":\"https:\\\/\\\/safetypartners.fi\\\/kauppa\\\/#website\",\"url\":\"https:\\\/\\\/safetypartners.fi\\\/kauppa\\\/\",\"name\":\"Safety Partners\",\"description\":\"Safety Partners turvakauppa palvelee verkossa 24\\\/7!\",\"publisher\":{\"@id\":\"https:\\\/\\\/safetypartners.fi\\\/kauppa\\\/#organization\"},\"potentialAction\":[{\"@type\":\"SearchAction\",\"target\":{\"@type\":\"EntryPoint\",\"urlTemplate\":\"https:\\\/\\\/safetypartners.fi\\\/kauppa\\\/?s={search_term_string}\"},\"query-input\":{\"@type\":\"PropertyValueSpecification\",\"valueRequired\":true,\"valueName\":\"search_term_string\"}}],\"inLanguage\":\"fi\"},{\"@type\":\"Organization\",\"@id\":\"https:\\\/\\\/safetypartners.fi\\\/kauppa\\\/#organization\",\"name\":\"Safety Partners | Suomen Sammutinpalvelu\",\"url\":\"https:\\\/\\\/safetypartners.fi\\\/kauppa\\\/\",\"logo\":{\"@type\":\"ImageObject\",\"inLanguage\":\"fi\",\"@id\":\"https:\\\/\\\/safetypartners.fi\\\/kauppa\\\/#\\\/schema\\\/logo\\\/image\\\/\",\"url\":\"https:\\\/\\\/safetypartners.fi\\\/kauppa\\\/wp-content\\\/uploads\\\/2020\\\/05\\\/cropped-Logoke-1.jpg\",\"contentUrl\":\"https:\\\/\\\/safetypartners.fi\\\/kauppa\\\/wp-content\\\/uploads\\\/2020\\\/05\\\/cropped-Logoke-1.jpg\",\"width\":847,\"height\":717,\"caption\":\"Safety Partners | Suomen Sammutinpalvelu\"},\"image\":{\"@id\":\"https:\\\/\\\/safetypartners.fi\\\/kauppa\\\/#\\\/schema\\\/logo\\\/image\\\/\"}}]}<\/script>\n<!-- \/ Yoast SEO plugin. -->","yoast_head_json":{"title":"CGS rasvapalosammutin, 6L fluoriton, FFE6CR-B - Safety Partners","description":"Rasvapalosammutin on ruoka\u00f6ljysammutukseen erikoistunut alkusammutusv\u00e4line, jonka sauvamainen suutin helpottaa sammutusty\u00f6t\u00e4 ja lis\u00e4\u00e4 turvallisuutta.","robots":{"index":"index","follow":"follow","max-snippet":"max-snippet:-1","max-image-preview":"max-image-preview:large","max-video-preview":"max-video-preview:-1"},"canonical":"https:\/\/safetypartners.fi\/kauppa\/tuote\/cgs-rasvapalosammutin-6l-fluoriton-ffe6cr-b","og_locale":"fi_FI","og_type":"article","og_title":"CGS rasvapalosammutin, 6L fluoriton, FFE6CR-B - Safety Partners","og_description":"Rasvapalosammutin on ruoka\u00f6ljysammutukseen erikoistunut alkusammutusv\u00e4line, jonka sauvamainen suutin helpottaa sammutusty\u00f6t\u00e4 ja lis\u00e4\u00e4 turvallisuutta.","og_url":"https:\/\/safetypartners.fi\/kauppa\/tuote\/cgs-rasvapalosammutin-6l-fluoriton-ffe6cr-b","og_site_name":"Safety Partners","article_modified_time":"2025-11-14T09:50:43+00:00","og_image":[{"width":1000,"height":1500,"url":"https:\/\/safetypartners.fi\/kauppa\/wp-content\/uploads\/2022\/09\/CGS-6L-rasvasammuttimet-fluorittomat-punainen-FFE6CR-B.png","type":"image\/png"}],"twitter_card":"summary_large_image","twitter_misc":{"Arvioitu lukuaika":"1 minuutti"},"schema":{"@context":"https:\/\/schema.org","@graph":[{"@type":"WebPage","@id":"https:\/\/safetypartners.fi\/kauppa\/tuote\/cgs-rasvapalosammutin-6l-fluoriton-ffe6cr-b","url":"https:\/\/safetypartners.fi\/kauppa\/tuote\/cgs-rasvapalosammutin-6l-fluoriton-ffe6cr-b","name":"CGS rasvapalosammutin, 6L fluoriton, FFE6CR-B - Safety Partners","isPartOf":{"@id":"https:\/\/safetypartners.fi\/kauppa\/#website"},"primaryImageOfPage":{"@id":"https:\/\/safetypartners.fi\/kauppa\/tuote\/cgs-rasvapalosammutin-6l-fluoriton-ffe6cr-b#primaryimage"},"image":{"@id":"https:\/\/safetypartners.fi\/kauppa\/tuote\/cgs-rasvapalosammutin-6l-fluoriton-ffe6cr-b#primaryimage"},"thumbnailUrl":"https:\/\/safetypartners.fi\/kauppa\/wp-content\/uploads\/2022\/09\/CGS-6L-rasvasammuttimet-fluorittomat-punainen-FFE6CR-B.png","datePublished":"2022-09-13T10:19:45+00:00","dateModified":"2025-11-14T09:50:43+00:00","description":"Rasvapalosammutin on ruoka\u00f6ljysammutukseen erikoistunut alkusammutusv\u00e4line, jonka sauvamainen suutin helpottaa sammutusty\u00f6t\u00e4 ja lis\u00e4\u00e4 turvallisuutta.","breadcrumb":{"@id":"https:\/\/safetypartners.fi\/kauppa\/tuote\/cgs-rasvapalosammutin-6l-fluoriton-ffe6cr-b#breadcrumb"},"inLanguage":"fi","potentialAction":[{"@type":"ReadAction","target":["https:\/\/safetypartners.fi\/kauppa\/tuote\/cgs-rasvapalosammutin-6l-fluoriton-ffe6cr-b"]}]},{"@type":"ImageObject","inLanguage":"fi","@id":"https:\/\/safetypartners.fi\/kauppa\/tuote\/cgs-rasvapalosammutin-6l-fluoriton-ffe6cr-b#primaryimage","url":"https:\/\/safetypartners.fi\/kauppa\/wp-content\/uploads\/2022\/09\/CGS-6L-rasvasammuttimet-fluorittomat-punainen-FFE6CR-B.png","contentUrl":"https:\/\/safetypartners.fi\/kauppa\/wp-content\/uploads\/2022\/09\/CGS-6L-rasvasammuttimet-fluorittomat-punainen-FFE6CR-B.png","width":1000,"height":1500,"caption":"Ruoka\u00f6ljyj\u00e4 sammuttava fluoriton vaahtosammutin"},{"@type":"BreadcrumbList","@id":"https:\/\/safetypartners.fi\/kauppa\/tuote\/cgs-rasvapalosammutin-6l-fluoriton-ffe6cr-b#breadcrumb","itemListElement":[{"@type":"ListItem","position":1,"name":"Home","item":"https:\/\/safetypartners.fi\/kauppa\/"},{"@type":"ListItem","position":2,"name":"Kauppa","item":"https:\/\/safetypartners.fi\/kauppa\/kauppa"},{"@type":"ListItem","position":3,"name":"CGS rasvapalosammutin, 6L fluoriton, FFE6CR-B"}]},{"@type":"WebSite","@id":"https:\/\/safetypartners.fi\/kauppa\/#website","url":"https:\/\/safetypartners.fi\/kauppa\/","name":"Safety Partners","description":"Safety Partners turvakauppa palvelee verkossa 24\/7!","publisher":{"@id":"https:\/\/safetypartners.fi\/kauppa\/#organization"},"potentialAction":[{"@type":"SearchAction","target":{"@type":"EntryPoint","urlTemplate":"https:\/\/safetypartners.fi\/kauppa\/?s={search_term_string}"},"query-input":{"@type":"PropertyValueSpecification","valueRequired":true,"valueName":"search_term_string"}}],"inLanguage":"fi"},{"@type":"Organization","@id":"https:\/\/safetypartners.fi\/kauppa\/#organization","name":"Safety Partners | Suomen Sammutinpalvelu","url":"https:\/\/safetypartners.fi\/kauppa\/","logo":{"@type":"ImageObject","inLanguage":"fi","@id":"https:\/\/safetypartners.fi\/kauppa\/#\/schema\/logo\/image\/","url":"https:\/\/safetypartners.fi\/kauppa\/wp-content\/uploads\/2020\/05\/cropped-Logoke-1.jpg","contentUrl":"https:\/\/safetypartners.fi\/kauppa\/wp-content\/uploads\/2020\/05\/cropped-Logoke-1.jpg","width":847,"height":717,"caption":"Safety Partners | Suomen Sammutinpalvelu"},"image":{"@id":"https:\/\/safetypartners.fi\/kauppa\/#\/schema\/logo\/image\/"}}]}},"uagb_featured_image_src":{"full":["https:\/\/safetypartners.fi\/kauppa\/wp-content\/uploads\/2022\/09\/CGS-6L-rasvasammuttimet-fluorittomat-punainen-FFE6CR-B.png",1000,1500,false],"thumbnail":["https:\/\/safetypartners.fi\/kauppa\/wp-content\/uploads\/2022\/09\/CGS-6L-rasvasammuttimet-fluorittomat-punainen-FFE6CR-B-150x150.png",150,150,true],"medium":["https:\/\/safetypartners.fi\/kauppa\/wp-content\/uploads\/2022\/09\/CGS-6L-rasvasammuttimet-fluorittomat-punainen-FFE6CR-B-200x300.png",200,300,true],"medium_large":["https:\/\/safetypartners.fi\/kauppa\/wp-content\/uploads\/2022\/09\/CGS-6L-rasvasammuttimet-fluorittomat-punainen-FFE6CR-B-768x1152.png",768,1152,true],"large":["https:\/\/safetypartners.fi\/kauppa\/wp-content\/uploads\/2022\/09\/CGS-6L-rasvasammuttimet-fluorittomat-punainen-FFE6CR-B-683x1024.png",683,1024,true],"1536x1536":["https:\/\/safetypartners.fi\/kauppa\/wp-content\/uploads\/2022\/09\/CGS-6L-rasvasammuttimet-fluorittomat-punainen-FFE6CR-B.png",1000,1500,false],"2048x2048":["https:\/\/safetypartners.fi\/kauppa\/wp-content\/uploads\/2022\/09\/CGS-6L-rasvasammuttimet-fluorittomat-punainen-FFE6CR-B.png",1000,1500,false],"woocommerce_thumbnail":["https:\/\/safetypartners.fi\/kauppa\/wp-content\/uploads\/2022\/09\/CGS-6L-rasvasammuttimet-fluorittomat-punainen-FFE6CR-B-300x300.png",300,300,true],"woocommerce_single":["https:\/\/safetypartners.fi\/kauppa\/wp-content\/uploads\/2022\/09\/CGS-6L-rasvasammuttimet-fluorittomat-punainen-FFE6CR-B-600x900.png",600,900,true],"woocommerce_gallery_thumbnail":["https:\/\/safetypartners.fi\/kauppa\/wp-content\/uploads\/2022\/09\/CGS-6L-rasvasammuttimet-fluorittomat-punainen-FFE6CR-B-100x100.png",100,100,true]},"uagb_author_info":{"display_name":"Anu Lehto","author_link":"https:\/\/safetypartners.fi\/kauppa\/author"},"uagb_comment_info":0,"uagb_excerpt":"CGS 6 litran AF-vaahtosammutin on fluoriton alkusammutusv\u00e4line erityisesti F-luokan tulipaloille. Ruoanvalmistuksessa k\u00e4ytetyt \u00f6ljyt vaativat omanlaisensa sammutustehon. T\u00e4m\u00e4 sammutin on suunniteltu keitti\u00f6ihin ja muihin tiloihin, joissa k\u00e4sitell\u00e4\u00e4n rasvakeittimi\u00e4, paistolevyj\u00e4 ja suuria m\u00e4\u00e4ri\u00e4 ruokaa ja ruoka\u00f6ljy\u00e4. Sammutusaine SUN WA F Class sis\u00e4lt\u00e4\u00e4 suoloja, jotka reagoivat kemiallisesti palavan \u00f6ljyn tai rasvan kanssa, muodostaen suojaavan kuoren palavan nesteen p\u00e4\u00e4lle.&hellip;","_links":{"self":[{"href":"https:\/\/safetypartners.fi\/kauppa\/wp-json\/wp\/v2\/product\/1057","targetHints":{"allow":["GET"]}}],"collection":[{"href":"https:\/\/safetypartners.fi\/kauppa\/wp-json\/wp\/v2\/product"}],"about":[{"href":"https:\/\/safetypartners.fi\/kauppa\/wp-json\/wp\/v2\/types\/product"}],"replies":[{"embeddable":true,"href":"https:\/\/safetypartners.fi\/kauppa\/wp-json\/wp\/v2\/comments?post=1057"}],"version-history":[{"count":7,"href":"https:\/\/safetypartners.fi\/kauppa\/wp-json\/wp\/v2\/product\/1057\/revisions"}],"predecessor-version":[{"id":1059,"href":"https:\/\/safetypartners.fi\/kauppa\/wp-json\/wp\/v2\/product\/1057\/revisions\/1059"}],"wp:featuredmedia":[{"embeddable":true,"href":"https:\/\/safetypartners.fi\/kauppa\/wp-json\/wp\/v2\/media\/2502"}],"wp:attachment":[{"href":"https:\/\/safetypartners.fi\/kauppa\/wp-json\/wp\/v2\/media?parent=1057"}],"wp:term":[{"taxonomy":"product_brand","embeddable":true,"href":"https:\/\/safetypartners.fi\/kauppa\/wp-json\/wp\/v2\/product_brand?post=1057"},{"taxonomy":"product_cat","embeddable":true,"href":"https:\/\/safetypartners.fi\/kauppa\/wp-json\/wp\/v2\/product_cat?post=1057"},{"taxonomy":"product_tag","embeddable":true,"href":"https:\/\/safetypartners.fi\/kauppa\/wp-json\/wp\/v2\/product_tag?post=1057"}],"curies":[{"name":"wp","href":"https:\/\/api.w.org\/{rel}","templated":true}]}}