{"id":1074,"date":"2022-09-14T11:30:58","date_gmt":"2022-09-14T08:30:58","guid":{"rendered":"https:\/\/safetypartners.fi\/kauppa\/?post_type=product&#038;p=1074"},"modified":"2024-10-25T14:17:35","modified_gmt":"2024-10-25T11:17:35","slug":"putoamissuojainpaketti-ekman-fs102-15m","status":"publish","type":"product","link":"https:\/\/safetypartners.fi\/kauppa\/tuote\/putoamissuojainpaketti-ekman-fs102-15m","title":{"rendered":"Putoamissuojainpaketti, Ekman FS102-15M"},"content":{"rendered":"<p>Sis\u00e4lt\u00f6:<\/p>\n<ul>\n<li>selk\u00e4reppu<\/li>\n<li>kokovaljas FS2002<\/li>\n<li>kiinnityspiste rinnassa ja niskassa<\/li>\n<li>liukutarrain + FS670 15 m turvak\u00f6ysi<\/li>\n<li>1 m kiinnitysraksi FS800-1<\/li>\n<\/ul>\n<p>Paketin paino on 4 kg<\/p>\n<p>Hyv\u00e4ksynn\u00e4t: EN 795 B, EN 361 ja EN 353-2<\/p>\n","protected":false},"excerpt":{"rendered":"<p><strong>Fallsafe Ekman FS102-15M -putoamissuojainpaketissa<\/strong> on liukutarraimeen perustuva putoamisen t\u00e4ydellisesti pys\u00e4ytt\u00e4v\u00e4 j\u00e4rjestelm\u00e4. K\u00e4tev\u00e4 reppuun pakattu setti soveltuu useimpiin putoamissuojaimia vaativiin t\u00f6ihin, kuten lumenpudotukseen ja kattot\u00f6ihin. Talonmiehet hy\u00f6tyv\u00e4t my\u00f6s putoamispaketista.<\/p>\n<p>Turvallinen ja riitt\u00e4v\u00e4n toimintas\u00e4teinen (15 m) putoamissuojain sis\u00e4lt\u00e4\u00e4 12 mm ydink\u00f6yden, joka on huomattavasti perinteisi\u00e4 16 mm polyesterik\u00f6ysi\u00e4 kevyempi.<\/p>\n","protected":false},"featured_media":1076,"comment_status":"open","ping_status":"closed","template":"","meta":{"_uag_custom_page_level_css":"","site-sidebar-layout":"default","site-content-layout":"","ast-site-content-layout":"default","site-content-style":"default","site-sidebar-style":"default","ast-global-header-display":"","ast-banner-title-visibility":"","ast-main-header-display":"","ast-hfb-above-header-display":"","ast-hfb-below-header-display":"","ast-hfb-mobile-header-display":"","site-post-title":"","ast-breadcrumbs-content":"","ast-featured-img":"","footer-sml-layout":"","ast-disable-related-posts":"","theme-transparent-header-meta":"default","adv-header-id-meta":"","stick-header-meta":"default","header-above-stick-meta":"","header-main-stick-meta":"","header-below-stick-meta":"","astra-migrate-meta-layouts":"set","ast-page-background-enabled":"default","ast-page-background-meta":{"desktop":{"background-color":"","background-image":"","background-repeat":"repeat","background-position":"center center","background-size":"auto","background-attachment":"scroll","background-type":"","background-media":"","overlay-type":"","overlay-color":"","overlay-opacity":"","overlay-gradient":""},"tablet":{"background-color":"","background-image":"","background-repeat":"repeat","background-position":"center center","background-size":"auto","background-attachment":"scroll","background-type":"","background-media":"","overlay-type":"","overlay-color":"","overlay-opacity":"","overlay-gradient":""},"mobile":{"background-color":"","background-image":"","background-repeat":"repeat","background-position":"center center","background-size":"auto","background-attachment":"scroll","background-type":"","background-media":"","overlay-type":"","overlay-color":"","overlay-opacity":"","overlay-gradient":""}},"ast-content-background-meta":{"desktop":{"background-color":"var(--ast-global-color-5)","background-image":"","background-repeat":"repeat","background-position":"center center","background-size":"auto","background-attachment":"scroll","background-type":"","background-media":"","overlay-type":"","overlay-color":"","overlay-opacity":"","overlay-gradient":""},"tablet":{"background-color":"var(--ast-global-color-5)","background-image":"","background-repeat":"repeat","background-position":"center center","background-size":"auto","background-attachment":"scroll","background-type":"","background-media":"","overlay-type":"","overlay-color":"","overlay-opacity":"","overlay-gradient":""},"mobile":{"background-color":"var(--ast-global-color-5)","background-image":"","background-repeat":"repeat","background-position":"center center","background-size":"auto","background-attachment":"scroll","background-type":"","background-media":"","overlay-type":"","overlay-color":"","overlay-opacity":"","overlay-gradient":""}}},"product_brand":[],"product_cat":[15,44],"product_tag":[530,531,532,538,536,535,537,534,529],"class_list":{"0":"post-1074","1":"product","2":"type-product","3":"status-publish","4":"has-post-thumbnail","6":"product_cat-yleinen","7":"product_cat-tyoturvallisuus","8":"product_tag-ekman","9":"product_tag-fallsafe","10":"product_tag-fs102","11":"product_tag-kattotoihin","12":"product_tag-kevyt-koysi","13":"product_tag-liukutarrain","14":"product_tag-lumenpudotukseen","15":"product_tag-putoamissuojain","16":"product_tag-putoamissuojainpaketti","17":"product_shipping_class-suomi","18":"desktop-align-center","19":"tablet-align-center","20":"mobile-align-center","21":"ast-product-gallery-layout-horizontal-slider","22":"ast-product-gallery-with-no-image","23":"ast-product-tabs-layout-horizontal","25":"first","26":"instock","27":"taxable","28":"shipping-taxable","29":"purchasable","30":"product-type-simple"},"yoast_head":"<!-- This site is optimized with the Yoast SEO plugin v27.3 - https:\/\/yoast.com\/product\/yoast-seo-wordpress\/ -->\n<title>Putoamissuojainpaketti, Ekman FS102-15M - Safety Partners<\/title>\n<meta name=\"description\" content=\"Kattot\u00f6ihin, lumenpudotukseen ja talonmiehille. K\u00e4tev\u00e4 selk\u00e4reppuun pakattu setti turvallisella putoamissuojaimella ja kevyell\u00e4 ydink\u00f6ydell\u00e4.\" \/>\n<meta name=\"robots\" content=\"index, follow, max-snippet:-1, max-image-preview:large, max-video-preview:-1\" \/>\n<link rel=\"canonical\" href=\"https:\/\/safetypartners.fi\/kauppa\/tuote\/putoamissuojainpaketti-ekman-fs102-15m\" \/>\n<meta property=\"og:locale\" content=\"fi_FI\" \/>\n<meta property=\"og:type\" content=\"article\" \/>\n<meta property=\"og:title\" content=\"Putoamissuojainpaketti, Ekman FS102-15M - Safety Partners\" \/>\n<meta property=\"og:description\" content=\"Kattot\u00f6ihin, lumenpudotukseen ja talonmiehille. K\u00e4tev\u00e4 selk\u00e4reppuun pakattu setti turvallisella putoamissuojaimella ja kevyell\u00e4 ydink\u00f6ydell\u00e4.\" \/>\n<meta property=\"og:url\" content=\"https:\/\/safetypartners.fi\/kauppa\/tuote\/putoamissuojainpaketti-ekman-fs102-15m\" \/>\n<meta property=\"og:site_name\" content=\"Safety Partners\" \/>\n<meta property=\"article:modified_time\" content=\"2024-10-25T11:17:35+00:00\" \/>\n<meta property=\"og:image\" content=\"https:\/\/safetypartners.fi\/kauppa\/wp-content\/uploads\/2022\/09\/Putoamissuojainpaketti-Ekman-kauempaa.png\" \/>\n\t<meta property=\"og:image:width\" content=\"741\" \/>\n\t<meta property=\"og:image:height\" content=\"691\" \/>\n\t<meta property=\"og:image:type\" content=\"image\/png\" \/>\n<meta name=\"twitter:card\" content=\"summary_large_image\" \/>\n<meta name=\"twitter:label1\" content=\"Arvioitu lukuaika\" \/>\n\t<meta name=\"twitter:data1\" content=\"1 minuutti\" \/>\n<script type=\"application\/ld+json\" class=\"yoast-schema-graph\">{\"@context\":\"https:\\\/\\\/schema.org\",\"@graph\":[{\"@type\":\"WebPage\",\"@id\":\"https:\\\/\\\/safetypartners.fi\\\/kauppa\\\/tuote\\\/putoamissuojainpaketti-ekman-fs102-15m\",\"url\":\"https:\\\/\\\/safetypartners.fi\\\/kauppa\\\/tuote\\\/putoamissuojainpaketti-ekman-fs102-15m\",\"name\":\"Putoamissuojainpaketti, Ekman FS102-15M - Safety Partners\",\"isPartOf\":{\"@id\":\"https:\\\/\\\/safetypartners.fi\\\/kauppa\\\/#website\"},\"primaryImageOfPage\":{\"@id\":\"https:\\\/\\\/safetypartners.fi\\\/kauppa\\\/tuote\\\/putoamissuojainpaketti-ekman-fs102-15m#primaryimage\"},\"image\":{\"@id\":\"https:\\\/\\\/safetypartners.fi\\\/kauppa\\\/tuote\\\/putoamissuojainpaketti-ekman-fs102-15m#primaryimage\"},\"thumbnailUrl\":\"https:\\\/\\\/safetypartners.fi\\\/kauppa\\\/wp-content\\\/uploads\\\/2022\\\/09\\\/Putoamissuojainpaketti-Ekman-kauempaa.png\",\"datePublished\":\"2022-09-14T08:30:58+00:00\",\"dateModified\":\"2024-10-25T11:17:35+00:00\",\"description\":\"Kattot\u00f6ihin, lumenpudotukseen ja talonmiehille. K\u00e4tev\u00e4 selk\u00e4reppuun pakattu setti turvallisella putoamissuojaimella ja kevyell\u00e4 ydink\u00f6ydell\u00e4.\",\"breadcrumb\":{\"@id\":\"https:\\\/\\\/safetypartners.fi\\\/kauppa\\\/tuote\\\/putoamissuojainpaketti-ekman-fs102-15m#breadcrumb\"},\"inLanguage\":\"fi\",\"potentialAction\":[{\"@type\":\"ReadAction\",\"target\":[\"https:\\\/\\\/safetypartners.fi\\\/kauppa\\\/tuote\\\/putoamissuojainpaketti-ekman-fs102-15m\"]}]},{\"@type\":\"ImageObject\",\"inLanguage\":\"fi\",\"@id\":\"https:\\\/\\\/safetypartners.fi\\\/kauppa\\\/tuote\\\/putoamissuojainpaketti-ekman-fs102-15m#primaryimage\",\"url\":\"https:\\\/\\\/safetypartners.fi\\\/kauppa\\\/wp-content\\\/uploads\\\/2022\\\/09\\\/Putoamissuojainpaketti-Ekman-kauempaa.png\",\"contentUrl\":\"https:\\\/\\\/safetypartners.fi\\\/kauppa\\\/wp-content\\\/uploads\\\/2022\\\/09\\\/Putoamissuojainpaketti-Ekman-kauempaa.png\",\"width\":741,\"height\":691},{\"@type\":\"BreadcrumbList\",\"@id\":\"https:\\\/\\\/safetypartners.fi\\\/kauppa\\\/tuote\\\/putoamissuojainpaketti-ekman-fs102-15m#breadcrumb\",\"itemListElement\":[{\"@type\":\"ListItem\",\"position\":1,\"name\":\"Home\",\"item\":\"https:\\\/\\\/safetypartners.fi\\\/kauppa\\\/\"},{\"@type\":\"ListItem\",\"position\":2,\"name\":\"Kauppa\",\"item\":\"https:\\\/\\\/safetypartners.fi\\\/kauppa\\\/kauppa\"},{\"@type\":\"ListItem\",\"position\":3,\"name\":\"Putoamissuojainpaketti, Ekman FS102-15M\"}]},{\"@type\":\"WebSite\",\"@id\":\"https:\\\/\\\/safetypartners.fi\\\/kauppa\\\/#website\",\"url\":\"https:\\\/\\\/safetypartners.fi\\\/kauppa\\\/\",\"name\":\"Safety Partners\",\"description\":\"Safety Partners turvakauppa palvelee verkossa 24\\\/7!\",\"publisher\":{\"@id\":\"https:\\\/\\\/safetypartners.fi\\\/kauppa\\\/#organization\"},\"potentialAction\":[{\"@type\":\"SearchAction\",\"target\":{\"@type\":\"EntryPoint\",\"urlTemplate\":\"https:\\\/\\\/safetypartners.fi\\\/kauppa\\\/?s={search_term_string}\"},\"query-input\":{\"@type\":\"PropertyValueSpecification\",\"valueRequired\":true,\"valueName\":\"search_term_string\"}}],\"inLanguage\":\"fi\"},{\"@type\":\"Organization\",\"@id\":\"https:\\\/\\\/safetypartners.fi\\\/kauppa\\\/#organization\",\"name\":\"Safety Partners | Suomen Sammutinpalvelu\",\"url\":\"https:\\\/\\\/safetypartners.fi\\\/kauppa\\\/\",\"logo\":{\"@type\":\"ImageObject\",\"inLanguage\":\"fi\",\"@id\":\"https:\\\/\\\/safetypartners.fi\\\/kauppa\\\/#\\\/schema\\\/logo\\\/image\\\/\",\"url\":\"https:\\\/\\\/safetypartners.fi\\\/kauppa\\\/wp-content\\\/uploads\\\/2020\\\/05\\\/cropped-Logoke-1.jpg\",\"contentUrl\":\"https:\\\/\\\/safetypartners.fi\\\/kauppa\\\/wp-content\\\/uploads\\\/2020\\\/05\\\/cropped-Logoke-1.jpg\",\"width\":847,\"height\":717,\"caption\":\"Safety Partners | Suomen Sammutinpalvelu\"},\"image\":{\"@id\":\"https:\\\/\\\/safetypartners.fi\\\/kauppa\\\/#\\\/schema\\\/logo\\\/image\\\/\"}}]}<\/script>\n<!-- \/ Yoast SEO plugin. -->","yoast_head_json":{"title":"Putoamissuojainpaketti, Ekman FS102-15M - Safety Partners","description":"Kattot\u00f6ihin, lumenpudotukseen ja talonmiehille. K\u00e4tev\u00e4 selk\u00e4reppuun pakattu setti turvallisella putoamissuojaimella ja kevyell\u00e4 ydink\u00f6ydell\u00e4.","robots":{"index":"index","follow":"follow","max-snippet":"max-snippet:-1","max-image-preview":"max-image-preview:large","max-video-preview":"max-video-preview:-1"},"canonical":"https:\/\/safetypartners.fi\/kauppa\/tuote\/putoamissuojainpaketti-ekman-fs102-15m","og_locale":"fi_FI","og_type":"article","og_title":"Putoamissuojainpaketti, Ekman FS102-15M - Safety Partners","og_description":"Kattot\u00f6ihin, lumenpudotukseen ja talonmiehille. K\u00e4tev\u00e4 selk\u00e4reppuun pakattu setti turvallisella putoamissuojaimella ja kevyell\u00e4 ydink\u00f6ydell\u00e4.","og_url":"https:\/\/safetypartners.fi\/kauppa\/tuote\/putoamissuojainpaketti-ekman-fs102-15m","og_site_name":"Safety Partners","article_modified_time":"2024-10-25T11:17:35+00:00","og_image":[{"width":741,"height":691,"url":"https:\/\/safetypartners.fi\/kauppa\/wp-content\/uploads\/2022\/09\/Putoamissuojainpaketti-Ekman-kauempaa.png","type":"image\/png"}],"twitter_card":"summary_large_image","twitter_misc":{"Arvioitu lukuaika":"1 minuutti"},"schema":{"@context":"https:\/\/schema.org","@graph":[{"@type":"WebPage","@id":"https:\/\/safetypartners.fi\/kauppa\/tuote\/putoamissuojainpaketti-ekman-fs102-15m","url":"https:\/\/safetypartners.fi\/kauppa\/tuote\/putoamissuojainpaketti-ekman-fs102-15m","name":"Putoamissuojainpaketti, Ekman FS102-15M - Safety Partners","isPartOf":{"@id":"https:\/\/safetypartners.fi\/kauppa\/#website"},"primaryImageOfPage":{"@id":"https:\/\/safetypartners.fi\/kauppa\/tuote\/putoamissuojainpaketti-ekman-fs102-15m#primaryimage"},"image":{"@id":"https:\/\/safetypartners.fi\/kauppa\/tuote\/putoamissuojainpaketti-ekman-fs102-15m#primaryimage"},"thumbnailUrl":"https:\/\/safetypartners.fi\/kauppa\/wp-content\/uploads\/2022\/09\/Putoamissuojainpaketti-Ekman-kauempaa.png","datePublished":"2022-09-14T08:30:58+00:00","dateModified":"2024-10-25T11:17:35+00:00","description":"Kattot\u00f6ihin, lumenpudotukseen ja talonmiehille. K\u00e4tev\u00e4 selk\u00e4reppuun pakattu setti turvallisella putoamissuojaimella ja kevyell\u00e4 ydink\u00f6ydell\u00e4.","breadcrumb":{"@id":"https:\/\/safetypartners.fi\/kauppa\/tuote\/putoamissuojainpaketti-ekman-fs102-15m#breadcrumb"},"inLanguage":"fi","potentialAction":[{"@type":"ReadAction","target":["https:\/\/safetypartners.fi\/kauppa\/tuote\/putoamissuojainpaketti-ekman-fs102-15m"]}]},{"@type":"ImageObject","inLanguage":"fi","@id":"https:\/\/safetypartners.fi\/kauppa\/tuote\/putoamissuojainpaketti-ekman-fs102-15m#primaryimage","url":"https:\/\/safetypartners.fi\/kauppa\/wp-content\/uploads\/2022\/09\/Putoamissuojainpaketti-Ekman-kauempaa.png","contentUrl":"https:\/\/safetypartners.fi\/kauppa\/wp-content\/uploads\/2022\/09\/Putoamissuojainpaketti-Ekman-kauempaa.png","width":741,"height":691},{"@type":"BreadcrumbList","@id":"https:\/\/safetypartners.fi\/kauppa\/tuote\/putoamissuojainpaketti-ekman-fs102-15m#breadcrumb","itemListElement":[{"@type":"ListItem","position":1,"name":"Home","item":"https:\/\/safetypartners.fi\/kauppa\/"},{"@type":"ListItem","position":2,"name":"Kauppa","item":"https:\/\/safetypartners.fi\/kauppa\/kauppa"},{"@type":"ListItem","position":3,"name":"Putoamissuojainpaketti, Ekman FS102-15M"}]},{"@type":"WebSite","@id":"https:\/\/safetypartners.fi\/kauppa\/#website","url":"https:\/\/safetypartners.fi\/kauppa\/","name":"Safety Partners","description":"Safety Partners turvakauppa palvelee verkossa 24\/7!","publisher":{"@id":"https:\/\/safetypartners.fi\/kauppa\/#organization"},"potentialAction":[{"@type":"SearchAction","target":{"@type":"EntryPoint","urlTemplate":"https:\/\/safetypartners.fi\/kauppa\/?s={search_term_string}"},"query-input":{"@type":"PropertyValueSpecification","valueRequired":true,"valueName":"search_term_string"}}],"inLanguage":"fi"},{"@type":"Organization","@id":"https:\/\/safetypartners.fi\/kauppa\/#organization","name":"Safety Partners | Suomen Sammutinpalvelu","url":"https:\/\/safetypartners.fi\/kauppa\/","logo":{"@type":"ImageObject","inLanguage":"fi","@id":"https:\/\/safetypartners.fi\/kauppa\/#\/schema\/logo\/image\/","url":"https:\/\/safetypartners.fi\/kauppa\/wp-content\/uploads\/2020\/05\/cropped-Logoke-1.jpg","contentUrl":"https:\/\/safetypartners.fi\/kauppa\/wp-content\/uploads\/2020\/05\/cropped-Logoke-1.jpg","width":847,"height":717,"caption":"Safety Partners | Suomen Sammutinpalvelu"},"image":{"@id":"https:\/\/safetypartners.fi\/kauppa\/#\/schema\/logo\/image\/"}}]}},"uagb_featured_image_src":{"full":["https:\/\/safetypartners.fi\/kauppa\/wp-content\/uploads\/2022\/09\/Putoamissuojainpaketti-Ekman-kauempaa.png",741,691,false],"thumbnail":["https:\/\/safetypartners.fi\/kauppa\/wp-content\/uploads\/2022\/09\/Putoamissuojainpaketti-Ekman-kauempaa-150x150.png",150,150,true],"medium":["https:\/\/safetypartners.fi\/kauppa\/wp-content\/uploads\/2022\/09\/Putoamissuojainpaketti-Ekman-kauempaa-300x280.png",300,280,true],"medium_large":["https:\/\/safetypartners.fi\/kauppa\/wp-content\/uploads\/2022\/09\/Putoamissuojainpaketti-Ekman-kauempaa.png",741,691,false],"large":["https:\/\/safetypartners.fi\/kauppa\/wp-content\/uploads\/2022\/09\/Putoamissuojainpaketti-Ekman-kauempaa.png",741,691,false],"1536x1536":["https:\/\/safetypartners.fi\/kauppa\/wp-content\/uploads\/2022\/09\/Putoamissuojainpaketti-Ekman-kauempaa.png",741,691,false],"2048x2048":["https:\/\/safetypartners.fi\/kauppa\/wp-content\/uploads\/2022\/09\/Putoamissuojainpaketti-Ekman-kauempaa.png",741,691,false],"woocommerce_thumbnail":["https:\/\/safetypartners.fi\/kauppa\/wp-content\/uploads\/2022\/09\/Putoamissuojainpaketti-Ekman-kauempaa-300x300.png",300,300,true],"woocommerce_single":["https:\/\/safetypartners.fi\/kauppa\/wp-content\/uploads\/2022\/09\/Putoamissuojainpaketti-Ekman-kauempaa-600x560.png",600,560,true],"woocommerce_gallery_thumbnail":["https:\/\/safetypartners.fi\/kauppa\/wp-content\/uploads\/2022\/09\/Putoamissuojainpaketti-Ekman-kauempaa-100x100.png",100,100,true]},"uagb_author_info":{"display_name":"Anu Lehto","author_link":"https:\/\/safetypartners.fi\/kauppa\/author"},"uagb_comment_info":0,"uagb_excerpt":"Fallsafe Ekman FS102-15M -putoamissuojainpaketissa on liukutarraimeen perustuva putoamisen t\u00e4ydellisesti pys\u00e4ytt\u00e4v\u00e4 j\u00e4rjestelm\u00e4. K\u00e4tev\u00e4 reppuun pakattu setti soveltuu useimpiin putoamissuojaimia vaativiin t\u00f6ihin, kuten lumenpudotukseen ja kattot\u00f6ihin. Talonmiehet hy\u00f6tyv\u00e4t my\u00f6s putoamispaketista. Turvallinen ja riitt\u00e4v\u00e4n toimintas\u00e4teinen (15 m) putoamissuojain sis\u00e4lt\u00e4\u00e4 12 mm ydink\u00f6yden, joka on huomattavasti perinteisi\u00e4 16 mm polyesterik\u00f6ysi\u00e4 kevyempi.","_links":{"self":[{"href":"https:\/\/safetypartners.fi\/kauppa\/wp-json\/wp\/v2\/product\/1074","targetHints":{"allow":["GET"]}}],"collection":[{"href":"https:\/\/safetypartners.fi\/kauppa\/wp-json\/wp\/v2\/product"}],"about":[{"href":"https:\/\/safetypartners.fi\/kauppa\/wp-json\/wp\/v2\/types\/product"}],"replies":[{"embeddable":true,"href":"https:\/\/safetypartners.fi\/kauppa\/wp-json\/wp\/v2\/comments?post=1074"}],"version-history":[{"count":1,"href":"https:\/\/safetypartners.fi\/kauppa\/wp-json\/wp\/v2\/product\/1074\/revisions"}],"predecessor-version":[{"id":1436,"href":"https:\/\/safetypartners.fi\/kauppa\/wp-json\/wp\/v2\/product\/1074\/revisions\/1436"}],"wp:featuredmedia":[{"embeddable":true,"href":"https:\/\/safetypartners.fi\/kauppa\/wp-json\/wp\/v2\/media\/1076"}],"wp:attachment":[{"href":"https:\/\/safetypartners.fi\/kauppa\/wp-json\/wp\/v2\/media?parent=1074"}],"wp:term":[{"taxonomy":"product_brand","embeddable":true,"href":"https:\/\/safetypartners.fi\/kauppa\/wp-json\/wp\/v2\/product_brand?post=1074"},{"taxonomy":"product_cat","embeddable":true,"href":"https:\/\/safetypartners.fi\/kauppa\/wp-json\/wp\/v2\/product_cat?post=1074"},{"taxonomy":"product_tag","embeddable":true,"href":"https:\/\/safetypartners.fi\/kauppa\/wp-json\/wp\/v2\/product_tag?post=1074"}],"curies":[{"name":"wp","href":"https:\/\/api.w.org\/{rel}","templated":true}]}}