{"id":1080,"date":"2022-09-15T10:12:18","date_gmt":"2022-09-15T07:12:18","guid":{"rendered":"https:\/\/safetypartners.fi\/kauppa\/?post_type=product&#038;p=1080"},"modified":"2024-10-25T14:19:35","modified_gmt":"2024-10-25T11:19:35","slug":"fallsafe-ekman-turvavaljaat-pikasolkimella-fs2025","status":"publish","type":"product","link":"https:\/\/safetypartners.fi\/kauppa\/tuote\/fallsafe-ekman-turvavaljaat-pikasolkimella-fs2025","title":{"rendered":"Fallsafe Ekman turvavaljaat pikasolkimella, FS2025"},"content":{"rendered":"<p>Tuotteen QR-koodin avulla voit rekister\u00f6id\u00e4 valjaat FallSafen kehitt\u00e4m\u00e4\u00e4n putoamissuojainsovellukseen (Fall Safe Inspector\u00ae). Sovellus mahdollistaa mm. tallentamisen ja turvallisuustarkastuksien tietojen s\u00e4ilytt\u00e4misen sek\u00e4 tuotetietoja.<\/p>\n<p>Myyty koko on L\/XL. Ota meihin yhteytt\u00e4, mik\u00e4li haluat XXL-kokoiset turvavaljaat.<\/p>\n<p>Tukivy\u00f6 FS090 voidaan voidaan liitt\u00e4\u00e4 lis\u00e4varusteena valjaisiin. Mik\u00e4li sinulla on tarvetta tukivy\u00f6lle, olethan meihin yhteyksiss\u00e4.<\/p>\n<p>Hyv\u00e4ksynt\u00e4 CE EN 361<\/p>\n","protected":false},"excerpt":{"rendered":"<p><strong>Kevytrakenteisissa Fallsafe Ekman FS2025 -turvavaljaissa<\/strong> on kiinnityspisteet sek\u00e4 edess\u00e4 ett\u00e4 takana putoamisen pys\u00e4ytt\u00e4v\u00e4\u00e4n j\u00e4rjestelm\u00e4\u00e4n kiinnittymist\u00e4 varten. Mukavak\u00e4ytt\u00f6iset valjaat on varustettu pehmusteilla yl\u00e4sel\u00e4ss\u00e4, harteilla ja jaloissa. Pikasoljet ja kaksiv\u00e4rinen malli helpottavat pukemista. Valjaat s\u00e4\u00e4det\u00e4\u00e4n k\u00e4ytt\u00e4j\u00e4lleen sopiviksi rintahihnan ja jalkalenkkien avulla.<\/p>\n<p>Metalliosat ovat ter\u00e4st\u00e4.<\/p>\n","protected":false},"featured_media":1081,"comment_status":"open","ping_status":"closed","template":"","meta":{"_uag_custom_page_level_css":"","site-sidebar-layout":"default","site-content-layout":"default","ast-site-content-layout":"default","site-content-style":"default","site-sidebar-style":"default","ast-global-header-display":"","ast-banner-title-visibility":"","ast-main-header-display":"","ast-hfb-above-header-display":"","ast-hfb-below-header-display":"","ast-hfb-mobile-header-display":"","site-post-title":"","ast-breadcrumbs-content":"","ast-featured-img":"","footer-sml-layout":"","ast-disable-related-posts":"","theme-transparent-header-meta":"default","adv-header-id-meta":"","stick-header-meta":"default","header-above-stick-meta":"","header-main-stick-meta":"","header-below-stick-meta":"","astra-migrate-meta-layouts":"set","ast-page-background-enabled":"default","ast-page-background-meta":{"desktop":{"background-color":"","background-image":"","background-repeat":"repeat","background-position":"center center","background-size":"auto","background-attachment":"scroll","background-type":"","background-media":"","overlay-type":"","overlay-color":"","overlay-opacity":"","overlay-gradient":""},"tablet":{"background-color":"","background-image":"","background-repeat":"repeat","background-position":"center center","background-size":"auto","background-attachment":"scroll","background-type":"","background-media":"","overlay-type":"","overlay-color":"","overlay-opacity":"","overlay-gradient":""},"mobile":{"background-color":"","background-image":"","background-repeat":"repeat","background-position":"center center","background-size":"auto","background-attachment":"scroll","background-type":"","background-media":"","overlay-type":"","overlay-color":"","overlay-opacity":"","overlay-gradient":""}},"ast-content-background-meta":{"desktop":{"background-color":"var(--ast-global-color-5)","background-image":"","background-repeat":"repeat","background-position":"center center","background-size":"auto","background-attachment":"scroll","background-type":"","background-media":"","overlay-type":"","overlay-color":"","overlay-opacity":"","overlay-gradient":""},"tablet":{"background-color":"var(--ast-global-color-5)","background-image":"","background-repeat":"repeat","background-position":"center center","background-size":"auto","background-attachment":"scroll","background-type":"","background-media":"","overlay-type":"","overlay-color":"","overlay-opacity":"","overlay-gradient":""},"mobile":{"background-color":"var(--ast-global-color-5)","background-image":"","background-repeat":"repeat","background-position":"center center","background-size":"auto","background-attachment":"scroll","background-type":"","background-media":"","overlay-type":"","overlay-color":"","overlay-opacity":"","overlay-gradient":""}}},"product_brand":[],"product_cat":[15,44],"product_tag":[530,531,540,538,534,590],"class_list":{"0":"post-1080","1":"product","2":"type-product","3":"status-publish","4":"has-post-thumbnail","6":"product_cat-yleinen","7":"product_cat-tyoturvallisuus","8":"product_tag-ekman","9":"product_tag-fallsafe","10":"product_tag-fs2025","11":"product_tag-kattotoihin","12":"product_tag-putoamissuojain","13":"product_tag-turvavaljaat","14":"product_shipping_class-suomi","15":"desktop-align-center","16":"tablet-align-center","17":"mobile-align-center","18":"ast-product-gallery-layout-horizontal-slider","19":"ast-product-gallery-with-no-image","20":"ast-product-tabs-layout-horizontal","22":"first","23":"instock","24":"taxable","25":"shipping-taxable","26":"purchasable","27":"product-type-simple"},"yoast_head":"<!-- This site is optimized with the Yoast SEO plugin v27.3 - https:\/\/yoast.com\/product\/yoast-seo-wordpress\/ -->\n<title>Fallsafe Ekman turvavaljaat pikasolkimella, FS2025 - Safety Partners<\/title>\n<meta name=\"description\" content=\"Mukavak\u00e4ytt\u00f6iset, kevyet turvavaljaat on varustettu pehmusteilla. Valjaat voidaan rekister\u00f6id\u00e4 FallSafe-putoamissuojainsovellukseen.\" \/>\n<meta name=\"robots\" content=\"index, follow, max-snippet:-1, max-image-preview:large, max-video-preview:-1\" \/>\n<link rel=\"canonical\" href=\"https:\/\/safetypartners.fi\/kauppa\/tuote\/fallsafe-ekman-turvavaljaat-pikasolkimella-fs2025\" \/>\n<meta property=\"og:locale\" content=\"fi_FI\" \/>\n<meta property=\"og:type\" content=\"article\" \/>\n<meta property=\"og:title\" content=\"Fallsafe Ekman turvavaljaat pikasolkimella, FS2025 - Safety Partners\" \/>\n<meta property=\"og:description\" content=\"Mukavak\u00e4ytt\u00f6iset, kevyet turvavaljaat on varustettu pehmusteilla. Valjaat voidaan rekister\u00f6id\u00e4 FallSafe-putoamissuojainsovellukseen.\" \/>\n<meta property=\"og:url\" content=\"https:\/\/safetypartners.fi\/kauppa\/tuote\/fallsafe-ekman-turvavaljaat-pikasolkimella-fs2025\" \/>\n<meta property=\"og:site_name\" content=\"Safety Partners\" \/>\n<meta property=\"article:modified_time\" content=\"2024-10-25T11:19:35+00:00\" \/>\n<meta property=\"og:image\" content=\"https:\/\/safetypartners.fi\/kauppa\/wp-content\/uploads\/2022\/09\/139-FALLSAFE-Ekman-FS2025.png\" \/>\n\t<meta property=\"og:image:width\" content=\"963\" \/>\n\t<meta property=\"og:image:height\" content=\"835\" \/>\n\t<meta property=\"og:image:type\" content=\"image\/png\" \/>\n<meta name=\"twitter:card\" content=\"summary_large_image\" \/>\n<meta name=\"twitter:label1\" content=\"Arvioitu lukuaika\" \/>\n\t<meta name=\"twitter:data1\" content=\"1 minuutti\" \/>\n<script type=\"application\/ld+json\" class=\"yoast-schema-graph\">{\"@context\":\"https:\\\/\\\/schema.org\",\"@graph\":[{\"@type\":\"WebPage\",\"@id\":\"https:\\\/\\\/safetypartners.fi\\\/kauppa\\\/tuote\\\/fallsafe-ekman-turvavaljaat-pikasolkimella-fs2025\",\"url\":\"https:\\\/\\\/safetypartners.fi\\\/kauppa\\\/tuote\\\/fallsafe-ekman-turvavaljaat-pikasolkimella-fs2025\",\"name\":\"Fallsafe Ekman turvavaljaat pikasolkimella, FS2025 - Safety Partners\",\"isPartOf\":{\"@id\":\"https:\\\/\\\/safetypartners.fi\\\/kauppa\\\/#website\"},\"primaryImageOfPage\":{\"@id\":\"https:\\\/\\\/safetypartners.fi\\\/kauppa\\\/tuote\\\/fallsafe-ekman-turvavaljaat-pikasolkimella-fs2025#primaryimage\"},\"image\":{\"@id\":\"https:\\\/\\\/safetypartners.fi\\\/kauppa\\\/tuote\\\/fallsafe-ekman-turvavaljaat-pikasolkimella-fs2025#primaryimage\"},\"thumbnailUrl\":\"https:\\\/\\\/safetypartners.fi\\\/kauppa\\\/wp-content\\\/uploads\\\/2022\\\/09\\\/139-FALLSAFE-Ekman-FS2025.png\",\"datePublished\":\"2022-09-15T07:12:18+00:00\",\"dateModified\":\"2024-10-25T11:19:35+00:00\",\"description\":\"Mukavak\u00e4ytt\u00f6iset, kevyet turvavaljaat on varustettu pehmusteilla. Valjaat voidaan rekister\u00f6id\u00e4 FallSafe-putoamissuojainsovellukseen.\",\"breadcrumb\":{\"@id\":\"https:\\\/\\\/safetypartners.fi\\\/kauppa\\\/tuote\\\/fallsafe-ekman-turvavaljaat-pikasolkimella-fs2025#breadcrumb\"},\"inLanguage\":\"fi\",\"potentialAction\":[{\"@type\":\"ReadAction\",\"target\":[\"https:\\\/\\\/safetypartners.fi\\\/kauppa\\\/tuote\\\/fallsafe-ekman-turvavaljaat-pikasolkimella-fs2025\"]}]},{\"@type\":\"ImageObject\",\"inLanguage\":\"fi\",\"@id\":\"https:\\\/\\\/safetypartners.fi\\\/kauppa\\\/tuote\\\/fallsafe-ekman-turvavaljaat-pikasolkimella-fs2025#primaryimage\",\"url\":\"https:\\\/\\\/safetypartners.fi\\\/kauppa\\\/wp-content\\\/uploads\\\/2022\\\/09\\\/139-FALLSAFE-Ekman-FS2025.png\",\"contentUrl\":\"https:\\\/\\\/safetypartners.fi\\\/kauppa\\\/wp-content\\\/uploads\\\/2022\\\/09\\\/139-FALLSAFE-Ekman-FS2025.png\",\"width\":963,\"height\":835},{\"@type\":\"BreadcrumbList\",\"@id\":\"https:\\\/\\\/safetypartners.fi\\\/kauppa\\\/tuote\\\/fallsafe-ekman-turvavaljaat-pikasolkimella-fs2025#breadcrumb\",\"itemListElement\":[{\"@type\":\"ListItem\",\"position\":1,\"name\":\"Home\",\"item\":\"https:\\\/\\\/safetypartners.fi\\\/kauppa\\\/\"},{\"@type\":\"ListItem\",\"position\":2,\"name\":\"Kauppa\",\"item\":\"https:\\\/\\\/safetypartners.fi\\\/kauppa\\\/kauppa\"},{\"@type\":\"ListItem\",\"position\":3,\"name\":\"Fallsafe Ekman turvavaljaat pikasolkimella, FS2025\"}]},{\"@type\":\"WebSite\",\"@id\":\"https:\\\/\\\/safetypartners.fi\\\/kauppa\\\/#website\",\"url\":\"https:\\\/\\\/safetypartners.fi\\\/kauppa\\\/\",\"name\":\"Safety Partners\",\"description\":\"Safety Partners turvakauppa palvelee verkossa 24\\\/7!\",\"publisher\":{\"@id\":\"https:\\\/\\\/safetypartners.fi\\\/kauppa\\\/#organization\"},\"potentialAction\":[{\"@type\":\"SearchAction\",\"target\":{\"@type\":\"EntryPoint\",\"urlTemplate\":\"https:\\\/\\\/safetypartners.fi\\\/kauppa\\\/?s={search_term_string}\"},\"query-input\":{\"@type\":\"PropertyValueSpecification\",\"valueRequired\":true,\"valueName\":\"search_term_string\"}}],\"inLanguage\":\"fi\"},{\"@type\":\"Organization\",\"@id\":\"https:\\\/\\\/safetypartners.fi\\\/kauppa\\\/#organization\",\"name\":\"Safety Partners | Suomen Sammutinpalvelu\",\"url\":\"https:\\\/\\\/safetypartners.fi\\\/kauppa\\\/\",\"logo\":{\"@type\":\"ImageObject\",\"inLanguage\":\"fi\",\"@id\":\"https:\\\/\\\/safetypartners.fi\\\/kauppa\\\/#\\\/schema\\\/logo\\\/image\\\/\",\"url\":\"https:\\\/\\\/safetypartners.fi\\\/kauppa\\\/wp-content\\\/uploads\\\/2020\\\/05\\\/cropped-Logoke-1.jpg\",\"contentUrl\":\"https:\\\/\\\/safetypartners.fi\\\/kauppa\\\/wp-content\\\/uploads\\\/2020\\\/05\\\/cropped-Logoke-1.jpg\",\"width\":847,\"height\":717,\"caption\":\"Safety Partners | Suomen Sammutinpalvelu\"},\"image\":{\"@id\":\"https:\\\/\\\/safetypartners.fi\\\/kauppa\\\/#\\\/schema\\\/logo\\\/image\\\/\"}}]}<\/script>\n<!-- \/ Yoast SEO plugin. -->","yoast_head_json":{"title":"Fallsafe Ekman turvavaljaat pikasolkimella, FS2025 - Safety Partners","description":"Mukavak\u00e4ytt\u00f6iset, kevyet turvavaljaat on varustettu pehmusteilla. Valjaat voidaan rekister\u00f6id\u00e4 FallSafe-putoamissuojainsovellukseen.","robots":{"index":"index","follow":"follow","max-snippet":"max-snippet:-1","max-image-preview":"max-image-preview:large","max-video-preview":"max-video-preview:-1"},"canonical":"https:\/\/safetypartners.fi\/kauppa\/tuote\/fallsafe-ekman-turvavaljaat-pikasolkimella-fs2025","og_locale":"fi_FI","og_type":"article","og_title":"Fallsafe Ekman turvavaljaat pikasolkimella, FS2025 - Safety Partners","og_description":"Mukavak\u00e4ytt\u00f6iset, kevyet turvavaljaat on varustettu pehmusteilla. Valjaat voidaan rekister\u00f6id\u00e4 FallSafe-putoamissuojainsovellukseen.","og_url":"https:\/\/safetypartners.fi\/kauppa\/tuote\/fallsafe-ekman-turvavaljaat-pikasolkimella-fs2025","og_site_name":"Safety Partners","article_modified_time":"2024-10-25T11:19:35+00:00","og_image":[{"width":963,"height":835,"url":"https:\/\/safetypartners.fi\/kauppa\/wp-content\/uploads\/2022\/09\/139-FALLSAFE-Ekman-FS2025.png","type":"image\/png"}],"twitter_card":"summary_large_image","twitter_misc":{"Arvioitu lukuaika":"1 minuutti"},"schema":{"@context":"https:\/\/schema.org","@graph":[{"@type":"WebPage","@id":"https:\/\/safetypartners.fi\/kauppa\/tuote\/fallsafe-ekman-turvavaljaat-pikasolkimella-fs2025","url":"https:\/\/safetypartners.fi\/kauppa\/tuote\/fallsafe-ekman-turvavaljaat-pikasolkimella-fs2025","name":"Fallsafe Ekman turvavaljaat pikasolkimella, FS2025 - Safety Partners","isPartOf":{"@id":"https:\/\/safetypartners.fi\/kauppa\/#website"},"primaryImageOfPage":{"@id":"https:\/\/safetypartners.fi\/kauppa\/tuote\/fallsafe-ekman-turvavaljaat-pikasolkimella-fs2025#primaryimage"},"image":{"@id":"https:\/\/safetypartners.fi\/kauppa\/tuote\/fallsafe-ekman-turvavaljaat-pikasolkimella-fs2025#primaryimage"},"thumbnailUrl":"https:\/\/safetypartners.fi\/kauppa\/wp-content\/uploads\/2022\/09\/139-FALLSAFE-Ekman-FS2025.png","datePublished":"2022-09-15T07:12:18+00:00","dateModified":"2024-10-25T11:19:35+00:00","description":"Mukavak\u00e4ytt\u00f6iset, kevyet turvavaljaat on varustettu pehmusteilla. Valjaat voidaan rekister\u00f6id\u00e4 FallSafe-putoamissuojainsovellukseen.","breadcrumb":{"@id":"https:\/\/safetypartners.fi\/kauppa\/tuote\/fallsafe-ekman-turvavaljaat-pikasolkimella-fs2025#breadcrumb"},"inLanguage":"fi","potentialAction":[{"@type":"ReadAction","target":["https:\/\/safetypartners.fi\/kauppa\/tuote\/fallsafe-ekman-turvavaljaat-pikasolkimella-fs2025"]}]},{"@type":"ImageObject","inLanguage":"fi","@id":"https:\/\/safetypartners.fi\/kauppa\/tuote\/fallsafe-ekman-turvavaljaat-pikasolkimella-fs2025#primaryimage","url":"https:\/\/safetypartners.fi\/kauppa\/wp-content\/uploads\/2022\/09\/139-FALLSAFE-Ekman-FS2025.png","contentUrl":"https:\/\/safetypartners.fi\/kauppa\/wp-content\/uploads\/2022\/09\/139-FALLSAFE-Ekman-FS2025.png","width":963,"height":835},{"@type":"BreadcrumbList","@id":"https:\/\/safetypartners.fi\/kauppa\/tuote\/fallsafe-ekman-turvavaljaat-pikasolkimella-fs2025#breadcrumb","itemListElement":[{"@type":"ListItem","position":1,"name":"Home","item":"https:\/\/safetypartners.fi\/kauppa\/"},{"@type":"ListItem","position":2,"name":"Kauppa","item":"https:\/\/safetypartners.fi\/kauppa\/kauppa"},{"@type":"ListItem","position":3,"name":"Fallsafe Ekman turvavaljaat pikasolkimella, FS2025"}]},{"@type":"WebSite","@id":"https:\/\/safetypartners.fi\/kauppa\/#website","url":"https:\/\/safetypartners.fi\/kauppa\/","name":"Safety Partners","description":"Safety Partners turvakauppa palvelee verkossa 24\/7!","publisher":{"@id":"https:\/\/safetypartners.fi\/kauppa\/#organization"},"potentialAction":[{"@type":"SearchAction","target":{"@type":"EntryPoint","urlTemplate":"https:\/\/safetypartners.fi\/kauppa\/?s={search_term_string}"},"query-input":{"@type":"PropertyValueSpecification","valueRequired":true,"valueName":"search_term_string"}}],"inLanguage":"fi"},{"@type":"Organization","@id":"https:\/\/safetypartners.fi\/kauppa\/#organization","name":"Safety Partners | Suomen Sammutinpalvelu","url":"https:\/\/safetypartners.fi\/kauppa\/","logo":{"@type":"ImageObject","inLanguage":"fi","@id":"https:\/\/safetypartners.fi\/kauppa\/#\/schema\/logo\/image\/","url":"https:\/\/safetypartners.fi\/kauppa\/wp-content\/uploads\/2020\/05\/cropped-Logoke-1.jpg","contentUrl":"https:\/\/safetypartners.fi\/kauppa\/wp-content\/uploads\/2020\/05\/cropped-Logoke-1.jpg","width":847,"height":717,"caption":"Safety Partners | Suomen Sammutinpalvelu"},"image":{"@id":"https:\/\/safetypartners.fi\/kauppa\/#\/schema\/logo\/image\/"}}]}},"uagb_featured_image_src":{"full":["https:\/\/safetypartners.fi\/kauppa\/wp-content\/uploads\/2022\/09\/139-FALLSAFE-Ekman-FS2025.png",963,835,false],"thumbnail":["https:\/\/safetypartners.fi\/kauppa\/wp-content\/uploads\/2022\/09\/139-FALLSAFE-Ekman-FS2025-150x150.png",150,150,true],"medium":["https:\/\/safetypartners.fi\/kauppa\/wp-content\/uploads\/2022\/09\/139-FALLSAFE-Ekman-FS2025-300x260.png",300,260,true],"medium_large":["https:\/\/safetypartners.fi\/kauppa\/wp-content\/uploads\/2022\/09\/139-FALLSAFE-Ekman-FS2025-768x666.png",768,666,true],"large":["https:\/\/safetypartners.fi\/kauppa\/wp-content\/uploads\/2022\/09\/139-FALLSAFE-Ekman-FS2025.png",963,835,false],"1536x1536":["https:\/\/safetypartners.fi\/kauppa\/wp-content\/uploads\/2022\/09\/139-FALLSAFE-Ekman-FS2025.png",963,835,false],"2048x2048":["https:\/\/safetypartners.fi\/kauppa\/wp-content\/uploads\/2022\/09\/139-FALLSAFE-Ekman-FS2025.png",963,835,false],"woocommerce_thumbnail":["https:\/\/safetypartners.fi\/kauppa\/wp-content\/uploads\/2022\/09\/139-FALLSAFE-Ekman-FS2025-300x300.png",300,300,true],"woocommerce_single":["https:\/\/safetypartners.fi\/kauppa\/wp-content\/uploads\/2022\/09\/139-FALLSAFE-Ekman-FS2025-600x520.png",600,520,true],"woocommerce_gallery_thumbnail":["https:\/\/safetypartners.fi\/kauppa\/wp-content\/uploads\/2022\/09\/139-FALLSAFE-Ekman-FS2025-100x100.png",100,100,true]},"uagb_author_info":{"display_name":"Anu Lehto","author_link":"https:\/\/safetypartners.fi\/kauppa\/author"},"uagb_comment_info":0,"uagb_excerpt":"Kevytrakenteisissa Fallsafe Ekman FS2025 -turvavaljaissa on kiinnityspisteet sek\u00e4 edess\u00e4 ett\u00e4 takana putoamisen pys\u00e4ytt\u00e4v\u00e4\u00e4n j\u00e4rjestelm\u00e4\u00e4n kiinnittymist\u00e4 varten. Mukavak\u00e4ytt\u00f6iset valjaat on varustettu pehmusteilla yl\u00e4sel\u00e4ss\u00e4, harteilla ja jaloissa. Pikasoljet ja kaksiv\u00e4rinen malli helpottavat pukemista. Valjaat s\u00e4\u00e4det\u00e4\u00e4n k\u00e4ytt\u00e4j\u00e4lleen sopiviksi rintahihnan ja jalkalenkkien avulla. Metalliosat ovat ter\u00e4st\u00e4.","_links":{"self":[{"href":"https:\/\/safetypartners.fi\/kauppa\/wp-json\/wp\/v2\/product\/1080","targetHints":{"allow":["GET"]}}],"collection":[{"href":"https:\/\/safetypartners.fi\/kauppa\/wp-json\/wp\/v2\/product"}],"about":[{"href":"https:\/\/safetypartners.fi\/kauppa\/wp-json\/wp\/v2\/types\/product"}],"replies":[{"embeddable":true,"href":"https:\/\/safetypartners.fi\/kauppa\/wp-json\/wp\/v2\/comments?post=1080"}],"version-history":[{"count":2,"href":"https:\/\/safetypartners.fi\/kauppa\/wp-json\/wp\/v2\/product\/1080\/revisions"}],"predecessor-version":[{"id":2257,"href":"https:\/\/safetypartners.fi\/kauppa\/wp-json\/wp\/v2\/product\/1080\/revisions\/2257"}],"wp:featuredmedia":[{"embeddable":true,"href":"https:\/\/safetypartners.fi\/kauppa\/wp-json\/wp\/v2\/media\/1081"}],"wp:attachment":[{"href":"https:\/\/safetypartners.fi\/kauppa\/wp-json\/wp\/v2\/media?parent=1080"}],"wp:term":[{"taxonomy":"product_brand","embeddable":true,"href":"https:\/\/safetypartners.fi\/kauppa\/wp-json\/wp\/v2\/product_brand?post=1080"},{"taxonomy":"product_cat","embeddable":true,"href":"https:\/\/safetypartners.fi\/kauppa\/wp-json\/wp\/v2\/product_cat?post=1080"},{"taxonomy":"product_tag","embeddable":true,"href":"https:\/\/safetypartners.fi\/kauppa\/wp-json\/wp\/v2\/product_tag?post=1080"}],"curies":[{"name":"wp","href":"https:\/\/api.w.org\/{rel}","templated":true}]}}