{"id":1151,"date":"2022-09-21T17:00:01","date_gmt":"2022-09-21T14:00:01","guid":{"rendered":"https:\/\/safetypartners.fi\/kauppa\/?post_type=product&#038;p=1151"},"modified":"2026-02-02T10:39:51","modified_gmt":"2026-02-02T08:39:51","slug":"sammutuspeite-120x180cm","status":"publish","type":"product","link":"https:\/\/safetypartners.fi\/kauppa\/tuote\/sammutuspeite-120x180cm","title":{"rendered":"Sammutuspeite 120 x 180 cm"},"content":{"rendered":"<p align=\"justify\"><strong>Sammutuspeite ja k\u00e4ytt\u00f6<\/strong><\/p>\n<p align=\"justify\">Mik\u00e4li kotonasi syttyy palamaan rasva paistinpannussa tai huomaat vaikkapa televisiosta nousevan savua, toimi seuraavasti:<\/p>\n<p>1) katkaise virransy\u00f6tt\u00f6 v\u00e4litt\u00f6m\u00e4sti, joko laitteesta itsest\u00e4\u00e4n tai asunnon s\u00e4hk\u00f6kaapin p\u00e4\u00e4katkaisijasta;<\/p>\n<p>2) peit\u00e4 palava tai kytev\u00e4 esine sammutuspeitteell\u00e4;<\/p>\n<p>3) kutsu palokunta paikalle soittamalla <b>112<\/b>.<\/p>\n<p><strong><br \/>\nLasikankaan l\u00e4mm\u00f6nkesto:<\/strong><\/p>\n<p>&#8211; K\u00e4ytett\u00e4viss\u00e4 650 \u00b0C asti<br \/>\n&#8211; Lujuus v\u00e4henee 450 \u00b0C l\u00e4mp\u00f6tilasta<br \/>\n&#8211; Sintraantumisl\u00e4mp\u00f6tila 680 \u00b0C<br \/>\n&#8211; Sulamisl\u00e4mp\u00f6tila 1200 \u00b0C<\/p>\n<p>Valmistettu standardin EN1869:2019 mukaisesti. S\u00e4ilytyspussi polyesterikangas\/pu hylkii likaa. Kauniita sammutuspeitteen s\u00e4ilytyspusseja kodin sein\u00e4lle l\u00f6yd\u00e4t <a href=\"https:\/\/safetypartners.fi\/kauppa\/tuote\/sallan-paja-sammutuspeitepiilo\">t\u00e4\u00e4lt\u00e4<\/a> ja <a href=\"https:\/\/safetypartners.fi\/kauppa\/tuote\/ivana-helsinki-design-sammutuspeite\">t\u00e4\u00e4lt\u00e4<\/a>.<\/p>\n","protected":false},"excerpt":{"rendered":"<p><strong>Sammutuspeite 120 x 180 cm <\/strong>&#8211; standardikokoisen sammutuspeitteen materiaalina toimii eritt\u00e4in korkeita l\u00e4mp\u00f6tiloja kest\u00e4v\u00e4 tekstiililasikangas. Kankaasta otetaan tukevasti kiinni, molempia k\u00e4si\u00e4 ja omia kasvoja suojaten, ja se k\u00e4\u00e4rit\u00e4\u00e4n savuavan tai palavan kohteen p\u00e4\u00e4lle. Taipuisa, kevyt materiaali (420g\/m<sup>2<\/sup>) soveltuu erinomaisesti liekkien taltuttamiseen.<\/p>\n<p>Sammutuspeite kannattaa sijoittaa ainakin keitti\u00f6n sein\u00e4lle, takkahuoneeseen ja grillikatokseen.<\/p>\n","protected":false},"featured_media":3024,"comment_status":"open","ping_status":"closed","template":"","meta":{"_uag_custom_page_level_css":"","site-sidebar-layout":"default","site-content-layout":"default","ast-site-content-layout":"default","site-content-style":"default","site-sidebar-style":"default","ast-global-header-display":"","ast-banner-title-visibility":"","ast-main-header-display":"","ast-hfb-above-header-display":"","ast-hfb-below-header-display":"","ast-hfb-mobile-header-display":"","site-post-title":"","ast-breadcrumbs-content":"","ast-featured-img":"","footer-sml-layout":"","ast-disable-related-posts":"","theme-transparent-header-meta":"default","adv-header-id-meta":"","stick-header-meta":"default","header-above-stick-meta":"","header-main-stick-meta":"","header-below-stick-meta":"","astra-migrate-meta-layouts":"set","ast-page-background-enabled":"default","ast-page-background-meta":{"desktop":{"background-color":"","background-image":"","background-repeat":"repeat","background-position":"center center","background-size":"auto","background-attachment":"scroll","background-type":"","background-media":"","overlay-type":"","overlay-color":"","overlay-opacity":"","overlay-gradient":""},"tablet":{"background-color":"","background-image":"","background-repeat":"repeat","background-position":"center center","background-size":"auto","background-attachment":"scroll","background-type":"","background-media":"","overlay-type":"","overlay-color":"","overlay-opacity":"","overlay-gradient":""},"mobile":{"background-color":"","background-image":"","background-repeat":"repeat","background-position":"center center","background-size":"auto","background-attachment":"scroll","background-type":"","background-media":"","overlay-type":"","overlay-color":"","overlay-opacity":"","overlay-gradient":""}},"ast-content-background-meta":{"desktop":{"background-color":"var(--ast-global-color-5)","background-image":"","background-repeat":"repeat","background-position":"center center","background-size":"auto","background-attachment":"scroll","background-type":"","background-media":"","overlay-type":"","overlay-color":"","overlay-opacity":"","overlay-gradient":""},"tablet":{"background-color":"var(--ast-global-color-5)","background-image":"","background-repeat":"repeat","background-position":"center center","background-size":"auto","background-attachment":"scroll","background-type":"","background-media":"","overlay-type":"","overlay-color":"","overlay-opacity":"","overlay-gradient":""},"mobile":{"background-color":"var(--ast-global-color-5)","background-image":"","background-repeat":"repeat","background-position":"center center","background-size":"auto","background-attachment":"scroll","background-type":"","background-media":"","overlay-type":"","overlay-color":"","overlay-opacity":"","overlay-gradient":""}}},"product_brand":[],"product_cat":[15,30,550],"product_tag":[558,225,618,620,650,513,1243],"class_list":{"0":"post-1151","1":"product","2":"type-product","3":"status-publish","4":"has-post-thumbnail","6":"product_cat-yleinen","7":"product_cat-paloturvallisuus","8":"product_cat-sammutuspeitteet","9":"product_tag-120-x-180cm","10":"product_tag-alkusammutus","11":"product_tag-peite","12":"product_tag-peitto","13":"product_tag-sammutus","14":"product_tag-sammutuspeite","15":"product_tag-varautuminen","16":"product_shipping_class-suomi","17":"desktop-align-center","18":"tablet-align-center","19":"mobile-align-center","20":"ast-product-gallery-layout-horizontal-slider","21":"ast-product-tabs-layout-horizontal","23":"first","24":"instock","25":"taxable","26":"shipping-taxable","27":"purchasable","28":"product-type-simple"},"yoast_head":"<!-- This site is optimized with the Yoast SEO plugin v27.3 - https:\/\/yoast.com\/product\/yoast-seo-wordpress\/ -->\n<title>Sammutuspeite 120 x 180 cm - Safety Partners<\/title>\n<meta name=\"description\" content=\"Sammutuspeite: eritt\u00e4in korkeita l\u00e4mp\u00f6tiloja kest\u00e4v\u00e4 tekstiililasikangas k\u00e4\u00e4rit\u00e4\u00e4n savuavan tai palavan kohteen p\u00e4\u00e4lle. Erinomainen liekkien taltuttamiseen.\" \/>\n<meta name=\"robots\" content=\"index, follow, max-snippet:-1, max-image-preview:large, max-video-preview:-1\" \/>\n<link rel=\"canonical\" href=\"https:\/\/safetypartners.fi\/kauppa\/tuote\/sammutuspeite-120x180cm\" \/>\n<meta property=\"og:locale\" content=\"fi_FI\" \/>\n<meta property=\"og:type\" content=\"article\" \/>\n<meta property=\"og:title\" content=\"Sammutuspeite 120 x 180 cm - Safety Partners\" \/>\n<meta property=\"og:description\" content=\"Sammutuspeite: eritt\u00e4in korkeita l\u00e4mp\u00f6tiloja kest\u00e4v\u00e4 tekstiililasikangas k\u00e4\u00e4rit\u00e4\u00e4n savuavan tai palavan kohteen p\u00e4\u00e4lle. Erinomainen liekkien taltuttamiseen.\" \/>\n<meta property=\"og:url\" content=\"https:\/\/safetypartners.fi\/kauppa\/tuote\/sammutuspeite-120x180cm\" \/>\n<meta property=\"og:site_name\" content=\"Safety Partners\" \/>\n<meta property=\"article:modified_time\" content=\"2026-02-02T08:39:51+00:00\" \/>\n<meta property=\"og:image\" content=\"https:\/\/safetypartners.fi\/kauppa\/wp-content\/uploads\/2022\/09\/Uusi-sammutuspeite_Suomen-Sammutinpalvelu.png\" \/>\n\t<meta property=\"og:image:width\" content=\"1152\" \/>\n\t<meta property=\"og:image:height\" content=\"1892\" \/>\n\t<meta property=\"og:image:type\" content=\"image\/png\" \/>\n<meta name=\"twitter:card\" content=\"summary_large_image\" \/>\n<meta name=\"twitter:label1\" content=\"Arvioitu lukuaika\" \/>\n\t<meta name=\"twitter:data1\" content=\"1 minuutti\" \/>\n<script type=\"application\/ld+json\" class=\"yoast-schema-graph\">{\"@context\":\"https:\\\/\\\/schema.org\",\"@graph\":[{\"@type\":\"WebPage\",\"@id\":\"https:\\\/\\\/safetypartners.fi\\\/kauppa\\\/tuote\\\/sammutuspeite-120x180cm\",\"url\":\"https:\\\/\\\/safetypartners.fi\\\/kauppa\\\/tuote\\\/sammutuspeite-120x180cm\",\"name\":\"Sammutuspeite 120 x 180 cm - Safety Partners\",\"isPartOf\":{\"@id\":\"https:\\\/\\\/safetypartners.fi\\\/kauppa\\\/#website\"},\"primaryImageOfPage\":{\"@id\":\"https:\\\/\\\/safetypartners.fi\\\/kauppa\\\/tuote\\\/sammutuspeite-120x180cm#primaryimage\"},\"image\":{\"@id\":\"https:\\\/\\\/safetypartners.fi\\\/kauppa\\\/tuote\\\/sammutuspeite-120x180cm#primaryimage\"},\"thumbnailUrl\":\"https:\\\/\\\/safetypartners.fi\\\/kauppa\\\/wp-content\\\/uploads\\\/2022\\\/09\\\/Uusi-sammutuspeite_Suomen-Sammutinpalvelu.png\",\"datePublished\":\"2022-09-21T14:00:01+00:00\",\"dateModified\":\"2026-02-02T08:39:51+00:00\",\"description\":\"Sammutuspeite: eritt\u00e4in korkeita l\u00e4mp\u00f6tiloja kest\u00e4v\u00e4 tekstiililasikangas k\u00e4\u00e4rit\u00e4\u00e4n savuavan tai palavan kohteen p\u00e4\u00e4lle. Erinomainen liekkien taltuttamiseen.\",\"breadcrumb\":{\"@id\":\"https:\\\/\\\/safetypartners.fi\\\/kauppa\\\/tuote\\\/sammutuspeite-120x180cm#breadcrumb\"},\"inLanguage\":\"fi\",\"potentialAction\":[{\"@type\":\"ReadAction\",\"target\":[\"https:\\\/\\\/safetypartners.fi\\\/kauppa\\\/tuote\\\/sammutuspeite-120x180cm\"]}]},{\"@type\":\"ImageObject\",\"inLanguage\":\"fi\",\"@id\":\"https:\\\/\\\/safetypartners.fi\\\/kauppa\\\/tuote\\\/sammutuspeite-120x180cm#primaryimage\",\"url\":\"https:\\\/\\\/safetypartners.fi\\\/kauppa\\\/wp-content\\\/uploads\\\/2022\\\/09\\\/Uusi-sammutuspeite_Suomen-Sammutinpalvelu.png\",\"contentUrl\":\"https:\\\/\\\/safetypartners.fi\\\/kauppa\\\/wp-content\\\/uploads\\\/2022\\\/09\\\/Uusi-sammutuspeite_Suomen-Sammutinpalvelu.png\",\"width\":1152,\"height\":1892,\"caption\":\"Sammutuspeite 120 x 180 cm\"},{\"@type\":\"BreadcrumbList\",\"@id\":\"https:\\\/\\\/safetypartners.fi\\\/kauppa\\\/tuote\\\/sammutuspeite-120x180cm#breadcrumb\",\"itemListElement\":[{\"@type\":\"ListItem\",\"position\":1,\"name\":\"Home\",\"item\":\"https:\\\/\\\/safetypartners.fi\\\/kauppa\\\/\"},{\"@type\":\"ListItem\",\"position\":2,\"name\":\"Kauppa\",\"item\":\"https:\\\/\\\/safetypartners.fi\\\/kauppa\\\/kauppa\"},{\"@type\":\"ListItem\",\"position\":3,\"name\":\"Sammutuspeite 120 x 180 cm\"}]},{\"@type\":\"WebSite\",\"@id\":\"https:\\\/\\\/safetypartners.fi\\\/kauppa\\\/#website\",\"url\":\"https:\\\/\\\/safetypartners.fi\\\/kauppa\\\/\",\"name\":\"Safety Partners\",\"description\":\"Safety Partners turvakauppa palvelee verkossa 24\\\/7!\",\"publisher\":{\"@id\":\"https:\\\/\\\/safetypartners.fi\\\/kauppa\\\/#organization\"},\"potentialAction\":[{\"@type\":\"SearchAction\",\"target\":{\"@type\":\"EntryPoint\",\"urlTemplate\":\"https:\\\/\\\/safetypartners.fi\\\/kauppa\\\/?s={search_term_string}\"},\"query-input\":{\"@type\":\"PropertyValueSpecification\",\"valueRequired\":true,\"valueName\":\"search_term_string\"}}],\"inLanguage\":\"fi\"},{\"@type\":\"Organization\",\"@id\":\"https:\\\/\\\/safetypartners.fi\\\/kauppa\\\/#organization\",\"name\":\"Safety Partners | Suomen Sammutinpalvelu\",\"url\":\"https:\\\/\\\/safetypartners.fi\\\/kauppa\\\/\",\"logo\":{\"@type\":\"ImageObject\",\"inLanguage\":\"fi\",\"@id\":\"https:\\\/\\\/safetypartners.fi\\\/kauppa\\\/#\\\/schema\\\/logo\\\/image\\\/\",\"url\":\"https:\\\/\\\/safetypartners.fi\\\/kauppa\\\/wp-content\\\/uploads\\\/2020\\\/05\\\/cropped-Logoke-1.jpg\",\"contentUrl\":\"https:\\\/\\\/safetypartners.fi\\\/kauppa\\\/wp-content\\\/uploads\\\/2020\\\/05\\\/cropped-Logoke-1.jpg\",\"width\":847,\"height\":717,\"caption\":\"Safety Partners | Suomen Sammutinpalvelu\"},\"image\":{\"@id\":\"https:\\\/\\\/safetypartners.fi\\\/kauppa\\\/#\\\/schema\\\/logo\\\/image\\\/\"}}]}<\/script>\n<!-- \/ Yoast SEO plugin. -->","yoast_head_json":{"title":"Sammutuspeite 120 x 180 cm - Safety Partners","description":"Sammutuspeite: eritt\u00e4in korkeita l\u00e4mp\u00f6tiloja kest\u00e4v\u00e4 tekstiililasikangas k\u00e4\u00e4rit\u00e4\u00e4n savuavan tai palavan kohteen p\u00e4\u00e4lle. Erinomainen liekkien taltuttamiseen.","robots":{"index":"index","follow":"follow","max-snippet":"max-snippet:-1","max-image-preview":"max-image-preview:large","max-video-preview":"max-video-preview:-1"},"canonical":"https:\/\/safetypartners.fi\/kauppa\/tuote\/sammutuspeite-120x180cm","og_locale":"fi_FI","og_type":"article","og_title":"Sammutuspeite 120 x 180 cm - Safety Partners","og_description":"Sammutuspeite: eritt\u00e4in korkeita l\u00e4mp\u00f6tiloja kest\u00e4v\u00e4 tekstiililasikangas k\u00e4\u00e4rit\u00e4\u00e4n savuavan tai palavan kohteen p\u00e4\u00e4lle. Erinomainen liekkien taltuttamiseen.","og_url":"https:\/\/safetypartners.fi\/kauppa\/tuote\/sammutuspeite-120x180cm","og_site_name":"Safety Partners","article_modified_time":"2026-02-02T08:39:51+00:00","og_image":[{"width":1152,"height":1892,"url":"https:\/\/safetypartners.fi\/kauppa\/wp-content\/uploads\/2022\/09\/Uusi-sammutuspeite_Suomen-Sammutinpalvelu.png","type":"image\/png"}],"twitter_card":"summary_large_image","twitter_misc":{"Arvioitu lukuaika":"1 minuutti"},"schema":{"@context":"https:\/\/schema.org","@graph":[{"@type":"WebPage","@id":"https:\/\/safetypartners.fi\/kauppa\/tuote\/sammutuspeite-120x180cm","url":"https:\/\/safetypartners.fi\/kauppa\/tuote\/sammutuspeite-120x180cm","name":"Sammutuspeite 120 x 180 cm - Safety Partners","isPartOf":{"@id":"https:\/\/safetypartners.fi\/kauppa\/#website"},"primaryImageOfPage":{"@id":"https:\/\/safetypartners.fi\/kauppa\/tuote\/sammutuspeite-120x180cm#primaryimage"},"image":{"@id":"https:\/\/safetypartners.fi\/kauppa\/tuote\/sammutuspeite-120x180cm#primaryimage"},"thumbnailUrl":"https:\/\/safetypartners.fi\/kauppa\/wp-content\/uploads\/2022\/09\/Uusi-sammutuspeite_Suomen-Sammutinpalvelu.png","datePublished":"2022-09-21T14:00:01+00:00","dateModified":"2026-02-02T08:39:51+00:00","description":"Sammutuspeite: eritt\u00e4in korkeita l\u00e4mp\u00f6tiloja kest\u00e4v\u00e4 tekstiililasikangas k\u00e4\u00e4rit\u00e4\u00e4n savuavan tai palavan kohteen p\u00e4\u00e4lle. Erinomainen liekkien taltuttamiseen.","breadcrumb":{"@id":"https:\/\/safetypartners.fi\/kauppa\/tuote\/sammutuspeite-120x180cm#breadcrumb"},"inLanguage":"fi","potentialAction":[{"@type":"ReadAction","target":["https:\/\/safetypartners.fi\/kauppa\/tuote\/sammutuspeite-120x180cm"]}]},{"@type":"ImageObject","inLanguage":"fi","@id":"https:\/\/safetypartners.fi\/kauppa\/tuote\/sammutuspeite-120x180cm#primaryimage","url":"https:\/\/safetypartners.fi\/kauppa\/wp-content\/uploads\/2022\/09\/Uusi-sammutuspeite_Suomen-Sammutinpalvelu.png","contentUrl":"https:\/\/safetypartners.fi\/kauppa\/wp-content\/uploads\/2022\/09\/Uusi-sammutuspeite_Suomen-Sammutinpalvelu.png","width":1152,"height":1892,"caption":"Sammutuspeite 120 x 180 cm"},{"@type":"BreadcrumbList","@id":"https:\/\/safetypartners.fi\/kauppa\/tuote\/sammutuspeite-120x180cm#breadcrumb","itemListElement":[{"@type":"ListItem","position":1,"name":"Home","item":"https:\/\/safetypartners.fi\/kauppa\/"},{"@type":"ListItem","position":2,"name":"Kauppa","item":"https:\/\/safetypartners.fi\/kauppa\/kauppa"},{"@type":"ListItem","position":3,"name":"Sammutuspeite 120 x 180 cm"}]},{"@type":"WebSite","@id":"https:\/\/safetypartners.fi\/kauppa\/#website","url":"https:\/\/safetypartners.fi\/kauppa\/","name":"Safety Partners","description":"Safety Partners turvakauppa palvelee verkossa 24\/7!","publisher":{"@id":"https:\/\/safetypartners.fi\/kauppa\/#organization"},"potentialAction":[{"@type":"SearchAction","target":{"@type":"EntryPoint","urlTemplate":"https:\/\/safetypartners.fi\/kauppa\/?s={search_term_string}"},"query-input":{"@type":"PropertyValueSpecification","valueRequired":true,"valueName":"search_term_string"}}],"inLanguage":"fi"},{"@type":"Organization","@id":"https:\/\/safetypartners.fi\/kauppa\/#organization","name":"Safety Partners | Suomen Sammutinpalvelu","url":"https:\/\/safetypartners.fi\/kauppa\/","logo":{"@type":"ImageObject","inLanguage":"fi","@id":"https:\/\/safetypartners.fi\/kauppa\/#\/schema\/logo\/image\/","url":"https:\/\/safetypartners.fi\/kauppa\/wp-content\/uploads\/2020\/05\/cropped-Logoke-1.jpg","contentUrl":"https:\/\/safetypartners.fi\/kauppa\/wp-content\/uploads\/2020\/05\/cropped-Logoke-1.jpg","width":847,"height":717,"caption":"Safety Partners | Suomen Sammutinpalvelu"},"image":{"@id":"https:\/\/safetypartners.fi\/kauppa\/#\/schema\/logo\/image\/"}}]}},"uagb_featured_image_src":{"full":["https:\/\/safetypartners.fi\/kauppa\/wp-content\/uploads\/2022\/09\/Uusi-sammutuspeite_Suomen-Sammutinpalvelu.png",1152,1892,false],"thumbnail":["https:\/\/safetypartners.fi\/kauppa\/wp-content\/uploads\/2022\/09\/Uusi-sammutuspeite_Suomen-Sammutinpalvelu-150x150.png",150,150,true],"medium":["https:\/\/safetypartners.fi\/kauppa\/wp-content\/uploads\/2022\/09\/Uusi-sammutuspeite_Suomen-Sammutinpalvelu-183x300.png",183,300,true],"medium_large":["https:\/\/safetypartners.fi\/kauppa\/wp-content\/uploads\/2022\/09\/Uusi-sammutuspeite_Suomen-Sammutinpalvelu-768x1261.png",768,1261,true],"large":["https:\/\/safetypartners.fi\/kauppa\/wp-content\/uploads\/2022\/09\/Uusi-sammutuspeite_Suomen-Sammutinpalvelu-623x1024.png",623,1024,true],"1536x1536":["https:\/\/safetypartners.fi\/kauppa\/wp-content\/uploads\/2022\/09\/Uusi-sammutuspeite_Suomen-Sammutinpalvelu-935x1536.png",935,1536,true],"2048x2048":["https:\/\/safetypartners.fi\/kauppa\/wp-content\/uploads\/2022\/09\/Uusi-sammutuspeite_Suomen-Sammutinpalvelu.png",1152,1892,false],"woocommerce_thumbnail":["https:\/\/safetypartners.fi\/kauppa\/wp-content\/uploads\/2022\/09\/Uusi-sammutuspeite_Suomen-Sammutinpalvelu-300x300.png",300,300,true],"woocommerce_single":["https:\/\/safetypartners.fi\/kauppa\/wp-content\/uploads\/2022\/09\/Uusi-sammutuspeite_Suomen-Sammutinpalvelu-600x985.png",600,985,true],"woocommerce_gallery_thumbnail":["https:\/\/safetypartners.fi\/kauppa\/wp-content\/uploads\/2022\/09\/Uusi-sammutuspeite_Suomen-Sammutinpalvelu-100x100.png",100,100,true]},"uagb_author_info":{"display_name":"Anu Lehto","author_link":"https:\/\/safetypartners.fi\/kauppa\/author"},"uagb_comment_info":0,"uagb_excerpt":"Sammutuspeite 120 x 180 cm - standardikokoisen sammutuspeitteen materiaalina toimii eritt\u00e4in korkeita l\u00e4mp\u00f6tiloja kest\u00e4v\u00e4 tekstiililasikangas. Kankaasta otetaan tukevasti kiinni, molempia k\u00e4si\u00e4 ja omia kasvoja suojaten, ja se k\u00e4\u00e4rit\u00e4\u00e4n savuavan tai palavan kohteen p\u00e4\u00e4lle. Taipuisa, kevyt materiaali (420g\/m2) soveltuu erinomaisesti liekkien taltuttamiseen. Sammutuspeite kannattaa sijoittaa ainakin keitti\u00f6n sein\u00e4lle, takkahuoneeseen ja grillikatokseen.","_links":{"self":[{"href":"https:\/\/safetypartners.fi\/kauppa\/wp-json\/wp\/v2\/product\/1151","targetHints":{"allow":["GET"]}}],"collection":[{"href":"https:\/\/safetypartners.fi\/kauppa\/wp-json\/wp\/v2\/product"}],"about":[{"href":"https:\/\/safetypartners.fi\/kauppa\/wp-json\/wp\/v2\/types\/product"}],"replies":[{"embeddable":true,"href":"https:\/\/safetypartners.fi\/kauppa\/wp-json\/wp\/v2\/comments?post=1151"}],"version-history":[{"count":8,"href":"https:\/\/safetypartners.fi\/kauppa\/wp-json\/wp\/v2\/product\/1151\/revisions"}],"predecessor-version":[{"id":1276,"href":"https:\/\/safetypartners.fi\/kauppa\/wp-json\/wp\/v2\/product\/1151\/revisions\/1276"}],"wp:featuredmedia":[{"embeddable":true,"href":"https:\/\/safetypartners.fi\/kauppa\/wp-json\/wp\/v2\/media\/3024"}],"wp:attachment":[{"href":"https:\/\/safetypartners.fi\/kauppa\/wp-json\/wp\/v2\/media?parent=1151"}],"wp:term":[{"taxonomy":"product_brand","embeddable":true,"href":"https:\/\/safetypartners.fi\/kauppa\/wp-json\/wp\/v2\/product_brand?post=1151"},{"taxonomy":"product_cat","embeddable":true,"href":"https:\/\/safetypartners.fi\/kauppa\/wp-json\/wp\/v2\/product_cat?post=1151"},{"taxonomy":"product_tag","embeddable":true,"href":"https:\/\/safetypartners.fi\/kauppa\/wp-json\/wp\/v2\/product_tag?post=1151"}],"curies":[{"name":"wp","href":"https:\/\/api.w.org\/{rel}","templated":true}]}}