{"id":1168,"date":"2024-12-17T13:33:07","date_gmt":"2024-12-17T11:33:07","guid":{"rendered":"https:\/\/safetypartners.fi\/kauppa\/?post_type=product&#038;p=1168"},"modified":"2026-04-05T14:29:55","modified_gmt":"2026-04-05T11:29:55","slug":"ivana-helsinki-design-sammutuspeite","status":"publish","type":"product","link":"https:\/\/safetypartners.fi\/kauppa\/tuote\/ivana-helsinki-design-sammutuspeite","title":{"rendered":"Ivana Helsinki design sammutuspeite"},"content":{"rendered":"<p>Sammutuspeitteen koko on 120 x 180 cm ja se sopii punaisen peruspeitteen p\u00e4\u00e4lle. Tuotteet ovat pelastustoimen laitelain (10\/2007) mukaisia.<\/p>\n<p>Sammutuspeitteen sijoituspaikat:<\/p>\n<ul>\n<li>kotikeitti\u00f6<\/li>\n<li>takkahuone<\/li>\n<li>grillikatos<\/li>\n<li>saunan pukuhuone<\/li>\n<li>muut kokkaus- ja avotulitilat<\/li>\n<\/ul>\n<p><strong>Sammutuspeitteen k\u00e4ytt\u00f6:<br \/>\n<\/strong><\/p>\n<p>\u2013 Kiinnit\u00e4 sammutuspeite aina sein\u00e4lle, mahdollisen palonaiheuttajan l\u00e4hettyville<\/p>\n<p>\u2013 Ved\u00e4 peite kahdesta nauhasta vet\u00e4m\u00e4ll\u00e4 ulos ja levit\u00e4 kunnolla auki<\/p>\n<p>\u2013 Ota peitteen nurkista tukeva ote ja k\u00e4\u00e4nn\u00e4 k\u00e4tesi peitteen suojaan<\/p>\n<p>\u2013 Paloa l\u00e4hestyess\u00e4si, ojenna k\u00e4det suoraan eteenp\u00e4in ja n\u00e4in saat suojakilven tulelta ja savulta<\/p>\n<p>\u2013 Ulkona ollessa laita toinen jalka peitteen helman p\u00e4\u00e4lle ja l\u00e4hesty paloa tuulen suunnasta, hyvin varovasti<\/p>\n<p>\u2013 Mene mahdollisimman l\u00e4helle palavaa kohdetta, levit\u00e4 sammustuspeite palon p\u00e4\u00e4lle, irrota ote peitteest\u00e4 ja per\u00e4\u00e4nny<\/p>\n<p>\u2013 Vet\u00e4ydy turvallisen et\u00e4isyyden p\u00e4\u00e4h\u00e4n soittamaan lis\u00e4apua numerosta <strong>112<\/strong>. Sis\u00e4tiloissa poistu huoneesta ja sulje ovi myrkyllisten kaasujen levi\u00e4misen est\u00e4miseksi.<\/p>\n","protected":false},"excerpt":{"rendered":"<p><strong>Paola Suhosen suunnittelemat Ivana Helsinki sammutuspeitekuosit<\/strong> ihastuttavat ja tuovat keitti\u00f6si, takkahuoneesi ja grillikatoksesi sein\u00e4lle upean yksityiskohdan. Samalla p\u00f6nkit\u00e4t kotisi paloturvallisuutta.<\/p>\n<p>Design-sammutuspeite on alkusammutusv\u00e4line kotiin, m\u00f6kille, veneeseen ja matkailuautoon. Design-peitekuosi on tarkoitettu vain yksityisiin tiloihin. Paras sammutuspeite on n\u00e4kyvill\u00e4 ja helposti k\u00e4ytett\u00e4viss\u00e4 &#8211; t\u00e4m\u00e4n sammutuspeitteen haluat pit\u00e4\u00e4 esill\u00e4!<\/p>\n<p>Sammutuspeitekuosi on myyt\u00e4viss\u00e4 sek\u00e4 sammutuspeitteell\u00e4 ett\u00e4 ilman. Pelkk\u00e4 peitekuosi on helposti ujutettavissa standardikokoisen (120 x 180 cm) sammutuspeitteen p\u00e4\u00e4lle. Design-vaihtoehtoja on nelj\u00e4:<\/p>\n<ul>\n<li>Tiira-lintu punaisen, valkovihre\u00e4n, turkoosin ja mustan s\u00e4vyiss\u00e4<\/li>\n<li>Dear-mets\u00e4kauris mustavalkoisena, valkoturkoosina ja valkopinkkin\u00e4<\/li>\n<li>Fanny-kukkakuosi keltaisen, harmaan ja mustavalkoisen s\u00e4vyiss\u00e4<\/li>\n<li>Butterfly-perhoskuosi raikkaan oranssin s\u00e4vyisen\u00e4<\/li>\n<\/ul>\n<p>Valitse sinulle sopiva vaihtoehto alta:<\/p>\n","protected":false},"featured_media":2493,"comment_status":"open","ping_status":"closed","template":"","meta":{"_uag_custom_page_level_css":"","site-sidebar-layout":"default","site-content-layout":"default","ast-site-content-layout":"default","site-content-style":"default","site-sidebar-style":"default","ast-global-header-display":"","ast-banner-title-visibility":"","ast-main-header-display":"","ast-hfb-above-header-display":"","ast-hfb-below-header-display":"","ast-hfb-mobile-header-display":"","site-post-title":"","ast-breadcrumbs-content":"","ast-featured-img":"","footer-sml-layout":"","ast-disable-related-posts":"","theme-transparent-header-meta":"default","adv-header-id-meta":"","stick-header-meta":"default","header-above-stick-meta":"","header-main-stick-meta":"","header-below-stick-meta":"","astra-migrate-meta-layouts":"set","ast-page-background-enabled":"default","ast-page-background-meta":{"desktop":{"background-color":"","background-image":"","background-repeat":"repeat","background-position":"center center","background-size":"auto","background-attachment":"scroll","background-type":"","background-media":"","overlay-type":"","overlay-color":"","overlay-opacity":"","overlay-gradient":""},"tablet":{"background-color":"","background-image":"","background-repeat":"repeat","background-position":"center center","background-size":"auto","background-attachment":"scroll","background-type":"","background-media":"","overlay-type":"","overlay-color":"","overlay-opacity":"","overlay-gradient":""},"mobile":{"background-color":"","background-image":"","background-repeat":"repeat","background-position":"center center","background-size":"auto","background-attachment":"scroll","background-type":"","background-media":"","overlay-type":"","overlay-color":"","overlay-opacity":"","overlay-gradient":""}},"ast-content-background-meta":{"desktop":{"background-color":"var(--ast-global-color-5)","background-image":"","background-repeat":"repeat","background-position":"center center","background-size":"auto","background-attachment":"scroll","background-type":"","background-media":"","overlay-type":"","overlay-color":"","overlay-opacity":"","overlay-gradient":""},"tablet":{"background-color":"var(--ast-global-color-5)","background-image":"","background-repeat":"repeat","background-position":"center center","background-size":"auto","background-attachment":"scroll","background-type":"","background-media":"","overlay-type":"","overlay-color":"","overlay-opacity":"","overlay-gradient":""},"mobile":{"background-color":"var(--ast-global-color-5)","background-image":"","background-repeat":"repeat","background-position":"center center","background-size":"auto","background-attachment":"scroll","background-type":"","background-media":"","overlay-type":"","overlay-color":"","overlay-opacity":"","overlay-gradient":""}}},"product_brand":[],"product_cat":[15,30,550],"product_tag":[225,1117,1074,1078,1116,319,1032,320,1079,1077,1118,820,618,1033,817,650,513,1034,812],"class_list":{"0":"post-1168","1":"product","2":"type-product","3":"status-publish","4":"has-post-thumbnail","6":"product_cat-yleinen","7":"product_cat-paloturvallisuus","8":"product_cat-sammutuspeitteet","9":"product_tag-alkusammutus","10":"product_tag-bambi","11":"product_tag-butterfly","12":"product_tag-dear","13":"product_tag-deer","14":"product_tag-design","15":"product_tag-ivana-helsinki","16":"product_tag-kaunis","17":"product_tag-kauris","18":"product_tag-lintu","19":"product_tag-metsakauris","20":"product_tag-paola-suhonen","21":"product_tag-peite","22":"product_tag-peite-seinalle","23":"product_tag-perhonen","24":"product_tag-sammutus","25":"product_tag-sammutuspeite","26":"product_tag-tiira","27":"product_tag-varikas","28":"product_shipping_class-suomi","29":"desktop-align-center","30":"tablet-align-center","31":"mobile-align-center","32":"ast-product-gallery-layout-horizontal-slider","33":"ast-product-single-variable","34":"ast-product-tabs-layout-horizontal","36":"first","37":"instock","38":"sale","39":"taxable","40":"shipping-taxable","41":"purchasable","42":"product-type-variable"},"yoast_head":"<!-- This site is optimized with the Yoast SEO plugin v27.3 - https:\/\/yoast.com\/product\/yoast-seo-wordpress\/ -->\n<title>Ivana Helsinki design sammutuspeite - Safety Partners<\/title>\n<meta name=\"description\" content=\"Design-peitekuosi sammutuspeitteelle kotiin, m\u00f6kille, veneeseen ja matkailuautoon! Kaunis sammutuspeite on n\u00e4ytt\u00e4v\u00e4 ja helppo alkusammutusv\u00e4line.\" \/>\n<meta name=\"robots\" content=\"index, follow, max-snippet:-1, max-image-preview:large, max-video-preview:-1\" \/>\n<link rel=\"canonical\" href=\"https:\/\/safetypartners.fi\/kauppa\/tuote\/ivana-helsinki-design-sammutuspeite\" \/>\n<meta property=\"og:locale\" content=\"fi_FI\" \/>\n<meta property=\"og:type\" content=\"article\" \/>\n<meta property=\"og:title\" content=\"Ivana Helsinki design sammutuspeite - Safety Partners\" \/>\n<meta property=\"og:description\" content=\"Design-peitekuosi sammutuspeitteelle kotiin, m\u00f6kille, veneeseen ja matkailuautoon! Kaunis sammutuspeite on n\u00e4ytt\u00e4v\u00e4 ja helppo alkusammutusv\u00e4line.\" \/>\n<meta property=\"og:url\" content=\"https:\/\/safetypartners.fi\/kauppa\/tuote\/ivana-helsinki-design-sammutuspeite\" \/>\n<meta property=\"og:site_name\" content=\"Safety Partners\" \/>\n<meta property=\"article:modified_time\" content=\"2026-04-05T11:29:55+00:00\" \/>\n<meta property=\"og:image\" content=\"https:\/\/safetypartners.fi\/kauppa\/wp-content\/uploads\/2024\/12\/Ivana-kollaasi_pieni-e1735810954165.png\" \/>\n\t<meta property=\"og:image:width\" content=\"623\" \/>\n\t<meta property=\"og:image:height\" content=\"430\" \/>\n\t<meta property=\"og:image:type\" content=\"image\/png\" \/>\n<meta name=\"twitter:card\" content=\"summary_large_image\" \/>\n<meta name=\"twitter:label1\" content=\"Arvioitu lukuaika\" \/>\n\t<meta name=\"twitter:data1\" content=\"1 minuutti\" \/>\n<script type=\"application\/ld+json\" class=\"yoast-schema-graph\">{\"@context\":\"https:\\\/\\\/schema.org\",\"@graph\":[{\"@type\":\"WebPage\",\"@id\":\"https:\\\/\\\/safetypartners.fi\\\/kauppa\\\/tuote\\\/ivana-helsinki-design-sammutuspeite\",\"url\":\"https:\\\/\\\/safetypartners.fi\\\/kauppa\\\/tuote\\\/ivana-helsinki-design-sammutuspeite\",\"name\":\"Ivana Helsinki design sammutuspeite - Safety Partners\",\"isPartOf\":{\"@id\":\"https:\\\/\\\/safetypartners.fi\\\/kauppa\\\/#website\"},\"primaryImageOfPage\":{\"@id\":\"https:\\\/\\\/safetypartners.fi\\\/kauppa\\\/tuote\\\/ivana-helsinki-design-sammutuspeite#primaryimage\"},\"image\":{\"@id\":\"https:\\\/\\\/safetypartners.fi\\\/kauppa\\\/tuote\\\/ivana-helsinki-design-sammutuspeite#primaryimage\"},\"thumbnailUrl\":\"https:\\\/\\\/safetypartners.fi\\\/kauppa\\\/wp-content\\\/uploads\\\/2024\\\/12\\\/Ivana-kollaasi_pieni-e1735810954165.png\",\"datePublished\":\"2024-12-17T11:33:07+00:00\",\"dateModified\":\"2026-04-05T11:29:55+00:00\",\"description\":\"Design-peitekuosi sammutuspeitteelle kotiin, m\u00f6kille, veneeseen ja matkailuautoon! Kaunis sammutuspeite on n\u00e4ytt\u00e4v\u00e4 ja helppo alkusammutusv\u00e4line.\",\"breadcrumb\":{\"@id\":\"https:\\\/\\\/safetypartners.fi\\\/kauppa\\\/tuote\\\/ivana-helsinki-design-sammutuspeite#breadcrumb\"},\"inLanguage\":\"fi\",\"potentialAction\":[{\"@type\":\"ReadAction\",\"target\":[\"https:\\\/\\\/safetypartners.fi\\\/kauppa\\\/tuote\\\/ivana-helsinki-design-sammutuspeite\"]}]},{\"@type\":\"ImageObject\",\"inLanguage\":\"fi\",\"@id\":\"https:\\\/\\\/safetypartners.fi\\\/kauppa\\\/tuote\\\/ivana-helsinki-design-sammutuspeite#primaryimage\",\"url\":\"https:\\\/\\\/safetypartners.fi\\\/kauppa\\\/wp-content\\\/uploads\\\/2024\\\/12\\\/Ivana-kollaasi_pieni-e1735810954165.png\",\"contentUrl\":\"https:\\\/\\\/safetypartners.fi\\\/kauppa\\\/wp-content\\\/uploads\\\/2024\\\/12\\\/Ivana-kollaasi_pieni-e1735810954165.png\",\"width\":623,\"height\":430,\"caption\":\"Ihastuttavat designkuosit sammutuspeitteille\"},{\"@type\":\"BreadcrumbList\",\"@id\":\"https:\\\/\\\/safetypartners.fi\\\/kauppa\\\/tuote\\\/ivana-helsinki-design-sammutuspeite#breadcrumb\",\"itemListElement\":[{\"@type\":\"ListItem\",\"position\":1,\"name\":\"Home\",\"item\":\"https:\\\/\\\/safetypartners.fi\\\/kauppa\\\/\"},{\"@type\":\"ListItem\",\"position\":2,\"name\":\"Kauppa\",\"item\":\"https:\\\/\\\/safetypartners.fi\\\/kauppa\\\/kauppa\"},{\"@type\":\"ListItem\",\"position\":3,\"name\":\"Ivana Helsinki design sammutuspeite\"}]},{\"@type\":\"WebSite\",\"@id\":\"https:\\\/\\\/safetypartners.fi\\\/kauppa\\\/#website\",\"url\":\"https:\\\/\\\/safetypartners.fi\\\/kauppa\\\/\",\"name\":\"Safety Partners\",\"description\":\"Safety Partners turvakauppa palvelee verkossa 24\\\/7!\",\"publisher\":{\"@id\":\"https:\\\/\\\/safetypartners.fi\\\/kauppa\\\/#organization\"},\"potentialAction\":[{\"@type\":\"SearchAction\",\"target\":{\"@type\":\"EntryPoint\",\"urlTemplate\":\"https:\\\/\\\/safetypartners.fi\\\/kauppa\\\/?s={search_term_string}\"},\"query-input\":{\"@type\":\"PropertyValueSpecification\",\"valueRequired\":true,\"valueName\":\"search_term_string\"}}],\"inLanguage\":\"fi\"},{\"@type\":\"Organization\",\"@id\":\"https:\\\/\\\/safetypartners.fi\\\/kauppa\\\/#organization\",\"name\":\"Safety Partners | Suomen Sammutinpalvelu\",\"url\":\"https:\\\/\\\/safetypartners.fi\\\/kauppa\\\/\",\"logo\":{\"@type\":\"ImageObject\",\"inLanguage\":\"fi\",\"@id\":\"https:\\\/\\\/safetypartners.fi\\\/kauppa\\\/#\\\/schema\\\/logo\\\/image\\\/\",\"url\":\"https:\\\/\\\/safetypartners.fi\\\/kauppa\\\/wp-content\\\/uploads\\\/2020\\\/05\\\/cropped-Logoke-1.jpg\",\"contentUrl\":\"https:\\\/\\\/safetypartners.fi\\\/kauppa\\\/wp-content\\\/uploads\\\/2020\\\/05\\\/cropped-Logoke-1.jpg\",\"width\":847,\"height\":717,\"caption\":\"Safety Partners | Suomen Sammutinpalvelu\"},\"image\":{\"@id\":\"https:\\\/\\\/safetypartners.fi\\\/kauppa\\\/#\\\/schema\\\/logo\\\/image\\\/\"}}]}<\/script>\n<!-- \/ Yoast SEO plugin. -->","yoast_head_json":{"title":"Ivana Helsinki design sammutuspeite - Safety Partners","description":"Design-peitekuosi sammutuspeitteelle kotiin, m\u00f6kille, veneeseen ja matkailuautoon! Kaunis sammutuspeite on n\u00e4ytt\u00e4v\u00e4 ja helppo alkusammutusv\u00e4line.","robots":{"index":"index","follow":"follow","max-snippet":"max-snippet:-1","max-image-preview":"max-image-preview:large","max-video-preview":"max-video-preview:-1"},"canonical":"https:\/\/safetypartners.fi\/kauppa\/tuote\/ivana-helsinki-design-sammutuspeite","og_locale":"fi_FI","og_type":"article","og_title":"Ivana Helsinki design sammutuspeite - Safety Partners","og_description":"Design-peitekuosi sammutuspeitteelle kotiin, m\u00f6kille, veneeseen ja matkailuautoon! Kaunis sammutuspeite on n\u00e4ytt\u00e4v\u00e4 ja helppo alkusammutusv\u00e4line.","og_url":"https:\/\/safetypartners.fi\/kauppa\/tuote\/ivana-helsinki-design-sammutuspeite","og_site_name":"Safety Partners","article_modified_time":"2026-04-05T11:29:55+00:00","og_image":[{"width":623,"height":430,"url":"https:\/\/safetypartners.fi\/kauppa\/wp-content\/uploads\/2024\/12\/Ivana-kollaasi_pieni-e1735810954165.png","type":"image\/png"}],"twitter_card":"summary_large_image","twitter_misc":{"Arvioitu lukuaika":"1 minuutti"},"schema":{"@context":"https:\/\/schema.org","@graph":[{"@type":"WebPage","@id":"https:\/\/safetypartners.fi\/kauppa\/tuote\/ivana-helsinki-design-sammutuspeite","url":"https:\/\/safetypartners.fi\/kauppa\/tuote\/ivana-helsinki-design-sammutuspeite","name":"Ivana Helsinki design sammutuspeite - Safety Partners","isPartOf":{"@id":"https:\/\/safetypartners.fi\/kauppa\/#website"},"primaryImageOfPage":{"@id":"https:\/\/safetypartners.fi\/kauppa\/tuote\/ivana-helsinki-design-sammutuspeite#primaryimage"},"image":{"@id":"https:\/\/safetypartners.fi\/kauppa\/tuote\/ivana-helsinki-design-sammutuspeite#primaryimage"},"thumbnailUrl":"https:\/\/safetypartners.fi\/kauppa\/wp-content\/uploads\/2024\/12\/Ivana-kollaasi_pieni-e1735810954165.png","datePublished":"2024-12-17T11:33:07+00:00","dateModified":"2026-04-05T11:29:55+00:00","description":"Design-peitekuosi sammutuspeitteelle kotiin, m\u00f6kille, veneeseen ja matkailuautoon! Kaunis sammutuspeite on n\u00e4ytt\u00e4v\u00e4 ja helppo alkusammutusv\u00e4line.","breadcrumb":{"@id":"https:\/\/safetypartners.fi\/kauppa\/tuote\/ivana-helsinki-design-sammutuspeite#breadcrumb"},"inLanguage":"fi","potentialAction":[{"@type":"ReadAction","target":["https:\/\/safetypartners.fi\/kauppa\/tuote\/ivana-helsinki-design-sammutuspeite"]}]},{"@type":"ImageObject","inLanguage":"fi","@id":"https:\/\/safetypartners.fi\/kauppa\/tuote\/ivana-helsinki-design-sammutuspeite#primaryimage","url":"https:\/\/safetypartners.fi\/kauppa\/wp-content\/uploads\/2024\/12\/Ivana-kollaasi_pieni-e1735810954165.png","contentUrl":"https:\/\/safetypartners.fi\/kauppa\/wp-content\/uploads\/2024\/12\/Ivana-kollaasi_pieni-e1735810954165.png","width":623,"height":430,"caption":"Ihastuttavat designkuosit sammutuspeitteille"},{"@type":"BreadcrumbList","@id":"https:\/\/safetypartners.fi\/kauppa\/tuote\/ivana-helsinki-design-sammutuspeite#breadcrumb","itemListElement":[{"@type":"ListItem","position":1,"name":"Home","item":"https:\/\/safetypartners.fi\/kauppa\/"},{"@type":"ListItem","position":2,"name":"Kauppa","item":"https:\/\/safetypartners.fi\/kauppa\/kauppa"},{"@type":"ListItem","position":3,"name":"Ivana Helsinki design sammutuspeite"}]},{"@type":"WebSite","@id":"https:\/\/safetypartners.fi\/kauppa\/#website","url":"https:\/\/safetypartners.fi\/kauppa\/","name":"Safety Partners","description":"Safety Partners turvakauppa palvelee verkossa 24\/7!","publisher":{"@id":"https:\/\/safetypartners.fi\/kauppa\/#organization"},"potentialAction":[{"@type":"SearchAction","target":{"@type":"EntryPoint","urlTemplate":"https:\/\/safetypartners.fi\/kauppa\/?s={search_term_string}"},"query-input":{"@type":"PropertyValueSpecification","valueRequired":true,"valueName":"search_term_string"}}],"inLanguage":"fi"},{"@type":"Organization","@id":"https:\/\/safetypartners.fi\/kauppa\/#organization","name":"Safety Partners | Suomen Sammutinpalvelu","url":"https:\/\/safetypartners.fi\/kauppa\/","logo":{"@type":"ImageObject","inLanguage":"fi","@id":"https:\/\/safetypartners.fi\/kauppa\/#\/schema\/logo\/image\/","url":"https:\/\/safetypartners.fi\/kauppa\/wp-content\/uploads\/2020\/05\/cropped-Logoke-1.jpg","contentUrl":"https:\/\/safetypartners.fi\/kauppa\/wp-content\/uploads\/2020\/05\/cropped-Logoke-1.jpg","width":847,"height":717,"caption":"Safety Partners | Suomen Sammutinpalvelu"},"image":{"@id":"https:\/\/safetypartners.fi\/kauppa\/#\/schema\/logo\/image\/"}}]}},"uagb_featured_image_src":{"full":["https:\/\/safetypartners.fi\/kauppa\/wp-content\/uploads\/2024\/12\/Ivana-kollaasi_pieni-e1735810954165.png",623,430,false],"thumbnail":["https:\/\/safetypartners.fi\/kauppa\/wp-content\/uploads\/2024\/12\/Ivana-kollaasi_pieni-e1735810954165-150x150.png",150,150,true],"medium":["https:\/\/safetypartners.fi\/kauppa\/wp-content\/uploads\/2024\/12\/Ivana-kollaasi_pieni-e1735810954165-300x207.png",300,207,true],"medium_large":["https:\/\/safetypartners.fi\/kauppa\/wp-content\/uploads\/2024\/12\/Ivana-kollaasi_pieni-e1735810954165.png",623,430,false],"large":["https:\/\/safetypartners.fi\/kauppa\/wp-content\/uploads\/2024\/12\/Ivana-kollaasi_pieni-e1735810954165.png",623,430,false],"1536x1536":["https:\/\/safetypartners.fi\/kauppa\/wp-content\/uploads\/2024\/12\/Ivana-kollaasi_pieni-e1735810954165.png",623,430,false],"2048x2048":["https:\/\/safetypartners.fi\/kauppa\/wp-content\/uploads\/2024\/12\/Ivana-kollaasi_pieni-e1735810954165.png",623,430,false],"woocommerce_thumbnail":["https:\/\/safetypartners.fi\/kauppa\/wp-content\/uploads\/2024\/12\/Ivana-kollaasi_pieni-e1735810954165-300x300.png",300,300,true],"woocommerce_single":["https:\/\/safetypartners.fi\/kauppa\/wp-content\/uploads\/2024\/12\/Ivana-kollaasi_pieni-e1735810954165-600x414.png",600,414,true],"woocommerce_gallery_thumbnail":["https:\/\/safetypartners.fi\/kauppa\/wp-content\/uploads\/2024\/12\/Ivana-kollaasi_pieni-e1735810954165-100x100.png",100,100,true]},"uagb_author_info":{"display_name":"Anu Lehto","author_link":"https:\/\/safetypartners.fi\/kauppa\/author"},"uagb_comment_info":0,"uagb_excerpt":"Paola Suhosen suunnittelemat Ivana Helsinki sammutuspeitekuosit ihastuttavat ja tuovat keitti\u00f6si, takkahuoneesi ja grillikatoksesi sein\u00e4lle upean yksityiskohdan. Samalla p\u00f6nkit\u00e4t kotisi paloturvallisuutta. Design-sammutuspeite on alkusammutusv\u00e4line kotiin, m\u00f6kille, veneeseen ja matkailuautoon. Design-peitekuosi on tarkoitettu vain yksityisiin tiloihin. Paras sammutuspeite on n\u00e4kyvill\u00e4 ja helposti k\u00e4ytett\u00e4viss\u00e4 - t\u00e4m\u00e4n sammutuspeitteen haluat pit\u00e4\u00e4 esill\u00e4! Sammutuspeitekuosi on myyt\u00e4viss\u00e4 sek\u00e4 sammutuspeitteell\u00e4 ett\u00e4 ilman. Pelkk\u00e4&hellip;","_links":{"self":[{"href":"https:\/\/safetypartners.fi\/kauppa\/wp-json\/wp\/v2\/product\/1168","targetHints":{"allow":["GET"]}}],"collection":[{"href":"https:\/\/safetypartners.fi\/kauppa\/wp-json\/wp\/v2\/product"}],"about":[{"href":"https:\/\/safetypartners.fi\/kauppa\/wp-json\/wp\/v2\/types\/product"}],"replies":[{"embeddable":true,"href":"https:\/\/safetypartners.fi\/kauppa\/wp-json\/wp\/v2\/comments?post=1168"}],"version-history":[{"count":9,"href":"https:\/\/safetypartners.fi\/kauppa\/wp-json\/wp\/v2\/product\/1168\/revisions"}],"predecessor-version":[{"id":2552,"href":"https:\/\/safetypartners.fi\/kauppa\/wp-json\/wp\/v2\/product\/1168\/revisions\/2552"}],"wp:featuredmedia":[{"embeddable":true,"href":"https:\/\/safetypartners.fi\/kauppa\/wp-json\/wp\/v2\/media\/2493"}],"wp:attachment":[{"href":"https:\/\/safetypartners.fi\/kauppa\/wp-json\/wp\/v2\/media?parent=1168"}],"wp:term":[{"taxonomy":"product_brand","embeddable":true,"href":"https:\/\/safetypartners.fi\/kauppa\/wp-json\/wp\/v2\/product_brand?post=1168"},{"taxonomy":"product_cat","embeddable":true,"href":"https:\/\/safetypartners.fi\/kauppa\/wp-json\/wp\/v2\/product_cat?post=1168"},{"taxonomy":"product_tag","embeddable":true,"href":"https:\/\/safetypartners.fi\/kauppa\/wp-json\/wp\/v2\/product_tag?post=1168"}],"curies":[{"name":"wp","href":"https:\/\/api.w.org\/{rel}","templated":true}]}}