{"id":1285,"date":"2022-09-27T13:51:45","date_gmt":"2022-09-27T10:51:45","guid":{"rendered":"https:\/\/safetypartners.fi\/kauppa\/?post_type=product&#038;p=1285"},"modified":"2025-03-24T14:08:45","modified_gmt":"2025-03-24T12:08:45","slug":"viiltosuojakasineet-huomiovarilla","status":"publish","type":"product","link":"https:\/\/safetypartners.fi\/kauppa\/tuote\/viiltosuojakasineet-huomiovarilla","title":{"rendered":"Viiltosuojak\u00e4sineet huomiov\u00e4rill\u00e4"},"content":{"rendered":"<p>Hi-viz-v\u00e4ritys n\u00e4kyy hyvin jopa h\u00e4m\u00e4r\u00e4ss\u00e4 valossa.<\/p>\n<p>Hyv\u00e4ksynn\u00e4t:<br \/>\nEN 420:2003 + A1:2009, EN 388:2016 &#8211; suojausluokat 3X42C<\/p>\n","protected":false},"excerpt":{"rendered":"<p><strong>Granberg Protector 116.575 -viiltosuojak\u00e4sineet<\/strong> erottuvat hi-viz-v\u00e4rityksell\u00e4\u00e4n. Laadukas viiltosuojaus perustuu k\u00e4sineen materiaalina k\u00e4ytettyyn Typhoon\u00ae-kuituun, joka on yksi maailman vahvimmista kuiduista. Korkean suojaukset ty\u00f6k\u00e4sinett\u00e4 suositellaan ty\u00f6teht\u00e4viin, joissa on suuri viiltohaavojensaantiriski ja joissa erinomainen n\u00e4kyvyys on t\u00e4rke\u00e4 edellytys.<\/p>\n<p>K\u00e4sineen k\u00e4mmenpuolen karkean nitriilipinnoitteen ansiosta saat hyv\u00e4n pidon kosteissa olosuhteissa ja erinomaisen tarttumaotteen kuivista pinnoista. Pinta hylkii \u00f6ljy\u00e4 ja rasvaa. Pehme\u00e4t ja joustavat k\u00e4sineet kest\u00e4v\u00e4t pitk\u00e4\u00e4n, vaativassakin k\u00e4yt\u00f6ss\u00e4.<\/p>\n<p>Valitse sinulle sopiva koko:<\/p>\n","protected":false},"featured_media":1287,"comment_status":"open","ping_status":"closed","template":"","meta":{"_uag_custom_page_level_css":"","site-sidebar-layout":"default","site-content-layout":"default","ast-site-content-layout":"default","site-content-style":"default","site-sidebar-style":"default","ast-global-header-display":"","ast-banner-title-visibility":"","ast-main-header-display":"","ast-hfb-above-header-display":"","ast-hfb-below-header-display":"","ast-hfb-mobile-header-display":"","site-post-title":"","ast-breadcrumbs-content":"","ast-featured-img":"","footer-sml-layout":"","ast-disable-related-posts":"","theme-transparent-header-meta":"default","adv-header-id-meta":"","stick-header-meta":"default","header-above-stick-meta":"","header-main-stick-meta":"","header-below-stick-meta":"","astra-migrate-meta-layouts":"set","ast-page-background-enabled":"default","ast-page-background-meta":{"desktop":{"background-color":"","background-image":"","background-repeat":"repeat","background-position":"center center","background-size":"auto","background-attachment":"scroll","background-type":"","background-media":"","overlay-type":"","overlay-color":"","overlay-opacity":"","overlay-gradient":""},"tablet":{"background-color":"","background-image":"","background-repeat":"repeat","background-position":"center center","background-size":"auto","background-attachment":"scroll","background-type":"","background-media":"","overlay-type":"","overlay-color":"","overlay-opacity":"","overlay-gradient":""},"mobile":{"background-color":"","background-image":"","background-repeat":"repeat","background-position":"center center","background-size":"auto","background-attachment":"scroll","background-type":"","background-media":"","overlay-type":"","overlay-color":"","overlay-opacity":"","overlay-gradient":""}},"ast-content-background-meta":{"desktop":{"background-color":"var(--ast-global-color-5)","background-image":"","background-repeat":"repeat","background-position":"center center","background-size":"auto","background-attachment":"scroll","background-type":"","background-media":"","overlay-type":"","overlay-color":"","overlay-opacity":"","overlay-gradient":""},"tablet":{"background-color":"var(--ast-global-color-5)","background-image":"","background-repeat":"repeat","background-position":"center center","background-size":"auto","background-attachment":"scroll","background-type":"","background-media":"","overlay-type":"","overlay-color":"","overlay-opacity":"","overlay-gradient":""},"mobile":{"background-color":"var(--ast-global-color-5)","background-image":"","background-repeat":"repeat","background-position":"center center","background-size":"auto","background-attachment":"scroll","background-type":"","background-media":"","overlay-type":"","overlay-color":"","overlay-opacity":"","overlay-gradient":""}}},"product_brand":[],"product_cat":[15,44],"product_tag":[567,682,568,569,337,912,911,565],"class_list":{"0":"post-1285","1":"product","2":"type-product","3":"status-publish","4":"has-post-thumbnail","6":"product_cat-yleinen","7":"product_cat-tyoturvallisuus","8":"product_tag-granberg","9":"product_tag-hanskat","10":"product_tag-hi-viz","11":"product_tag-huomiovari","12":"product_tag-laadukas","13":"product_tag-tyohansikkaat","14":"product_tag-viilto-suoja","15":"product_tag-viiltosuojakasineet","16":"product_shipping_class-suomi","17":"desktop-align-center","18":"tablet-align-center","19":"mobile-align-center","20":"ast-product-gallery-layout-horizontal-slider","21":"ast-product-gallery-with-no-image","22":"ast-product-single-variable","23":"ast-product-tabs-layout-horizontal","25":"first","26":"instock","27":"taxable","28":"shipping-taxable","29":"purchasable","30":"product-type-variable"},"yoast_head":"<!-- This site is optimized with the Yoast SEO plugin v27.3 - https:\/\/yoast.com\/product\/yoast-seo-wordpress\/ -->\n<title>Viiltosuojak\u00e4sineet huomiov\u00e4rill\u00e4 - Safety Partners<\/title>\n<meta name=\"description\" content=\"Laadukkaat viiltosuojak\u00e4sineet erottuvat hi-viz-v\u00e4rityksell\u00e4\u00e4n. Typhoon\u00ae-kuitu on yksi maailman vahvimmista kuiduista - k\u00e4sineet kest\u00e4v\u00e4t k\u00e4yt\u00f6ss\u00e4 pitk\u00e4\u00e4n.\" \/>\n<meta name=\"robots\" content=\"index, follow, max-snippet:-1, max-image-preview:large, max-video-preview:-1\" \/>\n<link rel=\"canonical\" href=\"https:\/\/safetypartners.fi\/kauppa\/tuote\/viiltosuojakasineet-huomiovarilla\" \/>\n<meta property=\"og:locale\" content=\"fi_FI\" \/>\n<meta property=\"og:type\" content=\"article\" \/>\n<meta property=\"og:title\" content=\"Viiltosuojak\u00e4sineet huomiov\u00e4rill\u00e4 - Safety Partners\" \/>\n<meta property=\"og:description\" content=\"Laadukkaat viiltosuojak\u00e4sineet erottuvat hi-viz-v\u00e4rityksell\u00e4\u00e4n. Typhoon\u00ae-kuitu on yksi maailman vahvimmista kuiduista - k\u00e4sineet kest\u00e4v\u00e4t k\u00e4yt\u00f6ss\u00e4 pitk\u00e4\u00e4n.\" \/>\n<meta property=\"og:url\" content=\"https:\/\/safetypartners.fi\/kauppa\/tuote\/viiltosuojakasineet-huomiovarilla\" \/>\n<meta property=\"og:site_name\" content=\"Safety Partners\" \/>\n<meta property=\"article:modified_time\" content=\"2025-03-24T12:08:45+00:00\" \/>\n<meta property=\"og:image\" content=\"https:\/\/safetypartners.fi\/kauppa\/wp-content\/uploads\/2022\/09\/Viiltosuojakasineet-huomiovarilla.png\" \/>\n\t<meta property=\"og:image:width\" content=\"806\" \/>\n\t<meta property=\"og:image:height\" content=\"688\" \/>\n\t<meta property=\"og:image:type\" content=\"image\/png\" \/>\n<meta name=\"twitter:card\" content=\"summary_large_image\" \/>\n<meta name=\"twitter:label1\" content=\"Arvioitu lukuaika\" \/>\n\t<meta name=\"twitter:data1\" content=\"1 minuutti\" \/>\n<script type=\"application\/ld+json\" class=\"yoast-schema-graph\">{\"@context\":\"https:\\\/\\\/schema.org\",\"@graph\":[{\"@type\":\"WebPage\",\"@id\":\"https:\\\/\\\/safetypartners.fi\\\/kauppa\\\/tuote\\\/viiltosuojakasineet-huomiovarilla\",\"url\":\"https:\\\/\\\/safetypartners.fi\\\/kauppa\\\/tuote\\\/viiltosuojakasineet-huomiovarilla\",\"name\":\"Viiltosuojak\u00e4sineet huomiov\u00e4rill\u00e4 - Safety Partners\",\"isPartOf\":{\"@id\":\"https:\\\/\\\/safetypartners.fi\\\/kauppa\\\/#website\"},\"primaryImageOfPage\":{\"@id\":\"https:\\\/\\\/safetypartners.fi\\\/kauppa\\\/tuote\\\/viiltosuojakasineet-huomiovarilla#primaryimage\"},\"image\":{\"@id\":\"https:\\\/\\\/safetypartners.fi\\\/kauppa\\\/tuote\\\/viiltosuojakasineet-huomiovarilla#primaryimage\"},\"thumbnailUrl\":\"https:\\\/\\\/safetypartners.fi\\\/kauppa\\\/wp-content\\\/uploads\\\/2022\\\/09\\\/Viiltosuojakasineet-huomiovarilla.png\",\"datePublished\":\"2022-09-27T10:51:45+00:00\",\"dateModified\":\"2025-03-24T12:08:45+00:00\",\"description\":\"Laadukkaat viiltosuojak\u00e4sineet erottuvat hi-viz-v\u00e4rityksell\u00e4\u00e4n. Typhoon\u00ae-kuitu on yksi maailman vahvimmista kuiduista - k\u00e4sineet kest\u00e4v\u00e4t k\u00e4yt\u00f6ss\u00e4 pitk\u00e4\u00e4n.\",\"breadcrumb\":{\"@id\":\"https:\\\/\\\/safetypartners.fi\\\/kauppa\\\/tuote\\\/viiltosuojakasineet-huomiovarilla#breadcrumb\"},\"inLanguage\":\"fi\",\"potentialAction\":[{\"@type\":\"ReadAction\",\"target\":[\"https:\\\/\\\/safetypartners.fi\\\/kauppa\\\/tuote\\\/viiltosuojakasineet-huomiovarilla\"]}]},{\"@type\":\"ImageObject\",\"inLanguage\":\"fi\",\"@id\":\"https:\\\/\\\/safetypartners.fi\\\/kauppa\\\/tuote\\\/viiltosuojakasineet-huomiovarilla#primaryimage\",\"url\":\"https:\\\/\\\/safetypartners.fi\\\/kauppa\\\/wp-content\\\/uploads\\\/2022\\\/09\\\/Viiltosuojakasineet-huomiovarilla.png\",\"contentUrl\":\"https:\\\/\\\/safetypartners.fi\\\/kauppa\\\/wp-content\\\/uploads\\\/2022\\\/09\\\/Viiltosuojakasineet-huomiovarilla.png\",\"width\":806,\"height\":688,\"caption\":\"Laadukkaiden k\u00e4sineiden hi-viz-v\u00e4ritys n\u00e4kyy hyvin h\u00e4m\u00e4r\u00e4ss\u00e4kin valossa\"},{\"@type\":\"BreadcrumbList\",\"@id\":\"https:\\\/\\\/safetypartners.fi\\\/kauppa\\\/tuote\\\/viiltosuojakasineet-huomiovarilla#breadcrumb\",\"itemListElement\":[{\"@type\":\"ListItem\",\"position\":1,\"name\":\"Home\",\"item\":\"https:\\\/\\\/safetypartners.fi\\\/kauppa\\\/\"},{\"@type\":\"ListItem\",\"position\":2,\"name\":\"Kauppa\",\"item\":\"https:\\\/\\\/safetypartners.fi\\\/kauppa\\\/kauppa\"},{\"@type\":\"ListItem\",\"position\":3,\"name\":\"Viiltosuojak\u00e4sineet huomiov\u00e4rill\u00e4\"}]},{\"@type\":\"WebSite\",\"@id\":\"https:\\\/\\\/safetypartners.fi\\\/kauppa\\\/#website\",\"url\":\"https:\\\/\\\/safetypartners.fi\\\/kauppa\\\/\",\"name\":\"Safety Partners\",\"description\":\"Safety Partners turvakauppa palvelee verkossa 24\\\/7!\",\"publisher\":{\"@id\":\"https:\\\/\\\/safetypartners.fi\\\/kauppa\\\/#organization\"},\"potentialAction\":[{\"@type\":\"SearchAction\",\"target\":{\"@type\":\"EntryPoint\",\"urlTemplate\":\"https:\\\/\\\/safetypartners.fi\\\/kauppa\\\/?s={search_term_string}\"},\"query-input\":{\"@type\":\"PropertyValueSpecification\",\"valueRequired\":true,\"valueName\":\"search_term_string\"}}],\"inLanguage\":\"fi\"},{\"@type\":\"Organization\",\"@id\":\"https:\\\/\\\/safetypartners.fi\\\/kauppa\\\/#organization\",\"name\":\"Safety Partners | Suomen Sammutinpalvelu\",\"url\":\"https:\\\/\\\/safetypartners.fi\\\/kauppa\\\/\",\"logo\":{\"@type\":\"ImageObject\",\"inLanguage\":\"fi\",\"@id\":\"https:\\\/\\\/safetypartners.fi\\\/kauppa\\\/#\\\/schema\\\/logo\\\/image\\\/\",\"url\":\"https:\\\/\\\/safetypartners.fi\\\/kauppa\\\/wp-content\\\/uploads\\\/2020\\\/05\\\/cropped-Logoke-1.jpg\",\"contentUrl\":\"https:\\\/\\\/safetypartners.fi\\\/kauppa\\\/wp-content\\\/uploads\\\/2020\\\/05\\\/cropped-Logoke-1.jpg\",\"width\":847,\"height\":717,\"caption\":\"Safety Partners | Suomen Sammutinpalvelu\"},\"image\":{\"@id\":\"https:\\\/\\\/safetypartners.fi\\\/kauppa\\\/#\\\/schema\\\/logo\\\/image\\\/\"}}]}<\/script>\n<!-- \/ Yoast SEO plugin. -->","yoast_head_json":{"title":"Viiltosuojak\u00e4sineet huomiov\u00e4rill\u00e4 - Safety Partners","description":"Laadukkaat viiltosuojak\u00e4sineet erottuvat hi-viz-v\u00e4rityksell\u00e4\u00e4n. Typhoon\u00ae-kuitu on yksi maailman vahvimmista kuiduista - k\u00e4sineet kest\u00e4v\u00e4t k\u00e4yt\u00f6ss\u00e4 pitk\u00e4\u00e4n.","robots":{"index":"index","follow":"follow","max-snippet":"max-snippet:-1","max-image-preview":"max-image-preview:large","max-video-preview":"max-video-preview:-1"},"canonical":"https:\/\/safetypartners.fi\/kauppa\/tuote\/viiltosuojakasineet-huomiovarilla","og_locale":"fi_FI","og_type":"article","og_title":"Viiltosuojak\u00e4sineet huomiov\u00e4rill\u00e4 - Safety Partners","og_description":"Laadukkaat viiltosuojak\u00e4sineet erottuvat hi-viz-v\u00e4rityksell\u00e4\u00e4n. Typhoon\u00ae-kuitu on yksi maailman vahvimmista kuiduista - k\u00e4sineet kest\u00e4v\u00e4t k\u00e4yt\u00f6ss\u00e4 pitk\u00e4\u00e4n.","og_url":"https:\/\/safetypartners.fi\/kauppa\/tuote\/viiltosuojakasineet-huomiovarilla","og_site_name":"Safety Partners","article_modified_time":"2025-03-24T12:08:45+00:00","og_image":[{"width":806,"height":688,"url":"https:\/\/safetypartners.fi\/kauppa\/wp-content\/uploads\/2022\/09\/Viiltosuojakasineet-huomiovarilla.png","type":"image\/png"}],"twitter_card":"summary_large_image","twitter_misc":{"Arvioitu lukuaika":"1 minuutti"},"schema":{"@context":"https:\/\/schema.org","@graph":[{"@type":"WebPage","@id":"https:\/\/safetypartners.fi\/kauppa\/tuote\/viiltosuojakasineet-huomiovarilla","url":"https:\/\/safetypartners.fi\/kauppa\/tuote\/viiltosuojakasineet-huomiovarilla","name":"Viiltosuojak\u00e4sineet huomiov\u00e4rill\u00e4 - Safety Partners","isPartOf":{"@id":"https:\/\/safetypartners.fi\/kauppa\/#website"},"primaryImageOfPage":{"@id":"https:\/\/safetypartners.fi\/kauppa\/tuote\/viiltosuojakasineet-huomiovarilla#primaryimage"},"image":{"@id":"https:\/\/safetypartners.fi\/kauppa\/tuote\/viiltosuojakasineet-huomiovarilla#primaryimage"},"thumbnailUrl":"https:\/\/safetypartners.fi\/kauppa\/wp-content\/uploads\/2022\/09\/Viiltosuojakasineet-huomiovarilla.png","datePublished":"2022-09-27T10:51:45+00:00","dateModified":"2025-03-24T12:08:45+00:00","description":"Laadukkaat viiltosuojak\u00e4sineet erottuvat hi-viz-v\u00e4rityksell\u00e4\u00e4n. Typhoon\u00ae-kuitu on yksi maailman vahvimmista kuiduista - k\u00e4sineet kest\u00e4v\u00e4t k\u00e4yt\u00f6ss\u00e4 pitk\u00e4\u00e4n.","breadcrumb":{"@id":"https:\/\/safetypartners.fi\/kauppa\/tuote\/viiltosuojakasineet-huomiovarilla#breadcrumb"},"inLanguage":"fi","potentialAction":[{"@type":"ReadAction","target":["https:\/\/safetypartners.fi\/kauppa\/tuote\/viiltosuojakasineet-huomiovarilla"]}]},{"@type":"ImageObject","inLanguage":"fi","@id":"https:\/\/safetypartners.fi\/kauppa\/tuote\/viiltosuojakasineet-huomiovarilla#primaryimage","url":"https:\/\/safetypartners.fi\/kauppa\/wp-content\/uploads\/2022\/09\/Viiltosuojakasineet-huomiovarilla.png","contentUrl":"https:\/\/safetypartners.fi\/kauppa\/wp-content\/uploads\/2022\/09\/Viiltosuojakasineet-huomiovarilla.png","width":806,"height":688,"caption":"Laadukkaiden k\u00e4sineiden hi-viz-v\u00e4ritys n\u00e4kyy hyvin h\u00e4m\u00e4r\u00e4ss\u00e4kin valossa"},{"@type":"BreadcrumbList","@id":"https:\/\/safetypartners.fi\/kauppa\/tuote\/viiltosuojakasineet-huomiovarilla#breadcrumb","itemListElement":[{"@type":"ListItem","position":1,"name":"Home","item":"https:\/\/safetypartners.fi\/kauppa\/"},{"@type":"ListItem","position":2,"name":"Kauppa","item":"https:\/\/safetypartners.fi\/kauppa\/kauppa"},{"@type":"ListItem","position":3,"name":"Viiltosuojak\u00e4sineet huomiov\u00e4rill\u00e4"}]},{"@type":"WebSite","@id":"https:\/\/safetypartners.fi\/kauppa\/#website","url":"https:\/\/safetypartners.fi\/kauppa\/","name":"Safety Partners","description":"Safety Partners turvakauppa palvelee verkossa 24\/7!","publisher":{"@id":"https:\/\/safetypartners.fi\/kauppa\/#organization"},"potentialAction":[{"@type":"SearchAction","target":{"@type":"EntryPoint","urlTemplate":"https:\/\/safetypartners.fi\/kauppa\/?s={search_term_string}"},"query-input":{"@type":"PropertyValueSpecification","valueRequired":true,"valueName":"search_term_string"}}],"inLanguage":"fi"},{"@type":"Organization","@id":"https:\/\/safetypartners.fi\/kauppa\/#organization","name":"Safety Partners | Suomen Sammutinpalvelu","url":"https:\/\/safetypartners.fi\/kauppa\/","logo":{"@type":"ImageObject","inLanguage":"fi","@id":"https:\/\/safetypartners.fi\/kauppa\/#\/schema\/logo\/image\/","url":"https:\/\/safetypartners.fi\/kauppa\/wp-content\/uploads\/2020\/05\/cropped-Logoke-1.jpg","contentUrl":"https:\/\/safetypartners.fi\/kauppa\/wp-content\/uploads\/2020\/05\/cropped-Logoke-1.jpg","width":847,"height":717,"caption":"Safety Partners | Suomen Sammutinpalvelu"},"image":{"@id":"https:\/\/safetypartners.fi\/kauppa\/#\/schema\/logo\/image\/"}}]}},"uagb_featured_image_src":{"full":["https:\/\/safetypartners.fi\/kauppa\/wp-content\/uploads\/2022\/09\/Viiltosuojakasineet-huomiovarilla.png",806,688,false],"thumbnail":["https:\/\/safetypartners.fi\/kauppa\/wp-content\/uploads\/2022\/09\/Viiltosuojakasineet-huomiovarilla-150x150.png",150,150,true],"medium":["https:\/\/safetypartners.fi\/kauppa\/wp-content\/uploads\/2022\/09\/Viiltosuojakasineet-huomiovarilla-300x256.png",300,256,true],"medium_large":["https:\/\/safetypartners.fi\/kauppa\/wp-content\/uploads\/2022\/09\/Viiltosuojakasineet-huomiovarilla-768x656.png",768,656,true],"large":["https:\/\/safetypartners.fi\/kauppa\/wp-content\/uploads\/2022\/09\/Viiltosuojakasineet-huomiovarilla.png",806,688,false],"1536x1536":["https:\/\/safetypartners.fi\/kauppa\/wp-content\/uploads\/2022\/09\/Viiltosuojakasineet-huomiovarilla.png",806,688,false],"2048x2048":["https:\/\/safetypartners.fi\/kauppa\/wp-content\/uploads\/2022\/09\/Viiltosuojakasineet-huomiovarilla.png",806,688,false],"woocommerce_thumbnail":["https:\/\/safetypartners.fi\/kauppa\/wp-content\/uploads\/2022\/09\/Viiltosuojakasineet-huomiovarilla-300x300.png",300,300,true],"woocommerce_single":["https:\/\/safetypartners.fi\/kauppa\/wp-content\/uploads\/2022\/09\/Viiltosuojakasineet-huomiovarilla-600x512.png",600,512,true],"woocommerce_gallery_thumbnail":["https:\/\/safetypartners.fi\/kauppa\/wp-content\/uploads\/2022\/09\/Viiltosuojakasineet-huomiovarilla-100x100.png",100,100,true]},"uagb_author_info":{"display_name":"Anu Lehto","author_link":"https:\/\/safetypartners.fi\/kauppa\/author"},"uagb_comment_info":0,"uagb_excerpt":"Granberg Protector 116.575 -viiltosuojak\u00e4sineet erottuvat hi-viz-v\u00e4rityksell\u00e4\u00e4n. Laadukas viiltosuojaus perustuu k\u00e4sineen materiaalina k\u00e4ytettyyn Typhoon\u00ae-kuituun, joka on yksi maailman vahvimmista kuiduista. Korkean suojaukset ty\u00f6k\u00e4sinett\u00e4 suositellaan ty\u00f6teht\u00e4viin, joissa on suuri viiltohaavojensaantiriski ja joissa erinomainen n\u00e4kyvyys on t\u00e4rke\u00e4 edellytys. K\u00e4sineen k\u00e4mmenpuolen karkean nitriilipinnoitteen ansiosta saat hyv\u00e4n pidon kosteissa olosuhteissa ja erinomaisen tarttumaotteen kuivista pinnoista. Pinta hylkii \u00f6ljy\u00e4 ja rasvaa.&hellip;","_links":{"self":[{"href":"https:\/\/safetypartners.fi\/kauppa\/wp-json\/wp\/v2\/product\/1285","targetHints":{"allow":["GET"]}}],"collection":[{"href":"https:\/\/safetypartners.fi\/kauppa\/wp-json\/wp\/v2\/product"}],"about":[{"href":"https:\/\/safetypartners.fi\/kauppa\/wp-json\/wp\/v2\/types\/product"}],"replies":[{"embeddable":true,"href":"https:\/\/safetypartners.fi\/kauppa\/wp-json\/wp\/v2\/comments?post=1285"}],"version-history":[{"count":2,"href":"https:\/\/safetypartners.fi\/kauppa\/wp-json\/wp\/v2\/product\/1285\/revisions"}],"predecessor-version":[{"id":2258,"href":"https:\/\/safetypartners.fi\/kauppa\/wp-json\/wp\/v2\/product\/1285\/revisions\/2258"}],"wp:featuredmedia":[{"embeddable":true,"href":"https:\/\/safetypartners.fi\/kauppa\/wp-json\/wp\/v2\/media\/1287"}],"wp:attachment":[{"href":"https:\/\/safetypartners.fi\/kauppa\/wp-json\/wp\/v2\/media?parent=1285"}],"wp:term":[{"taxonomy":"product_brand","embeddable":true,"href":"https:\/\/safetypartners.fi\/kauppa\/wp-json\/wp\/v2\/product_brand?post=1285"},{"taxonomy":"product_cat","embeddable":true,"href":"https:\/\/safetypartners.fi\/kauppa\/wp-json\/wp\/v2\/product_cat?post=1285"},{"taxonomy":"product_tag","embeddable":true,"href":"https:\/\/safetypartners.fi\/kauppa\/wp-json\/wp\/v2\/product_tag?post=1285"}],"curies":[{"name":"wp","href":"https:\/\/api.w.org\/{rel}","templated":true}]}}