{"id":1307,"date":"2022-09-28T14:17:35","date_gmt":"2022-09-28T11:17:35","guid":{"rendered":"https:\/\/safetypartners.fi\/kauppa\/?post_type=product&#038;p=1307"},"modified":"2022-10-25T10:12:48","modified_gmt":"2022-10-25T07:12:48","slug":"heijastinliivi","status":"publish","type":"product","link":"https:\/\/safetypartners.fi\/kauppa\/tuote\/heijastinliivi","title":{"rendered":"Heijastinliivi"},"content":{"rendered":"<div data-content-type=\"row\" data-appearance=\"contained\" data-element=\"main\">\n<div data-enable-parallax=\"0\" data-parallax-speed=\"0.5\" data-background-images=\"{}\" data-background-type=\"image\" data-video-loop=\"true\" data-video-play-only-visible=\"true\" data-video-lazy-load=\"true\" data-video-fallback-src=\"\" data-element=\"inner\" data-pb-style=\"630F06B98C560\">\n<div data-content-type=\"html\" data-appearance=\"default\" data-element=\"main\" data-pb-style=\"630F06B98C575\" data-decoded=\"true\">\n<ul>\n<li>Hyv\u00e4ksynt\u00e4 EN 471<\/li>\n<li>V\u00e4ri fluoresoiva keltainen<\/li>\n<li>Materiaali 100% polyesteri-neulos 140g\/m2<\/li>\n<li>Heijastimet 3M Scotchlite<\/li>\n<li>Suojausluokka 2<\/li>\n<li>Koot: M-XL<\/li>\n<\/ul>\n<p>Koko M = rinnanymp\u00e4rys 96-108cm<br \/>\nKoko L = rinnanymp\u00e4rys 108-116cm<br \/>\nKoko XL = rinnanymp\u00e4rys 116-128cm<br \/>\nKoko 2XL = rinnanymp\u00e4rys 128-136cm<br \/>\nKoko 3XL = rinnanymp\u00e4rys 136-148cm<\/p>\n<\/div>\n<\/div>\n<\/div>\n","protected":false},"excerpt":{"rendered":"<p><strong>T\u00e4m\u00e4 Suomessa valmistettu heijastinliivi <\/strong>tekee pime\u00e4ss\u00e4 liikkumisesta ja ty\u00f6skentelyst\u00e4 turvallisempaa. Liivi on helposti sujautettavissa muun vaatetuksen p\u00e4\u00e4lle. Hi-viz-neonv\u00e4ri sek\u00e4 laadukkaat 3M Scotchlite -heijastimet loistavat kirkkaasti valoja vasten k\u00e4velytiell\u00e4, py\u00f6r\u00e4illess\u00e4, mets\u00e4ss\u00e4 tai ty\u00f6maalla.<\/p>\n<p>Valitsethan sopivan koon valikosta (kokoluonnehdinta l\u00f6ytyy alempaa):<\/p>\n","protected":false},"featured_media":1310,"comment_status":"open","ping_status":"closed","template":"","meta":{"_uag_custom_page_level_css":"","site-sidebar-layout":"default","site-content-layout":"default","ast-site-content-layout":"default","site-content-style":"default","site-sidebar-style":"default","ast-global-header-display":"","ast-banner-title-visibility":"","ast-main-header-display":"","ast-hfb-above-header-display":"","ast-hfb-below-header-display":"","ast-hfb-mobile-header-display":"","site-post-title":"","ast-breadcrumbs-content":"","ast-featured-img":"","footer-sml-layout":"","ast-disable-related-posts":"","theme-transparent-header-meta":"default","adv-header-id-meta":"","stick-header-meta":"default","header-above-stick-meta":"","header-main-stick-meta":"","header-below-stick-meta":"","astra-migrate-meta-layouts":"default","ast-page-background-enabled":"default","ast-page-background-meta":{"desktop":{"background-color":"","background-image":"","background-repeat":"repeat","background-position":"center center","background-size":"auto","background-attachment":"scroll","background-type":"","background-media":"","overlay-type":"","overlay-color":"","overlay-opacity":"","overlay-gradient":""},"tablet":{"background-color":"","background-image":"","background-repeat":"repeat","background-position":"center center","background-size":"auto","background-attachment":"scroll","background-type":"","background-media":"","overlay-type":"","overlay-color":"","overlay-opacity":"","overlay-gradient":""},"mobile":{"background-color":"","background-image":"","background-repeat":"repeat","background-position":"center center","background-size":"auto","background-attachment":"scroll","background-type":"","background-media":"","overlay-type":"","overlay-color":"","overlay-opacity":"","overlay-gradient":""}},"ast-content-background-meta":{"desktop":{"background-color":"var(--ast-global-color-5)","background-image":"","background-repeat":"repeat","background-position":"center center","background-size":"auto","background-attachment":"scroll","background-type":"","background-media":"","overlay-type":"","overlay-color":"","overlay-opacity":"","overlay-gradient":""},"tablet":{"background-color":"var(--ast-global-color-5)","background-image":"","background-repeat":"repeat","background-position":"center center","background-size":"auto","background-attachment":"scroll","background-type":"","background-media":"","overlay-type":"","overlay-color":"","overlay-opacity":"","overlay-gradient":""},"mobile":{"background-color":"var(--ast-global-color-5)","background-image":"","background-repeat":"repeat","background-position":"center center","background-size":"auto","background-attachment":"scroll","background-type":"","background-media":"","overlay-type":"","overlay-color":"","overlay-opacity":"","overlay-gradient":""}}},"product_brand":[],"product_cat":[15,44],"product_tag":[577,576,568,578],"class_list":{"0":"post-1307","1":"product","2":"type-product","3":"status-publish","4":"has-post-thumbnail","6":"product_cat-yleinen","7":"product_cat-tyoturvallisuus","8":"product_tag-heijastin","9":"product_tag-heijastinliivi","10":"product_tag-hi-viz","11":"product_tag-liivi","12":"desktop-align-center","13":"tablet-align-center","14":"mobile-align-center","15":"ast-product-gallery-layout-horizontal-slider","16":"ast-product-gallery-with-no-image","17":"ast-product-single-variable","18":"ast-product-tabs-layout-horizontal","20":"first","21":"instock","22":"taxable","23":"shipping-taxable","24":"purchasable","25":"product-type-variable"},"yoast_head":"<!-- This site is optimized with the Yoast SEO plugin v27.3 - https:\/\/yoast.com\/product\/yoast-seo-wordpress\/ -->\n<title>Heijastinliivi - Safety Partners<\/title>\n<meta name=\"description\" content=\"T\u00e4m\u00e4 Suomessa valmistettu heijastinliivi tekee pime\u00e4ll\u00e4 liikkumisesta turvallisempaa. Liivi on helposti puettavissa muun vaatetuksen p\u00e4\u00e4lle.\" \/>\n<meta name=\"robots\" content=\"index, follow, max-snippet:-1, max-image-preview:large, max-video-preview:-1\" \/>\n<link rel=\"canonical\" href=\"https:\/\/safetypartners.fi\/kauppa\/tuote\/heijastinliivi\" \/>\n<meta property=\"og:locale\" content=\"fi_FI\" \/>\n<meta property=\"og:type\" content=\"article\" \/>\n<meta property=\"og:title\" content=\"Heijastinliivi - Safety Partners\" \/>\n<meta property=\"og:description\" content=\"T\u00e4m\u00e4 Suomessa valmistettu heijastinliivi tekee pime\u00e4ll\u00e4 liikkumisesta turvallisempaa. Liivi on helposti puettavissa muun vaatetuksen p\u00e4\u00e4lle.\" \/>\n<meta property=\"og:url\" content=\"https:\/\/safetypartners.fi\/kauppa\/tuote\/heijastinliivi\" \/>\n<meta property=\"og:site_name\" content=\"Safety Partners\" \/>\n<meta property=\"article:modified_time\" content=\"2022-10-25T07:12:48+00:00\" \/>\n<meta property=\"og:image\" content=\"https:\/\/safetypartners.fi\/kauppa\/wp-content\/uploads\/2022\/09\/Viljanmaa-heijastinliivi..png\" \/>\n\t<meta property=\"og:image:width\" content=\"782\" \/>\n\t<meta property=\"og:image:height\" content=\"860\" \/>\n\t<meta property=\"og:image:type\" content=\"image\/png\" \/>\n<meta name=\"twitter:card\" content=\"summary_large_image\" \/>\n<meta name=\"twitter:label1\" content=\"Arvioitu lukuaika\" \/>\n\t<meta name=\"twitter:data1\" content=\"1 minuutti\" \/>\n<script type=\"application\/ld+json\" class=\"yoast-schema-graph\">{\"@context\":\"https:\\\/\\\/schema.org\",\"@graph\":[{\"@type\":\"WebPage\",\"@id\":\"https:\\\/\\\/safetypartners.fi\\\/kauppa\\\/tuote\\\/heijastinliivi\",\"url\":\"https:\\\/\\\/safetypartners.fi\\\/kauppa\\\/tuote\\\/heijastinliivi\",\"name\":\"Heijastinliivi - Safety Partners\",\"isPartOf\":{\"@id\":\"https:\\\/\\\/safetypartners.fi\\\/kauppa\\\/#website\"},\"primaryImageOfPage\":{\"@id\":\"https:\\\/\\\/safetypartners.fi\\\/kauppa\\\/tuote\\\/heijastinliivi#primaryimage\"},\"image\":{\"@id\":\"https:\\\/\\\/safetypartners.fi\\\/kauppa\\\/tuote\\\/heijastinliivi#primaryimage\"},\"thumbnailUrl\":\"https:\\\/\\\/safetypartners.fi\\\/kauppa\\\/wp-content\\\/uploads\\\/2022\\\/09\\\/Viljanmaa-heijastinliivi..png\",\"datePublished\":\"2022-09-28T11:17:35+00:00\",\"dateModified\":\"2022-10-25T07:12:48+00:00\",\"description\":\"T\u00e4m\u00e4 Suomessa valmistettu heijastinliivi tekee pime\u00e4ll\u00e4 liikkumisesta turvallisempaa. Liivi on helposti puettavissa muun vaatetuksen p\u00e4\u00e4lle.\",\"breadcrumb\":{\"@id\":\"https:\\\/\\\/safetypartners.fi\\\/kauppa\\\/tuote\\\/heijastinliivi#breadcrumb\"},\"inLanguage\":\"fi\",\"potentialAction\":[{\"@type\":\"ReadAction\",\"target\":[\"https:\\\/\\\/safetypartners.fi\\\/kauppa\\\/tuote\\\/heijastinliivi\"]}]},{\"@type\":\"ImageObject\",\"inLanguage\":\"fi\",\"@id\":\"https:\\\/\\\/safetypartners.fi\\\/kauppa\\\/tuote\\\/heijastinliivi#primaryimage\",\"url\":\"https:\\\/\\\/safetypartners.fi\\\/kauppa\\\/wp-content\\\/uploads\\\/2022\\\/09\\\/Viljanmaa-heijastinliivi..png\",\"contentUrl\":\"https:\\\/\\\/safetypartners.fi\\\/kauppa\\\/wp-content\\\/uploads\\\/2022\\\/09\\\/Viljanmaa-heijastinliivi..png\",\"width\":782,\"height\":860,\"caption\":\"Neonv\u00e4ri ja selke\u00e4t heijastimet auttavat k\u00e4ytt\u00e4j\u00e4\u00e4 n\u00e4kym\u00e4\u00e4n kirkkaasti valoja vasten pime\u00e4ll\u00e4kin\"},{\"@type\":\"BreadcrumbList\",\"@id\":\"https:\\\/\\\/safetypartners.fi\\\/kauppa\\\/tuote\\\/heijastinliivi#breadcrumb\",\"itemListElement\":[{\"@type\":\"ListItem\",\"position\":1,\"name\":\"Home\",\"item\":\"https:\\\/\\\/safetypartners.fi\\\/kauppa\\\/\"},{\"@type\":\"ListItem\",\"position\":2,\"name\":\"Kauppa\",\"item\":\"https:\\\/\\\/safetypartners.fi\\\/kauppa\\\/kauppa\"},{\"@type\":\"ListItem\",\"position\":3,\"name\":\"Heijastinliivi\"}]},{\"@type\":\"WebSite\",\"@id\":\"https:\\\/\\\/safetypartners.fi\\\/kauppa\\\/#website\",\"url\":\"https:\\\/\\\/safetypartners.fi\\\/kauppa\\\/\",\"name\":\"Safety Partners\",\"description\":\"Safety Partners turvakauppa palvelee verkossa 24\\\/7!\",\"publisher\":{\"@id\":\"https:\\\/\\\/safetypartners.fi\\\/kauppa\\\/#organization\"},\"potentialAction\":[{\"@type\":\"SearchAction\",\"target\":{\"@type\":\"EntryPoint\",\"urlTemplate\":\"https:\\\/\\\/safetypartners.fi\\\/kauppa\\\/?s={search_term_string}\"},\"query-input\":{\"@type\":\"PropertyValueSpecification\",\"valueRequired\":true,\"valueName\":\"search_term_string\"}}],\"inLanguage\":\"fi\"},{\"@type\":\"Organization\",\"@id\":\"https:\\\/\\\/safetypartners.fi\\\/kauppa\\\/#organization\",\"name\":\"Safety Partners | Suomen Sammutinpalvelu\",\"url\":\"https:\\\/\\\/safetypartners.fi\\\/kauppa\\\/\",\"logo\":{\"@type\":\"ImageObject\",\"inLanguage\":\"fi\",\"@id\":\"https:\\\/\\\/safetypartners.fi\\\/kauppa\\\/#\\\/schema\\\/logo\\\/image\\\/\",\"url\":\"https:\\\/\\\/safetypartners.fi\\\/kauppa\\\/wp-content\\\/uploads\\\/2020\\\/05\\\/cropped-Logoke-1.jpg\",\"contentUrl\":\"https:\\\/\\\/safetypartners.fi\\\/kauppa\\\/wp-content\\\/uploads\\\/2020\\\/05\\\/cropped-Logoke-1.jpg\",\"width\":847,\"height\":717,\"caption\":\"Safety Partners | Suomen Sammutinpalvelu\"},\"image\":{\"@id\":\"https:\\\/\\\/safetypartners.fi\\\/kauppa\\\/#\\\/schema\\\/logo\\\/image\\\/\"}}]}<\/script>\n<!-- \/ Yoast SEO plugin. -->","yoast_head_json":{"title":"Heijastinliivi - Safety Partners","description":"T\u00e4m\u00e4 Suomessa valmistettu heijastinliivi tekee pime\u00e4ll\u00e4 liikkumisesta turvallisempaa. Liivi on helposti puettavissa muun vaatetuksen p\u00e4\u00e4lle.","robots":{"index":"index","follow":"follow","max-snippet":"max-snippet:-1","max-image-preview":"max-image-preview:large","max-video-preview":"max-video-preview:-1"},"canonical":"https:\/\/safetypartners.fi\/kauppa\/tuote\/heijastinliivi","og_locale":"fi_FI","og_type":"article","og_title":"Heijastinliivi - Safety Partners","og_description":"T\u00e4m\u00e4 Suomessa valmistettu heijastinliivi tekee pime\u00e4ll\u00e4 liikkumisesta turvallisempaa. Liivi on helposti puettavissa muun vaatetuksen p\u00e4\u00e4lle.","og_url":"https:\/\/safetypartners.fi\/kauppa\/tuote\/heijastinliivi","og_site_name":"Safety Partners","article_modified_time":"2022-10-25T07:12:48+00:00","og_image":[{"width":782,"height":860,"url":"https:\/\/safetypartners.fi\/kauppa\/wp-content\/uploads\/2022\/09\/Viljanmaa-heijastinliivi..png","type":"image\/png"}],"twitter_card":"summary_large_image","twitter_misc":{"Arvioitu lukuaika":"1 minuutti"},"schema":{"@context":"https:\/\/schema.org","@graph":[{"@type":"WebPage","@id":"https:\/\/safetypartners.fi\/kauppa\/tuote\/heijastinliivi","url":"https:\/\/safetypartners.fi\/kauppa\/tuote\/heijastinliivi","name":"Heijastinliivi - Safety Partners","isPartOf":{"@id":"https:\/\/safetypartners.fi\/kauppa\/#website"},"primaryImageOfPage":{"@id":"https:\/\/safetypartners.fi\/kauppa\/tuote\/heijastinliivi#primaryimage"},"image":{"@id":"https:\/\/safetypartners.fi\/kauppa\/tuote\/heijastinliivi#primaryimage"},"thumbnailUrl":"https:\/\/safetypartners.fi\/kauppa\/wp-content\/uploads\/2022\/09\/Viljanmaa-heijastinliivi..png","datePublished":"2022-09-28T11:17:35+00:00","dateModified":"2022-10-25T07:12:48+00:00","description":"T\u00e4m\u00e4 Suomessa valmistettu heijastinliivi tekee pime\u00e4ll\u00e4 liikkumisesta turvallisempaa. Liivi on helposti puettavissa muun vaatetuksen p\u00e4\u00e4lle.","breadcrumb":{"@id":"https:\/\/safetypartners.fi\/kauppa\/tuote\/heijastinliivi#breadcrumb"},"inLanguage":"fi","potentialAction":[{"@type":"ReadAction","target":["https:\/\/safetypartners.fi\/kauppa\/tuote\/heijastinliivi"]}]},{"@type":"ImageObject","inLanguage":"fi","@id":"https:\/\/safetypartners.fi\/kauppa\/tuote\/heijastinliivi#primaryimage","url":"https:\/\/safetypartners.fi\/kauppa\/wp-content\/uploads\/2022\/09\/Viljanmaa-heijastinliivi..png","contentUrl":"https:\/\/safetypartners.fi\/kauppa\/wp-content\/uploads\/2022\/09\/Viljanmaa-heijastinliivi..png","width":782,"height":860,"caption":"Neonv\u00e4ri ja selke\u00e4t heijastimet auttavat k\u00e4ytt\u00e4j\u00e4\u00e4 n\u00e4kym\u00e4\u00e4n kirkkaasti valoja vasten pime\u00e4ll\u00e4kin"},{"@type":"BreadcrumbList","@id":"https:\/\/safetypartners.fi\/kauppa\/tuote\/heijastinliivi#breadcrumb","itemListElement":[{"@type":"ListItem","position":1,"name":"Home","item":"https:\/\/safetypartners.fi\/kauppa\/"},{"@type":"ListItem","position":2,"name":"Kauppa","item":"https:\/\/safetypartners.fi\/kauppa\/kauppa"},{"@type":"ListItem","position":3,"name":"Heijastinliivi"}]},{"@type":"WebSite","@id":"https:\/\/safetypartners.fi\/kauppa\/#website","url":"https:\/\/safetypartners.fi\/kauppa\/","name":"Safety Partners","description":"Safety Partners turvakauppa palvelee verkossa 24\/7!","publisher":{"@id":"https:\/\/safetypartners.fi\/kauppa\/#organization"},"potentialAction":[{"@type":"SearchAction","target":{"@type":"EntryPoint","urlTemplate":"https:\/\/safetypartners.fi\/kauppa\/?s={search_term_string}"},"query-input":{"@type":"PropertyValueSpecification","valueRequired":true,"valueName":"search_term_string"}}],"inLanguage":"fi"},{"@type":"Organization","@id":"https:\/\/safetypartners.fi\/kauppa\/#organization","name":"Safety Partners | Suomen Sammutinpalvelu","url":"https:\/\/safetypartners.fi\/kauppa\/","logo":{"@type":"ImageObject","inLanguage":"fi","@id":"https:\/\/safetypartners.fi\/kauppa\/#\/schema\/logo\/image\/","url":"https:\/\/safetypartners.fi\/kauppa\/wp-content\/uploads\/2020\/05\/cropped-Logoke-1.jpg","contentUrl":"https:\/\/safetypartners.fi\/kauppa\/wp-content\/uploads\/2020\/05\/cropped-Logoke-1.jpg","width":847,"height":717,"caption":"Safety Partners | Suomen Sammutinpalvelu"},"image":{"@id":"https:\/\/safetypartners.fi\/kauppa\/#\/schema\/logo\/image\/"}}]}},"uagb_featured_image_src":{"full":["https:\/\/safetypartners.fi\/kauppa\/wp-content\/uploads\/2022\/09\/Viljanmaa-heijastinliivi..png",782,860,false],"thumbnail":["https:\/\/safetypartners.fi\/kauppa\/wp-content\/uploads\/2022\/09\/Viljanmaa-heijastinliivi.-150x150.png",150,150,true],"medium":["https:\/\/safetypartners.fi\/kauppa\/wp-content\/uploads\/2022\/09\/Viljanmaa-heijastinliivi.-273x300.png",273,300,true],"medium_large":["https:\/\/safetypartners.fi\/kauppa\/wp-content\/uploads\/2022\/09\/Viljanmaa-heijastinliivi.-768x845.png",768,845,true],"large":["https:\/\/safetypartners.fi\/kauppa\/wp-content\/uploads\/2022\/09\/Viljanmaa-heijastinliivi..png",782,860,false],"1536x1536":["https:\/\/safetypartners.fi\/kauppa\/wp-content\/uploads\/2022\/09\/Viljanmaa-heijastinliivi..png",782,860,false],"2048x2048":["https:\/\/safetypartners.fi\/kauppa\/wp-content\/uploads\/2022\/09\/Viljanmaa-heijastinliivi..png",782,860,false],"woocommerce_thumbnail":["https:\/\/safetypartners.fi\/kauppa\/wp-content\/uploads\/2022\/09\/Viljanmaa-heijastinliivi.-300x300.png",300,300,true],"woocommerce_single":["https:\/\/safetypartners.fi\/kauppa\/wp-content\/uploads\/2022\/09\/Viljanmaa-heijastinliivi.-600x660.png",600,660,true],"woocommerce_gallery_thumbnail":["https:\/\/safetypartners.fi\/kauppa\/wp-content\/uploads\/2022\/09\/Viljanmaa-heijastinliivi.-100x100.png",100,100,true]},"uagb_author_info":{"display_name":"Anu Lehto","author_link":"https:\/\/safetypartners.fi\/kauppa\/author"},"uagb_comment_info":0,"uagb_excerpt":"T\u00e4m\u00e4 Suomessa valmistettu heijastinliivi tekee pime\u00e4ss\u00e4 liikkumisesta ja ty\u00f6skentelyst\u00e4 turvallisempaa. Liivi on helposti sujautettavissa muun vaatetuksen p\u00e4\u00e4lle. Hi-viz-neonv\u00e4ri sek\u00e4 laadukkaat 3M Scotchlite -heijastimet loistavat kirkkaasti valoja vasten k\u00e4velytiell\u00e4, py\u00f6r\u00e4illess\u00e4, mets\u00e4ss\u00e4 tai ty\u00f6maalla. Valitsethan sopivan koon valikosta (kokoluonnehdinta l\u00f6ytyy alempaa):","_links":{"self":[{"href":"https:\/\/safetypartners.fi\/kauppa\/wp-json\/wp\/v2\/product\/1307","targetHints":{"allow":["GET"]}}],"collection":[{"href":"https:\/\/safetypartners.fi\/kauppa\/wp-json\/wp\/v2\/product"}],"about":[{"href":"https:\/\/safetypartners.fi\/kauppa\/wp-json\/wp\/v2\/types\/product"}],"replies":[{"embeddable":true,"href":"https:\/\/safetypartners.fi\/kauppa\/wp-json\/wp\/v2\/comments?post=1307"}],"version-history":[{"count":1,"href":"https:\/\/safetypartners.fi\/kauppa\/wp-json\/wp\/v2\/product\/1307\/revisions"}],"predecessor-version":[{"id":1309,"href":"https:\/\/safetypartners.fi\/kauppa\/wp-json\/wp\/v2\/product\/1307\/revisions\/1309"}],"wp:featuredmedia":[{"embeddable":true,"href":"https:\/\/safetypartners.fi\/kauppa\/wp-json\/wp\/v2\/media\/1310"}],"wp:attachment":[{"href":"https:\/\/safetypartners.fi\/kauppa\/wp-json\/wp\/v2\/media?parent=1307"}],"wp:term":[{"taxonomy":"product_brand","embeddable":true,"href":"https:\/\/safetypartners.fi\/kauppa\/wp-json\/wp\/v2\/product_brand?post=1307"},{"taxonomy":"product_cat","embeddable":true,"href":"https:\/\/safetypartners.fi\/kauppa\/wp-json\/wp\/v2\/product_cat?post=1307"},{"taxonomy":"product_tag","embeddable":true,"href":"https:\/\/safetypartners.fi\/kauppa\/wp-json\/wp\/v2\/product_tag?post=1307"}],"curies":[{"name":"wp","href":"https:\/\/api.w.org\/{rel}","templated":true}]}}