{"id":1317,"date":"2022-09-29T09:51:57","date_gmt":"2022-09-29T06:51:57","guid":{"rendered":"https:\/\/safetypartners.fi\/kauppa\/?post_type=product&#038;p=1317"},"modified":"2024-10-25T14:28:02","modified_gmt":"2024-10-25T11:28:02","slug":"sol-vex-37-675-nitriilikasineet","status":"publish","type":"product","link":"https:\/\/safetypartners.fi\/kauppa\/tuote\/sol-vex-37-675-nitriilikasineet","title":{"rendered":"SOL-VEX 37-675 -nitriilik\u00e4sineet"},"content":{"rendered":"<p><a href=\"https:\/\/safetypartners.fi\/kauppa\/wp-content\/uploads\/2022\/09\/kemikaalinkesto_sol-vex_37-675.pdf\">Tarkista t\u00e4\u00e4lt\u00e4 nitriilik\u00e4sineiden kemikaalinkesto_sol-vex_37-675<\/a><\/p>\n<p>Suojak\u00e4sinetyyppi on hyv\u00e4ksytty k\u00e4ytett\u00e4v\u00e4ksi kosketuksissa elintarvikkeiden kanssa.<\/p>\n<p>Paksuus 0,38 mm; pituus 330 mm.<\/p>\n<p>Hyv\u00e4ksynn\u00e4t:<br \/>\nEN 420:2003+A1:2009, EN 388:2016 &#8211; suojausluokat: 4101X, EN ISO 374-1:2016 type A &#8211; JKLOPT, EN ISO 374-5:2016 VIRUS, EN 1149<\/p>\n","protected":false},"excerpt":{"rendered":"<p><strong>Ansell AlphaTec SolVex\u00ae 37-675 -nitriilik\u00e4sine<\/strong> on kest\u00e4v\u00e4 k\u00e4siensuoja kemikaalien k\u00e4sittelyyn. Solvex kest\u00e4\u00e4 hyvin my\u00f6s repe\u00e4mi\u00e4 ja pistoja vastaan. K\u00e4sineet sopivat erityisen hyvin ty\u00f6skentelyyn \u00f6ljyjen, rasvan, liuottimien, happojen, em\u00e4sten ja alkoholien kanssa.<\/p>\n<p>K\u00e4sineen sis\u00e4pinta on puuvillanukattu ja t\u00e4ten miellytt\u00e4v\u00e4 ihoa vasten.<\/p>\n","protected":false},"featured_media":1324,"comment_status":"open","ping_status":"closed","template":"","meta":{"_uag_custom_page_level_css":"","site-sidebar-layout":"default","site-content-layout":"default","ast-site-content-layout":"default","site-content-style":"default","site-sidebar-style":"default","ast-global-header-display":"","ast-banner-title-visibility":"","ast-main-header-display":"","ast-hfb-above-header-display":"","ast-hfb-below-header-display":"","ast-hfb-mobile-header-display":"","site-post-title":"","ast-breadcrumbs-content":"","ast-featured-img":"","footer-sml-layout":"","ast-disable-related-posts":"","theme-transparent-header-meta":"default","adv-header-id-meta":"","stick-header-meta":"default","header-above-stick-meta":"","header-main-stick-meta":"","header-below-stick-meta":"","astra-migrate-meta-layouts":"set","ast-page-background-enabled":"default","ast-page-background-meta":{"desktop":{"background-color":"","background-image":"","background-repeat":"repeat","background-position":"center center","background-size":"auto","background-attachment":"scroll","background-type":"","background-media":"","overlay-type":"","overlay-color":"","overlay-opacity":"","overlay-gradient":""},"tablet":{"background-color":"","background-image":"","background-repeat":"repeat","background-position":"center center","background-size":"auto","background-attachment":"scroll","background-type":"","background-media":"","overlay-type":"","overlay-color":"","overlay-opacity":"","overlay-gradient":""},"mobile":{"background-color":"","background-image":"","background-repeat":"repeat","background-position":"center center","background-size":"auto","background-attachment":"scroll","background-type":"","background-media":"","overlay-type":"","overlay-color":"","overlay-opacity":"","overlay-gradient":""}},"ast-content-background-meta":{"desktop":{"background-color":"var(--ast-global-color-5)","background-image":"","background-repeat":"repeat","background-position":"center center","background-size":"auto","background-attachment":"scroll","background-type":"","background-media":"","overlay-type":"","overlay-color":"","overlay-opacity":"","overlay-gradient":""},"tablet":{"background-color":"var(--ast-global-color-5)","background-image":"","background-repeat":"repeat","background-position":"center center","background-size":"auto","background-attachment":"scroll","background-type":"","background-media":"","overlay-type":"","overlay-color":"","overlay-opacity":"","overlay-gradient":""},"mobile":{"background-color":"var(--ast-global-color-5)","background-image":"","background-repeat":"repeat","background-position":"center center","background-size":"auto","background-attachment":"scroll","background-type":"","background-media":"","overlay-type":"","overlay-color":"","overlay-opacity":"","overlay-gradient":""}}},"product_brand":[],"product_cat":[15,44],"product_tag":[910,581,362,909,584,580],"class_list":{"0":"post-1317","1":"product","2":"type-product","3":"status-publish","4":"has-post-thumbnail","6":"product_cat-yleinen","7":"product_cat-tyoturvallisuus","8":"product_tag-kasineet","9":"product_tag-kemikaalien-kasittelyyn","10":"product_tag-kestava","11":"product_tag-labra","12":"product_tag-liuos-kasineet","13":"product_tag-nitriilikasine","14":"product_shipping_class-suomi","15":"desktop-align-center","16":"tablet-align-center","17":"mobile-align-center","18":"ast-product-gallery-layout-horizontal-slider","19":"ast-product-gallery-with-no-image","20":"ast-product-single-variable","21":"ast-product-tabs-layout-horizontal","23":"first","24":"instock","25":"taxable","26":"shipping-taxable","27":"purchasable","28":"product-type-variable"},"yoast_head":"<!-- This site is optimized with the Yoast SEO plugin v27.3 - https:\/\/yoast.com\/product\/yoast-seo-wordpress\/ -->\n<title>SOL-VEX 37-675 -nitriilik\u00e4sineet - Safety Partners<\/title>\n<meta name=\"description\" content=\"Puuvillanukattu, ihoa vasten pehme\u00e4 k\u00e4siensuoja kemikaalien k\u00e4sittelyyn. Solvex kest\u00e4\u00e4 hyvin repe\u00e4mi\u00e4 ja pistoja vastaan.\" \/>\n<meta name=\"robots\" content=\"index, follow, max-snippet:-1, max-image-preview:large, max-video-preview:-1\" \/>\n<link rel=\"canonical\" href=\"https:\/\/safetypartners.fi\/kauppa\/tuote\/sol-vex-37-675-nitriilikasineet\" \/>\n<meta property=\"og:locale\" content=\"fi_FI\" \/>\n<meta property=\"og:type\" content=\"article\" \/>\n<meta property=\"og:title\" content=\"SOL-VEX 37-675 -nitriilik\u00e4sineet - Safety Partners\" \/>\n<meta property=\"og:description\" content=\"Puuvillanukattu, ihoa vasten pehme\u00e4 k\u00e4siensuoja kemikaalien k\u00e4sittelyyn. Solvex kest\u00e4\u00e4 hyvin repe\u00e4mi\u00e4 ja pistoja vastaan.\" \/>\n<meta property=\"og:url\" content=\"https:\/\/safetypartners.fi\/kauppa\/tuote\/sol-vex-37-675-nitriilikasineet\" \/>\n<meta property=\"og:site_name\" content=\"Safety Partners\" \/>\n<meta property=\"article:modified_time\" content=\"2024-10-25T11:28:02+00:00\" \/>\n<meta property=\"og:image\" content=\"https:\/\/safetypartners.fi\/kauppa\/wp-content\/uploads\/2022\/09\/ansell_solvex_37-675-nitriilikasine-kauempaa.png\" \/>\n\t<meta property=\"og:image:width\" content=\"1037\" \/>\n\t<meta property=\"og:image:height\" content=\"933\" \/>\n\t<meta property=\"og:image:type\" content=\"image\/png\" \/>\n<meta name=\"twitter:card\" content=\"summary_large_image\" \/>\n<meta name=\"twitter:label1\" content=\"Arvioitu lukuaika\" \/>\n\t<meta name=\"twitter:data1\" content=\"1 minuutti\" \/>\n<script type=\"application\/ld+json\" class=\"yoast-schema-graph\">{\"@context\":\"https:\\\/\\\/schema.org\",\"@graph\":[{\"@type\":\"WebPage\",\"@id\":\"https:\\\/\\\/safetypartners.fi\\\/kauppa\\\/tuote\\\/sol-vex-37-675-nitriilikasineet\",\"url\":\"https:\\\/\\\/safetypartners.fi\\\/kauppa\\\/tuote\\\/sol-vex-37-675-nitriilikasineet\",\"name\":\"SOL-VEX 37-675 -nitriilik\u00e4sineet - Safety Partners\",\"isPartOf\":{\"@id\":\"https:\\\/\\\/safetypartners.fi\\\/kauppa\\\/#website\"},\"primaryImageOfPage\":{\"@id\":\"https:\\\/\\\/safetypartners.fi\\\/kauppa\\\/tuote\\\/sol-vex-37-675-nitriilikasineet#primaryimage\"},\"image\":{\"@id\":\"https:\\\/\\\/safetypartners.fi\\\/kauppa\\\/tuote\\\/sol-vex-37-675-nitriilikasineet#primaryimage\"},\"thumbnailUrl\":\"https:\\\/\\\/safetypartners.fi\\\/kauppa\\\/wp-content\\\/uploads\\\/2022\\\/09\\\/ansell_solvex_37-675-nitriilikasine-kauempaa.png\",\"datePublished\":\"2022-09-29T06:51:57+00:00\",\"dateModified\":\"2024-10-25T11:28:02+00:00\",\"description\":\"Puuvillanukattu, ihoa vasten pehme\u00e4 k\u00e4siensuoja kemikaalien k\u00e4sittelyyn. Solvex kest\u00e4\u00e4 hyvin repe\u00e4mi\u00e4 ja pistoja vastaan.\",\"breadcrumb\":{\"@id\":\"https:\\\/\\\/safetypartners.fi\\\/kauppa\\\/tuote\\\/sol-vex-37-675-nitriilikasineet#breadcrumb\"},\"inLanguage\":\"fi\",\"potentialAction\":[{\"@type\":\"ReadAction\",\"target\":[\"https:\\\/\\\/safetypartners.fi\\\/kauppa\\\/tuote\\\/sol-vex-37-675-nitriilikasineet\"]}]},{\"@type\":\"ImageObject\",\"inLanguage\":\"fi\",\"@id\":\"https:\\\/\\\/safetypartners.fi\\\/kauppa\\\/tuote\\\/sol-vex-37-675-nitriilikasineet#primaryimage\",\"url\":\"https:\\\/\\\/safetypartners.fi\\\/kauppa\\\/wp-content\\\/uploads\\\/2022\\\/09\\\/ansell_solvex_37-675-nitriilikasine-kauempaa.png\",\"contentUrl\":\"https:\\\/\\\/safetypartners.fi\\\/kauppa\\\/wp-content\\\/uploads\\\/2022\\\/09\\\/ansell_solvex_37-675-nitriilikasine-kauempaa.png\",\"width\":1037,\"height\":933,\"caption\":\"Solvex 37-675 nitriilik\u00e4sineet kest\u00e4v\u00e4t hyvin k\u00e4yt\u00f6ss\u00e4\"},{\"@type\":\"BreadcrumbList\",\"@id\":\"https:\\\/\\\/safetypartners.fi\\\/kauppa\\\/tuote\\\/sol-vex-37-675-nitriilikasineet#breadcrumb\",\"itemListElement\":[{\"@type\":\"ListItem\",\"position\":1,\"name\":\"Home\",\"item\":\"https:\\\/\\\/safetypartners.fi\\\/kauppa\\\/\"},{\"@type\":\"ListItem\",\"position\":2,\"name\":\"Kauppa\",\"item\":\"https:\\\/\\\/safetypartners.fi\\\/kauppa\\\/kauppa\"},{\"@type\":\"ListItem\",\"position\":3,\"name\":\"SOL-VEX 37-675 -nitriilik\u00e4sineet\"}]},{\"@type\":\"WebSite\",\"@id\":\"https:\\\/\\\/safetypartners.fi\\\/kauppa\\\/#website\",\"url\":\"https:\\\/\\\/safetypartners.fi\\\/kauppa\\\/\",\"name\":\"Safety Partners\",\"description\":\"Safety Partners turvakauppa palvelee verkossa 24\\\/7!\",\"publisher\":{\"@id\":\"https:\\\/\\\/safetypartners.fi\\\/kauppa\\\/#organization\"},\"potentialAction\":[{\"@type\":\"SearchAction\",\"target\":{\"@type\":\"EntryPoint\",\"urlTemplate\":\"https:\\\/\\\/safetypartners.fi\\\/kauppa\\\/?s={search_term_string}\"},\"query-input\":{\"@type\":\"PropertyValueSpecification\",\"valueRequired\":true,\"valueName\":\"search_term_string\"}}],\"inLanguage\":\"fi\"},{\"@type\":\"Organization\",\"@id\":\"https:\\\/\\\/safetypartners.fi\\\/kauppa\\\/#organization\",\"name\":\"Safety Partners | Suomen Sammutinpalvelu\",\"url\":\"https:\\\/\\\/safetypartners.fi\\\/kauppa\\\/\",\"logo\":{\"@type\":\"ImageObject\",\"inLanguage\":\"fi\",\"@id\":\"https:\\\/\\\/safetypartners.fi\\\/kauppa\\\/#\\\/schema\\\/logo\\\/image\\\/\",\"url\":\"https:\\\/\\\/safetypartners.fi\\\/kauppa\\\/wp-content\\\/uploads\\\/2020\\\/05\\\/cropped-Logoke-1.jpg\",\"contentUrl\":\"https:\\\/\\\/safetypartners.fi\\\/kauppa\\\/wp-content\\\/uploads\\\/2020\\\/05\\\/cropped-Logoke-1.jpg\",\"width\":847,\"height\":717,\"caption\":\"Safety Partners | Suomen Sammutinpalvelu\"},\"image\":{\"@id\":\"https:\\\/\\\/safetypartners.fi\\\/kauppa\\\/#\\\/schema\\\/logo\\\/image\\\/\"}}]}<\/script>\n<!-- \/ Yoast SEO plugin. -->","yoast_head_json":{"title":"SOL-VEX 37-675 -nitriilik\u00e4sineet - Safety Partners","description":"Puuvillanukattu, ihoa vasten pehme\u00e4 k\u00e4siensuoja kemikaalien k\u00e4sittelyyn. Solvex kest\u00e4\u00e4 hyvin repe\u00e4mi\u00e4 ja pistoja vastaan.","robots":{"index":"index","follow":"follow","max-snippet":"max-snippet:-1","max-image-preview":"max-image-preview:large","max-video-preview":"max-video-preview:-1"},"canonical":"https:\/\/safetypartners.fi\/kauppa\/tuote\/sol-vex-37-675-nitriilikasineet","og_locale":"fi_FI","og_type":"article","og_title":"SOL-VEX 37-675 -nitriilik\u00e4sineet - Safety Partners","og_description":"Puuvillanukattu, ihoa vasten pehme\u00e4 k\u00e4siensuoja kemikaalien k\u00e4sittelyyn. Solvex kest\u00e4\u00e4 hyvin repe\u00e4mi\u00e4 ja pistoja vastaan.","og_url":"https:\/\/safetypartners.fi\/kauppa\/tuote\/sol-vex-37-675-nitriilikasineet","og_site_name":"Safety Partners","article_modified_time":"2024-10-25T11:28:02+00:00","og_image":[{"width":1037,"height":933,"url":"https:\/\/safetypartners.fi\/kauppa\/wp-content\/uploads\/2022\/09\/ansell_solvex_37-675-nitriilikasine-kauempaa.png","type":"image\/png"}],"twitter_card":"summary_large_image","twitter_misc":{"Arvioitu lukuaika":"1 minuutti"},"schema":{"@context":"https:\/\/schema.org","@graph":[{"@type":"WebPage","@id":"https:\/\/safetypartners.fi\/kauppa\/tuote\/sol-vex-37-675-nitriilikasineet","url":"https:\/\/safetypartners.fi\/kauppa\/tuote\/sol-vex-37-675-nitriilikasineet","name":"SOL-VEX 37-675 -nitriilik\u00e4sineet - Safety Partners","isPartOf":{"@id":"https:\/\/safetypartners.fi\/kauppa\/#website"},"primaryImageOfPage":{"@id":"https:\/\/safetypartners.fi\/kauppa\/tuote\/sol-vex-37-675-nitriilikasineet#primaryimage"},"image":{"@id":"https:\/\/safetypartners.fi\/kauppa\/tuote\/sol-vex-37-675-nitriilikasineet#primaryimage"},"thumbnailUrl":"https:\/\/safetypartners.fi\/kauppa\/wp-content\/uploads\/2022\/09\/ansell_solvex_37-675-nitriilikasine-kauempaa.png","datePublished":"2022-09-29T06:51:57+00:00","dateModified":"2024-10-25T11:28:02+00:00","description":"Puuvillanukattu, ihoa vasten pehme\u00e4 k\u00e4siensuoja kemikaalien k\u00e4sittelyyn. Solvex kest\u00e4\u00e4 hyvin repe\u00e4mi\u00e4 ja pistoja vastaan.","breadcrumb":{"@id":"https:\/\/safetypartners.fi\/kauppa\/tuote\/sol-vex-37-675-nitriilikasineet#breadcrumb"},"inLanguage":"fi","potentialAction":[{"@type":"ReadAction","target":["https:\/\/safetypartners.fi\/kauppa\/tuote\/sol-vex-37-675-nitriilikasineet"]}]},{"@type":"ImageObject","inLanguage":"fi","@id":"https:\/\/safetypartners.fi\/kauppa\/tuote\/sol-vex-37-675-nitriilikasineet#primaryimage","url":"https:\/\/safetypartners.fi\/kauppa\/wp-content\/uploads\/2022\/09\/ansell_solvex_37-675-nitriilikasine-kauempaa.png","contentUrl":"https:\/\/safetypartners.fi\/kauppa\/wp-content\/uploads\/2022\/09\/ansell_solvex_37-675-nitriilikasine-kauempaa.png","width":1037,"height":933,"caption":"Solvex 37-675 nitriilik\u00e4sineet kest\u00e4v\u00e4t hyvin k\u00e4yt\u00f6ss\u00e4"},{"@type":"BreadcrumbList","@id":"https:\/\/safetypartners.fi\/kauppa\/tuote\/sol-vex-37-675-nitriilikasineet#breadcrumb","itemListElement":[{"@type":"ListItem","position":1,"name":"Home","item":"https:\/\/safetypartners.fi\/kauppa\/"},{"@type":"ListItem","position":2,"name":"Kauppa","item":"https:\/\/safetypartners.fi\/kauppa\/kauppa"},{"@type":"ListItem","position":3,"name":"SOL-VEX 37-675 -nitriilik\u00e4sineet"}]},{"@type":"WebSite","@id":"https:\/\/safetypartners.fi\/kauppa\/#website","url":"https:\/\/safetypartners.fi\/kauppa\/","name":"Safety Partners","description":"Safety Partners turvakauppa palvelee verkossa 24\/7!","publisher":{"@id":"https:\/\/safetypartners.fi\/kauppa\/#organization"},"potentialAction":[{"@type":"SearchAction","target":{"@type":"EntryPoint","urlTemplate":"https:\/\/safetypartners.fi\/kauppa\/?s={search_term_string}"},"query-input":{"@type":"PropertyValueSpecification","valueRequired":true,"valueName":"search_term_string"}}],"inLanguage":"fi"},{"@type":"Organization","@id":"https:\/\/safetypartners.fi\/kauppa\/#organization","name":"Safety Partners | Suomen Sammutinpalvelu","url":"https:\/\/safetypartners.fi\/kauppa\/","logo":{"@type":"ImageObject","inLanguage":"fi","@id":"https:\/\/safetypartners.fi\/kauppa\/#\/schema\/logo\/image\/","url":"https:\/\/safetypartners.fi\/kauppa\/wp-content\/uploads\/2020\/05\/cropped-Logoke-1.jpg","contentUrl":"https:\/\/safetypartners.fi\/kauppa\/wp-content\/uploads\/2020\/05\/cropped-Logoke-1.jpg","width":847,"height":717,"caption":"Safety Partners | Suomen Sammutinpalvelu"},"image":{"@id":"https:\/\/safetypartners.fi\/kauppa\/#\/schema\/logo\/image\/"}}]}},"uagb_featured_image_src":{"full":["https:\/\/safetypartners.fi\/kauppa\/wp-content\/uploads\/2022\/09\/ansell_solvex_37-675-nitriilikasine-kauempaa.png",1037,933,false],"thumbnail":["https:\/\/safetypartners.fi\/kauppa\/wp-content\/uploads\/2022\/09\/ansell_solvex_37-675-nitriilikasine-kauempaa-150x150.png",150,150,true],"medium":["https:\/\/safetypartners.fi\/kauppa\/wp-content\/uploads\/2022\/09\/ansell_solvex_37-675-nitriilikasine-kauempaa-300x270.png",300,270,true],"medium_large":["https:\/\/safetypartners.fi\/kauppa\/wp-content\/uploads\/2022\/09\/ansell_solvex_37-675-nitriilikasine-kauempaa-768x691.png",768,691,true],"large":["https:\/\/safetypartners.fi\/kauppa\/wp-content\/uploads\/2022\/09\/ansell_solvex_37-675-nitriilikasine-kauempaa-1024x921.png",1024,921,true],"1536x1536":["https:\/\/safetypartners.fi\/kauppa\/wp-content\/uploads\/2022\/09\/ansell_solvex_37-675-nitriilikasine-kauempaa.png",1037,933,false],"2048x2048":["https:\/\/safetypartners.fi\/kauppa\/wp-content\/uploads\/2022\/09\/ansell_solvex_37-675-nitriilikasine-kauempaa.png",1037,933,false],"woocommerce_thumbnail":["https:\/\/safetypartners.fi\/kauppa\/wp-content\/uploads\/2022\/09\/ansell_solvex_37-675-nitriilikasine-kauempaa-300x300.png",300,300,true],"woocommerce_single":["https:\/\/safetypartners.fi\/kauppa\/wp-content\/uploads\/2022\/09\/ansell_solvex_37-675-nitriilikasine-kauempaa-600x540.png",600,540,true],"woocommerce_gallery_thumbnail":["https:\/\/safetypartners.fi\/kauppa\/wp-content\/uploads\/2022\/09\/ansell_solvex_37-675-nitriilikasine-kauempaa-100x100.png",100,100,true]},"uagb_author_info":{"display_name":"Anu Lehto","author_link":"https:\/\/safetypartners.fi\/kauppa\/author"},"uagb_comment_info":0,"uagb_excerpt":"Ansell AlphaTec SolVex\u00ae 37-675 -nitriilik\u00e4sine on kest\u00e4v\u00e4 k\u00e4siensuoja kemikaalien k\u00e4sittelyyn. Solvex kest\u00e4\u00e4 hyvin my\u00f6s repe\u00e4mi\u00e4 ja pistoja vastaan. K\u00e4sineet sopivat erityisen hyvin ty\u00f6skentelyyn \u00f6ljyjen, rasvan, liuottimien, happojen, em\u00e4sten ja alkoholien kanssa. K\u00e4sineen sis\u00e4pinta on puuvillanukattu ja t\u00e4ten miellytt\u00e4v\u00e4 ihoa vasten.","_links":{"self":[{"href":"https:\/\/safetypartners.fi\/kauppa\/wp-json\/wp\/v2\/product\/1317","targetHints":{"allow":["GET"]}}],"collection":[{"href":"https:\/\/safetypartners.fi\/kauppa\/wp-json\/wp\/v2\/product"}],"about":[{"href":"https:\/\/safetypartners.fi\/kauppa\/wp-json\/wp\/v2\/types\/product"}],"replies":[{"embeddable":true,"href":"https:\/\/safetypartners.fi\/kauppa\/wp-json\/wp\/v2\/comments?post=1317"}],"version-history":[{"count":10,"href":"https:\/\/safetypartners.fi\/kauppa\/wp-json\/wp\/v2\/product\/1317\/revisions"}],"predecessor-version":[{"id":1334,"href":"https:\/\/safetypartners.fi\/kauppa\/wp-json\/wp\/v2\/product\/1317\/revisions\/1334"}],"wp:featuredmedia":[{"embeddable":true,"href":"https:\/\/safetypartners.fi\/kauppa\/wp-json\/wp\/v2\/media\/1324"}],"wp:attachment":[{"href":"https:\/\/safetypartners.fi\/kauppa\/wp-json\/wp\/v2\/media?parent=1317"}],"wp:term":[{"taxonomy":"product_brand","embeddable":true,"href":"https:\/\/safetypartners.fi\/kauppa\/wp-json\/wp\/v2\/product_brand?post=1317"},{"taxonomy":"product_cat","embeddable":true,"href":"https:\/\/safetypartners.fi\/kauppa\/wp-json\/wp\/v2\/product_cat?post=1317"},{"taxonomy":"product_tag","embeddable":true,"href":"https:\/\/safetypartners.fi\/kauppa\/wp-json\/wp\/v2\/product_tag?post=1317"}],"curies":[{"name":"wp","href":"https:\/\/api.w.org\/{rel}","templated":true}]}}