{"id":1862,"date":"2024-05-13T12:22:08","date_gmt":"2024-05-13T09:22:08","guid":{"rendered":"https:\/\/safetypartners.fi\/kauppa\/?post_type=product&#038;p=1862"},"modified":"2026-02-24T13:03:08","modified_gmt":"2026-02-24T11:03:08","slug":"cgs-vesisammutin-fluorittomalla-lisaaineella-wae6cr-b","status":"publish","type":"product","link":"https:\/\/safetypartners.fi\/kauppa\/tuote\/cgs-vesisammutin-fluorittomalla-lisaaineella-wae6cr-b","title":{"rendered":"CGS vesisammutin fluorittomalla lis\u00e4aineella, WAE6CR-B"},"content":{"rendered":"<div id=\"description-2\" class=\"js-description-item description-item\">\n<div data-content-type=\"row\" data-appearance=\"contained\" data-element=\"main\">\n<div data-enable-parallax=\"0\" data-parallax-speed=\"0.5\" data-background-images=\"{}\" data-background-type=\"image\" data-video-loop=\"true\" data-video-play-only-visible=\"true\" data-video-lazy-load=\"true\" data-video-fallback-src=\"\" data-element=\"inner\" data-pb-style=\"PFEV81M\">\n<div data-content-type=\"text\" data-appearance=\"default\" data-element=\"main\">\n<p><strong>PFAS-vapaa vesisammutin kotiin, m\u00f6kille, veneeseen ja ty\u00f6paikalle<\/strong><\/p>\n<p><strong>Ominaisuudet:<\/strong><\/p>\n<ul>\n<li>A-luokan paloihin kodeissa, ty\u00f6paikoilla, m\u00f6keill\u00e4 ja veneess\u00e4<\/li>\n<li>Sammuttaa s\u00e4hk\u00f6palot aina 1000V asti, 1 metrin turvaet\u00e4isyydell\u00e4<\/li>\n<li><strong id=\"EXPYG80\">Vesisammutinta ei tule koskaan k\u00e4ytt\u00e4\u00e4 tulipaloihin ruoka\u00f6ljyiss\u00e4, kasvi\u00f6ljyiss\u00e4, rasvoissa tai vastaavissa palavissa nesteiss\u00e4!<\/strong><\/li>\n<li>Korkea sammutusteho 43A<\/li>\n<li>Ymp\u00e4rist\u00f6yst\u00e4v\u00e4llinen: ei sis\u00e4ll\u00e4 fluoritensidej\u00e4<\/li>\n<li>Testiventtiili helpottaa paineentarkistusta<\/li>\n<li>Sertifiointi: EN3, CE, Wheelmark. DNV:n lisensoima<\/li>\n<li>Toimintal\u00e4mp\u00f6tila 0 \u00b0C &#8212; +60 \u00b0C<\/li>\n<li>Koko 6 litraa<\/li>\n<\/ul>\n<p>Lue lis\u00e4\u00e4 PFAS-yhdisteist\u00e4 ja niist\u00e4 luopumisesta <a href=\"https:\/\/safetypartners.fi\/pfas-yhdisteiden-haitat\/\" target=\"_blank\" rel=\"noopener\"><span style=\"color: #3366ff;\"><strong>blogissamme<\/strong><\/span><\/a>.<\/p>\n<p><strong>HUOM<\/strong>: Mik\u00e4li tilaat yhden sammuttimen lis\u00e4ksi muitakin tuotteita, tilaus on yleens\u00e4 toimitettava monipakettil\u00e4hetyksen\u00e4. Matkahuollon pakettiautomaattiin ei voi ohjata usean paketin l\u00e4hetyst\u00e4, joten huomioithan t\u00e4m\u00e4n noutopistett\u00e4 valitessasi.<\/p>\n<\/div>\n<\/div>\n<\/div>\n<\/div>\n","protected":false},"excerpt":{"rendered":"<div class=\"product attribute overview\">\n<div class=\"value\">\n<p><strong>CGS vesisammutin fluorittomalla lis\u00e4aineella\u00a0<\/strong>on A-paloluokan tehokas k\u00e4sisammutin. Sammutin sis\u00e4lt\u00e4\u00e4 sammutusvaikutusta tehostavaa lis\u00e4ainetta, ja sopii erityisesti kohteisiin joissa palovaaraksi arvioidaan p\u00e4\u00e4osin A-luokat palot (kiinte\u00e4t, tavallisesti orgaaniset, hehkuen palavat aineet). Vesisammutin soveltuu ymp\u00e4rist\u00f6ihin, joissa halutaan v\u00e4ltt\u00e4\u00e4 sammuttamisesta koituvat puhdistusty\u00f6t sek\u00e4 mahdolliset vauriot, jotka voivat aiheutua jauheen k\u00e4yt\u00f6st\u00e4. T\u00e4llaisia ymp\u00e4rist\u00f6j\u00e4 ovat mm. kodit, m\u00f6kit ja isommat veneet.<\/p>\n<p>Toisin kuin useimpia vesisammuttimia, CGS lis\u00e4aineellista vesisammutinta voidaan hy\u00f6dynt\u00e4\u00e4 my\u00f6s s\u00e4hk\u00f6palojen sammuttamiseen aina 1000V asti, metrin turvaet\u00e4isyyden p\u00e4\u00e4st\u00e4. <strong>Ei sovi rasvapaloille, eik\u00e4 alle +0c l\u00e4mp\u00f6tiloihin<\/strong>.<\/p>\n<p><strong>Huom: Kaikki sammuttimemme saapuvat meilt\u00e4 sinulle valmiiksi tarkastettuina.<\/strong><\/p>\n<\/div>\n<\/div>\n","protected":false},"featured_media":1863,"comment_status":"open","ping_status":"closed","template":"","meta":{"_uag_custom_page_level_css":"","site-sidebar-layout":"default","site-content-layout":"default","ast-site-content-layout":"default","site-content-style":"default","site-sidebar-style":"default","ast-global-header-display":"","ast-banner-title-visibility":"","ast-main-header-display":"","ast-hfb-above-header-display":"","ast-hfb-below-header-display":"","ast-hfb-mobile-header-display":"","site-post-title":"","ast-breadcrumbs-content":"","ast-featured-img":"","footer-sml-layout":"","ast-disable-related-posts":"","theme-transparent-header-meta":"default","adv-header-id-meta":"","stick-header-meta":"default","header-above-stick-meta":"","header-main-stick-meta":"","header-below-stick-meta":"","astra-migrate-meta-layouts":"set","ast-page-background-enabled":"default","ast-page-background-meta":{"desktop":{"background-color":"","background-image":"","background-repeat":"repeat","background-position":"center center","background-size":"auto","background-attachment":"scroll","background-type":"","background-media":"","overlay-type":"","overlay-color":"","overlay-opacity":"","overlay-gradient":""},"tablet":{"background-color":"","background-image":"","background-repeat":"repeat","background-position":"center center","background-size":"auto","background-attachment":"scroll","background-type":"","background-media":"","overlay-type":"","overlay-color":"","overlay-opacity":"","overlay-gradient":""},"mobile":{"background-color":"","background-image":"","background-repeat":"repeat","background-position":"center center","background-size":"auto","background-attachment":"scroll","background-type":"","background-media":"","overlay-type":"","overlay-color":"","overlay-opacity":"","overlay-gradient":""}},"ast-content-background-meta":{"desktop":{"background-color":"var(--ast-global-color-5)","background-image":"","background-repeat":"repeat","background-position":"center center","background-size":"auto","background-attachment":"scroll","background-type":"","background-media":"","overlay-type":"","overlay-color":"","overlay-opacity":"","overlay-gradient":""},"tablet":{"background-color":"var(--ast-global-color-5)","background-image":"","background-repeat":"repeat","background-position":"center center","background-size":"auto","background-attachment":"scroll","background-type":"","background-media":"","overlay-type":"","overlay-color":"","overlay-opacity":"","overlay-gradient":""},"mobile":{"background-color":"var(--ast-global-color-5)","background-image":"","background-repeat":"repeat","background-position":"center center","background-size":"auto","background-attachment":"scroll","background-type":"","background-media":"","overlay-type":"","overlay-color":"","overlay-opacity":"","overlay-gradient":""}}},"product_brand":[],"product_cat":[15,30,217],"product_tag":[355,605,113,117,114,112,357,1228,1224,109,1022,108,604,606],"class_list":{"0":"post-1862","1":"product","2":"type-product","3":"status-publish","4":"has-post-thumbnail","6":"product_cat-yleinen","7":"product_cat-paloturvallisuus","8":"product_cat-sammuttimet","9":"product_tag-cgs","10":"product_tag-fluoriton","11":"product_tag-housegard","12":"product_tag-kasisammutin","13":"product_tag-kotiin","14":"product_tag-neste","15":"product_tag-nestesammutin","16":"product_tag-palosammutin","17":"product_tag-pfas-vapaa","18":"product_tag-sammutin","19":"product_tag-tarkastettu","20":"product_tag-vaahtosammutin","21":"product_tag-vesisammutin","22":"product_tag-wae6cr-b","23":"product_shipping_class-suomi","24":"desktop-align-center","25":"tablet-align-center","26":"mobile-align-center","27":"ast-product-gallery-layout-horizontal-slider","28":"ast-product-gallery-with-no-image","29":"ast-product-tabs-layout-horizontal","31":"first","32":"outofstock","33":"taxable","34":"shipping-taxable","35":"purchasable","36":"product-type-simple"},"yoast_head":"<!-- This site is optimized with the Yoast SEO plugin v27.3 - https:\/\/yoast.com\/product\/yoast-seo-wordpress\/ -->\n<title>CGS vesisammutin fluorittomalla lis\u00e4aineella, WAE6CR-B - Safety Partners<\/title>\n<meta name=\"description\" content=\"PFAS-vapaa vesisammutin sammuttaa hehkuvat tulipalojen alut kodissa ja m\u00f6kill\u00e4, my\u00f6s s\u00e4hk\u00f6laitteissa. Erinomainen vaihtoehto jauheelle! L\u00e4mpimiin tiloihin.\" \/>\n<meta name=\"robots\" content=\"index, follow, max-snippet:-1, max-image-preview:large, max-video-preview:-1\" \/>\n<link rel=\"canonical\" href=\"https:\/\/safetypartners.fi\/kauppa\/tuote\/cgs-vesisammutin-fluorittomalla-lisaaineella-wae6cr-b\" \/>\n<meta property=\"og:locale\" content=\"fi_FI\" \/>\n<meta property=\"og:type\" content=\"article\" \/>\n<meta property=\"og:title\" content=\"CGS vesisammutin fluorittomalla lis\u00e4aineella, WAE6CR-B - Safety Partners\" \/>\n<meta property=\"og:description\" content=\"PFAS-vapaa vesisammutin sammuttaa hehkuvat tulipalojen alut kodissa ja m\u00f6kill\u00e4, my\u00f6s s\u00e4hk\u00f6laitteissa. Erinomainen vaihtoehto jauheelle! L\u00e4mpimiin tiloihin.\" \/>\n<meta property=\"og:url\" content=\"https:\/\/safetypartners.fi\/kauppa\/tuote\/cgs-vesisammutin-fluorittomalla-lisaaineella-wae6cr-b\" \/>\n<meta property=\"og:site_name\" content=\"Safety Partners\" \/>\n<meta property=\"article:modified_time\" content=\"2026-02-24T11:03:08+00:00\" \/>\n<meta property=\"og:image\" content=\"https:\/\/safetypartners.fi\/kauppa\/wp-content\/uploads\/2024\/05\/CGS-vesisammutin-fluorittomalla-lisaaineella-WAE6CR-B_PFAS-free-e1715594231738.png\" \/>\n\t<meta property=\"og:image:width\" content=\"600\" \/>\n\t<meta property=\"og:image:height\" content=\"900\" \/>\n\t<meta property=\"og:image:type\" content=\"image\/png\" \/>\n<meta name=\"twitter:card\" content=\"summary_large_image\" \/>\n<meta name=\"twitter:label1\" content=\"Arvioitu lukuaika\" \/>\n\t<meta name=\"twitter:data1\" content=\"1 minuutti\" \/>\n<script type=\"application\/ld+json\" class=\"yoast-schema-graph\">{\"@context\":\"https:\\\/\\\/schema.org\",\"@graph\":[{\"@type\":\"WebPage\",\"@id\":\"https:\\\/\\\/safetypartners.fi\\\/kauppa\\\/tuote\\\/cgs-vesisammutin-fluorittomalla-lisaaineella-wae6cr-b\",\"url\":\"https:\\\/\\\/safetypartners.fi\\\/kauppa\\\/tuote\\\/cgs-vesisammutin-fluorittomalla-lisaaineella-wae6cr-b\",\"name\":\"CGS vesisammutin fluorittomalla lis\u00e4aineella, WAE6CR-B - Safety Partners\",\"isPartOf\":{\"@id\":\"https:\\\/\\\/safetypartners.fi\\\/kauppa\\\/#website\"},\"primaryImageOfPage\":{\"@id\":\"https:\\\/\\\/safetypartners.fi\\\/kauppa\\\/tuote\\\/cgs-vesisammutin-fluorittomalla-lisaaineella-wae6cr-b#primaryimage\"},\"image\":{\"@id\":\"https:\\\/\\\/safetypartners.fi\\\/kauppa\\\/tuote\\\/cgs-vesisammutin-fluorittomalla-lisaaineella-wae6cr-b#primaryimage\"},\"thumbnailUrl\":\"https:\\\/\\\/safetypartners.fi\\\/kauppa\\\/wp-content\\\/uploads\\\/2024\\\/05\\\/CGS-vesisammutin-fluorittomalla-lisaaineella-WAE6CR-B_PFAS-free-e1715594231738.png\",\"datePublished\":\"2024-05-13T09:22:08+00:00\",\"dateModified\":\"2026-02-24T11:03:08+00:00\",\"description\":\"PFAS-vapaa vesisammutin sammuttaa hehkuvat tulipalojen alut kodissa ja m\u00f6kill\u00e4, my\u00f6s s\u00e4hk\u00f6laitteissa. Erinomainen vaihtoehto jauheelle! L\u00e4mpimiin tiloihin.\",\"breadcrumb\":{\"@id\":\"https:\\\/\\\/safetypartners.fi\\\/kauppa\\\/tuote\\\/cgs-vesisammutin-fluorittomalla-lisaaineella-wae6cr-b#breadcrumb\"},\"inLanguage\":\"fi\",\"potentialAction\":[{\"@type\":\"ReadAction\",\"target\":[\"https:\\\/\\\/safetypartners.fi\\\/kauppa\\\/tuote\\\/cgs-vesisammutin-fluorittomalla-lisaaineella-wae6cr-b\"]}]},{\"@type\":\"ImageObject\",\"inLanguage\":\"fi\",\"@id\":\"https:\\\/\\\/safetypartners.fi\\\/kauppa\\\/tuote\\\/cgs-vesisammutin-fluorittomalla-lisaaineella-wae6cr-b#primaryimage\",\"url\":\"https:\\\/\\\/safetypartners.fi\\\/kauppa\\\/wp-content\\\/uploads\\\/2024\\\/05\\\/CGS-vesisammutin-fluorittomalla-lisaaineella-WAE6CR-B_PFAS-free-e1715594231738.png\",\"contentUrl\":\"https:\\\/\\\/safetypartners.fi\\\/kauppa\\\/wp-content\\\/uploads\\\/2024\\\/05\\\/CGS-vesisammutin-fluorittomalla-lisaaineella-WAE6CR-B_PFAS-free-e1715594231738.png\",\"width\":600,\"height\":900},{\"@type\":\"BreadcrumbList\",\"@id\":\"https:\\\/\\\/safetypartners.fi\\\/kauppa\\\/tuote\\\/cgs-vesisammutin-fluorittomalla-lisaaineella-wae6cr-b#breadcrumb\",\"itemListElement\":[{\"@type\":\"ListItem\",\"position\":1,\"name\":\"Home\",\"item\":\"https:\\\/\\\/safetypartners.fi\\\/kauppa\\\/\"},{\"@type\":\"ListItem\",\"position\":2,\"name\":\"Kauppa\",\"item\":\"https:\\\/\\\/safetypartners.fi\\\/kauppa\\\/kauppa\"},{\"@type\":\"ListItem\",\"position\":3,\"name\":\"CGS vesisammutin fluorittomalla lis\u00e4aineella, WAE6CR-B\"}]},{\"@type\":\"WebSite\",\"@id\":\"https:\\\/\\\/safetypartners.fi\\\/kauppa\\\/#website\",\"url\":\"https:\\\/\\\/safetypartners.fi\\\/kauppa\\\/\",\"name\":\"Safety Partners\",\"description\":\"Safety Partners turvakauppa palvelee verkossa 24\\\/7!\",\"publisher\":{\"@id\":\"https:\\\/\\\/safetypartners.fi\\\/kauppa\\\/#organization\"},\"potentialAction\":[{\"@type\":\"SearchAction\",\"target\":{\"@type\":\"EntryPoint\",\"urlTemplate\":\"https:\\\/\\\/safetypartners.fi\\\/kauppa\\\/?s={search_term_string}\"},\"query-input\":{\"@type\":\"PropertyValueSpecification\",\"valueRequired\":true,\"valueName\":\"search_term_string\"}}],\"inLanguage\":\"fi\"},{\"@type\":\"Organization\",\"@id\":\"https:\\\/\\\/safetypartners.fi\\\/kauppa\\\/#organization\",\"name\":\"Safety Partners | Suomen Sammutinpalvelu\",\"url\":\"https:\\\/\\\/safetypartners.fi\\\/kauppa\\\/\",\"logo\":{\"@type\":\"ImageObject\",\"inLanguage\":\"fi\",\"@id\":\"https:\\\/\\\/safetypartners.fi\\\/kauppa\\\/#\\\/schema\\\/logo\\\/image\\\/\",\"url\":\"https:\\\/\\\/safetypartners.fi\\\/kauppa\\\/wp-content\\\/uploads\\\/2020\\\/05\\\/cropped-Logoke-1.jpg\",\"contentUrl\":\"https:\\\/\\\/safetypartners.fi\\\/kauppa\\\/wp-content\\\/uploads\\\/2020\\\/05\\\/cropped-Logoke-1.jpg\",\"width\":847,\"height\":717,\"caption\":\"Safety Partners | Suomen Sammutinpalvelu\"},\"image\":{\"@id\":\"https:\\\/\\\/safetypartners.fi\\\/kauppa\\\/#\\\/schema\\\/logo\\\/image\\\/\"}}]}<\/script>\n<!-- \/ Yoast SEO plugin. -->","yoast_head_json":{"title":"CGS vesisammutin fluorittomalla lis\u00e4aineella, WAE6CR-B - Safety Partners","description":"PFAS-vapaa vesisammutin sammuttaa hehkuvat tulipalojen alut kodissa ja m\u00f6kill\u00e4, my\u00f6s s\u00e4hk\u00f6laitteissa. Erinomainen vaihtoehto jauheelle! L\u00e4mpimiin tiloihin.","robots":{"index":"index","follow":"follow","max-snippet":"max-snippet:-1","max-image-preview":"max-image-preview:large","max-video-preview":"max-video-preview:-1"},"canonical":"https:\/\/safetypartners.fi\/kauppa\/tuote\/cgs-vesisammutin-fluorittomalla-lisaaineella-wae6cr-b","og_locale":"fi_FI","og_type":"article","og_title":"CGS vesisammutin fluorittomalla lis\u00e4aineella, WAE6CR-B - Safety Partners","og_description":"PFAS-vapaa vesisammutin sammuttaa hehkuvat tulipalojen alut kodissa ja m\u00f6kill\u00e4, my\u00f6s s\u00e4hk\u00f6laitteissa. Erinomainen vaihtoehto jauheelle! L\u00e4mpimiin tiloihin.","og_url":"https:\/\/safetypartners.fi\/kauppa\/tuote\/cgs-vesisammutin-fluorittomalla-lisaaineella-wae6cr-b","og_site_name":"Safety Partners","article_modified_time":"2026-02-24T11:03:08+00:00","og_image":[{"width":600,"height":900,"url":"https:\/\/safetypartners.fi\/kauppa\/wp-content\/uploads\/2024\/05\/CGS-vesisammutin-fluorittomalla-lisaaineella-WAE6CR-B_PFAS-free-e1715594231738.png","type":"image\/png"}],"twitter_card":"summary_large_image","twitter_misc":{"Arvioitu lukuaika":"1 minuutti"},"schema":{"@context":"https:\/\/schema.org","@graph":[{"@type":"WebPage","@id":"https:\/\/safetypartners.fi\/kauppa\/tuote\/cgs-vesisammutin-fluorittomalla-lisaaineella-wae6cr-b","url":"https:\/\/safetypartners.fi\/kauppa\/tuote\/cgs-vesisammutin-fluorittomalla-lisaaineella-wae6cr-b","name":"CGS vesisammutin fluorittomalla lis\u00e4aineella, WAE6CR-B - Safety Partners","isPartOf":{"@id":"https:\/\/safetypartners.fi\/kauppa\/#website"},"primaryImageOfPage":{"@id":"https:\/\/safetypartners.fi\/kauppa\/tuote\/cgs-vesisammutin-fluorittomalla-lisaaineella-wae6cr-b#primaryimage"},"image":{"@id":"https:\/\/safetypartners.fi\/kauppa\/tuote\/cgs-vesisammutin-fluorittomalla-lisaaineella-wae6cr-b#primaryimage"},"thumbnailUrl":"https:\/\/safetypartners.fi\/kauppa\/wp-content\/uploads\/2024\/05\/CGS-vesisammutin-fluorittomalla-lisaaineella-WAE6CR-B_PFAS-free-e1715594231738.png","datePublished":"2024-05-13T09:22:08+00:00","dateModified":"2026-02-24T11:03:08+00:00","description":"PFAS-vapaa vesisammutin sammuttaa hehkuvat tulipalojen alut kodissa ja m\u00f6kill\u00e4, my\u00f6s s\u00e4hk\u00f6laitteissa. Erinomainen vaihtoehto jauheelle! L\u00e4mpimiin tiloihin.","breadcrumb":{"@id":"https:\/\/safetypartners.fi\/kauppa\/tuote\/cgs-vesisammutin-fluorittomalla-lisaaineella-wae6cr-b#breadcrumb"},"inLanguage":"fi","potentialAction":[{"@type":"ReadAction","target":["https:\/\/safetypartners.fi\/kauppa\/tuote\/cgs-vesisammutin-fluorittomalla-lisaaineella-wae6cr-b"]}]},{"@type":"ImageObject","inLanguage":"fi","@id":"https:\/\/safetypartners.fi\/kauppa\/tuote\/cgs-vesisammutin-fluorittomalla-lisaaineella-wae6cr-b#primaryimage","url":"https:\/\/safetypartners.fi\/kauppa\/wp-content\/uploads\/2024\/05\/CGS-vesisammutin-fluorittomalla-lisaaineella-WAE6CR-B_PFAS-free-e1715594231738.png","contentUrl":"https:\/\/safetypartners.fi\/kauppa\/wp-content\/uploads\/2024\/05\/CGS-vesisammutin-fluorittomalla-lisaaineella-WAE6CR-B_PFAS-free-e1715594231738.png","width":600,"height":900},{"@type":"BreadcrumbList","@id":"https:\/\/safetypartners.fi\/kauppa\/tuote\/cgs-vesisammutin-fluorittomalla-lisaaineella-wae6cr-b#breadcrumb","itemListElement":[{"@type":"ListItem","position":1,"name":"Home","item":"https:\/\/safetypartners.fi\/kauppa\/"},{"@type":"ListItem","position":2,"name":"Kauppa","item":"https:\/\/safetypartners.fi\/kauppa\/kauppa"},{"@type":"ListItem","position":3,"name":"CGS vesisammutin fluorittomalla lis\u00e4aineella, WAE6CR-B"}]},{"@type":"WebSite","@id":"https:\/\/safetypartners.fi\/kauppa\/#website","url":"https:\/\/safetypartners.fi\/kauppa\/","name":"Safety Partners","description":"Safety Partners turvakauppa palvelee verkossa 24\/7!","publisher":{"@id":"https:\/\/safetypartners.fi\/kauppa\/#organization"},"potentialAction":[{"@type":"SearchAction","target":{"@type":"EntryPoint","urlTemplate":"https:\/\/safetypartners.fi\/kauppa\/?s={search_term_string}"},"query-input":{"@type":"PropertyValueSpecification","valueRequired":true,"valueName":"search_term_string"}}],"inLanguage":"fi"},{"@type":"Organization","@id":"https:\/\/safetypartners.fi\/kauppa\/#organization","name":"Safety Partners | Suomen Sammutinpalvelu","url":"https:\/\/safetypartners.fi\/kauppa\/","logo":{"@type":"ImageObject","inLanguage":"fi","@id":"https:\/\/safetypartners.fi\/kauppa\/#\/schema\/logo\/image\/","url":"https:\/\/safetypartners.fi\/kauppa\/wp-content\/uploads\/2020\/05\/cropped-Logoke-1.jpg","contentUrl":"https:\/\/safetypartners.fi\/kauppa\/wp-content\/uploads\/2020\/05\/cropped-Logoke-1.jpg","width":847,"height":717,"caption":"Safety Partners | Suomen Sammutinpalvelu"},"image":{"@id":"https:\/\/safetypartners.fi\/kauppa\/#\/schema\/logo\/image\/"}}]}},"uagb_featured_image_src":{"full":["https:\/\/safetypartners.fi\/kauppa\/wp-content\/uploads\/2024\/05\/CGS-vesisammutin-fluorittomalla-lisaaineella-WAE6CR-B_PFAS-free-e1715594231738.png",600,900,false],"thumbnail":["https:\/\/safetypartners.fi\/kauppa\/wp-content\/uploads\/2024\/05\/CGS-vesisammutin-fluorittomalla-lisaaineella-WAE6CR-B_PFAS-free-150x150.png",150,150,true],"medium":["https:\/\/safetypartners.fi\/kauppa\/wp-content\/uploads\/2024\/05\/CGS-vesisammutin-fluorittomalla-lisaaineella-WAE6CR-B_PFAS-free-200x300.png",200,300,true],"medium_large":["https:\/\/safetypartners.fi\/kauppa\/wp-content\/uploads\/2024\/05\/CGS-vesisammutin-fluorittomalla-lisaaineella-WAE6CR-B_PFAS-free-768x1152.png",768,1152,true],"large":["https:\/\/safetypartners.fi\/kauppa\/wp-content\/uploads\/2024\/05\/CGS-vesisammutin-fluorittomalla-lisaaineella-WAE6CR-B_PFAS-free-683x1024.png",683,1024,true],"1536x1536":["https:\/\/safetypartners.fi\/kauppa\/wp-content\/uploads\/2024\/05\/CGS-vesisammutin-fluorittomalla-lisaaineella-WAE6CR-B_PFAS-free-1024x1536.png",1024,1536,true],"2048x2048":["https:\/\/safetypartners.fi\/kauppa\/wp-content\/uploads\/2024\/05\/CGS-vesisammutin-fluorittomalla-lisaaineella-WAE6CR-B_PFAS-free-1365x2048.png",1365,2048,true],"woocommerce_thumbnail":["https:\/\/safetypartners.fi\/kauppa\/wp-content\/uploads\/2024\/05\/CGS-vesisammutin-fluorittomalla-lisaaineella-WAE6CR-B_PFAS-free-300x300.png",300,300,true],"woocommerce_single":["https:\/\/safetypartners.fi\/kauppa\/wp-content\/uploads\/2024\/05\/CGS-vesisammutin-fluorittomalla-lisaaineella-WAE6CR-B_PFAS-free-600x900.png",600,900,true],"woocommerce_gallery_thumbnail":["https:\/\/safetypartners.fi\/kauppa\/wp-content\/uploads\/2024\/05\/CGS-vesisammutin-fluorittomalla-lisaaineella-WAE6CR-B_PFAS-free-100x100.png",100,100,true]},"uagb_author_info":{"display_name":"Anu Lehto","author_link":"https:\/\/safetypartners.fi\/kauppa\/author"},"uagb_comment_info":0,"uagb_excerpt":"CGS vesisammutin fluorittomalla lis\u00e4aineella\u00a0on A-paloluokan tehokas k\u00e4sisammutin. Sammutin sis\u00e4lt\u00e4\u00e4 sammutusvaikutusta tehostavaa lis\u00e4ainetta, ja sopii erityisesti kohteisiin joissa palovaaraksi arvioidaan p\u00e4\u00e4osin A-luokat palot (kiinte\u00e4t, tavallisesti orgaaniset, hehkuen palavat aineet). Vesisammutin soveltuu ymp\u00e4rist\u00f6ihin, joissa halutaan v\u00e4ltt\u00e4\u00e4 sammuttamisesta koituvat puhdistusty\u00f6t sek\u00e4 mahdolliset vauriot, jotka voivat aiheutua jauheen k\u00e4yt\u00f6st\u00e4. T\u00e4llaisia ymp\u00e4rist\u00f6j\u00e4 ovat mm. kodit, m\u00f6kit ja isommat veneet. Toisin&hellip;","_links":{"self":[{"href":"https:\/\/safetypartners.fi\/kauppa\/wp-json\/wp\/v2\/product\/1862","targetHints":{"allow":["GET"]}}],"collection":[{"href":"https:\/\/safetypartners.fi\/kauppa\/wp-json\/wp\/v2\/product"}],"about":[{"href":"https:\/\/safetypartners.fi\/kauppa\/wp-json\/wp\/v2\/types\/product"}],"replies":[{"embeddable":true,"href":"https:\/\/safetypartners.fi\/kauppa\/wp-json\/wp\/v2\/comments?post=1862"}],"version-history":[{"count":10,"href":"https:\/\/safetypartners.fi\/kauppa\/wp-json\/wp\/v2\/product\/1862\/revisions"}],"predecessor-version":[{"id":1867,"href":"https:\/\/safetypartners.fi\/kauppa\/wp-json\/wp\/v2\/product\/1862\/revisions\/1867"}],"wp:featuredmedia":[{"embeddable":true,"href":"https:\/\/safetypartners.fi\/kauppa\/wp-json\/wp\/v2\/media\/1863"}],"wp:attachment":[{"href":"https:\/\/safetypartners.fi\/kauppa\/wp-json\/wp\/v2\/media?parent=1862"}],"wp:term":[{"taxonomy":"product_brand","embeddable":true,"href":"https:\/\/safetypartners.fi\/kauppa\/wp-json\/wp\/v2\/product_brand?post=1862"},{"taxonomy":"product_cat","embeddable":true,"href":"https:\/\/safetypartners.fi\/kauppa\/wp-json\/wp\/v2\/product_cat?post=1862"},{"taxonomy":"product_tag","embeddable":true,"href":"https:\/\/safetypartners.fi\/kauppa\/wp-json\/wp\/v2\/product_tag?post=1862"}],"curies":[{"name":"wp","href":"https:\/\/api.w.org\/{rel}","templated":true}]}}