{"id":1869,"date":"2024-05-21T10:38:01","date_gmt":"2024-05-21T07:38:01","guid":{"rendered":"https:\/\/safetypartners.fi\/kauppa\/?post_type=product&#038;p=1869"},"modified":"2026-02-17T11:49:43","modified_gmt":"2026-02-17T09:49:43","slug":"housegard-luma-langaton-alypalovaroitin-sa750-2kpl","status":"publish","type":"product","link":"https:\/\/safetypartners.fi\/kauppa\/tuote\/housegard-luma-langaton-alypalovaroitin-sa750-2kpl","title":{"rendered":"Housegard Luma langaton \u00e4lypalovaroitin SA750, 2kpl"},"content":{"rendered":"<p>Optionen palovaroitin kotitalouksiin ja ty\u00f6paikoille, asuntoautoihin ja -vaunuihin. Ei suositella veneisiin.<\/p>\n<p>Sijoitussuositukset: v\u00e4hint\u00e4\u00e4n 1 varoitin per alkava 60 m<sup>2<\/sup>, mahdollisten palonl\u00e4hteiden ja makuuhuoneiden v\u00e4liin. Kahden samaan sarjaan kuuluvan varoittimen et\u00e4isyys tulisi olla enint\u00e4\u00e4n 10 metri\u00e4. Yksi varoitin jokaiseen talon kerrokseen, k\u00e4yt\u00e4viin ja portaikoihin. Ei suositella erityisen p\u00f6lyisiin huoneisiin. V\u00e4hint\u00e4\u00e4n 50cm et\u00e4isyydelle seinist\u00e4\/kulmista.<\/p>\n<ul>\n<li>Paristo:\u00a0 DC3V<\/li>\n<li>Pariston ik\u00e4: &gt; 10 vuotta (voimakkaat radiotaajuush\u00e4iri\u00f6t sek\u00e4 suuret l\u00e4mp\u00f6tilanvaihtelut voivat heikent\u00e4\u00e4 pariston k\u00e4ytt\u00f6ik\u00e4\u00e4)<\/li>\n<li>Toimintal\u00e4mp\u00f6tila: 0\u00b0&#8230;+55\u00b0C<\/li>\n<li>Kosteus: 0 &#8211; 90%<\/li>\n<li>\u00c4\u00e4nisignaali: &gt; 85 db (A) \/ 3m<\/li>\n<li>Max. m\u00e4\u00e4r\u00e4 laitteita per hub: 40kpl<\/li>\n<li>Taajuus: 868 MHz \/ Luokka I<\/li>\n<li>Sertifiointi: EN 14604, CE<\/li>\n<li>Takuu: 5 vuotta<\/li>\n<li>Koko: \u00d8 65 mm x 44 mm<\/li>\n<li>Paino: 160g (sis.paristo)<\/li>\n<\/ul>\n<p>Keskittimen yhteensopivuus k\u00e4ytt\u00f6j\u00e4rjestelmien kanssa:<\/p>\n<ul>\n<li>iOS 11.0 tai uudempi. Yhteensopiva iPhonen, iPadin, ja iPod touchin kanssa.<\/li>\n<li>Android: 6.0 tai uudempi<\/li>\n<\/ul>\n<p>Lue my\u00f6s: <a href=\"https:\/\/gpbmnordic.com\/Product\/Files\/Local\/Smoke%20Detectors%20and%20False%20Alarms%20FI.pdf\" target=\"_blank\" rel=\"noopener\">Palovaroittimen asentaminen ja virheh\u00e4lytykset<\/a><\/p>\n","protected":false},"excerpt":{"rendered":"<div class=\"woocommerce-product-details__short-description\">\n<p><strong>Housegard Luma SA750 langaton palovaroitin<\/strong> on helppok\u00e4ytt\u00f6inen, et\u00e4hallittava \u00e4lyvaroitin. Yhden varoittimen h\u00e4lytt\u00e4ess\u00e4 kaikki h\u00e4lytt\u00e4v\u00e4t. H\u00e4lytys tavoittaa sinut \u00e4lypuhelimesi sovelluksen kautta, mist\u00e4 ja milloin tahansa.<\/p>\n<p>K\u00e4ytt\u00e4j\u00e4yst\u00e4v\u00e4llisyys ja laadukkuus tekev\u00e4t optisesta Luma-palovaroittimesta oivallisen kodin ja ty\u00f6paikan turvaajan. J\u00e4rjestelm\u00e4\u00e4n voidaan kytke\u00e4 jopa 40 kesken\u00e4\u00e4n keskustelevaa Luma-varoitinta.<\/p>\n<p>\u00c4lyk\u00e4s Luma-palovaroitin sis\u00e4lt\u00e4\u00e4 10 vuoden litiumionipariston. Paristo kest\u00e4\u00e4 laitteen koko elinajan, sill\u00e4 palovaroittimet tulee uusia 10 vuoden v\u00e4lein. Ladattavan Smart Life -mobiilisovelluksen kautta Luma-palovaroittimien hallinta onnistuu keskitetysti. <a href=\"https:\/\/safetypartners.fi\/kauppa\/tuote\/housegard-luma-keskitin-gw650-hub\"><strong>Mobiilisovelluksen k\u00e4ytt\u00f6\u00f6n tarvitaan erikseen myyt\u00e4v\u00e4 keskitin (hub)<\/strong><\/a>.<\/p>\n<p>Palovaroittimen asennus, testaus ja seuraaminen onnistuu puhelimen sovellusta k\u00e4ytt\u00e4m\u00e4ll\u00e4. Saat ilmoituksia h\u00e4lytysten lis\u00e4ksi my\u00f6s mm. alhaisesta akun varaustasosta. <span style=\"color: #ff0000;\"><strong>\u00c4lypuhelinsovellus on englanninkielinen.<\/strong><\/span><\/p>\n<\/div>\n","protected":false},"featured_media":1870,"comment_status":"open","ping_status":"closed","template":"","meta":{"_uag_custom_page_level_css":"","site-sidebar-layout":"default","site-content-layout":"","ast-site-content-layout":"default","site-content-style":"default","site-sidebar-style":"default","ast-global-header-display":"","ast-banner-title-visibility":"","ast-main-header-display":"","ast-hfb-above-header-display":"","ast-hfb-below-header-display":"","ast-hfb-mobile-header-display":"","site-post-title":"","ast-breadcrumbs-content":"","ast-featured-img":"","footer-sml-layout":"","ast-disable-related-posts":"","theme-transparent-header-meta":"default","adv-header-id-meta":"","stick-header-meta":"default","header-above-stick-meta":"","header-main-stick-meta":"","header-below-stick-meta":"","astra-migrate-meta-layouts":"set","ast-page-background-enabled":"default","ast-page-background-meta":{"desktop":{"background-color":"","background-image":"","background-repeat":"repeat","background-position":"center center","background-size":"auto","background-attachment":"scroll","background-type":"","background-media":"","overlay-type":"","overlay-color":"","overlay-opacity":"","overlay-gradient":""},"tablet":{"background-color":"","background-image":"","background-repeat":"repeat","background-position":"center center","background-size":"auto","background-attachment":"scroll","background-type":"","background-media":"","overlay-type":"","overlay-color":"","overlay-opacity":"","overlay-gradient":""},"mobile":{"background-color":"","background-image":"","background-repeat":"repeat","background-position":"center center","background-size":"auto","background-attachment":"scroll","background-type":"","background-media":"","overlay-type":"","overlay-color":"","overlay-opacity":"","overlay-gradient":""}},"ast-content-background-meta":{"desktop":{"background-color":"var(--ast-global-color-5)","background-image":"","background-repeat":"repeat","background-position":"center center","background-size":"auto","background-attachment":"scroll","background-type":"","background-media":"","overlay-type":"","overlay-color":"","overlay-opacity":"","overlay-gradient":""},"tablet":{"background-color":"var(--ast-global-color-5)","background-image":"","background-repeat":"repeat","background-position":"center center","background-size":"auto","background-attachment":"scroll","background-type":"","background-media":"","overlay-type":"","overlay-color":"","overlay-opacity":"","overlay-gradient":""},"mobile":{"background-color":"var(--ast-global-color-5)","background-image":"","background-repeat":"repeat","background-position":"center center","background-size":"auto","background-attachment":"scroll","background-type":"","background-media":"","overlay-type":"","overlay-color":"","overlay-opacity":"","overlay-gradient":""}}},"product_brand":[],"product_cat":[15,30,216,316],"product_tag":[332,609,1247,608,1159,113,1231,327,1232,481,607,317,34,1233],"class_list":{"0":"post-1869","1":"product","2":"type-product","3":"status-publish","4":"has-post-thumbnail","6":"product_cat-yleinen","7":"product_cat-paloturvallisuus","8":"product_cat-palovaroittimet","9":"product_cat-yhdistettavat-palovaroittimet","10":"product_tag-10-vuoden-paristo","11":"product_tag-alykas","12":"product_tag-alypuhelin","13":"product_tag-alyvaroitin","14":"product_tag-etahallittava","15":"product_tag-housegard","16":"product_tag-ketjutettava","17":"product_tag-langaton","18":"product_tag-langattomasti-ketjutettava","19":"product_tag-litiumakku","20":"product_tag-luma","21":"product_tag-palovaroitin","22":"product_tag-varoitin","23":"product_tag-yhdistettava","24":"product_shipping_class-suomi","25":"desktop-align-center","26":"tablet-align-center","27":"mobile-align-center","28":"ast-product-gallery-layout-horizontal-slider","29":"ast-product-tabs-layout-horizontal","31":"first","32":"instock","33":"taxable","34":"shipping-taxable","35":"purchasable","36":"product-type-simple"},"yoast_head":"<!-- This site is optimized with the Yoast SEO plugin v27.3 - https:\/\/yoast.com\/product\/yoast-seo-wordpress\/ -->\n<title>Housegard Luma langaton \u00e4lypalovaroitin SA750, 2kpl - Safety Partners<\/title>\n<meta name=\"description\" content=\"Et\u00e4hallittava \u00e4lypalovaroitin. Yhden varoittimen h\u00e4lytt\u00e4ess\u00e4 kaikki h\u00e4lytt\u00e4v\u00e4t. H\u00e4lytys tavoittaa sinut mist\u00e4 tahansa, milloin tahansa.\" \/>\n<meta name=\"robots\" content=\"index, follow, max-snippet:-1, max-image-preview:large, max-video-preview:-1\" \/>\n<link rel=\"canonical\" href=\"https:\/\/safetypartners.fi\/kauppa\/tuote\/housegard-luma-langaton-alypalovaroitin-sa750-2kpl\" \/>\n<meta property=\"og:locale\" content=\"fi_FI\" \/>\n<meta property=\"og:type\" content=\"article\" \/>\n<meta property=\"og:title\" content=\"Housegard Luma langaton \u00e4lypalovaroitin SA750, 2kpl - Safety Partners\" \/>\n<meta property=\"og:description\" content=\"Et\u00e4hallittava \u00e4lypalovaroitin. Yhden varoittimen h\u00e4lytt\u00e4ess\u00e4 kaikki h\u00e4lytt\u00e4v\u00e4t. H\u00e4lytys tavoittaa sinut mist\u00e4 tahansa, milloin tahansa.\" \/>\n<meta property=\"og:url\" content=\"https:\/\/safetypartners.fi\/kauppa\/tuote\/housegard-luma-langaton-alypalovaroitin-sa750-2kpl\" \/>\n<meta property=\"og:site_name\" content=\"Safety Partners\" \/>\n<meta property=\"article:modified_time\" content=\"2026-02-17T09:49:43+00:00\" \/>\n<meta property=\"og:image\" content=\"https:\/\/safetypartners.fi\/kauppa\/wp-content\/uploads\/2024\/05\/Luma-1.webp\" \/>\n\t<meta property=\"og:image:width\" content=\"700\" \/>\n\t<meta property=\"og:image:height\" content=\"700\" \/>\n\t<meta property=\"og:image:type\" content=\"image\/webp\" \/>\n<meta name=\"twitter:card\" content=\"summary_large_image\" \/>\n<meta name=\"twitter:label1\" content=\"Arvioitu lukuaika\" \/>\n\t<meta name=\"twitter:data1\" content=\"2 minuuttia\" \/>\n<script type=\"application\/ld+json\" class=\"yoast-schema-graph\">{\"@context\":\"https:\\\/\\\/schema.org\",\"@graph\":[{\"@type\":\"WebPage\",\"@id\":\"https:\\\/\\\/safetypartners.fi\\\/kauppa\\\/tuote\\\/housegard-luma-langaton-alypalovaroitin-sa750-2kpl\",\"url\":\"https:\\\/\\\/safetypartners.fi\\\/kauppa\\\/tuote\\\/housegard-luma-langaton-alypalovaroitin-sa750-2kpl\",\"name\":\"Housegard Luma langaton \u00e4lypalovaroitin SA750, 2kpl - Safety Partners\",\"isPartOf\":{\"@id\":\"https:\\\/\\\/safetypartners.fi\\\/kauppa\\\/#website\"},\"primaryImageOfPage\":{\"@id\":\"https:\\\/\\\/safetypartners.fi\\\/kauppa\\\/tuote\\\/housegard-luma-langaton-alypalovaroitin-sa750-2kpl#primaryimage\"},\"image\":{\"@id\":\"https:\\\/\\\/safetypartners.fi\\\/kauppa\\\/tuote\\\/housegard-luma-langaton-alypalovaroitin-sa750-2kpl#primaryimage\"},\"thumbnailUrl\":\"https:\\\/\\\/safetypartners.fi\\\/kauppa\\\/wp-content\\\/uploads\\\/2024\\\/05\\\/Luma-1.webp\",\"datePublished\":\"2024-05-21T07:38:01+00:00\",\"dateModified\":\"2026-02-17T09:49:43+00:00\",\"description\":\"Et\u00e4hallittava \u00e4lypalovaroitin. Yhden varoittimen h\u00e4lytt\u00e4ess\u00e4 kaikki h\u00e4lytt\u00e4v\u00e4t. H\u00e4lytys tavoittaa sinut mist\u00e4 tahansa, milloin tahansa.\",\"breadcrumb\":{\"@id\":\"https:\\\/\\\/safetypartners.fi\\\/kauppa\\\/tuote\\\/housegard-luma-langaton-alypalovaroitin-sa750-2kpl#breadcrumb\"},\"inLanguage\":\"fi\",\"potentialAction\":[{\"@type\":\"ReadAction\",\"target\":[\"https:\\\/\\\/safetypartners.fi\\\/kauppa\\\/tuote\\\/housegard-luma-langaton-alypalovaroitin-sa750-2kpl\"]}]},{\"@type\":\"ImageObject\",\"inLanguage\":\"fi\",\"@id\":\"https:\\\/\\\/safetypartners.fi\\\/kauppa\\\/tuote\\\/housegard-luma-langaton-alypalovaroitin-sa750-2kpl#primaryimage\",\"url\":\"https:\\\/\\\/safetypartners.fi\\\/kauppa\\\/wp-content\\\/uploads\\\/2024\\\/05\\\/Luma-1.webp\",\"contentUrl\":\"https:\\\/\\\/safetypartners.fi\\\/kauppa\\\/wp-content\\\/uploads\\\/2024\\\/05\\\/Luma-1.webp\",\"width\":700,\"height\":700},{\"@type\":\"BreadcrumbList\",\"@id\":\"https:\\\/\\\/safetypartners.fi\\\/kauppa\\\/tuote\\\/housegard-luma-langaton-alypalovaroitin-sa750-2kpl#breadcrumb\",\"itemListElement\":[{\"@type\":\"ListItem\",\"position\":1,\"name\":\"Home\",\"item\":\"https:\\\/\\\/safetypartners.fi\\\/kauppa\\\/\"},{\"@type\":\"ListItem\",\"position\":2,\"name\":\"Kauppa\",\"item\":\"https:\\\/\\\/safetypartners.fi\\\/kauppa\\\/kauppa\"},{\"@type\":\"ListItem\",\"position\":3,\"name\":\"Housegard Luma langaton \u00e4lypalovaroitin SA750, 2kpl\"}]},{\"@type\":\"WebSite\",\"@id\":\"https:\\\/\\\/safetypartners.fi\\\/kauppa\\\/#website\",\"url\":\"https:\\\/\\\/safetypartners.fi\\\/kauppa\\\/\",\"name\":\"Safety Partners\",\"description\":\"Safety Partners turvakauppa palvelee verkossa 24\\\/7!\",\"publisher\":{\"@id\":\"https:\\\/\\\/safetypartners.fi\\\/kauppa\\\/#organization\"},\"potentialAction\":[{\"@type\":\"SearchAction\",\"target\":{\"@type\":\"EntryPoint\",\"urlTemplate\":\"https:\\\/\\\/safetypartners.fi\\\/kauppa\\\/?s={search_term_string}\"},\"query-input\":{\"@type\":\"PropertyValueSpecification\",\"valueRequired\":true,\"valueName\":\"search_term_string\"}}],\"inLanguage\":\"fi\"},{\"@type\":\"Organization\",\"@id\":\"https:\\\/\\\/safetypartners.fi\\\/kauppa\\\/#organization\",\"name\":\"Safety Partners | Suomen Sammutinpalvelu\",\"url\":\"https:\\\/\\\/safetypartners.fi\\\/kauppa\\\/\",\"logo\":{\"@type\":\"ImageObject\",\"inLanguage\":\"fi\",\"@id\":\"https:\\\/\\\/safetypartners.fi\\\/kauppa\\\/#\\\/schema\\\/logo\\\/image\\\/\",\"url\":\"https:\\\/\\\/safetypartners.fi\\\/kauppa\\\/wp-content\\\/uploads\\\/2020\\\/05\\\/cropped-Logoke-1.jpg\",\"contentUrl\":\"https:\\\/\\\/safetypartners.fi\\\/kauppa\\\/wp-content\\\/uploads\\\/2020\\\/05\\\/cropped-Logoke-1.jpg\",\"width\":847,\"height\":717,\"caption\":\"Safety Partners | Suomen Sammutinpalvelu\"},\"image\":{\"@id\":\"https:\\\/\\\/safetypartners.fi\\\/kauppa\\\/#\\\/schema\\\/logo\\\/image\\\/\"}}]}<\/script>\n<!-- \/ Yoast SEO plugin. -->","yoast_head_json":{"title":"Housegard Luma langaton \u00e4lypalovaroitin SA750, 2kpl - Safety Partners","description":"Et\u00e4hallittava \u00e4lypalovaroitin. Yhden varoittimen h\u00e4lytt\u00e4ess\u00e4 kaikki h\u00e4lytt\u00e4v\u00e4t. H\u00e4lytys tavoittaa sinut mist\u00e4 tahansa, milloin tahansa.","robots":{"index":"index","follow":"follow","max-snippet":"max-snippet:-1","max-image-preview":"max-image-preview:large","max-video-preview":"max-video-preview:-1"},"canonical":"https:\/\/safetypartners.fi\/kauppa\/tuote\/housegard-luma-langaton-alypalovaroitin-sa750-2kpl","og_locale":"fi_FI","og_type":"article","og_title":"Housegard Luma langaton \u00e4lypalovaroitin SA750, 2kpl - Safety Partners","og_description":"Et\u00e4hallittava \u00e4lypalovaroitin. Yhden varoittimen h\u00e4lytt\u00e4ess\u00e4 kaikki h\u00e4lytt\u00e4v\u00e4t. H\u00e4lytys tavoittaa sinut mist\u00e4 tahansa, milloin tahansa.","og_url":"https:\/\/safetypartners.fi\/kauppa\/tuote\/housegard-luma-langaton-alypalovaroitin-sa750-2kpl","og_site_name":"Safety Partners","article_modified_time":"2026-02-17T09:49:43+00:00","og_image":[{"width":700,"height":700,"url":"https:\/\/safetypartners.fi\/kauppa\/wp-content\/uploads\/2024\/05\/Luma-1.webp","type":"image\/webp"}],"twitter_card":"summary_large_image","twitter_misc":{"Arvioitu lukuaika":"2 minuuttia"},"schema":{"@context":"https:\/\/schema.org","@graph":[{"@type":"WebPage","@id":"https:\/\/safetypartners.fi\/kauppa\/tuote\/housegard-luma-langaton-alypalovaroitin-sa750-2kpl","url":"https:\/\/safetypartners.fi\/kauppa\/tuote\/housegard-luma-langaton-alypalovaroitin-sa750-2kpl","name":"Housegard Luma langaton \u00e4lypalovaroitin SA750, 2kpl - Safety Partners","isPartOf":{"@id":"https:\/\/safetypartners.fi\/kauppa\/#website"},"primaryImageOfPage":{"@id":"https:\/\/safetypartners.fi\/kauppa\/tuote\/housegard-luma-langaton-alypalovaroitin-sa750-2kpl#primaryimage"},"image":{"@id":"https:\/\/safetypartners.fi\/kauppa\/tuote\/housegard-luma-langaton-alypalovaroitin-sa750-2kpl#primaryimage"},"thumbnailUrl":"https:\/\/safetypartners.fi\/kauppa\/wp-content\/uploads\/2024\/05\/Luma-1.webp","datePublished":"2024-05-21T07:38:01+00:00","dateModified":"2026-02-17T09:49:43+00:00","description":"Et\u00e4hallittava \u00e4lypalovaroitin. Yhden varoittimen h\u00e4lytt\u00e4ess\u00e4 kaikki h\u00e4lytt\u00e4v\u00e4t. H\u00e4lytys tavoittaa sinut mist\u00e4 tahansa, milloin tahansa.","breadcrumb":{"@id":"https:\/\/safetypartners.fi\/kauppa\/tuote\/housegard-luma-langaton-alypalovaroitin-sa750-2kpl#breadcrumb"},"inLanguage":"fi","potentialAction":[{"@type":"ReadAction","target":["https:\/\/safetypartners.fi\/kauppa\/tuote\/housegard-luma-langaton-alypalovaroitin-sa750-2kpl"]}]},{"@type":"ImageObject","inLanguage":"fi","@id":"https:\/\/safetypartners.fi\/kauppa\/tuote\/housegard-luma-langaton-alypalovaroitin-sa750-2kpl#primaryimage","url":"https:\/\/safetypartners.fi\/kauppa\/wp-content\/uploads\/2024\/05\/Luma-1.webp","contentUrl":"https:\/\/safetypartners.fi\/kauppa\/wp-content\/uploads\/2024\/05\/Luma-1.webp","width":700,"height":700},{"@type":"BreadcrumbList","@id":"https:\/\/safetypartners.fi\/kauppa\/tuote\/housegard-luma-langaton-alypalovaroitin-sa750-2kpl#breadcrumb","itemListElement":[{"@type":"ListItem","position":1,"name":"Home","item":"https:\/\/safetypartners.fi\/kauppa\/"},{"@type":"ListItem","position":2,"name":"Kauppa","item":"https:\/\/safetypartners.fi\/kauppa\/kauppa"},{"@type":"ListItem","position":3,"name":"Housegard Luma langaton \u00e4lypalovaroitin SA750, 2kpl"}]},{"@type":"WebSite","@id":"https:\/\/safetypartners.fi\/kauppa\/#website","url":"https:\/\/safetypartners.fi\/kauppa\/","name":"Safety Partners","description":"Safety Partners turvakauppa palvelee verkossa 24\/7!","publisher":{"@id":"https:\/\/safetypartners.fi\/kauppa\/#organization"},"potentialAction":[{"@type":"SearchAction","target":{"@type":"EntryPoint","urlTemplate":"https:\/\/safetypartners.fi\/kauppa\/?s={search_term_string}"},"query-input":{"@type":"PropertyValueSpecification","valueRequired":true,"valueName":"search_term_string"}}],"inLanguage":"fi"},{"@type":"Organization","@id":"https:\/\/safetypartners.fi\/kauppa\/#organization","name":"Safety Partners | Suomen Sammutinpalvelu","url":"https:\/\/safetypartners.fi\/kauppa\/","logo":{"@type":"ImageObject","inLanguage":"fi","@id":"https:\/\/safetypartners.fi\/kauppa\/#\/schema\/logo\/image\/","url":"https:\/\/safetypartners.fi\/kauppa\/wp-content\/uploads\/2020\/05\/cropped-Logoke-1.jpg","contentUrl":"https:\/\/safetypartners.fi\/kauppa\/wp-content\/uploads\/2020\/05\/cropped-Logoke-1.jpg","width":847,"height":717,"caption":"Safety Partners | Suomen Sammutinpalvelu"},"image":{"@id":"https:\/\/safetypartners.fi\/kauppa\/#\/schema\/logo\/image\/"}}]}},"uagb_featured_image_src":{"full":["https:\/\/safetypartners.fi\/kauppa\/wp-content\/uploads\/2024\/05\/Luma-1.webp",700,700,false],"thumbnail":["https:\/\/safetypartners.fi\/kauppa\/wp-content\/uploads\/2024\/05\/Luma-1-150x150.webp",150,150,true],"medium":["https:\/\/safetypartners.fi\/kauppa\/wp-content\/uploads\/2024\/05\/Luma-1-300x300.webp",300,300,true],"medium_large":["https:\/\/safetypartners.fi\/kauppa\/wp-content\/uploads\/2024\/05\/Luma-1.webp",700,700,false],"large":["https:\/\/safetypartners.fi\/kauppa\/wp-content\/uploads\/2024\/05\/Luma-1.webp",700,700,false],"1536x1536":["https:\/\/safetypartners.fi\/kauppa\/wp-content\/uploads\/2024\/05\/Luma-1.webp",700,700,false],"2048x2048":["https:\/\/safetypartners.fi\/kauppa\/wp-content\/uploads\/2024\/05\/Luma-1.webp",700,700,false],"woocommerce_thumbnail":["https:\/\/safetypartners.fi\/kauppa\/wp-content\/uploads\/2024\/05\/Luma-1-300x300.webp",300,300,true],"woocommerce_single":["https:\/\/safetypartners.fi\/kauppa\/wp-content\/uploads\/2024\/05\/Luma-1-600x600.webp",600,600,true],"woocommerce_gallery_thumbnail":["https:\/\/safetypartners.fi\/kauppa\/wp-content\/uploads\/2024\/05\/Luma-1-100x100.webp",100,100,true]},"uagb_author_info":{"display_name":"Anu Lehto","author_link":"https:\/\/safetypartners.fi\/kauppa\/author"},"uagb_comment_info":0,"uagb_excerpt":"Housegard Luma SA750 langaton palovaroitin on helppok\u00e4ytt\u00f6inen, et\u00e4hallittava \u00e4lyvaroitin. Yhden varoittimen h\u00e4lytt\u00e4ess\u00e4 kaikki h\u00e4lytt\u00e4v\u00e4t. H\u00e4lytys tavoittaa sinut \u00e4lypuhelimesi sovelluksen kautta, mist\u00e4 ja milloin tahansa. K\u00e4ytt\u00e4j\u00e4yst\u00e4v\u00e4llisyys ja laadukkuus tekev\u00e4t optisesta Luma-palovaroittimesta oivallisen kodin ja ty\u00f6paikan turvaajan. J\u00e4rjestelm\u00e4\u00e4n voidaan kytke\u00e4 jopa 40 kesken\u00e4\u00e4n keskustelevaa Luma-varoitinta. \u00c4lyk\u00e4s Luma-palovaroitin sis\u00e4lt\u00e4\u00e4 10 vuoden litiumionipariston. Paristo kest\u00e4\u00e4 laitteen koko elinajan, sill\u00e4&hellip;","_links":{"self":[{"href":"https:\/\/safetypartners.fi\/kauppa\/wp-json\/wp\/v2\/product\/1869","targetHints":{"allow":["GET"]}}],"collection":[{"href":"https:\/\/safetypartners.fi\/kauppa\/wp-json\/wp\/v2\/product"}],"about":[{"href":"https:\/\/safetypartners.fi\/kauppa\/wp-json\/wp\/v2\/types\/product"}],"replies":[{"embeddable":true,"href":"https:\/\/safetypartners.fi\/kauppa\/wp-json\/wp\/v2\/comments?post=1869"}],"version-history":[{"count":6,"href":"https:\/\/safetypartners.fi\/kauppa\/wp-json\/wp\/v2\/product\/1869\/revisions"}],"predecessor-version":[{"id":1875,"href":"https:\/\/safetypartners.fi\/kauppa\/wp-json\/wp\/v2\/product\/1869\/revisions\/1875"}],"wp:featuredmedia":[{"embeddable":true,"href":"https:\/\/safetypartners.fi\/kauppa\/wp-json\/wp\/v2\/media\/1870"}],"wp:attachment":[{"href":"https:\/\/safetypartners.fi\/kauppa\/wp-json\/wp\/v2\/media?parent=1869"}],"wp:term":[{"taxonomy":"product_brand","embeddable":true,"href":"https:\/\/safetypartners.fi\/kauppa\/wp-json\/wp\/v2\/product_brand?post=1869"},{"taxonomy":"product_cat","embeddable":true,"href":"https:\/\/safetypartners.fi\/kauppa\/wp-json\/wp\/v2\/product_cat?post=1869"},{"taxonomy":"product_tag","embeddable":true,"href":"https:\/\/safetypartners.fi\/kauppa\/wp-json\/wp\/v2\/product_tag?post=1869"}],"curies":[{"name":"wp","href":"https:\/\/api.w.org\/{rel}","templated":true}]}}