{"id":1876,"date":"2024-05-21T11:03:06","date_gmt":"2024-05-21T08:03:06","guid":{"rendered":"https:\/\/safetypartners.fi\/kauppa\/?post_type=product&#038;p=1876"},"modified":"2026-02-17T11:46:05","modified_gmt":"2026-02-17T09:46:05","slug":"housegard-luma-keskitin-gw650-hub","status":"publish","type":"product","link":"https:\/\/safetypartners.fi\/kauppa\/tuote\/housegard-luma-keskitin-gw650-hub","title":{"rendered":"Housegard Luma Keskitin GW650 (HUB)"},"content":{"rendered":"<p><strong>Luma HUB yhdist\u00e4\u00e4 \u00e4lyvaroitinsarjan laitteet puhelimeesi<\/strong><\/p>\n<p>Ominaisuudet:<\/p>\n<ul>\n<li>Sarja: Housegard Luma<\/li>\n<li>Malli: GW650<\/li>\n<li>Virransy\u00f6tt\u00f6: 220 V USB C -adapteri<\/li>\n<li>DC5V\/1A<\/li>\n<li>Virrankulutus: \u2264 1,5 W<\/li>\n<li>Wi-Fi-reitittimen taajuus: 2,4 GHz<\/li>\n<li>Tuettu sovellus: Smart Life \u2013 Smart Living<\/li>\n<li>Yhdistett\u00e4vien laitteiden enimm\u00e4ism\u00e4\u00e4r\u00e4: 40<\/li>\n<li>Toimintataajuus: RF 868 MHz<\/li>\n<li>L\u00e4hetyset\u00e4isyys vapaassa tilassa: jopa 100 m<\/li>\n<li>K\u00e4ytt\u00f6l\u00e4mp\u00f6tila: \u201310 \u00b0C ~ +55 \u00b0C<\/li>\n<li>Kosteus: \u226495 % RH (ei huurtumista)<\/li>\n<li>Mitat: 80 x 80 x 27 mm<\/li>\n<\/ul>\n<p>Hyv\u00e4ksynn\u00e4t: CE, EMC, RED, ROHS, REACH<\/p>\n","protected":false},"excerpt":{"rendered":"<p><strong>Housegard Luma HUB<\/strong> yhdist\u00e4\u00e4 <a href=\"https:\/\/safetypartners.fi\/kauppa\/tuote\/housegard-luma-langaton-alypalovaroitin-sa750-2kpl\">Luma-varoittimet<\/a> matkapuhelimeesi. Vastaanotat ilmoituksia h\u00e4lytyksist\u00e4, alhaisesta akun varaustasosta ja mahdollisista vikatiloista. Puhelinovelluksen avulla my\u00f6s testaat varoittimet k\u00e4tev\u00e4sti.<\/p>\n<p>Yhden varoittimen h\u00e4lytt\u00e4ess\u00e4 kaikki h\u00e4lytt\u00e4v\u00e4t. H\u00e4lytys tavoittaa sinut \u00e4lypuhelimen v\u00e4lityksell\u00e4 &#8211; miss\u00e4 tahansa, milloin tahansa. Sovelluksen saat ladattua \u00e4lypuhelimen sovelluskaupassa \u201dSmart Life\u201d -nimell\u00e4.<\/p>\n<p>Luma-\u00e4lyvaroittimet l\u00f6yd\u00e4t <a href=\"https:\/\/safetypartners.fi\/kauppa\/?s=Luma+langaton&amp;post_type=product&amp;type_aws=true\">t\u00e4\u00e4lt\u00e4<\/a>.<\/p>\n","protected":false},"featured_media":1877,"comment_status":"open","ping_status":"closed","template":"","meta":{"_uag_custom_page_level_css":"","site-sidebar-layout":"default","site-content-layout":"default","ast-site-content-layout":"default","site-content-style":"default","site-sidebar-style":"default","ast-global-header-display":"","ast-banner-title-visibility":"","ast-main-header-display":"","ast-hfb-above-header-display":"","ast-hfb-below-header-display":"","ast-hfb-mobile-header-display":"","site-post-title":"","ast-breadcrumbs-content":"","ast-featured-img":"","footer-sml-layout":"","ast-disable-related-posts":"","theme-transparent-header-meta":"default","adv-header-id-meta":"","stick-header-meta":"default","header-above-stick-meta":"","header-main-stick-meta":"","header-below-stick-meta":"","astra-migrate-meta-layouts":"set","ast-page-background-enabled":"default","ast-page-background-meta":{"desktop":{"background-color":"","background-image":"","background-repeat":"repeat","background-position":"center center","background-size":"auto","background-attachment":"scroll","background-type":"","background-media":"","overlay-type":"","overlay-color":"","overlay-opacity":"","overlay-gradient":""},"tablet":{"background-color":"","background-image":"","background-repeat":"repeat","background-position":"center center","background-size":"auto","background-attachment":"scroll","background-type":"","background-media":"","overlay-type":"","overlay-color":"","overlay-opacity":"","overlay-gradient":""},"mobile":{"background-color":"","background-image":"","background-repeat":"repeat","background-position":"center center","background-size":"auto","background-attachment":"scroll","background-type":"","background-media":"","overlay-type":"","overlay-color":"","overlay-opacity":"","overlay-gradient":""}},"ast-content-background-meta":{"desktop":{"background-color":"var(--ast-global-color-5)","background-image":"","background-repeat":"repeat","background-position":"center center","background-size":"auto","background-attachment":"scroll","background-type":"","background-media":"","overlay-type":"","overlay-color":"","overlay-opacity":"","overlay-gradient":""},"tablet":{"background-color":"var(--ast-global-color-5)","background-image":"","background-repeat":"repeat","background-position":"center center","background-size":"auto","background-attachment":"scroll","background-type":"","background-media":"","overlay-type":"","overlay-color":"","overlay-opacity":"","overlay-gradient":""},"mobile":{"background-color":"var(--ast-global-color-5)","background-image":"","background-repeat":"repeat","background-position":"center center","background-size":"auto","background-attachment":"scroll","background-type":"","background-media":"","overlay-type":"","overlay-color":"","overlay-opacity":"","overlay-gradient":""}}},"product_brand":[],"product_cat":[15,30,313,216,316],"product_tag":[609,608,613,113,612,611,1231,327,1232,607,317,705,1233],"class_list":{"0":"post-1876","1":"product","2":"type-product","3":"status-publish","4":"has-post-thumbnail","6":"product_cat-yleinen","7":"product_cat-paloturvallisuus","8":"product_cat-palovaroitintarvikkeet","9":"product_cat-palovaroittimet","10":"product_cat-yhdistettavat-palovaroittimet","11":"product_tag-alykas","12":"product_tag-alyvaroitin","13":"product_tag-gw650","14":"product_tag-housegard","15":"product_tag-hub","16":"product_tag-keskitin","17":"product_tag-ketjutettava","18":"product_tag-langaton","19":"product_tag-langattomasti-ketjutettava","20":"product_tag-luma","21":"product_tag-palovaroitin","22":"product_tag-sarja","23":"product_tag-yhdistettava","24":"product_shipping_class-suomi","25":"desktop-align-center","26":"tablet-align-center","27":"mobile-align-center","28":"ast-product-gallery-layout-horizontal-slider","29":"ast-product-tabs-layout-horizontal","31":"first","32":"instock","33":"taxable","34":"shipping-taxable","35":"purchasable","36":"product-type-simple"},"yoast_head":"<!-- This site is optimized with the Yoast SEO plugin v27.3 - https:\/\/yoast.com\/product\/yoast-seo-wordpress\/ -->\n<title>Housegard Luma Keskitin GW650 (HUB) - Safety Partners<\/title>\n<meta name=\"description\" content=\"Housegard Luma HUB yhdist\u00e4\u00e4 Luma-varoittimet matkapuhelimeesi. Saat ilmoituksia h\u00e4lytyksist\u00e4, alhaisesta akun varaustasosta ja vikatiloista.\" \/>\n<meta name=\"robots\" content=\"index, follow, max-snippet:-1, max-image-preview:large, max-video-preview:-1\" \/>\n<link rel=\"canonical\" href=\"https:\/\/safetypartners.fi\/kauppa\/tuote\/housegard-luma-keskitin-gw650-hub\" \/>\n<meta property=\"og:locale\" content=\"fi_FI\" \/>\n<meta property=\"og:type\" content=\"article\" \/>\n<meta property=\"og:title\" content=\"Housegard Luma Keskitin GW650 (HUB) - Safety Partners\" \/>\n<meta property=\"og:description\" content=\"Housegard Luma HUB yhdist\u00e4\u00e4 Luma-varoittimet matkapuhelimeesi. Saat ilmoituksia h\u00e4lytyksist\u00e4, alhaisesta akun varaustasosta ja vikatiloista.\" \/>\n<meta property=\"og:url\" content=\"https:\/\/safetypartners.fi\/kauppa\/tuote\/housegard-luma-keskitin-gw650-hub\" \/>\n<meta property=\"og:site_name\" content=\"Safety Partners\" \/>\n<meta property=\"article:modified_time\" content=\"2026-02-17T09:46:05+00:00\" \/>\n<meta property=\"og:image\" content=\"https:\/\/safetypartners.fi\/kauppa\/wp-content\/uploads\/2024\/05\/Luma-hub.webp\" \/>\n\t<meta property=\"og:image:width\" content=\"700\" \/>\n\t<meta property=\"og:image:height\" content=\"700\" \/>\n\t<meta property=\"og:image:type\" content=\"image\/webp\" \/>\n<meta name=\"twitter:card\" content=\"summary_large_image\" \/>\n<meta name=\"twitter:label1\" content=\"Arvioitu lukuaika\" \/>\n\t<meta name=\"twitter:data1\" content=\"1 minuutti\" \/>\n<script type=\"application\/ld+json\" class=\"yoast-schema-graph\">{\"@context\":\"https:\\\/\\\/schema.org\",\"@graph\":[{\"@type\":\"WebPage\",\"@id\":\"https:\\\/\\\/safetypartners.fi\\\/kauppa\\\/tuote\\\/housegard-luma-keskitin-gw650-hub\",\"url\":\"https:\\\/\\\/safetypartners.fi\\\/kauppa\\\/tuote\\\/housegard-luma-keskitin-gw650-hub\",\"name\":\"Housegard Luma Keskitin GW650 (HUB) - Safety Partners\",\"isPartOf\":{\"@id\":\"https:\\\/\\\/safetypartners.fi\\\/kauppa\\\/#website\"},\"primaryImageOfPage\":{\"@id\":\"https:\\\/\\\/safetypartners.fi\\\/kauppa\\\/tuote\\\/housegard-luma-keskitin-gw650-hub#primaryimage\"},\"image\":{\"@id\":\"https:\\\/\\\/safetypartners.fi\\\/kauppa\\\/tuote\\\/housegard-luma-keskitin-gw650-hub#primaryimage\"},\"thumbnailUrl\":\"https:\\\/\\\/safetypartners.fi\\\/kauppa\\\/wp-content\\\/uploads\\\/2024\\\/05\\\/Luma-hub.webp\",\"datePublished\":\"2024-05-21T08:03:06+00:00\",\"dateModified\":\"2026-02-17T09:46:05+00:00\",\"description\":\"Housegard Luma HUB yhdist\u00e4\u00e4 Luma-varoittimet matkapuhelimeesi. Saat ilmoituksia h\u00e4lytyksist\u00e4, alhaisesta akun varaustasosta ja vikatiloista.\",\"breadcrumb\":{\"@id\":\"https:\\\/\\\/safetypartners.fi\\\/kauppa\\\/tuote\\\/housegard-luma-keskitin-gw650-hub#breadcrumb\"},\"inLanguage\":\"fi\",\"potentialAction\":[{\"@type\":\"ReadAction\",\"target\":[\"https:\\\/\\\/safetypartners.fi\\\/kauppa\\\/tuote\\\/housegard-luma-keskitin-gw650-hub\"]}]},{\"@type\":\"ImageObject\",\"inLanguage\":\"fi\",\"@id\":\"https:\\\/\\\/safetypartners.fi\\\/kauppa\\\/tuote\\\/housegard-luma-keskitin-gw650-hub#primaryimage\",\"url\":\"https:\\\/\\\/safetypartners.fi\\\/kauppa\\\/wp-content\\\/uploads\\\/2024\\\/05\\\/Luma-hub.webp\",\"contentUrl\":\"https:\\\/\\\/safetypartners.fi\\\/kauppa\\\/wp-content\\\/uploads\\\/2024\\\/05\\\/Luma-hub.webp\",\"width\":700,\"height\":700},{\"@type\":\"BreadcrumbList\",\"@id\":\"https:\\\/\\\/safetypartners.fi\\\/kauppa\\\/tuote\\\/housegard-luma-keskitin-gw650-hub#breadcrumb\",\"itemListElement\":[{\"@type\":\"ListItem\",\"position\":1,\"name\":\"Home\",\"item\":\"https:\\\/\\\/safetypartners.fi\\\/kauppa\\\/\"},{\"@type\":\"ListItem\",\"position\":2,\"name\":\"Kauppa\",\"item\":\"https:\\\/\\\/safetypartners.fi\\\/kauppa\\\/kauppa\"},{\"@type\":\"ListItem\",\"position\":3,\"name\":\"Housegard Luma Keskitin GW650 (HUB)\"}]},{\"@type\":\"WebSite\",\"@id\":\"https:\\\/\\\/safetypartners.fi\\\/kauppa\\\/#website\",\"url\":\"https:\\\/\\\/safetypartners.fi\\\/kauppa\\\/\",\"name\":\"Safety Partners\",\"description\":\"Safety Partners turvakauppa palvelee verkossa 24\\\/7!\",\"publisher\":{\"@id\":\"https:\\\/\\\/safetypartners.fi\\\/kauppa\\\/#organization\"},\"potentialAction\":[{\"@type\":\"SearchAction\",\"target\":{\"@type\":\"EntryPoint\",\"urlTemplate\":\"https:\\\/\\\/safetypartners.fi\\\/kauppa\\\/?s={search_term_string}\"},\"query-input\":{\"@type\":\"PropertyValueSpecification\",\"valueRequired\":true,\"valueName\":\"search_term_string\"}}],\"inLanguage\":\"fi\"},{\"@type\":\"Organization\",\"@id\":\"https:\\\/\\\/safetypartners.fi\\\/kauppa\\\/#organization\",\"name\":\"Safety Partners | Suomen Sammutinpalvelu\",\"url\":\"https:\\\/\\\/safetypartners.fi\\\/kauppa\\\/\",\"logo\":{\"@type\":\"ImageObject\",\"inLanguage\":\"fi\",\"@id\":\"https:\\\/\\\/safetypartners.fi\\\/kauppa\\\/#\\\/schema\\\/logo\\\/image\\\/\",\"url\":\"https:\\\/\\\/safetypartners.fi\\\/kauppa\\\/wp-content\\\/uploads\\\/2020\\\/05\\\/cropped-Logoke-1.jpg\",\"contentUrl\":\"https:\\\/\\\/safetypartners.fi\\\/kauppa\\\/wp-content\\\/uploads\\\/2020\\\/05\\\/cropped-Logoke-1.jpg\",\"width\":847,\"height\":717,\"caption\":\"Safety Partners | Suomen Sammutinpalvelu\"},\"image\":{\"@id\":\"https:\\\/\\\/safetypartners.fi\\\/kauppa\\\/#\\\/schema\\\/logo\\\/image\\\/\"}}]}<\/script>\n<!-- \/ Yoast SEO plugin. -->","yoast_head_json":{"title":"Housegard Luma Keskitin GW650 (HUB) - Safety Partners","description":"Housegard Luma HUB yhdist\u00e4\u00e4 Luma-varoittimet matkapuhelimeesi. Saat ilmoituksia h\u00e4lytyksist\u00e4, alhaisesta akun varaustasosta ja vikatiloista.","robots":{"index":"index","follow":"follow","max-snippet":"max-snippet:-1","max-image-preview":"max-image-preview:large","max-video-preview":"max-video-preview:-1"},"canonical":"https:\/\/safetypartners.fi\/kauppa\/tuote\/housegard-luma-keskitin-gw650-hub","og_locale":"fi_FI","og_type":"article","og_title":"Housegard Luma Keskitin GW650 (HUB) - Safety Partners","og_description":"Housegard Luma HUB yhdist\u00e4\u00e4 Luma-varoittimet matkapuhelimeesi. Saat ilmoituksia h\u00e4lytyksist\u00e4, alhaisesta akun varaustasosta ja vikatiloista.","og_url":"https:\/\/safetypartners.fi\/kauppa\/tuote\/housegard-luma-keskitin-gw650-hub","og_site_name":"Safety Partners","article_modified_time":"2026-02-17T09:46:05+00:00","og_image":[{"width":700,"height":700,"url":"https:\/\/safetypartners.fi\/kauppa\/wp-content\/uploads\/2024\/05\/Luma-hub.webp","type":"image\/webp"}],"twitter_card":"summary_large_image","twitter_misc":{"Arvioitu lukuaika":"1 minuutti"},"schema":{"@context":"https:\/\/schema.org","@graph":[{"@type":"WebPage","@id":"https:\/\/safetypartners.fi\/kauppa\/tuote\/housegard-luma-keskitin-gw650-hub","url":"https:\/\/safetypartners.fi\/kauppa\/tuote\/housegard-luma-keskitin-gw650-hub","name":"Housegard Luma Keskitin GW650 (HUB) - Safety Partners","isPartOf":{"@id":"https:\/\/safetypartners.fi\/kauppa\/#website"},"primaryImageOfPage":{"@id":"https:\/\/safetypartners.fi\/kauppa\/tuote\/housegard-luma-keskitin-gw650-hub#primaryimage"},"image":{"@id":"https:\/\/safetypartners.fi\/kauppa\/tuote\/housegard-luma-keskitin-gw650-hub#primaryimage"},"thumbnailUrl":"https:\/\/safetypartners.fi\/kauppa\/wp-content\/uploads\/2024\/05\/Luma-hub.webp","datePublished":"2024-05-21T08:03:06+00:00","dateModified":"2026-02-17T09:46:05+00:00","description":"Housegard Luma HUB yhdist\u00e4\u00e4 Luma-varoittimet matkapuhelimeesi. Saat ilmoituksia h\u00e4lytyksist\u00e4, alhaisesta akun varaustasosta ja vikatiloista.","breadcrumb":{"@id":"https:\/\/safetypartners.fi\/kauppa\/tuote\/housegard-luma-keskitin-gw650-hub#breadcrumb"},"inLanguage":"fi","potentialAction":[{"@type":"ReadAction","target":["https:\/\/safetypartners.fi\/kauppa\/tuote\/housegard-luma-keskitin-gw650-hub"]}]},{"@type":"ImageObject","inLanguage":"fi","@id":"https:\/\/safetypartners.fi\/kauppa\/tuote\/housegard-luma-keskitin-gw650-hub#primaryimage","url":"https:\/\/safetypartners.fi\/kauppa\/wp-content\/uploads\/2024\/05\/Luma-hub.webp","contentUrl":"https:\/\/safetypartners.fi\/kauppa\/wp-content\/uploads\/2024\/05\/Luma-hub.webp","width":700,"height":700},{"@type":"BreadcrumbList","@id":"https:\/\/safetypartners.fi\/kauppa\/tuote\/housegard-luma-keskitin-gw650-hub#breadcrumb","itemListElement":[{"@type":"ListItem","position":1,"name":"Home","item":"https:\/\/safetypartners.fi\/kauppa\/"},{"@type":"ListItem","position":2,"name":"Kauppa","item":"https:\/\/safetypartners.fi\/kauppa\/kauppa"},{"@type":"ListItem","position":3,"name":"Housegard Luma Keskitin GW650 (HUB)"}]},{"@type":"WebSite","@id":"https:\/\/safetypartners.fi\/kauppa\/#website","url":"https:\/\/safetypartners.fi\/kauppa\/","name":"Safety Partners","description":"Safety Partners turvakauppa palvelee verkossa 24\/7!","publisher":{"@id":"https:\/\/safetypartners.fi\/kauppa\/#organization"},"potentialAction":[{"@type":"SearchAction","target":{"@type":"EntryPoint","urlTemplate":"https:\/\/safetypartners.fi\/kauppa\/?s={search_term_string}"},"query-input":{"@type":"PropertyValueSpecification","valueRequired":true,"valueName":"search_term_string"}}],"inLanguage":"fi"},{"@type":"Organization","@id":"https:\/\/safetypartners.fi\/kauppa\/#organization","name":"Safety Partners | Suomen Sammutinpalvelu","url":"https:\/\/safetypartners.fi\/kauppa\/","logo":{"@type":"ImageObject","inLanguage":"fi","@id":"https:\/\/safetypartners.fi\/kauppa\/#\/schema\/logo\/image\/","url":"https:\/\/safetypartners.fi\/kauppa\/wp-content\/uploads\/2020\/05\/cropped-Logoke-1.jpg","contentUrl":"https:\/\/safetypartners.fi\/kauppa\/wp-content\/uploads\/2020\/05\/cropped-Logoke-1.jpg","width":847,"height":717,"caption":"Safety Partners | Suomen Sammutinpalvelu"},"image":{"@id":"https:\/\/safetypartners.fi\/kauppa\/#\/schema\/logo\/image\/"}}]}},"uagb_featured_image_src":{"full":["https:\/\/safetypartners.fi\/kauppa\/wp-content\/uploads\/2024\/05\/Luma-hub.webp",700,700,false],"thumbnail":["https:\/\/safetypartners.fi\/kauppa\/wp-content\/uploads\/2024\/05\/Luma-hub-150x150.webp",150,150,true],"medium":["https:\/\/safetypartners.fi\/kauppa\/wp-content\/uploads\/2024\/05\/Luma-hub-300x300.webp",300,300,true],"medium_large":["https:\/\/safetypartners.fi\/kauppa\/wp-content\/uploads\/2024\/05\/Luma-hub.webp",700,700,false],"large":["https:\/\/safetypartners.fi\/kauppa\/wp-content\/uploads\/2024\/05\/Luma-hub.webp",700,700,false],"1536x1536":["https:\/\/safetypartners.fi\/kauppa\/wp-content\/uploads\/2024\/05\/Luma-hub.webp",700,700,false],"2048x2048":["https:\/\/safetypartners.fi\/kauppa\/wp-content\/uploads\/2024\/05\/Luma-hub.webp",700,700,false],"woocommerce_thumbnail":["https:\/\/safetypartners.fi\/kauppa\/wp-content\/uploads\/2024\/05\/Luma-hub-300x300.webp",300,300,true],"woocommerce_single":["https:\/\/safetypartners.fi\/kauppa\/wp-content\/uploads\/2024\/05\/Luma-hub-600x600.webp",600,600,true],"woocommerce_gallery_thumbnail":["https:\/\/safetypartners.fi\/kauppa\/wp-content\/uploads\/2024\/05\/Luma-hub-100x100.webp",100,100,true]},"uagb_author_info":{"display_name":"Anu Lehto","author_link":"https:\/\/safetypartners.fi\/kauppa\/author"},"uagb_comment_info":0,"uagb_excerpt":"Housegard Luma HUB yhdist\u00e4\u00e4 Luma-varoittimet matkapuhelimeesi. Vastaanotat ilmoituksia h\u00e4lytyksist\u00e4, alhaisesta akun varaustasosta ja mahdollisista vikatiloista. Puhelinovelluksen avulla my\u00f6s testaat varoittimet k\u00e4tev\u00e4sti. Yhden varoittimen h\u00e4lytt\u00e4ess\u00e4 kaikki h\u00e4lytt\u00e4v\u00e4t. H\u00e4lytys tavoittaa sinut \u00e4lypuhelimen v\u00e4lityksell\u00e4 - miss\u00e4 tahansa, milloin tahansa. Sovelluksen saat ladattua \u00e4lypuhelimen sovelluskaupassa \u201dSmart Life\u201d -nimell\u00e4. Luma-\u00e4lyvaroittimet l\u00f6yd\u00e4t t\u00e4\u00e4lt\u00e4.","_links":{"self":[{"href":"https:\/\/safetypartners.fi\/kauppa\/wp-json\/wp\/v2\/product\/1876","targetHints":{"allow":["GET"]}}],"collection":[{"href":"https:\/\/safetypartners.fi\/kauppa\/wp-json\/wp\/v2\/product"}],"about":[{"href":"https:\/\/safetypartners.fi\/kauppa\/wp-json\/wp\/v2\/types\/product"}],"replies":[{"embeddable":true,"href":"https:\/\/safetypartners.fi\/kauppa\/wp-json\/wp\/v2\/comments?post=1876"}],"version-history":[{"count":5,"href":"https:\/\/safetypartners.fi\/kauppa\/wp-json\/wp\/v2\/product\/1876\/revisions"}],"predecessor-version":[{"id":3149,"href":"https:\/\/safetypartners.fi\/kauppa\/wp-json\/wp\/v2\/product\/1876\/revisions\/3149"}],"wp:featuredmedia":[{"embeddable":true,"href":"https:\/\/safetypartners.fi\/kauppa\/wp-json\/wp\/v2\/media\/1877"}],"wp:attachment":[{"href":"https:\/\/safetypartners.fi\/kauppa\/wp-json\/wp\/v2\/media?parent=1876"}],"wp:term":[{"taxonomy":"product_brand","embeddable":true,"href":"https:\/\/safetypartners.fi\/kauppa\/wp-json\/wp\/v2\/product_brand?post=1876"},{"taxonomy":"product_cat","embeddable":true,"href":"https:\/\/safetypartners.fi\/kauppa\/wp-json\/wp\/v2\/product_cat?post=1876"},{"taxonomy":"product_tag","embeddable":true,"href":"https:\/\/safetypartners.fi\/kauppa\/wp-json\/wp\/v2\/product_tag?post=1876"}],"curies":[{"name":"wp","href":"https:\/\/api.w.org\/{rel}","templated":true}]}}