{"id":1941,"date":"2024-10-09T11:16:11","date_gmt":"2024-10-09T08:16:11","guid":{"rendered":"https:\/\/safetypartners.fi\/kauppa\/?post_type=product&#038;p=1941"},"modified":"2025-09-05T13:41:20","modified_gmt":"2025-09-05T10:41:20","slug":"kenwood-drv-a301w-kojelautakamera","status":"publish","type":"product","link":"https:\/\/safetypartners.fi\/kauppa\/tuote\/kenwood-drv-a301w-kojelautakamera","title":{"rendered":"Kenwood DRV-A301W kojelautakamera"},"content":{"rendered":"<ul>\n<li>2,7 tuuman laaja v\u00e4rillinen TFT-LCD-n\u00e4ytt\u00f6<\/li>\n<li>Sis\u00e4\u00e4nrakennettu Wi-fi langattomaan LAN- ja App-linkkiin<\/li>\n<li>Sis\u00e4\u00e4nrakennettu 3-akselinen G-anturi<\/li>\n<li>Sis\u00e4\u00e4nrakennettu GPS-vastaanotin<\/li>\n<li>Kirkas F1.8 linssi, jonka katselukulma on 136 \u00b0 (diagonaalinen)<\/li>\n<li>Full HD kuvanlaaatu (1920 x 1080 @30 kuvaa sekunnissa)<\/li>\n<li>Micro SDHC \/ SDXC -korttipaikka (8~256 GB), 16 GB:n kortti mukana<\/li>\n<li>Ilmainen tietokone- ja \u00e4lypuhelinsovellus ladattavissa App Storesta (iOS) ja Google Playsta (Android)<\/li>\n<li>Magneettinen pikakiinnitys<\/li>\n<li id=\"AK6GIY7\">Pys\u00e4k\u00f6inninvalvontatila erillisell\u00e4 kytkent\u00e4sarjalla (CADR1030)<\/li>\n<\/ul>\n","protected":false},"excerpt":{"rendered":"<p><strong>Kenwoodin Full HD kojelautakamera<\/strong> langattomalla LAN:lla ja GPS:ll\u00e4 takaa erinomaisen kuvanlaadun valaistusolosuhteista riippumatta. DRV-A301W-kamerassa on integroitu HDR. Tallenteet voidaan katsoa v\u00e4litt\u00f6m\u00e4sti t\u00e4ysv\u00e4riselt\u00e4 2,7 tuuman n\u00e4yt\u00f6lt\u00e4 ja siirt\u00e4\u00e4 sis\u00e4\u00e4nrakennetun Wi-Fi -yhteyden kautta \u00e4lylaitteeseen muokkausta ja latausta varten, yhdess\u00e4 GPS-tietojen kanssa.<\/p>\n<p>Valinnainen CA-DR1030 -liit\u00e4nt\u00e4sarja mahdollistaa kameran \u00e4lykk\u00e4\u00e4n pys\u00e4k\u00f6intitilan k\u00e4yt\u00f6n. Sis\u00e4\u00e4nrakennettu G-anturi k\u00e4ynnist\u00e4\u00e4 automaattisesti tallennuksen kun ajoneuvo on pys\u00e4k\u00f6ity ja n\u00e4in kaikki t\u00f6rm\u00e4ykset tallentuvat kameraan. Ilmainen ty\u00f6p\u00f6yt\u00e4ohjelmisto &#8221;KENWOOD VIDEO PLAYER&#8221; on saatavilla laitteella tallennetun videon n\u00e4ytt\u00e4miseen. Voit toistaa ja muokata tallennettuja videoita ty\u00f6p\u00f6yd\u00e4ll\u00e4si ja jakaa niit\u00e4 muiden kanssa.<\/p>\n<p>KENWOOD DASH CAM MANAGER -sovelluksen avulla sen sijaan muutat helposti kojelaudan valikkoasetuksia ja selaat videoita \u00e4lypuhelimellasi. Tarkistat n\u00e4pp\u00e4r\u00e4sti tallennetut videot sek\u00e4 reaaliaikaisen n\u00e4kym\u00e4n.<\/p>\n<p>Quick Release -kiinnitysj\u00e4rjestelm\u00e4 tekee kameran asennuksesta sujuvaa ja helppoa.<\/p>\n","protected":false},"featured_media":2767,"comment_status":"open","ping_status":"closed","template":"","meta":{"_uag_custom_page_level_css":"","site-sidebar-layout":"default","site-content-layout":"default","ast-site-content-layout":"default","site-content-style":"default","site-sidebar-style":"default","ast-global-header-display":"","ast-banner-title-visibility":"","ast-main-header-display":"","ast-hfb-above-header-display":"","ast-hfb-below-header-display":"","ast-hfb-mobile-header-display":"","site-post-title":"","ast-breadcrumbs-content":"","ast-featured-img":"","footer-sml-layout":"","ast-disable-related-posts":"","theme-transparent-header-meta":"default","adv-header-id-meta":"","stick-header-meta":"default","header-above-stick-meta":"","header-main-stick-meta":"","header-below-stick-meta":"","astra-migrate-meta-layouts":"set","ast-page-background-enabled":"default","ast-page-background-meta":{"desktop":{"background-color":"","background-image":"","background-repeat":"repeat","background-position":"center center","background-size":"auto","background-attachment":"scroll","background-type":"","background-media":"","overlay-type":"","overlay-color":"","overlay-opacity":"","overlay-gradient":""},"tablet":{"background-color":"","background-image":"","background-repeat":"repeat","background-position":"center center","background-size":"auto","background-attachment":"scroll","background-type":"","background-media":"","overlay-type":"","overlay-color":"","overlay-opacity":"","overlay-gradient":""},"mobile":{"background-color":"","background-image":"","background-repeat":"repeat","background-position":"center center","background-size":"auto","background-attachment":"scroll","background-type":"","background-media":"","overlay-type":"","overlay-color":"","overlay-opacity":"","overlay-gradient":""}},"ast-content-background-meta":{"desktop":{"background-color":"var(--ast-global-color-5)","background-image":"","background-repeat":"repeat","background-position":"center center","background-size":"auto","background-attachment":"scroll","background-type":"","background-media":"","overlay-type":"","overlay-color":"","overlay-opacity":"","overlay-gradient":""},"tablet":{"background-color":"var(--ast-global-color-5)","background-image":"","background-repeat":"repeat","background-position":"center center","background-size":"auto","background-attachment":"scroll","background-type":"","background-media":"","overlay-type":"","overlay-color":"","overlay-opacity":"","overlay-gradient":""},"mobile":{"background-color":"var(--ast-global-color-5)","background-image":"","background-repeat":"repeat","background-position":"center center","background-size":"auto","background-attachment":"scroll","background-type":"","background-media":"","overlay-type":"","overlay-color":"","overlay-opacity":"","overlay-gradient":""}}},"product_brand":[],"product_cat":[15,41],"product_tag":[629,626,628,631,630,625,624,627,327,632],"class_list":{"0":"post-1941","1":"product","2":"type-product","3":"status-publish","4":"has-post-thumbnail","6":"product_cat-yleinen","7":"product_cat-koti-vapaa-aika","8":"product_tag-autokamera","9":"product_tag-full-hd","10":"product_tag-gps","11":"product_tag-hdr","12":"product_tag-kamera","13":"product_tag-kenwood","14":"product_tag-kojelautakamera","15":"product_tag-lan","16":"product_tag-langaton","17":"product_tag-wi-fi","18":"product_shipping_class-suomi","19":"desktop-align-center","20":"tablet-align-center","21":"mobile-align-center","22":"ast-product-gallery-layout-horizontal-slider","23":"ast-product-tabs-layout-horizontal","25":"first","26":"instock","27":"sale","28":"taxable","29":"shipping-taxable","30":"purchasable","31":"product-type-simple"},"yoast_head":"<!-- This site is optimized with the Yoast SEO plugin v27.3 - https:\/\/yoast.com\/product\/yoast-seo-wordpress\/ -->\n<title>Kenwood DRV-A301W kojelautakamera - Safety Partners<\/title>\n<meta name=\"description\" content=\"Laadukas kojelautakamera langattomalla LANilla ja GPS:ll\u00e4 takaa erinomaisen kuvanlaadun. Integroitu HDR, Wi-Fi, 2,7&quot; t\u00e4ysv\u00e4rin\u00e4ytt\u00f6. Ilmainen sovellus.\" \/>\n<meta name=\"robots\" content=\"index, follow, max-snippet:-1, max-image-preview:large, max-video-preview:-1\" \/>\n<link rel=\"canonical\" href=\"https:\/\/safetypartners.fi\/kauppa\/tuote\/kenwood-drv-a301w-kojelautakamera\" \/>\n<meta property=\"og:locale\" content=\"fi_FI\" \/>\n<meta property=\"og:type\" content=\"article\" \/>\n<meta property=\"og:title\" content=\"Kenwood DRV-A301W kojelautakamera - Safety Partners\" \/>\n<meta property=\"og:description\" content=\"Laadukas kojelautakamera langattomalla LANilla ja GPS:ll\u00e4 takaa erinomaisen kuvanlaadun. Integroitu HDR, Wi-Fi, 2,7&quot; t\u00e4ysv\u00e4rin\u00e4ytt\u00f6. Ilmainen sovellus.\" \/>\n<meta property=\"og:url\" content=\"https:\/\/safetypartners.fi\/kauppa\/tuote\/kenwood-drv-a301w-kojelautakamera\" \/>\n<meta property=\"og:site_name\" content=\"Safety Partners\" \/>\n<meta property=\"article:modified_time\" content=\"2025-09-05T10:41:20+00:00\" \/>\n<meta property=\"og:image\" content=\"https:\/\/safetypartners.fi\/kauppa\/wp-content\/uploads\/2024\/10\/Kenwood-DRV-A301W-kojelautakamera.png\" \/>\n\t<meta property=\"og:image:width\" content=\"1920\" \/>\n\t<meta property=\"og:image:height\" content=\"1290\" \/>\n\t<meta property=\"og:image:type\" content=\"image\/png\" \/>\n<meta name=\"twitter:card\" content=\"summary_large_image\" \/>\n<meta name=\"twitter:label1\" content=\"Arvioitu lukuaika\" \/>\n\t<meta name=\"twitter:data1\" content=\"1 minuutti\" \/>\n<script type=\"application\/ld+json\" class=\"yoast-schema-graph\">{\"@context\":\"https:\\\/\\\/schema.org\",\"@graph\":[{\"@type\":\"WebPage\",\"@id\":\"https:\\\/\\\/safetypartners.fi\\\/kauppa\\\/tuote\\\/kenwood-drv-a301w-kojelautakamera\",\"url\":\"https:\\\/\\\/safetypartners.fi\\\/kauppa\\\/tuote\\\/kenwood-drv-a301w-kojelautakamera\",\"name\":\"Kenwood DRV-A301W kojelautakamera - Safety Partners\",\"isPartOf\":{\"@id\":\"https:\\\/\\\/safetypartners.fi\\\/kauppa\\\/#website\"},\"primaryImageOfPage\":{\"@id\":\"https:\\\/\\\/safetypartners.fi\\\/kauppa\\\/tuote\\\/kenwood-drv-a301w-kojelautakamera#primaryimage\"},\"image\":{\"@id\":\"https:\\\/\\\/safetypartners.fi\\\/kauppa\\\/tuote\\\/kenwood-drv-a301w-kojelautakamera#primaryimage\"},\"thumbnailUrl\":\"https:\\\/\\\/safetypartners.fi\\\/kauppa\\\/wp-content\\\/uploads\\\/2024\\\/10\\\/Kenwood-DRV-A301W-kojelautakamera.png\",\"datePublished\":\"2024-10-09T08:16:11+00:00\",\"dateModified\":\"2025-09-05T10:41:20+00:00\",\"description\":\"Laadukas kojelautakamera langattomalla LANilla ja GPS:ll\u00e4 takaa erinomaisen kuvanlaadun. Integroitu HDR, Wi-Fi, 2,7\\\" t\u00e4ysv\u00e4rin\u00e4ytt\u00f6. Ilmainen sovellus.\",\"breadcrumb\":{\"@id\":\"https:\\\/\\\/safetypartners.fi\\\/kauppa\\\/tuote\\\/kenwood-drv-a301w-kojelautakamera#breadcrumb\"},\"inLanguage\":\"fi\",\"potentialAction\":[{\"@type\":\"ReadAction\",\"target\":[\"https:\\\/\\\/safetypartners.fi\\\/kauppa\\\/tuote\\\/kenwood-drv-a301w-kojelautakamera\"]}]},{\"@type\":\"ImageObject\",\"inLanguage\":\"fi\",\"@id\":\"https:\\\/\\\/safetypartners.fi\\\/kauppa\\\/tuote\\\/kenwood-drv-a301w-kojelautakamera#primaryimage\",\"url\":\"https:\\\/\\\/safetypartners.fi\\\/kauppa\\\/wp-content\\\/uploads\\\/2024\\\/10\\\/Kenwood-DRV-A301W-kojelautakamera.png\",\"contentUrl\":\"https:\\\/\\\/safetypartners.fi\\\/kauppa\\\/wp-content\\\/uploads\\\/2024\\\/10\\\/Kenwood-DRV-A301W-kojelautakamera.png\",\"width\":1920,\"height\":1290,\"caption\":\"Full HD autokamera\"},{\"@type\":\"BreadcrumbList\",\"@id\":\"https:\\\/\\\/safetypartners.fi\\\/kauppa\\\/tuote\\\/kenwood-drv-a301w-kojelautakamera#breadcrumb\",\"itemListElement\":[{\"@type\":\"ListItem\",\"position\":1,\"name\":\"Home\",\"item\":\"https:\\\/\\\/safetypartners.fi\\\/kauppa\\\/\"},{\"@type\":\"ListItem\",\"position\":2,\"name\":\"Kauppa\",\"item\":\"https:\\\/\\\/safetypartners.fi\\\/kauppa\\\/kauppa\"},{\"@type\":\"ListItem\",\"position\":3,\"name\":\"Kenwood DRV-A301W kojelautakamera\"}]},{\"@type\":\"WebSite\",\"@id\":\"https:\\\/\\\/safetypartners.fi\\\/kauppa\\\/#website\",\"url\":\"https:\\\/\\\/safetypartners.fi\\\/kauppa\\\/\",\"name\":\"Safety Partners\",\"description\":\"Safety Partners turvakauppa palvelee verkossa 24\\\/7!\",\"publisher\":{\"@id\":\"https:\\\/\\\/safetypartners.fi\\\/kauppa\\\/#organization\"},\"potentialAction\":[{\"@type\":\"SearchAction\",\"target\":{\"@type\":\"EntryPoint\",\"urlTemplate\":\"https:\\\/\\\/safetypartners.fi\\\/kauppa\\\/?s={search_term_string}\"},\"query-input\":{\"@type\":\"PropertyValueSpecification\",\"valueRequired\":true,\"valueName\":\"search_term_string\"}}],\"inLanguage\":\"fi\"},{\"@type\":\"Organization\",\"@id\":\"https:\\\/\\\/safetypartners.fi\\\/kauppa\\\/#organization\",\"name\":\"Safety Partners | Suomen Sammutinpalvelu\",\"url\":\"https:\\\/\\\/safetypartners.fi\\\/kauppa\\\/\",\"logo\":{\"@type\":\"ImageObject\",\"inLanguage\":\"fi\",\"@id\":\"https:\\\/\\\/safetypartners.fi\\\/kauppa\\\/#\\\/schema\\\/logo\\\/image\\\/\",\"url\":\"https:\\\/\\\/safetypartners.fi\\\/kauppa\\\/wp-content\\\/uploads\\\/2020\\\/05\\\/cropped-Logoke-1.jpg\",\"contentUrl\":\"https:\\\/\\\/safetypartners.fi\\\/kauppa\\\/wp-content\\\/uploads\\\/2020\\\/05\\\/cropped-Logoke-1.jpg\",\"width\":847,\"height\":717,\"caption\":\"Safety Partners | Suomen Sammutinpalvelu\"},\"image\":{\"@id\":\"https:\\\/\\\/safetypartners.fi\\\/kauppa\\\/#\\\/schema\\\/logo\\\/image\\\/\"}}]}<\/script>\n<!-- \/ Yoast SEO plugin. -->","yoast_head_json":{"title":"Kenwood DRV-A301W kojelautakamera - Safety Partners","description":"Laadukas kojelautakamera langattomalla LANilla ja GPS:ll\u00e4 takaa erinomaisen kuvanlaadun. Integroitu HDR, Wi-Fi, 2,7\" t\u00e4ysv\u00e4rin\u00e4ytt\u00f6. Ilmainen sovellus.","robots":{"index":"index","follow":"follow","max-snippet":"max-snippet:-1","max-image-preview":"max-image-preview:large","max-video-preview":"max-video-preview:-1"},"canonical":"https:\/\/safetypartners.fi\/kauppa\/tuote\/kenwood-drv-a301w-kojelautakamera","og_locale":"fi_FI","og_type":"article","og_title":"Kenwood DRV-A301W kojelautakamera - Safety Partners","og_description":"Laadukas kojelautakamera langattomalla LANilla ja GPS:ll\u00e4 takaa erinomaisen kuvanlaadun. Integroitu HDR, Wi-Fi, 2,7\" t\u00e4ysv\u00e4rin\u00e4ytt\u00f6. Ilmainen sovellus.","og_url":"https:\/\/safetypartners.fi\/kauppa\/tuote\/kenwood-drv-a301w-kojelautakamera","og_site_name":"Safety Partners","article_modified_time":"2025-09-05T10:41:20+00:00","og_image":[{"width":1920,"height":1290,"url":"https:\/\/safetypartners.fi\/kauppa\/wp-content\/uploads\/2024\/10\/Kenwood-DRV-A301W-kojelautakamera.png","type":"image\/png"}],"twitter_card":"summary_large_image","twitter_misc":{"Arvioitu lukuaika":"1 minuutti"},"schema":{"@context":"https:\/\/schema.org","@graph":[{"@type":"WebPage","@id":"https:\/\/safetypartners.fi\/kauppa\/tuote\/kenwood-drv-a301w-kojelautakamera","url":"https:\/\/safetypartners.fi\/kauppa\/tuote\/kenwood-drv-a301w-kojelautakamera","name":"Kenwood DRV-A301W kojelautakamera - Safety Partners","isPartOf":{"@id":"https:\/\/safetypartners.fi\/kauppa\/#website"},"primaryImageOfPage":{"@id":"https:\/\/safetypartners.fi\/kauppa\/tuote\/kenwood-drv-a301w-kojelautakamera#primaryimage"},"image":{"@id":"https:\/\/safetypartners.fi\/kauppa\/tuote\/kenwood-drv-a301w-kojelautakamera#primaryimage"},"thumbnailUrl":"https:\/\/safetypartners.fi\/kauppa\/wp-content\/uploads\/2024\/10\/Kenwood-DRV-A301W-kojelautakamera.png","datePublished":"2024-10-09T08:16:11+00:00","dateModified":"2025-09-05T10:41:20+00:00","description":"Laadukas kojelautakamera langattomalla LANilla ja GPS:ll\u00e4 takaa erinomaisen kuvanlaadun. Integroitu HDR, Wi-Fi, 2,7\" t\u00e4ysv\u00e4rin\u00e4ytt\u00f6. Ilmainen sovellus.","breadcrumb":{"@id":"https:\/\/safetypartners.fi\/kauppa\/tuote\/kenwood-drv-a301w-kojelautakamera#breadcrumb"},"inLanguage":"fi","potentialAction":[{"@type":"ReadAction","target":["https:\/\/safetypartners.fi\/kauppa\/tuote\/kenwood-drv-a301w-kojelautakamera"]}]},{"@type":"ImageObject","inLanguage":"fi","@id":"https:\/\/safetypartners.fi\/kauppa\/tuote\/kenwood-drv-a301w-kojelautakamera#primaryimage","url":"https:\/\/safetypartners.fi\/kauppa\/wp-content\/uploads\/2024\/10\/Kenwood-DRV-A301W-kojelautakamera.png","contentUrl":"https:\/\/safetypartners.fi\/kauppa\/wp-content\/uploads\/2024\/10\/Kenwood-DRV-A301W-kojelautakamera.png","width":1920,"height":1290,"caption":"Full HD autokamera"},{"@type":"BreadcrumbList","@id":"https:\/\/safetypartners.fi\/kauppa\/tuote\/kenwood-drv-a301w-kojelautakamera#breadcrumb","itemListElement":[{"@type":"ListItem","position":1,"name":"Home","item":"https:\/\/safetypartners.fi\/kauppa\/"},{"@type":"ListItem","position":2,"name":"Kauppa","item":"https:\/\/safetypartners.fi\/kauppa\/kauppa"},{"@type":"ListItem","position":3,"name":"Kenwood DRV-A301W kojelautakamera"}]},{"@type":"WebSite","@id":"https:\/\/safetypartners.fi\/kauppa\/#website","url":"https:\/\/safetypartners.fi\/kauppa\/","name":"Safety Partners","description":"Safety Partners turvakauppa palvelee verkossa 24\/7!","publisher":{"@id":"https:\/\/safetypartners.fi\/kauppa\/#organization"},"potentialAction":[{"@type":"SearchAction","target":{"@type":"EntryPoint","urlTemplate":"https:\/\/safetypartners.fi\/kauppa\/?s={search_term_string}"},"query-input":{"@type":"PropertyValueSpecification","valueRequired":true,"valueName":"search_term_string"}}],"inLanguage":"fi"},{"@type":"Organization","@id":"https:\/\/safetypartners.fi\/kauppa\/#organization","name":"Safety Partners | Suomen Sammutinpalvelu","url":"https:\/\/safetypartners.fi\/kauppa\/","logo":{"@type":"ImageObject","inLanguage":"fi","@id":"https:\/\/safetypartners.fi\/kauppa\/#\/schema\/logo\/image\/","url":"https:\/\/safetypartners.fi\/kauppa\/wp-content\/uploads\/2020\/05\/cropped-Logoke-1.jpg","contentUrl":"https:\/\/safetypartners.fi\/kauppa\/wp-content\/uploads\/2020\/05\/cropped-Logoke-1.jpg","width":847,"height":717,"caption":"Safety Partners | Suomen Sammutinpalvelu"},"image":{"@id":"https:\/\/safetypartners.fi\/kauppa\/#\/schema\/logo\/image\/"}}]}},"uagb_featured_image_src":{"full":["https:\/\/safetypartners.fi\/kauppa\/wp-content\/uploads\/2024\/10\/Kenwood-DRV-A301W-kojelautakamera.png",1920,1290,false],"thumbnail":["https:\/\/safetypartners.fi\/kauppa\/wp-content\/uploads\/2024\/10\/Kenwood-DRV-A301W-kojelautakamera-150x150.png",150,150,true],"medium":["https:\/\/safetypartners.fi\/kauppa\/wp-content\/uploads\/2024\/10\/Kenwood-DRV-A301W-kojelautakamera-300x202.png",300,202,true],"medium_large":["https:\/\/safetypartners.fi\/kauppa\/wp-content\/uploads\/2024\/10\/Kenwood-DRV-A301W-kojelautakamera-768x516.png",768,516,true],"large":["https:\/\/safetypartners.fi\/kauppa\/wp-content\/uploads\/2024\/10\/Kenwood-DRV-A301W-kojelautakamera-1024x688.png",1024,688,true],"1536x1536":["https:\/\/safetypartners.fi\/kauppa\/wp-content\/uploads\/2024\/10\/Kenwood-DRV-A301W-kojelautakamera-1536x1032.png",1536,1032,true],"2048x2048":["https:\/\/safetypartners.fi\/kauppa\/wp-content\/uploads\/2024\/10\/Kenwood-DRV-A301W-kojelautakamera.png",1920,1290,false],"woocommerce_thumbnail":["https:\/\/safetypartners.fi\/kauppa\/wp-content\/uploads\/2024\/10\/Kenwood-DRV-A301W-kojelautakamera-300x300.png",300,300,true],"woocommerce_single":["https:\/\/safetypartners.fi\/kauppa\/wp-content\/uploads\/2024\/10\/Kenwood-DRV-A301W-kojelautakamera-600x403.png",600,403,true],"woocommerce_gallery_thumbnail":["https:\/\/safetypartners.fi\/kauppa\/wp-content\/uploads\/2024\/10\/Kenwood-DRV-A301W-kojelautakamera-100x100.png",100,100,true]},"uagb_author_info":{"display_name":"Anu Lehto","author_link":"https:\/\/safetypartners.fi\/kauppa\/author"},"uagb_comment_info":2,"uagb_excerpt":"Kenwoodin Full HD kojelautakamera langattomalla LAN:lla ja GPS:ll\u00e4 takaa erinomaisen kuvanlaadun valaistusolosuhteista riippumatta. DRV-A301W-kamerassa on integroitu HDR. Tallenteet voidaan katsoa v\u00e4litt\u00f6m\u00e4sti t\u00e4ysv\u00e4riselt\u00e4 2,7 tuuman n\u00e4yt\u00f6lt\u00e4 ja siirt\u00e4\u00e4 sis\u00e4\u00e4nrakennetun Wi-Fi -yhteyden kautta \u00e4lylaitteeseen muokkausta ja latausta varten, yhdess\u00e4 GPS-tietojen kanssa. Valinnainen CA-DR1030 -liit\u00e4nt\u00e4sarja mahdollistaa kameran \u00e4lykk\u00e4\u00e4n pys\u00e4k\u00f6intitilan k\u00e4yt\u00f6n. Sis\u00e4\u00e4nrakennettu G-anturi k\u00e4ynnist\u00e4\u00e4 automaattisesti tallennuksen kun ajoneuvo on&hellip;","_links":{"self":[{"href":"https:\/\/safetypartners.fi\/kauppa\/wp-json\/wp\/v2\/product\/1941","targetHints":{"allow":["GET"]}}],"collection":[{"href":"https:\/\/safetypartners.fi\/kauppa\/wp-json\/wp\/v2\/product"}],"about":[{"href":"https:\/\/safetypartners.fi\/kauppa\/wp-json\/wp\/v2\/types\/product"}],"replies":[{"embeddable":true,"href":"https:\/\/safetypartners.fi\/kauppa\/wp-json\/wp\/v2\/comments?post=1941"}],"version-history":[{"count":4,"href":"https:\/\/safetypartners.fi\/kauppa\/wp-json\/wp\/v2\/product\/1941\/revisions"}],"predecessor-version":[{"id":2941,"href":"https:\/\/safetypartners.fi\/kauppa\/wp-json\/wp\/v2\/product\/1941\/revisions\/2941"}],"wp:featuredmedia":[{"embeddable":true,"href":"https:\/\/safetypartners.fi\/kauppa\/wp-json\/wp\/v2\/media\/2767"}],"wp:attachment":[{"href":"https:\/\/safetypartners.fi\/kauppa\/wp-json\/wp\/v2\/media?parent=1941"}],"wp:term":[{"taxonomy":"product_brand","embeddable":true,"href":"https:\/\/safetypartners.fi\/kauppa\/wp-json\/wp\/v2\/product_brand?post=1941"},{"taxonomy":"product_cat","embeddable":true,"href":"https:\/\/safetypartners.fi\/kauppa\/wp-json\/wp\/v2\/product_cat?post=1941"},{"taxonomy":"product_tag","embeddable":true,"href":"https:\/\/safetypartners.fi\/kauppa\/wp-json\/wp\/v2\/product_tag?post=1941"}],"curies":[{"name":"wp","href":"https:\/\/api.w.org\/{rel}","templated":true}]}}