{"id":1945,"date":"2024-10-09T11:59:28","date_gmt":"2024-10-09T08:59:28","guid":{"rendered":"https:\/\/safetypartners.fi\/kauppa\/?post_type=product&#038;p=1945"},"modified":"2026-02-27T08:58:08","modified_gmt":"2026-02-27T06:58:08","slug":"sammutuspeite-litiumioniakkupalolle","status":"publish","type":"product","link":"https:\/\/safetypartners.fi\/kauppa\/tuote\/sammutuspeite-litiumioniakkupalolle","title":{"rendered":"Sammutuspeite litiumioniakkupalolle"},"content":{"rendered":"<p><strong>Sammutuspeite uudelleenladattaville, litiumioniakkua k\u00e4ytt\u00e4ville laitteille.<\/strong><\/p>\n<p>Ominaisuudet:<\/p>\n<ul>\n<li>Poikkeuksellisen korkea l\u00e4mm\u00f6nkesto (jopa 1300\u00b0C)<\/li>\n<li>Tukahduttaa tulipaloa<\/li>\n<li>Nopea k\u00e4ytt\u00f6 v\u00e4hent\u00e4\u00e4 kemiallisia riskej\u00e4 ja myrkyllisten h\u00f6yryjen levi\u00e4mist\u00e4<\/li>\n<li id=\"M0JQGIP\">Suojaa litiumin aiheuttamilta roiskeilta akun palaessa tai r\u00e4j\u00e4hdelless\u00e4<\/li>\n<li>Minimoi ymp\u00e4r\u00f6iv\u00e4n ymp\u00e4rist\u00f6n vahingot<\/li>\n<li>Peitto on pakattu helppok\u00e4ytt\u00f6iseen s\u00e4ilytyspussiin<\/li>\n<li>KIWA sertifioitu No. 4034\/2024<\/li>\n<li>Suositellaan enint\u00e4\u00e4n 522Wh akuille<\/li>\n<li>EN 1869:2019 -sertifioitu<\/li>\n<\/ul>\n<p><strong>Sammutuspeitteen k\u00e4ytt\u00f6:<br \/>\n<\/strong><\/p>\n<p>Kiinnit\u00e4 sammutuspeite aina sein\u00e4lle, mahdollisen palonaiheuttajan l\u00e4hettyville.<\/p>\n<p>Ved\u00e4 peite kahdesta nauhasta vet\u00e4m\u00e4ll\u00e4 ulos ja levit\u00e4 kunnolla auki. Ota peitteen nurkista tukeva ote ja k\u00e4\u00e4nn\u00e4 k\u00e4tesi peitteen suojaan.<\/p>\n<p>Paloa l\u00e4hestyess\u00e4si, ojenna k\u00e4det suoraan eteenp\u00e4in ja n\u00e4in saat suojakilven tulelta ja savulta. Mene mahdollisimman l\u00e4helle palavaa kohdetta, levit\u00e4 sammustuspeite palon p\u00e4\u00e4lle, irrota ote peitteest\u00e4 ja per\u00e4\u00e4nny.<\/p>\n<p>Ulkona ollessa laita toinen jalka peitteen helman p\u00e4\u00e4lle ja l\u00e4hesty paloa tuulen suunnasta, hyvin varovasti.<\/p>\n<p>Vet\u00e4ydy turvallisen et\u00e4isyyden p\u00e4\u00e4h\u00e4n soittamaan lis\u00e4apua numerosta <span style=\"color: #ff0000;\"><strong>112<\/strong><\/span>.<br \/>\nSis\u00e4tiloissa poistu huoneesta ja sulje ovi myrkyllisten kaasujen levi\u00e4misen est\u00e4miseksi.<\/p>\n","protected":false},"excerpt":{"rendered":"<p><strong>Sammutuspeite litiumioniakkupalolle<\/strong> auttaa hidastamaan litiumioniakuissa syttyvi\u00e4 tulipaloja. LI-ION -akkupaloille suunniteltu sammutuspeite on helppo ja monik\u00e4ytt\u00f6inen sammutustapa hankalasti tukahdutettaville tulipalon aluille. Peite on valmistettu materiaaleista, joilla on korkea l\u00e4mm\u00f6nkest\u00e4vyys mutta alhainen l\u00e4mm\u00f6njohtavuus. LI-ION-sammutuspeite erist\u00e4\u00e4 tehokkaasti akkukennot, est\u00e4en n\u00e4in tulipalon laajenemisen ja levi\u00e4misen. Tavallinen sammutuspeite sen sijaan palaa nopeasti l\u00e4pi n\u00e4ille kemikaaleille altistuessaan.<\/p>\n<p>Vaikeasti sammutettava ja helposti r\u00e4j\u00e4htelev\u00e4 litiumioniakkupalo voi sytty\u00e4 uudelleenladattavaa litiumioniakkua k\u00e4ytt\u00e4vist\u00e4 laitteista, kuten ylikuumentuneesta matkapuhelimesta, vioittuneesta lasten lelusta, kannettavasta tietokoneesta tai s\u00e4hk\u00f6py\u00f6r\u00e4st\u00e4. Nopea toiminta est\u00e4\u00e4 loukkaantumiset ja tulipalon laajenemisen. Pelastuslaitokselle on soitettava my\u00f6s ensi tilassa!<\/p>\n<p>Saatavilla kaksi kokoa: 155 x 155cm (2.41m\u00b2) ja 155 x 200cm (3.10m\u00b2).<\/p>\n<p>Katso my\u00f6s <a href=\"https:\/\/safetypartners.fi\/kauppa\/tuote\/sammutuspeite-sahkopyorille-ja-potkulaudoille\">s\u00e4hk\u00f6py\u00f6rille ja -potkulaudoille<\/a> sek\u00e4 <a href=\"https:\/\/safetypartners.fi\/kauppa\/tuote\/auton-sammutuspeite\">autoille<\/a> r\u00e4\u00e4t\u00e4l\u00f6idyt sammutuspeitteet.<\/p>\n<p>Valitse kahdesta koosta sopiva:<\/p>\n","protected":false},"featured_media":2983,"comment_status":"open","ping_status":"closed","template":"","meta":{"_uag_custom_page_level_css":"","site-sidebar-layout":"default","site-content-layout":"default","ast-site-content-layout":"default","site-content-style":"default","site-sidebar-style":"default","ast-global-header-display":"","ast-banner-title-visibility":"","ast-main-header-display":"","ast-hfb-above-header-display":"","ast-hfb-below-header-display":"","ast-hfb-mobile-header-display":"","site-post-title":"","ast-breadcrumbs-content":"","ast-featured-img":"","footer-sml-layout":"","ast-disable-related-posts":"","theme-transparent-header-meta":"default","adv-header-id-meta":"","stick-header-meta":"default","header-above-stick-meta":"","header-main-stick-meta":"","header-below-stick-meta":"","astra-migrate-meta-layouts":"set","ast-page-background-enabled":"default","ast-page-background-meta":{"desktop":{"background-color":"","background-image":"","background-repeat":"repeat","background-position":"center center","background-size":"auto","background-attachment":"scroll","background-type":"","background-media":"","overlay-type":"","overlay-color":"","overlay-opacity":"","overlay-gradient":""},"tablet":{"background-color":"","background-image":"","background-repeat":"repeat","background-position":"center center","background-size":"auto","background-attachment":"scroll","background-type":"","background-media":"","overlay-type":"","overlay-color":"","overlay-opacity":"","overlay-gradient":""},"mobile":{"background-color":"","background-image":"","background-repeat":"repeat","background-position":"center center","background-size":"auto","background-attachment":"scroll","background-type":"","background-media":"","overlay-type":"","overlay-color":"","overlay-opacity":"","overlay-gradient":""}},"ast-content-background-meta":{"desktop":{"background-color":"var(--ast-global-color-5)","background-image":"","background-repeat":"repeat","background-position":"center center","background-size":"auto","background-attachment":"scroll","background-type":"","background-media":"","overlay-type":"","overlay-color":"","overlay-opacity":"","overlay-gradient":""},"tablet":{"background-color":"var(--ast-global-color-5)","background-image":"","background-repeat":"repeat","background-position":"center center","background-size":"auto","background-attachment":"scroll","background-type":"","background-media":"","overlay-type":"","overlay-color":"","overlay-opacity":"","overlay-gradient":""},"mobile":{"background-color":"var(--ast-global-color-5)","background-image":"","background-repeat":"repeat","background-position":"center center","background-size":"auto","background-attachment":"scroll","background-type":"","background-media":"","overlay-type":"","overlay-color":"","overlay-opacity":"","overlay-gradient":""}}},"product_brand":[],"product_cat":[15,30,43,550],"product_tag":[279,286,637,276,635,618,636,513,633,1243],"class_list":{"0":"post-1945","1":"product","2":"type-product","3":"status-publish","4":"has-post-thumbnail","6":"product_cat-yleinen","7":"product_cat-paloturvallisuus","8":"product_cat-sahkoturvallisuus","9":"product_cat-sammutuspeitteet","10":"product_tag-akkupalo","11":"product_tag-kannykka","12":"product_tag-li-ion-akkupalo","13":"product_tag-litium-akku","14":"product_tag-palopeite","15":"product_tag-peite","16":"product_tag-sahkopyora","17":"product_tag-sammutuspeite","18":"product_tag-sammutuspeite-litiumioniakkupalolle","19":"product_tag-varautuminen","20":"product_shipping_class-suomi","21":"desktop-align-center","22":"tablet-align-center","23":"mobile-align-center","24":"ast-product-gallery-layout-horizontal-slider","25":"ast-product-single-variable","26":"ast-product-tabs-layout-horizontal","28":"first","29":"instock","30":"taxable","31":"shipping-taxable","32":"purchasable","33":"product-type-variable"},"yoast_head":"<!-- This site is optimized with the Yoast SEO plugin v27.3 - https:\/\/yoast.com\/product\/yoast-seo-wordpress\/ -->\n<title>Sammutuspeite litiumioniakkupalolle - Safety Partners<\/title>\n<meta name=\"description\" content=\"Litiumioniakkupalolle | Erikoispinnoitteinen sammutuspeite hankalasti sammutettaville LI-ION-akkupaloille. Korkea l\u00e4mm\u00f6nkest\u00e4vyys, alhainen l\u00e4mm\u00f6njohtavuus.\" \/>\n<meta name=\"robots\" content=\"index, follow, max-snippet:-1, max-image-preview:large, max-video-preview:-1\" \/>\n<link rel=\"canonical\" href=\"https:\/\/safetypartners.fi\/kauppa\/tuote\/sammutuspeite-litiumioniakkupalolle\" \/>\n<meta property=\"og:locale\" content=\"fi_FI\" \/>\n<meta property=\"og:type\" content=\"article\" \/>\n<meta property=\"og:title\" content=\"Sammutuspeite litiumioniakkupalolle - Safety Partners\" \/>\n<meta property=\"og:description\" content=\"Litiumioniakkupalolle | Erikoispinnoitteinen sammutuspeite hankalasti sammutettaville LI-ION-akkupaloille. Korkea l\u00e4mm\u00f6nkest\u00e4vyys, alhainen l\u00e4mm\u00f6njohtavuus.\" \/>\n<meta property=\"og:url\" content=\"https:\/\/safetypartners.fi\/kauppa\/tuote\/sammutuspeite-litiumioniakkupalolle\" \/>\n<meta property=\"og:site_name\" content=\"Safety Partners\" \/>\n<meta property=\"article:modified_time\" content=\"2026-02-27T06:58:08+00:00\" \/>\n<meta property=\"og:image\" content=\"https:\/\/safetypartners.fi\/kauppa\/wp-content\/uploads\/2024\/10\/Sammutuspeite-litiumioniakkupalolle-155x155-crop.png\" \/>\n\t<meta property=\"og:image:width\" content=\"800\" \/>\n\t<meta property=\"og:image:height\" content=\"1422\" \/>\n\t<meta property=\"og:image:type\" content=\"image\/png\" \/>\n<meta name=\"twitter:card\" content=\"summary_large_image\" \/>\n<meta name=\"twitter:label1\" content=\"Arvioitu lukuaika\" \/>\n\t<meta name=\"twitter:data1\" content=\"2 minuuttia\" \/>\n<script type=\"application\/ld+json\" class=\"yoast-schema-graph\">{\"@context\":\"https:\\\/\\\/schema.org\",\"@graph\":[{\"@type\":\"WebPage\",\"@id\":\"https:\\\/\\\/safetypartners.fi\\\/kauppa\\\/tuote\\\/sammutuspeite-litiumioniakkupalolle\",\"url\":\"https:\\\/\\\/safetypartners.fi\\\/kauppa\\\/tuote\\\/sammutuspeite-litiumioniakkupalolle\",\"name\":\"Sammutuspeite litiumioniakkupalolle - Safety Partners\",\"isPartOf\":{\"@id\":\"https:\\\/\\\/safetypartners.fi\\\/kauppa\\\/#website\"},\"primaryImageOfPage\":{\"@id\":\"https:\\\/\\\/safetypartners.fi\\\/kauppa\\\/tuote\\\/sammutuspeite-litiumioniakkupalolle#primaryimage\"},\"image\":{\"@id\":\"https:\\\/\\\/safetypartners.fi\\\/kauppa\\\/tuote\\\/sammutuspeite-litiumioniakkupalolle#primaryimage\"},\"thumbnailUrl\":\"https:\\\/\\\/safetypartners.fi\\\/kauppa\\\/wp-content\\\/uploads\\\/2024\\\/10\\\/Sammutuspeite-litiumioniakkupalolle-155x155-crop.png\",\"datePublished\":\"2024-10-09T08:59:28+00:00\",\"dateModified\":\"2026-02-27T06:58:08+00:00\",\"description\":\"Litiumioniakkupalolle | Erikoispinnoitteinen sammutuspeite hankalasti sammutettaville LI-ION-akkupaloille. Korkea l\u00e4mm\u00f6nkest\u00e4vyys, alhainen l\u00e4mm\u00f6njohtavuus.\",\"breadcrumb\":{\"@id\":\"https:\\\/\\\/safetypartners.fi\\\/kauppa\\\/tuote\\\/sammutuspeite-litiumioniakkupalolle#breadcrumb\"},\"inLanguage\":\"fi\",\"potentialAction\":[{\"@type\":\"ReadAction\",\"target\":[\"https:\\\/\\\/safetypartners.fi\\\/kauppa\\\/tuote\\\/sammutuspeite-litiumioniakkupalolle\"]}]},{\"@type\":\"ImageObject\",\"inLanguage\":\"fi\",\"@id\":\"https:\\\/\\\/safetypartners.fi\\\/kauppa\\\/tuote\\\/sammutuspeite-litiumioniakkupalolle#primaryimage\",\"url\":\"https:\\\/\\\/safetypartners.fi\\\/kauppa\\\/wp-content\\\/uploads\\\/2024\\\/10\\\/Sammutuspeite-litiumioniakkupalolle-155x155-crop.png\",\"contentUrl\":\"https:\\\/\\\/safetypartners.fi\\\/kauppa\\\/wp-content\\\/uploads\\\/2024\\\/10\\\/Sammutuspeite-litiumioniakkupalolle-155x155-crop.png\",\"width\":800,\"height\":1422,\"caption\":\"Peite vaikeasti sammutettavalle akkupalolle\"},{\"@type\":\"BreadcrumbList\",\"@id\":\"https:\\\/\\\/safetypartners.fi\\\/kauppa\\\/tuote\\\/sammutuspeite-litiumioniakkupalolle#breadcrumb\",\"itemListElement\":[{\"@type\":\"ListItem\",\"position\":1,\"name\":\"Home\",\"item\":\"https:\\\/\\\/safetypartners.fi\\\/kauppa\\\/\"},{\"@type\":\"ListItem\",\"position\":2,\"name\":\"Kauppa\",\"item\":\"https:\\\/\\\/safetypartners.fi\\\/kauppa\\\/kauppa\"},{\"@type\":\"ListItem\",\"position\":3,\"name\":\"Sammutuspeite litiumioniakkupalolle\"}]},{\"@type\":\"WebSite\",\"@id\":\"https:\\\/\\\/safetypartners.fi\\\/kauppa\\\/#website\",\"url\":\"https:\\\/\\\/safetypartners.fi\\\/kauppa\\\/\",\"name\":\"Safety Partners\",\"description\":\"Safety Partners turvakauppa palvelee verkossa 24\\\/7!\",\"publisher\":{\"@id\":\"https:\\\/\\\/safetypartners.fi\\\/kauppa\\\/#organization\"},\"potentialAction\":[{\"@type\":\"SearchAction\",\"target\":{\"@type\":\"EntryPoint\",\"urlTemplate\":\"https:\\\/\\\/safetypartners.fi\\\/kauppa\\\/?s={search_term_string}\"},\"query-input\":{\"@type\":\"PropertyValueSpecification\",\"valueRequired\":true,\"valueName\":\"search_term_string\"}}],\"inLanguage\":\"fi\"},{\"@type\":\"Organization\",\"@id\":\"https:\\\/\\\/safetypartners.fi\\\/kauppa\\\/#organization\",\"name\":\"Safety Partners | Suomen Sammutinpalvelu\",\"url\":\"https:\\\/\\\/safetypartners.fi\\\/kauppa\\\/\",\"logo\":{\"@type\":\"ImageObject\",\"inLanguage\":\"fi\",\"@id\":\"https:\\\/\\\/safetypartners.fi\\\/kauppa\\\/#\\\/schema\\\/logo\\\/image\\\/\",\"url\":\"https:\\\/\\\/safetypartners.fi\\\/kauppa\\\/wp-content\\\/uploads\\\/2020\\\/05\\\/cropped-Logoke-1.jpg\",\"contentUrl\":\"https:\\\/\\\/safetypartners.fi\\\/kauppa\\\/wp-content\\\/uploads\\\/2020\\\/05\\\/cropped-Logoke-1.jpg\",\"width\":847,\"height\":717,\"caption\":\"Safety Partners | Suomen Sammutinpalvelu\"},\"image\":{\"@id\":\"https:\\\/\\\/safetypartners.fi\\\/kauppa\\\/#\\\/schema\\\/logo\\\/image\\\/\"}}]}<\/script>\n<!-- \/ Yoast SEO plugin. -->","yoast_head_json":{"title":"Sammutuspeite litiumioniakkupalolle - Safety Partners","description":"Litiumioniakkupalolle | Erikoispinnoitteinen sammutuspeite hankalasti sammutettaville LI-ION-akkupaloille. Korkea l\u00e4mm\u00f6nkest\u00e4vyys, alhainen l\u00e4mm\u00f6njohtavuus.","robots":{"index":"index","follow":"follow","max-snippet":"max-snippet:-1","max-image-preview":"max-image-preview:large","max-video-preview":"max-video-preview:-1"},"canonical":"https:\/\/safetypartners.fi\/kauppa\/tuote\/sammutuspeite-litiumioniakkupalolle","og_locale":"fi_FI","og_type":"article","og_title":"Sammutuspeite litiumioniakkupalolle - Safety Partners","og_description":"Litiumioniakkupalolle | Erikoispinnoitteinen sammutuspeite hankalasti sammutettaville LI-ION-akkupaloille. Korkea l\u00e4mm\u00f6nkest\u00e4vyys, alhainen l\u00e4mm\u00f6njohtavuus.","og_url":"https:\/\/safetypartners.fi\/kauppa\/tuote\/sammutuspeite-litiumioniakkupalolle","og_site_name":"Safety Partners","article_modified_time":"2026-02-27T06:58:08+00:00","og_image":[{"width":800,"height":1422,"url":"https:\/\/safetypartners.fi\/kauppa\/wp-content\/uploads\/2024\/10\/Sammutuspeite-litiumioniakkupalolle-155x155-crop.png","type":"image\/png"}],"twitter_card":"summary_large_image","twitter_misc":{"Arvioitu lukuaika":"2 minuuttia"},"schema":{"@context":"https:\/\/schema.org","@graph":[{"@type":"WebPage","@id":"https:\/\/safetypartners.fi\/kauppa\/tuote\/sammutuspeite-litiumioniakkupalolle","url":"https:\/\/safetypartners.fi\/kauppa\/tuote\/sammutuspeite-litiumioniakkupalolle","name":"Sammutuspeite litiumioniakkupalolle - Safety Partners","isPartOf":{"@id":"https:\/\/safetypartners.fi\/kauppa\/#website"},"primaryImageOfPage":{"@id":"https:\/\/safetypartners.fi\/kauppa\/tuote\/sammutuspeite-litiumioniakkupalolle#primaryimage"},"image":{"@id":"https:\/\/safetypartners.fi\/kauppa\/tuote\/sammutuspeite-litiumioniakkupalolle#primaryimage"},"thumbnailUrl":"https:\/\/safetypartners.fi\/kauppa\/wp-content\/uploads\/2024\/10\/Sammutuspeite-litiumioniakkupalolle-155x155-crop.png","datePublished":"2024-10-09T08:59:28+00:00","dateModified":"2026-02-27T06:58:08+00:00","description":"Litiumioniakkupalolle | Erikoispinnoitteinen sammutuspeite hankalasti sammutettaville LI-ION-akkupaloille. Korkea l\u00e4mm\u00f6nkest\u00e4vyys, alhainen l\u00e4mm\u00f6njohtavuus.","breadcrumb":{"@id":"https:\/\/safetypartners.fi\/kauppa\/tuote\/sammutuspeite-litiumioniakkupalolle#breadcrumb"},"inLanguage":"fi","potentialAction":[{"@type":"ReadAction","target":["https:\/\/safetypartners.fi\/kauppa\/tuote\/sammutuspeite-litiumioniakkupalolle"]}]},{"@type":"ImageObject","inLanguage":"fi","@id":"https:\/\/safetypartners.fi\/kauppa\/tuote\/sammutuspeite-litiumioniakkupalolle#primaryimage","url":"https:\/\/safetypartners.fi\/kauppa\/wp-content\/uploads\/2024\/10\/Sammutuspeite-litiumioniakkupalolle-155x155-crop.png","contentUrl":"https:\/\/safetypartners.fi\/kauppa\/wp-content\/uploads\/2024\/10\/Sammutuspeite-litiumioniakkupalolle-155x155-crop.png","width":800,"height":1422,"caption":"Peite vaikeasti sammutettavalle akkupalolle"},{"@type":"BreadcrumbList","@id":"https:\/\/safetypartners.fi\/kauppa\/tuote\/sammutuspeite-litiumioniakkupalolle#breadcrumb","itemListElement":[{"@type":"ListItem","position":1,"name":"Home","item":"https:\/\/safetypartners.fi\/kauppa\/"},{"@type":"ListItem","position":2,"name":"Kauppa","item":"https:\/\/safetypartners.fi\/kauppa\/kauppa"},{"@type":"ListItem","position":3,"name":"Sammutuspeite litiumioniakkupalolle"}]},{"@type":"WebSite","@id":"https:\/\/safetypartners.fi\/kauppa\/#website","url":"https:\/\/safetypartners.fi\/kauppa\/","name":"Safety Partners","description":"Safety Partners turvakauppa palvelee verkossa 24\/7!","publisher":{"@id":"https:\/\/safetypartners.fi\/kauppa\/#organization"},"potentialAction":[{"@type":"SearchAction","target":{"@type":"EntryPoint","urlTemplate":"https:\/\/safetypartners.fi\/kauppa\/?s={search_term_string}"},"query-input":{"@type":"PropertyValueSpecification","valueRequired":true,"valueName":"search_term_string"}}],"inLanguage":"fi"},{"@type":"Organization","@id":"https:\/\/safetypartners.fi\/kauppa\/#organization","name":"Safety Partners | Suomen Sammutinpalvelu","url":"https:\/\/safetypartners.fi\/kauppa\/","logo":{"@type":"ImageObject","inLanguage":"fi","@id":"https:\/\/safetypartners.fi\/kauppa\/#\/schema\/logo\/image\/","url":"https:\/\/safetypartners.fi\/kauppa\/wp-content\/uploads\/2020\/05\/cropped-Logoke-1.jpg","contentUrl":"https:\/\/safetypartners.fi\/kauppa\/wp-content\/uploads\/2020\/05\/cropped-Logoke-1.jpg","width":847,"height":717,"caption":"Safety Partners | Suomen Sammutinpalvelu"},"image":{"@id":"https:\/\/safetypartners.fi\/kauppa\/#\/schema\/logo\/image\/"}}]}},"uagb_featured_image_src":{"full":["https:\/\/safetypartners.fi\/kauppa\/wp-content\/uploads\/2024\/10\/Sammutuspeite-litiumioniakkupalolle-155x155-crop.png",800,1422,false],"thumbnail":["https:\/\/safetypartners.fi\/kauppa\/wp-content\/uploads\/2024\/10\/Sammutuspeite-litiumioniakkupalolle-155x155-crop-150x150.png",150,150,true],"medium":["https:\/\/safetypartners.fi\/kauppa\/wp-content\/uploads\/2024\/10\/Sammutuspeite-litiumioniakkupalolle-155x155-crop-169x300.png",169,300,true],"medium_large":["https:\/\/safetypartners.fi\/kauppa\/wp-content\/uploads\/2024\/10\/Sammutuspeite-litiumioniakkupalolle-155x155-crop-768x1365.png",768,1365,true],"large":["https:\/\/safetypartners.fi\/kauppa\/wp-content\/uploads\/2024\/10\/Sammutuspeite-litiumioniakkupalolle-155x155-crop-576x1024.png",576,1024,true],"1536x1536":["https:\/\/safetypartners.fi\/kauppa\/wp-content\/uploads\/2024\/10\/Sammutuspeite-litiumioniakkupalolle-155x155-crop.png",800,1422,false],"2048x2048":["https:\/\/safetypartners.fi\/kauppa\/wp-content\/uploads\/2024\/10\/Sammutuspeite-litiumioniakkupalolle-155x155-crop.png",800,1422,false],"woocommerce_thumbnail":["https:\/\/safetypartners.fi\/kauppa\/wp-content\/uploads\/2024\/10\/Sammutuspeite-litiumioniakkupalolle-155x155-crop-300x300.png",300,300,true],"woocommerce_single":["https:\/\/safetypartners.fi\/kauppa\/wp-content\/uploads\/2024\/10\/Sammutuspeite-litiumioniakkupalolle-155x155-crop-600x1067.png",600,1067,true],"woocommerce_gallery_thumbnail":["https:\/\/safetypartners.fi\/kauppa\/wp-content\/uploads\/2024\/10\/Sammutuspeite-litiumioniakkupalolle-155x155-crop-100x100.png",100,100,true]},"uagb_author_info":{"display_name":"Anu Lehto","author_link":"https:\/\/safetypartners.fi\/kauppa\/author"},"uagb_comment_info":1,"uagb_excerpt":"Sammutuspeite litiumioniakkupalolle auttaa hidastamaan litiumioniakuissa syttyvi\u00e4 tulipaloja. LI-ION -akkupaloille suunniteltu sammutuspeite on helppo ja monik\u00e4ytt\u00f6inen sammutustapa hankalasti tukahdutettaville tulipalon aluille. Peite on valmistettu materiaaleista, joilla on korkea l\u00e4mm\u00f6nkest\u00e4vyys mutta alhainen l\u00e4mm\u00f6njohtavuus. LI-ION-sammutuspeite erist\u00e4\u00e4 tehokkaasti akkukennot, est\u00e4en n\u00e4in tulipalon laajenemisen ja levi\u00e4misen. Tavallinen sammutuspeite sen sijaan palaa nopeasti l\u00e4pi n\u00e4ille kemikaaleille altistuessaan. Vaikeasti sammutettava ja helposti&hellip;","_links":{"self":[{"href":"https:\/\/safetypartners.fi\/kauppa\/wp-json\/wp\/v2\/product\/1945","targetHints":{"allow":["GET"]}}],"collection":[{"href":"https:\/\/safetypartners.fi\/kauppa\/wp-json\/wp\/v2\/product"}],"about":[{"href":"https:\/\/safetypartners.fi\/kauppa\/wp-json\/wp\/v2\/types\/product"}],"replies":[{"embeddable":true,"href":"https:\/\/safetypartners.fi\/kauppa\/wp-json\/wp\/v2\/comments?post=1945"}],"version-history":[{"count":7,"href":"https:\/\/safetypartners.fi\/kauppa\/wp-json\/wp\/v2\/product\/1945\/revisions"}],"predecessor-version":[{"id":2981,"href":"https:\/\/safetypartners.fi\/kauppa\/wp-json\/wp\/v2\/product\/1945\/revisions\/2981"}],"wp:featuredmedia":[{"embeddable":true,"href":"https:\/\/safetypartners.fi\/kauppa\/wp-json\/wp\/v2\/media\/2983"}],"wp:attachment":[{"href":"https:\/\/safetypartners.fi\/kauppa\/wp-json\/wp\/v2\/media?parent=1945"}],"wp:term":[{"taxonomy":"product_brand","embeddable":true,"href":"https:\/\/safetypartners.fi\/kauppa\/wp-json\/wp\/v2\/product_brand?post=1945"},{"taxonomy":"product_cat","embeddable":true,"href":"https:\/\/safetypartners.fi\/kauppa\/wp-json\/wp\/v2\/product_cat?post=1945"},{"taxonomy":"product_tag","embeddable":true,"href":"https:\/\/safetypartners.fi\/kauppa\/wp-json\/wp\/v2\/product_tag?post=1945"}],"curies":[{"name":"wp","href":"https:\/\/api.w.org\/{rel}","templated":true}]}}