{"id":1957,"date":"2024-10-09T14:07:17","date_gmt":"2024-10-09T11:07:17","guid":{"rendered":"https:\/\/safetypartners.fi\/kauppa\/?post_type=product&#038;p=1957"},"modified":"2025-04-30T13:25:19","modified_gmt":"2025-04-30T10:25:19","slug":"master-lock-paloturvasalkku","status":"publish","type":"product","link":"https:\/\/safetypartners.fi\/kauppa\/tuote\/master-lock-paloturvasalkku","title":{"rendered":"Master Lock paloturvasalkku"},"content":{"rendered":"<ul>\n<li>Lukollinen kansi, kaksi avainta pakkauksessa<\/li>\n<li>Vedenpit\u00e4v\u00e4<\/li>\n<li>V\u00e4ri: musta<\/li>\n<li>Isomman MBG 20101 -salkun mitat:<br \/>\nUlkomitat mm (K x L x S) 168 x 391 x 363<br \/>\nSis\u00e4mitat mm (K x L x S) 112 x 325 x 216<br \/>\nTilavuus: 7,8 litraa<\/li>\n<li>Pienemm\u00e4n L1200-salkun mitat:<br \/>\nUlkomitat mm (K x L x S) 155 x 362 x 284<br \/>\nSis\u00e4mitat mm (K x L x S) 89 x 305 x 191<br \/>\nPaino 6kg<br \/>\nTilavuus: 5,1 litraa<\/li>\n<li>Ei kiinnitysmahdollisuutta<\/li>\n<\/ul>\n<p><strong>Paloturvasalkut hyv\u00e4ksyt\u00e4\u00e4n NT Fire 017 mukaisesti. Paloturvasalkut jaetaan luokkiin 30P (30 minuuttia), 60P (60 minuuttia), 90P (90 minuuttia) ja 120P (120 minuuttia). Luokka m\u00e4\u00e4rittelee kauanko paloturvasalkun sis\u00e4lt\u00f6 s\u00e4ilyy vahingoittumattomana korkeissa l\u00e4mp\u00f6tiloissa (843\u00b0C &#8211; 1049\u00b0C)<\/strong>.<\/p>\n<div class=\"ast-oembed-container \" style=\"height: 100%;\"><iframe title=\"MasterLock kompakti paloturvasalkku L1200\" width=\"500\" height=\"281\" src=\"https:\/\/www.youtube.com\/embed\/McpVAZbL6Ug?feature=oembed\" frameborder=\"0\" allow=\"accelerometer; autoplay; clipboard-write; encrypted-media; gyroscope; picture-in-picture; web-share\" referrerpolicy=\"strict-origin-when-cross-origin\" allowfullscreen><\/iframe><\/div>\n<h2><\/h2>\n","protected":false},"excerpt":{"rendered":"<p><strong>Palonkest\u00e4v\u00e4 Masterlock turvasalkku <\/strong>auttaa sinua pit\u00e4m\u00e4\u00e4n tavarasi j\u00e4rjestyksess\u00e4 ja antaa mielenrauhan, koska tied\u00e4t ett\u00e4 sinulle t\u00e4rkeimm\u00e4t esineet ovat turvassa.<\/p>\n<p>Turvasalkku on UL\/ETL paloluokiteltu dokumenteille, papereille ja digitaalisille tallentimille (CD, USB; 30 minuuttia max. 843 \u00b0C). Salkku on erinomainen suoja t\u00e4rkeille dokumenteille, kuten passeille, muistikorteille ja ulkoisille kovalevyille. ETL-sertifioitu salkku suojaa sis\u00e4lt\u00f6\u00e4 my\u00f6s vedelt\u00e4.<\/p>\n<p>Suurempaan MBG 20101 -salkkuun mahtuvat A4-kokoiset paperit rypistym\u00e4tt\u00e4. Pienemp\u00e4\u00e4n L1200-salkkuun tulee A4-paperi taittaa tilaan mahtuakseen.<\/p>\n","protected":false},"featured_media":1959,"comment_status":"open","ping_status":"closed","template":"","meta":{"_uag_custom_page_level_css":"","site-sidebar-layout":"default","site-content-layout":"","ast-site-content-layout":"default","site-content-style":"default","site-sidebar-style":"default","ast-global-header-display":"","ast-banner-title-visibility":"","ast-main-header-display":"","ast-hfb-above-header-display":"","ast-hfb-below-header-display":"","ast-hfb-mobile-header-display":"","site-post-title":"","ast-breadcrumbs-content":"","ast-featured-img":"","footer-sml-layout":"","ast-disable-related-posts":"","theme-transparent-header-meta":"default","adv-header-id-meta":"","stick-header-meta":"default","header-above-stick-meta":"","header-main-stick-meta":"","header-below-stick-meta":"","astra-migrate-meta-layouts":"set","ast-page-background-enabled":"default","ast-page-background-meta":{"desktop":{"background-color":"","background-image":"","background-repeat":"repeat","background-position":"center center","background-size":"auto","background-attachment":"scroll","background-type":"","background-media":"","overlay-type":"","overlay-color":"","overlay-opacity":"","overlay-gradient":""},"tablet":{"background-color":"","background-image":"","background-repeat":"repeat","background-position":"center center","background-size":"auto","background-attachment":"scroll","background-type":"","background-media":"","overlay-type":"","overlay-color":"","overlay-opacity":"","overlay-gradient":""},"mobile":{"background-color":"","background-image":"","background-repeat":"repeat","background-position":"center center","background-size":"auto","background-attachment":"scroll","background-type":"","background-media":"","overlay-type":"","overlay-color":"","overlay-opacity":"","overlay-gradient":""}},"ast-content-background-meta":{"desktop":{"background-color":"var(--ast-global-color-5)","background-image":"","background-repeat":"repeat","background-position":"center center","background-size":"auto","background-attachment":"scroll","background-type":"","background-media":"","overlay-type":"","overlay-color":"","overlay-opacity":"","overlay-gradient":""},"tablet":{"background-color":"var(--ast-global-color-5)","background-image":"","background-repeat":"repeat","background-position":"center center","background-size":"auto","background-attachment":"scroll","background-type":"","background-media":"","overlay-type":"","overlay-color":"","overlay-opacity":"","overlay-gradient":""},"mobile":{"background-color":"var(--ast-global-color-5)","background-image":"","background-repeat":"repeat","background-position":"center center","background-size":"auto","background-attachment":"scroll","background-type":"","background-media":"","overlay-type":"","overlay-color":"","overlay-opacity":"","overlay-gradient":""}}},"product_brand":[],"product_cat":[15,32,30],"product_tag":[646,648,641,69,638,640,639,647,644,642,643,645],"class_list":{"0":"post-1957","1":"product","2":"type-product","3":"status-publish","4":"has-post-thumbnail","6":"product_cat-yleinen","7":"product_cat-koti-ja-omaisuusturva","8":"product_cat-paloturvallisuus","9":"product_tag-a4","10":"product_tag-dokumentit","11":"product_tag-l1200","12":"product_tag-master-lock","13":"product_tag-masterlock-paloturvasalkku-mbg-20101","14":"product_tag-mbg-20101","15":"product_tag-paloturvasalkku","16":"product_tag-tarkeat-paperit","17":"product_tag-tulenkestava","18":"product_tag-tulipalo-kotona","19":"product_tag-turvasalkku","20":"product_tag-vedenkestava","21":"product_shipping_class-suomi","22":"desktop-align-center","23":"tablet-align-center","24":"mobile-align-center","25":"ast-product-gallery-layout-horizontal-slider","26":"ast-product-gallery-with-no-image","27":"ast-product-single-variable","28":"ast-product-tabs-layout-horizontal","30":"first","31":"instock","32":"taxable","33":"shipping-taxable","34":"purchasable","35":"product-type-variable"},"yoast_head":"<!-- This site is optimized with the Yoast SEO plugin v27.3 - https:\/\/yoast.com\/product\/yoast-seo-wordpress\/ -->\n<title>Master Lock paloturvasalkku - Safety Partners<\/title>\n<meta name=\"description\" content=\"Tukeva paloturvasalkku auttaa pit\u00e4m\u00e4\u00e4n t\u00e4rke\u00e4t tavarasi turvassa tulipalolta ja vedelt\u00e4. UL\/ETL paloluokiteltu. Kaksi eri kokoa.\" \/>\n<meta name=\"robots\" content=\"index, follow, max-snippet:-1, max-image-preview:large, max-video-preview:-1\" \/>\n<link rel=\"canonical\" href=\"https:\/\/safetypartners.fi\/kauppa\/tuote\/master-lock-paloturvasalkku\" \/>\n<meta property=\"og:locale\" content=\"fi_FI\" \/>\n<meta property=\"og:type\" content=\"article\" \/>\n<meta property=\"og:title\" content=\"Master Lock paloturvasalkku - Safety Partners\" \/>\n<meta property=\"og:description\" content=\"Tukeva paloturvasalkku auttaa pit\u00e4m\u00e4\u00e4n t\u00e4rke\u00e4t tavarasi turvassa tulipalolta ja vedelt\u00e4. UL\/ETL paloluokiteltu. Kaksi eri kokoa.\" \/>\n<meta property=\"og:url\" content=\"https:\/\/safetypartners.fi\/kauppa\/tuote\/master-lock-paloturvasalkku\" \/>\n<meta property=\"og:site_name\" content=\"Safety Partners\" \/>\n<meta property=\"article:modified_time\" content=\"2025-04-30T10:25:19+00:00\" \/>\n<meta property=\"og:image\" content=\"https:\/\/safetypartners.fi\/kauppa\/wp-content\/uploads\/2024\/10\/Paloturvasalkku.png\" \/>\n\t<meta property=\"og:image:width\" content=\"1012\" \/>\n\t<meta property=\"og:image:height\" content=\"822\" \/>\n\t<meta property=\"og:image:type\" content=\"image\/png\" \/>\n<meta name=\"twitter:card\" content=\"summary_large_image\" \/>\n<meta name=\"twitter:label1\" content=\"Arvioitu lukuaika\" \/>\n\t<meta name=\"twitter:data1\" content=\"1 minuutti\" \/>\n<script type=\"application\/ld+json\" class=\"yoast-schema-graph\">{\"@context\":\"https:\\\/\\\/schema.org\",\"@graph\":[{\"@type\":\"WebPage\",\"@id\":\"https:\\\/\\\/safetypartners.fi\\\/kauppa\\\/tuote\\\/master-lock-paloturvasalkku\",\"url\":\"https:\\\/\\\/safetypartners.fi\\\/kauppa\\\/tuote\\\/master-lock-paloturvasalkku\",\"name\":\"Master Lock paloturvasalkku - Safety Partners\",\"isPartOf\":{\"@id\":\"https:\\\/\\\/safetypartners.fi\\\/kauppa\\\/#website\"},\"primaryImageOfPage\":{\"@id\":\"https:\\\/\\\/safetypartners.fi\\\/kauppa\\\/tuote\\\/master-lock-paloturvasalkku#primaryimage\"},\"image\":{\"@id\":\"https:\\\/\\\/safetypartners.fi\\\/kauppa\\\/tuote\\\/master-lock-paloturvasalkku#primaryimage\"},\"thumbnailUrl\":\"https:\\\/\\\/safetypartners.fi\\\/kauppa\\\/wp-content\\\/uploads\\\/2024\\\/10\\\/Paloturvasalkku.png\",\"datePublished\":\"2024-10-09T11:07:17+00:00\",\"dateModified\":\"2025-04-30T10:25:19+00:00\",\"description\":\"Tukeva paloturvasalkku auttaa pit\u00e4m\u00e4\u00e4n t\u00e4rke\u00e4t tavarasi turvassa tulipalolta ja vedelt\u00e4. UL\\\/ETL paloluokiteltu. Kaksi eri kokoa.\",\"breadcrumb\":{\"@id\":\"https:\\\/\\\/safetypartners.fi\\\/kauppa\\\/tuote\\\/master-lock-paloturvasalkku#breadcrumb\"},\"inLanguage\":\"fi\",\"potentialAction\":[{\"@type\":\"ReadAction\",\"target\":[\"https:\\\/\\\/safetypartners.fi\\\/kauppa\\\/tuote\\\/master-lock-paloturvasalkku\"]}]},{\"@type\":\"ImageObject\",\"inLanguage\":\"fi\",\"@id\":\"https:\\\/\\\/safetypartners.fi\\\/kauppa\\\/tuote\\\/master-lock-paloturvasalkku#primaryimage\",\"url\":\"https:\\\/\\\/safetypartners.fi\\\/kauppa\\\/wp-content\\\/uploads\\\/2024\\\/10\\\/Paloturvasalkku.png\",\"contentUrl\":\"https:\\\/\\\/safetypartners.fi\\\/kauppa\\\/wp-content\\\/uploads\\\/2024\\\/10\\\/Paloturvasalkku.png\",\"width\":1012,\"height\":822,\"caption\":\"Masterlock paloturvasalkku on tulen- ja vedenkest\u00e4v\u00e4\"},{\"@type\":\"BreadcrumbList\",\"@id\":\"https:\\\/\\\/safetypartners.fi\\\/kauppa\\\/tuote\\\/master-lock-paloturvasalkku#breadcrumb\",\"itemListElement\":[{\"@type\":\"ListItem\",\"position\":1,\"name\":\"Home\",\"item\":\"https:\\\/\\\/safetypartners.fi\\\/kauppa\\\/\"},{\"@type\":\"ListItem\",\"position\":2,\"name\":\"Kauppa\",\"item\":\"https:\\\/\\\/safetypartners.fi\\\/kauppa\\\/kauppa\"},{\"@type\":\"ListItem\",\"position\":3,\"name\":\"Master Lock paloturvasalkku\"}]},{\"@type\":\"WebSite\",\"@id\":\"https:\\\/\\\/safetypartners.fi\\\/kauppa\\\/#website\",\"url\":\"https:\\\/\\\/safetypartners.fi\\\/kauppa\\\/\",\"name\":\"Safety Partners\",\"description\":\"Safety Partners turvakauppa palvelee verkossa 24\\\/7!\",\"publisher\":{\"@id\":\"https:\\\/\\\/safetypartners.fi\\\/kauppa\\\/#organization\"},\"potentialAction\":[{\"@type\":\"SearchAction\",\"target\":{\"@type\":\"EntryPoint\",\"urlTemplate\":\"https:\\\/\\\/safetypartners.fi\\\/kauppa\\\/?s={search_term_string}\"},\"query-input\":{\"@type\":\"PropertyValueSpecification\",\"valueRequired\":true,\"valueName\":\"search_term_string\"}}],\"inLanguage\":\"fi\"},{\"@type\":\"Organization\",\"@id\":\"https:\\\/\\\/safetypartners.fi\\\/kauppa\\\/#organization\",\"name\":\"Safety Partners | Suomen Sammutinpalvelu\",\"url\":\"https:\\\/\\\/safetypartners.fi\\\/kauppa\\\/\",\"logo\":{\"@type\":\"ImageObject\",\"inLanguage\":\"fi\",\"@id\":\"https:\\\/\\\/safetypartners.fi\\\/kauppa\\\/#\\\/schema\\\/logo\\\/image\\\/\",\"url\":\"https:\\\/\\\/safetypartners.fi\\\/kauppa\\\/wp-content\\\/uploads\\\/2020\\\/05\\\/cropped-Logoke-1.jpg\",\"contentUrl\":\"https:\\\/\\\/safetypartners.fi\\\/kauppa\\\/wp-content\\\/uploads\\\/2020\\\/05\\\/cropped-Logoke-1.jpg\",\"width\":847,\"height\":717,\"caption\":\"Safety Partners | Suomen Sammutinpalvelu\"},\"image\":{\"@id\":\"https:\\\/\\\/safetypartners.fi\\\/kauppa\\\/#\\\/schema\\\/logo\\\/image\\\/\"}}]}<\/script>\n<!-- \/ Yoast SEO plugin. -->","yoast_head_json":{"title":"Master Lock paloturvasalkku - Safety Partners","description":"Tukeva paloturvasalkku auttaa pit\u00e4m\u00e4\u00e4n t\u00e4rke\u00e4t tavarasi turvassa tulipalolta ja vedelt\u00e4. UL\/ETL paloluokiteltu. Kaksi eri kokoa.","robots":{"index":"index","follow":"follow","max-snippet":"max-snippet:-1","max-image-preview":"max-image-preview:large","max-video-preview":"max-video-preview:-1"},"canonical":"https:\/\/safetypartners.fi\/kauppa\/tuote\/master-lock-paloturvasalkku","og_locale":"fi_FI","og_type":"article","og_title":"Master Lock paloturvasalkku - Safety Partners","og_description":"Tukeva paloturvasalkku auttaa pit\u00e4m\u00e4\u00e4n t\u00e4rke\u00e4t tavarasi turvassa tulipalolta ja vedelt\u00e4. UL\/ETL paloluokiteltu. Kaksi eri kokoa.","og_url":"https:\/\/safetypartners.fi\/kauppa\/tuote\/master-lock-paloturvasalkku","og_site_name":"Safety Partners","article_modified_time":"2025-04-30T10:25:19+00:00","og_image":[{"width":1012,"height":822,"url":"https:\/\/safetypartners.fi\/kauppa\/wp-content\/uploads\/2024\/10\/Paloturvasalkku.png","type":"image\/png"}],"twitter_card":"summary_large_image","twitter_misc":{"Arvioitu lukuaika":"1 minuutti"},"schema":{"@context":"https:\/\/schema.org","@graph":[{"@type":"WebPage","@id":"https:\/\/safetypartners.fi\/kauppa\/tuote\/master-lock-paloturvasalkku","url":"https:\/\/safetypartners.fi\/kauppa\/tuote\/master-lock-paloturvasalkku","name":"Master Lock paloturvasalkku - Safety Partners","isPartOf":{"@id":"https:\/\/safetypartners.fi\/kauppa\/#website"},"primaryImageOfPage":{"@id":"https:\/\/safetypartners.fi\/kauppa\/tuote\/master-lock-paloturvasalkku#primaryimage"},"image":{"@id":"https:\/\/safetypartners.fi\/kauppa\/tuote\/master-lock-paloturvasalkku#primaryimage"},"thumbnailUrl":"https:\/\/safetypartners.fi\/kauppa\/wp-content\/uploads\/2024\/10\/Paloturvasalkku.png","datePublished":"2024-10-09T11:07:17+00:00","dateModified":"2025-04-30T10:25:19+00:00","description":"Tukeva paloturvasalkku auttaa pit\u00e4m\u00e4\u00e4n t\u00e4rke\u00e4t tavarasi turvassa tulipalolta ja vedelt\u00e4. UL\/ETL paloluokiteltu. Kaksi eri kokoa.","breadcrumb":{"@id":"https:\/\/safetypartners.fi\/kauppa\/tuote\/master-lock-paloturvasalkku#breadcrumb"},"inLanguage":"fi","potentialAction":[{"@type":"ReadAction","target":["https:\/\/safetypartners.fi\/kauppa\/tuote\/master-lock-paloturvasalkku"]}]},{"@type":"ImageObject","inLanguage":"fi","@id":"https:\/\/safetypartners.fi\/kauppa\/tuote\/master-lock-paloturvasalkku#primaryimage","url":"https:\/\/safetypartners.fi\/kauppa\/wp-content\/uploads\/2024\/10\/Paloturvasalkku.png","contentUrl":"https:\/\/safetypartners.fi\/kauppa\/wp-content\/uploads\/2024\/10\/Paloturvasalkku.png","width":1012,"height":822,"caption":"Masterlock paloturvasalkku on tulen- ja vedenkest\u00e4v\u00e4"},{"@type":"BreadcrumbList","@id":"https:\/\/safetypartners.fi\/kauppa\/tuote\/master-lock-paloturvasalkku#breadcrumb","itemListElement":[{"@type":"ListItem","position":1,"name":"Home","item":"https:\/\/safetypartners.fi\/kauppa\/"},{"@type":"ListItem","position":2,"name":"Kauppa","item":"https:\/\/safetypartners.fi\/kauppa\/kauppa"},{"@type":"ListItem","position":3,"name":"Master Lock paloturvasalkku"}]},{"@type":"WebSite","@id":"https:\/\/safetypartners.fi\/kauppa\/#website","url":"https:\/\/safetypartners.fi\/kauppa\/","name":"Safety Partners","description":"Safety Partners turvakauppa palvelee verkossa 24\/7!","publisher":{"@id":"https:\/\/safetypartners.fi\/kauppa\/#organization"},"potentialAction":[{"@type":"SearchAction","target":{"@type":"EntryPoint","urlTemplate":"https:\/\/safetypartners.fi\/kauppa\/?s={search_term_string}"},"query-input":{"@type":"PropertyValueSpecification","valueRequired":true,"valueName":"search_term_string"}}],"inLanguage":"fi"},{"@type":"Organization","@id":"https:\/\/safetypartners.fi\/kauppa\/#organization","name":"Safety Partners | Suomen Sammutinpalvelu","url":"https:\/\/safetypartners.fi\/kauppa\/","logo":{"@type":"ImageObject","inLanguage":"fi","@id":"https:\/\/safetypartners.fi\/kauppa\/#\/schema\/logo\/image\/","url":"https:\/\/safetypartners.fi\/kauppa\/wp-content\/uploads\/2020\/05\/cropped-Logoke-1.jpg","contentUrl":"https:\/\/safetypartners.fi\/kauppa\/wp-content\/uploads\/2020\/05\/cropped-Logoke-1.jpg","width":847,"height":717,"caption":"Safety Partners | Suomen Sammutinpalvelu"},"image":{"@id":"https:\/\/safetypartners.fi\/kauppa\/#\/schema\/logo\/image\/"}}]}},"uagb_featured_image_src":{"full":["https:\/\/safetypartners.fi\/kauppa\/wp-content\/uploads\/2024\/10\/Paloturvasalkku.png",1012,822,false],"thumbnail":["https:\/\/safetypartners.fi\/kauppa\/wp-content\/uploads\/2024\/10\/Paloturvasalkku-150x150.png",150,150,true],"medium":["https:\/\/safetypartners.fi\/kauppa\/wp-content\/uploads\/2024\/10\/Paloturvasalkku-300x244.png",300,244,true],"medium_large":["https:\/\/safetypartners.fi\/kauppa\/wp-content\/uploads\/2024\/10\/Paloturvasalkku-768x624.png",768,624,true],"large":["https:\/\/safetypartners.fi\/kauppa\/wp-content\/uploads\/2024\/10\/Paloturvasalkku.png",1012,822,false],"1536x1536":["https:\/\/safetypartners.fi\/kauppa\/wp-content\/uploads\/2024\/10\/Paloturvasalkku.png",1012,822,false],"2048x2048":["https:\/\/safetypartners.fi\/kauppa\/wp-content\/uploads\/2024\/10\/Paloturvasalkku.png",1012,822,false],"woocommerce_thumbnail":["https:\/\/safetypartners.fi\/kauppa\/wp-content\/uploads\/2024\/10\/Paloturvasalkku-300x300.png",300,300,true],"woocommerce_single":["https:\/\/safetypartners.fi\/kauppa\/wp-content\/uploads\/2024\/10\/Paloturvasalkku-600x487.png",600,487,true],"woocommerce_gallery_thumbnail":["https:\/\/safetypartners.fi\/kauppa\/wp-content\/uploads\/2024\/10\/Paloturvasalkku-100x100.png",100,100,true]},"uagb_author_info":{"display_name":"Anu Lehto","author_link":"https:\/\/safetypartners.fi\/kauppa\/author"},"uagb_comment_info":0,"uagb_excerpt":"Palonkest\u00e4v\u00e4 Masterlock turvasalkku auttaa sinua pit\u00e4m\u00e4\u00e4n tavarasi j\u00e4rjestyksess\u00e4 ja antaa mielenrauhan, koska tied\u00e4t ett\u00e4 sinulle t\u00e4rkeimm\u00e4t esineet ovat turvassa. Turvasalkku on UL\/ETL paloluokiteltu dokumenteille, papereille ja digitaalisille tallentimille (CD, USB; 30 minuuttia max. 843 \u00b0C). Salkku on erinomainen suoja t\u00e4rkeille dokumenteille, kuten passeille, muistikorteille ja ulkoisille kovalevyille. ETL-sertifioitu salkku suojaa sis\u00e4lt\u00f6\u00e4 my\u00f6s vedelt\u00e4. Suurempaan MBG&hellip;","_links":{"self":[{"href":"https:\/\/safetypartners.fi\/kauppa\/wp-json\/wp\/v2\/product\/1957","targetHints":{"allow":["GET"]}}],"collection":[{"href":"https:\/\/safetypartners.fi\/kauppa\/wp-json\/wp\/v2\/product"}],"about":[{"href":"https:\/\/safetypartners.fi\/kauppa\/wp-json\/wp\/v2\/types\/product"}],"replies":[{"embeddable":true,"href":"https:\/\/safetypartners.fi\/kauppa\/wp-json\/wp\/v2\/comments?post=1957"}],"version-history":[{"count":5,"href":"https:\/\/safetypartners.fi\/kauppa\/wp-json\/wp\/v2\/product\/1957\/revisions"}],"predecessor-version":[{"id":2468,"href":"https:\/\/safetypartners.fi\/kauppa\/wp-json\/wp\/v2\/product\/1957\/revisions\/2468"}],"wp:featuredmedia":[{"embeddable":true,"href":"https:\/\/safetypartners.fi\/kauppa\/wp-json\/wp\/v2\/media\/1959"}],"wp:attachment":[{"href":"https:\/\/safetypartners.fi\/kauppa\/wp-json\/wp\/v2\/media?parent=1957"}],"wp:term":[{"taxonomy":"product_brand","embeddable":true,"href":"https:\/\/safetypartners.fi\/kauppa\/wp-json\/wp\/v2\/product_brand?post=1957"},{"taxonomy":"product_cat","embeddable":true,"href":"https:\/\/safetypartners.fi\/kauppa\/wp-json\/wp\/v2\/product_cat?post=1957"},{"taxonomy":"product_tag","embeddable":true,"href":"https:\/\/safetypartners.fi\/kauppa\/wp-json\/wp\/v2\/product_tag?post=1957"}],"curies":[{"name":"wp","href":"https:\/\/api.w.org\/{rel}","templated":true}]}}