{"id":1971,"date":"2024-10-11T13:21:36","date_gmt":"2024-10-11T10:21:36","guid":{"rendered":"https:\/\/safetypartners.fi\/kauppa\/?post_type=product&#038;p=1971"},"modified":"2025-08-20T13:27:24","modified_gmt":"2025-08-20T10:27:24","slug":"sammutuspeite-sahkopyorille-ja-potkulaudoille","status":"publish","type":"product","link":"https:\/\/safetypartners.fi\/kauppa\/tuote\/sammutuspeite-sahkopyorille-ja-potkulaudoille","title":{"rendered":"Sammutuspeite s\u00e4hk\u00f6py\u00f6rille ja potkulaudoille"},"content":{"rendered":"<ul>\n<li>Eritt\u00e4in korkea l\u00e4mm\u00f6nkesto (jopa 1300\u00b0C)<\/li>\n<li>Tukahduttaa tulipaloa<\/li>\n<li>Nopea k\u00e4ytt\u00f6 v\u00e4hent\u00e4\u00e4 kemiallisia riskej\u00e4 ja myrkyllisten h\u00f6yryjen levi\u00e4mist\u00e4<\/li>\n<li>Suojaa litiumin aiheuttamilta roiskeilta akun palaessa tai r\u00e4j\u00e4hdelless\u00e4<\/li>\n<li>Minimoi ymp\u00e4r\u00f6iv\u00e4n ymp\u00e4rist\u00f6n vahingot<\/li>\n<li>Peitto on pakattu helppok\u00e4ytt\u00f6iseen s\u00e4ilytyspussiin<\/li>\n<li>KIWA sertifioitu No. 4034\/2024<\/li>\n<li>Suositellaan enint\u00e4\u00e4n 900Wh-akuille<\/li>\n<li>EN 1869:2019 -sertifioitu<\/li>\n<\/ul>\n<p><strong>Sammutuspeitteen k\u00e4ytt\u00f6 ulkona:<\/strong><\/p>\n<p>&#8211; Ved\u00e4 peite kahdesta nauhasta vet\u00e4m\u00e4ll\u00e4 ulos ja levit\u00e4 kunnolla auki, pysyen turvallisen et\u00e4isyyden p\u00e4\u00e4ss\u00e4 palavasta kohteesta.<\/p>\n<p>&#8211; Ota peitteen nurkista tukeva ote ja k\u00e4\u00e4nn\u00e4 k\u00e4tesi peitteen suojaan.<\/p>\n<p>&#8211; Paloa l\u00e4hestyess\u00e4si, ojenna k\u00e4det suoraan eteenp\u00e4in ja n\u00e4in saat suojakilven tulelta ja savulta.<\/p>\n<p>&#8211; Laita toinen jalka peitteen helman p\u00e4\u00e4lle ja <strong>l\u00e4hesty paloa tuulen suunnasta<\/strong>, v\u00e4ltt\u00e4en joutumasta suoraan savun linjalle.<\/p>\n<p>&#8211; Mene mahdollisimman l\u00e4helle palavaa kohdetta, levit\u00e4 sammustuspeite palon p\u00e4\u00e4lle, irrota ote peitteest\u00e4 ja per\u00e4\u00e4nny.<\/p>\n<p>&#8211; Vet\u00e4ydy turvallisen et\u00e4isyyden p\u00e4\u00e4h\u00e4n soittamaan lis\u00e4apua numerosta <span style=\"color: #ff0000;\"><strong>112<\/strong><\/span>.<\/p>\n<p>&#8211; Tarkkaile tilannetta ja jatka sammuttamista muilla alkusammuttimilla, jos niit\u00e4 on saatavilla.<br \/>\nOta huomioon my\u00f6s ymp\u00e4rist\u00f6 ja kastele l\u00e4hell\u00e4 esiintyv\u00e4\u00e4 kasvillisuutta\/syttymisvaarassa olevia materiaaleja, mik\u00e4li mahdollista.<\/p>\n","protected":false},"excerpt":{"rendered":"<p><strong>Sammutuspeite s\u00e4hk\u00f6py\u00f6rille ja -potkulaudoille <\/strong>hidastaa litiumioniakuissa syttyvi\u00e4 tulipaloja turvallisesti ja tehokkaasti. LI-ION-akkupaloille erityisesti suunniteltu sammutuspeite on helppo ja monik\u00e4ytt\u00f6inen sammutustapa. Peite on valmistettu materiaaleista, joilla on huomattavan korkea l\u00e4mm\u00f6nkest\u00e4vyys mutta alhainen l\u00e4mm\u00f6njohtavuus. LI-ION-sammutuspeite erist\u00e4\u00e4 tehokkaasti akkukennot, est\u00e4en n\u00e4in tulipalon laajenemisen ja levi\u00e4misen.<\/p>\n<p>Tavallinen sammutuspeite ei kest\u00e4 litiumioniakkupalon tuottamaa l\u00e4mp\u00f6\u00e4, vaan palaa nopeasti l\u00e4pi. Vaikeasti sammutettava ja helposti r\u00e4j\u00e4htelev\u00e4 litiumioniakkupalo voi sytty\u00e4 uudelleenladattavaa litiumioniakkua k\u00e4ytt\u00e4vist\u00e4 laitteista, kuten s\u00e4hk\u00f6py\u00f6r\u00e4st\u00e4 tai potkulaudasta. Nopea toiminta est\u00e4\u00e4 loukkaantumiset ja tulipalon laajenemisen.<\/p>\n<p>Saatavilla kaksi kokoa: 300 x 300 cm ja 300 x 400 cm.<\/p>\n<p>Katso my\u00f6s <a href=\"https:\/\/safetypartners.fi\/kauppa\/tuote\/sammutuspeite-litiumioniakkupalolle\">koti- ja toimistok\u00e4ytt\u00f6\u00f6n<\/a> sek\u00e4 <a href=\"https:\/\/safetypartners.fi\/kauppa\/tuote\/auton-sammutuspeite\">autoille<\/a> r\u00e4\u00e4t\u00e4l\u00f6idyt sammutuspeitteet.<\/p>\n<p><strong>HUOM! Tuotteella on 7-10 ty\u00f6p\u00e4iv\u00e4n toimitusaika.<\/strong><\/p>\n<p>Valitse kahdesta koosta sopiva:<\/p>\n","protected":false},"featured_media":1972,"comment_status":"open","ping_status":"closed","template":"","meta":{"_uag_custom_page_level_css":"","site-sidebar-layout":"default","site-content-layout":"","ast-site-content-layout":"default","site-content-style":"default","site-sidebar-style":"default","ast-global-header-display":"","ast-banner-title-visibility":"","ast-main-header-display":"","ast-hfb-above-header-display":"","ast-hfb-below-header-display":"","ast-hfb-mobile-header-display":"","site-post-title":"","ast-breadcrumbs-content":"","ast-featured-img":"","footer-sml-layout":"","ast-disable-related-posts":"","theme-transparent-header-meta":"default","adv-header-id-meta":"","stick-header-meta":"default","header-above-stick-meta":"","header-main-stick-meta":"","header-below-stick-meta":"","astra-migrate-meta-layouts":"set","ast-page-background-enabled":"default","ast-page-background-meta":{"desktop":{"background-color":"","background-image":"","background-repeat":"repeat","background-position":"center center","background-size":"auto","background-attachment":"scroll","background-type":"","background-media":"","overlay-type":"","overlay-color":"","overlay-opacity":"","overlay-gradient":""},"tablet":{"background-color":"","background-image":"","background-repeat":"repeat","background-position":"center center","background-size":"auto","background-attachment":"scroll","background-type":"","background-media":"","overlay-type":"","overlay-color":"","overlay-opacity":"","overlay-gradient":""},"mobile":{"background-color":"","background-image":"","background-repeat":"repeat","background-position":"center center","background-size":"auto","background-attachment":"scroll","background-type":"","background-media":"","overlay-type":"","overlay-color":"","overlay-opacity":"","overlay-gradient":""}},"ast-content-background-meta":{"desktop":{"background-color":"var(--ast-global-color-5)","background-image":"","background-repeat":"repeat","background-position":"center center","background-size":"auto","background-attachment":"scroll","background-type":"","background-media":"","overlay-type":"","overlay-color":"","overlay-opacity":"","overlay-gradient":""},"tablet":{"background-color":"var(--ast-global-color-5)","background-image":"","background-repeat":"repeat","background-position":"center center","background-size":"auto","background-attachment":"scroll","background-type":"","background-media":"","overlay-type":"","overlay-color":"","overlay-opacity":"","overlay-gradient":""},"mobile":{"background-color":"var(--ast-global-color-5)","background-image":"","background-repeat":"repeat","background-position":"center center","background-size":"auto","background-attachment":"scroll","background-type":"","background-media":"","overlay-type":"","overlay-color":"","overlay-opacity":"","overlay-gradient":""}}},"product_brand":[],"product_cat":[15,30,43,550],"product_tag":[279,637,618,651,652,636,650,513,649,634],"class_list":{"0":"post-1971","1":"product","2":"type-product","3":"status-publish","4":"has-post-thumbnail","6":"product_cat-yleinen","7":"product_cat-paloturvallisuus","8":"product_cat-sahkoturvallisuus","9":"product_cat-sammutuspeitteet","10":"product_tag-akkupalo","11":"product_tag-li-ion-akkupalo","12":"product_tag-peite","13":"product_tag-potkulauta","14":"product_tag-sahkopotkulauta","15":"product_tag-sahkopyora","16":"product_tag-sammutus","17":"product_tag-sammutuspeite","18":"product_tag-sammutuspeite-sahkopyorille-ja-potkulaudoille","19":"product_tag-tulipalo","20":"product_shipping_class-suomi","21":"desktop-align-center","22":"tablet-align-center","23":"mobile-align-center","24":"ast-product-gallery-layout-horizontal-slider","25":"ast-product-single-variable","26":"ast-product-tabs-layout-horizontal","28":"first","29":"instock","30":"taxable","31":"shipping-taxable","32":"purchasable","33":"product-type-variable"},"yoast_head":"<!-- This site is optimized with the Yoast SEO plugin v27.3 - https:\/\/yoast.com\/product\/yoast-seo-wordpress\/ -->\n<title>Sammutuspeite s\u00e4hk\u00f6py\u00f6rille ja potkulaudoille - Safety Partners<\/title>\n<meta name=\"description\" content=\"LI-ION-sammutuspeitteell\u00e4 on korkea l\u00e4mm\u00f6nkest\u00e4vyys mutta alhainen l\u00e4mm\u00f6njohtavuus. Sammutuspeitteen k\u00e4ytt\u00f6 est\u00e4\u00e4 tulipalon laajenemisen ja levi\u00e4misen.\" \/>\n<meta name=\"robots\" content=\"index, follow, max-snippet:-1, max-image-preview:large, max-video-preview:-1\" \/>\n<link rel=\"canonical\" href=\"https:\/\/safetypartners.fi\/kauppa\/tuote\/sammutuspeite-sahkopyorille-ja-potkulaudoille\" \/>\n<meta property=\"og:locale\" content=\"fi_FI\" \/>\n<meta property=\"og:type\" content=\"article\" \/>\n<meta property=\"og:title\" content=\"Sammutuspeite s\u00e4hk\u00f6py\u00f6rille ja potkulaudoille - Safety Partners\" \/>\n<meta property=\"og:description\" content=\"LI-ION-sammutuspeitteell\u00e4 on korkea l\u00e4mm\u00f6nkest\u00e4vyys mutta alhainen l\u00e4mm\u00f6njohtavuus. Sammutuspeitteen k\u00e4ytt\u00f6 est\u00e4\u00e4 tulipalon laajenemisen ja levi\u00e4misen.\" \/>\n<meta property=\"og:url\" content=\"https:\/\/safetypartners.fi\/kauppa\/tuote\/sammutuspeite-sahkopyorille-ja-potkulaudoille\" \/>\n<meta property=\"og:site_name\" content=\"Safety Partners\" \/>\n<meta property=\"article:modified_time\" content=\"2025-08-20T10:27:24+00:00\" \/>\n<meta property=\"og:image\" content=\"https:\/\/safetypartners.fi\/kauppa\/wp-content\/uploads\/2024\/10\/Sammutuspeite-sahkopyorille-ja-potkulaudoille-.png\" \/>\n\t<meta property=\"og:image:width\" content=\"1008\" \/>\n\t<meta property=\"og:image:height\" content=\"980\" \/>\n\t<meta property=\"og:image:type\" content=\"image\/png\" \/>\n<meta name=\"twitter:card\" content=\"summary_large_image\" \/>\n<meta name=\"twitter:label1\" content=\"Arvioitu lukuaika\" \/>\n\t<meta name=\"twitter:data1\" content=\"2 minuuttia\" \/>\n<script type=\"application\/ld+json\" class=\"yoast-schema-graph\">{\"@context\":\"https:\\\/\\\/schema.org\",\"@graph\":[{\"@type\":\"WebPage\",\"@id\":\"https:\\\/\\\/safetypartners.fi\\\/kauppa\\\/tuote\\\/sammutuspeite-sahkopyorille-ja-potkulaudoille\",\"url\":\"https:\\\/\\\/safetypartners.fi\\\/kauppa\\\/tuote\\\/sammutuspeite-sahkopyorille-ja-potkulaudoille\",\"name\":\"Sammutuspeite s\u00e4hk\u00f6py\u00f6rille ja potkulaudoille - Safety Partners\",\"isPartOf\":{\"@id\":\"https:\\\/\\\/safetypartners.fi\\\/kauppa\\\/#website\"},\"primaryImageOfPage\":{\"@id\":\"https:\\\/\\\/safetypartners.fi\\\/kauppa\\\/tuote\\\/sammutuspeite-sahkopyorille-ja-potkulaudoille#primaryimage\"},\"image\":{\"@id\":\"https:\\\/\\\/safetypartners.fi\\\/kauppa\\\/tuote\\\/sammutuspeite-sahkopyorille-ja-potkulaudoille#primaryimage\"},\"thumbnailUrl\":\"https:\\\/\\\/safetypartners.fi\\\/kauppa\\\/wp-content\\\/uploads\\\/2024\\\/10\\\/Sammutuspeite-sahkopyorille-ja-potkulaudoille-.png\",\"datePublished\":\"2024-10-11T10:21:36+00:00\",\"dateModified\":\"2025-08-20T10:27:24+00:00\",\"description\":\"LI-ION-sammutuspeitteell\u00e4 on korkea l\u00e4mm\u00f6nkest\u00e4vyys mutta alhainen l\u00e4mm\u00f6njohtavuus. Sammutuspeitteen k\u00e4ytt\u00f6 est\u00e4\u00e4 tulipalon laajenemisen ja levi\u00e4misen.\",\"breadcrumb\":{\"@id\":\"https:\\\/\\\/safetypartners.fi\\\/kauppa\\\/tuote\\\/sammutuspeite-sahkopyorille-ja-potkulaudoille#breadcrumb\"},\"inLanguage\":\"fi\",\"potentialAction\":[{\"@type\":\"ReadAction\",\"target\":[\"https:\\\/\\\/safetypartners.fi\\\/kauppa\\\/tuote\\\/sammutuspeite-sahkopyorille-ja-potkulaudoille\"]}]},{\"@type\":\"ImageObject\",\"inLanguage\":\"fi\",\"@id\":\"https:\\\/\\\/safetypartners.fi\\\/kauppa\\\/tuote\\\/sammutuspeite-sahkopyorille-ja-potkulaudoille#primaryimage\",\"url\":\"https:\\\/\\\/safetypartners.fi\\\/kauppa\\\/wp-content\\\/uploads\\\/2024\\\/10\\\/Sammutuspeite-sahkopyorille-ja-potkulaudoille-.png\",\"contentUrl\":\"https:\\\/\\\/safetypartners.fi\\\/kauppa\\\/wp-content\\\/uploads\\\/2024\\\/10\\\/Sammutuspeite-sahkopyorille-ja-potkulaudoille-.png\",\"width\":1008,\"height\":980,\"caption\":\"Sammutuspeite s\u00e4hk\u00f6py\u00f6rille ja potkulaudoille\"},{\"@type\":\"BreadcrumbList\",\"@id\":\"https:\\\/\\\/safetypartners.fi\\\/kauppa\\\/tuote\\\/sammutuspeite-sahkopyorille-ja-potkulaudoille#breadcrumb\",\"itemListElement\":[{\"@type\":\"ListItem\",\"position\":1,\"name\":\"Home\",\"item\":\"https:\\\/\\\/safetypartners.fi\\\/kauppa\\\/\"},{\"@type\":\"ListItem\",\"position\":2,\"name\":\"Kauppa\",\"item\":\"https:\\\/\\\/safetypartners.fi\\\/kauppa\\\/kauppa\"},{\"@type\":\"ListItem\",\"position\":3,\"name\":\"Sammutuspeite s\u00e4hk\u00f6py\u00f6rille ja potkulaudoille\"}]},{\"@type\":\"WebSite\",\"@id\":\"https:\\\/\\\/safetypartners.fi\\\/kauppa\\\/#website\",\"url\":\"https:\\\/\\\/safetypartners.fi\\\/kauppa\\\/\",\"name\":\"Safety Partners\",\"description\":\"Safety Partners turvakauppa palvelee verkossa 24\\\/7!\",\"publisher\":{\"@id\":\"https:\\\/\\\/safetypartners.fi\\\/kauppa\\\/#organization\"},\"potentialAction\":[{\"@type\":\"SearchAction\",\"target\":{\"@type\":\"EntryPoint\",\"urlTemplate\":\"https:\\\/\\\/safetypartners.fi\\\/kauppa\\\/?s={search_term_string}\"},\"query-input\":{\"@type\":\"PropertyValueSpecification\",\"valueRequired\":true,\"valueName\":\"search_term_string\"}}],\"inLanguage\":\"fi\"},{\"@type\":\"Organization\",\"@id\":\"https:\\\/\\\/safetypartners.fi\\\/kauppa\\\/#organization\",\"name\":\"Safety Partners | Suomen Sammutinpalvelu\",\"url\":\"https:\\\/\\\/safetypartners.fi\\\/kauppa\\\/\",\"logo\":{\"@type\":\"ImageObject\",\"inLanguage\":\"fi\",\"@id\":\"https:\\\/\\\/safetypartners.fi\\\/kauppa\\\/#\\\/schema\\\/logo\\\/image\\\/\",\"url\":\"https:\\\/\\\/safetypartners.fi\\\/kauppa\\\/wp-content\\\/uploads\\\/2020\\\/05\\\/cropped-Logoke-1.jpg\",\"contentUrl\":\"https:\\\/\\\/safetypartners.fi\\\/kauppa\\\/wp-content\\\/uploads\\\/2020\\\/05\\\/cropped-Logoke-1.jpg\",\"width\":847,\"height\":717,\"caption\":\"Safety Partners | Suomen Sammutinpalvelu\"},\"image\":{\"@id\":\"https:\\\/\\\/safetypartners.fi\\\/kauppa\\\/#\\\/schema\\\/logo\\\/image\\\/\"}}]}<\/script>\n<!-- \/ Yoast SEO plugin. -->","yoast_head_json":{"title":"Sammutuspeite s\u00e4hk\u00f6py\u00f6rille ja potkulaudoille - Safety Partners","description":"LI-ION-sammutuspeitteell\u00e4 on korkea l\u00e4mm\u00f6nkest\u00e4vyys mutta alhainen l\u00e4mm\u00f6njohtavuus. Sammutuspeitteen k\u00e4ytt\u00f6 est\u00e4\u00e4 tulipalon laajenemisen ja levi\u00e4misen.","robots":{"index":"index","follow":"follow","max-snippet":"max-snippet:-1","max-image-preview":"max-image-preview:large","max-video-preview":"max-video-preview:-1"},"canonical":"https:\/\/safetypartners.fi\/kauppa\/tuote\/sammutuspeite-sahkopyorille-ja-potkulaudoille","og_locale":"fi_FI","og_type":"article","og_title":"Sammutuspeite s\u00e4hk\u00f6py\u00f6rille ja potkulaudoille - Safety Partners","og_description":"LI-ION-sammutuspeitteell\u00e4 on korkea l\u00e4mm\u00f6nkest\u00e4vyys mutta alhainen l\u00e4mm\u00f6njohtavuus. Sammutuspeitteen k\u00e4ytt\u00f6 est\u00e4\u00e4 tulipalon laajenemisen ja levi\u00e4misen.","og_url":"https:\/\/safetypartners.fi\/kauppa\/tuote\/sammutuspeite-sahkopyorille-ja-potkulaudoille","og_site_name":"Safety Partners","article_modified_time":"2025-08-20T10:27:24+00:00","og_image":[{"width":1008,"height":980,"url":"https:\/\/safetypartners.fi\/kauppa\/wp-content\/uploads\/2024\/10\/Sammutuspeite-sahkopyorille-ja-potkulaudoille-.png","type":"image\/png"}],"twitter_card":"summary_large_image","twitter_misc":{"Arvioitu lukuaika":"2 minuuttia"},"schema":{"@context":"https:\/\/schema.org","@graph":[{"@type":"WebPage","@id":"https:\/\/safetypartners.fi\/kauppa\/tuote\/sammutuspeite-sahkopyorille-ja-potkulaudoille","url":"https:\/\/safetypartners.fi\/kauppa\/tuote\/sammutuspeite-sahkopyorille-ja-potkulaudoille","name":"Sammutuspeite s\u00e4hk\u00f6py\u00f6rille ja potkulaudoille - Safety Partners","isPartOf":{"@id":"https:\/\/safetypartners.fi\/kauppa\/#website"},"primaryImageOfPage":{"@id":"https:\/\/safetypartners.fi\/kauppa\/tuote\/sammutuspeite-sahkopyorille-ja-potkulaudoille#primaryimage"},"image":{"@id":"https:\/\/safetypartners.fi\/kauppa\/tuote\/sammutuspeite-sahkopyorille-ja-potkulaudoille#primaryimage"},"thumbnailUrl":"https:\/\/safetypartners.fi\/kauppa\/wp-content\/uploads\/2024\/10\/Sammutuspeite-sahkopyorille-ja-potkulaudoille-.png","datePublished":"2024-10-11T10:21:36+00:00","dateModified":"2025-08-20T10:27:24+00:00","description":"LI-ION-sammutuspeitteell\u00e4 on korkea l\u00e4mm\u00f6nkest\u00e4vyys mutta alhainen l\u00e4mm\u00f6njohtavuus. Sammutuspeitteen k\u00e4ytt\u00f6 est\u00e4\u00e4 tulipalon laajenemisen ja levi\u00e4misen.","breadcrumb":{"@id":"https:\/\/safetypartners.fi\/kauppa\/tuote\/sammutuspeite-sahkopyorille-ja-potkulaudoille#breadcrumb"},"inLanguage":"fi","potentialAction":[{"@type":"ReadAction","target":["https:\/\/safetypartners.fi\/kauppa\/tuote\/sammutuspeite-sahkopyorille-ja-potkulaudoille"]}]},{"@type":"ImageObject","inLanguage":"fi","@id":"https:\/\/safetypartners.fi\/kauppa\/tuote\/sammutuspeite-sahkopyorille-ja-potkulaudoille#primaryimage","url":"https:\/\/safetypartners.fi\/kauppa\/wp-content\/uploads\/2024\/10\/Sammutuspeite-sahkopyorille-ja-potkulaudoille-.png","contentUrl":"https:\/\/safetypartners.fi\/kauppa\/wp-content\/uploads\/2024\/10\/Sammutuspeite-sahkopyorille-ja-potkulaudoille-.png","width":1008,"height":980,"caption":"Sammutuspeite s\u00e4hk\u00f6py\u00f6rille ja potkulaudoille"},{"@type":"BreadcrumbList","@id":"https:\/\/safetypartners.fi\/kauppa\/tuote\/sammutuspeite-sahkopyorille-ja-potkulaudoille#breadcrumb","itemListElement":[{"@type":"ListItem","position":1,"name":"Home","item":"https:\/\/safetypartners.fi\/kauppa\/"},{"@type":"ListItem","position":2,"name":"Kauppa","item":"https:\/\/safetypartners.fi\/kauppa\/kauppa"},{"@type":"ListItem","position":3,"name":"Sammutuspeite s\u00e4hk\u00f6py\u00f6rille ja potkulaudoille"}]},{"@type":"WebSite","@id":"https:\/\/safetypartners.fi\/kauppa\/#website","url":"https:\/\/safetypartners.fi\/kauppa\/","name":"Safety Partners","description":"Safety Partners turvakauppa palvelee verkossa 24\/7!","publisher":{"@id":"https:\/\/safetypartners.fi\/kauppa\/#organization"},"potentialAction":[{"@type":"SearchAction","target":{"@type":"EntryPoint","urlTemplate":"https:\/\/safetypartners.fi\/kauppa\/?s={search_term_string}"},"query-input":{"@type":"PropertyValueSpecification","valueRequired":true,"valueName":"search_term_string"}}],"inLanguage":"fi"},{"@type":"Organization","@id":"https:\/\/safetypartners.fi\/kauppa\/#organization","name":"Safety Partners | Suomen Sammutinpalvelu","url":"https:\/\/safetypartners.fi\/kauppa\/","logo":{"@type":"ImageObject","inLanguage":"fi","@id":"https:\/\/safetypartners.fi\/kauppa\/#\/schema\/logo\/image\/","url":"https:\/\/safetypartners.fi\/kauppa\/wp-content\/uploads\/2020\/05\/cropped-Logoke-1.jpg","contentUrl":"https:\/\/safetypartners.fi\/kauppa\/wp-content\/uploads\/2020\/05\/cropped-Logoke-1.jpg","width":847,"height":717,"caption":"Safety Partners | Suomen Sammutinpalvelu"},"image":{"@id":"https:\/\/safetypartners.fi\/kauppa\/#\/schema\/logo\/image\/"}}]}},"uagb_featured_image_src":{"full":["https:\/\/safetypartners.fi\/kauppa\/wp-content\/uploads\/2024\/10\/Sammutuspeite-sahkopyorille-ja-potkulaudoille-.png",1008,980,false],"thumbnail":["https:\/\/safetypartners.fi\/kauppa\/wp-content\/uploads\/2024\/10\/Sammutuspeite-sahkopyorille-ja-potkulaudoille--150x150.png",150,150,true],"medium":["https:\/\/safetypartners.fi\/kauppa\/wp-content\/uploads\/2024\/10\/Sammutuspeite-sahkopyorille-ja-potkulaudoille--300x292.png",300,292,true],"medium_large":["https:\/\/safetypartners.fi\/kauppa\/wp-content\/uploads\/2024\/10\/Sammutuspeite-sahkopyorille-ja-potkulaudoille--768x747.png",768,747,true],"large":["https:\/\/safetypartners.fi\/kauppa\/wp-content\/uploads\/2024\/10\/Sammutuspeite-sahkopyorille-ja-potkulaudoille-.png",1008,980,false],"1536x1536":["https:\/\/safetypartners.fi\/kauppa\/wp-content\/uploads\/2024\/10\/Sammutuspeite-sahkopyorille-ja-potkulaudoille-.png",1008,980,false],"2048x2048":["https:\/\/safetypartners.fi\/kauppa\/wp-content\/uploads\/2024\/10\/Sammutuspeite-sahkopyorille-ja-potkulaudoille-.png",1008,980,false],"woocommerce_thumbnail":["https:\/\/safetypartners.fi\/kauppa\/wp-content\/uploads\/2024\/10\/Sammutuspeite-sahkopyorille-ja-potkulaudoille--300x300.png",300,300,true],"woocommerce_single":["https:\/\/safetypartners.fi\/kauppa\/wp-content\/uploads\/2024\/10\/Sammutuspeite-sahkopyorille-ja-potkulaudoille--600x583.png",600,583,true],"woocommerce_gallery_thumbnail":["https:\/\/safetypartners.fi\/kauppa\/wp-content\/uploads\/2024\/10\/Sammutuspeite-sahkopyorille-ja-potkulaudoille--100x100.png",100,100,true]},"uagb_author_info":{"display_name":"Anu Lehto","author_link":"https:\/\/safetypartners.fi\/kauppa\/author"},"uagb_comment_info":0,"uagb_excerpt":"Sammutuspeite s\u00e4hk\u00f6py\u00f6rille ja -potkulaudoille hidastaa litiumioniakuissa syttyvi\u00e4 tulipaloja turvallisesti ja tehokkaasti. LI-ION-akkupaloille erityisesti suunniteltu sammutuspeite on helppo ja monik\u00e4ytt\u00f6inen sammutustapa. Peite on valmistettu materiaaleista, joilla on huomattavan korkea l\u00e4mm\u00f6nkest\u00e4vyys mutta alhainen l\u00e4mm\u00f6njohtavuus. LI-ION-sammutuspeite erist\u00e4\u00e4 tehokkaasti akkukennot, est\u00e4en n\u00e4in tulipalon laajenemisen ja levi\u00e4misen. Tavallinen sammutuspeite ei kest\u00e4 litiumioniakkupalon tuottamaa l\u00e4mp\u00f6\u00e4, vaan palaa nopeasti l\u00e4pi. Vaikeasti sammutettava&hellip;","_links":{"self":[{"href":"https:\/\/safetypartners.fi\/kauppa\/wp-json\/wp\/v2\/product\/1971","targetHints":{"allow":["GET"]}}],"collection":[{"href":"https:\/\/safetypartners.fi\/kauppa\/wp-json\/wp\/v2\/product"}],"about":[{"href":"https:\/\/safetypartners.fi\/kauppa\/wp-json\/wp\/v2\/types\/product"}],"replies":[{"embeddable":true,"href":"https:\/\/safetypartners.fi\/kauppa\/wp-json\/wp\/v2\/comments?post=1971"}],"version-history":[{"count":4,"href":"https:\/\/safetypartners.fi\/kauppa\/wp-json\/wp\/v2\/product\/1971\/revisions"}],"predecessor-version":[{"id":2914,"href":"https:\/\/safetypartners.fi\/kauppa\/wp-json\/wp\/v2\/product\/1971\/revisions\/2914"}],"wp:featuredmedia":[{"embeddable":true,"href":"https:\/\/safetypartners.fi\/kauppa\/wp-json\/wp\/v2\/media\/1972"}],"wp:attachment":[{"href":"https:\/\/safetypartners.fi\/kauppa\/wp-json\/wp\/v2\/media?parent=1971"}],"wp:term":[{"taxonomy":"product_brand","embeddable":true,"href":"https:\/\/safetypartners.fi\/kauppa\/wp-json\/wp\/v2\/product_brand?post=1971"},{"taxonomy":"product_cat","embeddable":true,"href":"https:\/\/safetypartners.fi\/kauppa\/wp-json\/wp\/v2\/product_cat?post=1971"},{"taxonomy":"product_tag","embeddable":true,"href":"https:\/\/safetypartners.fi\/kauppa\/wp-json\/wp\/v2\/product_tag?post=1971"}],"curies":[{"name":"wp","href":"https:\/\/api.w.org\/{rel}","templated":true}]}}