{"id":1977,"date":"2024-10-11T14:05:55","date_gmt":"2024-10-11T11:05:55","guid":{"rendered":"https:\/\/safetypartners.fi\/kauppa\/?post_type=product&#038;p=1977"},"modified":"2025-08-20T13:30:22","modified_gmt":"2025-08-20T10:30:22","slug":"auton-sammutuspeite","status":"publish","type":"product","link":"https:\/\/safetypartners.fi\/kauppa\/tuote\/auton-sammutuspeite","title":{"rendered":"Auton sammutuspeite"},"content":{"rendered":"<p><strong>Auton sammutuspeitteelle sopivat kohteet:<br \/>\n<\/strong><\/p>\n<ul>\n<li>pelastuspalvelut<\/li>\n<li>pys\u00e4k\u00f6intihallit, autoparkit, ostoskeskukset, hotellien pys\u00e4k\u00f6intialueet, tunnelit<\/li>\n<li>matkustajalauttojen autokannet<\/li>\n<li>autojen lataus- ja tankkausasemat<\/li>\n<li>autoalan yritykset, huoltoasemat ja korjaamot<\/li>\n<li>autoliikkeet ja -vuokraamot<\/li>\n<\/ul>\n<p><strong>Huom: Suojalaukku\/kotelo ei sis\u00e4lly sammutuspeitteen hintaan.<\/strong> L\u00f6yd\u00e4t erikseen myyt\u00e4v\u00e4n <a href=\"https:\/\/safetypartners.fi\/kauppa\/tuote\/fire-blanket-suojalaukku\">suojalaukun t\u00e4\u00e4lt\u00e4<\/a>.<\/p>\n<p>LI-ION-sammutuspeitteen k\u00e4ytt\u00f6 auton savutessa:<\/p>\n<p><strong>Noudata ehdotonta varovaisuutta!<\/strong> <em>Savuavan<\/em> auton p\u00e4\u00e4lle sammutuspeitteen levitt\u00e4minen onnistuu ripe\u00e4sti ja varovaisuutta noudattaen. Palavasta autosta tulee sen sijaan ottaa runsaasti et\u00e4isyytt\u00e4 ja j\u00e4tt\u00e4\u00e4 sammutustoimet pelastajille. Mik\u00e4li k\u00e4sill\u00e4 on turvallisesti saatavilla vett\u00e4 tai k\u00e4sisammuttimia, pyri kastelemaan palavaa ajoneuvoa ja sen ymp\u00e4rist\u00f6\u00e4 turvaet\u00e4isyyden takaa.<\/p>\n<p>1) Aseta peitto maahan, turvallisen et\u00e4isyyden p\u00e4\u00e4h\u00e4n autosta.<\/p>\n<p>2) Pyyd\u00e4 joku auttamaan. Suuri sammutuspeite on raskas ja huomattavasti helpompi ja turvallisempi levitt\u00e4\u00e4 auton yli kaksin kuin yksin.<\/p>\n<p>3) Ota tuulen suunta huomioon, ja pysy poissa savun ja mahdollisten liekkien tielt\u00e4.<\/p>\n<p>4) Ved\u00e4 peitto auton p\u00e4\u00e4lle ja varmista sitten, ett\u00e4 reunat ovat joka puolelta suljettu tiiviisti.<\/p>\n<p>5) Vet\u00e4ydy turvallisen et\u00e4isyyden p\u00e4\u00e4h\u00e4n soittamaan lis\u00e4apua numerosta <strong>112<\/strong>.<\/p>\n<p>6) Tarkkaile tilannetta ja odota palokuntaa. Pelastajat poistavat peiton auton p\u00e4\u00e4lt\u00e4.<\/p>\n<p><strong>Sammutuspeitteen ominaisuudet:<\/strong><\/p>\n<ul>\n<li>Eritt\u00e4in korkea l\u00e4mm\u00f6nkesto: kuumansuojaus 1000\u00b0C, jopa 1300\u00b0C hetkellisesti<\/li>\n<li>Tukahduttaa tulipaloa ja est\u00e4\u00e4 sen levi\u00e4mist\u00e4<\/li>\n<li>Nopea k\u00e4ytt\u00f6 v\u00e4hent\u00e4\u00e4 kemiallisia riskej\u00e4 ja myrkyllisten h\u00f6yryjen levi\u00e4mist\u00e4<\/li>\n<li>Suojaa litiumin aiheuttamilta roiskeilta akun palaessa tai r\u00e4j\u00e4hdelless\u00e4<\/li>\n<li>Minimoi ymp\u00e4rist\u00f6n vahingot<\/li>\n<li>KIWA sertifioitu Nr. 3849\/2023 LVS1071:2022 (car fire blankets)<\/li>\n<li>EN13501-1; EN ISO1716; EN 13823 -sertifioitu<\/li>\n<\/ul>\n<p>Suositellaan s\u00e4ilytett\u00e4v\u00e4n <a href=\"https:\/\/safetypartners.fi\/kauppa\/tuote\/fire-blanket-suojalaukku\">punaisessa Fire blanket-repussa<\/a> tai metallisessa sein\u00e4kotelossa.<\/p>\n","protected":false},"excerpt":{"rendered":"<p><strong>Sammutuspeite s\u00e4hk\u00f6-, hybridi- ja polttomoottoriautoille\u00a0<\/strong>v\u00e4hent\u00e4\u00e4 palavan ajoneuvon aiheuttamaa vaaraa rakennuksille ja muille ajoneuvoille. Savuvahinkojen lis\u00e4ksi sammutuspeitteen ripe\u00e4 k\u00e4ytt\u00f6 auttaa est\u00e4m\u00e4\u00e4n palon levi\u00e4misen ja tukahduttaa tulen mahdollisimman nopeasti.<\/p>\n<p>Kaikille autopaloille suunniteltu peite sopii erityisen hyvin s\u00e4hk\u00f6autojen tulipalojen tukahduttamiseen. Ajoneuvon peitt\u00e4minen sammutuspeitteell\u00e4 rajoittaa liekkien levi\u00e4mist\u00e4 ja v\u00e4hent\u00e4\u00e4 myrkyllisten poistokaasujen vapautumista ymp\u00e4rist\u00f6\u00f6n ja hengitysilmaan. Sammutuspeite suositellaan s\u00e4ilytett\u00e4v\u00e4n erikseen myyt\u00e4v\u00e4ss\u00e4 <a href=\"https:\/\/safetypartners.fi\/kauppa\/tuote\/fire-blanket-suojalaukku\">suojalaukussa<\/a> tai sein\u00e4lle kiinnitett\u00e4v\u00e4ss\u00e4 kotelossa.<\/p>\n<p>LI-ION-akkupaloille suunniteltu sammutuspeite on valmistettu materiaaleista, joilla on korkea l\u00e4mm\u00f6nkest\u00e4vyys mutta alhainen l\u00e4mm\u00f6njohtavuus. LI-ION-sammutuspeite siet\u00e4\u00e4 huomattavasti korkeampia l\u00e4mp\u00f6tiloja kuin tavallinen sammutuspeite. Vaikeasti sammutettava ja helposti r\u00e4j\u00e4htelev\u00e4 litiumioniakkupalo voi sytty\u00e4 helposti uudelleen. Nopea toiminta est\u00e4\u00e4 loukkaantumiset ja tulipalon laajenemisen. Pelastuslaitokselle on my\u00f6s soitettava ensi tilassa!<\/p>\n<p>Saatavilla kaksi kokoa: 5 x 5 metri\u00e4 (25m\u00b2) ja 6 x 8 metri\u00e4 (48m\u00b2).<\/p>\n<p>Katso my\u00f6s <a href=\"https:\/\/safetypartners.fi\/kauppa\/tuote\/sammutuspeite-sahkopyorille-ja-potkulaudoille\">s\u00e4hk\u00f6py\u00f6rille ja -potkulaudoille<\/a> sek\u00e4 <a href=\"https:\/\/safetypartners.fi\/kauppa\/tuote\/sammutuspeite-litiumioniakkupalolle\">koti- ja toimistok\u00e4ytt\u00f6\u00f6n<\/a> r\u00e4\u00e4t\u00e4l\u00f6idyt LI-ION-sammutuspeitteet.<\/p>\n<p><strong>HUOM! Tuotteella on 7-10 ty\u00f6p\u00e4iv\u00e4n toimitusaika.<\/strong><\/p>\n<p>Valitse kahdesta koosta sopiva:<\/p>\n","protected":false},"featured_media":1980,"comment_status":"open","ping_status":"closed","template":"","meta":{"_uag_custom_page_level_css":"","site-sidebar-layout":"default","site-content-layout":"","ast-site-content-layout":"default","site-content-style":"default","site-sidebar-style":"default","ast-global-header-display":"","ast-banner-title-visibility":"","ast-main-header-display":"","ast-hfb-above-header-display":"","ast-hfb-below-header-display":"","ast-hfb-mobile-header-display":"","site-post-title":"","ast-breadcrumbs-content":"","ast-featured-img":"","footer-sml-layout":"","ast-disable-related-posts":"","theme-transparent-header-meta":"default","adv-header-id-meta":"","stick-header-meta":"default","header-above-stick-meta":"","header-main-stick-meta":"","header-below-stick-meta":"","astra-migrate-meta-layouts":"set","ast-page-background-enabled":"default","ast-page-background-meta":{"desktop":{"background-color":"","background-image":"","background-repeat":"repeat","background-position":"center center","background-size":"auto","background-attachment":"scroll","background-type":"","background-media":"","overlay-type":"","overlay-color":"","overlay-opacity":"","overlay-gradient":""},"tablet":{"background-color":"","background-image":"","background-repeat":"repeat","background-position":"center center","background-size":"auto","background-attachment":"scroll","background-type":"","background-media":"","overlay-type":"","overlay-color":"","overlay-opacity":"","overlay-gradient":""},"mobile":{"background-color":"","background-image":"","background-repeat":"repeat","background-position":"center center","background-size":"auto","background-attachment":"scroll","background-type":"","background-media":"","overlay-type":"","overlay-color":"","overlay-opacity":"","overlay-gradient":""}},"ast-content-background-meta":{"desktop":{"background-color":"var(--ast-global-color-5)","background-image":"","background-repeat":"repeat","background-position":"center center","background-size":"auto","background-attachment":"scroll","background-type":"","background-media":"","overlay-type":"","overlay-color":"","overlay-opacity":"","overlay-gradient":""},"tablet":{"background-color":"var(--ast-global-color-5)","background-image":"","background-repeat":"repeat","background-position":"center center","background-size":"auto","background-attachment":"scroll","background-type":"","background-media":"","overlay-type":"","overlay-color":"","overlay-opacity":"","overlay-gradient":""},"mobile":{"background-color":"var(--ast-global-color-5)","background-image":"","background-repeat":"repeat","background-position":"center center","background-size":"auto","background-attachment":"scroll","background-type":"","background-media":"","overlay-type":"","overlay-color":"","overlay-opacity":"","overlay-gradient":""}}},"product_brand":[],"product_cat":[15,30,43,550],"product_tag":[279,225,653,655,657,659,276,618,656,658,654,650,634],"class_list":{"0":"post-1977","1":"product","2":"type-product","3":"status-publish","4":"has-post-thumbnail","6":"product_cat-yleinen","7":"product_cat-paloturvallisuus","8":"product_cat-sahkoturvallisuus","9":"product_cat-sammutuspeitteet","10":"product_tag-akkupalo","11":"product_tag-alkusammutus","12":"product_tag-auton-sammutuspeite","13":"product_tag-hybridi","14":"product_tag-li-ion","15":"product_tag-litium","16":"product_tag-litium-akku","17":"product_tag-peite","18":"product_tag-polttomoottoriauto","19":"product_tag-rajahdys","20":"product_tag-sahkoauto","21":"product_tag-sammutus","22":"product_tag-tulipalo","23":"product_shipping_class-suomi","24":"desktop-align-center","25":"tablet-align-center","26":"mobile-align-center","27":"ast-product-gallery-layout-horizontal-slider","28":"ast-product-single-variable","29":"ast-product-tabs-layout-horizontal","31":"first","32":"onbackorder","33":"taxable","34":"shipping-taxable","35":"purchasable","36":"product-type-variable"},"yoast_head":"<!-- This site is optimized with the Yoast SEO plugin v27.3 - https:\/\/yoast.com\/product\/yoast-seo-wordpress\/ -->\n<title>Auton sammutuspeite - Safety Partners<\/title>\n<meta name=\"description\" content=\"Ajoneuvon peitt\u00e4minen sammutuspeitteell\u00e4 rajoittaa liekkien levi\u00e4mist\u00e4 ja v\u00e4hent\u00e4\u00e4 myrkyllisten poistokaasujen vapautumista ymp\u00e4rist\u00f6\u00f6n ja hengitysilmaan.\" \/>\n<meta name=\"robots\" content=\"index, follow, max-snippet:-1, max-image-preview:large, max-video-preview:-1\" \/>\n<link rel=\"canonical\" href=\"https:\/\/safetypartners.fi\/kauppa\/tuote\/auton-sammutuspeite\" \/>\n<meta property=\"og:locale\" content=\"fi_FI\" \/>\n<meta property=\"og:type\" content=\"article\" \/>\n<meta property=\"og:title\" content=\"Auton sammutuspeite - Safety Partners\" \/>\n<meta property=\"og:description\" content=\"Ajoneuvon peitt\u00e4minen sammutuspeitteell\u00e4 rajoittaa liekkien levi\u00e4mist\u00e4 ja v\u00e4hent\u00e4\u00e4 myrkyllisten poistokaasujen vapautumista ymp\u00e4rist\u00f6\u00f6n ja hengitysilmaan.\" \/>\n<meta property=\"og:url\" content=\"https:\/\/safetypartners.fi\/kauppa\/tuote\/auton-sammutuspeite\" \/>\n<meta property=\"og:site_name\" content=\"Safety Partners\" \/>\n<meta property=\"article:modified_time\" content=\"2025-08-20T10:30:22+00:00\" \/>\n<meta property=\"og:image\" content=\"https:\/\/safetypartners.fi\/kauppa\/wp-content\/uploads\/2024\/10\/Auton-sammutuspeite.png\" \/>\n\t<meta property=\"og:image:width\" content=\"1010\" \/>\n\t<meta property=\"og:image:height\" content=\"1006\" \/>\n\t<meta property=\"og:image:type\" content=\"image\/png\" \/>\n<meta name=\"twitter:card\" content=\"summary_large_image\" \/>\n<meta name=\"twitter:label1\" content=\"Arvioitu lukuaika\" \/>\n\t<meta name=\"twitter:data1\" content=\"2 minuuttia\" \/>\n<script type=\"application\/ld+json\" class=\"yoast-schema-graph\">{\"@context\":\"https:\\\/\\\/schema.org\",\"@graph\":[{\"@type\":\"WebPage\",\"@id\":\"https:\\\/\\\/safetypartners.fi\\\/kauppa\\\/tuote\\\/auton-sammutuspeite\",\"url\":\"https:\\\/\\\/safetypartners.fi\\\/kauppa\\\/tuote\\\/auton-sammutuspeite\",\"name\":\"Auton sammutuspeite - Safety Partners\",\"isPartOf\":{\"@id\":\"https:\\\/\\\/safetypartners.fi\\\/kauppa\\\/#website\"},\"primaryImageOfPage\":{\"@id\":\"https:\\\/\\\/safetypartners.fi\\\/kauppa\\\/tuote\\\/auton-sammutuspeite#primaryimage\"},\"image\":{\"@id\":\"https:\\\/\\\/safetypartners.fi\\\/kauppa\\\/tuote\\\/auton-sammutuspeite#primaryimage\"},\"thumbnailUrl\":\"https:\\\/\\\/safetypartners.fi\\\/kauppa\\\/wp-content\\\/uploads\\\/2024\\\/10\\\/Auton-sammutuspeite.png\",\"datePublished\":\"2024-10-11T11:05:55+00:00\",\"dateModified\":\"2025-08-20T10:30:22+00:00\",\"description\":\"Ajoneuvon peitt\u00e4minen sammutuspeitteell\u00e4 rajoittaa liekkien levi\u00e4mist\u00e4 ja v\u00e4hent\u00e4\u00e4 myrkyllisten poistokaasujen vapautumista ymp\u00e4rist\u00f6\u00f6n ja hengitysilmaan.\",\"breadcrumb\":{\"@id\":\"https:\\\/\\\/safetypartners.fi\\\/kauppa\\\/tuote\\\/auton-sammutuspeite#breadcrumb\"},\"inLanguage\":\"fi\",\"potentialAction\":[{\"@type\":\"ReadAction\",\"target\":[\"https:\\\/\\\/safetypartners.fi\\\/kauppa\\\/tuote\\\/auton-sammutuspeite\"]}]},{\"@type\":\"ImageObject\",\"inLanguage\":\"fi\",\"@id\":\"https:\\\/\\\/safetypartners.fi\\\/kauppa\\\/tuote\\\/auton-sammutuspeite#primaryimage\",\"url\":\"https:\\\/\\\/safetypartners.fi\\\/kauppa\\\/wp-content\\\/uploads\\\/2024\\\/10\\\/Auton-sammutuspeite.png\",\"contentUrl\":\"https:\\\/\\\/safetypartners.fi\\\/kauppa\\\/wp-content\\\/uploads\\\/2024\\\/10\\\/Auton-sammutuspeite.png\",\"width\":1010,\"height\":1006,\"caption\":\"Sammutuspeite autoille\"},{\"@type\":\"BreadcrumbList\",\"@id\":\"https:\\\/\\\/safetypartners.fi\\\/kauppa\\\/tuote\\\/auton-sammutuspeite#breadcrumb\",\"itemListElement\":[{\"@type\":\"ListItem\",\"position\":1,\"name\":\"Home\",\"item\":\"https:\\\/\\\/safetypartners.fi\\\/kauppa\\\/\"},{\"@type\":\"ListItem\",\"position\":2,\"name\":\"Kauppa\",\"item\":\"https:\\\/\\\/safetypartners.fi\\\/kauppa\\\/kauppa\"},{\"@type\":\"ListItem\",\"position\":3,\"name\":\"Auton sammutuspeite\"}]},{\"@type\":\"WebSite\",\"@id\":\"https:\\\/\\\/safetypartners.fi\\\/kauppa\\\/#website\",\"url\":\"https:\\\/\\\/safetypartners.fi\\\/kauppa\\\/\",\"name\":\"Safety Partners\",\"description\":\"Safety Partners turvakauppa palvelee verkossa 24\\\/7!\",\"publisher\":{\"@id\":\"https:\\\/\\\/safetypartners.fi\\\/kauppa\\\/#organization\"},\"potentialAction\":[{\"@type\":\"SearchAction\",\"target\":{\"@type\":\"EntryPoint\",\"urlTemplate\":\"https:\\\/\\\/safetypartners.fi\\\/kauppa\\\/?s={search_term_string}\"},\"query-input\":{\"@type\":\"PropertyValueSpecification\",\"valueRequired\":true,\"valueName\":\"search_term_string\"}}],\"inLanguage\":\"fi\"},{\"@type\":\"Organization\",\"@id\":\"https:\\\/\\\/safetypartners.fi\\\/kauppa\\\/#organization\",\"name\":\"Safety Partners | Suomen Sammutinpalvelu\",\"url\":\"https:\\\/\\\/safetypartners.fi\\\/kauppa\\\/\",\"logo\":{\"@type\":\"ImageObject\",\"inLanguage\":\"fi\",\"@id\":\"https:\\\/\\\/safetypartners.fi\\\/kauppa\\\/#\\\/schema\\\/logo\\\/image\\\/\",\"url\":\"https:\\\/\\\/safetypartners.fi\\\/kauppa\\\/wp-content\\\/uploads\\\/2020\\\/05\\\/cropped-Logoke-1.jpg\",\"contentUrl\":\"https:\\\/\\\/safetypartners.fi\\\/kauppa\\\/wp-content\\\/uploads\\\/2020\\\/05\\\/cropped-Logoke-1.jpg\",\"width\":847,\"height\":717,\"caption\":\"Safety Partners | Suomen Sammutinpalvelu\"},\"image\":{\"@id\":\"https:\\\/\\\/safetypartners.fi\\\/kauppa\\\/#\\\/schema\\\/logo\\\/image\\\/\"}}]}<\/script>\n<!-- \/ Yoast SEO plugin. -->","yoast_head_json":{"title":"Auton sammutuspeite - Safety Partners","description":"Ajoneuvon peitt\u00e4minen sammutuspeitteell\u00e4 rajoittaa liekkien levi\u00e4mist\u00e4 ja v\u00e4hent\u00e4\u00e4 myrkyllisten poistokaasujen vapautumista ymp\u00e4rist\u00f6\u00f6n ja hengitysilmaan.","robots":{"index":"index","follow":"follow","max-snippet":"max-snippet:-1","max-image-preview":"max-image-preview:large","max-video-preview":"max-video-preview:-1"},"canonical":"https:\/\/safetypartners.fi\/kauppa\/tuote\/auton-sammutuspeite","og_locale":"fi_FI","og_type":"article","og_title":"Auton sammutuspeite - Safety Partners","og_description":"Ajoneuvon peitt\u00e4minen sammutuspeitteell\u00e4 rajoittaa liekkien levi\u00e4mist\u00e4 ja v\u00e4hent\u00e4\u00e4 myrkyllisten poistokaasujen vapautumista ymp\u00e4rist\u00f6\u00f6n ja hengitysilmaan.","og_url":"https:\/\/safetypartners.fi\/kauppa\/tuote\/auton-sammutuspeite","og_site_name":"Safety Partners","article_modified_time":"2025-08-20T10:30:22+00:00","og_image":[{"width":1010,"height":1006,"url":"https:\/\/safetypartners.fi\/kauppa\/wp-content\/uploads\/2024\/10\/Auton-sammutuspeite.png","type":"image\/png"}],"twitter_card":"summary_large_image","twitter_misc":{"Arvioitu lukuaika":"2 minuuttia"},"schema":{"@context":"https:\/\/schema.org","@graph":[{"@type":"WebPage","@id":"https:\/\/safetypartners.fi\/kauppa\/tuote\/auton-sammutuspeite","url":"https:\/\/safetypartners.fi\/kauppa\/tuote\/auton-sammutuspeite","name":"Auton sammutuspeite - Safety Partners","isPartOf":{"@id":"https:\/\/safetypartners.fi\/kauppa\/#website"},"primaryImageOfPage":{"@id":"https:\/\/safetypartners.fi\/kauppa\/tuote\/auton-sammutuspeite#primaryimage"},"image":{"@id":"https:\/\/safetypartners.fi\/kauppa\/tuote\/auton-sammutuspeite#primaryimage"},"thumbnailUrl":"https:\/\/safetypartners.fi\/kauppa\/wp-content\/uploads\/2024\/10\/Auton-sammutuspeite.png","datePublished":"2024-10-11T11:05:55+00:00","dateModified":"2025-08-20T10:30:22+00:00","description":"Ajoneuvon peitt\u00e4minen sammutuspeitteell\u00e4 rajoittaa liekkien levi\u00e4mist\u00e4 ja v\u00e4hent\u00e4\u00e4 myrkyllisten poistokaasujen vapautumista ymp\u00e4rist\u00f6\u00f6n ja hengitysilmaan.","breadcrumb":{"@id":"https:\/\/safetypartners.fi\/kauppa\/tuote\/auton-sammutuspeite#breadcrumb"},"inLanguage":"fi","potentialAction":[{"@type":"ReadAction","target":["https:\/\/safetypartners.fi\/kauppa\/tuote\/auton-sammutuspeite"]}]},{"@type":"ImageObject","inLanguage":"fi","@id":"https:\/\/safetypartners.fi\/kauppa\/tuote\/auton-sammutuspeite#primaryimage","url":"https:\/\/safetypartners.fi\/kauppa\/wp-content\/uploads\/2024\/10\/Auton-sammutuspeite.png","contentUrl":"https:\/\/safetypartners.fi\/kauppa\/wp-content\/uploads\/2024\/10\/Auton-sammutuspeite.png","width":1010,"height":1006,"caption":"Sammutuspeite autoille"},{"@type":"BreadcrumbList","@id":"https:\/\/safetypartners.fi\/kauppa\/tuote\/auton-sammutuspeite#breadcrumb","itemListElement":[{"@type":"ListItem","position":1,"name":"Home","item":"https:\/\/safetypartners.fi\/kauppa\/"},{"@type":"ListItem","position":2,"name":"Kauppa","item":"https:\/\/safetypartners.fi\/kauppa\/kauppa"},{"@type":"ListItem","position":3,"name":"Auton sammutuspeite"}]},{"@type":"WebSite","@id":"https:\/\/safetypartners.fi\/kauppa\/#website","url":"https:\/\/safetypartners.fi\/kauppa\/","name":"Safety Partners","description":"Safety Partners turvakauppa palvelee verkossa 24\/7!","publisher":{"@id":"https:\/\/safetypartners.fi\/kauppa\/#organization"},"potentialAction":[{"@type":"SearchAction","target":{"@type":"EntryPoint","urlTemplate":"https:\/\/safetypartners.fi\/kauppa\/?s={search_term_string}"},"query-input":{"@type":"PropertyValueSpecification","valueRequired":true,"valueName":"search_term_string"}}],"inLanguage":"fi"},{"@type":"Organization","@id":"https:\/\/safetypartners.fi\/kauppa\/#organization","name":"Safety Partners | Suomen Sammutinpalvelu","url":"https:\/\/safetypartners.fi\/kauppa\/","logo":{"@type":"ImageObject","inLanguage":"fi","@id":"https:\/\/safetypartners.fi\/kauppa\/#\/schema\/logo\/image\/","url":"https:\/\/safetypartners.fi\/kauppa\/wp-content\/uploads\/2020\/05\/cropped-Logoke-1.jpg","contentUrl":"https:\/\/safetypartners.fi\/kauppa\/wp-content\/uploads\/2020\/05\/cropped-Logoke-1.jpg","width":847,"height":717,"caption":"Safety Partners | Suomen Sammutinpalvelu"},"image":{"@id":"https:\/\/safetypartners.fi\/kauppa\/#\/schema\/logo\/image\/"}}]}},"uagb_featured_image_src":{"full":["https:\/\/safetypartners.fi\/kauppa\/wp-content\/uploads\/2024\/10\/Auton-sammutuspeite.png",1010,1006,false],"thumbnail":["https:\/\/safetypartners.fi\/kauppa\/wp-content\/uploads\/2024\/10\/Auton-sammutuspeite-150x150.png",150,150,true],"medium":["https:\/\/safetypartners.fi\/kauppa\/wp-content\/uploads\/2024\/10\/Auton-sammutuspeite-300x300.png",300,300,true],"medium_large":["https:\/\/safetypartners.fi\/kauppa\/wp-content\/uploads\/2024\/10\/Auton-sammutuspeite-768x765.png",768,765,true],"large":["https:\/\/safetypartners.fi\/kauppa\/wp-content\/uploads\/2024\/10\/Auton-sammutuspeite.png",1010,1006,false],"1536x1536":["https:\/\/safetypartners.fi\/kauppa\/wp-content\/uploads\/2024\/10\/Auton-sammutuspeite.png",1010,1006,false],"2048x2048":["https:\/\/safetypartners.fi\/kauppa\/wp-content\/uploads\/2024\/10\/Auton-sammutuspeite.png",1010,1006,false],"woocommerce_thumbnail":["https:\/\/safetypartners.fi\/kauppa\/wp-content\/uploads\/2024\/10\/Auton-sammutuspeite-300x300.png",300,300,true],"woocommerce_single":["https:\/\/safetypartners.fi\/kauppa\/wp-content\/uploads\/2024\/10\/Auton-sammutuspeite-600x598.png",600,598,true],"woocommerce_gallery_thumbnail":["https:\/\/safetypartners.fi\/kauppa\/wp-content\/uploads\/2024\/10\/Auton-sammutuspeite-100x100.png",100,100,true]},"uagb_author_info":{"display_name":"Anu Lehto","author_link":"https:\/\/safetypartners.fi\/kauppa\/author"},"uagb_comment_info":1,"uagb_excerpt":"Sammutuspeite s\u00e4hk\u00f6-, hybridi- ja polttomoottoriautoille\u00a0v\u00e4hent\u00e4\u00e4 palavan ajoneuvon aiheuttamaa vaaraa rakennuksille ja muille ajoneuvoille. Savuvahinkojen lis\u00e4ksi sammutuspeitteen ripe\u00e4 k\u00e4ytt\u00f6 auttaa est\u00e4m\u00e4\u00e4n palon levi\u00e4misen ja tukahduttaa tulen mahdollisimman nopeasti. Kaikille autopaloille suunniteltu peite sopii erityisen hyvin s\u00e4hk\u00f6autojen tulipalojen tukahduttamiseen. Ajoneuvon peitt\u00e4minen sammutuspeitteell\u00e4 rajoittaa liekkien levi\u00e4mist\u00e4 ja v\u00e4hent\u00e4\u00e4 myrkyllisten poistokaasujen vapautumista ymp\u00e4rist\u00f6\u00f6n ja hengitysilmaan. Sammutuspeite suositellaan s\u00e4ilytett\u00e4v\u00e4n erikseen&hellip;","_links":{"self":[{"href":"https:\/\/safetypartners.fi\/kauppa\/wp-json\/wp\/v2\/product\/1977","targetHints":{"allow":["GET"]}}],"collection":[{"href":"https:\/\/safetypartners.fi\/kauppa\/wp-json\/wp\/v2\/product"}],"about":[{"href":"https:\/\/safetypartners.fi\/kauppa\/wp-json\/wp\/v2\/types\/product"}],"replies":[{"embeddable":true,"href":"https:\/\/safetypartners.fi\/kauppa\/wp-json\/wp\/v2\/comments?post=1977"}],"version-history":[{"count":6,"href":"https:\/\/safetypartners.fi\/kauppa\/wp-json\/wp\/v2\/product\/1977\/revisions"}],"predecessor-version":[{"id":2915,"href":"https:\/\/safetypartners.fi\/kauppa\/wp-json\/wp\/v2\/product\/1977\/revisions\/2915"}],"wp:featuredmedia":[{"embeddable":true,"href":"https:\/\/safetypartners.fi\/kauppa\/wp-json\/wp\/v2\/media\/1980"}],"wp:attachment":[{"href":"https:\/\/safetypartners.fi\/kauppa\/wp-json\/wp\/v2\/media?parent=1977"}],"wp:term":[{"taxonomy":"product_brand","embeddable":true,"href":"https:\/\/safetypartners.fi\/kauppa\/wp-json\/wp\/v2\/product_brand?post=1977"},{"taxonomy":"product_cat","embeddable":true,"href":"https:\/\/safetypartners.fi\/kauppa\/wp-json\/wp\/v2\/product_cat?post=1977"},{"taxonomy":"product_tag","embeddable":true,"href":"https:\/\/safetypartners.fi\/kauppa\/wp-json\/wp\/v2\/product_tag?post=1977"}],"curies":[{"name":"wp","href":"https:\/\/api.w.org\/{rel}","templated":true}]}}