{"id":1990,"date":"2024-10-11T15:17:39","date_gmt":"2024-10-11T12:17:39","guid":{"rendered":"https:\/\/safetypartners.fi\/kauppa\/?post_type=product&#038;p=1990"},"modified":"2026-02-07T21:18:19","modified_gmt":"2026-02-07T19:18:19","slug":"medic-12-kpl-laastaripakkaus-yksittaispakattu","status":"publish","type":"product","link":"https:\/\/safetypartners.fi\/kauppa\/tuote\/medic-12-kpl-laastaripakkaus-yksittaispakattu","title":{"rendered":"Medic 12 kpl laastaripakkaus, yksitt\u00e4ispakattu"},"content":{"rendered":"<p><span id=\"page111R_mcid30\" class=\"markedContent\"><span dir=\"ltr\" role=\"presentation\">Taskupakkaus sis\u00e4lt\u00e4\u00e4 12 kappaletta 19 x 72 mm kokoista, yksitt\u00e4ispakattua laastaria.<\/span><\/span><span id=\"page111R_mcid32\" class=\"markedContent\"><\/span><\/p>\n","protected":false},"excerpt":{"rendered":"<p><strong><span id=\"page111R_mcid19\" class=\"markedContent\"><span dir=\"ltr\" role=\"presentation\">Medicin Quick&amp;Easy -laastarisarjan<\/span><\/span><\/strong><span id=\"page111R_mcid20\" class=\"markedContent\"> <strong><span dir=\"ltr\" role=\"presentation\">FABRIC<\/span><\/strong><\/span><span id=\"page111R_mcid21\" class=\"markedContent\"><span dir=\"ltr\" role=\"presentation\">-kangaslaastari hengitt\u00e4\u00e4, joustaa ja on lateksivapaa. Laastarin<\/span><\/span><span id=\"page111R_mcid23\" class=\"markedContent\"><span dir=\"ltr\" role=\"presentation\"> saa asetettua paikoilleen eritt\u00e4in helposti ja nopeasti, yhdell\u00e4kin k\u00e4dell\u00e4. <\/span><\/span><span id=\"page111R_mcid24\" class=\"markedContent\"><\/span><span id=\"page111R_mcid25\" class=\"markedContent\"><span dir=\"ltr\" role=\"presentation\">Laastarissa on k\u00e4ytetty liimaa my\u00f6s haavatyynyn ymp\u00e4rill\u00e4, mik\u00e4 pit\u00e4\u00e4 sen j\u00e4m\u00e4k\u00e4sti paikallaan.<\/span><\/span><\/p>\n<p><span id=\"page111R_mcid26\" class=\"markedContent\"><\/span><span id=\"page111R_mcid27\" class=\"markedContent\"><strong><span dir=\"ltr\" role=\"presentation\">FABRIC<\/span><\/strong><\/span><span id=\"page111R_mcid28\" class=\"markedContent\"><span dir=\"ltr\" role=\"presentation\">-tekstiililaastari on saatavana k\u00e4tev\u00e4ss\u00e4 12 laastarin taskupakkauksessa.<\/span><\/span><span id=\"page111R_mcid29\" class=\"markedContent\"><\/span><span id=\"page111R_mcid30\" class=\"markedContent\"><\/span><span id=\"page111R_mcid32\" class=\"markedContent\"><br \/>\n<\/span><\/p>\n","protected":false},"featured_media":1991,"comment_status":"open","ping_status":"closed","template":"","meta":{"_uag_custom_page_level_css":"","site-sidebar-layout":"default","site-content-layout":"","ast-site-content-layout":"default","site-content-style":"default","site-sidebar-style":"default","ast-global-header-display":"","ast-banner-title-visibility":"","ast-main-header-display":"","ast-hfb-above-header-display":"","ast-hfb-below-header-display":"","ast-hfb-mobile-header-display":"","site-post-title":"","ast-breadcrumbs-content":"","ast-featured-img":"","footer-sml-layout":"","ast-disable-related-posts":"","theme-transparent-header-meta":"default","adv-header-id-meta":"","stick-header-meta":"default","header-above-stick-meta":"","header-main-stick-meta":"","header-below-stick-meta":"","astra-migrate-meta-layouts":"set","ast-page-background-enabled":"default","ast-page-background-meta":{"desktop":{"background-color":"","background-image":"","background-repeat":"repeat","background-position":"center center","background-size":"auto","background-attachment":"scroll","background-type":"","background-media":"","overlay-type":"","overlay-color":"","overlay-opacity":"","overlay-gradient":""},"tablet":{"background-color":"","background-image":"","background-repeat":"repeat","background-position":"center center","background-size":"auto","background-attachment":"scroll","background-type":"","background-media":"","overlay-type":"","overlay-color":"","overlay-opacity":"","overlay-gradient":""},"mobile":{"background-color":"","background-image":"","background-repeat":"repeat","background-position":"center center","background-size":"auto","background-attachment":"scroll","background-type":"","background-media":"","overlay-type":"","overlay-color":"","overlay-opacity":"","overlay-gradient":""}},"ast-content-background-meta":{"desktop":{"background-color":"var(--ast-global-color-5)","background-image":"","background-repeat":"repeat","background-position":"center center","background-size":"auto","background-attachment":"scroll","background-type":"","background-media":"","overlay-type":"","overlay-color":"","overlay-opacity":"","overlay-gradient":""},"tablet":{"background-color":"var(--ast-global-color-5)","background-image":"","background-repeat":"repeat","background-position":"center center","background-size":"auto","background-attachment":"scroll","background-type":"","background-media":"","overlay-type":"","overlay-color":"","overlay-opacity":"","overlay-gradient":""},"mobile":{"background-color":"var(--ast-global-color-5)","background-image":"","background-repeat":"repeat","background-position":"center center","background-size":"auto","background-attachment":"scroll","background-type":"","background-media":"","overlay-type":"","overlay-color":"","overlay-opacity":"","overlay-gradient":""}}},"product_brand":[],"product_cat":[42,15],"product_tag":[667,231,205,166,668,666,669,665],"class_list":{"0":"post-1990","1":"product","2":"type-product","3":"status-publish","4":"has-post-thumbnail","6":"product_cat-ensiapu","7":"product_cat-yleinen","8":"product_tag-fabric","9":"product_tag-helppo","10":"product_tag-kangaslaastari","11":"product_tag-laastari","12":"product_tag-lateksivapaa","13":"product_tag-medic","14":"product_tag-taskupakkaus","15":"product_tag-yksittaispakattu","16":"product_shipping_class-suomi","17":"desktop-align-center","18":"tablet-align-center","19":"mobile-align-center","20":"ast-product-gallery-layout-horizontal-slider","21":"ast-product-gallery-with-no-image","22":"ast-product-tabs-layout-horizontal","24":"first","25":"instock","26":"sale","27":"taxable","28":"shipping-taxable","29":"purchasable","30":"product-type-simple"},"yoast_head":"<!-- This site is optimized with the Yoast SEO plugin v27.3 - https:\/\/yoast.com\/product\/yoast-seo-wordpress\/ -->\n<title>Medic 12 kpl laastaripakkaus, yksitt\u00e4ispakattu - Safety Partners<\/title>\n<meta name=\"description\" content=\"FABRIC-kangaslaastari hengitt\u00e4\u00e4, joustaa ja on lateksivapaa. Laastarin saa asetettua paikoilleen helposti ja nopeasti, yhdell\u00e4kin k\u00e4dell\u00e4.\" \/>\n<meta name=\"robots\" content=\"index, follow, max-snippet:-1, max-image-preview:large, max-video-preview:-1\" \/>\n<link rel=\"canonical\" href=\"https:\/\/safetypartners.fi\/kauppa\/tuote\/medic-12-kpl-laastaripakkaus-yksittaispakattu\" \/>\n<meta property=\"og:locale\" content=\"fi_FI\" \/>\n<meta property=\"og:type\" content=\"article\" \/>\n<meta property=\"og:title\" content=\"Medic 12 kpl laastaripakkaus, yksitt\u00e4ispakattu - Safety Partners\" \/>\n<meta property=\"og:description\" content=\"FABRIC-kangaslaastari hengitt\u00e4\u00e4, joustaa ja on lateksivapaa. Laastarin saa asetettua paikoilleen helposti ja nopeasti, yhdell\u00e4kin k\u00e4dell\u00e4.\" \/>\n<meta property=\"og:url\" content=\"https:\/\/safetypartners.fi\/kauppa\/tuote\/medic-12-kpl-laastaripakkaus-yksittaispakattu\" \/>\n<meta property=\"og:site_name\" content=\"Safety Partners\" \/>\n<meta property=\"article:modified_time\" content=\"2026-02-07T19:18:19+00:00\" \/>\n<meta property=\"og:image\" content=\"https:\/\/safetypartners.fi\/kauppa\/wp-content\/uploads\/2024\/10\/taskulaastarike.png\" \/>\n\t<meta property=\"og:image:width\" content=\"586\" \/>\n\t<meta property=\"og:image:height\" content=\"514\" \/>\n\t<meta property=\"og:image:type\" content=\"image\/png\" \/>\n<meta name=\"twitter:card\" content=\"summary_large_image\" \/>\n<meta name=\"twitter:label1\" content=\"Arvioitu lukuaika\" \/>\n\t<meta name=\"twitter:data1\" content=\"1 minuutti\" \/>\n<script type=\"application\/ld+json\" class=\"yoast-schema-graph\">{\"@context\":\"https:\\\/\\\/schema.org\",\"@graph\":[{\"@type\":\"WebPage\",\"@id\":\"https:\\\/\\\/safetypartners.fi\\\/kauppa\\\/tuote\\\/medic-12-kpl-laastaripakkaus-yksittaispakattu\",\"url\":\"https:\\\/\\\/safetypartners.fi\\\/kauppa\\\/tuote\\\/medic-12-kpl-laastaripakkaus-yksittaispakattu\",\"name\":\"Medic 12 kpl laastaripakkaus, yksitt\u00e4ispakattu - Safety Partners\",\"isPartOf\":{\"@id\":\"https:\\\/\\\/safetypartners.fi\\\/kauppa\\\/#website\"},\"primaryImageOfPage\":{\"@id\":\"https:\\\/\\\/safetypartners.fi\\\/kauppa\\\/tuote\\\/medic-12-kpl-laastaripakkaus-yksittaispakattu#primaryimage\"},\"image\":{\"@id\":\"https:\\\/\\\/safetypartners.fi\\\/kauppa\\\/tuote\\\/medic-12-kpl-laastaripakkaus-yksittaispakattu#primaryimage\"},\"thumbnailUrl\":\"https:\\\/\\\/safetypartners.fi\\\/kauppa\\\/wp-content\\\/uploads\\\/2024\\\/10\\\/taskulaastarike.png\",\"datePublished\":\"2024-10-11T12:17:39+00:00\",\"dateModified\":\"2026-02-07T19:18:19+00:00\",\"description\":\"FABRIC-kangaslaastari hengitt\u00e4\u00e4, joustaa ja on lateksivapaa. Laastarin saa asetettua paikoilleen helposti ja nopeasti, yhdell\u00e4kin k\u00e4dell\u00e4.\",\"breadcrumb\":{\"@id\":\"https:\\\/\\\/safetypartners.fi\\\/kauppa\\\/tuote\\\/medic-12-kpl-laastaripakkaus-yksittaispakattu#breadcrumb\"},\"inLanguage\":\"fi\",\"potentialAction\":[{\"@type\":\"ReadAction\",\"target\":[\"https:\\\/\\\/safetypartners.fi\\\/kauppa\\\/tuote\\\/medic-12-kpl-laastaripakkaus-yksittaispakattu\"]}]},{\"@type\":\"ImageObject\",\"inLanguage\":\"fi\",\"@id\":\"https:\\\/\\\/safetypartners.fi\\\/kauppa\\\/tuote\\\/medic-12-kpl-laastaripakkaus-yksittaispakattu#primaryimage\",\"url\":\"https:\\\/\\\/safetypartners.fi\\\/kauppa\\\/wp-content\\\/uploads\\\/2024\\\/10\\\/taskulaastarike.png\",\"contentUrl\":\"https:\\\/\\\/safetypartners.fi\\\/kauppa\\\/wp-content\\\/uploads\\\/2024\\\/10\\\/taskulaastarike.png\",\"width\":586,\"height\":514,\"caption\":\"Medic laastaripakkaus, yksitt\u00e4ispakattu\"},{\"@type\":\"BreadcrumbList\",\"@id\":\"https:\\\/\\\/safetypartners.fi\\\/kauppa\\\/tuote\\\/medic-12-kpl-laastaripakkaus-yksittaispakattu#breadcrumb\",\"itemListElement\":[{\"@type\":\"ListItem\",\"position\":1,\"name\":\"Home\",\"item\":\"https:\\\/\\\/safetypartners.fi\\\/kauppa\\\/\"},{\"@type\":\"ListItem\",\"position\":2,\"name\":\"Kauppa\",\"item\":\"https:\\\/\\\/safetypartners.fi\\\/kauppa\\\/kauppa\"},{\"@type\":\"ListItem\",\"position\":3,\"name\":\"Medic 12 kpl laastaripakkaus, yksitt\u00e4ispakattu\"}]},{\"@type\":\"WebSite\",\"@id\":\"https:\\\/\\\/safetypartners.fi\\\/kauppa\\\/#website\",\"url\":\"https:\\\/\\\/safetypartners.fi\\\/kauppa\\\/\",\"name\":\"Safety Partners\",\"description\":\"Safety Partners turvakauppa palvelee verkossa 24\\\/7!\",\"publisher\":{\"@id\":\"https:\\\/\\\/safetypartners.fi\\\/kauppa\\\/#organization\"},\"potentialAction\":[{\"@type\":\"SearchAction\",\"target\":{\"@type\":\"EntryPoint\",\"urlTemplate\":\"https:\\\/\\\/safetypartners.fi\\\/kauppa\\\/?s={search_term_string}\"},\"query-input\":{\"@type\":\"PropertyValueSpecification\",\"valueRequired\":true,\"valueName\":\"search_term_string\"}}],\"inLanguage\":\"fi\"},{\"@type\":\"Organization\",\"@id\":\"https:\\\/\\\/safetypartners.fi\\\/kauppa\\\/#organization\",\"name\":\"Safety Partners | Suomen Sammutinpalvelu\",\"url\":\"https:\\\/\\\/safetypartners.fi\\\/kauppa\\\/\",\"logo\":{\"@type\":\"ImageObject\",\"inLanguage\":\"fi\",\"@id\":\"https:\\\/\\\/safetypartners.fi\\\/kauppa\\\/#\\\/schema\\\/logo\\\/image\\\/\",\"url\":\"https:\\\/\\\/safetypartners.fi\\\/kauppa\\\/wp-content\\\/uploads\\\/2020\\\/05\\\/cropped-Logoke-1.jpg\",\"contentUrl\":\"https:\\\/\\\/safetypartners.fi\\\/kauppa\\\/wp-content\\\/uploads\\\/2020\\\/05\\\/cropped-Logoke-1.jpg\",\"width\":847,\"height\":717,\"caption\":\"Safety Partners | Suomen Sammutinpalvelu\"},\"image\":{\"@id\":\"https:\\\/\\\/safetypartners.fi\\\/kauppa\\\/#\\\/schema\\\/logo\\\/image\\\/\"}}]}<\/script>\n<!-- \/ Yoast SEO plugin. -->","yoast_head_json":{"title":"Medic 12 kpl laastaripakkaus, yksitt\u00e4ispakattu - Safety Partners","description":"FABRIC-kangaslaastari hengitt\u00e4\u00e4, joustaa ja on lateksivapaa. Laastarin saa asetettua paikoilleen helposti ja nopeasti, yhdell\u00e4kin k\u00e4dell\u00e4.","robots":{"index":"index","follow":"follow","max-snippet":"max-snippet:-1","max-image-preview":"max-image-preview:large","max-video-preview":"max-video-preview:-1"},"canonical":"https:\/\/safetypartners.fi\/kauppa\/tuote\/medic-12-kpl-laastaripakkaus-yksittaispakattu","og_locale":"fi_FI","og_type":"article","og_title":"Medic 12 kpl laastaripakkaus, yksitt\u00e4ispakattu - Safety Partners","og_description":"FABRIC-kangaslaastari hengitt\u00e4\u00e4, joustaa ja on lateksivapaa. Laastarin saa asetettua paikoilleen helposti ja nopeasti, yhdell\u00e4kin k\u00e4dell\u00e4.","og_url":"https:\/\/safetypartners.fi\/kauppa\/tuote\/medic-12-kpl-laastaripakkaus-yksittaispakattu","og_site_name":"Safety Partners","article_modified_time":"2026-02-07T19:18:19+00:00","og_image":[{"width":586,"height":514,"url":"https:\/\/safetypartners.fi\/kauppa\/wp-content\/uploads\/2024\/10\/taskulaastarike.png","type":"image\/png"}],"twitter_card":"summary_large_image","twitter_misc":{"Arvioitu lukuaika":"1 minuutti"},"schema":{"@context":"https:\/\/schema.org","@graph":[{"@type":"WebPage","@id":"https:\/\/safetypartners.fi\/kauppa\/tuote\/medic-12-kpl-laastaripakkaus-yksittaispakattu","url":"https:\/\/safetypartners.fi\/kauppa\/tuote\/medic-12-kpl-laastaripakkaus-yksittaispakattu","name":"Medic 12 kpl laastaripakkaus, yksitt\u00e4ispakattu - Safety Partners","isPartOf":{"@id":"https:\/\/safetypartners.fi\/kauppa\/#website"},"primaryImageOfPage":{"@id":"https:\/\/safetypartners.fi\/kauppa\/tuote\/medic-12-kpl-laastaripakkaus-yksittaispakattu#primaryimage"},"image":{"@id":"https:\/\/safetypartners.fi\/kauppa\/tuote\/medic-12-kpl-laastaripakkaus-yksittaispakattu#primaryimage"},"thumbnailUrl":"https:\/\/safetypartners.fi\/kauppa\/wp-content\/uploads\/2024\/10\/taskulaastarike.png","datePublished":"2024-10-11T12:17:39+00:00","dateModified":"2026-02-07T19:18:19+00:00","description":"FABRIC-kangaslaastari hengitt\u00e4\u00e4, joustaa ja on lateksivapaa. Laastarin saa asetettua paikoilleen helposti ja nopeasti, yhdell\u00e4kin k\u00e4dell\u00e4.","breadcrumb":{"@id":"https:\/\/safetypartners.fi\/kauppa\/tuote\/medic-12-kpl-laastaripakkaus-yksittaispakattu#breadcrumb"},"inLanguage":"fi","potentialAction":[{"@type":"ReadAction","target":["https:\/\/safetypartners.fi\/kauppa\/tuote\/medic-12-kpl-laastaripakkaus-yksittaispakattu"]}]},{"@type":"ImageObject","inLanguage":"fi","@id":"https:\/\/safetypartners.fi\/kauppa\/tuote\/medic-12-kpl-laastaripakkaus-yksittaispakattu#primaryimage","url":"https:\/\/safetypartners.fi\/kauppa\/wp-content\/uploads\/2024\/10\/taskulaastarike.png","contentUrl":"https:\/\/safetypartners.fi\/kauppa\/wp-content\/uploads\/2024\/10\/taskulaastarike.png","width":586,"height":514,"caption":"Medic laastaripakkaus, yksitt\u00e4ispakattu"},{"@type":"BreadcrumbList","@id":"https:\/\/safetypartners.fi\/kauppa\/tuote\/medic-12-kpl-laastaripakkaus-yksittaispakattu#breadcrumb","itemListElement":[{"@type":"ListItem","position":1,"name":"Home","item":"https:\/\/safetypartners.fi\/kauppa\/"},{"@type":"ListItem","position":2,"name":"Kauppa","item":"https:\/\/safetypartners.fi\/kauppa\/kauppa"},{"@type":"ListItem","position":3,"name":"Medic 12 kpl laastaripakkaus, yksitt\u00e4ispakattu"}]},{"@type":"WebSite","@id":"https:\/\/safetypartners.fi\/kauppa\/#website","url":"https:\/\/safetypartners.fi\/kauppa\/","name":"Safety Partners","description":"Safety Partners turvakauppa palvelee verkossa 24\/7!","publisher":{"@id":"https:\/\/safetypartners.fi\/kauppa\/#organization"},"potentialAction":[{"@type":"SearchAction","target":{"@type":"EntryPoint","urlTemplate":"https:\/\/safetypartners.fi\/kauppa\/?s={search_term_string}"},"query-input":{"@type":"PropertyValueSpecification","valueRequired":true,"valueName":"search_term_string"}}],"inLanguage":"fi"},{"@type":"Organization","@id":"https:\/\/safetypartners.fi\/kauppa\/#organization","name":"Safety Partners | Suomen Sammutinpalvelu","url":"https:\/\/safetypartners.fi\/kauppa\/","logo":{"@type":"ImageObject","inLanguage":"fi","@id":"https:\/\/safetypartners.fi\/kauppa\/#\/schema\/logo\/image\/","url":"https:\/\/safetypartners.fi\/kauppa\/wp-content\/uploads\/2020\/05\/cropped-Logoke-1.jpg","contentUrl":"https:\/\/safetypartners.fi\/kauppa\/wp-content\/uploads\/2020\/05\/cropped-Logoke-1.jpg","width":847,"height":717,"caption":"Safety Partners | Suomen Sammutinpalvelu"},"image":{"@id":"https:\/\/safetypartners.fi\/kauppa\/#\/schema\/logo\/image\/"}}]}},"uagb_featured_image_src":{"full":["https:\/\/safetypartners.fi\/kauppa\/wp-content\/uploads\/2024\/10\/taskulaastarike.png",586,514,false],"thumbnail":["https:\/\/safetypartners.fi\/kauppa\/wp-content\/uploads\/2024\/10\/taskulaastarike-150x150.png",150,150,true],"medium":["https:\/\/safetypartners.fi\/kauppa\/wp-content\/uploads\/2024\/10\/taskulaastarike-300x263.png",300,263,true],"medium_large":["https:\/\/safetypartners.fi\/kauppa\/wp-content\/uploads\/2024\/10\/taskulaastarike.png",586,514,false],"large":["https:\/\/safetypartners.fi\/kauppa\/wp-content\/uploads\/2024\/10\/taskulaastarike.png",586,514,false],"1536x1536":["https:\/\/safetypartners.fi\/kauppa\/wp-content\/uploads\/2024\/10\/taskulaastarike.png",586,514,false],"2048x2048":["https:\/\/safetypartners.fi\/kauppa\/wp-content\/uploads\/2024\/10\/taskulaastarike.png",586,514,false],"woocommerce_thumbnail":["https:\/\/safetypartners.fi\/kauppa\/wp-content\/uploads\/2024\/10\/taskulaastarike-300x300.png",300,300,true],"woocommerce_single":["https:\/\/safetypartners.fi\/kauppa\/wp-content\/uploads\/2024\/10\/taskulaastarike.png",586,514,false],"woocommerce_gallery_thumbnail":["https:\/\/safetypartners.fi\/kauppa\/wp-content\/uploads\/2024\/10\/taskulaastarike-100x100.png",100,100,true]},"uagb_author_info":{"display_name":"Anu Lehto","author_link":"https:\/\/safetypartners.fi\/kauppa\/author"},"uagb_comment_info":0,"uagb_excerpt":"Medicin Quick&amp;Easy -laastarisarjan FABRIC-kangaslaastari hengitt\u00e4\u00e4, joustaa ja on lateksivapaa. Laastarin saa asetettua paikoilleen eritt\u00e4in helposti ja nopeasti, yhdell\u00e4kin k\u00e4dell\u00e4. Laastarissa on k\u00e4ytetty liimaa my\u00f6s haavatyynyn ymp\u00e4rill\u00e4, mik\u00e4 pit\u00e4\u00e4 sen j\u00e4m\u00e4k\u00e4sti paikallaan. FABRIC-tekstiililaastari on saatavana k\u00e4tev\u00e4ss\u00e4 12 laastarin taskupakkauksessa.","_links":{"self":[{"href":"https:\/\/safetypartners.fi\/kauppa\/wp-json\/wp\/v2\/product\/1990","targetHints":{"allow":["GET"]}}],"collection":[{"href":"https:\/\/safetypartners.fi\/kauppa\/wp-json\/wp\/v2\/product"}],"about":[{"href":"https:\/\/safetypartners.fi\/kauppa\/wp-json\/wp\/v2\/types\/product"}],"replies":[{"embeddable":true,"href":"https:\/\/safetypartners.fi\/kauppa\/wp-json\/wp\/v2\/comments?post=1990"}],"version-history":[{"count":4,"href":"https:\/\/safetypartners.fi\/kauppa\/wp-json\/wp\/v2\/product\/1990\/revisions"}],"predecessor-version":[{"id":1993,"href":"https:\/\/safetypartners.fi\/kauppa\/wp-json\/wp\/v2\/product\/1990\/revisions\/1993"}],"wp:featuredmedia":[{"embeddable":true,"href":"https:\/\/safetypartners.fi\/kauppa\/wp-json\/wp\/v2\/media\/1991"}],"wp:attachment":[{"href":"https:\/\/safetypartners.fi\/kauppa\/wp-json\/wp\/v2\/media?parent=1990"}],"wp:term":[{"taxonomy":"product_brand","embeddable":true,"href":"https:\/\/safetypartners.fi\/kauppa\/wp-json\/wp\/v2\/product_brand?post=1990"},{"taxonomy":"product_cat","embeddable":true,"href":"https:\/\/safetypartners.fi\/kauppa\/wp-json\/wp\/v2\/product_cat?post=1990"},{"taxonomy":"product_tag","embeddable":true,"href":"https:\/\/safetypartners.fi\/kauppa\/wp-json\/wp\/v2\/product_tag?post=1990"}],"curies":[{"name":"wp","href":"https:\/\/api.w.org\/{rel}","templated":true}]}}