{"id":2013,"date":"2024-10-14T15:02:19","date_gmt":"2024-10-14T12:02:19","guid":{"rendered":"https:\/\/safetypartners.fi\/kauppa\/?post_type=product&#038;p=2013"},"modified":"2026-04-14T12:02:40","modified_gmt":"2026-04-14T09:02:40","slug":"housegard-vesivuotovaroitin-wa201s","status":"publish","type":"product","link":"https:\/\/safetypartners.fi\/kauppa\/tuote\/housegard-vesivuotovaroitin-wa201s","title":{"rendered":"Vesivuotovaroitin &#8211; Housegard WA201S"},"content":{"rendered":"<p><strong>Vesivuotovaroitin &#8211; Housegard<\/strong><\/p>\n<ul>\n<li>Havaitsee vesivuodot nopeasti<\/li>\n<li>Varoittaa veden osuessa ilmaisimiin vesivuotovaroittimen pohjassa<\/li>\n<li>Tunnistin h\u00e4lytt\u00e4\u00e4 \u00e4\u00e4nimerkin avulla, kun paristo tulee vaihtaa<\/li>\n<li>5 vuoden takuu valmistusvirheiden varalta<\/li>\n<li>Vaihdettava 9V-paristo sis\u00e4ltyy pakkaukseen<\/li>\n<li>Yksinkertainen tapa est\u00e4\u00e4 vesivahingot<\/li>\n<\/ul>\n","protected":false},"excerpt":{"rendered":"<p><strong>Vesivuotovaroitin &#8211; Housegard WA201S<\/strong> varoittaa nopeasti ja tehokkaasti vuotavista vesiputkista, pyykin- ja astianpesukoneista. Sopii k\u00e4ytett\u00e4v\u00e4ksi my\u00f6s kylpyammeiden, vessojen sek\u00e4 k\u00e4sienpesualtaiden l\u00e4hell\u00e4. Vesivuotovaroitin havaitsee vesivuodon ennen kuin se ehtii aiheuttamaan suurta vahinkoa. H\u00e4lytys tulee heti, kun vesi osuu h\u00e4lyttimen pohjassa oleviin antureihin.<\/p>\n<p>Vesivuotovaroitin on loistava ja edullinen tapa est\u00e4\u00e4 mittavia kunnostuksia vaativat vesivahingot!<\/p>\n<p>Viiden vuoden takuu<\/p>\n","protected":false},"featured_media":2014,"comment_status":"open","ping_status":"closed","template":"","meta":{"_uag_custom_page_level_css":"","site-sidebar-layout":"default","site-content-layout":"","ast-site-content-layout":"default","site-content-style":"default","site-sidebar-style":"default","ast-global-header-display":"","ast-banner-title-visibility":"","ast-main-header-display":"","ast-hfb-above-header-display":"","ast-hfb-below-header-display":"","ast-hfb-mobile-header-display":"","site-post-title":"","ast-breadcrumbs-content":"","ast-featured-img":"","footer-sml-layout":"","ast-disable-related-posts":"","theme-transparent-header-meta":"default","adv-header-id-meta":"","stick-header-meta":"default","header-above-stick-meta":"","header-main-stick-meta":"","header-below-stick-meta":"","astra-migrate-meta-layouts":"set","ast-page-background-enabled":"default","ast-page-background-meta":{"desktop":{"background-color":"","background-image":"","background-repeat":"repeat","background-position":"center center","background-size":"auto","background-attachment":"scroll","background-type":"","background-media":"","overlay-type":"","overlay-color":"","overlay-opacity":"","overlay-gradient":""},"tablet":{"background-color":"","background-image":"","background-repeat":"repeat","background-position":"center center","background-size":"auto","background-attachment":"scroll","background-type":"","background-media":"","overlay-type":"","overlay-color":"","overlay-opacity":"","overlay-gradient":""},"mobile":{"background-color":"","background-image":"","background-repeat":"repeat","background-position":"center center","background-size":"auto","background-attachment":"scroll","background-type":"","background-media":"","overlay-type":"","overlay-color":"","overlay-opacity":"","overlay-gradient":""}},"ast-content-background-meta":{"desktop":{"background-color":"var(--ast-global-color-5)","background-image":"","background-repeat":"repeat","background-position":"center center","background-size":"auto","background-attachment":"scroll","background-type":"","background-media":"","overlay-type":"","overlay-color":"","overlay-opacity":"","overlay-gradient":""},"tablet":{"background-color":"var(--ast-global-color-5)","background-image":"","background-repeat":"repeat","background-position":"center center","background-size":"auto","background-attachment":"scroll","background-type":"","background-media":"","overlay-type":"","overlay-color":"","overlay-opacity":"","overlay-gradient":""},"mobile":{"background-color":"var(--ast-global-color-5)","background-image":"","background-repeat":"repeat","background-position":"center center","background-size":"auto","background-attachment":"scroll","background-type":"","background-media":"","overlay-type":"","overlay-color":"","overlay-opacity":"","overlay-gradient":""}}},"product_brand":[],"product_cat":[15,32],"product_tag":[321,331,113,36,691,696,694,697,34,689,687,692,690,688,695,693],"class_list":{"0":"post-2013","1":"product","2":"type-product","3":"status-publish","4":"has-post-thumbnail","6":"product_cat-yleinen","7":"product_cat-koti-ja-omaisuusturva","8":"product_tag-edullinen","9":"product_tag-halytin","10":"product_tag-housegard","11":"product_tag-keittio","12":"product_tag-kylpyhuone","13":"product_tag-pesukone","14":"product_tag-putket","15":"product_tag-vahti","16":"product_tag-varoitin","17":"product_tag-vesi","18":"product_tag-vesivuotovaroitin","19":"product_tag-vessa","20":"product_tag-vuoto","21":"product_tag-vuotovaroitin","22":"product_tag-wa201s","23":"product_tag-wc","24":"product_shipping_class-suomi","25":"desktop-align-center","26":"tablet-align-center","27":"mobile-align-center","28":"ast-product-gallery-layout-horizontal-slider","29":"ast-product-tabs-layout-horizontal","31":"first","32":"instock","33":"taxable","34":"shipping-taxable","35":"purchasable","36":"product-type-simple"},"yoast_head":"<!-- This site is optimized with the Yoast SEO plugin v27.3 - https:\/\/yoast.com\/product\/yoast-seo-wordpress\/ -->\n<title>Vesivuotovaroitin - Housegard WA201S - Safety Partners<\/title>\n<meta name=\"description\" content=\"Vesivuotovaroitin havaitsee vesivuodon ennen kuin se ehtii aiheuttamaan suurta vahinkoa. H\u00e4lytys tulee heti veden osuessa h\u00e4lyttimen antureihin.\" \/>\n<meta name=\"robots\" content=\"index, follow, max-snippet:-1, max-image-preview:large, max-video-preview:-1\" \/>\n<link rel=\"canonical\" href=\"https:\/\/safetypartners.fi\/kauppa\/tuote\/housegard-vesivuotovaroitin-wa201s\" \/>\n<meta property=\"og:locale\" content=\"fi_FI\" \/>\n<meta property=\"og:type\" content=\"article\" \/>\n<meta property=\"og:title\" content=\"Vesivuotovaroitin - Housegard WA201S - Safety Partners\" \/>\n<meta property=\"og:description\" content=\"Vesivuotovaroitin havaitsee vesivuodon ennen kuin se ehtii aiheuttamaan suurta vahinkoa. H\u00e4lytys tulee heti veden osuessa h\u00e4lyttimen antureihin.\" \/>\n<meta property=\"og:url\" content=\"https:\/\/safetypartners.fi\/kauppa\/tuote\/housegard-vesivuotovaroitin-wa201s\" \/>\n<meta property=\"og:site_name\" content=\"Safety Partners\" \/>\n<meta property=\"article:modified_time\" content=\"2026-04-14T09:02:40+00:00\" \/>\n<meta property=\"og:image\" content=\"https:\/\/safetypartners.fi\/kauppa\/wp-content\/uploads\/2024\/10\/11159_pimpim.png\" \/>\n\t<meta property=\"og:image:width\" content=\"400\" \/>\n\t<meta property=\"og:image:height\" content=\"400\" \/>\n\t<meta property=\"og:image:type\" content=\"image\/png\" \/>\n<meta name=\"twitter:card\" content=\"summary_large_image\" \/>\n<meta name=\"twitter:label1\" content=\"Arvioitu lukuaika\" \/>\n\t<meta name=\"twitter:data1\" content=\"1 minuutti\" \/>\n<script type=\"application\/ld+json\" class=\"yoast-schema-graph\">{\"@context\":\"https:\\\/\\\/schema.org\",\"@graph\":[{\"@type\":\"WebPage\",\"@id\":\"https:\\\/\\\/safetypartners.fi\\\/kauppa\\\/tuote\\\/housegard-vesivuotovaroitin-wa201s\",\"url\":\"https:\\\/\\\/safetypartners.fi\\\/kauppa\\\/tuote\\\/housegard-vesivuotovaroitin-wa201s\",\"name\":\"Vesivuotovaroitin - Housegard WA201S - Safety Partners\",\"isPartOf\":{\"@id\":\"https:\\\/\\\/safetypartners.fi\\\/kauppa\\\/#website\"},\"primaryImageOfPage\":{\"@id\":\"https:\\\/\\\/safetypartners.fi\\\/kauppa\\\/tuote\\\/housegard-vesivuotovaroitin-wa201s#primaryimage\"},\"image\":{\"@id\":\"https:\\\/\\\/safetypartners.fi\\\/kauppa\\\/tuote\\\/housegard-vesivuotovaroitin-wa201s#primaryimage\"},\"thumbnailUrl\":\"https:\\\/\\\/safetypartners.fi\\\/kauppa\\\/wp-content\\\/uploads\\\/2024\\\/10\\\/11159_pimpim.png\",\"datePublished\":\"2024-10-14T12:02:19+00:00\",\"dateModified\":\"2026-04-14T09:02:40+00:00\",\"description\":\"Vesivuotovaroitin havaitsee vesivuodon ennen kuin se ehtii aiheuttamaan suurta vahinkoa. H\u00e4lytys tulee heti veden osuessa h\u00e4lyttimen antureihin.\",\"breadcrumb\":{\"@id\":\"https:\\\/\\\/safetypartners.fi\\\/kauppa\\\/tuote\\\/housegard-vesivuotovaroitin-wa201s#breadcrumb\"},\"inLanguage\":\"fi\",\"potentialAction\":[{\"@type\":\"ReadAction\",\"target\":[\"https:\\\/\\\/safetypartners.fi\\\/kauppa\\\/tuote\\\/housegard-vesivuotovaroitin-wa201s\"]}]},{\"@type\":\"ImageObject\",\"inLanguage\":\"fi\",\"@id\":\"https:\\\/\\\/safetypartners.fi\\\/kauppa\\\/tuote\\\/housegard-vesivuotovaroitin-wa201s#primaryimage\",\"url\":\"https:\\\/\\\/safetypartners.fi\\\/kauppa\\\/wp-content\\\/uploads\\\/2024\\\/10\\\/11159_pimpim.png\",\"contentUrl\":\"https:\\\/\\\/safetypartners.fi\\\/kauppa\\\/wp-content\\\/uploads\\\/2024\\\/10\\\/11159_pimpim.png\",\"width\":400,\"height\":400,\"caption\":\"Housegard vesivuotovaroitin WA201S\"},{\"@type\":\"BreadcrumbList\",\"@id\":\"https:\\\/\\\/safetypartners.fi\\\/kauppa\\\/tuote\\\/housegard-vesivuotovaroitin-wa201s#breadcrumb\",\"itemListElement\":[{\"@type\":\"ListItem\",\"position\":1,\"name\":\"Home\",\"item\":\"https:\\\/\\\/safetypartners.fi\\\/kauppa\\\/\"},{\"@type\":\"ListItem\",\"position\":2,\"name\":\"Kauppa\",\"item\":\"https:\\\/\\\/safetypartners.fi\\\/kauppa\\\/kauppa\"},{\"@type\":\"ListItem\",\"position\":3,\"name\":\"Vesivuotovaroitin &#8211; Housegard WA201S\"}]},{\"@type\":\"WebSite\",\"@id\":\"https:\\\/\\\/safetypartners.fi\\\/kauppa\\\/#website\",\"url\":\"https:\\\/\\\/safetypartners.fi\\\/kauppa\\\/\",\"name\":\"Safety Partners\",\"description\":\"Safety Partners turvakauppa palvelee verkossa 24\\\/7!\",\"publisher\":{\"@id\":\"https:\\\/\\\/safetypartners.fi\\\/kauppa\\\/#organization\"},\"potentialAction\":[{\"@type\":\"SearchAction\",\"target\":{\"@type\":\"EntryPoint\",\"urlTemplate\":\"https:\\\/\\\/safetypartners.fi\\\/kauppa\\\/?s={search_term_string}\"},\"query-input\":{\"@type\":\"PropertyValueSpecification\",\"valueRequired\":true,\"valueName\":\"search_term_string\"}}],\"inLanguage\":\"fi\"},{\"@type\":\"Organization\",\"@id\":\"https:\\\/\\\/safetypartners.fi\\\/kauppa\\\/#organization\",\"name\":\"Safety Partners | Suomen Sammutinpalvelu\",\"url\":\"https:\\\/\\\/safetypartners.fi\\\/kauppa\\\/\",\"logo\":{\"@type\":\"ImageObject\",\"inLanguage\":\"fi\",\"@id\":\"https:\\\/\\\/safetypartners.fi\\\/kauppa\\\/#\\\/schema\\\/logo\\\/image\\\/\",\"url\":\"https:\\\/\\\/safetypartners.fi\\\/kauppa\\\/wp-content\\\/uploads\\\/2020\\\/05\\\/cropped-Logoke-1.jpg\",\"contentUrl\":\"https:\\\/\\\/safetypartners.fi\\\/kauppa\\\/wp-content\\\/uploads\\\/2020\\\/05\\\/cropped-Logoke-1.jpg\",\"width\":847,\"height\":717,\"caption\":\"Safety Partners | Suomen Sammutinpalvelu\"},\"image\":{\"@id\":\"https:\\\/\\\/safetypartners.fi\\\/kauppa\\\/#\\\/schema\\\/logo\\\/image\\\/\"}}]}<\/script>\n<!-- \/ Yoast SEO plugin. -->","yoast_head_json":{"title":"Vesivuotovaroitin - Housegard WA201S - Safety Partners","description":"Vesivuotovaroitin havaitsee vesivuodon ennen kuin se ehtii aiheuttamaan suurta vahinkoa. H\u00e4lytys tulee heti veden osuessa h\u00e4lyttimen antureihin.","robots":{"index":"index","follow":"follow","max-snippet":"max-snippet:-1","max-image-preview":"max-image-preview:large","max-video-preview":"max-video-preview:-1"},"canonical":"https:\/\/safetypartners.fi\/kauppa\/tuote\/housegard-vesivuotovaroitin-wa201s","og_locale":"fi_FI","og_type":"article","og_title":"Vesivuotovaroitin - Housegard WA201S - Safety Partners","og_description":"Vesivuotovaroitin havaitsee vesivuodon ennen kuin se ehtii aiheuttamaan suurta vahinkoa. H\u00e4lytys tulee heti veden osuessa h\u00e4lyttimen antureihin.","og_url":"https:\/\/safetypartners.fi\/kauppa\/tuote\/housegard-vesivuotovaroitin-wa201s","og_site_name":"Safety Partners","article_modified_time":"2026-04-14T09:02:40+00:00","og_image":[{"width":400,"height":400,"url":"https:\/\/safetypartners.fi\/kauppa\/wp-content\/uploads\/2024\/10\/11159_pimpim.png","type":"image\/png"}],"twitter_card":"summary_large_image","twitter_misc":{"Arvioitu lukuaika":"1 minuutti"},"schema":{"@context":"https:\/\/schema.org","@graph":[{"@type":"WebPage","@id":"https:\/\/safetypartners.fi\/kauppa\/tuote\/housegard-vesivuotovaroitin-wa201s","url":"https:\/\/safetypartners.fi\/kauppa\/tuote\/housegard-vesivuotovaroitin-wa201s","name":"Vesivuotovaroitin - Housegard WA201S - Safety Partners","isPartOf":{"@id":"https:\/\/safetypartners.fi\/kauppa\/#website"},"primaryImageOfPage":{"@id":"https:\/\/safetypartners.fi\/kauppa\/tuote\/housegard-vesivuotovaroitin-wa201s#primaryimage"},"image":{"@id":"https:\/\/safetypartners.fi\/kauppa\/tuote\/housegard-vesivuotovaroitin-wa201s#primaryimage"},"thumbnailUrl":"https:\/\/safetypartners.fi\/kauppa\/wp-content\/uploads\/2024\/10\/11159_pimpim.png","datePublished":"2024-10-14T12:02:19+00:00","dateModified":"2026-04-14T09:02:40+00:00","description":"Vesivuotovaroitin havaitsee vesivuodon ennen kuin se ehtii aiheuttamaan suurta vahinkoa. H\u00e4lytys tulee heti veden osuessa h\u00e4lyttimen antureihin.","breadcrumb":{"@id":"https:\/\/safetypartners.fi\/kauppa\/tuote\/housegard-vesivuotovaroitin-wa201s#breadcrumb"},"inLanguage":"fi","potentialAction":[{"@type":"ReadAction","target":["https:\/\/safetypartners.fi\/kauppa\/tuote\/housegard-vesivuotovaroitin-wa201s"]}]},{"@type":"ImageObject","inLanguage":"fi","@id":"https:\/\/safetypartners.fi\/kauppa\/tuote\/housegard-vesivuotovaroitin-wa201s#primaryimage","url":"https:\/\/safetypartners.fi\/kauppa\/wp-content\/uploads\/2024\/10\/11159_pimpim.png","contentUrl":"https:\/\/safetypartners.fi\/kauppa\/wp-content\/uploads\/2024\/10\/11159_pimpim.png","width":400,"height":400,"caption":"Housegard vesivuotovaroitin WA201S"},{"@type":"BreadcrumbList","@id":"https:\/\/safetypartners.fi\/kauppa\/tuote\/housegard-vesivuotovaroitin-wa201s#breadcrumb","itemListElement":[{"@type":"ListItem","position":1,"name":"Home","item":"https:\/\/safetypartners.fi\/kauppa\/"},{"@type":"ListItem","position":2,"name":"Kauppa","item":"https:\/\/safetypartners.fi\/kauppa\/kauppa"},{"@type":"ListItem","position":3,"name":"Vesivuotovaroitin &#8211; Housegard WA201S"}]},{"@type":"WebSite","@id":"https:\/\/safetypartners.fi\/kauppa\/#website","url":"https:\/\/safetypartners.fi\/kauppa\/","name":"Safety Partners","description":"Safety Partners turvakauppa palvelee verkossa 24\/7!","publisher":{"@id":"https:\/\/safetypartners.fi\/kauppa\/#organization"},"potentialAction":[{"@type":"SearchAction","target":{"@type":"EntryPoint","urlTemplate":"https:\/\/safetypartners.fi\/kauppa\/?s={search_term_string}"},"query-input":{"@type":"PropertyValueSpecification","valueRequired":true,"valueName":"search_term_string"}}],"inLanguage":"fi"},{"@type":"Organization","@id":"https:\/\/safetypartners.fi\/kauppa\/#organization","name":"Safety Partners | Suomen Sammutinpalvelu","url":"https:\/\/safetypartners.fi\/kauppa\/","logo":{"@type":"ImageObject","inLanguage":"fi","@id":"https:\/\/safetypartners.fi\/kauppa\/#\/schema\/logo\/image\/","url":"https:\/\/safetypartners.fi\/kauppa\/wp-content\/uploads\/2020\/05\/cropped-Logoke-1.jpg","contentUrl":"https:\/\/safetypartners.fi\/kauppa\/wp-content\/uploads\/2020\/05\/cropped-Logoke-1.jpg","width":847,"height":717,"caption":"Safety Partners | Suomen Sammutinpalvelu"},"image":{"@id":"https:\/\/safetypartners.fi\/kauppa\/#\/schema\/logo\/image\/"}}]}},"uagb_featured_image_src":{"full":["https:\/\/safetypartners.fi\/kauppa\/wp-content\/uploads\/2024\/10\/11159_pimpim.png",400,400,false],"thumbnail":["https:\/\/safetypartners.fi\/kauppa\/wp-content\/uploads\/2024\/10\/11159_pimpim-150x150.png",150,150,true],"medium":["https:\/\/safetypartners.fi\/kauppa\/wp-content\/uploads\/2024\/10\/11159_pimpim-300x300.png",300,300,true],"medium_large":["https:\/\/safetypartners.fi\/kauppa\/wp-content\/uploads\/2024\/10\/11159_pimpim.png",400,400,false],"large":["https:\/\/safetypartners.fi\/kauppa\/wp-content\/uploads\/2024\/10\/11159_pimpim.png",400,400,false],"1536x1536":["https:\/\/safetypartners.fi\/kauppa\/wp-content\/uploads\/2024\/10\/11159_pimpim.png",400,400,false],"2048x2048":["https:\/\/safetypartners.fi\/kauppa\/wp-content\/uploads\/2024\/10\/11159_pimpim.png",400,400,false],"woocommerce_thumbnail":["https:\/\/safetypartners.fi\/kauppa\/wp-content\/uploads\/2024\/10\/11159_pimpim-300x300.png",300,300,true],"woocommerce_single":["https:\/\/safetypartners.fi\/kauppa\/wp-content\/uploads\/2024\/10\/11159_pimpim.png",400,400,false],"woocommerce_gallery_thumbnail":["https:\/\/safetypartners.fi\/kauppa\/wp-content\/uploads\/2024\/10\/11159_pimpim-100x100.png",100,100,true]},"uagb_author_info":{"display_name":"Anu Lehto","author_link":"https:\/\/safetypartners.fi\/kauppa\/author"},"uagb_comment_info":2,"uagb_excerpt":"Vesivuotovaroitin - Housegard WA201S varoittaa nopeasti ja tehokkaasti vuotavista vesiputkista, pyykin- ja astianpesukoneista. Sopii k\u00e4ytett\u00e4v\u00e4ksi my\u00f6s kylpyammeiden, vessojen sek\u00e4 k\u00e4sienpesualtaiden l\u00e4hell\u00e4. Vesivuotovaroitin havaitsee vesivuodon ennen kuin se ehtii aiheuttamaan suurta vahinkoa. H\u00e4lytys tulee heti, kun vesi osuu h\u00e4lyttimen pohjassa oleviin antureihin. Vesivuotovaroitin on loistava ja edullinen tapa est\u00e4\u00e4 mittavia kunnostuksia vaativat vesivahingot! Viiden vuoden takuu","_links":{"self":[{"href":"https:\/\/safetypartners.fi\/kauppa\/wp-json\/wp\/v2\/product\/2013","targetHints":{"allow":["GET"]}}],"collection":[{"href":"https:\/\/safetypartners.fi\/kauppa\/wp-json\/wp\/v2\/product"}],"about":[{"href":"https:\/\/safetypartners.fi\/kauppa\/wp-json\/wp\/v2\/types\/product"}],"replies":[{"embeddable":true,"href":"https:\/\/safetypartners.fi\/kauppa\/wp-json\/wp\/v2\/comments?post=2013"}],"version-history":[{"count":4,"href":"https:\/\/safetypartners.fi\/kauppa\/wp-json\/wp\/v2\/product\/2013\/revisions"}],"predecessor-version":[{"id":3328,"href":"https:\/\/safetypartners.fi\/kauppa\/wp-json\/wp\/v2\/product\/2013\/revisions\/3328"}],"wp:featuredmedia":[{"embeddable":true,"href":"https:\/\/safetypartners.fi\/kauppa\/wp-json\/wp\/v2\/media\/2014"}],"wp:attachment":[{"href":"https:\/\/safetypartners.fi\/kauppa\/wp-json\/wp\/v2\/media?parent=2013"}],"wp:term":[{"taxonomy":"product_brand","embeddable":true,"href":"https:\/\/safetypartners.fi\/kauppa\/wp-json\/wp\/v2\/product_brand?post=2013"},{"taxonomy":"product_cat","embeddable":true,"href":"https:\/\/safetypartners.fi\/kauppa\/wp-json\/wp\/v2\/product_cat?post=2013"},{"taxonomy":"product_tag","embeddable":true,"href":"https:\/\/safetypartners.fi\/kauppa\/wp-json\/wp\/v2\/product_tag?post=2013"}],"curies":[{"name":"wp","href":"https:\/\/api.w.org\/{rel}","templated":true}]}}