{"id":2019,"date":"2024-10-14T15:22:24","date_gmt":"2024-10-14T12:22:24","guid":{"rendered":"https:\/\/safetypartners.fi\/kauppa\/?post_type=product&#038;p=2019"},"modified":"2026-01-27T02:28:18","modified_gmt":"2026-01-27T00:28:18","slug":"smartlife-alykas-vedenilmaisin-nedis","status":"publish","type":"product","link":"https:\/\/safetypartners.fi\/kauppa\/tuote\/smartlife-alykas-vedenilmaisin-nedis","title":{"rendered":"SmartLife \u00e4lyk\u00e4s vedenilmaisin, Nedis"},"content":{"rendered":"<ul>\n<li>Veden tunnistus ja h\u00e4lytys ongelman varhaisimmissa vaiheissa<\/li>\n<li>\u00c4\u00e4nih\u00e4lytys ja push-ilmoitus puhelimeesi varmistavat, ett\u00e4 saat tiedon ripe\u00e4sti<\/li>\n<li>Voidaan yhdist\u00e4\u00e4 suoraan Wi-Fi-reitittimeen &#8211; keskitint\u00e4 ei tarvita<\/li>\n<li>Vaihdettavan pariston k\u00e4ytt\u00f6ik\u00e4 yli kaksi vuotta<\/li>\n<li>Jatkokaapelin avulla voit tehd\u00e4 tarkistuksia jopa 115 cm:n p\u00e4\u00e4h\u00e4n ilmaisimesta ja tavoittaa vaikeap\u00e4\u00e4syiset putket<\/li>\n<li>Toimintal\u00e4mp\u00f6tila-alue: 0 &#8211; 40 \u00b0C<\/li>\n<li>H\u00e4lytys\u00e4\u00e4ni: \u00a050 dB<\/li>\n<li>Akun tyyppi: CR123A, CR2<\/li>\n<\/ul>\n<p><strong>Push-ilmoitukset<\/strong><br \/>\nKun langaton vuodonilmaisin havaitsee vett\u00e4, se varoittaa k\u00e4ynnist\u00e4m\u00e4ll\u00e4 \u00e4\u00e4nisignaalin ja l\u00e4hett\u00e4m\u00e4ll\u00e4 push-ilmoituksen matkapuhelimeesi (kun sovellus on aktivoitu). Ilmaisimen langaton kantama on per\u00e4ti 45 metri\u00e4, joten sen voi sijoittaa kodin tai toimiston vaikeap\u00e4\u00e4syisimpiin paikkoihin.<\/p>\n<p><strong>Pakkaussis\u00e4lt\u00f6<\/strong><\/p>\n<p>Vesitunnistin (sis. akkupariston)<br \/>\nSein\u00e4kiinnike<br \/>\nPidennin<br \/>\nPika-aloitusopas<\/p>\n<div class=\"ast-oembed-container \" style=\"height: 100%;\"><iframe title=\"Nedis\u00ae SmartLife (-Lla)\" width=\"500\" height=\"281\" src=\"https:\/\/www.youtube.com\/embed\/ZgBEet3Miyg?feature=oembed\" frameborder=\"0\" allow=\"accelerometer; autoplay; clipboard-write; encrypted-media; gyroscope; picture-in-picture; web-share\" referrerpolicy=\"strict-origin-when-cross-origin\" allowfullscreen><\/iframe><\/div>\n","protected":false},"excerpt":{"rendered":"<p><strong>SmartLifen \u00e4lyk\u00e4s vedenilmaisin<\/strong> on langaton, helppok\u00e4ytt\u00f6inen vuodonilmaisin. Laitteen saa yhdistetty\u00e4 kodin tai toimiston Wi-Fi-verkkoon ilman erillist\u00e4 keskitint\u00e4. \u00c4lyk\u00e4s vuotoilmaisin helpottaa vesivuotojen valvontaa vaikeap\u00e4\u00e4syisiss\u00e4 paikoissa, kuten putkien alla ja kaappien takana. \u00c4lykk\u00e4\u00e4n vedenilmaisimen avulla saat aikaisen vuotovaroituksen my\u00f6s puhelinsovelluksen kautta, ennen kuin ongelma ehtii pahentumaan.<\/p>\n<p>SmartLife-vedenilmaisin valvoo esim. putkea yli metrin matkalta. Voit k\u00e4ytt\u00e4\u00e4 k\u00e4tev\u00e4\u00e4 laajennusosaa (leveys 6 mm ja pituus 115 cm) vaikeap\u00e4\u00e4syisten paikkojen valvontaan. Akkuk\u00e4ytt\u00f6isen, huoltovapaan vedenilmaisimen valmiusaika on yli kaksi vuotta.<\/p>\n","protected":false},"featured_media":2020,"comment_status":"open","ping_status":"closed","template":"","meta":{"_uag_custom_page_level_css":"","site-sidebar-layout":"default","site-content-layout":"","ast-site-content-layout":"default","site-content-style":"default","site-sidebar-style":"default","ast-global-header-display":"","ast-banner-title-visibility":"","ast-main-header-display":"","ast-hfb-above-header-display":"","ast-hfb-below-header-display":"","ast-hfb-mobile-header-display":"","site-post-title":"","ast-breadcrumbs-content":"","ast-featured-img":"","footer-sml-layout":"","ast-disable-related-posts":"","theme-transparent-header-meta":"default","adv-header-id-meta":"","stick-header-meta":"default","header-above-stick-meta":"","header-main-stick-meta":"","header-below-stick-meta":"","astra-migrate-meta-layouts":"set","ast-page-background-enabled":"default","ast-page-background-meta":{"desktop":{"background-color":"","background-image":"","background-repeat":"repeat","background-position":"center center","background-size":"auto","background-attachment":"scroll","background-type":"","background-media":"","overlay-type":"","overlay-color":"","overlay-opacity":"","overlay-gradient":""},"tablet":{"background-color":"","background-image":"","background-repeat":"repeat","background-position":"center center","background-size":"auto","background-attachment":"scroll","background-type":"","background-media":"","overlay-type":"","overlay-color":"","overlay-opacity":"","overlay-gradient":""},"mobile":{"background-color":"","background-image":"","background-repeat":"repeat","background-position":"center center","background-size":"auto","background-attachment":"scroll","background-type":"","background-media":"","overlay-type":"","overlay-color":"","overlay-opacity":"","overlay-gradient":""}},"ast-content-background-meta":{"desktop":{"background-color":"var(--ast-global-color-5)","background-image":"","background-repeat":"repeat","background-position":"center center","background-size":"auto","background-attachment":"scroll","background-type":"","background-media":"","overlay-type":"","overlay-color":"","overlay-opacity":"","overlay-gradient":""},"tablet":{"background-color":"var(--ast-global-color-5)","background-image":"","background-repeat":"repeat","background-position":"center center","background-size":"auto","background-attachment":"scroll","background-type":"","background-media":"","overlay-type":"","overlay-color":"","overlay-opacity":"","overlay-gradient":""},"mobile":{"background-color":"var(--ast-global-color-5)","background-image":"","background-repeat":"repeat","background-position":"center center","background-size":"auto","background-attachment":"scroll","background-type":"","background-media":"","overlay-type":"","overlay-color":"","overlay-opacity":"","overlay-gradient":""}}},"product_brand":[],"product_cat":[15,32],"product_tag":[704,698,703,331,700,699,702,34,701,1171,632],"class_list":{"0":"post-2019","1":"product","2":"type-product","3":"status-publish","4":"has-post-thumbnail","6":"product_cat-yleinen","7":"product_cat-koti-ja-omaisuusturva","8":"product_tag-alykas-vahti","9":"product_tag-alykas-vedenilmaisin","10":"product_tag-etahalytin","11":"product_tag-halytin","12":"product_tag-nedis","13":"product_tag-smartlife","14":"product_tag-sovellus","15":"product_tag-varoitin","16":"product_tag-vesivuoto","17":"product_tag-vuotovahti","18":"product_tag-wi-fi","19":"product_shipping_class-suomi","20":"desktop-align-center","21":"tablet-align-center","22":"mobile-align-center","23":"ast-product-gallery-layout-horizontal-slider","24":"ast-product-tabs-layout-horizontal","26":"first","27":"instock","28":"taxable","29":"shipping-taxable","30":"purchasable","31":"product-type-simple"},"yoast_head":"<!-- This site is optimized with the Yoast SEO plugin v27.3 - https:\/\/yoast.com\/product\/yoast-seo-wordpress\/ -->\n<title>SmartLife \u00e4lyk\u00e4s vedenilmaisin, Nedis - Safety Partners<\/title>\n<meta name=\"description\" content=\"\u00c4lyk\u00e4s vedenilmaisin helpottaa vesivuotojen valvontaa vaikeap\u00e4\u00e4syisiss\u00e4 paikoissa. Saat varoituksen alkavasta vesivuodosta puhelinsovelluksen kautta heti!\" \/>\n<meta name=\"robots\" content=\"index, follow, max-snippet:-1, max-image-preview:large, max-video-preview:-1\" \/>\n<link rel=\"canonical\" href=\"https:\/\/safetypartners.fi\/kauppa\/tuote\/smartlife-alykas-vedenilmaisin-nedis\" \/>\n<meta property=\"og:locale\" content=\"fi_FI\" \/>\n<meta property=\"og:type\" content=\"article\" \/>\n<meta property=\"og:title\" content=\"SmartLife \u00e4lyk\u00e4s vedenilmaisin, Nedis - Safety Partners\" \/>\n<meta property=\"og:description\" content=\"\u00c4lyk\u00e4s vedenilmaisin helpottaa vesivuotojen valvontaa vaikeap\u00e4\u00e4syisiss\u00e4 paikoissa. Saat varoituksen alkavasta vesivuodosta puhelinsovelluksen kautta heti!\" \/>\n<meta property=\"og:url\" content=\"https:\/\/safetypartners.fi\/kauppa\/tuote\/smartlife-alykas-vedenilmaisin-nedis\" \/>\n<meta property=\"og:site_name\" content=\"Safety Partners\" \/>\n<meta property=\"article:modified_time\" content=\"2026-01-27T00:28:18+00:00\" \/>\n<meta property=\"og:image\" content=\"https:\/\/safetypartners.fi\/kauppa\/wp-content\/uploads\/2024\/10\/WIFIDW10WT_P50.jpg\" \/>\n\t<meta property=\"og:image:width\" content=\"400\" \/>\n\t<meta property=\"og:image:height\" content=\"400\" \/>\n\t<meta property=\"og:image:type\" content=\"image\/jpeg\" \/>\n<meta name=\"twitter:card\" content=\"summary_large_image\" \/>\n<meta name=\"twitter:label1\" content=\"Arvioitu lukuaika\" \/>\n\t<meta name=\"twitter:data1\" content=\"1 minuutti\" \/>\n<script type=\"application\/ld+json\" class=\"yoast-schema-graph\">{\"@context\":\"https:\\\/\\\/schema.org\",\"@graph\":[{\"@type\":\"WebPage\",\"@id\":\"https:\\\/\\\/safetypartners.fi\\\/kauppa\\\/tuote\\\/smartlife-alykas-vedenilmaisin-nedis\",\"url\":\"https:\\\/\\\/safetypartners.fi\\\/kauppa\\\/tuote\\\/smartlife-alykas-vedenilmaisin-nedis\",\"name\":\"SmartLife \u00e4lyk\u00e4s vedenilmaisin, Nedis - Safety Partners\",\"isPartOf\":{\"@id\":\"https:\\\/\\\/safetypartners.fi\\\/kauppa\\\/#website\"},\"primaryImageOfPage\":{\"@id\":\"https:\\\/\\\/safetypartners.fi\\\/kauppa\\\/tuote\\\/smartlife-alykas-vedenilmaisin-nedis#primaryimage\"},\"image\":{\"@id\":\"https:\\\/\\\/safetypartners.fi\\\/kauppa\\\/tuote\\\/smartlife-alykas-vedenilmaisin-nedis#primaryimage\"},\"thumbnailUrl\":\"https:\\\/\\\/safetypartners.fi\\\/kauppa\\\/wp-content\\\/uploads\\\/2024\\\/10\\\/WIFIDW10WT_P50.jpg\",\"datePublished\":\"2024-10-14T12:22:24+00:00\",\"dateModified\":\"2026-01-27T00:28:18+00:00\",\"description\":\"\u00c4lyk\u00e4s vedenilmaisin helpottaa vesivuotojen valvontaa vaikeap\u00e4\u00e4syisiss\u00e4 paikoissa. Saat varoituksen alkavasta vesivuodosta puhelinsovelluksen kautta heti!\",\"breadcrumb\":{\"@id\":\"https:\\\/\\\/safetypartners.fi\\\/kauppa\\\/tuote\\\/smartlife-alykas-vedenilmaisin-nedis#breadcrumb\"},\"inLanguage\":\"fi\",\"potentialAction\":[{\"@type\":\"ReadAction\",\"target\":[\"https:\\\/\\\/safetypartners.fi\\\/kauppa\\\/tuote\\\/smartlife-alykas-vedenilmaisin-nedis\"]}]},{\"@type\":\"ImageObject\",\"inLanguage\":\"fi\",\"@id\":\"https:\\\/\\\/safetypartners.fi\\\/kauppa\\\/tuote\\\/smartlife-alykas-vedenilmaisin-nedis#primaryimage\",\"url\":\"https:\\\/\\\/safetypartners.fi\\\/kauppa\\\/wp-content\\\/uploads\\\/2024\\\/10\\\/WIFIDW10WT_P50.jpg\",\"contentUrl\":\"https:\\\/\\\/safetypartners.fi\\\/kauppa\\\/wp-content\\\/uploads\\\/2024\\\/10\\\/WIFIDW10WT_P50.jpg\",\"width\":400,\"height\":400,\"caption\":\"SmartLife \u00e4lyk\u00e4s vedenilmaisin Nedisilt\u00e4\"},{\"@type\":\"BreadcrumbList\",\"@id\":\"https:\\\/\\\/safetypartners.fi\\\/kauppa\\\/tuote\\\/smartlife-alykas-vedenilmaisin-nedis#breadcrumb\",\"itemListElement\":[{\"@type\":\"ListItem\",\"position\":1,\"name\":\"Home\",\"item\":\"https:\\\/\\\/safetypartners.fi\\\/kauppa\\\/\"},{\"@type\":\"ListItem\",\"position\":2,\"name\":\"Kauppa\",\"item\":\"https:\\\/\\\/safetypartners.fi\\\/kauppa\\\/kauppa\"},{\"@type\":\"ListItem\",\"position\":3,\"name\":\"SmartLife \u00e4lyk\u00e4s vedenilmaisin, Nedis\"}]},{\"@type\":\"WebSite\",\"@id\":\"https:\\\/\\\/safetypartners.fi\\\/kauppa\\\/#website\",\"url\":\"https:\\\/\\\/safetypartners.fi\\\/kauppa\\\/\",\"name\":\"Safety Partners\",\"description\":\"Safety Partners turvakauppa palvelee verkossa 24\\\/7!\",\"publisher\":{\"@id\":\"https:\\\/\\\/safetypartners.fi\\\/kauppa\\\/#organization\"},\"potentialAction\":[{\"@type\":\"SearchAction\",\"target\":{\"@type\":\"EntryPoint\",\"urlTemplate\":\"https:\\\/\\\/safetypartners.fi\\\/kauppa\\\/?s={search_term_string}\"},\"query-input\":{\"@type\":\"PropertyValueSpecification\",\"valueRequired\":true,\"valueName\":\"search_term_string\"}}],\"inLanguage\":\"fi\"},{\"@type\":\"Organization\",\"@id\":\"https:\\\/\\\/safetypartners.fi\\\/kauppa\\\/#organization\",\"name\":\"Safety Partners | Suomen Sammutinpalvelu\",\"url\":\"https:\\\/\\\/safetypartners.fi\\\/kauppa\\\/\",\"logo\":{\"@type\":\"ImageObject\",\"inLanguage\":\"fi\",\"@id\":\"https:\\\/\\\/safetypartners.fi\\\/kauppa\\\/#\\\/schema\\\/logo\\\/image\\\/\",\"url\":\"https:\\\/\\\/safetypartners.fi\\\/kauppa\\\/wp-content\\\/uploads\\\/2020\\\/05\\\/cropped-Logoke-1.jpg\",\"contentUrl\":\"https:\\\/\\\/safetypartners.fi\\\/kauppa\\\/wp-content\\\/uploads\\\/2020\\\/05\\\/cropped-Logoke-1.jpg\",\"width\":847,\"height\":717,\"caption\":\"Safety Partners | Suomen Sammutinpalvelu\"},\"image\":{\"@id\":\"https:\\\/\\\/safetypartners.fi\\\/kauppa\\\/#\\\/schema\\\/logo\\\/image\\\/\"}}]}<\/script>\n<!-- \/ Yoast SEO plugin. -->","yoast_head_json":{"title":"SmartLife \u00e4lyk\u00e4s vedenilmaisin, Nedis - Safety Partners","description":"\u00c4lyk\u00e4s vedenilmaisin helpottaa vesivuotojen valvontaa vaikeap\u00e4\u00e4syisiss\u00e4 paikoissa. Saat varoituksen alkavasta vesivuodosta puhelinsovelluksen kautta heti!","robots":{"index":"index","follow":"follow","max-snippet":"max-snippet:-1","max-image-preview":"max-image-preview:large","max-video-preview":"max-video-preview:-1"},"canonical":"https:\/\/safetypartners.fi\/kauppa\/tuote\/smartlife-alykas-vedenilmaisin-nedis","og_locale":"fi_FI","og_type":"article","og_title":"SmartLife \u00e4lyk\u00e4s vedenilmaisin, Nedis - Safety Partners","og_description":"\u00c4lyk\u00e4s vedenilmaisin helpottaa vesivuotojen valvontaa vaikeap\u00e4\u00e4syisiss\u00e4 paikoissa. Saat varoituksen alkavasta vesivuodosta puhelinsovelluksen kautta heti!","og_url":"https:\/\/safetypartners.fi\/kauppa\/tuote\/smartlife-alykas-vedenilmaisin-nedis","og_site_name":"Safety Partners","article_modified_time":"2026-01-27T00:28:18+00:00","og_image":[{"width":400,"height":400,"url":"https:\/\/safetypartners.fi\/kauppa\/wp-content\/uploads\/2024\/10\/WIFIDW10WT_P50.jpg","type":"image\/jpeg"}],"twitter_card":"summary_large_image","twitter_misc":{"Arvioitu lukuaika":"1 minuutti"},"schema":{"@context":"https:\/\/schema.org","@graph":[{"@type":"WebPage","@id":"https:\/\/safetypartners.fi\/kauppa\/tuote\/smartlife-alykas-vedenilmaisin-nedis","url":"https:\/\/safetypartners.fi\/kauppa\/tuote\/smartlife-alykas-vedenilmaisin-nedis","name":"SmartLife \u00e4lyk\u00e4s vedenilmaisin, Nedis - Safety Partners","isPartOf":{"@id":"https:\/\/safetypartners.fi\/kauppa\/#website"},"primaryImageOfPage":{"@id":"https:\/\/safetypartners.fi\/kauppa\/tuote\/smartlife-alykas-vedenilmaisin-nedis#primaryimage"},"image":{"@id":"https:\/\/safetypartners.fi\/kauppa\/tuote\/smartlife-alykas-vedenilmaisin-nedis#primaryimage"},"thumbnailUrl":"https:\/\/safetypartners.fi\/kauppa\/wp-content\/uploads\/2024\/10\/WIFIDW10WT_P50.jpg","datePublished":"2024-10-14T12:22:24+00:00","dateModified":"2026-01-27T00:28:18+00:00","description":"\u00c4lyk\u00e4s vedenilmaisin helpottaa vesivuotojen valvontaa vaikeap\u00e4\u00e4syisiss\u00e4 paikoissa. Saat varoituksen alkavasta vesivuodosta puhelinsovelluksen kautta heti!","breadcrumb":{"@id":"https:\/\/safetypartners.fi\/kauppa\/tuote\/smartlife-alykas-vedenilmaisin-nedis#breadcrumb"},"inLanguage":"fi","potentialAction":[{"@type":"ReadAction","target":["https:\/\/safetypartners.fi\/kauppa\/tuote\/smartlife-alykas-vedenilmaisin-nedis"]}]},{"@type":"ImageObject","inLanguage":"fi","@id":"https:\/\/safetypartners.fi\/kauppa\/tuote\/smartlife-alykas-vedenilmaisin-nedis#primaryimage","url":"https:\/\/safetypartners.fi\/kauppa\/wp-content\/uploads\/2024\/10\/WIFIDW10WT_P50.jpg","contentUrl":"https:\/\/safetypartners.fi\/kauppa\/wp-content\/uploads\/2024\/10\/WIFIDW10WT_P50.jpg","width":400,"height":400,"caption":"SmartLife \u00e4lyk\u00e4s vedenilmaisin Nedisilt\u00e4"},{"@type":"BreadcrumbList","@id":"https:\/\/safetypartners.fi\/kauppa\/tuote\/smartlife-alykas-vedenilmaisin-nedis#breadcrumb","itemListElement":[{"@type":"ListItem","position":1,"name":"Home","item":"https:\/\/safetypartners.fi\/kauppa\/"},{"@type":"ListItem","position":2,"name":"Kauppa","item":"https:\/\/safetypartners.fi\/kauppa\/kauppa"},{"@type":"ListItem","position":3,"name":"SmartLife \u00e4lyk\u00e4s vedenilmaisin, Nedis"}]},{"@type":"WebSite","@id":"https:\/\/safetypartners.fi\/kauppa\/#website","url":"https:\/\/safetypartners.fi\/kauppa\/","name":"Safety Partners","description":"Safety Partners turvakauppa palvelee verkossa 24\/7!","publisher":{"@id":"https:\/\/safetypartners.fi\/kauppa\/#organization"},"potentialAction":[{"@type":"SearchAction","target":{"@type":"EntryPoint","urlTemplate":"https:\/\/safetypartners.fi\/kauppa\/?s={search_term_string}"},"query-input":{"@type":"PropertyValueSpecification","valueRequired":true,"valueName":"search_term_string"}}],"inLanguage":"fi"},{"@type":"Organization","@id":"https:\/\/safetypartners.fi\/kauppa\/#organization","name":"Safety Partners | Suomen Sammutinpalvelu","url":"https:\/\/safetypartners.fi\/kauppa\/","logo":{"@type":"ImageObject","inLanguage":"fi","@id":"https:\/\/safetypartners.fi\/kauppa\/#\/schema\/logo\/image\/","url":"https:\/\/safetypartners.fi\/kauppa\/wp-content\/uploads\/2020\/05\/cropped-Logoke-1.jpg","contentUrl":"https:\/\/safetypartners.fi\/kauppa\/wp-content\/uploads\/2020\/05\/cropped-Logoke-1.jpg","width":847,"height":717,"caption":"Safety Partners | Suomen Sammutinpalvelu"},"image":{"@id":"https:\/\/safetypartners.fi\/kauppa\/#\/schema\/logo\/image\/"}}]}},"uagb_featured_image_src":{"full":["https:\/\/safetypartners.fi\/kauppa\/wp-content\/uploads\/2024\/10\/WIFIDW10WT_P50.jpg",400,400,false],"thumbnail":["https:\/\/safetypartners.fi\/kauppa\/wp-content\/uploads\/2024\/10\/WIFIDW10WT_P50-150x150.jpg",150,150,true],"medium":["https:\/\/safetypartners.fi\/kauppa\/wp-content\/uploads\/2024\/10\/WIFIDW10WT_P50-300x300.jpg",300,300,true],"medium_large":["https:\/\/safetypartners.fi\/kauppa\/wp-content\/uploads\/2024\/10\/WIFIDW10WT_P50.jpg",400,400,false],"large":["https:\/\/safetypartners.fi\/kauppa\/wp-content\/uploads\/2024\/10\/WIFIDW10WT_P50.jpg",400,400,false],"1536x1536":["https:\/\/safetypartners.fi\/kauppa\/wp-content\/uploads\/2024\/10\/WIFIDW10WT_P50.jpg",400,400,false],"2048x2048":["https:\/\/safetypartners.fi\/kauppa\/wp-content\/uploads\/2024\/10\/WIFIDW10WT_P50.jpg",400,400,false],"woocommerce_thumbnail":["https:\/\/safetypartners.fi\/kauppa\/wp-content\/uploads\/2024\/10\/WIFIDW10WT_P50-300x300.jpg",300,300,true],"woocommerce_single":["https:\/\/safetypartners.fi\/kauppa\/wp-content\/uploads\/2024\/10\/WIFIDW10WT_P50.jpg",400,400,false],"woocommerce_gallery_thumbnail":["https:\/\/safetypartners.fi\/kauppa\/wp-content\/uploads\/2024\/10\/WIFIDW10WT_P50-100x100.jpg",100,100,true]},"uagb_author_info":{"display_name":"Anu Lehto","author_link":"https:\/\/safetypartners.fi\/kauppa\/author"},"uagb_comment_info":0,"uagb_excerpt":"SmartLifen \u00e4lyk\u00e4s vedenilmaisin on langaton, helppok\u00e4ytt\u00f6inen vuodonilmaisin. Laitteen saa yhdistetty\u00e4 kodin tai toimiston Wi-Fi-verkkoon ilman erillist\u00e4 keskitint\u00e4. \u00c4lyk\u00e4s vuotoilmaisin helpottaa vesivuotojen valvontaa vaikeap\u00e4\u00e4syisiss\u00e4 paikoissa, kuten putkien alla ja kaappien takana. \u00c4lykk\u00e4\u00e4n vedenilmaisimen avulla saat aikaisen vuotovaroituksen my\u00f6s puhelinsovelluksen kautta, ennen kuin ongelma ehtii pahentumaan. SmartLife-vedenilmaisin valvoo esim. putkea yli metrin matkalta. Voit k\u00e4ytt\u00e4\u00e4 k\u00e4tev\u00e4\u00e4 laajennusosaa&hellip;","_links":{"self":[{"href":"https:\/\/safetypartners.fi\/kauppa\/wp-json\/wp\/v2\/product\/2019","targetHints":{"allow":["GET"]}}],"collection":[{"href":"https:\/\/safetypartners.fi\/kauppa\/wp-json\/wp\/v2\/product"}],"about":[{"href":"https:\/\/safetypartners.fi\/kauppa\/wp-json\/wp\/v2\/types\/product"}],"replies":[{"embeddable":true,"href":"https:\/\/safetypartners.fi\/kauppa\/wp-json\/wp\/v2\/comments?post=2019"}],"version-history":[{"count":3,"href":"https:\/\/safetypartners.fi\/kauppa\/wp-json\/wp\/v2\/product\/2019\/revisions"}],"predecessor-version":[{"id":2027,"href":"https:\/\/safetypartners.fi\/kauppa\/wp-json\/wp\/v2\/product\/2019\/revisions\/2027"}],"wp:featuredmedia":[{"embeddable":true,"href":"https:\/\/safetypartners.fi\/kauppa\/wp-json\/wp\/v2\/media\/2020"}],"wp:attachment":[{"href":"https:\/\/safetypartners.fi\/kauppa\/wp-json\/wp\/v2\/media?parent=2019"}],"wp:term":[{"taxonomy":"product_brand","embeddable":true,"href":"https:\/\/safetypartners.fi\/kauppa\/wp-json\/wp\/v2\/product_brand?post=2019"},{"taxonomy":"product_cat","embeddable":true,"href":"https:\/\/safetypartners.fi\/kauppa\/wp-json\/wp\/v2\/product_cat?post=2019"},{"taxonomy":"product_tag","embeddable":true,"href":"https:\/\/safetypartners.fi\/kauppa\/wp-json\/wp\/v2\/product_tag?post=2019"}],"curies":[{"name":"wp","href":"https:\/\/api.w.org\/{rel}","templated":true}]}}