{"id":2032,"date":"2024-10-15T12:19:09","date_gmt":"2024-10-15T09:19:09","guid":{"rendered":"https:\/\/safetypartners.fi\/kauppa\/?post_type=product&#038;p=2032"},"modified":"2026-01-07T12:34:39","modified_gmt":"2026-01-07T10:34:39","slug":"smartlife-kaksisuuntainen-ip-kamera-ilmastoanturi-nedis","status":"publish","type":"product","link":"https:\/\/safetypartners.fi\/kauppa\/tuote\/smartlife-kaksisuuntainen-ip-kamera-ilmastoanturi-nedis","title":{"rendered":"SmartLife kaksisuuntainen IP-kamera &#038; ilmastoanturi, Nedis"},"content":{"rendered":"<p>\u2022 \u00c4lyk\u00e4s IP-kamera reagoi automaattisesti ja tallentaa liikkeen tai \u00e4\u00e4nen huoneessa<br \/>\n\u2022 Full HD-tarkkuus kristallinkirkkaisiin tallenteisiin 1080h<br \/>\n\u2022 Helppo yhdist\u00e4\u00e4 suoraan omaan Wi-Fi-verkkoon \u2013 erillist\u00e4 keskitint\u00e4 ei tarvita<br \/>\n\u2022 Voidaan k\u00e4ytt\u00e4\u00e4 my\u00f6s itkuh\u00e4lyttimen\u00e4 (kaksisuuntaisella yhteydell\u00e4) ja l\u00e4mp\u00f6tilan seurantalaitteena<br \/>\n\u2022 Tukee ONVIF (Open Network Video Interface Forum) -tekniikkaa, ja voidaan katsoa selaimessa<br \/>\n\u2022 Monik\u00e4ytt\u00e4j\u00e4toiminto, jolloin useat henkil\u00f6t voivat k\u00e4ytt\u00e4\u00e4 kameraa samanaikaisesti<br \/>\n\u2022 Mukana toimitetaan kamerateline\/sein\u00e4kiinnike helppoa sein\u00e4\u00e4nkiinnityst\u00e4 varten<br \/>\n\u2022 T\u00e4ysin yhteensopiva muiden Nedis\u00ae SmartLife -valikoiman tuotteiden kanssa<\/p>\n<p><strong>Pakkauksessa:<\/strong><\/p>\n<p>IP-kamera<br \/>\nIlmastoanturi<br \/>\nUSB-kaapeli<br \/>\nVirtasovitin<br \/>\nKamerateline<br \/>\nPika-asennusohje<\/p>\n<div class=\"ast-oembed-container \" style=\"height: 100%;\"><iframe title=\"Nedis\u00ae SmartLife (-Lla)\" width=\"500\" height=\"281\" src=\"https:\/\/www.youtube.com\/embed\/ZgBEet3Miyg?feature=oembed\" frameborder=\"0\" allow=\"accelerometer; autoplay; clipboard-write; encrypted-media; gyroscope; picture-in-picture; web-share\" referrerpolicy=\"strict-origin-when-cross-origin\" allowfullscreen><\/iframe><\/div>\n","protected":false},"excerpt":{"rendered":"<p><strong>Nedis SmartLife -IP-kamera <\/strong>on k\u00e4tev\u00e4 lis\u00e4 kodin \u00e4lyj\u00e4rjestelmiin. Kameran voi yhdist\u00e4\u00e4 suoraan Wi-Fi-verkkoon ilman lis\u00e4liit\u00e4nt\u00e4\u00e4 ja se k\u00e4ynnistyy mist\u00e4 tahansa liikkeest\u00e4 tai \u00e4\u00e4nest\u00e4 huoneessa. Yksikk\u00f6\u00f6n lis\u00e4tt\u00e4v\u00e4ll\u00e4 ilmastoanturilla voi seurata ymp\u00e4rist\u00f6n l\u00e4mp\u00f6tilaa sek\u00e4 kosteutta huoneessa. \u00c4lykk\u00e4\u00e4ss\u00e4 IP-kamerassa on kaksisuuntainen yhteys (puhe ja kuuntelu) ja sit\u00e4 voi k\u00e4ytt\u00e4\u00e4 my\u00f6s mm. itkuh\u00e4lyttimen\u00e4 hyv\u00e4n \u00e4\u00e4nentoiston ansiosta.<\/p>\n<p>Kamera tallentaa selkeit\u00e4 kuvia Full HD-tarkkuudella (1080p). Laite on my\u00f6s tehokas y\u00f6ll\u00e4: sen y\u00f6kuvaustilan kantama on 5 metri\u00e4. Kameraan sopii max. 128 Gt:n microSD-kortti (<strong>ei<\/strong> sis. pakkaukseen), ja n\u00e4in voit hankkia paljon tilaa kuvamateriaalin tallentamiseen. Laitteen joustavan rakenteen ansiosta sen voi sijoittaa huoneessa minne tahansa ja sill\u00e4 voi tallentaa 110 asteen kuvauskulmasta 1\/4 tuuman CMOS-kennolla.<\/p>\n","protected":false},"featured_media":2033,"comment_status":"open","ping_status":"closed","template":"","meta":{"_uag_custom_page_level_css":"","site-sidebar-layout":"default","site-content-layout":"","ast-site-content-layout":"default","site-content-style":"default","site-sidebar-style":"default","ast-global-header-display":"","ast-banner-title-visibility":"","ast-main-header-display":"","ast-hfb-above-header-display":"","ast-hfb-below-header-display":"","ast-hfb-mobile-header-display":"","site-post-title":"","ast-breadcrumbs-content":"","ast-featured-img":"","footer-sml-layout":"","ast-disable-related-posts":"","theme-transparent-header-meta":"default","adv-header-id-meta":"","stick-header-meta":"default","header-above-stick-meta":"","header-main-stick-meta":"","header-below-stick-meta":"","astra-migrate-meta-layouts":"set","ast-page-background-enabled":"default","ast-page-background-meta":{"desktop":{"background-color":"","background-image":"","background-repeat":"repeat","background-position":"center center","background-size":"auto","background-attachment":"scroll","background-type":"","background-media":"","overlay-type":"","overlay-color":"","overlay-opacity":"","overlay-gradient":""},"tablet":{"background-color":"","background-image":"","background-repeat":"repeat","background-position":"center center","background-size":"auto","background-attachment":"scroll","background-type":"","background-media":"","overlay-type":"","overlay-color":"","overlay-opacity":"","overlay-gradient":""},"mobile":{"background-color":"","background-image":"","background-repeat":"repeat","background-position":"center center","background-size":"auto","background-attachment":"scroll","background-type":"","background-media":"","overlay-type":"","overlay-color":"","overlay-opacity":"","overlay-gradient":""}},"ast-content-background-meta":{"desktop":{"background-color":"var(--ast-global-color-5)","background-image":"","background-repeat":"repeat","background-position":"center center","background-size":"auto","background-attachment":"scroll","background-type":"","background-media":"","overlay-type":"","overlay-color":"","overlay-opacity":"","overlay-gradient":""},"tablet":{"background-color":"var(--ast-global-color-5)","background-image":"","background-repeat":"repeat","background-position":"center center","background-size":"auto","background-attachment":"scroll","background-type":"","background-media":"","overlay-type":"","overlay-color":"","overlay-opacity":"","overlay-gradient":""},"mobile":{"background-color":"var(--ast-global-color-5)","background-image":"","background-repeat":"repeat","background-position":"center center","background-size":"auto","background-attachment":"scroll","background-type":"","background-media":"","overlay-type":"","overlay-color":"","overlay-opacity":"","overlay-gradient":""}}},"product_brand":[],"product_cat":[15,32],"product_tag":[719,609,626,720,717,721,722,725,114,724,723,700,718,699,702,632],"class_list":{"0":"post-2032","1":"product","2":"type-product","3":"status-publish","4":"has-post-thumbnail","6":"product_cat-yleinen","7":"product_cat-koti-ja-omaisuusturva","8":"product_tag-alykamera","9":"product_tag-alykas","10":"product_tag-full-hd","11":"product_tag-ilmastoanturi","12":"product_tag-ip-kamera","13":"product_tag-itkuhalytin","14":"product_tag-kaksisuuntainen","15":"product_tag-kosteus","16":"product_tag-kotiin","17":"product_tag-lampotila","18":"product_tag-liiketunnistin","19":"product_tag-nedis","20":"product_tag-sisakamera","21":"product_tag-smartlife","22":"product_tag-sovellus","23":"product_tag-wi-fi","24":"product_shipping_class-suomi","25":"desktop-align-center","26":"tablet-align-center","27":"mobile-align-center","28":"ast-product-gallery-layout-horizontal-slider","29":"ast-product-tabs-layout-horizontal","31":"first","32":"instock","33":"taxable","34":"shipping-taxable","35":"purchasable","36":"product-type-simple"},"yoast_head":"<!-- This site is optimized with the Yoast SEO plugin v27.3 - https:\/\/yoast.com\/product\/yoast-seo-wordpress\/ -->\n<title>SmartLife kaksisuuntainen IP-kamera &amp; ilmastoanturi, Nedis - Safety Partners<\/title>\n<meta name=\"description\" content=\"\u00c4lyk\u00e4s sis\u00e4kamera wi-fi-yhteydell\u00e4. Tarkkaile vauvan unta, lemmikkej\u00e4, kodin l\u00e4mp\u00f6tilaa ja kosteutta yhdell\u00e4 laitteella, sovelluksen kautta!\" \/>\n<meta name=\"robots\" content=\"index, follow, max-snippet:-1, max-image-preview:large, max-video-preview:-1\" \/>\n<link rel=\"canonical\" href=\"https:\/\/safetypartners.fi\/kauppa\/tuote\/smartlife-kaksisuuntainen-ip-kamera-ilmastoanturi-nedis\" \/>\n<meta property=\"og:locale\" content=\"fi_FI\" \/>\n<meta property=\"og:type\" content=\"article\" \/>\n<meta property=\"og:title\" content=\"SmartLife kaksisuuntainen IP-kamera &amp; ilmastoanturi, Nedis - Safety Partners\" \/>\n<meta property=\"og:description\" content=\"\u00c4lyk\u00e4s sis\u00e4kamera wi-fi-yhteydell\u00e4. Tarkkaile vauvan unta, lemmikkej\u00e4, kodin l\u00e4mp\u00f6tilaa ja kosteutta yhdell\u00e4 laitteella, sovelluksen kautta!\" \/>\n<meta property=\"og:url\" content=\"https:\/\/safetypartners.fi\/kauppa\/tuote\/smartlife-kaksisuuntainen-ip-kamera-ilmastoanturi-nedis\" \/>\n<meta property=\"og:site_name\" content=\"Safety Partners\" \/>\n<meta property=\"article:modified_time\" content=\"2026-01-07T10:34:39+00:00\" \/>\n<meta property=\"og:image\" content=\"https:\/\/safetypartners.fi\/kauppa\/wp-content\/uploads\/2024\/10\/WIFICI11CWT_P50.jpg\" \/>\n\t<meta property=\"og:image:width\" content=\"1200\" \/>\n\t<meta property=\"og:image:height\" content=\"1200\" \/>\n\t<meta property=\"og:image:type\" content=\"image\/jpeg\" \/>\n<meta name=\"twitter:card\" content=\"summary_large_image\" \/>\n<meta name=\"twitter:label1\" content=\"Arvioitu lukuaika\" \/>\n\t<meta name=\"twitter:data1\" content=\"1 minuutti\" \/>\n<script type=\"application\/ld+json\" class=\"yoast-schema-graph\">{\"@context\":\"https:\\\/\\\/schema.org\",\"@graph\":[{\"@type\":\"WebPage\",\"@id\":\"https:\\\/\\\/safetypartners.fi\\\/kauppa\\\/tuote\\\/smartlife-kaksisuuntainen-ip-kamera-ilmastoanturi-nedis\",\"url\":\"https:\\\/\\\/safetypartners.fi\\\/kauppa\\\/tuote\\\/smartlife-kaksisuuntainen-ip-kamera-ilmastoanturi-nedis\",\"name\":\"SmartLife kaksisuuntainen IP-kamera & ilmastoanturi, Nedis - Safety Partners\",\"isPartOf\":{\"@id\":\"https:\\\/\\\/safetypartners.fi\\\/kauppa\\\/#website\"},\"primaryImageOfPage\":{\"@id\":\"https:\\\/\\\/safetypartners.fi\\\/kauppa\\\/tuote\\\/smartlife-kaksisuuntainen-ip-kamera-ilmastoanturi-nedis#primaryimage\"},\"image\":{\"@id\":\"https:\\\/\\\/safetypartners.fi\\\/kauppa\\\/tuote\\\/smartlife-kaksisuuntainen-ip-kamera-ilmastoanturi-nedis#primaryimage\"},\"thumbnailUrl\":\"https:\\\/\\\/safetypartners.fi\\\/kauppa\\\/wp-content\\\/uploads\\\/2024\\\/10\\\/WIFICI11CWT_P50.jpg\",\"datePublished\":\"2024-10-15T09:19:09+00:00\",\"dateModified\":\"2026-01-07T10:34:39+00:00\",\"description\":\"\u00c4lyk\u00e4s sis\u00e4kamera wi-fi-yhteydell\u00e4. Tarkkaile vauvan unta, lemmikkej\u00e4, kodin l\u00e4mp\u00f6tilaa ja kosteutta yhdell\u00e4 laitteella, sovelluksen kautta!\",\"breadcrumb\":{\"@id\":\"https:\\\/\\\/safetypartners.fi\\\/kauppa\\\/tuote\\\/smartlife-kaksisuuntainen-ip-kamera-ilmastoanturi-nedis#breadcrumb\"},\"inLanguage\":\"fi\",\"potentialAction\":[{\"@type\":\"ReadAction\",\"target\":[\"https:\\\/\\\/safetypartners.fi\\\/kauppa\\\/tuote\\\/smartlife-kaksisuuntainen-ip-kamera-ilmastoanturi-nedis\"]}]},{\"@type\":\"ImageObject\",\"inLanguage\":\"fi\",\"@id\":\"https:\\\/\\\/safetypartners.fi\\\/kauppa\\\/tuote\\\/smartlife-kaksisuuntainen-ip-kamera-ilmastoanturi-nedis#primaryimage\",\"url\":\"https:\\\/\\\/safetypartners.fi\\\/kauppa\\\/wp-content\\\/uploads\\\/2024\\\/10\\\/WIFICI11CWT_P50.jpg\",\"contentUrl\":\"https:\\\/\\\/safetypartners.fi\\\/kauppa\\\/wp-content\\\/uploads\\\/2024\\\/10\\\/WIFICI11CWT_P50.jpg\",\"width\":1200,\"height\":1200,\"caption\":\"SmartLife IP-kamera & ilmastoanturi Nedisilt\u00e4\"},{\"@type\":\"BreadcrumbList\",\"@id\":\"https:\\\/\\\/safetypartners.fi\\\/kauppa\\\/tuote\\\/smartlife-kaksisuuntainen-ip-kamera-ilmastoanturi-nedis#breadcrumb\",\"itemListElement\":[{\"@type\":\"ListItem\",\"position\":1,\"name\":\"Home\",\"item\":\"https:\\\/\\\/safetypartners.fi\\\/kauppa\\\/\"},{\"@type\":\"ListItem\",\"position\":2,\"name\":\"Kauppa\",\"item\":\"https:\\\/\\\/safetypartners.fi\\\/kauppa\\\/kauppa\"},{\"@type\":\"ListItem\",\"position\":3,\"name\":\"SmartLife kaksisuuntainen IP-kamera &#038; ilmastoanturi, Nedis\"}]},{\"@type\":\"WebSite\",\"@id\":\"https:\\\/\\\/safetypartners.fi\\\/kauppa\\\/#website\",\"url\":\"https:\\\/\\\/safetypartners.fi\\\/kauppa\\\/\",\"name\":\"Safety Partners\",\"description\":\"Safety Partners turvakauppa palvelee verkossa 24\\\/7!\",\"publisher\":{\"@id\":\"https:\\\/\\\/safetypartners.fi\\\/kauppa\\\/#organization\"},\"potentialAction\":[{\"@type\":\"SearchAction\",\"target\":{\"@type\":\"EntryPoint\",\"urlTemplate\":\"https:\\\/\\\/safetypartners.fi\\\/kauppa\\\/?s={search_term_string}\"},\"query-input\":{\"@type\":\"PropertyValueSpecification\",\"valueRequired\":true,\"valueName\":\"search_term_string\"}}],\"inLanguage\":\"fi\"},{\"@type\":\"Organization\",\"@id\":\"https:\\\/\\\/safetypartners.fi\\\/kauppa\\\/#organization\",\"name\":\"Safety Partners | Suomen Sammutinpalvelu\",\"url\":\"https:\\\/\\\/safetypartners.fi\\\/kauppa\\\/\",\"logo\":{\"@type\":\"ImageObject\",\"inLanguage\":\"fi\",\"@id\":\"https:\\\/\\\/safetypartners.fi\\\/kauppa\\\/#\\\/schema\\\/logo\\\/image\\\/\",\"url\":\"https:\\\/\\\/safetypartners.fi\\\/kauppa\\\/wp-content\\\/uploads\\\/2020\\\/05\\\/cropped-Logoke-1.jpg\",\"contentUrl\":\"https:\\\/\\\/safetypartners.fi\\\/kauppa\\\/wp-content\\\/uploads\\\/2020\\\/05\\\/cropped-Logoke-1.jpg\",\"width\":847,\"height\":717,\"caption\":\"Safety Partners | Suomen Sammutinpalvelu\"},\"image\":{\"@id\":\"https:\\\/\\\/safetypartners.fi\\\/kauppa\\\/#\\\/schema\\\/logo\\\/image\\\/\"}}]}<\/script>\n<!-- \/ Yoast SEO plugin. -->","yoast_head_json":{"title":"SmartLife kaksisuuntainen IP-kamera & ilmastoanturi, Nedis - Safety Partners","description":"\u00c4lyk\u00e4s sis\u00e4kamera wi-fi-yhteydell\u00e4. Tarkkaile vauvan unta, lemmikkej\u00e4, kodin l\u00e4mp\u00f6tilaa ja kosteutta yhdell\u00e4 laitteella, sovelluksen kautta!","robots":{"index":"index","follow":"follow","max-snippet":"max-snippet:-1","max-image-preview":"max-image-preview:large","max-video-preview":"max-video-preview:-1"},"canonical":"https:\/\/safetypartners.fi\/kauppa\/tuote\/smartlife-kaksisuuntainen-ip-kamera-ilmastoanturi-nedis","og_locale":"fi_FI","og_type":"article","og_title":"SmartLife kaksisuuntainen IP-kamera & ilmastoanturi, Nedis - Safety Partners","og_description":"\u00c4lyk\u00e4s sis\u00e4kamera wi-fi-yhteydell\u00e4. Tarkkaile vauvan unta, lemmikkej\u00e4, kodin l\u00e4mp\u00f6tilaa ja kosteutta yhdell\u00e4 laitteella, sovelluksen kautta!","og_url":"https:\/\/safetypartners.fi\/kauppa\/tuote\/smartlife-kaksisuuntainen-ip-kamera-ilmastoanturi-nedis","og_site_name":"Safety Partners","article_modified_time":"2026-01-07T10:34:39+00:00","og_image":[{"width":1200,"height":1200,"url":"https:\/\/safetypartners.fi\/kauppa\/wp-content\/uploads\/2024\/10\/WIFICI11CWT_P50.jpg","type":"image\/jpeg"}],"twitter_card":"summary_large_image","twitter_misc":{"Arvioitu lukuaika":"1 minuutti"},"schema":{"@context":"https:\/\/schema.org","@graph":[{"@type":"WebPage","@id":"https:\/\/safetypartners.fi\/kauppa\/tuote\/smartlife-kaksisuuntainen-ip-kamera-ilmastoanturi-nedis","url":"https:\/\/safetypartners.fi\/kauppa\/tuote\/smartlife-kaksisuuntainen-ip-kamera-ilmastoanturi-nedis","name":"SmartLife kaksisuuntainen IP-kamera & ilmastoanturi, Nedis - Safety Partners","isPartOf":{"@id":"https:\/\/safetypartners.fi\/kauppa\/#website"},"primaryImageOfPage":{"@id":"https:\/\/safetypartners.fi\/kauppa\/tuote\/smartlife-kaksisuuntainen-ip-kamera-ilmastoanturi-nedis#primaryimage"},"image":{"@id":"https:\/\/safetypartners.fi\/kauppa\/tuote\/smartlife-kaksisuuntainen-ip-kamera-ilmastoanturi-nedis#primaryimage"},"thumbnailUrl":"https:\/\/safetypartners.fi\/kauppa\/wp-content\/uploads\/2024\/10\/WIFICI11CWT_P50.jpg","datePublished":"2024-10-15T09:19:09+00:00","dateModified":"2026-01-07T10:34:39+00:00","description":"\u00c4lyk\u00e4s sis\u00e4kamera wi-fi-yhteydell\u00e4. Tarkkaile vauvan unta, lemmikkej\u00e4, kodin l\u00e4mp\u00f6tilaa ja kosteutta yhdell\u00e4 laitteella, sovelluksen kautta!","breadcrumb":{"@id":"https:\/\/safetypartners.fi\/kauppa\/tuote\/smartlife-kaksisuuntainen-ip-kamera-ilmastoanturi-nedis#breadcrumb"},"inLanguage":"fi","potentialAction":[{"@type":"ReadAction","target":["https:\/\/safetypartners.fi\/kauppa\/tuote\/smartlife-kaksisuuntainen-ip-kamera-ilmastoanturi-nedis"]}]},{"@type":"ImageObject","inLanguage":"fi","@id":"https:\/\/safetypartners.fi\/kauppa\/tuote\/smartlife-kaksisuuntainen-ip-kamera-ilmastoanturi-nedis#primaryimage","url":"https:\/\/safetypartners.fi\/kauppa\/wp-content\/uploads\/2024\/10\/WIFICI11CWT_P50.jpg","contentUrl":"https:\/\/safetypartners.fi\/kauppa\/wp-content\/uploads\/2024\/10\/WIFICI11CWT_P50.jpg","width":1200,"height":1200,"caption":"SmartLife IP-kamera & ilmastoanturi Nedisilt\u00e4"},{"@type":"BreadcrumbList","@id":"https:\/\/safetypartners.fi\/kauppa\/tuote\/smartlife-kaksisuuntainen-ip-kamera-ilmastoanturi-nedis#breadcrumb","itemListElement":[{"@type":"ListItem","position":1,"name":"Home","item":"https:\/\/safetypartners.fi\/kauppa\/"},{"@type":"ListItem","position":2,"name":"Kauppa","item":"https:\/\/safetypartners.fi\/kauppa\/kauppa"},{"@type":"ListItem","position":3,"name":"SmartLife kaksisuuntainen IP-kamera &#038; ilmastoanturi, Nedis"}]},{"@type":"WebSite","@id":"https:\/\/safetypartners.fi\/kauppa\/#website","url":"https:\/\/safetypartners.fi\/kauppa\/","name":"Safety Partners","description":"Safety Partners turvakauppa palvelee verkossa 24\/7!","publisher":{"@id":"https:\/\/safetypartners.fi\/kauppa\/#organization"},"potentialAction":[{"@type":"SearchAction","target":{"@type":"EntryPoint","urlTemplate":"https:\/\/safetypartners.fi\/kauppa\/?s={search_term_string}"},"query-input":{"@type":"PropertyValueSpecification","valueRequired":true,"valueName":"search_term_string"}}],"inLanguage":"fi"},{"@type":"Organization","@id":"https:\/\/safetypartners.fi\/kauppa\/#organization","name":"Safety Partners | Suomen Sammutinpalvelu","url":"https:\/\/safetypartners.fi\/kauppa\/","logo":{"@type":"ImageObject","inLanguage":"fi","@id":"https:\/\/safetypartners.fi\/kauppa\/#\/schema\/logo\/image\/","url":"https:\/\/safetypartners.fi\/kauppa\/wp-content\/uploads\/2020\/05\/cropped-Logoke-1.jpg","contentUrl":"https:\/\/safetypartners.fi\/kauppa\/wp-content\/uploads\/2020\/05\/cropped-Logoke-1.jpg","width":847,"height":717,"caption":"Safety Partners | Suomen Sammutinpalvelu"},"image":{"@id":"https:\/\/safetypartners.fi\/kauppa\/#\/schema\/logo\/image\/"}}]}},"uagb_featured_image_src":{"full":["https:\/\/safetypartners.fi\/kauppa\/wp-content\/uploads\/2024\/10\/WIFICI11CWT_P50.jpg",1200,1200,false],"thumbnail":["https:\/\/safetypartners.fi\/kauppa\/wp-content\/uploads\/2024\/10\/WIFICI11CWT_P50-150x150.jpg",150,150,true],"medium":["https:\/\/safetypartners.fi\/kauppa\/wp-content\/uploads\/2024\/10\/WIFICI11CWT_P50-300x300.jpg",300,300,true],"medium_large":["https:\/\/safetypartners.fi\/kauppa\/wp-content\/uploads\/2024\/10\/WIFICI11CWT_P50-768x768.jpg",768,768,true],"large":["https:\/\/safetypartners.fi\/kauppa\/wp-content\/uploads\/2024\/10\/WIFICI11CWT_P50-1024x1024.jpg",1024,1024,true],"1536x1536":["https:\/\/safetypartners.fi\/kauppa\/wp-content\/uploads\/2024\/10\/WIFICI11CWT_P50.jpg",1200,1200,false],"2048x2048":["https:\/\/safetypartners.fi\/kauppa\/wp-content\/uploads\/2024\/10\/WIFICI11CWT_P50.jpg",1200,1200,false],"woocommerce_thumbnail":["https:\/\/safetypartners.fi\/kauppa\/wp-content\/uploads\/2024\/10\/WIFICI11CWT_P50-300x300.jpg",300,300,true],"woocommerce_single":["https:\/\/safetypartners.fi\/kauppa\/wp-content\/uploads\/2024\/10\/WIFICI11CWT_P50-600x600.jpg",600,600,true],"woocommerce_gallery_thumbnail":["https:\/\/safetypartners.fi\/kauppa\/wp-content\/uploads\/2024\/10\/WIFICI11CWT_P50-100x100.jpg",100,100,true]},"uagb_author_info":{"display_name":"Anu Lehto","author_link":"https:\/\/safetypartners.fi\/kauppa\/author"},"uagb_comment_info":0,"uagb_excerpt":"Nedis SmartLife -IP-kamera on k\u00e4tev\u00e4 lis\u00e4 kodin \u00e4lyj\u00e4rjestelmiin. Kameran voi yhdist\u00e4\u00e4 suoraan Wi-Fi-verkkoon ilman lis\u00e4liit\u00e4nt\u00e4\u00e4 ja se k\u00e4ynnistyy mist\u00e4 tahansa liikkeest\u00e4 tai \u00e4\u00e4nest\u00e4 huoneessa. Yksikk\u00f6\u00f6n lis\u00e4tt\u00e4v\u00e4ll\u00e4 ilmastoanturilla voi seurata ymp\u00e4rist\u00f6n l\u00e4mp\u00f6tilaa sek\u00e4 kosteutta huoneessa. \u00c4lykk\u00e4\u00e4ss\u00e4 IP-kamerassa on kaksisuuntainen yhteys (puhe ja kuuntelu) ja sit\u00e4 voi k\u00e4ytt\u00e4\u00e4 my\u00f6s mm. itkuh\u00e4lyttimen\u00e4 hyv\u00e4n \u00e4\u00e4nentoiston ansiosta. Kamera tallentaa selkeit\u00e4&hellip;","_links":{"self":[{"href":"https:\/\/safetypartners.fi\/kauppa\/wp-json\/wp\/v2\/product\/2032","targetHints":{"allow":["GET"]}}],"collection":[{"href":"https:\/\/safetypartners.fi\/kauppa\/wp-json\/wp\/v2\/product"}],"about":[{"href":"https:\/\/safetypartners.fi\/kauppa\/wp-json\/wp\/v2\/types\/product"}],"replies":[{"embeddable":true,"href":"https:\/\/safetypartners.fi\/kauppa\/wp-json\/wp\/v2\/comments?post=2032"}],"version-history":[{"count":2,"href":"https:\/\/safetypartners.fi\/kauppa\/wp-json\/wp\/v2\/product\/2032\/revisions"}],"predecessor-version":[{"id":2727,"href":"https:\/\/safetypartners.fi\/kauppa\/wp-json\/wp\/v2\/product\/2032\/revisions\/2727"}],"wp:featuredmedia":[{"embeddable":true,"href":"https:\/\/safetypartners.fi\/kauppa\/wp-json\/wp\/v2\/media\/2033"}],"wp:attachment":[{"href":"https:\/\/safetypartners.fi\/kauppa\/wp-json\/wp\/v2\/media?parent=2032"}],"wp:term":[{"taxonomy":"product_brand","embeddable":true,"href":"https:\/\/safetypartners.fi\/kauppa\/wp-json\/wp\/v2\/product_brand?post=2032"},{"taxonomy":"product_cat","embeddable":true,"href":"https:\/\/safetypartners.fi\/kauppa\/wp-json\/wp\/v2\/product_cat?post=2032"},{"taxonomy":"product_tag","embeddable":true,"href":"https:\/\/safetypartners.fi\/kauppa\/wp-json\/wp\/v2\/product_tag?post=2032"}],"curies":[{"name":"wp","href":"https:\/\/api.w.org\/{rel}","templated":true}]}}