{"id":2064,"date":"2024-10-16T13:02:30","date_gmt":"2024-10-16T10:02:30","guid":{"rendered":"https:\/\/safetypartners.fi\/kauppa\/?post_type=product&#038;p=2064"},"modified":"2026-01-02T21:31:21","modified_gmt":"2026-01-02T19:31:21","slug":"huomio-touch-screen-heijastinhansikkaat","status":"publish","type":"product","link":"https:\/\/safetypartners.fi\/kauppa\/tuote\/huomio-touch-screen-heijastinhansikkaat","title":{"rendered":"Huomio touch screen -heijastinhansikkaat"},"content":{"rendered":"<p>Materiaali: polyesteri 92%, elastaani 8%<br \/>\nV\u00e4ri: musta\/heijastava kangas<\/p>\n<p>Pesukonepest\u00e4v\u00e4t<\/p>\n","protected":false},"excerpt":{"rendered":"<p><strong>Mustat Huomio touch screen -heijastinhansikkaat<\/strong> tuovat k\u00e4ytt\u00e4j\u00e4lleen n\u00e4kyvyytt\u00e4 liikenteess\u00e4. Kevyet ja miellytt\u00e4v\u00e4t Huomio-hansikkaat on suunniteltu parantamaan jalankulkijan turvallisuutta: juuri oikealla korkeudella liikkuvat heijastavat osat n\u00e4kyv\u00e4t autoilijalle ja muille tienk\u00e4ytt\u00e4jille, jopa taajamaliikenteess\u00e4 matalalle suunnattujen l\u00e4hivalojen kohteena. Laadukas ja kirkkaasti heijastava heijastin onkin ulkoilijan paras turva pime\u00e4ll\u00e4.<\/p>\n<p>Huomio touch screen heijastinhansikkaita voi k\u00e4ytt\u00e4\u00e4 joko sormikkaina tai lapasina. Hansikkaiden selk\u00e4puoleen kiinnitetty heijastava &#8221;huppu&#8221; k\u00e4\u00e4ntyy sormien yli, antaen lis\u00e4suojaa kylm\u00e4lt\u00e4. Hansikkaita ei tarvitse riisua \u00e4lypuhelinta k\u00e4ytett\u00e4ess\u00e4, sill\u00e4 etusormen ja peukalon erikoispinta toimii kosketusn\u00e4yt\u00f6ll\u00e4.<\/p>\n<p>Kaksi kokoa, M ja XL.<br \/>\nValitse alta omasi:<\/p>\n","protected":false},"featured_media":2069,"comment_status":"open","ping_status":"closed","template":"","meta":{"_uag_custom_page_level_css":"","site-sidebar-layout":"default","site-content-layout":"","ast-site-content-layout":"default","site-content-style":"default","site-sidebar-style":"default","ast-global-header-display":"","ast-banner-title-visibility":"","ast-main-header-display":"","ast-hfb-above-header-display":"","ast-hfb-below-header-display":"","ast-hfb-mobile-header-display":"","site-post-title":"","ast-breadcrumbs-content":"","ast-featured-img":"","footer-sml-layout":"","ast-disable-related-posts":"","theme-transparent-header-meta":"default","adv-header-id-meta":"","stick-header-meta":"default","header-above-stick-meta":"","header-main-stick-meta":"","header-below-stick-meta":"","astra-migrate-meta-layouts":"set","ast-page-background-enabled":"default","ast-page-background-meta":{"desktop":{"background-color":"","background-image":"","background-repeat":"repeat","background-position":"center center","background-size":"auto","background-attachment":"scroll","background-type":"","background-media":"","overlay-type":"","overlay-color":"","overlay-opacity":"","overlay-gradient":""},"tablet":{"background-color":"","background-image":"","background-repeat":"repeat","background-position":"center center","background-size":"auto","background-attachment":"scroll","background-type":"","background-media":"","overlay-type":"","overlay-color":"","overlay-opacity":"","overlay-gradient":""},"mobile":{"background-color":"","background-image":"","background-repeat":"repeat","background-position":"center center","background-size":"auto","background-attachment":"scroll","background-type":"","background-media":"","overlay-type":"","overlay-color":"","overlay-opacity":"","overlay-gradient":""}},"ast-content-background-meta":{"desktop":{"background-color":"var(--ast-global-color-5)","background-image":"","background-repeat":"repeat","background-position":"center center","background-size":"auto","background-attachment":"scroll","background-type":"","background-media":"","overlay-type":"","overlay-color":"","overlay-opacity":"","overlay-gradient":""},"tablet":{"background-color":"var(--ast-global-color-5)","background-image":"","background-repeat":"repeat","background-position":"center center","background-size":"auto","background-attachment":"scroll","background-type":"","background-media":"","overlay-type":"","overlay-color":"","overlay-opacity":"","overlay-gradient":""},"mobile":{"background-color":"var(--ast-global-color-5)","background-image":"","background-repeat":"repeat","background-position":"center center","background-size":"auto","background-attachment":"scroll","background-type":"","background-media":"","overlay-type":"","overlay-color":"","overlay-opacity":"","overlay-gradient":""}}},"product_brand":[],"product_cat":[15,41],"product_tag":[682,673,679,577,1205,76,910,759,757,684,760,680,756],"class_list":{"0":"post-2064","1":"product","2":"type-product","3":"status-publish","4":"has-post-thumbnail","6":"product_cat-yleinen","7":"product_cat-koti-vapaa-aika","8":"product_tag-hanskat","9":"product_tag-heijastava","10":"product_tag-heijastavat-sormikkaat","11":"product_tag-heijastin","12":"product_tag-heijastin-hanskat","13":"product_tag-huomio","14":"product_tag-kasineet","15":"product_tag-kevyet","16":"product_tag-kosketusnaytto","17":"product_tag-loistavat","18":"product_tag-mustat","19":"product_tag-sormikkaat","20":"product_tag-touch-screen","21":"product_shipping_class-suomi","22":"desktop-align-center","23":"tablet-align-center","24":"mobile-align-center","25":"ast-product-gallery-layout-horizontal-slider","26":"ast-product-single-variable","27":"ast-product-tabs-layout-horizontal","29":"first","30":"instock","31":"taxable","32":"shipping-taxable","33":"purchasable","34":"product-type-variable"},"yoast_head":"<!-- This site is optimized with the Yoast SEO plugin v27.3 - https:\/\/yoast.com\/product\/yoast-seo-wordpress\/ -->\n<title>Huomio touch screen -heijastinhansikkaat - Safety Partners<\/title>\n<meta name=\"description\" content=\"Kosketusn\u00e4ytt\u00f6-heijastinhansikkaita voi k\u00e4ytt\u00e4\u00e4 joko sormikkaina tai lapasina. Etusormen ja peukalon erikoispinta toimii kosketusn\u00e4yt\u00f6ll\u00e4.\" \/>\n<meta name=\"robots\" content=\"index, follow, max-snippet:-1, max-image-preview:large, max-video-preview:-1\" \/>\n<link rel=\"canonical\" href=\"https:\/\/safetypartners.fi\/kauppa\/tuote\/huomio-touch-screen-heijastinhansikkaat\" \/>\n<meta property=\"og:locale\" content=\"fi_FI\" \/>\n<meta property=\"og:type\" content=\"article\" \/>\n<meta property=\"og:title\" content=\"Huomio touch screen -heijastinhansikkaat - Safety Partners\" \/>\n<meta property=\"og:description\" content=\"Kosketusn\u00e4ytt\u00f6-heijastinhansikkaita voi k\u00e4ytt\u00e4\u00e4 joko sormikkaina tai lapasina. Etusormen ja peukalon erikoispinta toimii kosketusn\u00e4yt\u00f6ll\u00e4.\" \/>\n<meta property=\"og:url\" content=\"https:\/\/safetypartners.fi\/kauppa\/tuote\/huomio-touch-screen-heijastinhansikkaat\" \/>\n<meta property=\"og:site_name\" content=\"Safety Partners\" \/>\n<meta property=\"article:modified_time\" content=\"2026-01-02T19:31:21+00:00\" \/>\n<meta property=\"og:image\" content=\"https:\/\/safetypartners.fi\/kauppa\/wp-content\/uploads\/2024\/10\/Huomio-touch-screen-heijastinhansikkaat-.png\" \/>\n\t<meta property=\"og:image:width\" content=\"1008\" \/>\n\t<meta property=\"og:image:height\" content=\"880\" \/>\n\t<meta property=\"og:image:type\" content=\"image\/png\" \/>\n<meta name=\"twitter:card\" content=\"summary_large_image\" \/>\n<meta name=\"twitter:label1\" content=\"Arvioitu lukuaika\" \/>\n\t<meta name=\"twitter:data1\" content=\"1 minuutti\" \/>\n<script type=\"application\/ld+json\" class=\"yoast-schema-graph\">{\"@context\":\"https:\\\/\\\/schema.org\",\"@graph\":[{\"@type\":\"WebPage\",\"@id\":\"https:\\\/\\\/safetypartners.fi\\\/kauppa\\\/tuote\\\/huomio-touch-screen-heijastinhansikkaat\",\"url\":\"https:\\\/\\\/safetypartners.fi\\\/kauppa\\\/tuote\\\/huomio-touch-screen-heijastinhansikkaat\",\"name\":\"Huomio touch screen -heijastinhansikkaat - Safety Partners\",\"isPartOf\":{\"@id\":\"https:\\\/\\\/safetypartners.fi\\\/kauppa\\\/#website\"},\"primaryImageOfPage\":{\"@id\":\"https:\\\/\\\/safetypartners.fi\\\/kauppa\\\/tuote\\\/huomio-touch-screen-heijastinhansikkaat#primaryimage\"},\"image\":{\"@id\":\"https:\\\/\\\/safetypartners.fi\\\/kauppa\\\/tuote\\\/huomio-touch-screen-heijastinhansikkaat#primaryimage\"},\"thumbnailUrl\":\"https:\\\/\\\/safetypartners.fi\\\/kauppa\\\/wp-content\\\/uploads\\\/2024\\\/10\\\/Huomio-touch-screen-heijastinhansikkaat-.png\",\"datePublished\":\"2024-10-16T10:02:30+00:00\",\"dateModified\":\"2026-01-02T19:31:21+00:00\",\"description\":\"Kosketusn\u00e4ytt\u00f6-heijastinhansikkaita voi k\u00e4ytt\u00e4\u00e4 joko sormikkaina tai lapasina. Etusormen ja peukalon erikoispinta toimii kosketusn\u00e4yt\u00f6ll\u00e4.\",\"breadcrumb\":{\"@id\":\"https:\\\/\\\/safetypartners.fi\\\/kauppa\\\/tuote\\\/huomio-touch-screen-heijastinhansikkaat#breadcrumb\"},\"inLanguage\":\"fi\",\"potentialAction\":[{\"@type\":\"ReadAction\",\"target\":[\"https:\\\/\\\/safetypartners.fi\\\/kauppa\\\/tuote\\\/huomio-touch-screen-heijastinhansikkaat\"]}]},{\"@type\":\"ImageObject\",\"inLanguage\":\"fi\",\"@id\":\"https:\\\/\\\/safetypartners.fi\\\/kauppa\\\/tuote\\\/huomio-touch-screen-heijastinhansikkaat#primaryimage\",\"url\":\"https:\\\/\\\/safetypartners.fi\\\/kauppa\\\/wp-content\\\/uploads\\\/2024\\\/10\\\/Huomio-touch-screen-heijastinhansikkaat-.png\",\"contentUrl\":\"https:\\\/\\\/safetypartners.fi\\\/kauppa\\\/wp-content\\\/uploads\\\/2024\\\/10\\\/Huomio-touch-screen-heijastinhansikkaat-.png\",\"width\":1008,\"height\":880,\"caption\":\"Huomio touch screen -heijastinhansikkaat\"},{\"@type\":\"BreadcrumbList\",\"@id\":\"https:\\\/\\\/safetypartners.fi\\\/kauppa\\\/tuote\\\/huomio-touch-screen-heijastinhansikkaat#breadcrumb\",\"itemListElement\":[{\"@type\":\"ListItem\",\"position\":1,\"name\":\"Home\",\"item\":\"https:\\\/\\\/safetypartners.fi\\\/kauppa\\\/\"},{\"@type\":\"ListItem\",\"position\":2,\"name\":\"Kauppa\",\"item\":\"https:\\\/\\\/safetypartners.fi\\\/kauppa\\\/kauppa\"},{\"@type\":\"ListItem\",\"position\":3,\"name\":\"Huomio touch screen -heijastinhansikkaat\"}]},{\"@type\":\"WebSite\",\"@id\":\"https:\\\/\\\/safetypartners.fi\\\/kauppa\\\/#website\",\"url\":\"https:\\\/\\\/safetypartners.fi\\\/kauppa\\\/\",\"name\":\"Safety Partners\",\"description\":\"Safety Partners turvakauppa palvelee verkossa 24\\\/7!\",\"publisher\":{\"@id\":\"https:\\\/\\\/safetypartners.fi\\\/kauppa\\\/#organization\"},\"potentialAction\":[{\"@type\":\"SearchAction\",\"target\":{\"@type\":\"EntryPoint\",\"urlTemplate\":\"https:\\\/\\\/safetypartners.fi\\\/kauppa\\\/?s={search_term_string}\"},\"query-input\":{\"@type\":\"PropertyValueSpecification\",\"valueRequired\":true,\"valueName\":\"search_term_string\"}}],\"inLanguage\":\"fi\"},{\"@type\":\"Organization\",\"@id\":\"https:\\\/\\\/safetypartners.fi\\\/kauppa\\\/#organization\",\"name\":\"Safety Partners | Suomen Sammutinpalvelu\",\"url\":\"https:\\\/\\\/safetypartners.fi\\\/kauppa\\\/\",\"logo\":{\"@type\":\"ImageObject\",\"inLanguage\":\"fi\",\"@id\":\"https:\\\/\\\/safetypartners.fi\\\/kauppa\\\/#\\\/schema\\\/logo\\\/image\\\/\",\"url\":\"https:\\\/\\\/safetypartners.fi\\\/kauppa\\\/wp-content\\\/uploads\\\/2020\\\/05\\\/cropped-Logoke-1.jpg\",\"contentUrl\":\"https:\\\/\\\/safetypartners.fi\\\/kauppa\\\/wp-content\\\/uploads\\\/2020\\\/05\\\/cropped-Logoke-1.jpg\",\"width\":847,\"height\":717,\"caption\":\"Safety Partners | Suomen Sammutinpalvelu\"},\"image\":{\"@id\":\"https:\\\/\\\/safetypartners.fi\\\/kauppa\\\/#\\\/schema\\\/logo\\\/image\\\/\"}}]}<\/script>\n<!-- \/ Yoast SEO plugin. -->","yoast_head_json":{"title":"Huomio touch screen -heijastinhansikkaat - Safety Partners","description":"Kosketusn\u00e4ytt\u00f6-heijastinhansikkaita voi k\u00e4ytt\u00e4\u00e4 joko sormikkaina tai lapasina. Etusormen ja peukalon erikoispinta toimii kosketusn\u00e4yt\u00f6ll\u00e4.","robots":{"index":"index","follow":"follow","max-snippet":"max-snippet:-1","max-image-preview":"max-image-preview:large","max-video-preview":"max-video-preview:-1"},"canonical":"https:\/\/safetypartners.fi\/kauppa\/tuote\/huomio-touch-screen-heijastinhansikkaat","og_locale":"fi_FI","og_type":"article","og_title":"Huomio touch screen -heijastinhansikkaat - Safety Partners","og_description":"Kosketusn\u00e4ytt\u00f6-heijastinhansikkaita voi k\u00e4ytt\u00e4\u00e4 joko sormikkaina tai lapasina. Etusormen ja peukalon erikoispinta toimii kosketusn\u00e4yt\u00f6ll\u00e4.","og_url":"https:\/\/safetypartners.fi\/kauppa\/tuote\/huomio-touch-screen-heijastinhansikkaat","og_site_name":"Safety Partners","article_modified_time":"2026-01-02T19:31:21+00:00","og_image":[{"width":1008,"height":880,"url":"https:\/\/safetypartners.fi\/kauppa\/wp-content\/uploads\/2024\/10\/Huomio-touch-screen-heijastinhansikkaat-.png","type":"image\/png"}],"twitter_card":"summary_large_image","twitter_misc":{"Arvioitu lukuaika":"1 minuutti"},"schema":{"@context":"https:\/\/schema.org","@graph":[{"@type":"WebPage","@id":"https:\/\/safetypartners.fi\/kauppa\/tuote\/huomio-touch-screen-heijastinhansikkaat","url":"https:\/\/safetypartners.fi\/kauppa\/tuote\/huomio-touch-screen-heijastinhansikkaat","name":"Huomio touch screen -heijastinhansikkaat - Safety Partners","isPartOf":{"@id":"https:\/\/safetypartners.fi\/kauppa\/#website"},"primaryImageOfPage":{"@id":"https:\/\/safetypartners.fi\/kauppa\/tuote\/huomio-touch-screen-heijastinhansikkaat#primaryimage"},"image":{"@id":"https:\/\/safetypartners.fi\/kauppa\/tuote\/huomio-touch-screen-heijastinhansikkaat#primaryimage"},"thumbnailUrl":"https:\/\/safetypartners.fi\/kauppa\/wp-content\/uploads\/2024\/10\/Huomio-touch-screen-heijastinhansikkaat-.png","datePublished":"2024-10-16T10:02:30+00:00","dateModified":"2026-01-02T19:31:21+00:00","description":"Kosketusn\u00e4ytt\u00f6-heijastinhansikkaita voi k\u00e4ytt\u00e4\u00e4 joko sormikkaina tai lapasina. Etusormen ja peukalon erikoispinta toimii kosketusn\u00e4yt\u00f6ll\u00e4.","breadcrumb":{"@id":"https:\/\/safetypartners.fi\/kauppa\/tuote\/huomio-touch-screen-heijastinhansikkaat#breadcrumb"},"inLanguage":"fi","potentialAction":[{"@type":"ReadAction","target":["https:\/\/safetypartners.fi\/kauppa\/tuote\/huomio-touch-screen-heijastinhansikkaat"]}]},{"@type":"ImageObject","inLanguage":"fi","@id":"https:\/\/safetypartners.fi\/kauppa\/tuote\/huomio-touch-screen-heijastinhansikkaat#primaryimage","url":"https:\/\/safetypartners.fi\/kauppa\/wp-content\/uploads\/2024\/10\/Huomio-touch-screen-heijastinhansikkaat-.png","contentUrl":"https:\/\/safetypartners.fi\/kauppa\/wp-content\/uploads\/2024\/10\/Huomio-touch-screen-heijastinhansikkaat-.png","width":1008,"height":880,"caption":"Huomio touch screen -heijastinhansikkaat"},{"@type":"BreadcrumbList","@id":"https:\/\/safetypartners.fi\/kauppa\/tuote\/huomio-touch-screen-heijastinhansikkaat#breadcrumb","itemListElement":[{"@type":"ListItem","position":1,"name":"Home","item":"https:\/\/safetypartners.fi\/kauppa\/"},{"@type":"ListItem","position":2,"name":"Kauppa","item":"https:\/\/safetypartners.fi\/kauppa\/kauppa"},{"@type":"ListItem","position":3,"name":"Huomio touch screen -heijastinhansikkaat"}]},{"@type":"WebSite","@id":"https:\/\/safetypartners.fi\/kauppa\/#website","url":"https:\/\/safetypartners.fi\/kauppa\/","name":"Safety Partners","description":"Safety Partners turvakauppa palvelee verkossa 24\/7!","publisher":{"@id":"https:\/\/safetypartners.fi\/kauppa\/#organization"},"potentialAction":[{"@type":"SearchAction","target":{"@type":"EntryPoint","urlTemplate":"https:\/\/safetypartners.fi\/kauppa\/?s={search_term_string}"},"query-input":{"@type":"PropertyValueSpecification","valueRequired":true,"valueName":"search_term_string"}}],"inLanguage":"fi"},{"@type":"Organization","@id":"https:\/\/safetypartners.fi\/kauppa\/#organization","name":"Safety Partners | Suomen Sammutinpalvelu","url":"https:\/\/safetypartners.fi\/kauppa\/","logo":{"@type":"ImageObject","inLanguage":"fi","@id":"https:\/\/safetypartners.fi\/kauppa\/#\/schema\/logo\/image\/","url":"https:\/\/safetypartners.fi\/kauppa\/wp-content\/uploads\/2020\/05\/cropped-Logoke-1.jpg","contentUrl":"https:\/\/safetypartners.fi\/kauppa\/wp-content\/uploads\/2020\/05\/cropped-Logoke-1.jpg","width":847,"height":717,"caption":"Safety Partners | Suomen Sammutinpalvelu"},"image":{"@id":"https:\/\/safetypartners.fi\/kauppa\/#\/schema\/logo\/image\/"}}]}},"uagb_featured_image_src":{"full":["https:\/\/safetypartners.fi\/kauppa\/wp-content\/uploads\/2024\/10\/Huomio-touch-screen-heijastinhansikkaat-.png",1008,880,false],"thumbnail":["https:\/\/safetypartners.fi\/kauppa\/wp-content\/uploads\/2024\/10\/Huomio-touch-screen-heijastinhansikkaat--150x150.png",150,150,true],"medium":["https:\/\/safetypartners.fi\/kauppa\/wp-content\/uploads\/2024\/10\/Huomio-touch-screen-heijastinhansikkaat--300x262.png",300,262,true],"medium_large":["https:\/\/safetypartners.fi\/kauppa\/wp-content\/uploads\/2024\/10\/Huomio-touch-screen-heijastinhansikkaat--768x670.png",768,670,true],"large":["https:\/\/safetypartners.fi\/kauppa\/wp-content\/uploads\/2024\/10\/Huomio-touch-screen-heijastinhansikkaat-.png",1008,880,false],"1536x1536":["https:\/\/safetypartners.fi\/kauppa\/wp-content\/uploads\/2024\/10\/Huomio-touch-screen-heijastinhansikkaat-.png",1008,880,false],"2048x2048":["https:\/\/safetypartners.fi\/kauppa\/wp-content\/uploads\/2024\/10\/Huomio-touch-screen-heijastinhansikkaat-.png",1008,880,false],"woocommerce_thumbnail":["https:\/\/safetypartners.fi\/kauppa\/wp-content\/uploads\/2024\/10\/Huomio-touch-screen-heijastinhansikkaat--300x300.png",300,300,true],"woocommerce_single":["https:\/\/safetypartners.fi\/kauppa\/wp-content\/uploads\/2024\/10\/Huomio-touch-screen-heijastinhansikkaat--600x524.png",600,524,true],"woocommerce_gallery_thumbnail":["https:\/\/safetypartners.fi\/kauppa\/wp-content\/uploads\/2024\/10\/Huomio-touch-screen-heijastinhansikkaat--100x100.png",100,100,true]},"uagb_author_info":{"display_name":"Anu Lehto","author_link":"https:\/\/safetypartners.fi\/kauppa\/author"},"uagb_comment_info":1,"uagb_excerpt":"Mustat Huomio touch screen -heijastinhansikkaat tuovat k\u00e4ytt\u00e4j\u00e4lleen n\u00e4kyvyytt\u00e4 liikenteess\u00e4. Kevyet ja miellytt\u00e4v\u00e4t Huomio-hansikkaat on suunniteltu parantamaan jalankulkijan turvallisuutta: juuri oikealla korkeudella liikkuvat heijastavat osat n\u00e4kyv\u00e4t autoilijalle ja muille tienk\u00e4ytt\u00e4jille, jopa taajamaliikenteess\u00e4 matalalle suunnattujen l\u00e4hivalojen kohteena. Laadukas ja kirkkaasti heijastava heijastin onkin ulkoilijan paras turva pime\u00e4ll\u00e4. Huomio touch screen heijastinhansikkaita voi k\u00e4ytt\u00e4\u00e4 joko sormikkaina tai lapasina.&hellip;","_links":{"self":[{"href":"https:\/\/safetypartners.fi\/kauppa\/wp-json\/wp\/v2\/product\/2064","targetHints":{"allow":["GET"]}}],"collection":[{"href":"https:\/\/safetypartners.fi\/kauppa\/wp-json\/wp\/v2\/product"}],"about":[{"href":"https:\/\/safetypartners.fi\/kauppa\/wp-json\/wp\/v2\/types\/product"}],"replies":[{"embeddable":true,"href":"https:\/\/safetypartners.fi\/kauppa\/wp-json\/wp\/v2\/comments?post=2064"}],"version-history":[{"count":1,"href":"https:\/\/safetypartners.fi\/kauppa\/wp-json\/wp\/v2\/product\/2064\/revisions"}],"predecessor-version":[{"id":2071,"href":"https:\/\/safetypartners.fi\/kauppa\/wp-json\/wp\/v2\/product\/2064\/revisions\/2071"}],"wp:featuredmedia":[{"embeddable":true,"href":"https:\/\/safetypartners.fi\/kauppa\/wp-json\/wp\/v2\/media\/2069"}],"wp:attachment":[{"href":"https:\/\/safetypartners.fi\/kauppa\/wp-json\/wp\/v2\/media?parent=2064"}],"wp:term":[{"taxonomy":"product_brand","embeddable":true,"href":"https:\/\/safetypartners.fi\/kauppa\/wp-json\/wp\/v2\/product_brand?post=2064"},{"taxonomy":"product_cat","embeddable":true,"href":"https:\/\/safetypartners.fi\/kauppa\/wp-json\/wp\/v2\/product_cat?post=2064"},{"taxonomy":"product_tag","embeddable":true,"href":"https:\/\/safetypartners.fi\/kauppa\/wp-json\/wp\/v2\/product_tag?post=2064"}],"curies":[{"name":"wp","href":"https:\/\/api.w.org\/{rel}","templated":true}]}}