{"id":2083,"date":"2024-10-17T11:55:38","date_gmt":"2024-10-17T08:55:38","guid":{"rendered":"https:\/\/safetypartners.fi\/kauppa\/?post_type=product&#038;p=2083"},"modified":"2024-10-17T11:55:39","modified_gmt":"2024-10-17T08:55:39","slug":"aurinkoverho-autoon-2-kpl-carman","status":"publish","type":"product","link":"https:\/\/safetypartners.fi\/kauppa\/tuote\/aurinkoverho-autoon-2-kpl-carman","title":{"rendered":"Aurinkoverho autoon 2 kpl, Carman"},"content":{"rendered":"<table id=\"product-attribute-specs-table\" class=\"data table additional-attributes\" style=\"height: 285px;\" width=\"545\">\n<tbody>\n<tr>\n<th class=\"col label\" scope=\"row\">Leveys<\/th>\n<td class=\"col data\" data-th=\"Leveys\">7,5 cm<\/td>\n<\/tr>\n<tr>\n<th class=\"col label\" scope=\"row\">Syvyys<\/th>\n<td class=\"col data\" data-th=\"Syvyys\">3,5 cm<\/td>\n<\/tr>\n<tr>\n<th class=\"col label\" scope=\"row\">Korkeus<\/th>\n<td class=\"col data\" data-th=\"Korkeus\">45 cm<\/td>\n<\/tr>\n<tr>\n<th class=\"col label\" scope=\"row\">Paino<\/th>\n<td class=\"col data\" data-th=\"Paino\">0,33 kg<\/td>\n<\/tr>\n<tr>\n<th class=\"col label\" scope=\"row\">V\u00e4ri<\/th>\n<td class=\"col data\" data-th=\"V\u00e4ri\">musta<\/td>\n<\/tr>\n<tr>\n<th class=\"col label\" scope=\"row\">Materiaali<\/th>\n<td class=\"col data\" data-th=\"Materiaali\">polyesteri, PP<\/td>\n<\/tr>\n<\/tbody>\n<\/table>\n","protected":false},"excerpt":{"rendered":"<p><strong>Imukupeilla lasiin kiinnitett\u00e4v\u00e4 Carman-aurinkoverho<\/strong> on helppo vet\u00e4\u00e4 alas vet\u00e4m\u00e4ll\u00e4 ja vapauttaa takaisin yl\u00f6s vapautinnappia painamalla. Yhden verhon leveys on 40,5 cm ja korkeus maksimissaan 50 cm. Imukupit ovat kiinni liukukiskossa, joten sopiva paikka imukupeille l\u00f6ytyy helposti.<\/p>\n<p>Pakkauksessa on 2kpl aurinkoverhoja.<\/p>\n","protected":false},"featured_media":2084,"comment_status":"open","ping_status":"closed","template":"","meta":{"_uag_custom_page_level_css":"","site-sidebar-layout":"default","site-content-layout":"","ast-site-content-layout":"default","site-content-style":"default","site-sidebar-style":"default","ast-global-header-display":"","ast-banner-title-visibility":"","ast-main-header-display":"","ast-hfb-above-header-display":"","ast-hfb-below-header-display":"","ast-hfb-mobile-header-display":"","site-post-title":"","ast-breadcrumbs-content":"","ast-featured-img":"","footer-sml-layout":"","ast-disable-related-posts":"","theme-transparent-header-meta":"default","adv-header-id-meta":"","stick-header-meta":"default","header-above-stick-meta":"","header-main-stick-meta":"","header-below-stick-meta":"","astra-migrate-meta-layouts":"set","ast-page-background-enabled":"default","ast-page-background-meta":{"desktop":{"background-color":"","background-image":"","background-repeat":"repeat","background-position":"center center","background-size":"auto","background-attachment":"scroll","background-type":"","background-media":"","overlay-type":"","overlay-color":"","overlay-opacity":"","overlay-gradient":""},"tablet":{"background-color":"","background-image":"","background-repeat":"repeat","background-position":"center center","background-size":"auto","background-attachment":"scroll","background-type":"","background-media":"","overlay-type":"","overlay-color":"","overlay-opacity":"","overlay-gradient":""},"mobile":{"background-color":"","background-image":"","background-repeat":"repeat","background-position":"center center","background-size":"auto","background-attachment":"scroll","background-type":"","background-media":"","overlay-type":"","overlay-color":"","overlay-opacity":"","overlay-gradient":""}},"ast-content-background-meta":{"desktop":{"background-color":"var(--ast-global-color-5)","background-image":"","background-repeat":"repeat","background-position":"center center","background-size":"auto","background-attachment":"scroll","background-type":"","background-media":"","overlay-type":"","overlay-color":"","overlay-opacity":"","overlay-gradient":""},"tablet":{"background-color":"var(--ast-global-color-5)","background-image":"","background-repeat":"repeat","background-position":"center center","background-size":"auto","background-attachment":"scroll","background-type":"","background-media":"","overlay-type":"","overlay-color":"","overlay-opacity":"","overlay-gradient":""},"mobile":{"background-color":"var(--ast-global-color-5)","background-image":"","background-repeat":"repeat","background-position":"center center","background-size":"auto","background-attachment":"scroll","background-type":"","background-media":"","overlay-type":"","overlay-color":"","overlay-opacity":"","overlay-gradient":""}}},"product_brand":[],"product_cat":[15,41],"product_tag":[770,83,750,774,771,772,773,775,674,776],"class_list":{"0":"post-2083","1":"product","2":"type-product","3":"status-publish","4":"has-post-thumbnail","6":"product_cat-yleinen","7":"product_cat-koti-vapaa-aika","8":"product_tag-aurinkoverho","9":"product_tag-autoon","10":"product_tag-carman","11":"product_tag-harmaa","12":"product_tag-imukupit","13":"product_tag-iso","14":"product_tag-levea","15":"product_tag-liukukisko","16":"product_tag-musta","17":"product_tag-setti","18":"product_shipping_class-suomi","19":"desktop-align-center","20":"tablet-align-center","21":"mobile-align-center","22":"ast-product-gallery-layout-horizontal-slider","23":"ast-product-tabs-layout-horizontal","25":"first","26":"instock","27":"taxable","28":"shipping-taxable","29":"purchasable","30":"product-type-simple"},"yoast_head":"<!-- This site is optimized with the Yoast SEO plugin v27.3 - https:\/\/yoast.com\/product\/yoast-seo-wordpress\/ -->\n<title>Aurinkoverho autoon 2 kpl, Carman - Safety Partners<\/title>\n<meta name=\"description\" content=\"Imukupeilla lasiin kiinnitett\u00e4v\u00e4 Carman-aurinkoverho on helppo vet\u00e4\u00e4 alas vet\u00e4m\u00e4ll\u00e4 ja vapauttaa takaisin yl\u00f6s vapautinnappia painamalla.\" \/>\n<meta name=\"robots\" content=\"index, follow, max-snippet:-1, max-image-preview:large, max-video-preview:-1\" \/>\n<link rel=\"canonical\" href=\"https:\/\/safetypartners.fi\/kauppa\/tuote\/aurinkoverho-autoon-2-kpl-carman\" \/>\n<meta property=\"og:locale\" content=\"fi_FI\" \/>\n<meta property=\"og:type\" content=\"article\" \/>\n<meta property=\"og:title\" content=\"Aurinkoverho autoon 2 kpl, Carman - Safety Partners\" \/>\n<meta property=\"og:description\" content=\"Imukupeilla lasiin kiinnitett\u00e4v\u00e4 Carman-aurinkoverho on helppo vet\u00e4\u00e4 alas vet\u00e4m\u00e4ll\u00e4 ja vapauttaa takaisin yl\u00f6s vapautinnappia painamalla.\" \/>\n<meta property=\"og:url\" content=\"https:\/\/safetypartners.fi\/kauppa\/tuote\/aurinkoverho-autoon-2-kpl-carman\" \/>\n<meta property=\"og:site_name\" content=\"Safety Partners\" \/>\n<meta property=\"article:modified_time\" content=\"2024-10-17T08:55:39+00:00\" \/>\n<meta property=\"og:image\" content=\"https:\/\/safetypartners.fi\/kauppa\/wp-content\/uploads\/2024\/10\/Carman-aurinkoverho-autoon.png\" \/>\n\t<meta property=\"og:image:width\" content=\"500\" \/>\n\t<meta property=\"og:image:height\" content=\"333\" \/>\n\t<meta property=\"og:image:type\" content=\"image\/png\" \/>\n<meta name=\"twitter:card\" content=\"summary_large_image\" \/>\n<meta name=\"twitter:label1\" content=\"Arvioitu lukuaika\" \/>\n\t<meta name=\"twitter:data1\" content=\"1 minuutti\" \/>\n<script type=\"application\/ld+json\" class=\"yoast-schema-graph\">{\"@context\":\"https:\\\/\\\/schema.org\",\"@graph\":[{\"@type\":\"WebPage\",\"@id\":\"https:\\\/\\\/safetypartners.fi\\\/kauppa\\\/tuote\\\/aurinkoverho-autoon-2-kpl-carman\",\"url\":\"https:\\\/\\\/safetypartners.fi\\\/kauppa\\\/tuote\\\/aurinkoverho-autoon-2-kpl-carman\",\"name\":\"Aurinkoverho autoon 2 kpl, Carman - Safety Partners\",\"isPartOf\":{\"@id\":\"https:\\\/\\\/safetypartners.fi\\\/kauppa\\\/#website\"},\"primaryImageOfPage\":{\"@id\":\"https:\\\/\\\/safetypartners.fi\\\/kauppa\\\/tuote\\\/aurinkoverho-autoon-2-kpl-carman#primaryimage\"},\"image\":{\"@id\":\"https:\\\/\\\/safetypartners.fi\\\/kauppa\\\/tuote\\\/aurinkoverho-autoon-2-kpl-carman#primaryimage\"},\"thumbnailUrl\":\"https:\\\/\\\/safetypartners.fi\\\/kauppa\\\/wp-content\\\/uploads\\\/2024\\\/10\\\/Carman-aurinkoverho-autoon.png\",\"datePublished\":\"2024-10-17T08:55:38+00:00\",\"dateModified\":\"2024-10-17T08:55:39+00:00\",\"description\":\"Imukupeilla lasiin kiinnitett\u00e4v\u00e4 Carman-aurinkoverho on helppo vet\u00e4\u00e4 alas vet\u00e4m\u00e4ll\u00e4 ja vapauttaa takaisin yl\u00f6s vapautinnappia painamalla.\",\"breadcrumb\":{\"@id\":\"https:\\\/\\\/safetypartners.fi\\\/kauppa\\\/tuote\\\/aurinkoverho-autoon-2-kpl-carman#breadcrumb\"},\"inLanguage\":\"fi\",\"potentialAction\":[{\"@type\":\"ReadAction\",\"target\":[\"https:\\\/\\\/safetypartners.fi\\\/kauppa\\\/tuote\\\/aurinkoverho-autoon-2-kpl-carman\"]}]},{\"@type\":\"ImageObject\",\"inLanguage\":\"fi\",\"@id\":\"https:\\\/\\\/safetypartners.fi\\\/kauppa\\\/tuote\\\/aurinkoverho-autoon-2-kpl-carman#primaryimage\",\"url\":\"https:\\\/\\\/safetypartners.fi\\\/kauppa\\\/wp-content\\\/uploads\\\/2024\\\/10\\\/Carman-aurinkoverho-autoon.png\",\"contentUrl\":\"https:\\\/\\\/safetypartners.fi\\\/kauppa\\\/wp-content\\\/uploads\\\/2024\\\/10\\\/Carman-aurinkoverho-autoon.png\",\"width\":500,\"height\":333,\"caption\":\"Aurinkoverho autoon, Carman\"},{\"@type\":\"BreadcrumbList\",\"@id\":\"https:\\\/\\\/safetypartners.fi\\\/kauppa\\\/tuote\\\/aurinkoverho-autoon-2-kpl-carman#breadcrumb\",\"itemListElement\":[{\"@type\":\"ListItem\",\"position\":1,\"name\":\"Home\",\"item\":\"https:\\\/\\\/safetypartners.fi\\\/kauppa\\\/\"},{\"@type\":\"ListItem\",\"position\":2,\"name\":\"Kauppa\",\"item\":\"https:\\\/\\\/safetypartners.fi\\\/kauppa\\\/kauppa\"},{\"@type\":\"ListItem\",\"position\":3,\"name\":\"Aurinkoverho autoon 2 kpl, Carman\"}]},{\"@type\":\"WebSite\",\"@id\":\"https:\\\/\\\/safetypartners.fi\\\/kauppa\\\/#website\",\"url\":\"https:\\\/\\\/safetypartners.fi\\\/kauppa\\\/\",\"name\":\"Safety Partners\",\"description\":\"Safety Partners turvakauppa palvelee verkossa 24\\\/7!\",\"publisher\":{\"@id\":\"https:\\\/\\\/safetypartners.fi\\\/kauppa\\\/#organization\"},\"potentialAction\":[{\"@type\":\"SearchAction\",\"target\":{\"@type\":\"EntryPoint\",\"urlTemplate\":\"https:\\\/\\\/safetypartners.fi\\\/kauppa\\\/?s={search_term_string}\"},\"query-input\":{\"@type\":\"PropertyValueSpecification\",\"valueRequired\":true,\"valueName\":\"search_term_string\"}}],\"inLanguage\":\"fi\"},{\"@type\":\"Organization\",\"@id\":\"https:\\\/\\\/safetypartners.fi\\\/kauppa\\\/#organization\",\"name\":\"Safety Partners | Suomen Sammutinpalvelu\",\"url\":\"https:\\\/\\\/safetypartners.fi\\\/kauppa\\\/\",\"logo\":{\"@type\":\"ImageObject\",\"inLanguage\":\"fi\",\"@id\":\"https:\\\/\\\/safetypartners.fi\\\/kauppa\\\/#\\\/schema\\\/logo\\\/image\\\/\",\"url\":\"https:\\\/\\\/safetypartners.fi\\\/kauppa\\\/wp-content\\\/uploads\\\/2020\\\/05\\\/cropped-Logoke-1.jpg\",\"contentUrl\":\"https:\\\/\\\/safetypartners.fi\\\/kauppa\\\/wp-content\\\/uploads\\\/2020\\\/05\\\/cropped-Logoke-1.jpg\",\"width\":847,\"height\":717,\"caption\":\"Safety Partners | Suomen Sammutinpalvelu\"},\"image\":{\"@id\":\"https:\\\/\\\/safetypartners.fi\\\/kauppa\\\/#\\\/schema\\\/logo\\\/image\\\/\"}}]}<\/script>\n<!-- \/ Yoast SEO plugin. -->","yoast_head_json":{"title":"Aurinkoverho autoon 2 kpl, Carman - Safety Partners","description":"Imukupeilla lasiin kiinnitett\u00e4v\u00e4 Carman-aurinkoverho on helppo vet\u00e4\u00e4 alas vet\u00e4m\u00e4ll\u00e4 ja vapauttaa takaisin yl\u00f6s vapautinnappia painamalla.","robots":{"index":"index","follow":"follow","max-snippet":"max-snippet:-1","max-image-preview":"max-image-preview:large","max-video-preview":"max-video-preview:-1"},"canonical":"https:\/\/safetypartners.fi\/kauppa\/tuote\/aurinkoverho-autoon-2-kpl-carman","og_locale":"fi_FI","og_type":"article","og_title":"Aurinkoverho autoon 2 kpl, Carman - Safety Partners","og_description":"Imukupeilla lasiin kiinnitett\u00e4v\u00e4 Carman-aurinkoverho on helppo vet\u00e4\u00e4 alas vet\u00e4m\u00e4ll\u00e4 ja vapauttaa takaisin yl\u00f6s vapautinnappia painamalla.","og_url":"https:\/\/safetypartners.fi\/kauppa\/tuote\/aurinkoverho-autoon-2-kpl-carman","og_site_name":"Safety Partners","article_modified_time":"2024-10-17T08:55:39+00:00","og_image":[{"width":500,"height":333,"url":"https:\/\/safetypartners.fi\/kauppa\/wp-content\/uploads\/2024\/10\/Carman-aurinkoverho-autoon.png","type":"image\/png"}],"twitter_card":"summary_large_image","twitter_misc":{"Arvioitu lukuaika":"1 minuutti"},"schema":{"@context":"https:\/\/schema.org","@graph":[{"@type":"WebPage","@id":"https:\/\/safetypartners.fi\/kauppa\/tuote\/aurinkoverho-autoon-2-kpl-carman","url":"https:\/\/safetypartners.fi\/kauppa\/tuote\/aurinkoverho-autoon-2-kpl-carman","name":"Aurinkoverho autoon 2 kpl, Carman - Safety Partners","isPartOf":{"@id":"https:\/\/safetypartners.fi\/kauppa\/#website"},"primaryImageOfPage":{"@id":"https:\/\/safetypartners.fi\/kauppa\/tuote\/aurinkoverho-autoon-2-kpl-carman#primaryimage"},"image":{"@id":"https:\/\/safetypartners.fi\/kauppa\/tuote\/aurinkoverho-autoon-2-kpl-carman#primaryimage"},"thumbnailUrl":"https:\/\/safetypartners.fi\/kauppa\/wp-content\/uploads\/2024\/10\/Carman-aurinkoverho-autoon.png","datePublished":"2024-10-17T08:55:38+00:00","dateModified":"2024-10-17T08:55:39+00:00","description":"Imukupeilla lasiin kiinnitett\u00e4v\u00e4 Carman-aurinkoverho on helppo vet\u00e4\u00e4 alas vet\u00e4m\u00e4ll\u00e4 ja vapauttaa takaisin yl\u00f6s vapautinnappia painamalla.","breadcrumb":{"@id":"https:\/\/safetypartners.fi\/kauppa\/tuote\/aurinkoverho-autoon-2-kpl-carman#breadcrumb"},"inLanguage":"fi","potentialAction":[{"@type":"ReadAction","target":["https:\/\/safetypartners.fi\/kauppa\/tuote\/aurinkoverho-autoon-2-kpl-carman"]}]},{"@type":"ImageObject","inLanguage":"fi","@id":"https:\/\/safetypartners.fi\/kauppa\/tuote\/aurinkoverho-autoon-2-kpl-carman#primaryimage","url":"https:\/\/safetypartners.fi\/kauppa\/wp-content\/uploads\/2024\/10\/Carman-aurinkoverho-autoon.png","contentUrl":"https:\/\/safetypartners.fi\/kauppa\/wp-content\/uploads\/2024\/10\/Carman-aurinkoverho-autoon.png","width":500,"height":333,"caption":"Aurinkoverho autoon, Carman"},{"@type":"BreadcrumbList","@id":"https:\/\/safetypartners.fi\/kauppa\/tuote\/aurinkoverho-autoon-2-kpl-carman#breadcrumb","itemListElement":[{"@type":"ListItem","position":1,"name":"Home","item":"https:\/\/safetypartners.fi\/kauppa\/"},{"@type":"ListItem","position":2,"name":"Kauppa","item":"https:\/\/safetypartners.fi\/kauppa\/kauppa"},{"@type":"ListItem","position":3,"name":"Aurinkoverho autoon 2 kpl, Carman"}]},{"@type":"WebSite","@id":"https:\/\/safetypartners.fi\/kauppa\/#website","url":"https:\/\/safetypartners.fi\/kauppa\/","name":"Safety Partners","description":"Safety Partners turvakauppa palvelee verkossa 24\/7!","publisher":{"@id":"https:\/\/safetypartners.fi\/kauppa\/#organization"},"potentialAction":[{"@type":"SearchAction","target":{"@type":"EntryPoint","urlTemplate":"https:\/\/safetypartners.fi\/kauppa\/?s={search_term_string}"},"query-input":{"@type":"PropertyValueSpecification","valueRequired":true,"valueName":"search_term_string"}}],"inLanguage":"fi"},{"@type":"Organization","@id":"https:\/\/safetypartners.fi\/kauppa\/#organization","name":"Safety Partners | Suomen Sammutinpalvelu","url":"https:\/\/safetypartners.fi\/kauppa\/","logo":{"@type":"ImageObject","inLanguage":"fi","@id":"https:\/\/safetypartners.fi\/kauppa\/#\/schema\/logo\/image\/","url":"https:\/\/safetypartners.fi\/kauppa\/wp-content\/uploads\/2020\/05\/cropped-Logoke-1.jpg","contentUrl":"https:\/\/safetypartners.fi\/kauppa\/wp-content\/uploads\/2020\/05\/cropped-Logoke-1.jpg","width":847,"height":717,"caption":"Safety Partners | Suomen Sammutinpalvelu"},"image":{"@id":"https:\/\/safetypartners.fi\/kauppa\/#\/schema\/logo\/image\/"}}]}},"uagb_featured_image_src":{"full":["https:\/\/safetypartners.fi\/kauppa\/wp-content\/uploads\/2024\/10\/Carman-aurinkoverho-autoon.png",500,333,false],"thumbnail":["https:\/\/safetypartners.fi\/kauppa\/wp-content\/uploads\/2024\/10\/Carman-aurinkoverho-autoon-150x150.png",150,150,true],"medium":["https:\/\/safetypartners.fi\/kauppa\/wp-content\/uploads\/2024\/10\/Carman-aurinkoverho-autoon-300x200.png",300,200,true],"medium_large":["https:\/\/safetypartners.fi\/kauppa\/wp-content\/uploads\/2024\/10\/Carman-aurinkoverho-autoon.png",500,333,false],"large":["https:\/\/safetypartners.fi\/kauppa\/wp-content\/uploads\/2024\/10\/Carman-aurinkoverho-autoon.png",500,333,false],"1536x1536":["https:\/\/safetypartners.fi\/kauppa\/wp-content\/uploads\/2024\/10\/Carman-aurinkoverho-autoon.png",500,333,false],"2048x2048":["https:\/\/safetypartners.fi\/kauppa\/wp-content\/uploads\/2024\/10\/Carman-aurinkoverho-autoon.png",500,333,false],"woocommerce_thumbnail":["https:\/\/safetypartners.fi\/kauppa\/wp-content\/uploads\/2024\/10\/Carman-aurinkoverho-autoon-300x300.png",300,300,true],"woocommerce_single":["https:\/\/safetypartners.fi\/kauppa\/wp-content\/uploads\/2024\/10\/Carman-aurinkoverho-autoon.png",500,333,false],"woocommerce_gallery_thumbnail":["https:\/\/safetypartners.fi\/kauppa\/wp-content\/uploads\/2024\/10\/Carman-aurinkoverho-autoon-100x100.png",100,100,true]},"uagb_author_info":{"display_name":"Anu Lehto","author_link":"https:\/\/safetypartners.fi\/kauppa\/author"},"uagb_comment_info":0,"uagb_excerpt":"Imukupeilla lasiin kiinnitett\u00e4v\u00e4 Carman-aurinkoverho on helppo vet\u00e4\u00e4 alas vet\u00e4m\u00e4ll\u00e4 ja vapauttaa takaisin yl\u00f6s vapautinnappia painamalla. Yhden verhon leveys on 40,5 cm ja korkeus maksimissaan 50 cm. Imukupit ovat kiinni liukukiskossa, joten sopiva paikka imukupeille l\u00f6ytyy helposti. Pakkauksessa on 2kpl aurinkoverhoja.","_links":{"self":[{"href":"https:\/\/safetypartners.fi\/kauppa\/wp-json\/wp\/v2\/product\/2083","targetHints":{"allow":["GET"]}}],"collection":[{"href":"https:\/\/safetypartners.fi\/kauppa\/wp-json\/wp\/v2\/product"}],"about":[{"href":"https:\/\/safetypartners.fi\/kauppa\/wp-json\/wp\/v2\/types\/product"}],"replies":[{"embeddable":true,"href":"https:\/\/safetypartners.fi\/kauppa\/wp-json\/wp\/v2\/comments?post=2083"}],"version-history":[{"count":1,"href":"https:\/\/safetypartners.fi\/kauppa\/wp-json\/wp\/v2\/product\/2083\/revisions"}],"predecessor-version":[{"id":2087,"href":"https:\/\/safetypartners.fi\/kauppa\/wp-json\/wp\/v2\/product\/2083\/revisions\/2087"}],"wp:featuredmedia":[{"embeddable":true,"href":"https:\/\/safetypartners.fi\/kauppa\/wp-json\/wp\/v2\/media\/2084"}],"wp:attachment":[{"href":"https:\/\/safetypartners.fi\/kauppa\/wp-json\/wp\/v2\/media?parent=2083"}],"wp:term":[{"taxonomy":"product_brand","embeddable":true,"href":"https:\/\/safetypartners.fi\/kauppa\/wp-json\/wp\/v2\/product_brand?post=2083"},{"taxonomy":"product_cat","embeddable":true,"href":"https:\/\/safetypartners.fi\/kauppa\/wp-json\/wp\/v2\/product_cat?post=2083"},{"taxonomy":"product_tag","embeddable":true,"href":"https:\/\/safetypartners.fi\/kauppa\/wp-json\/wp\/v2\/product_tag?post=2083"}],"curies":[{"name":"wp","href":"https:\/\/api.w.org\/{rel}","templated":true}]}}