{"id":2088,"date":"2024-10-17T12:08:42","date_gmt":"2024-10-17T09:08:42","guid":{"rendered":"https:\/\/safetypartners.fi\/kauppa\/?post_type=product&#038;p=2088"},"modified":"2025-03-24T15:09:03","modified_gmt":"2025-03-24T13:09:03","slug":"maxi-cover-laastari-haavatyynylla-5-kpl-salvequick","status":"publish","type":"product","link":"https:\/\/safetypartners.fi\/kauppa\/tuote\/maxi-cover-laastari-haavatyynylla-5-kpl-salvequick","title":{"rendered":"Maxi Cover -laastari haavatyynyll\u00e4 5 kpl, Salvequick"},"content":{"rendered":"<p>Steriili ja hengitt\u00e4v\u00e4 haavatyynypakkaus sis\u00e4lt\u00e4\u00e4 viisi laastaria, 76mm x 54mm.<br \/>\n\u00c4l\u00e4 k\u00e4yt\u00e4, jos laastarin sis\u00e4lt\u00e4v\u00e4 sis\u00e4pakkaus on rikkoutunut<\/p>\n","protected":false},"excerpt":{"rendered":"<p><strong>Salvequick Maxi Cover -laastari <\/strong>\u00a0on steriili ja hengitt\u00e4v\u00e4, eritt\u00e4in imukykyisell\u00e4 haavatyynyll\u00e4 varustettu laastari eritt\u00e4ville haavoille. Haavasidos on pehme\u00e4, joustava ja tarttuu hyvin, koska siin\u00e4 on liimaa kaikilla reunoilla. Maxi Cover sopii k\u00e4ytett\u00e4v\u00e4ksi suuriin pinnallisiin haavoihin, kuten jalkater\u00e4n hiertymiin.<\/p>\n","protected":false},"featured_media":2090,"comment_status":"open","ping_status":"closed","template":"","meta":{"_uag_custom_page_level_css":"","site-sidebar-layout":"default","site-content-layout":"","ast-site-content-layout":"default","site-content-style":"default","site-sidebar-style":"default","ast-global-header-display":"","ast-banner-title-visibility":"","ast-main-header-display":"","ast-hfb-above-header-display":"","ast-hfb-below-header-display":"","ast-hfb-mobile-header-display":"","site-post-title":"","ast-breadcrumbs-content":"","ast-featured-img":"","footer-sml-layout":"","ast-disable-related-posts":"","theme-transparent-header-meta":"default","adv-header-id-meta":"","stick-header-meta":"default","header-above-stick-meta":"","header-main-stick-meta":"","header-below-stick-meta":"","astra-migrate-meta-layouts":"set","ast-page-background-enabled":"default","ast-page-background-meta":{"desktop":{"background-color":"","background-image":"","background-repeat":"repeat","background-position":"center center","background-size":"auto","background-attachment":"scroll","background-type":"","background-media":"","overlay-type":"","overlay-color":"","overlay-opacity":"","overlay-gradient":""},"tablet":{"background-color":"","background-image":"","background-repeat":"repeat","background-position":"center center","background-size":"auto","background-attachment":"scroll","background-type":"","background-media":"","overlay-type":"","overlay-color":"","overlay-opacity":"","overlay-gradient":""},"mobile":{"background-color":"","background-image":"","background-repeat":"repeat","background-position":"center center","background-size":"auto","background-attachment":"scroll","background-type":"","background-media":"","overlay-type":"","overlay-color":"","overlay-opacity":"","overlay-gradient":""}},"ast-content-background-meta":{"desktop":{"background-color":"var(--ast-global-color-5)","background-image":"","background-repeat":"repeat","background-position":"center center","background-size":"auto","background-attachment":"scroll","background-type":"","background-media":"","overlay-type":"","overlay-color":"","overlay-opacity":"","overlay-gradient":""},"tablet":{"background-color":"var(--ast-global-color-5)","background-image":"","background-repeat":"repeat","background-position":"center center","background-size":"auto","background-attachment":"scroll","background-type":"","background-media":"","overlay-type":"","overlay-color":"","overlay-opacity":"","overlay-gradient":""},"mobile":{"background-color":"var(--ast-global-color-5)","background-image":"","background-repeat":"repeat","background-position":"center center","background-size":"auto","background-attachment":"scroll","background-type":"","background-media":"","overlay-type":"","overlay-color":"","overlay-opacity":"","overlay-gradient":""}}},"product_brand":[],"product_cat":[42,15],"product_tag":[778,783,780,781,784,166,777,779,150,782],"class_list":{"0":"post-2088","1":"product","2":"type-product","3":"status-publish","4":"has-post-thumbnail","6":"product_cat-ensiapu","7":"product_cat-yleinen","8":"product_tag-haavasidos","9":"product_tag-haavatyyny","10":"product_tag-hengittava","11":"product_tag-hiertymille","12":"product_tag-imukykyinen","13":"product_tag-laastari","14":"product_tag-maxi-cover","15":"product_tag-pehmea","16":"product_tag-salvequick","17":"product_tag-steriili","18":"product_shipping_class-suomi","19":"desktop-align-center","20":"tablet-align-center","21":"mobile-align-center","22":"ast-product-gallery-layout-horizontal-slider","23":"ast-product-gallery-with-no-image","24":"ast-product-tabs-layout-horizontal","26":"first","27":"instock","28":"taxable","29":"shipping-taxable","30":"purchasable","31":"product-type-simple"},"yoast_head":"<!-- This site is optimized with the Yoast SEO plugin v27.3 - https:\/\/yoast.com\/product\/yoast-seo-wordpress\/ -->\n<title>Maxi Cover -laastari haavatyynyll\u00e4 5 kpl, Salvequick - Safety Partners<\/title>\n<meta name=\"description\" content=\"Steriili ja hengitt\u00e4v\u00e4, eritt\u00e4in imukykyisell\u00e4 haavatyynyll\u00e4 varustettu laastari on pehme\u00e4, joustava ja tarttuu hyvin. Hiertymille ja eritt\u00e4ville haavoille.\" \/>\n<meta name=\"robots\" content=\"index, follow, max-snippet:-1, max-image-preview:large, max-video-preview:-1\" \/>\n<link rel=\"canonical\" href=\"https:\/\/safetypartners.fi\/kauppa\/tuote\/maxi-cover-laastari-haavatyynylla-5-kpl-salvequick\" \/>\n<meta property=\"og:locale\" content=\"fi_FI\" \/>\n<meta property=\"og:type\" content=\"article\" \/>\n<meta property=\"og:title\" content=\"Maxi Cover -laastari haavatyynyll\u00e4 5 kpl, Salvequick - Safety Partners\" \/>\n<meta property=\"og:description\" content=\"Steriili ja hengitt\u00e4v\u00e4, eritt\u00e4in imukykyisell\u00e4 haavatyynyll\u00e4 varustettu laastari on pehme\u00e4, joustava ja tarttuu hyvin. Hiertymille ja eritt\u00e4ville haavoille.\" \/>\n<meta property=\"og:url\" content=\"https:\/\/safetypartners.fi\/kauppa\/tuote\/maxi-cover-laastari-haavatyynylla-5-kpl-salvequick\" \/>\n<meta property=\"og:site_name\" content=\"Safety Partners\" \/>\n<meta property=\"article:modified_time\" content=\"2025-03-24T13:09:03+00:00\" \/>\n<meta property=\"og:image\" content=\"https:\/\/safetypartners.fi\/kauppa\/wp-content\/uploads\/2024\/10\/Salvequick-Maxi-Cover-laastari.png\" \/>\n\t<meta property=\"og:image:width\" content=\"1002\" \/>\n\t<meta property=\"og:image:height\" content=\"1026\" \/>\n\t<meta property=\"og:image:type\" content=\"image\/png\" \/>\n<meta name=\"twitter:card\" content=\"summary_large_image\" \/>\n<meta name=\"twitter:label1\" content=\"Arvioitu lukuaika\" \/>\n\t<meta name=\"twitter:data1\" content=\"1 minuutti\" \/>\n<script type=\"application\/ld+json\" class=\"yoast-schema-graph\">{\"@context\":\"https:\\\/\\\/schema.org\",\"@graph\":[{\"@type\":\"WebPage\",\"@id\":\"https:\\\/\\\/safetypartners.fi\\\/kauppa\\\/tuote\\\/maxi-cover-laastari-haavatyynylla-5-kpl-salvequick\",\"url\":\"https:\\\/\\\/safetypartners.fi\\\/kauppa\\\/tuote\\\/maxi-cover-laastari-haavatyynylla-5-kpl-salvequick\",\"name\":\"Maxi Cover -laastari haavatyynyll\u00e4 5 kpl, Salvequick - Safety Partners\",\"isPartOf\":{\"@id\":\"https:\\\/\\\/safetypartners.fi\\\/kauppa\\\/#website\"},\"primaryImageOfPage\":{\"@id\":\"https:\\\/\\\/safetypartners.fi\\\/kauppa\\\/tuote\\\/maxi-cover-laastari-haavatyynylla-5-kpl-salvequick#primaryimage\"},\"image\":{\"@id\":\"https:\\\/\\\/safetypartners.fi\\\/kauppa\\\/tuote\\\/maxi-cover-laastari-haavatyynylla-5-kpl-salvequick#primaryimage\"},\"thumbnailUrl\":\"https:\\\/\\\/safetypartners.fi\\\/kauppa\\\/wp-content\\\/uploads\\\/2024\\\/10\\\/Salvequick-Maxi-Cover-laastari.png\",\"datePublished\":\"2024-10-17T09:08:42+00:00\",\"dateModified\":\"2025-03-24T13:09:03+00:00\",\"description\":\"Steriili ja hengitt\u00e4v\u00e4, eritt\u00e4in imukykyisell\u00e4 haavatyynyll\u00e4 varustettu laastari on pehme\u00e4, joustava ja tarttuu hyvin. Hiertymille ja eritt\u00e4ville haavoille.\",\"breadcrumb\":{\"@id\":\"https:\\\/\\\/safetypartners.fi\\\/kauppa\\\/tuote\\\/maxi-cover-laastari-haavatyynylla-5-kpl-salvequick#breadcrumb\"},\"inLanguage\":\"fi\",\"potentialAction\":[{\"@type\":\"ReadAction\",\"target\":[\"https:\\\/\\\/safetypartners.fi\\\/kauppa\\\/tuote\\\/maxi-cover-laastari-haavatyynylla-5-kpl-salvequick\"]}]},{\"@type\":\"ImageObject\",\"inLanguage\":\"fi\",\"@id\":\"https:\\\/\\\/safetypartners.fi\\\/kauppa\\\/tuote\\\/maxi-cover-laastari-haavatyynylla-5-kpl-salvequick#primaryimage\",\"url\":\"https:\\\/\\\/safetypartners.fi\\\/kauppa\\\/wp-content\\\/uploads\\\/2024\\\/10\\\/Salvequick-Maxi-Cover-laastari.png\",\"contentUrl\":\"https:\\\/\\\/safetypartners.fi\\\/kauppa\\\/wp-content\\\/uploads\\\/2024\\\/10\\\/Salvequick-Maxi-Cover-laastari.png\",\"width\":1002,\"height\":1026,\"caption\":\"Salvequick Maxi Cover -laastari\"},{\"@type\":\"BreadcrumbList\",\"@id\":\"https:\\\/\\\/safetypartners.fi\\\/kauppa\\\/tuote\\\/maxi-cover-laastari-haavatyynylla-5-kpl-salvequick#breadcrumb\",\"itemListElement\":[{\"@type\":\"ListItem\",\"position\":1,\"name\":\"Home\",\"item\":\"https:\\\/\\\/safetypartners.fi\\\/kauppa\\\/\"},{\"@type\":\"ListItem\",\"position\":2,\"name\":\"Kauppa\",\"item\":\"https:\\\/\\\/safetypartners.fi\\\/kauppa\\\/kauppa\"},{\"@type\":\"ListItem\",\"position\":3,\"name\":\"Maxi Cover -laastari haavatyynyll\u00e4 5 kpl, Salvequick\"}]},{\"@type\":\"WebSite\",\"@id\":\"https:\\\/\\\/safetypartners.fi\\\/kauppa\\\/#website\",\"url\":\"https:\\\/\\\/safetypartners.fi\\\/kauppa\\\/\",\"name\":\"Safety Partners\",\"description\":\"Safety Partners turvakauppa palvelee verkossa 24\\\/7!\",\"publisher\":{\"@id\":\"https:\\\/\\\/safetypartners.fi\\\/kauppa\\\/#organization\"},\"potentialAction\":[{\"@type\":\"SearchAction\",\"target\":{\"@type\":\"EntryPoint\",\"urlTemplate\":\"https:\\\/\\\/safetypartners.fi\\\/kauppa\\\/?s={search_term_string}\"},\"query-input\":{\"@type\":\"PropertyValueSpecification\",\"valueRequired\":true,\"valueName\":\"search_term_string\"}}],\"inLanguage\":\"fi\"},{\"@type\":\"Organization\",\"@id\":\"https:\\\/\\\/safetypartners.fi\\\/kauppa\\\/#organization\",\"name\":\"Safety Partners | Suomen Sammutinpalvelu\",\"url\":\"https:\\\/\\\/safetypartners.fi\\\/kauppa\\\/\",\"logo\":{\"@type\":\"ImageObject\",\"inLanguage\":\"fi\",\"@id\":\"https:\\\/\\\/safetypartners.fi\\\/kauppa\\\/#\\\/schema\\\/logo\\\/image\\\/\",\"url\":\"https:\\\/\\\/safetypartners.fi\\\/kauppa\\\/wp-content\\\/uploads\\\/2020\\\/05\\\/cropped-Logoke-1.jpg\",\"contentUrl\":\"https:\\\/\\\/safetypartners.fi\\\/kauppa\\\/wp-content\\\/uploads\\\/2020\\\/05\\\/cropped-Logoke-1.jpg\",\"width\":847,\"height\":717,\"caption\":\"Safety Partners | Suomen Sammutinpalvelu\"},\"image\":{\"@id\":\"https:\\\/\\\/safetypartners.fi\\\/kauppa\\\/#\\\/schema\\\/logo\\\/image\\\/\"}}]}<\/script>\n<!-- \/ Yoast SEO plugin. -->","yoast_head_json":{"title":"Maxi Cover -laastari haavatyynyll\u00e4 5 kpl, Salvequick - Safety Partners","description":"Steriili ja hengitt\u00e4v\u00e4, eritt\u00e4in imukykyisell\u00e4 haavatyynyll\u00e4 varustettu laastari on pehme\u00e4, joustava ja tarttuu hyvin. Hiertymille ja eritt\u00e4ville haavoille.","robots":{"index":"index","follow":"follow","max-snippet":"max-snippet:-1","max-image-preview":"max-image-preview:large","max-video-preview":"max-video-preview:-1"},"canonical":"https:\/\/safetypartners.fi\/kauppa\/tuote\/maxi-cover-laastari-haavatyynylla-5-kpl-salvequick","og_locale":"fi_FI","og_type":"article","og_title":"Maxi Cover -laastari haavatyynyll\u00e4 5 kpl, Salvequick - Safety Partners","og_description":"Steriili ja hengitt\u00e4v\u00e4, eritt\u00e4in imukykyisell\u00e4 haavatyynyll\u00e4 varustettu laastari on pehme\u00e4, joustava ja tarttuu hyvin. Hiertymille ja eritt\u00e4ville haavoille.","og_url":"https:\/\/safetypartners.fi\/kauppa\/tuote\/maxi-cover-laastari-haavatyynylla-5-kpl-salvequick","og_site_name":"Safety Partners","article_modified_time":"2025-03-24T13:09:03+00:00","og_image":[{"width":1002,"height":1026,"url":"https:\/\/safetypartners.fi\/kauppa\/wp-content\/uploads\/2024\/10\/Salvequick-Maxi-Cover-laastari.png","type":"image\/png"}],"twitter_card":"summary_large_image","twitter_misc":{"Arvioitu lukuaika":"1 minuutti"},"schema":{"@context":"https:\/\/schema.org","@graph":[{"@type":"WebPage","@id":"https:\/\/safetypartners.fi\/kauppa\/tuote\/maxi-cover-laastari-haavatyynylla-5-kpl-salvequick","url":"https:\/\/safetypartners.fi\/kauppa\/tuote\/maxi-cover-laastari-haavatyynylla-5-kpl-salvequick","name":"Maxi Cover -laastari haavatyynyll\u00e4 5 kpl, Salvequick - Safety Partners","isPartOf":{"@id":"https:\/\/safetypartners.fi\/kauppa\/#website"},"primaryImageOfPage":{"@id":"https:\/\/safetypartners.fi\/kauppa\/tuote\/maxi-cover-laastari-haavatyynylla-5-kpl-salvequick#primaryimage"},"image":{"@id":"https:\/\/safetypartners.fi\/kauppa\/tuote\/maxi-cover-laastari-haavatyynylla-5-kpl-salvequick#primaryimage"},"thumbnailUrl":"https:\/\/safetypartners.fi\/kauppa\/wp-content\/uploads\/2024\/10\/Salvequick-Maxi-Cover-laastari.png","datePublished":"2024-10-17T09:08:42+00:00","dateModified":"2025-03-24T13:09:03+00:00","description":"Steriili ja hengitt\u00e4v\u00e4, eritt\u00e4in imukykyisell\u00e4 haavatyynyll\u00e4 varustettu laastari on pehme\u00e4, joustava ja tarttuu hyvin. Hiertymille ja eritt\u00e4ville haavoille.","breadcrumb":{"@id":"https:\/\/safetypartners.fi\/kauppa\/tuote\/maxi-cover-laastari-haavatyynylla-5-kpl-salvequick#breadcrumb"},"inLanguage":"fi","potentialAction":[{"@type":"ReadAction","target":["https:\/\/safetypartners.fi\/kauppa\/tuote\/maxi-cover-laastari-haavatyynylla-5-kpl-salvequick"]}]},{"@type":"ImageObject","inLanguage":"fi","@id":"https:\/\/safetypartners.fi\/kauppa\/tuote\/maxi-cover-laastari-haavatyynylla-5-kpl-salvequick#primaryimage","url":"https:\/\/safetypartners.fi\/kauppa\/wp-content\/uploads\/2024\/10\/Salvequick-Maxi-Cover-laastari.png","contentUrl":"https:\/\/safetypartners.fi\/kauppa\/wp-content\/uploads\/2024\/10\/Salvequick-Maxi-Cover-laastari.png","width":1002,"height":1026,"caption":"Salvequick Maxi Cover -laastari"},{"@type":"BreadcrumbList","@id":"https:\/\/safetypartners.fi\/kauppa\/tuote\/maxi-cover-laastari-haavatyynylla-5-kpl-salvequick#breadcrumb","itemListElement":[{"@type":"ListItem","position":1,"name":"Home","item":"https:\/\/safetypartners.fi\/kauppa\/"},{"@type":"ListItem","position":2,"name":"Kauppa","item":"https:\/\/safetypartners.fi\/kauppa\/kauppa"},{"@type":"ListItem","position":3,"name":"Maxi Cover -laastari haavatyynyll\u00e4 5 kpl, Salvequick"}]},{"@type":"WebSite","@id":"https:\/\/safetypartners.fi\/kauppa\/#website","url":"https:\/\/safetypartners.fi\/kauppa\/","name":"Safety Partners","description":"Safety Partners turvakauppa palvelee verkossa 24\/7!","publisher":{"@id":"https:\/\/safetypartners.fi\/kauppa\/#organization"},"potentialAction":[{"@type":"SearchAction","target":{"@type":"EntryPoint","urlTemplate":"https:\/\/safetypartners.fi\/kauppa\/?s={search_term_string}"},"query-input":{"@type":"PropertyValueSpecification","valueRequired":true,"valueName":"search_term_string"}}],"inLanguage":"fi"},{"@type":"Organization","@id":"https:\/\/safetypartners.fi\/kauppa\/#organization","name":"Safety Partners | Suomen Sammutinpalvelu","url":"https:\/\/safetypartners.fi\/kauppa\/","logo":{"@type":"ImageObject","inLanguage":"fi","@id":"https:\/\/safetypartners.fi\/kauppa\/#\/schema\/logo\/image\/","url":"https:\/\/safetypartners.fi\/kauppa\/wp-content\/uploads\/2020\/05\/cropped-Logoke-1.jpg","contentUrl":"https:\/\/safetypartners.fi\/kauppa\/wp-content\/uploads\/2020\/05\/cropped-Logoke-1.jpg","width":847,"height":717,"caption":"Safety Partners | Suomen Sammutinpalvelu"},"image":{"@id":"https:\/\/safetypartners.fi\/kauppa\/#\/schema\/logo\/image\/"}}]}},"uagb_featured_image_src":{"full":["https:\/\/safetypartners.fi\/kauppa\/wp-content\/uploads\/2024\/10\/Salvequick-Maxi-Cover-laastari.png",1002,1026,false],"thumbnail":["https:\/\/safetypartners.fi\/kauppa\/wp-content\/uploads\/2024\/10\/Salvequick-Maxi-Cover-laastari-150x150.png",150,150,true],"medium":["https:\/\/safetypartners.fi\/kauppa\/wp-content\/uploads\/2024\/10\/Salvequick-Maxi-Cover-laastari-293x300.png",293,300,true],"medium_large":["https:\/\/safetypartners.fi\/kauppa\/wp-content\/uploads\/2024\/10\/Salvequick-Maxi-Cover-laastari-768x786.png",768,786,true],"large":["https:\/\/safetypartners.fi\/kauppa\/wp-content\/uploads\/2024\/10\/Salvequick-Maxi-Cover-laastari-1000x1024.png",1000,1024,true],"1536x1536":["https:\/\/safetypartners.fi\/kauppa\/wp-content\/uploads\/2024\/10\/Salvequick-Maxi-Cover-laastari.png",1002,1026,false],"2048x2048":["https:\/\/safetypartners.fi\/kauppa\/wp-content\/uploads\/2024\/10\/Salvequick-Maxi-Cover-laastari.png",1002,1026,false],"woocommerce_thumbnail":["https:\/\/safetypartners.fi\/kauppa\/wp-content\/uploads\/2024\/10\/Salvequick-Maxi-Cover-laastari-300x300.png",300,300,true],"woocommerce_single":["https:\/\/safetypartners.fi\/kauppa\/wp-content\/uploads\/2024\/10\/Salvequick-Maxi-Cover-laastari-600x614.png",600,614,true],"woocommerce_gallery_thumbnail":["https:\/\/safetypartners.fi\/kauppa\/wp-content\/uploads\/2024\/10\/Salvequick-Maxi-Cover-laastari-100x100.png",100,100,true]},"uagb_author_info":{"display_name":"Anu Lehto","author_link":"https:\/\/safetypartners.fi\/kauppa\/author"},"uagb_comment_info":0,"uagb_excerpt":"Salvequick Maxi Cover -laastari \u00a0on steriili ja hengitt\u00e4v\u00e4, eritt\u00e4in imukykyisell\u00e4 haavatyynyll\u00e4 varustettu laastari eritt\u00e4ville haavoille. Haavasidos on pehme\u00e4, joustava ja tarttuu hyvin, koska siin\u00e4 on liimaa kaikilla reunoilla. Maxi Cover sopii k\u00e4ytett\u00e4v\u00e4ksi suuriin pinnallisiin haavoihin, kuten jalkater\u00e4n hiertymiin.","_links":{"self":[{"href":"https:\/\/safetypartners.fi\/kauppa\/wp-json\/wp\/v2\/product\/2088","targetHints":{"allow":["GET"]}}],"collection":[{"href":"https:\/\/safetypartners.fi\/kauppa\/wp-json\/wp\/v2\/product"}],"about":[{"href":"https:\/\/safetypartners.fi\/kauppa\/wp-json\/wp\/v2\/types\/product"}],"replies":[{"embeddable":true,"href":"https:\/\/safetypartners.fi\/kauppa\/wp-json\/wp\/v2\/comments?post=2088"}],"version-history":[{"count":4,"href":"https:\/\/safetypartners.fi\/kauppa\/wp-json\/wp\/v2\/product\/2088\/revisions"}],"predecessor-version":[{"id":2645,"href":"https:\/\/safetypartners.fi\/kauppa\/wp-json\/wp\/v2\/product\/2088\/revisions\/2645"}],"wp:featuredmedia":[{"embeddable":true,"href":"https:\/\/safetypartners.fi\/kauppa\/wp-json\/wp\/v2\/media\/2090"}],"wp:attachment":[{"href":"https:\/\/safetypartners.fi\/kauppa\/wp-json\/wp\/v2\/media?parent=2088"}],"wp:term":[{"taxonomy":"product_brand","embeddable":true,"href":"https:\/\/safetypartners.fi\/kauppa\/wp-json\/wp\/v2\/product_brand?post=2088"},{"taxonomy":"product_cat","embeddable":true,"href":"https:\/\/safetypartners.fi\/kauppa\/wp-json\/wp\/v2\/product_cat?post=2088"},{"taxonomy":"product_tag","embeddable":true,"href":"https:\/\/safetypartners.fi\/kauppa\/wp-json\/wp\/v2\/product_tag?post=2088"}],"curies":[{"name":"wp","href":"https:\/\/api.w.org\/{rel}","templated":true}]}}