{"id":2093,"date":"2024-10-17T12:33:05","date_gmt":"2024-10-17T09:33:05","guid":{"rendered":"https:\/\/safetypartners.fi\/kauppa\/?post_type=product&#038;p=2093"},"modified":"2025-11-17T10:49:06","modified_gmt":"2025-11-17T08:49:06","slug":"key-bak-jojokela-terasketjulla","status":"publish","type":"product","link":"https:\/\/safetypartners.fi\/kauppa\/tuote\/key-bak-jojokela-terasketjulla","title":{"rendered":"Key-Bak jojokela ter\u00e4sketjulla"},"content":{"rendered":"<ul>\n<li>v\u00e4ri: musta<\/li>\n<li>kokonaispituus: 15 cm<\/li>\n<li>ter\u00e4sketjun pituus: 60cm<\/li>\n<li>haan materiaali: alumiini<\/li>\n<li>kantokyky n. 15 avainta tai 226g &#8211; 280g<\/li>\n<\/ul>\n","protected":false},"excerpt":{"rendered":"<p><strong><em>KEY-BAK<\/em>\u00ae jojokela karabiinihaalla<\/strong> on suunniteltu vaativaan k\u00e4ytt\u00f6\u00f6n. Laadukkaan kelamekanismin toimivuus on testattu v\u00e4hint\u00e4\u00e4n 100.000 syklin testill\u00e4, ja n\u00e4in on varmistettu jojokelan pitk\u00e4ik\u00e4inen toimivuus. <em><strong>KEY-BAK<\/strong><\/em>\u00ae tuotteiden patentoitu kelamekanismi puhuu omaa kielt\u00e4\u00e4n. Erinomaisen kelamekanismin ansiosta ter\u00e4sketjuinen jojokela sopii niin vaativaan harrastus- kuin ammattik\u00e4ytt\u00f6\u00f6n.<\/p>\n","protected":false},"featured_media":2094,"comment_status":"open","ping_status":"closed","template":"","meta":{"_uag_custom_page_level_css":"","site-sidebar-layout":"default","site-content-layout":"","ast-site-content-layout":"default","site-content-style":"default","site-sidebar-style":"default","ast-global-header-display":"","ast-banner-title-visibility":"","ast-main-header-display":"","ast-hfb-above-header-display":"","ast-hfb-below-header-display":"","ast-hfb-mobile-header-display":"","site-post-title":"","ast-breadcrumbs-content":"","ast-featured-img":"","footer-sml-layout":"","ast-disable-related-posts":"","theme-transparent-header-meta":"default","adv-header-id-meta":"","stick-header-meta":"default","header-above-stick-meta":"","header-main-stick-meta":"","header-below-stick-meta":"","astra-migrate-meta-layouts":"set","ast-page-background-enabled":"default","ast-page-background-meta":{"desktop":{"background-color":"","background-image":"","background-repeat":"repeat","background-position":"center center","background-size":"auto","background-attachment":"scroll","background-type":"","background-media":"","overlay-type":"","overlay-color":"","overlay-opacity":"","overlay-gradient":""},"tablet":{"background-color":"","background-image":"","background-repeat":"repeat","background-position":"center center","background-size":"auto","background-attachment":"scroll","background-type":"","background-media":"","overlay-type":"","overlay-color":"","overlay-opacity":"","overlay-gradient":""},"mobile":{"background-color":"","background-image":"","background-repeat":"repeat","background-position":"center center","background-size":"auto","background-attachment":"scroll","background-type":"","background-media":"","overlay-type":"","overlay-color":"","overlay-opacity":"","overlay-gradient":""}},"ast-content-background-meta":{"desktop":{"background-color":"var(--ast-global-color-5)","background-image":"","background-repeat":"repeat","background-position":"center center","background-size":"auto","background-attachment":"scroll","background-type":"","background-media":"","overlay-type":"","overlay-color":"","overlay-opacity":"","overlay-gradient":""},"tablet":{"background-color":"var(--ast-global-color-5)","background-image":"","background-repeat":"repeat","background-position":"center center","background-size":"auto","background-attachment":"scroll","background-type":"","background-media":"","overlay-type":"","overlay-color":"","overlay-opacity":"","overlay-gradient":""},"mobile":{"background-color":"var(--ast-global-color-5)","background-image":"","background-repeat":"repeat","background-position":"center center","background-size":"auto","background-attachment":"scroll","background-type":"","background-media":"","overlay-type":"","overlay-color":"","overlay-opacity":"","overlay-gradient":""}}},"product_brand":[],"product_cat":[15,44],"product_tag":[478,786,788,787,792,789,791,790],"class_list":{"0":"post-2093","1":"product","2":"type-product","3":"status-publish","4":"has-post-thumbnail","6":"product_cat-yleinen","7":"product_cat-tyoturvallisuus","8":"product_tag-ammattikayttoon","9":"product_tag-jojokela","10":"product_tag-karabiinihaka","11":"product_tag-key-bak","12":"product_tag-patentoitu-kelamekanismi","13":"product_tag-terasketju","14":"product_tag-testattu","15":"product_tag-vaativaan-kayttoon","16":"product_shipping_class-suomi","17":"desktop-align-center","18":"tablet-align-center","19":"mobile-align-center","20":"ast-product-gallery-layout-horizontal-slider","21":"ast-product-tabs-layout-horizontal","23":"first","24":"instock","25":"sale","26":"taxable","27":"shipping-taxable","28":"purchasable","29":"product-type-simple"},"yoast_head":"<!-- This site is optimized with the Yoast SEO plugin v27.3 - https:\/\/yoast.com\/product\/yoast-seo-wordpress\/ -->\n<title>Key-Bak jojokela ter\u00e4sketjulla - Safety Partners<\/title>\n<meta name=\"description\" content=\"Ter\u00e4sketjuinen jojokela karabiinihaalla on suunniteltu vaativaan k\u00e4ytt\u00f6\u00f6n. KEY-BAK\u00ae tuotteiden patentoitu kelamekanismi puhuu omaa kielt\u00e4\u00e4n.\" \/>\n<meta name=\"robots\" content=\"index, follow, max-snippet:-1, max-image-preview:large, max-video-preview:-1\" \/>\n<link rel=\"canonical\" href=\"https:\/\/safetypartners.fi\/kauppa\/tuote\/key-bak-jojokela-terasketjulla\" \/>\n<meta property=\"og:locale\" content=\"fi_FI\" \/>\n<meta property=\"og:type\" content=\"article\" \/>\n<meta property=\"og:title\" content=\"Key-Bak jojokela ter\u00e4sketjulla - Safety Partners\" \/>\n<meta property=\"og:description\" content=\"Ter\u00e4sketjuinen jojokela karabiinihaalla on suunniteltu vaativaan k\u00e4ytt\u00f6\u00f6n. KEY-BAK\u00ae tuotteiden patentoitu kelamekanismi puhuu omaa kielt\u00e4\u00e4n.\" \/>\n<meta property=\"og:url\" content=\"https:\/\/safetypartners.fi\/kauppa\/tuote\/key-bak-jojokela-terasketjulla\" \/>\n<meta property=\"og:site_name\" content=\"Safety Partners\" \/>\n<meta property=\"article:modified_time\" content=\"2025-11-17T08:49:06+00:00\" \/>\n<meta property=\"og:image\" content=\"https:\/\/safetypartners.fi\/kauppa\/wp-content\/uploads\/2024\/10\/Key-Bak-jojokela.png\" \/>\n\t<meta property=\"og:image:width\" content=\"1012\" \/>\n\t<meta property=\"og:image:height\" content=\"984\" \/>\n\t<meta property=\"og:image:type\" content=\"image\/png\" \/>\n<meta name=\"twitter:card\" content=\"summary_large_image\" \/>\n<meta name=\"twitter:label1\" content=\"Arvioitu lukuaika\" \/>\n\t<meta name=\"twitter:data1\" content=\"1 minuutti\" \/>\n<script type=\"application\/ld+json\" class=\"yoast-schema-graph\">{\"@context\":\"https:\\\/\\\/schema.org\",\"@graph\":[{\"@type\":\"WebPage\",\"@id\":\"https:\\\/\\\/safetypartners.fi\\\/kauppa\\\/tuote\\\/key-bak-jojokela-terasketjulla\",\"url\":\"https:\\\/\\\/safetypartners.fi\\\/kauppa\\\/tuote\\\/key-bak-jojokela-terasketjulla\",\"name\":\"Key-Bak jojokela ter\u00e4sketjulla - Safety Partners\",\"isPartOf\":{\"@id\":\"https:\\\/\\\/safetypartners.fi\\\/kauppa\\\/#website\"},\"primaryImageOfPage\":{\"@id\":\"https:\\\/\\\/safetypartners.fi\\\/kauppa\\\/tuote\\\/key-bak-jojokela-terasketjulla#primaryimage\"},\"image\":{\"@id\":\"https:\\\/\\\/safetypartners.fi\\\/kauppa\\\/tuote\\\/key-bak-jojokela-terasketjulla#primaryimage\"},\"thumbnailUrl\":\"https:\\\/\\\/safetypartners.fi\\\/kauppa\\\/wp-content\\\/uploads\\\/2024\\\/10\\\/Key-Bak-jojokela.png\",\"datePublished\":\"2024-10-17T09:33:05+00:00\",\"dateModified\":\"2025-11-17T08:49:06+00:00\",\"description\":\"Ter\u00e4sketjuinen jojokela karabiinihaalla on suunniteltu vaativaan k\u00e4ytt\u00f6\u00f6n. KEY-BAK\u00ae tuotteiden patentoitu kelamekanismi puhuu omaa kielt\u00e4\u00e4n.\",\"breadcrumb\":{\"@id\":\"https:\\\/\\\/safetypartners.fi\\\/kauppa\\\/tuote\\\/key-bak-jojokela-terasketjulla#breadcrumb\"},\"inLanguage\":\"fi\",\"potentialAction\":[{\"@type\":\"ReadAction\",\"target\":[\"https:\\\/\\\/safetypartners.fi\\\/kauppa\\\/tuote\\\/key-bak-jojokela-terasketjulla\"]}]},{\"@type\":\"ImageObject\",\"inLanguage\":\"fi\",\"@id\":\"https:\\\/\\\/safetypartners.fi\\\/kauppa\\\/tuote\\\/key-bak-jojokela-terasketjulla#primaryimage\",\"url\":\"https:\\\/\\\/safetypartners.fi\\\/kauppa\\\/wp-content\\\/uploads\\\/2024\\\/10\\\/Key-Bak-jojokela.png\",\"contentUrl\":\"https:\\\/\\\/safetypartners.fi\\\/kauppa\\\/wp-content\\\/uploads\\\/2024\\\/10\\\/Key-Bak-jojokela.png\",\"width\":1012,\"height\":984,\"caption\":\"Key-Bak jojokela ter\u00e4sketjulla\"},{\"@type\":\"BreadcrumbList\",\"@id\":\"https:\\\/\\\/safetypartners.fi\\\/kauppa\\\/tuote\\\/key-bak-jojokela-terasketjulla#breadcrumb\",\"itemListElement\":[{\"@type\":\"ListItem\",\"position\":1,\"name\":\"Home\",\"item\":\"https:\\\/\\\/safetypartners.fi\\\/kauppa\\\/\"},{\"@type\":\"ListItem\",\"position\":2,\"name\":\"Kauppa\",\"item\":\"https:\\\/\\\/safetypartners.fi\\\/kauppa\\\/kauppa\"},{\"@type\":\"ListItem\",\"position\":3,\"name\":\"Key-Bak jojokela ter\u00e4sketjulla\"}]},{\"@type\":\"WebSite\",\"@id\":\"https:\\\/\\\/safetypartners.fi\\\/kauppa\\\/#website\",\"url\":\"https:\\\/\\\/safetypartners.fi\\\/kauppa\\\/\",\"name\":\"Safety Partners\",\"description\":\"Safety Partners turvakauppa palvelee verkossa 24\\\/7!\",\"publisher\":{\"@id\":\"https:\\\/\\\/safetypartners.fi\\\/kauppa\\\/#organization\"},\"potentialAction\":[{\"@type\":\"SearchAction\",\"target\":{\"@type\":\"EntryPoint\",\"urlTemplate\":\"https:\\\/\\\/safetypartners.fi\\\/kauppa\\\/?s={search_term_string}\"},\"query-input\":{\"@type\":\"PropertyValueSpecification\",\"valueRequired\":true,\"valueName\":\"search_term_string\"}}],\"inLanguage\":\"fi\"},{\"@type\":\"Organization\",\"@id\":\"https:\\\/\\\/safetypartners.fi\\\/kauppa\\\/#organization\",\"name\":\"Safety Partners | Suomen Sammutinpalvelu\",\"url\":\"https:\\\/\\\/safetypartners.fi\\\/kauppa\\\/\",\"logo\":{\"@type\":\"ImageObject\",\"inLanguage\":\"fi\",\"@id\":\"https:\\\/\\\/safetypartners.fi\\\/kauppa\\\/#\\\/schema\\\/logo\\\/image\\\/\",\"url\":\"https:\\\/\\\/safetypartners.fi\\\/kauppa\\\/wp-content\\\/uploads\\\/2020\\\/05\\\/cropped-Logoke-1.jpg\",\"contentUrl\":\"https:\\\/\\\/safetypartners.fi\\\/kauppa\\\/wp-content\\\/uploads\\\/2020\\\/05\\\/cropped-Logoke-1.jpg\",\"width\":847,\"height\":717,\"caption\":\"Safety Partners | Suomen Sammutinpalvelu\"},\"image\":{\"@id\":\"https:\\\/\\\/safetypartners.fi\\\/kauppa\\\/#\\\/schema\\\/logo\\\/image\\\/\"}}]}<\/script>\n<!-- \/ Yoast SEO plugin. -->","yoast_head_json":{"title":"Key-Bak jojokela ter\u00e4sketjulla - Safety Partners","description":"Ter\u00e4sketjuinen jojokela karabiinihaalla on suunniteltu vaativaan k\u00e4ytt\u00f6\u00f6n. KEY-BAK\u00ae tuotteiden patentoitu kelamekanismi puhuu omaa kielt\u00e4\u00e4n.","robots":{"index":"index","follow":"follow","max-snippet":"max-snippet:-1","max-image-preview":"max-image-preview:large","max-video-preview":"max-video-preview:-1"},"canonical":"https:\/\/safetypartners.fi\/kauppa\/tuote\/key-bak-jojokela-terasketjulla","og_locale":"fi_FI","og_type":"article","og_title":"Key-Bak jojokela ter\u00e4sketjulla - Safety Partners","og_description":"Ter\u00e4sketjuinen jojokela karabiinihaalla on suunniteltu vaativaan k\u00e4ytt\u00f6\u00f6n. KEY-BAK\u00ae tuotteiden patentoitu kelamekanismi puhuu omaa kielt\u00e4\u00e4n.","og_url":"https:\/\/safetypartners.fi\/kauppa\/tuote\/key-bak-jojokela-terasketjulla","og_site_name":"Safety Partners","article_modified_time":"2025-11-17T08:49:06+00:00","og_image":[{"width":1012,"height":984,"url":"https:\/\/safetypartners.fi\/kauppa\/wp-content\/uploads\/2024\/10\/Key-Bak-jojokela.png","type":"image\/png"}],"twitter_card":"summary_large_image","twitter_misc":{"Arvioitu lukuaika":"1 minuutti"},"schema":{"@context":"https:\/\/schema.org","@graph":[{"@type":"WebPage","@id":"https:\/\/safetypartners.fi\/kauppa\/tuote\/key-bak-jojokela-terasketjulla","url":"https:\/\/safetypartners.fi\/kauppa\/tuote\/key-bak-jojokela-terasketjulla","name":"Key-Bak jojokela ter\u00e4sketjulla - Safety Partners","isPartOf":{"@id":"https:\/\/safetypartners.fi\/kauppa\/#website"},"primaryImageOfPage":{"@id":"https:\/\/safetypartners.fi\/kauppa\/tuote\/key-bak-jojokela-terasketjulla#primaryimage"},"image":{"@id":"https:\/\/safetypartners.fi\/kauppa\/tuote\/key-bak-jojokela-terasketjulla#primaryimage"},"thumbnailUrl":"https:\/\/safetypartners.fi\/kauppa\/wp-content\/uploads\/2024\/10\/Key-Bak-jojokela.png","datePublished":"2024-10-17T09:33:05+00:00","dateModified":"2025-11-17T08:49:06+00:00","description":"Ter\u00e4sketjuinen jojokela karabiinihaalla on suunniteltu vaativaan k\u00e4ytt\u00f6\u00f6n. KEY-BAK\u00ae tuotteiden patentoitu kelamekanismi puhuu omaa kielt\u00e4\u00e4n.","breadcrumb":{"@id":"https:\/\/safetypartners.fi\/kauppa\/tuote\/key-bak-jojokela-terasketjulla#breadcrumb"},"inLanguage":"fi","potentialAction":[{"@type":"ReadAction","target":["https:\/\/safetypartners.fi\/kauppa\/tuote\/key-bak-jojokela-terasketjulla"]}]},{"@type":"ImageObject","inLanguage":"fi","@id":"https:\/\/safetypartners.fi\/kauppa\/tuote\/key-bak-jojokela-terasketjulla#primaryimage","url":"https:\/\/safetypartners.fi\/kauppa\/wp-content\/uploads\/2024\/10\/Key-Bak-jojokela.png","contentUrl":"https:\/\/safetypartners.fi\/kauppa\/wp-content\/uploads\/2024\/10\/Key-Bak-jojokela.png","width":1012,"height":984,"caption":"Key-Bak jojokela ter\u00e4sketjulla"},{"@type":"BreadcrumbList","@id":"https:\/\/safetypartners.fi\/kauppa\/tuote\/key-bak-jojokela-terasketjulla#breadcrumb","itemListElement":[{"@type":"ListItem","position":1,"name":"Home","item":"https:\/\/safetypartners.fi\/kauppa\/"},{"@type":"ListItem","position":2,"name":"Kauppa","item":"https:\/\/safetypartners.fi\/kauppa\/kauppa"},{"@type":"ListItem","position":3,"name":"Key-Bak jojokela ter\u00e4sketjulla"}]},{"@type":"WebSite","@id":"https:\/\/safetypartners.fi\/kauppa\/#website","url":"https:\/\/safetypartners.fi\/kauppa\/","name":"Safety Partners","description":"Safety Partners turvakauppa palvelee verkossa 24\/7!","publisher":{"@id":"https:\/\/safetypartners.fi\/kauppa\/#organization"},"potentialAction":[{"@type":"SearchAction","target":{"@type":"EntryPoint","urlTemplate":"https:\/\/safetypartners.fi\/kauppa\/?s={search_term_string}"},"query-input":{"@type":"PropertyValueSpecification","valueRequired":true,"valueName":"search_term_string"}}],"inLanguage":"fi"},{"@type":"Organization","@id":"https:\/\/safetypartners.fi\/kauppa\/#organization","name":"Safety Partners | Suomen Sammutinpalvelu","url":"https:\/\/safetypartners.fi\/kauppa\/","logo":{"@type":"ImageObject","inLanguage":"fi","@id":"https:\/\/safetypartners.fi\/kauppa\/#\/schema\/logo\/image\/","url":"https:\/\/safetypartners.fi\/kauppa\/wp-content\/uploads\/2020\/05\/cropped-Logoke-1.jpg","contentUrl":"https:\/\/safetypartners.fi\/kauppa\/wp-content\/uploads\/2020\/05\/cropped-Logoke-1.jpg","width":847,"height":717,"caption":"Safety Partners | Suomen Sammutinpalvelu"},"image":{"@id":"https:\/\/safetypartners.fi\/kauppa\/#\/schema\/logo\/image\/"}}]}},"uagb_featured_image_src":{"full":["https:\/\/safetypartners.fi\/kauppa\/wp-content\/uploads\/2024\/10\/Key-Bak-jojokela.png",1012,984,false],"thumbnail":["https:\/\/safetypartners.fi\/kauppa\/wp-content\/uploads\/2024\/10\/Key-Bak-jojokela-150x150.png",150,150,true],"medium":["https:\/\/safetypartners.fi\/kauppa\/wp-content\/uploads\/2024\/10\/Key-Bak-jojokela-300x292.png",300,292,true],"medium_large":["https:\/\/safetypartners.fi\/kauppa\/wp-content\/uploads\/2024\/10\/Key-Bak-jojokela-768x747.png",768,747,true],"large":["https:\/\/safetypartners.fi\/kauppa\/wp-content\/uploads\/2024\/10\/Key-Bak-jojokela.png",1012,984,false],"1536x1536":["https:\/\/safetypartners.fi\/kauppa\/wp-content\/uploads\/2024\/10\/Key-Bak-jojokela.png",1012,984,false],"2048x2048":["https:\/\/safetypartners.fi\/kauppa\/wp-content\/uploads\/2024\/10\/Key-Bak-jojokela.png",1012,984,false],"woocommerce_thumbnail":["https:\/\/safetypartners.fi\/kauppa\/wp-content\/uploads\/2024\/10\/Key-Bak-jojokela-300x300.png",300,300,true],"woocommerce_single":["https:\/\/safetypartners.fi\/kauppa\/wp-content\/uploads\/2024\/10\/Key-Bak-jojokela-600x583.png",600,583,true],"woocommerce_gallery_thumbnail":["https:\/\/safetypartners.fi\/kauppa\/wp-content\/uploads\/2024\/10\/Key-Bak-jojokela-100x100.png",100,100,true]},"uagb_author_info":{"display_name":"Anu Lehto","author_link":"https:\/\/safetypartners.fi\/kauppa\/author"},"uagb_comment_info":0,"uagb_excerpt":"KEY-BAK\u00ae jojokela karabiinihaalla on suunniteltu vaativaan k\u00e4ytt\u00f6\u00f6n. Laadukkaan kelamekanismin toimivuus on testattu v\u00e4hint\u00e4\u00e4n 100.000 syklin testill\u00e4, ja n\u00e4in on varmistettu jojokelan pitk\u00e4ik\u00e4inen toimivuus. KEY-BAK\u00ae tuotteiden patentoitu kelamekanismi puhuu omaa kielt\u00e4\u00e4n. Erinomaisen kelamekanismin ansiosta ter\u00e4sketjuinen jojokela sopii niin vaativaan harrastus- kuin ammattik\u00e4ytt\u00f6\u00f6n.","_links":{"self":[{"href":"https:\/\/safetypartners.fi\/kauppa\/wp-json\/wp\/v2\/product\/2093","targetHints":{"allow":["GET"]}}],"collection":[{"href":"https:\/\/safetypartners.fi\/kauppa\/wp-json\/wp\/v2\/product"}],"about":[{"href":"https:\/\/safetypartners.fi\/kauppa\/wp-json\/wp\/v2\/types\/product"}],"replies":[{"embeddable":true,"href":"https:\/\/safetypartners.fi\/kauppa\/wp-json\/wp\/v2\/comments?post=2093"}],"version-history":[{"count":1,"href":"https:\/\/safetypartners.fi\/kauppa\/wp-json\/wp\/v2\/product\/2093\/revisions"}],"predecessor-version":[{"id":2096,"href":"https:\/\/safetypartners.fi\/kauppa\/wp-json\/wp\/v2\/product\/2093\/revisions\/2096"}],"wp:featuredmedia":[{"embeddable":true,"href":"https:\/\/safetypartners.fi\/kauppa\/wp-json\/wp\/v2\/media\/2094"}],"wp:attachment":[{"href":"https:\/\/safetypartners.fi\/kauppa\/wp-json\/wp\/v2\/media?parent=2093"}],"wp:term":[{"taxonomy":"product_brand","embeddable":true,"href":"https:\/\/safetypartners.fi\/kauppa\/wp-json\/wp\/v2\/product_brand?post=2093"},{"taxonomy":"product_cat","embeddable":true,"href":"https:\/\/safetypartners.fi\/kauppa\/wp-json\/wp\/v2\/product_cat?post=2093"},{"taxonomy":"product_tag","embeddable":true,"href":"https:\/\/safetypartners.fi\/kauppa\/wp-json\/wp\/v2\/product_tag?post=2093"}],"curies":[{"name":"wp","href":"https:\/\/api.w.org\/{rel}","templated":true}]}}