{"id":2104,"date":"2024-10-17T15:55:07","date_gmt":"2024-10-17T12:55:07","guid":{"rendered":"https:\/\/safetypartners.fi\/kauppa\/?post_type=product&#038;p=2104"},"modified":"2026-04-06T16:07:09","modified_gmt":"2026-04-06T13:07:09","slug":"heijastava-huomio-reppu","status":"publish","type":"product","link":"https:\/\/safetypartners.fi\/kauppa\/tuote\/heijastava-huomio-reppu","title":{"rendered":"Heijastava Huomio -reppu"},"content":{"rendered":"<p>Repuissa k\u00e4ytetty\u00e4 heijastavaa materiaalia k\u00e4ytet\u00e4\u00e4n my\u00f6s turvaliiveiss\u00e4 ja ty\u00f6vaatteissa (t\u00e4ytt\u00e4\u00e4 EU -standardin EN 471). Heijastavan repun heijastavuusluku on 340 &#8211; 388 riippuen siit\u00e4, mist\u00e4 suunnasta reppua katsotaan (turvaliivien heijastavuusluvun tulee olla v\u00e4hint\u00e4\u00e4n 250). Huomio-reput siis heijastavat voimakkaasti ja n\u00e4kyv\u00e4t kauas ajoneuvon valoja vasten.<\/p>\n<ul>\n<li>15 ltr reppu (pinkki, maastokuvio)<\/li>\n<li>Korkeus: 430 mm<\/li>\n<li>Leveys: 320 mm<\/li>\n<li>Syvyys: 110 mm<\/li>\n<li>Paino (netto): 0,36 kg<\/li>\n<\/ul>\n<div class=\"ast-oembed-container \" style=\"height: 100%;\"><iframe title=\"Huomio - uusi suomalainen br\u00e4ndi jokaisen suomalaisen turvallisuuden edist\u00e4miseksi\" width=\"500\" height=\"281\" src=\"https:\/\/www.youtube.com\/embed\/vU0tB2hskcc?feature=oembed\" frameborder=\"0\" allow=\"accelerometer; autoplay; clipboard-write; encrypted-media; gyroscope; picture-in-picture; web-share\" referrerpolicy=\"strict-origin-when-cross-origin\" allowfullscreen><\/iframe><\/div>\n","protected":false},"excerpt":{"rendered":"<p><strong>Heijastavassa Huomio-repussa<\/strong> on heijastavaa kangasta edess\u00e4, takana olkahihnoissa ja sivuilla, joten se tekee k\u00e4ytt\u00e4j\u00e4st\u00e4\u00e4n n\u00e4kyv\u00e4n joka suuntaan. Heijastimen k\u00e4ytt\u00f6 unohtuu h\u00e4m\u00e4r\u00e4\u00e4n ja pime\u00e4\u00e4n l\u00e4htiess\u00e4 helposti ja paras heijastin onkin sellainen, jota ei erikseen tarvitse muistaa ottaa mukaan!<\/p>\n<p>K\u00e4tev\u00e4 reppu lis\u00e4\u00e4 turvallisuuttasi tekem\u00e4ll\u00e4 sinusta n\u00e4kyv\u00e4n huonosti valaistuilla teill\u00e4 ja parkkipaikoilla. 15 litran kokoinen heijastava reppu soveltuu erinomaisesti harrastuksiin, ty\u00f6matkapy\u00f6r\u00e4ilyyn, kauppareissuille ja koulumatkoille. Reppu on sis\u00e4lt\u00e4 lokeroimaton ja sen etupuolella on sek\u00e4 pieni ett\u00e4 iso ulkotasku. Etupaneelissa on my\u00f6s joustava kiinnitysverkko. Lis\u00e4ksi repun molemmilla sivuilla on verkkotaskut, joissa juomapullo ja sateenvarjo kulkevat n\u00e4pp\u00e4r\u00e4sti mukana. Olkahihnat ovat s\u00e4\u00e4dett\u00e4v\u00e4t ja topatut, joten reppu tuntuu mukavalta sel\u00e4ss\u00e4.<\/p>\n","protected":false},"featured_media":2109,"comment_status":"open","ping_status":"closed","template":"","meta":{"_uag_custom_page_level_css":"","site-sidebar-layout":"default","site-content-layout":"","ast-site-content-layout":"default","site-content-style":"default","site-sidebar-style":"default","ast-global-header-display":"","ast-banner-title-visibility":"","ast-main-header-display":"","ast-hfb-above-header-display":"","ast-hfb-below-header-display":"","ast-hfb-mobile-header-display":"","site-post-title":"","ast-breadcrumbs-content":"","ast-featured-img":"","footer-sml-layout":"","ast-disable-related-posts":"","theme-transparent-header-meta":"default","adv-header-id-meta":"","stick-header-meta":"default","header-above-stick-meta":"","header-main-stick-meta":"","header-below-stick-meta":"","astra-migrate-meta-layouts":"set","ast-page-background-enabled":"default","ast-page-background-meta":{"desktop":{"background-color":"","background-image":"","background-repeat":"repeat","background-position":"center center","background-size":"auto","background-attachment":"scroll","background-type":"","background-media":"","overlay-type":"","overlay-color":"","overlay-opacity":"","overlay-gradient":""},"tablet":{"background-color":"","background-image":"","background-repeat":"repeat","background-position":"center center","background-size":"auto","background-attachment":"scroll","background-type":"","background-media":"","overlay-type":"","overlay-color":"","overlay-opacity":"","overlay-gradient":""},"mobile":{"background-color":"","background-image":"","background-repeat":"repeat","background-position":"center center","background-size":"auto","background-attachment":"scroll","background-type":"","background-media":"","overlay-type":"","overlay-color":"","overlay-opacity":"","overlay-gradient":""}},"ast-content-background-meta":{"desktop":{"background-color":"var(--ast-global-color-5)","background-image":"","background-repeat":"repeat","background-position":"center center","background-size":"auto","background-attachment":"scroll","background-type":"","background-media":"","overlay-type":"","overlay-color":"","overlay-opacity":"","overlay-gradient":""},"tablet":{"background-color":"var(--ast-global-color-5)","background-image":"","background-repeat":"repeat","background-position":"center center","background-size":"auto","background-attachment":"scroll","background-type":"","background-media":"","overlay-type":"","overlay-color":"","overlay-opacity":"","overlay-gradient":""},"mobile":{"background-color":"var(--ast-global-color-5)","background-image":"","background-repeat":"repeat","background-position":"center center","background-size":"auto","background-attachment":"scroll","background-type":"","background-media":"","overlay-type":"","overlay-color":"","overlay-opacity":"","overlay-gradient":""}}},"product_brand":[],"product_cat":[15,41],"product_tag":[801,803,799,577,805,76,802,804,806,800],"class_list":{"0":"post-2104","1":"product","2":"type-product","3":"status-publish","4":"has-post-thumbnail","6":"product_cat-yleinen","7":"product_cat-koti-vapaa-aika","8":"product_tag-15-litraa","9":"product_tag-harrastuksiin","10":"product_tag-heijastava-reppu","11":"product_tag-heijastin","12":"product_tag-heijastinreppu","13":"product_tag-huomio","14":"product_tag-koulureppu","15":"product_tag-nakyy-pimealla","16":"product_tag-olka-reppu","17":"product_tag-selkareppu","18":"product_shipping_class-suomi","19":"desktop-align-center","20":"tablet-align-center","21":"mobile-align-center","22":"ast-product-gallery-layout-horizontal-slider","23":"ast-product-single-variable","24":"ast-product-tabs-layout-horizontal","26":"first","27":"instock","28":"taxable","29":"shipping-taxable","30":"purchasable","31":"product-type-variable"},"yoast_head":"<!-- This site is optimized with the Yoast SEO plugin v27.3 - https:\/\/yoast.com\/product\/yoast-seo-wordpress\/ -->\n<title>Heijastava Huomio -reppu - Safety Partners<\/title>\n<meta name=\"description\" content=\"Repussa on heijastavaa kangasta edess\u00e4, takana olkahihnoissa ja sivuilla, joten se tekee k\u00e4ytt\u00e4j\u00e4st\u00e4\u00e4n n\u00e4kyv\u00e4n joka suuntaan. Kaksi eri v\u00e4ri\u00e4!\" \/>\n<meta name=\"robots\" content=\"index, follow, max-snippet:-1, max-image-preview:large, max-video-preview:-1\" \/>\n<link rel=\"canonical\" href=\"https:\/\/safetypartners.fi\/kauppa\/tuote\/heijastava-huomio-reppu\" \/>\n<meta property=\"og:locale\" content=\"fi_FI\" \/>\n<meta property=\"og:type\" content=\"article\" \/>\n<meta property=\"og:title\" content=\"Heijastava Huomio -reppu - Safety Partners\" \/>\n<meta property=\"og:description\" content=\"Repussa on heijastavaa kangasta edess\u00e4, takana olkahihnoissa ja sivuilla, joten se tekee k\u00e4ytt\u00e4j\u00e4st\u00e4\u00e4n n\u00e4kyv\u00e4n joka suuntaan. Kaksi eri v\u00e4ri\u00e4!\" \/>\n<meta property=\"og:url\" content=\"https:\/\/safetypartners.fi\/kauppa\/tuote\/heijastava-huomio-reppu\" \/>\n<meta property=\"og:site_name\" content=\"Safety Partners\" \/>\n<meta property=\"article:modified_time\" content=\"2026-04-06T13:07:09+00:00\" \/>\n<meta property=\"og:image\" content=\"https:\/\/safetypartners.fi\/kauppa\/wp-content\/uploads\/2024\/10\/Heijastava-reppu_maastokuvio.png\" \/>\n\t<meta property=\"og:image:width\" content=\"1006\" \/>\n\t<meta property=\"og:image:height\" content=\"1026\" \/>\n\t<meta property=\"og:image:type\" content=\"image\/png\" \/>\n<meta name=\"twitter:card\" content=\"summary_large_image\" \/>\n<meta name=\"twitter:label1\" content=\"Arvioitu lukuaika\" \/>\n\t<meta name=\"twitter:data1\" content=\"1 minuutti\" \/>\n<script type=\"application\/ld+json\" class=\"yoast-schema-graph\">{\"@context\":\"https:\\\/\\\/schema.org\",\"@graph\":[{\"@type\":\"WebPage\",\"@id\":\"https:\\\/\\\/safetypartners.fi\\\/kauppa\\\/tuote\\\/heijastava-huomio-reppu\",\"url\":\"https:\\\/\\\/safetypartners.fi\\\/kauppa\\\/tuote\\\/heijastava-huomio-reppu\",\"name\":\"Heijastava Huomio -reppu - Safety Partners\",\"isPartOf\":{\"@id\":\"https:\\\/\\\/safetypartners.fi\\\/kauppa\\\/#website\"},\"primaryImageOfPage\":{\"@id\":\"https:\\\/\\\/safetypartners.fi\\\/kauppa\\\/tuote\\\/heijastava-huomio-reppu#primaryimage\"},\"image\":{\"@id\":\"https:\\\/\\\/safetypartners.fi\\\/kauppa\\\/tuote\\\/heijastava-huomio-reppu#primaryimage\"},\"thumbnailUrl\":\"https:\\\/\\\/safetypartners.fi\\\/kauppa\\\/wp-content\\\/uploads\\\/2024\\\/10\\\/Heijastava-reppu_maastokuvio.png\",\"datePublished\":\"2024-10-17T12:55:07+00:00\",\"dateModified\":\"2026-04-06T13:07:09+00:00\",\"description\":\"Repussa on heijastavaa kangasta edess\u00e4, takana olkahihnoissa ja sivuilla, joten se tekee k\u00e4ytt\u00e4j\u00e4st\u00e4\u00e4n n\u00e4kyv\u00e4n joka suuntaan. Kaksi eri v\u00e4ri\u00e4!\",\"breadcrumb\":{\"@id\":\"https:\\\/\\\/safetypartners.fi\\\/kauppa\\\/tuote\\\/heijastava-huomio-reppu#breadcrumb\"},\"inLanguage\":\"fi\",\"potentialAction\":[{\"@type\":\"ReadAction\",\"target\":[\"https:\\\/\\\/safetypartners.fi\\\/kauppa\\\/tuote\\\/heijastava-huomio-reppu\"]}]},{\"@type\":\"ImageObject\",\"inLanguage\":\"fi\",\"@id\":\"https:\\\/\\\/safetypartners.fi\\\/kauppa\\\/tuote\\\/heijastava-huomio-reppu#primaryimage\",\"url\":\"https:\\\/\\\/safetypartners.fi\\\/kauppa\\\/wp-content\\\/uploads\\\/2024\\\/10\\\/Heijastava-reppu_maastokuvio.png\",\"contentUrl\":\"https:\\\/\\\/safetypartners.fi\\\/kauppa\\\/wp-content\\\/uploads\\\/2024\\\/10\\\/Heijastava-reppu_maastokuvio.png\",\"width\":1006,\"height\":1026,\"caption\":\"Heijastava Huomio-reppu maastokuviolla\"},{\"@type\":\"BreadcrumbList\",\"@id\":\"https:\\\/\\\/safetypartners.fi\\\/kauppa\\\/tuote\\\/heijastava-huomio-reppu#breadcrumb\",\"itemListElement\":[{\"@type\":\"ListItem\",\"position\":1,\"name\":\"Home\",\"item\":\"https:\\\/\\\/safetypartners.fi\\\/kauppa\\\/\"},{\"@type\":\"ListItem\",\"position\":2,\"name\":\"Kauppa\",\"item\":\"https:\\\/\\\/safetypartners.fi\\\/kauppa\\\/kauppa\"},{\"@type\":\"ListItem\",\"position\":3,\"name\":\"Heijastava Huomio -reppu\"}]},{\"@type\":\"WebSite\",\"@id\":\"https:\\\/\\\/safetypartners.fi\\\/kauppa\\\/#website\",\"url\":\"https:\\\/\\\/safetypartners.fi\\\/kauppa\\\/\",\"name\":\"Safety Partners\",\"description\":\"Safety Partners turvakauppa palvelee verkossa 24\\\/7!\",\"publisher\":{\"@id\":\"https:\\\/\\\/safetypartners.fi\\\/kauppa\\\/#organization\"},\"potentialAction\":[{\"@type\":\"SearchAction\",\"target\":{\"@type\":\"EntryPoint\",\"urlTemplate\":\"https:\\\/\\\/safetypartners.fi\\\/kauppa\\\/?s={search_term_string}\"},\"query-input\":{\"@type\":\"PropertyValueSpecification\",\"valueRequired\":true,\"valueName\":\"search_term_string\"}}],\"inLanguage\":\"fi\"},{\"@type\":\"Organization\",\"@id\":\"https:\\\/\\\/safetypartners.fi\\\/kauppa\\\/#organization\",\"name\":\"Safety Partners | Suomen Sammutinpalvelu\",\"url\":\"https:\\\/\\\/safetypartners.fi\\\/kauppa\\\/\",\"logo\":{\"@type\":\"ImageObject\",\"inLanguage\":\"fi\",\"@id\":\"https:\\\/\\\/safetypartners.fi\\\/kauppa\\\/#\\\/schema\\\/logo\\\/image\\\/\",\"url\":\"https:\\\/\\\/safetypartners.fi\\\/kauppa\\\/wp-content\\\/uploads\\\/2020\\\/05\\\/cropped-Logoke-1.jpg\",\"contentUrl\":\"https:\\\/\\\/safetypartners.fi\\\/kauppa\\\/wp-content\\\/uploads\\\/2020\\\/05\\\/cropped-Logoke-1.jpg\",\"width\":847,\"height\":717,\"caption\":\"Safety Partners | Suomen Sammutinpalvelu\"},\"image\":{\"@id\":\"https:\\\/\\\/safetypartners.fi\\\/kauppa\\\/#\\\/schema\\\/logo\\\/image\\\/\"}}]}<\/script>\n<!-- \/ Yoast SEO plugin. -->","yoast_head_json":{"title":"Heijastava Huomio -reppu - Safety Partners","description":"Repussa on heijastavaa kangasta edess\u00e4, takana olkahihnoissa ja sivuilla, joten se tekee k\u00e4ytt\u00e4j\u00e4st\u00e4\u00e4n n\u00e4kyv\u00e4n joka suuntaan. Kaksi eri v\u00e4ri\u00e4!","robots":{"index":"index","follow":"follow","max-snippet":"max-snippet:-1","max-image-preview":"max-image-preview:large","max-video-preview":"max-video-preview:-1"},"canonical":"https:\/\/safetypartners.fi\/kauppa\/tuote\/heijastava-huomio-reppu","og_locale":"fi_FI","og_type":"article","og_title":"Heijastava Huomio -reppu - Safety Partners","og_description":"Repussa on heijastavaa kangasta edess\u00e4, takana olkahihnoissa ja sivuilla, joten se tekee k\u00e4ytt\u00e4j\u00e4st\u00e4\u00e4n n\u00e4kyv\u00e4n joka suuntaan. Kaksi eri v\u00e4ri\u00e4!","og_url":"https:\/\/safetypartners.fi\/kauppa\/tuote\/heijastava-huomio-reppu","og_site_name":"Safety Partners","article_modified_time":"2026-04-06T13:07:09+00:00","og_image":[{"width":1006,"height":1026,"url":"https:\/\/safetypartners.fi\/kauppa\/wp-content\/uploads\/2024\/10\/Heijastava-reppu_maastokuvio.png","type":"image\/png"}],"twitter_card":"summary_large_image","twitter_misc":{"Arvioitu lukuaika":"1 minuutti"},"schema":{"@context":"https:\/\/schema.org","@graph":[{"@type":"WebPage","@id":"https:\/\/safetypartners.fi\/kauppa\/tuote\/heijastava-huomio-reppu","url":"https:\/\/safetypartners.fi\/kauppa\/tuote\/heijastava-huomio-reppu","name":"Heijastava Huomio -reppu - Safety Partners","isPartOf":{"@id":"https:\/\/safetypartners.fi\/kauppa\/#website"},"primaryImageOfPage":{"@id":"https:\/\/safetypartners.fi\/kauppa\/tuote\/heijastava-huomio-reppu#primaryimage"},"image":{"@id":"https:\/\/safetypartners.fi\/kauppa\/tuote\/heijastava-huomio-reppu#primaryimage"},"thumbnailUrl":"https:\/\/safetypartners.fi\/kauppa\/wp-content\/uploads\/2024\/10\/Heijastava-reppu_maastokuvio.png","datePublished":"2024-10-17T12:55:07+00:00","dateModified":"2026-04-06T13:07:09+00:00","description":"Repussa on heijastavaa kangasta edess\u00e4, takana olkahihnoissa ja sivuilla, joten se tekee k\u00e4ytt\u00e4j\u00e4st\u00e4\u00e4n n\u00e4kyv\u00e4n joka suuntaan. Kaksi eri v\u00e4ri\u00e4!","breadcrumb":{"@id":"https:\/\/safetypartners.fi\/kauppa\/tuote\/heijastava-huomio-reppu#breadcrumb"},"inLanguage":"fi","potentialAction":[{"@type":"ReadAction","target":["https:\/\/safetypartners.fi\/kauppa\/tuote\/heijastava-huomio-reppu"]}]},{"@type":"ImageObject","inLanguage":"fi","@id":"https:\/\/safetypartners.fi\/kauppa\/tuote\/heijastava-huomio-reppu#primaryimage","url":"https:\/\/safetypartners.fi\/kauppa\/wp-content\/uploads\/2024\/10\/Heijastava-reppu_maastokuvio.png","contentUrl":"https:\/\/safetypartners.fi\/kauppa\/wp-content\/uploads\/2024\/10\/Heijastava-reppu_maastokuvio.png","width":1006,"height":1026,"caption":"Heijastava Huomio-reppu maastokuviolla"},{"@type":"BreadcrumbList","@id":"https:\/\/safetypartners.fi\/kauppa\/tuote\/heijastava-huomio-reppu#breadcrumb","itemListElement":[{"@type":"ListItem","position":1,"name":"Home","item":"https:\/\/safetypartners.fi\/kauppa\/"},{"@type":"ListItem","position":2,"name":"Kauppa","item":"https:\/\/safetypartners.fi\/kauppa\/kauppa"},{"@type":"ListItem","position":3,"name":"Heijastava Huomio -reppu"}]},{"@type":"WebSite","@id":"https:\/\/safetypartners.fi\/kauppa\/#website","url":"https:\/\/safetypartners.fi\/kauppa\/","name":"Safety Partners","description":"Safety Partners turvakauppa palvelee verkossa 24\/7!","publisher":{"@id":"https:\/\/safetypartners.fi\/kauppa\/#organization"},"potentialAction":[{"@type":"SearchAction","target":{"@type":"EntryPoint","urlTemplate":"https:\/\/safetypartners.fi\/kauppa\/?s={search_term_string}"},"query-input":{"@type":"PropertyValueSpecification","valueRequired":true,"valueName":"search_term_string"}}],"inLanguage":"fi"},{"@type":"Organization","@id":"https:\/\/safetypartners.fi\/kauppa\/#organization","name":"Safety Partners | Suomen Sammutinpalvelu","url":"https:\/\/safetypartners.fi\/kauppa\/","logo":{"@type":"ImageObject","inLanguage":"fi","@id":"https:\/\/safetypartners.fi\/kauppa\/#\/schema\/logo\/image\/","url":"https:\/\/safetypartners.fi\/kauppa\/wp-content\/uploads\/2020\/05\/cropped-Logoke-1.jpg","contentUrl":"https:\/\/safetypartners.fi\/kauppa\/wp-content\/uploads\/2020\/05\/cropped-Logoke-1.jpg","width":847,"height":717,"caption":"Safety Partners | Suomen Sammutinpalvelu"},"image":{"@id":"https:\/\/safetypartners.fi\/kauppa\/#\/schema\/logo\/image\/"}}]}},"uagb_featured_image_src":{"full":["https:\/\/safetypartners.fi\/kauppa\/wp-content\/uploads\/2024\/10\/Heijastava-reppu_maastokuvio.png",1006,1026,false],"thumbnail":["https:\/\/safetypartners.fi\/kauppa\/wp-content\/uploads\/2024\/10\/Heijastava-reppu_maastokuvio-150x150.png",150,150,true],"medium":["https:\/\/safetypartners.fi\/kauppa\/wp-content\/uploads\/2024\/10\/Heijastava-reppu_maastokuvio-294x300.png",294,300,true],"medium_large":["https:\/\/safetypartners.fi\/kauppa\/wp-content\/uploads\/2024\/10\/Heijastava-reppu_maastokuvio-768x783.png",768,783,true],"large":["https:\/\/safetypartners.fi\/kauppa\/wp-content\/uploads\/2024\/10\/Heijastava-reppu_maastokuvio-1004x1024.png",1004,1024,true],"1536x1536":["https:\/\/safetypartners.fi\/kauppa\/wp-content\/uploads\/2024\/10\/Heijastava-reppu_maastokuvio.png",1006,1026,false],"2048x2048":["https:\/\/safetypartners.fi\/kauppa\/wp-content\/uploads\/2024\/10\/Heijastava-reppu_maastokuvio.png",1006,1026,false],"woocommerce_thumbnail":["https:\/\/safetypartners.fi\/kauppa\/wp-content\/uploads\/2024\/10\/Heijastava-reppu_maastokuvio-300x300.png",300,300,true],"woocommerce_single":["https:\/\/safetypartners.fi\/kauppa\/wp-content\/uploads\/2024\/10\/Heijastava-reppu_maastokuvio-600x612.png",600,612,true],"woocommerce_gallery_thumbnail":["https:\/\/safetypartners.fi\/kauppa\/wp-content\/uploads\/2024\/10\/Heijastava-reppu_maastokuvio-100x100.png",100,100,true]},"uagb_author_info":{"display_name":"Anu Lehto","author_link":"https:\/\/safetypartners.fi\/kauppa\/author"},"uagb_comment_info":0,"uagb_excerpt":"Heijastavassa Huomio-repussa on heijastavaa kangasta edess\u00e4, takana olkahihnoissa ja sivuilla, joten se tekee k\u00e4ytt\u00e4j\u00e4st\u00e4\u00e4n n\u00e4kyv\u00e4n joka suuntaan. Heijastimen k\u00e4ytt\u00f6 unohtuu h\u00e4m\u00e4r\u00e4\u00e4n ja pime\u00e4\u00e4n l\u00e4htiess\u00e4 helposti ja paras heijastin onkin sellainen, jota ei erikseen tarvitse muistaa ottaa mukaan! K\u00e4tev\u00e4 reppu lis\u00e4\u00e4 turvallisuuttasi tekem\u00e4ll\u00e4 sinusta n\u00e4kyv\u00e4n huonosti valaistuilla teill\u00e4 ja parkkipaikoilla. 15 litran kokoinen heijastava reppu soveltuu&hellip;","_links":{"self":[{"href":"https:\/\/safetypartners.fi\/kauppa\/wp-json\/wp\/v2\/product\/2104","targetHints":{"allow":["GET"]}}],"collection":[{"href":"https:\/\/safetypartners.fi\/kauppa\/wp-json\/wp\/v2\/product"}],"about":[{"href":"https:\/\/safetypartners.fi\/kauppa\/wp-json\/wp\/v2\/types\/product"}],"replies":[{"embeddable":true,"href":"https:\/\/safetypartners.fi\/kauppa\/wp-json\/wp\/v2\/comments?post=2104"}],"version-history":[{"count":5,"href":"https:\/\/safetypartners.fi\/kauppa\/wp-json\/wp\/v2\/product\/2104\/revisions"}],"predecessor-version":[{"id":3425,"href":"https:\/\/safetypartners.fi\/kauppa\/wp-json\/wp\/v2\/product\/2104\/revisions\/3425"}],"wp:featuredmedia":[{"embeddable":true,"href":"https:\/\/safetypartners.fi\/kauppa\/wp-json\/wp\/v2\/media\/2109"}],"wp:attachment":[{"href":"https:\/\/safetypartners.fi\/kauppa\/wp-json\/wp\/v2\/media?parent=2104"}],"wp:term":[{"taxonomy":"product_brand","embeddable":true,"href":"https:\/\/safetypartners.fi\/kauppa\/wp-json\/wp\/v2\/product_brand?post=2104"},{"taxonomy":"product_cat","embeddable":true,"href":"https:\/\/safetypartners.fi\/kauppa\/wp-json\/wp\/v2\/product_cat?post=2104"},{"taxonomy":"product_tag","embeddable":true,"href":"https:\/\/safetypartners.fi\/kauppa\/wp-json\/wp\/v2\/product_tag?post=2104"}],"curies":[{"name":"wp","href":"https:\/\/api.w.org\/{rel}","templated":true}]}}