{"id":2117,"date":"2024-10-18T10:49:20","date_gmt":"2024-10-18T07:49:20","guid":{"rendered":"https:\/\/safetypartners.fi\/kauppa\/?post_type=product&#038;p=2117"},"modified":"2025-12-12T13:19:06","modified_gmt":"2025-12-12T11:19:06","slug":"kupu-10-palovaroitin","status":"publish","type":"product","link":"https:\/\/safetypartners.fi\/kauppa\/tuote\/kupu-10-palovaroitin","title":{"rendered":"Kupu 10 palovaroitin"},"content":{"rendered":"<p>Kupu 10 -palovaroitin toimii optisella savunhavaitsemistekniikalla. Optinen, ts. fotoelektrinen havaitseminen on nykyaikaisin, yleisin ja luotettavin palovaroittimissa k\u00e4ytetty tekniikka.<\/p>\n<p><strong>Ominaisuudet:<\/strong><\/p>\n<ul>\n<li>Litiumakullinen, 10 vuoden palovaroitin<\/li>\n<li>Varoittimen koko pinta toimii testipainikkeena<\/li>\n<li>Nopea 3M-teippikiinnitysmahdollisuus tasaiseen kattoon<\/li>\n<li>Sis\u00e4lt\u00e4\u00e4 my\u00f6s kiinnityslevyn<\/li>\n<li>Voimakas 85 dB h\u00e4lytyssignaali<\/li>\n<li>V\u00e4\u00e4r\u00e4n h\u00e4lytyksen hiljennystoiminto<\/li>\n<li>Palovaroitin aktivoituu asennettaessa<\/li>\n<li>Varustettu diagnostiikkatoiminnolla: varoitin tarkastaa itse itsens\u00e4 tasaisin v\u00e4liajoin, toimintakyvyn takaamiseksi<\/li>\n<li>Testattu ja sertifioitu EU:ssa: EN14604:2005, EN14604:2005\/AC:2008<\/li>\n<li>Tuotteen koko: 110 mm \u2014 110 mm \u2014 41 mm<\/li>\n<li>Takuu 5 vuotta<\/li>\n<\/ul>\n","protected":false},"excerpt":{"rendered":"<p><strong>Kupu 10 palovaroitin<\/strong> tuo hillitty\u00e4 tyyli\u00e4 kodin, toimiston ja m\u00f6kin kattoon. Harri Koskisen suunnittelema Kupu 10 on klassisen Kupu-palovaroittimen uudistunut versio: kiinte\u00e4 litiumakku kest\u00e4\u00e4 kuivassa ja l\u00e4mpim\u00e4ss\u00e4 k\u00e4ytt\u00f6ymp\u00e4rist\u00f6ss\u00e4 10 vuotta. Paristoja ei siis tarvitse vaihtaa. Kaikkien palovaroittimen suositeltu maksimik\u00e4ytt\u00f6ik\u00e4 on 10 vuotta (<a href=\"https:\/\/tukes.fi\/tuotteet-ja-palvelut\/pelastustoimen-laitteet\/palovaroittimet\" target=\"_blank\" rel=\"noopener\">Tukes<\/a>).<\/p>\n<p>Tyylik\u00e4s kangasp\u00e4\u00e4llyste antaa optiselle palovaroittimelle pehme\u00e4n ulkomuodon. Kupu on helppo sulauttaa osaksi sisustusta \u2014 tai nostaa esille kiinnostavaksi katseenvangitsijaksi. Kupu 10 t\u00e4ytt\u00e4\u00e4 uudistetun pelastuslain vaatiman EN14604-standardin.<\/p>\n<p>Mik\u00e4li taloyhti\u00f6\u00f6si on asennettu hiljattain minimivaatimuksen t\u00e4ytt\u00e4v\u00e4t, taloyhti\u00f6n vastuulla olevat palovaroittimet, sopii design-varoitin niiden rinnalle vaikkapa makuuhuoneeseen, turvallista unta valvomaan.<\/p>\n<p>Valitse suosikkiv\u00e4risi valikosta:<\/p>\n","protected":false},"featured_media":2124,"comment_status":"open","ping_status":"closed","template":"","meta":{"_uag_custom_page_level_css":"","site-sidebar-layout":"default","site-content-layout":"","ast-site-content-layout":"default","site-content-style":"default","site-sidebar-style":"default","ast-global-header-display":"","ast-banner-title-visibility":"","ast-main-header-display":"","ast-hfb-above-header-display":"","ast-hfb-below-header-display":"","ast-hfb-mobile-header-display":"","site-post-title":"","ast-breadcrumbs-content":"","ast-featured-img":"","footer-sml-layout":"","ast-disable-related-posts":"","theme-transparent-header-meta":"default","adv-header-id-meta":"","stick-header-meta":"default","header-above-stick-meta":"","header-main-stick-meta":"","header-below-stick-meta":"","astra-migrate-meta-layouts":"set","ast-page-background-enabled":"default","ast-page-background-meta":{"desktop":{"background-color":"","background-image":"","background-repeat":"repeat","background-position":"center center","background-size":"auto","background-attachment":"scroll","background-type":"","background-media":"","overlay-type":"","overlay-color":"","overlay-opacity":"","overlay-gradient":""},"tablet":{"background-color":"","background-image":"","background-repeat":"repeat","background-position":"center center","background-size":"auto","background-attachment":"scroll","background-type":"","background-media":"","overlay-type":"","overlay-color":"","overlay-opacity":"","overlay-gradient":""},"mobile":{"background-color":"","background-image":"","background-repeat":"repeat","background-position":"center center","background-size":"auto","background-attachment":"scroll","background-type":"","background-media":"","overlay-type":"","overlay-color":"","overlay-opacity":"","overlay-gradient":""}},"ast-content-background-meta":{"desktop":{"background-color":"var(--ast-global-color-5)","background-image":"","background-repeat":"repeat","background-position":"center center","background-size":"auto","background-attachment":"scroll","background-type":"","background-media":"","overlay-type":"","overlay-color":"","overlay-opacity":"","overlay-gradient":""},"tablet":{"background-color":"var(--ast-global-color-5)","background-image":"","background-repeat":"repeat","background-position":"center center","background-size":"auto","background-attachment":"scroll","background-type":"","background-media":"","overlay-type":"","overlay-color":"","overlay-opacity":"","overlay-gradient":""},"mobile":{"background-color":"var(--ast-global-color-5)","background-image":"","background-repeat":"repeat","background-position":"center center","background-size":"auto","background-attachment":"scroll","background-type":"","background-media":"","overlay-type":"","overlay-color":"","overlay-opacity":"","overlay-gradient":""}}},"product_brand":[],"product_cat":[15,30,216,601],"product_tag":[332,810,319,809,815,814,320,808,807,317,737,811,812,34],"class_list":{"0":"post-2117","1":"product","2":"type-product","3":"status-publish","4":"has-post-thumbnail","6":"product_cat-yleinen","7":"product_cat-paloturvallisuus","8":"product_cat-palovaroittimet","9":"product_cat-yksittaiset-palovaroittimet","10":"product_tag-10-vuoden-paristo","11":"product_tag-akku","12":"product_tag-design","13":"product_tag-harri-koskinen","14":"product_tag-helsinki","15":"product_tag-jalo","16":"product_tag-kaunis","17":"product_tag-kupu","18":"product_tag-kupu-10","19":"product_tag-palovaroitin","20":"product_tag-suomalainen","21":"product_tag-tyylikas","22":"product_tag-varikas","23":"product_tag-varoitin","24":"product_shipping_class-suomi","25":"desktop-align-center","26":"tablet-align-center","27":"mobile-align-center","28":"ast-product-gallery-layout-horizontal-slider","29":"ast-product-single-variable","30":"ast-product-tabs-layout-horizontal","32":"first","33":"instock","34":"sale","35":"taxable","36":"shipping-taxable","37":"purchasable","38":"product-type-variable"},"yoast_head":"<!-- This site is optimized with the Yoast SEO plugin v27.3 - https:\/\/yoast.com\/product\/yoast-seo-wordpress\/ -->\n<title>Kupu 10 palovaroitin - Safety Partners<\/title>\n<meta name=\"description\" content=\"Harri Koskisen suunnittelema Kupu 10 tuo hillitty\u00e4 tyyli\u00e4 kodin, toimiston ja m\u00f6kin kattoon. Kiinte\u00e4 litiumakku tarjoaa 10 vuoden k\u00e4ytt\u00f6i\u00e4n.\" \/>\n<meta name=\"robots\" content=\"index, follow, max-snippet:-1, max-image-preview:large, max-video-preview:-1\" \/>\n<link rel=\"canonical\" href=\"https:\/\/safetypartners.fi\/kauppa\/tuote\/kupu-10-palovaroitin\" \/>\n<meta property=\"og:locale\" content=\"fi_FI\" \/>\n<meta property=\"og:type\" content=\"article\" \/>\n<meta property=\"og:title\" content=\"Kupu 10 palovaroitin - Safety Partners\" \/>\n<meta property=\"og:description\" content=\"Harri Koskisen suunnittelema Kupu 10 tuo hillitty\u00e4 tyyli\u00e4 kodin, toimiston ja m\u00f6kin kattoon. Kiinte\u00e4 litiumakku tarjoaa 10 vuoden k\u00e4ytt\u00f6i\u00e4n.\" \/>\n<meta property=\"og:url\" content=\"https:\/\/safetypartners.fi\/kauppa\/tuote\/kupu-10-palovaroitin\" \/>\n<meta property=\"og:site_name\" content=\"Safety Partners\" \/>\n<meta property=\"article:modified_time\" content=\"2025-12-12T11:19:06+00:00\" \/>\n<meta property=\"og:image\" content=\"https:\/\/safetypartners.fi\/kauppa\/wp-content\/uploads\/2024\/10\/kupu-10-collage_2.webp\" \/>\n\t<meta property=\"og:image:width\" content=\"734\" \/>\n\t<meta property=\"og:image:height\" content=\"862\" \/>\n\t<meta property=\"og:image:type\" content=\"image\/webp\" \/>\n<meta name=\"twitter:card\" content=\"summary_large_image\" \/>\n<meta name=\"twitter:label1\" content=\"Arvioitu lukuaika\" \/>\n\t<meta name=\"twitter:data1\" content=\"1 minuutti\" \/>\n<script type=\"application\/ld+json\" class=\"yoast-schema-graph\">{\"@context\":\"https:\\\/\\\/schema.org\",\"@graph\":[{\"@type\":\"WebPage\",\"@id\":\"https:\\\/\\\/safetypartners.fi\\\/kauppa\\\/tuote\\\/kupu-10-palovaroitin\",\"url\":\"https:\\\/\\\/safetypartners.fi\\\/kauppa\\\/tuote\\\/kupu-10-palovaroitin\",\"name\":\"Kupu 10 palovaroitin - Safety Partners\",\"isPartOf\":{\"@id\":\"https:\\\/\\\/safetypartners.fi\\\/kauppa\\\/#website\"},\"primaryImageOfPage\":{\"@id\":\"https:\\\/\\\/safetypartners.fi\\\/kauppa\\\/tuote\\\/kupu-10-palovaroitin#primaryimage\"},\"image\":{\"@id\":\"https:\\\/\\\/safetypartners.fi\\\/kauppa\\\/tuote\\\/kupu-10-palovaroitin#primaryimage\"},\"thumbnailUrl\":\"https:\\\/\\\/safetypartners.fi\\\/kauppa\\\/wp-content\\\/uploads\\\/2024\\\/10\\\/kupu-10-collage_2.webp\",\"datePublished\":\"2024-10-18T07:49:20+00:00\",\"dateModified\":\"2025-12-12T11:19:06+00:00\",\"description\":\"Harri Koskisen suunnittelema Kupu 10 tuo hillitty\u00e4 tyyli\u00e4 kodin, toimiston ja m\u00f6kin kattoon. Kiinte\u00e4 litiumakku tarjoaa 10 vuoden k\u00e4ytt\u00f6i\u00e4n.\",\"breadcrumb\":{\"@id\":\"https:\\\/\\\/safetypartners.fi\\\/kauppa\\\/tuote\\\/kupu-10-palovaroitin#breadcrumb\"},\"inLanguage\":\"fi\",\"potentialAction\":[{\"@type\":\"ReadAction\",\"target\":[\"https:\\\/\\\/safetypartners.fi\\\/kauppa\\\/tuote\\\/kupu-10-palovaroitin\"]}]},{\"@type\":\"ImageObject\",\"inLanguage\":\"fi\",\"@id\":\"https:\\\/\\\/safetypartners.fi\\\/kauppa\\\/tuote\\\/kupu-10-palovaroitin#primaryimage\",\"url\":\"https:\\\/\\\/safetypartners.fi\\\/kauppa\\\/wp-content\\\/uploads\\\/2024\\\/10\\\/kupu-10-collage_2.webp\",\"contentUrl\":\"https:\\\/\\\/safetypartners.fi\\\/kauppa\\\/wp-content\\\/uploads\\\/2024\\\/10\\\/kupu-10-collage_2.webp\",\"width\":734,\"height\":862,\"caption\":\"Harri Koskisen suunnittelema Kupu 10 palovaroitin\"},{\"@type\":\"BreadcrumbList\",\"@id\":\"https:\\\/\\\/safetypartners.fi\\\/kauppa\\\/tuote\\\/kupu-10-palovaroitin#breadcrumb\",\"itemListElement\":[{\"@type\":\"ListItem\",\"position\":1,\"name\":\"Home\",\"item\":\"https:\\\/\\\/safetypartners.fi\\\/kauppa\\\/\"},{\"@type\":\"ListItem\",\"position\":2,\"name\":\"Kauppa\",\"item\":\"https:\\\/\\\/safetypartners.fi\\\/kauppa\\\/kauppa\"},{\"@type\":\"ListItem\",\"position\":3,\"name\":\"Kupu 10 palovaroitin\"}]},{\"@type\":\"WebSite\",\"@id\":\"https:\\\/\\\/safetypartners.fi\\\/kauppa\\\/#website\",\"url\":\"https:\\\/\\\/safetypartners.fi\\\/kauppa\\\/\",\"name\":\"Safety Partners\",\"description\":\"Safety Partners turvakauppa palvelee verkossa 24\\\/7!\",\"publisher\":{\"@id\":\"https:\\\/\\\/safetypartners.fi\\\/kauppa\\\/#organization\"},\"potentialAction\":[{\"@type\":\"SearchAction\",\"target\":{\"@type\":\"EntryPoint\",\"urlTemplate\":\"https:\\\/\\\/safetypartners.fi\\\/kauppa\\\/?s={search_term_string}\"},\"query-input\":{\"@type\":\"PropertyValueSpecification\",\"valueRequired\":true,\"valueName\":\"search_term_string\"}}],\"inLanguage\":\"fi\"},{\"@type\":\"Organization\",\"@id\":\"https:\\\/\\\/safetypartners.fi\\\/kauppa\\\/#organization\",\"name\":\"Safety Partners | Suomen Sammutinpalvelu\",\"url\":\"https:\\\/\\\/safetypartners.fi\\\/kauppa\\\/\",\"logo\":{\"@type\":\"ImageObject\",\"inLanguage\":\"fi\",\"@id\":\"https:\\\/\\\/safetypartners.fi\\\/kauppa\\\/#\\\/schema\\\/logo\\\/image\\\/\",\"url\":\"https:\\\/\\\/safetypartners.fi\\\/kauppa\\\/wp-content\\\/uploads\\\/2020\\\/05\\\/cropped-Logoke-1.jpg\",\"contentUrl\":\"https:\\\/\\\/safetypartners.fi\\\/kauppa\\\/wp-content\\\/uploads\\\/2020\\\/05\\\/cropped-Logoke-1.jpg\",\"width\":847,\"height\":717,\"caption\":\"Safety Partners | Suomen Sammutinpalvelu\"},\"image\":{\"@id\":\"https:\\\/\\\/safetypartners.fi\\\/kauppa\\\/#\\\/schema\\\/logo\\\/image\\\/\"}}]}<\/script>\n<!-- \/ Yoast SEO plugin. -->","yoast_head_json":{"title":"Kupu 10 palovaroitin - Safety Partners","description":"Harri Koskisen suunnittelema Kupu 10 tuo hillitty\u00e4 tyyli\u00e4 kodin, toimiston ja m\u00f6kin kattoon. Kiinte\u00e4 litiumakku tarjoaa 10 vuoden k\u00e4ytt\u00f6i\u00e4n.","robots":{"index":"index","follow":"follow","max-snippet":"max-snippet:-1","max-image-preview":"max-image-preview:large","max-video-preview":"max-video-preview:-1"},"canonical":"https:\/\/safetypartners.fi\/kauppa\/tuote\/kupu-10-palovaroitin","og_locale":"fi_FI","og_type":"article","og_title":"Kupu 10 palovaroitin - Safety Partners","og_description":"Harri Koskisen suunnittelema Kupu 10 tuo hillitty\u00e4 tyyli\u00e4 kodin, toimiston ja m\u00f6kin kattoon. Kiinte\u00e4 litiumakku tarjoaa 10 vuoden k\u00e4ytt\u00f6i\u00e4n.","og_url":"https:\/\/safetypartners.fi\/kauppa\/tuote\/kupu-10-palovaroitin","og_site_name":"Safety Partners","article_modified_time":"2025-12-12T11:19:06+00:00","og_image":[{"width":734,"height":862,"url":"https:\/\/safetypartners.fi\/kauppa\/wp-content\/uploads\/2024\/10\/kupu-10-collage_2.webp","type":"image\/webp"}],"twitter_card":"summary_large_image","twitter_misc":{"Arvioitu lukuaika":"1 minuutti"},"schema":{"@context":"https:\/\/schema.org","@graph":[{"@type":"WebPage","@id":"https:\/\/safetypartners.fi\/kauppa\/tuote\/kupu-10-palovaroitin","url":"https:\/\/safetypartners.fi\/kauppa\/tuote\/kupu-10-palovaroitin","name":"Kupu 10 palovaroitin - Safety Partners","isPartOf":{"@id":"https:\/\/safetypartners.fi\/kauppa\/#website"},"primaryImageOfPage":{"@id":"https:\/\/safetypartners.fi\/kauppa\/tuote\/kupu-10-palovaroitin#primaryimage"},"image":{"@id":"https:\/\/safetypartners.fi\/kauppa\/tuote\/kupu-10-palovaroitin#primaryimage"},"thumbnailUrl":"https:\/\/safetypartners.fi\/kauppa\/wp-content\/uploads\/2024\/10\/kupu-10-collage_2.webp","datePublished":"2024-10-18T07:49:20+00:00","dateModified":"2025-12-12T11:19:06+00:00","description":"Harri Koskisen suunnittelema Kupu 10 tuo hillitty\u00e4 tyyli\u00e4 kodin, toimiston ja m\u00f6kin kattoon. Kiinte\u00e4 litiumakku tarjoaa 10 vuoden k\u00e4ytt\u00f6i\u00e4n.","breadcrumb":{"@id":"https:\/\/safetypartners.fi\/kauppa\/tuote\/kupu-10-palovaroitin#breadcrumb"},"inLanguage":"fi","potentialAction":[{"@type":"ReadAction","target":["https:\/\/safetypartners.fi\/kauppa\/tuote\/kupu-10-palovaroitin"]}]},{"@type":"ImageObject","inLanguage":"fi","@id":"https:\/\/safetypartners.fi\/kauppa\/tuote\/kupu-10-palovaroitin#primaryimage","url":"https:\/\/safetypartners.fi\/kauppa\/wp-content\/uploads\/2024\/10\/kupu-10-collage_2.webp","contentUrl":"https:\/\/safetypartners.fi\/kauppa\/wp-content\/uploads\/2024\/10\/kupu-10-collage_2.webp","width":734,"height":862,"caption":"Harri Koskisen suunnittelema Kupu 10 palovaroitin"},{"@type":"BreadcrumbList","@id":"https:\/\/safetypartners.fi\/kauppa\/tuote\/kupu-10-palovaroitin#breadcrumb","itemListElement":[{"@type":"ListItem","position":1,"name":"Home","item":"https:\/\/safetypartners.fi\/kauppa\/"},{"@type":"ListItem","position":2,"name":"Kauppa","item":"https:\/\/safetypartners.fi\/kauppa\/kauppa"},{"@type":"ListItem","position":3,"name":"Kupu 10 palovaroitin"}]},{"@type":"WebSite","@id":"https:\/\/safetypartners.fi\/kauppa\/#website","url":"https:\/\/safetypartners.fi\/kauppa\/","name":"Safety Partners","description":"Safety Partners turvakauppa palvelee verkossa 24\/7!","publisher":{"@id":"https:\/\/safetypartners.fi\/kauppa\/#organization"},"potentialAction":[{"@type":"SearchAction","target":{"@type":"EntryPoint","urlTemplate":"https:\/\/safetypartners.fi\/kauppa\/?s={search_term_string}"},"query-input":{"@type":"PropertyValueSpecification","valueRequired":true,"valueName":"search_term_string"}}],"inLanguage":"fi"},{"@type":"Organization","@id":"https:\/\/safetypartners.fi\/kauppa\/#organization","name":"Safety Partners | Suomen Sammutinpalvelu","url":"https:\/\/safetypartners.fi\/kauppa\/","logo":{"@type":"ImageObject","inLanguage":"fi","@id":"https:\/\/safetypartners.fi\/kauppa\/#\/schema\/logo\/image\/","url":"https:\/\/safetypartners.fi\/kauppa\/wp-content\/uploads\/2020\/05\/cropped-Logoke-1.jpg","contentUrl":"https:\/\/safetypartners.fi\/kauppa\/wp-content\/uploads\/2020\/05\/cropped-Logoke-1.jpg","width":847,"height":717,"caption":"Safety Partners | Suomen Sammutinpalvelu"},"image":{"@id":"https:\/\/safetypartners.fi\/kauppa\/#\/schema\/logo\/image\/"}}]}},"uagb_featured_image_src":{"full":["https:\/\/safetypartners.fi\/kauppa\/wp-content\/uploads\/2024\/10\/kupu-10-collage_2.webp",734,862,false],"thumbnail":["https:\/\/safetypartners.fi\/kauppa\/wp-content\/uploads\/2024\/10\/kupu-10-collage_2-150x150.webp",150,150,true],"medium":["https:\/\/safetypartners.fi\/kauppa\/wp-content\/uploads\/2024\/10\/kupu-10-collage_2-255x300.webp",255,300,true],"medium_large":["https:\/\/safetypartners.fi\/kauppa\/wp-content\/uploads\/2024\/10\/kupu-10-collage_2.webp",734,862,false],"large":["https:\/\/safetypartners.fi\/kauppa\/wp-content\/uploads\/2024\/10\/kupu-10-collage_2.webp",734,862,false],"1536x1536":["https:\/\/safetypartners.fi\/kauppa\/wp-content\/uploads\/2024\/10\/kupu-10-collage_2.webp",734,862,false],"2048x2048":["https:\/\/safetypartners.fi\/kauppa\/wp-content\/uploads\/2024\/10\/kupu-10-collage_2.webp",734,862,false],"woocommerce_thumbnail":["https:\/\/safetypartners.fi\/kauppa\/wp-content\/uploads\/2024\/10\/kupu-10-collage_2-300x300.webp",300,300,true],"woocommerce_single":["https:\/\/safetypartners.fi\/kauppa\/wp-content\/uploads\/2024\/10\/kupu-10-collage_2-600x705.webp",600,705,true],"woocommerce_gallery_thumbnail":["https:\/\/safetypartners.fi\/kauppa\/wp-content\/uploads\/2024\/10\/kupu-10-collage_2-100x100.webp",100,100,true]},"uagb_author_info":{"display_name":"Anu Lehto","author_link":"https:\/\/safetypartners.fi\/kauppa\/author"},"uagb_comment_info":1,"uagb_excerpt":"Kupu 10 palovaroitin tuo hillitty\u00e4 tyyli\u00e4 kodin, toimiston ja m\u00f6kin kattoon. Harri Koskisen suunnittelema Kupu 10 on klassisen Kupu-palovaroittimen uudistunut versio: kiinte\u00e4 litiumakku kest\u00e4\u00e4 kuivassa ja l\u00e4mpim\u00e4ss\u00e4 k\u00e4ytt\u00f6ymp\u00e4rist\u00f6ss\u00e4 10 vuotta. Paristoja ei siis tarvitse vaihtaa. Kaikkien palovaroittimen suositeltu maksimik\u00e4ytt\u00f6ik\u00e4 on 10 vuotta (Tukes). Tyylik\u00e4s kangasp\u00e4\u00e4llyste antaa optiselle palovaroittimelle pehme\u00e4n ulkomuodon. Kupu on helppo sulauttaa osaksi&hellip;","_links":{"self":[{"href":"https:\/\/safetypartners.fi\/kauppa\/wp-json\/wp\/v2\/product\/2117","targetHints":{"allow":["GET"]}}],"collection":[{"href":"https:\/\/safetypartners.fi\/kauppa\/wp-json\/wp\/v2\/product"}],"about":[{"href":"https:\/\/safetypartners.fi\/kauppa\/wp-json\/wp\/v2\/types\/product"}],"replies":[{"embeddable":true,"href":"https:\/\/safetypartners.fi\/kauppa\/wp-json\/wp\/v2\/comments?post=2117"}],"version-history":[{"count":5,"href":"https:\/\/safetypartners.fi\/kauppa\/wp-json\/wp\/v2\/product\/2117\/revisions"}],"predecessor-version":[{"id":3286,"href":"https:\/\/safetypartners.fi\/kauppa\/wp-json\/wp\/v2\/product\/2117\/revisions\/3286"}],"wp:featuredmedia":[{"embeddable":true,"href":"https:\/\/safetypartners.fi\/kauppa\/wp-json\/wp\/v2\/media\/2124"}],"wp:attachment":[{"href":"https:\/\/safetypartners.fi\/kauppa\/wp-json\/wp\/v2\/media?parent=2117"}],"wp:term":[{"taxonomy":"product_brand","embeddable":true,"href":"https:\/\/safetypartners.fi\/kauppa\/wp-json\/wp\/v2\/product_brand?post=2117"},{"taxonomy":"product_cat","embeddable":true,"href":"https:\/\/safetypartners.fi\/kauppa\/wp-json\/wp\/v2\/product_cat?post=2117"},{"taxonomy":"product_tag","embeddable":true,"href":"https:\/\/safetypartners.fi\/kauppa\/wp-json\/wp\/v2\/product_tag?post=2117"}],"curies":[{"name":"wp","href":"https:\/\/api.w.org\/{rel}","templated":true}]}}