{"id":2160,"date":"2024-10-18T12:58:11","date_gmt":"2024-10-18T09:58:11","guid":{"rendered":"https:\/\/safetypartners.fi\/kauppa\/?post_type=product&#038;p=2160"},"modified":"2026-02-02T10:27:17","modified_gmt":"2026-02-02T08:27:17","slug":"gp-discovery-otsalamppu-chr35","status":"publish","type":"product","link":"https:\/\/safetypartners.fi\/kauppa\/tuote\/gp-discovery-otsalamppu-chr35","title":{"rendered":"Ladattava otsalamppu GP Discovery otsalamppu, CHR35"},"content":{"rendered":"<p><strong>Ladattava otsalamppu GP Discovery on sek\u00e4 otsa- ett\u00e4 taskulamppu<\/strong><\/p>\n<p>Ominaisuudet:<\/p>\n<ul class=\"disc\">\n<li>Valon kantama: 130 m<\/li>\n<li>Valoteho: 600 lm<\/li>\n<li>Paloaika: 60 h<\/li>\n<li>Valotilat: 100 %, 75 %, 50 %, 25 %<\/li>\n<li>Roiskevesisuojattu (IPX4)<\/li>\n<li>S\u00e4\u00e4dett\u00e4v\u00e4 otsapanta<\/li>\n<\/ul>\n<p>&nbsp;<\/p>\n","protected":false},"excerpt":{"rendered":"<p><strong>Ladattava otsalamppu GP Discovery CHR35<\/strong> on kehitetty uteliaille ja aktiivisille kuluttajille t\u00f6ihin, harrastuksiin ja ulkoiluun. Roiskeenkest\u00e4v\u00e4 GP Discovery antaa vapaat k\u00e4det ty\u00f6n tuiskeessa, iltah\u00e4m\u00e4r\u00e4ss\u00e4 tai s\u00e4hk\u00f6katkoksen sattuessa. Ideaali valaisin mukaan retkille, kalaan ja vaikkapa tikkaille.<\/p>\n<p>Irrotettava lamppu toimii taskulamppuna. Voimakas valo kantaa n. 130 metri\u00e4. Ladattavassa valossa nelj\u00e4 eri tehotilaa. Magneettikiinnike lampun pohjassa pit\u00e4\u00e4 sen tarpeen mukaan paikoillaan.<\/p>\n","protected":false},"featured_media":2165,"comment_status":"open","ping_status":"closed","template":"","meta":{"_uag_custom_page_level_css":"","site-sidebar-layout":"default","site-content-layout":"","ast-site-content-layout":"default","site-content-style":"default","site-sidebar-style":"default","ast-global-header-display":"","ast-banner-title-visibility":"","ast-main-header-display":"","ast-hfb-above-header-display":"","ast-hfb-below-header-display":"","ast-hfb-mobile-header-display":"","site-post-title":"","ast-breadcrumbs-content":"","ast-featured-img":"","footer-sml-layout":"","ast-disable-related-posts":"","theme-transparent-header-meta":"default","adv-header-id-meta":"","stick-header-meta":"default","header-above-stick-meta":"","header-main-stick-meta":"","header-below-stick-meta":"","astra-migrate-meta-layouts":"set","ast-page-background-enabled":"default","ast-page-background-meta":{"desktop":{"background-color":"","background-image":"","background-repeat":"repeat","background-position":"center center","background-size":"auto","background-attachment":"scroll","background-type":"","background-media":"","overlay-type":"","overlay-color":"","overlay-opacity":"","overlay-gradient":""},"tablet":{"background-color":"","background-image":"","background-repeat":"repeat","background-position":"center center","background-size":"auto","background-attachment":"scroll","background-type":"","background-media":"","overlay-type":"","overlay-color":"","overlay-opacity":"","overlay-gradient":""},"mobile":{"background-color":"","background-image":"","background-repeat":"repeat","background-position":"center center","background-size":"auto","background-attachment":"scroll","background-type":"","background-media":"","overlay-type":"","overlay-color":"","overlay-opacity":"","overlay-gradient":""}},"ast-content-background-meta":{"desktop":{"background-color":"var(--ast-global-color-5)","background-image":"","background-repeat":"repeat","background-position":"center center","background-size":"auto","background-attachment":"scroll","background-type":"","background-media":"","overlay-type":"","overlay-color":"","overlay-opacity":"","overlay-gradient":""},"tablet":{"background-color":"var(--ast-global-color-5)","background-image":"","background-repeat":"repeat","background-position":"center center","background-size":"auto","background-attachment":"scroll","background-type":"","background-media":"","overlay-type":"","overlay-color":"","overlay-opacity":"","overlay-gradient":""},"mobile":{"background-color":"var(--ast-global-color-5)","background-image":"","background-repeat":"repeat","background-position":"center center","background-size":"auto","background-attachment":"scroll","background-type":"","background-media":"","overlay-type":"","overlay-color":"","overlay-opacity":"","overlay-gradient":""}}},"product_brand":[],"product_cat":[15,41,44],"product_tag":[823,821,825,828,99,824,470,822,827,829,103,826,1243],"class_list":{"0":"post-2160","1":"product","2":"type-product","3":"status-publish","4":"has-post-thumbnail","6":"product_cat-yleinen","7":"product_cat-koti-vapaa-aika","8":"product_cat-tyoturvallisuus","9":"product_tag-chr35","10":"product_tag-gp-discovery","11":"product_tag-hands-free","12":"product_tag-kirkas","13":"product_tag-ladattava","14":"product_tag-lamppu","15":"product_tag-magneetti","16":"product_tag-otsalamppu","17":"product_tag-retkelle","18":"product_tag-saadettava","19":"product_tag-taskulamppu","20":"product_tag-valaisin","21":"product_tag-varautuminen","22":"product_shipping_class-suomi","23":"desktop-align-center","24":"tablet-align-center","25":"mobile-align-center","26":"ast-product-gallery-layout-horizontal-slider","27":"ast-product-tabs-layout-horizontal","29":"first","30":"instock","31":"taxable","32":"shipping-taxable","33":"purchasable","34":"product-type-simple"},"yoast_head":"<!-- This site is optimized with the Yoast SEO plugin v27.3 - https:\/\/yoast.com\/product\/yoast-seo-wordpress\/ -->\n<title>Ladattava otsalamppu GP Discovery otsalamppu, CHR35 - Safety Partners<\/title>\n<meta name=\"description\" content=\"Ladattava otsalamppu | Valossa on nelj\u00e4 eri tehotilaa. Irrotettava lamppu toimii taskulamppuna. Voimakas valo kantaa n. 130 metri\u00e4. Roiskevesisuojattu IPX4.\" \/>\n<meta name=\"robots\" content=\"index, follow, max-snippet:-1, max-image-preview:large, max-video-preview:-1\" \/>\n<link rel=\"canonical\" href=\"https:\/\/safetypartners.fi\/kauppa\/tuote\/gp-discovery-otsalamppu-chr35\" \/>\n<meta property=\"og:locale\" content=\"fi_FI\" \/>\n<meta property=\"og:type\" content=\"article\" \/>\n<meta property=\"og:title\" content=\"Ladattava otsalamppu GP Discovery otsalamppu, CHR35 - Safety Partners\" \/>\n<meta property=\"og:description\" content=\"Ladattava otsalamppu | Valossa on nelj\u00e4 eri tehotilaa. Irrotettava lamppu toimii taskulamppuna. Voimakas valo kantaa n. 130 metri\u00e4. Roiskevesisuojattu IPX4.\" \/>\n<meta property=\"og:url\" content=\"https:\/\/safetypartners.fi\/kauppa\/tuote\/gp-discovery-otsalamppu-chr35\" \/>\n<meta property=\"og:site_name\" content=\"Safety Partners\" \/>\n<meta property=\"article:modified_time\" content=\"2026-02-02T08:27:17+00:00\" \/>\n<meta property=\"og:image\" content=\"https:\/\/safetypartners.fi\/kauppa\/wp-content\/uploads\/2024\/10\/GP-Discovery-otsalamppu-CHR35.jpg\" \/>\n\t<meta property=\"og:image:width\" content=\"560\" \/>\n\t<meta property=\"og:image:height\" content=\"423\" \/>\n\t<meta property=\"og:image:type\" content=\"image\/jpeg\" \/>\n<meta name=\"twitter:card\" content=\"summary_large_image\" \/>\n<meta name=\"twitter:label1\" content=\"Arvioitu lukuaika\" \/>\n\t<meta name=\"twitter:data1\" content=\"1 minuutti\" \/>\n<script type=\"application\/ld+json\" class=\"yoast-schema-graph\">{\"@context\":\"https:\\\/\\\/schema.org\",\"@graph\":[{\"@type\":\"WebPage\",\"@id\":\"https:\\\/\\\/safetypartners.fi\\\/kauppa\\\/tuote\\\/gp-discovery-otsalamppu-chr35\",\"url\":\"https:\\\/\\\/safetypartners.fi\\\/kauppa\\\/tuote\\\/gp-discovery-otsalamppu-chr35\",\"name\":\"Ladattava otsalamppu GP Discovery otsalamppu, CHR35 - Safety Partners\",\"isPartOf\":{\"@id\":\"https:\\\/\\\/safetypartners.fi\\\/kauppa\\\/#website\"},\"primaryImageOfPage\":{\"@id\":\"https:\\\/\\\/safetypartners.fi\\\/kauppa\\\/tuote\\\/gp-discovery-otsalamppu-chr35#primaryimage\"},\"image\":{\"@id\":\"https:\\\/\\\/safetypartners.fi\\\/kauppa\\\/tuote\\\/gp-discovery-otsalamppu-chr35#primaryimage\"},\"thumbnailUrl\":\"https:\\\/\\\/safetypartners.fi\\\/kauppa\\\/wp-content\\\/uploads\\\/2024\\\/10\\\/GP-Discovery-otsalamppu-CHR35.jpg\",\"datePublished\":\"2024-10-18T09:58:11+00:00\",\"dateModified\":\"2026-02-02T08:27:17+00:00\",\"description\":\"Ladattava otsalamppu | Valossa on nelj\u00e4 eri tehotilaa. Irrotettava lamppu toimii taskulamppuna. Voimakas valo kantaa n. 130 metri\u00e4. Roiskevesisuojattu IPX4.\",\"breadcrumb\":{\"@id\":\"https:\\\/\\\/safetypartners.fi\\\/kauppa\\\/tuote\\\/gp-discovery-otsalamppu-chr35#breadcrumb\"},\"inLanguage\":\"fi\",\"potentialAction\":[{\"@type\":\"ReadAction\",\"target\":[\"https:\\\/\\\/safetypartners.fi\\\/kauppa\\\/tuote\\\/gp-discovery-otsalamppu-chr35\"]}]},{\"@type\":\"ImageObject\",\"inLanguage\":\"fi\",\"@id\":\"https:\\\/\\\/safetypartners.fi\\\/kauppa\\\/tuote\\\/gp-discovery-otsalamppu-chr35#primaryimage\",\"url\":\"https:\\\/\\\/safetypartners.fi\\\/kauppa\\\/wp-content\\\/uploads\\\/2024\\\/10\\\/GP-Discovery-otsalamppu-CHR35.jpg\",\"contentUrl\":\"https:\\\/\\\/safetypartners.fi\\\/kauppa\\\/wp-content\\\/uploads\\\/2024\\\/10\\\/GP-Discovery-otsalamppu-CHR35.jpg\",\"width\":560,\"height\":423,\"caption\":\"GP Discovery otsalamppu, CHR35\"},{\"@type\":\"BreadcrumbList\",\"@id\":\"https:\\\/\\\/safetypartners.fi\\\/kauppa\\\/tuote\\\/gp-discovery-otsalamppu-chr35#breadcrumb\",\"itemListElement\":[{\"@type\":\"ListItem\",\"position\":1,\"name\":\"Home\",\"item\":\"https:\\\/\\\/safetypartners.fi\\\/kauppa\\\/\"},{\"@type\":\"ListItem\",\"position\":2,\"name\":\"Kauppa\",\"item\":\"https:\\\/\\\/safetypartners.fi\\\/kauppa\\\/kauppa\"},{\"@type\":\"ListItem\",\"position\":3,\"name\":\"Ladattava otsalamppu GP Discovery otsalamppu, CHR35\"}]},{\"@type\":\"WebSite\",\"@id\":\"https:\\\/\\\/safetypartners.fi\\\/kauppa\\\/#website\",\"url\":\"https:\\\/\\\/safetypartners.fi\\\/kauppa\\\/\",\"name\":\"Safety Partners\",\"description\":\"Safety Partners turvakauppa palvelee verkossa 24\\\/7!\",\"publisher\":{\"@id\":\"https:\\\/\\\/safetypartners.fi\\\/kauppa\\\/#organization\"},\"potentialAction\":[{\"@type\":\"SearchAction\",\"target\":{\"@type\":\"EntryPoint\",\"urlTemplate\":\"https:\\\/\\\/safetypartners.fi\\\/kauppa\\\/?s={search_term_string}\"},\"query-input\":{\"@type\":\"PropertyValueSpecification\",\"valueRequired\":true,\"valueName\":\"search_term_string\"}}],\"inLanguage\":\"fi\"},{\"@type\":\"Organization\",\"@id\":\"https:\\\/\\\/safetypartners.fi\\\/kauppa\\\/#organization\",\"name\":\"Safety Partners | Suomen Sammutinpalvelu\",\"url\":\"https:\\\/\\\/safetypartners.fi\\\/kauppa\\\/\",\"logo\":{\"@type\":\"ImageObject\",\"inLanguage\":\"fi\",\"@id\":\"https:\\\/\\\/safetypartners.fi\\\/kauppa\\\/#\\\/schema\\\/logo\\\/image\\\/\",\"url\":\"https:\\\/\\\/safetypartners.fi\\\/kauppa\\\/wp-content\\\/uploads\\\/2020\\\/05\\\/cropped-Logoke-1.jpg\",\"contentUrl\":\"https:\\\/\\\/safetypartners.fi\\\/kauppa\\\/wp-content\\\/uploads\\\/2020\\\/05\\\/cropped-Logoke-1.jpg\",\"width\":847,\"height\":717,\"caption\":\"Safety Partners | Suomen Sammutinpalvelu\"},\"image\":{\"@id\":\"https:\\\/\\\/safetypartners.fi\\\/kauppa\\\/#\\\/schema\\\/logo\\\/image\\\/\"}}]}<\/script>\n<!-- \/ Yoast SEO plugin. -->","yoast_head_json":{"title":"Ladattava otsalamppu GP Discovery otsalamppu, CHR35 - Safety Partners","description":"Ladattava otsalamppu | Valossa on nelj\u00e4 eri tehotilaa. Irrotettava lamppu toimii taskulamppuna. Voimakas valo kantaa n. 130 metri\u00e4. Roiskevesisuojattu IPX4.","robots":{"index":"index","follow":"follow","max-snippet":"max-snippet:-1","max-image-preview":"max-image-preview:large","max-video-preview":"max-video-preview:-1"},"canonical":"https:\/\/safetypartners.fi\/kauppa\/tuote\/gp-discovery-otsalamppu-chr35","og_locale":"fi_FI","og_type":"article","og_title":"Ladattava otsalamppu GP Discovery otsalamppu, CHR35 - Safety Partners","og_description":"Ladattava otsalamppu | Valossa on nelj\u00e4 eri tehotilaa. Irrotettava lamppu toimii taskulamppuna. Voimakas valo kantaa n. 130 metri\u00e4. Roiskevesisuojattu IPX4.","og_url":"https:\/\/safetypartners.fi\/kauppa\/tuote\/gp-discovery-otsalamppu-chr35","og_site_name":"Safety Partners","article_modified_time":"2026-02-02T08:27:17+00:00","og_image":[{"width":560,"height":423,"url":"https:\/\/safetypartners.fi\/kauppa\/wp-content\/uploads\/2024\/10\/GP-Discovery-otsalamppu-CHR35.jpg","type":"image\/jpeg"}],"twitter_card":"summary_large_image","twitter_misc":{"Arvioitu lukuaika":"1 minuutti"},"schema":{"@context":"https:\/\/schema.org","@graph":[{"@type":"WebPage","@id":"https:\/\/safetypartners.fi\/kauppa\/tuote\/gp-discovery-otsalamppu-chr35","url":"https:\/\/safetypartners.fi\/kauppa\/tuote\/gp-discovery-otsalamppu-chr35","name":"Ladattava otsalamppu GP Discovery otsalamppu, CHR35 - Safety Partners","isPartOf":{"@id":"https:\/\/safetypartners.fi\/kauppa\/#website"},"primaryImageOfPage":{"@id":"https:\/\/safetypartners.fi\/kauppa\/tuote\/gp-discovery-otsalamppu-chr35#primaryimage"},"image":{"@id":"https:\/\/safetypartners.fi\/kauppa\/tuote\/gp-discovery-otsalamppu-chr35#primaryimage"},"thumbnailUrl":"https:\/\/safetypartners.fi\/kauppa\/wp-content\/uploads\/2024\/10\/GP-Discovery-otsalamppu-CHR35.jpg","datePublished":"2024-10-18T09:58:11+00:00","dateModified":"2026-02-02T08:27:17+00:00","description":"Ladattava otsalamppu | Valossa on nelj\u00e4 eri tehotilaa. Irrotettava lamppu toimii taskulamppuna. Voimakas valo kantaa n. 130 metri\u00e4. Roiskevesisuojattu IPX4.","breadcrumb":{"@id":"https:\/\/safetypartners.fi\/kauppa\/tuote\/gp-discovery-otsalamppu-chr35#breadcrumb"},"inLanguage":"fi","potentialAction":[{"@type":"ReadAction","target":["https:\/\/safetypartners.fi\/kauppa\/tuote\/gp-discovery-otsalamppu-chr35"]}]},{"@type":"ImageObject","inLanguage":"fi","@id":"https:\/\/safetypartners.fi\/kauppa\/tuote\/gp-discovery-otsalamppu-chr35#primaryimage","url":"https:\/\/safetypartners.fi\/kauppa\/wp-content\/uploads\/2024\/10\/GP-Discovery-otsalamppu-CHR35.jpg","contentUrl":"https:\/\/safetypartners.fi\/kauppa\/wp-content\/uploads\/2024\/10\/GP-Discovery-otsalamppu-CHR35.jpg","width":560,"height":423,"caption":"GP Discovery otsalamppu, CHR35"},{"@type":"BreadcrumbList","@id":"https:\/\/safetypartners.fi\/kauppa\/tuote\/gp-discovery-otsalamppu-chr35#breadcrumb","itemListElement":[{"@type":"ListItem","position":1,"name":"Home","item":"https:\/\/safetypartners.fi\/kauppa\/"},{"@type":"ListItem","position":2,"name":"Kauppa","item":"https:\/\/safetypartners.fi\/kauppa\/kauppa"},{"@type":"ListItem","position":3,"name":"Ladattava otsalamppu GP Discovery otsalamppu, CHR35"}]},{"@type":"WebSite","@id":"https:\/\/safetypartners.fi\/kauppa\/#website","url":"https:\/\/safetypartners.fi\/kauppa\/","name":"Safety Partners","description":"Safety Partners turvakauppa palvelee verkossa 24\/7!","publisher":{"@id":"https:\/\/safetypartners.fi\/kauppa\/#organization"},"potentialAction":[{"@type":"SearchAction","target":{"@type":"EntryPoint","urlTemplate":"https:\/\/safetypartners.fi\/kauppa\/?s={search_term_string}"},"query-input":{"@type":"PropertyValueSpecification","valueRequired":true,"valueName":"search_term_string"}}],"inLanguage":"fi"},{"@type":"Organization","@id":"https:\/\/safetypartners.fi\/kauppa\/#organization","name":"Safety Partners | Suomen Sammutinpalvelu","url":"https:\/\/safetypartners.fi\/kauppa\/","logo":{"@type":"ImageObject","inLanguage":"fi","@id":"https:\/\/safetypartners.fi\/kauppa\/#\/schema\/logo\/image\/","url":"https:\/\/safetypartners.fi\/kauppa\/wp-content\/uploads\/2020\/05\/cropped-Logoke-1.jpg","contentUrl":"https:\/\/safetypartners.fi\/kauppa\/wp-content\/uploads\/2020\/05\/cropped-Logoke-1.jpg","width":847,"height":717,"caption":"Safety Partners | Suomen Sammutinpalvelu"},"image":{"@id":"https:\/\/safetypartners.fi\/kauppa\/#\/schema\/logo\/image\/"}}]}},"uagb_featured_image_src":{"full":["https:\/\/safetypartners.fi\/kauppa\/wp-content\/uploads\/2024\/10\/GP-Discovery-otsalamppu-CHR35.jpg",560,423,false],"thumbnail":["https:\/\/safetypartners.fi\/kauppa\/wp-content\/uploads\/2024\/10\/GP-Discovery-otsalamppu-CHR35-150x150.jpg",150,150,true],"medium":["https:\/\/safetypartners.fi\/kauppa\/wp-content\/uploads\/2024\/10\/GP-Discovery-otsalamppu-CHR35-300x227.jpg",300,227,true],"medium_large":["https:\/\/safetypartners.fi\/kauppa\/wp-content\/uploads\/2024\/10\/GP-Discovery-otsalamppu-CHR35.jpg",560,423,false],"large":["https:\/\/safetypartners.fi\/kauppa\/wp-content\/uploads\/2024\/10\/GP-Discovery-otsalamppu-CHR35.jpg",560,423,false],"1536x1536":["https:\/\/safetypartners.fi\/kauppa\/wp-content\/uploads\/2024\/10\/GP-Discovery-otsalamppu-CHR35.jpg",560,423,false],"2048x2048":["https:\/\/safetypartners.fi\/kauppa\/wp-content\/uploads\/2024\/10\/GP-Discovery-otsalamppu-CHR35.jpg",560,423,false],"woocommerce_thumbnail":["https:\/\/safetypartners.fi\/kauppa\/wp-content\/uploads\/2024\/10\/GP-Discovery-otsalamppu-CHR35-300x300.jpg",300,300,true],"woocommerce_single":["https:\/\/safetypartners.fi\/kauppa\/wp-content\/uploads\/2024\/10\/GP-Discovery-otsalamppu-CHR35.jpg",560,423,false],"woocommerce_gallery_thumbnail":["https:\/\/safetypartners.fi\/kauppa\/wp-content\/uploads\/2024\/10\/GP-Discovery-otsalamppu-CHR35-100x100.jpg",100,100,true]},"uagb_author_info":{"display_name":"Anu Lehto","author_link":"https:\/\/safetypartners.fi\/kauppa\/author"},"uagb_comment_info":1,"uagb_excerpt":"Ladattava otsalamppu GP Discovery CHR35 on kehitetty uteliaille ja aktiivisille kuluttajille t\u00f6ihin, harrastuksiin ja ulkoiluun. Roiskeenkest\u00e4v\u00e4 GP Discovery antaa vapaat k\u00e4det ty\u00f6n tuiskeessa, iltah\u00e4m\u00e4r\u00e4ss\u00e4 tai s\u00e4hk\u00f6katkoksen sattuessa. Ideaali valaisin mukaan retkille, kalaan ja vaikkapa tikkaille. Irrotettava lamppu toimii taskulamppuna. Voimakas valo kantaa n. 130 metri\u00e4. Ladattavassa valossa nelj\u00e4 eri tehotilaa. Magneettikiinnike lampun pohjassa pit\u00e4\u00e4 sen&hellip;","_links":{"self":[{"href":"https:\/\/safetypartners.fi\/kauppa\/wp-json\/wp\/v2\/product\/2160","targetHints":{"allow":["GET"]}}],"collection":[{"href":"https:\/\/safetypartners.fi\/kauppa\/wp-json\/wp\/v2\/product"}],"about":[{"href":"https:\/\/safetypartners.fi\/kauppa\/wp-json\/wp\/v2\/types\/product"}],"replies":[{"embeddable":true,"href":"https:\/\/safetypartners.fi\/kauppa\/wp-json\/wp\/v2\/comments?post=2160"}],"version-history":[{"count":5,"href":"https:\/\/safetypartners.fi\/kauppa\/wp-json\/wp\/v2\/product\/2160\/revisions"}],"predecessor-version":[{"id":2562,"href":"https:\/\/safetypartners.fi\/kauppa\/wp-json\/wp\/v2\/product\/2160\/revisions\/2562"}],"wp:featuredmedia":[{"embeddable":true,"href":"https:\/\/safetypartners.fi\/kauppa\/wp-json\/wp\/v2\/media\/2165"}],"wp:attachment":[{"href":"https:\/\/safetypartners.fi\/kauppa\/wp-json\/wp\/v2\/media?parent=2160"}],"wp:term":[{"taxonomy":"product_brand","embeddable":true,"href":"https:\/\/safetypartners.fi\/kauppa\/wp-json\/wp\/v2\/product_brand?post=2160"},{"taxonomy":"product_cat","embeddable":true,"href":"https:\/\/safetypartners.fi\/kauppa\/wp-json\/wp\/v2\/product_cat?post=2160"},{"taxonomy":"product_tag","embeddable":true,"href":"https:\/\/safetypartners.fi\/kauppa\/wp-json\/wp\/v2\/product_tag?post=2160"}],"curies":[{"name":"wp","href":"https:\/\/api.w.org\/{rel}","templated":true}]}}