{"id":2172,"date":"2024-10-18T13:30:45","date_gmt":"2024-10-18T10:30:45","guid":{"rendered":"https:\/\/safetypartners.fi\/kauppa\/?post_type=product&#038;p=2172"},"modified":"2026-01-02T21:41:27","modified_gmt":"2026-01-02T19:41:27","slug":"ursa-ladattava-taskulamppu-cr41-gp-discovery","status":"publish","type":"product","link":"https:\/\/safetypartners.fi\/kauppa\/tuote\/ursa-ladattava-taskulamppu-cr41-gp-discovery","title":{"rendered":"Ursa ladattava taskulamppu CR41, GP Discovery"},"content":{"rendered":"<ul>\n<li>Rannehihna<\/li>\n<li>Valon kantama: 135 m<\/li>\n<li>Valoteho: 650 lm<\/li>\n<li>Paloaika: 40 h<\/li>\n<li>Valotilat: 100 %, 75 %, 50 %, SOS<\/li>\n<li>Ladattava<\/li>\n<li>S\u00e4\u00e4dett\u00e4v\u00e4 valokuvio<\/li>\n<li>Vesitiivis (IPX7)<\/li>\n<\/ul>\n","protected":false},"excerpt":{"rendered":"<p><strong>Ursa taskulamppu CR41<\/strong> on kest\u00e4v\u00e4, tehokas ja monik\u00e4ytt\u00f6inen. Ladattava taskulamppu on vesitiivis. Valokeilan leveytt\u00e4 saa s\u00e4\u00e4detty\u00e4 valop\u00e4\u00e4t\u00e4 kiert\u00e4m\u00e4ll\u00e4. Kolme valotilaa ja SOS-tila mahdollistavat monipuolisen k\u00e4yt\u00f6n. <span data-offset-key=\"b5qom-0-0\">GP Discovery Ursa -taskulampussa on anodisoitu alumiinikotelo, mik\u00e4 tekee siit\u00e4 todella lujan ja kest\u00e4v\u00e4n. Se istuu k\u00e4teen miellytt\u00e4v\u00e4sti karhennetun pintansa ansiosta, mik\u00e4 my\u00f6s helpottaa fokusointitoiminnon k\u00e4ytt\u00f6\u00e4.<\/span><\/p>\n<p><span data-offset-key=\"b5qom-0-0\">GP Discovery Ursa on viimeisimm\u00e4ll\u00e4 valoteknologialla varusteltu valaisin. T\u00e4m\u00e4n ansiosta lampun virrankulutus on v\u00e4h\u00e4inen, mutta valovoima korkea. <\/span><\/p>\n","protected":false},"featured_media":2768,"comment_status":"open","ping_status":"closed","template":"","meta":{"_uag_custom_page_level_css":"","site-sidebar-layout":"default","site-content-layout":"default","ast-site-content-layout":"default","site-content-style":"default","site-sidebar-style":"default","ast-global-header-display":"","ast-banner-title-visibility":"","ast-main-header-display":"","ast-hfb-above-header-display":"","ast-hfb-below-header-display":"","ast-hfb-mobile-header-display":"","site-post-title":"","ast-breadcrumbs-content":"","ast-featured-img":"","footer-sml-layout":"","ast-disable-related-posts":"","theme-transparent-header-meta":"default","adv-header-id-meta":"","stick-header-meta":"default","header-above-stick-meta":"","header-main-stick-meta":"","header-below-stick-meta":"","astra-migrate-meta-layouts":"set","ast-page-background-enabled":"default","ast-page-background-meta":{"desktop":{"background-color":"","background-image":"","background-repeat":"repeat","background-position":"center center","background-size":"auto","background-attachment":"scroll","background-type":"","background-media":"","overlay-type":"","overlay-color":"","overlay-opacity":"","overlay-gradient":""},"tablet":{"background-color":"","background-image":"","background-repeat":"repeat","background-position":"center center","background-size":"auto","background-attachment":"scroll","background-type":"","background-media":"","overlay-type":"","overlay-color":"","overlay-opacity":"","overlay-gradient":""},"mobile":{"background-color":"","background-image":"","background-repeat":"repeat","background-position":"center center","background-size":"auto","background-attachment":"scroll","background-type":"","background-media":"","overlay-type":"","overlay-color":"","overlay-opacity":"","overlay-gradient":""}},"ast-content-background-meta":{"desktop":{"background-color":"var(--ast-global-color-5)","background-image":"","background-repeat":"repeat","background-position":"center center","background-size":"auto","background-attachment":"scroll","background-type":"","background-media":"","overlay-type":"","overlay-color":"","overlay-opacity":"","overlay-gradient":""},"tablet":{"background-color":"var(--ast-global-color-5)","background-image":"","background-repeat":"repeat","background-position":"center center","background-size":"auto","background-attachment":"scroll","background-type":"","background-media":"","overlay-type":"","overlay-color":"","overlay-opacity":"","overlay-gradient":""},"mobile":{"background-color":"var(--ast-global-color-5)","background-image":"","background-repeat":"repeat","background-position":"center center","background-size":"auto","background-attachment":"scroll","background-type":"","background-media":"","overlay-type":"","overlay-color":"","overlay-opacity":"","overlay-gradient":""}}},"product_brand":[],"product_cat":[15,41,44],"product_tag":[837,834,835,821,828,337,99,824,829,103,833,836,826],"class_list":{"0":"post-2172","1":"product","2":"type-product","3":"status-publish","4":"has-post-thumbnail","6":"product_cat-yleinen","7":"product_cat-koti-vapaa-aika","8":"product_cat-tyoturvallisuus","9":"product_tag-650-lm","10":"product_tag-cr41","11":"product_tag-fokusointitoiminto","12":"product_tag-gp-discovery","13":"product_tag-kirkas","14":"product_tag-laadukas","15":"product_tag-ladattava","16":"product_tag-lamppu","17":"product_tag-saadettava","18":"product_tag-taskulamppu","19":"product_tag-ursa","20":"product_tag-vahainen-virrankulutus","21":"product_tag-valaisin","22":"product_shipping_class-suomi","23":"desktop-align-center","24":"tablet-align-center","25":"mobile-align-center","26":"ast-product-gallery-layout-horizontal-slider","27":"ast-product-tabs-layout-horizontal","29":"first","30":"instock","31":"taxable","32":"shipping-taxable","33":"purchasable","34":"product-type-simple"},"yoast_head":"<!-- This site is optimized with the Yoast SEO plugin v27.3 - https:\/\/yoast.com\/product\/yoast-seo-wordpress\/ -->\n<title>Ursa ladattava taskulamppu CR41, GP Discovery - Safety Partners<\/title>\n<meta name=\"description\" content=\"Viimeisimm\u00e4ll\u00e4 valoteknologialla varusteltu valaisin: v\u00e4h\u00e4inen virrankulutus, korkea valovoima. Ladattavassa valossa nelj\u00e4 eri tehotilaa. Rannehihna.\" \/>\n<meta name=\"robots\" content=\"index, follow, max-snippet:-1, max-image-preview:large, max-video-preview:-1\" \/>\n<link rel=\"canonical\" href=\"https:\/\/safetypartners.fi\/kauppa\/tuote\/ursa-ladattava-taskulamppu-cr41-gp-discovery\" \/>\n<meta property=\"og:locale\" content=\"fi_FI\" \/>\n<meta property=\"og:type\" content=\"article\" \/>\n<meta property=\"og:title\" content=\"Ursa ladattava taskulamppu CR41, GP Discovery - Safety Partners\" \/>\n<meta property=\"og:description\" content=\"Viimeisimm\u00e4ll\u00e4 valoteknologialla varusteltu valaisin: v\u00e4h\u00e4inen virrankulutus, korkea valovoima. Ladattavassa valossa nelj\u00e4 eri tehotilaa. Rannehihna.\" \/>\n<meta property=\"og:url\" content=\"https:\/\/safetypartners.fi\/kauppa\/tuote\/ursa-ladattava-taskulamppu-cr41-gp-discovery\" \/>\n<meta property=\"og:site_name\" content=\"Safety Partners\" \/>\n<meta property=\"article:modified_time\" content=\"2026-01-02T19:41:27+00:00\" \/>\n<meta property=\"og:image\" content=\"https:\/\/safetypartners.fi\/kauppa\/wp-content\/uploads\/2024\/10\/Ursa-ladattava-taskulamppu-CR41-GP-Discovery.png\" \/>\n\t<meta property=\"og:image:width\" content=\"1504\" \/>\n\t<meta property=\"og:image:height\" content=\"910\" \/>\n\t<meta property=\"og:image:type\" content=\"image\/png\" \/>\n<meta name=\"twitter:card\" content=\"summary_large_image\" \/>\n<meta name=\"twitter:label1\" content=\"Arvioitu lukuaika\" \/>\n\t<meta name=\"twitter:data1\" content=\"1 minuutti\" \/>\n<script type=\"application\/ld+json\" class=\"yoast-schema-graph\">{\"@context\":\"https:\\\/\\\/schema.org\",\"@graph\":[{\"@type\":\"WebPage\",\"@id\":\"https:\\\/\\\/safetypartners.fi\\\/kauppa\\\/tuote\\\/ursa-ladattava-taskulamppu-cr41-gp-discovery\",\"url\":\"https:\\\/\\\/safetypartners.fi\\\/kauppa\\\/tuote\\\/ursa-ladattava-taskulamppu-cr41-gp-discovery\",\"name\":\"Ursa ladattava taskulamppu CR41, GP Discovery - Safety Partners\",\"isPartOf\":{\"@id\":\"https:\\\/\\\/safetypartners.fi\\\/kauppa\\\/#website\"},\"primaryImageOfPage\":{\"@id\":\"https:\\\/\\\/safetypartners.fi\\\/kauppa\\\/tuote\\\/ursa-ladattava-taskulamppu-cr41-gp-discovery#primaryimage\"},\"image\":{\"@id\":\"https:\\\/\\\/safetypartners.fi\\\/kauppa\\\/tuote\\\/ursa-ladattava-taskulamppu-cr41-gp-discovery#primaryimage\"},\"thumbnailUrl\":\"https:\\\/\\\/safetypartners.fi\\\/kauppa\\\/wp-content\\\/uploads\\\/2024\\\/10\\\/Ursa-ladattava-taskulamppu-CR41-GP-Discovery.png\",\"datePublished\":\"2024-10-18T10:30:45+00:00\",\"dateModified\":\"2026-01-02T19:41:27+00:00\",\"description\":\"Viimeisimm\u00e4ll\u00e4 valoteknologialla varusteltu valaisin: v\u00e4h\u00e4inen virrankulutus, korkea valovoima. Ladattavassa valossa nelj\u00e4 eri tehotilaa. Rannehihna.\",\"breadcrumb\":{\"@id\":\"https:\\\/\\\/safetypartners.fi\\\/kauppa\\\/tuote\\\/ursa-ladattava-taskulamppu-cr41-gp-discovery#breadcrumb\"},\"inLanguage\":\"fi\",\"potentialAction\":[{\"@type\":\"ReadAction\",\"target\":[\"https:\\\/\\\/safetypartners.fi\\\/kauppa\\\/tuote\\\/ursa-ladattava-taskulamppu-cr41-gp-discovery\"]}]},{\"@type\":\"ImageObject\",\"inLanguage\":\"fi\",\"@id\":\"https:\\\/\\\/safetypartners.fi\\\/kauppa\\\/tuote\\\/ursa-ladattava-taskulamppu-cr41-gp-discovery#primaryimage\",\"url\":\"https:\\\/\\\/safetypartners.fi\\\/kauppa\\\/wp-content\\\/uploads\\\/2024\\\/10\\\/Ursa-ladattava-taskulamppu-CR41-GP-Discovery.png\",\"contentUrl\":\"https:\\\/\\\/safetypartners.fi\\\/kauppa\\\/wp-content\\\/uploads\\\/2024\\\/10\\\/Ursa-ladattava-taskulamppu-CR41-GP-Discovery.png\",\"width\":1504,\"height\":910,\"caption\":\"CR41 GP Discovery taskulamppu\"},{\"@type\":\"BreadcrumbList\",\"@id\":\"https:\\\/\\\/safetypartners.fi\\\/kauppa\\\/tuote\\\/ursa-ladattava-taskulamppu-cr41-gp-discovery#breadcrumb\",\"itemListElement\":[{\"@type\":\"ListItem\",\"position\":1,\"name\":\"Home\",\"item\":\"https:\\\/\\\/safetypartners.fi\\\/kauppa\\\/\"},{\"@type\":\"ListItem\",\"position\":2,\"name\":\"Kauppa\",\"item\":\"https:\\\/\\\/safetypartners.fi\\\/kauppa\\\/kauppa\"},{\"@type\":\"ListItem\",\"position\":3,\"name\":\"Ursa ladattava taskulamppu CR41, GP Discovery\"}]},{\"@type\":\"WebSite\",\"@id\":\"https:\\\/\\\/safetypartners.fi\\\/kauppa\\\/#website\",\"url\":\"https:\\\/\\\/safetypartners.fi\\\/kauppa\\\/\",\"name\":\"Safety Partners\",\"description\":\"Safety Partners turvakauppa palvelee verkossa 24\\\/7!\",\"publisher\":{\"@id\":\"https:\\\/\\\/safetypartners.fi\\\/kauppa\\\/#organization\"},\"potentialAction\":[{\"@type\":\"SearchAction\",\"target\":{\"@type\":\"EntryPoint\",\"urlTemplate\":\"https:\\\/\\\/safetypartners.fi\\\/kauppa\\\/?s={search_term_string}\"},\"query-input\":{\"@type\":\"PropertyValueSpecification\",\"valueRequired\":true,\"valueName\":\"search_term_string\"}}],\"inLanguage\":\"fi\"},{\"@type\":\"Organization\",\"@id\":\"https:\\\/\\\/safetypartners.fi\\\/kauppa\\\/#organization\",\"name\":\"Safety Partners | Suomen Sammutinpalvelu\",\"url\":\"https:\\\/\\\/safetypartners.fi\\\/kauppa\\\/\",\"logo\":{\"@type\":\"ImageObject\",\"inLanguage\":\"fi\",\"@id\":\"https:\\\/\\\/safetypartners.fi\\\/kauppa\\\/#\\\/schema\\\/logo\\\/image\\\/\",\"url\":\"https:\\\/\\\/safetypartners.fi\\\/kauppa\\\/wp-content\\\/uploads\\\/2020\\\/05\\\/cropped-Logoke-1.jpg\",\"contentUrl\":\"https:\\\/\\\/safetypartners.fi\\\/kauppa\\\/wp-content\\\/uploads\\\/2020\\\/05\\\/cropped-Logoke-1.jpg\",\"width\":847,\"height\":717,\"caption\":\"Safety Partners | Suomen Sammutinpalvelu\"},\"image\":{\"@id\":\"https:\\\/\\\/safetypartners.fi\\\/kauppa\\\/#\\\/schema\\\/logo\\\/image\\\/\"}}]}<\/script>\n<!-- \/ Yoast SEO plugin. -->","yoast_head_json":{"title":"Ursa ladattava taskulamppu CR41, GP Discovery - Safety Partners","description":"Viimeisimm\u00e4ll\u00e4 valoteknologialla varusteltu valaisin: v\u00e4h\u00e4inen virrankulutus, korkea valovoima. Ladattavassa valossa nelj\u00e4 eri tehotilaa. Rannehihna.","robots":{"index":"index","follow":"follow","max-snippet":"max-snippet:-1","max-image-preview":"max-image-preview:large","max-video-preview":"max-video-preview:-1"},"canonical":"https:\/\/safetypartners.fi\/kauppa\/tuote\/ursa-ladattava-taskulamppu-cr41-gp-discovery","og_locale":"fi_FI","og_type":"article","og_title":"Ursa ladattava taskulamppu CR41, GP Discovery - Safety Partners","og_description":"Viimeisimm\u00e4ll\u00e4 valoteknologialla varusteltu valaisin: v\u00e4h\u00e4inen virrankulutus, korkea valovoima. Ladattavassa valossa nelj\u00e4 eri tehotilaa. Rannehihna.","og_url":"https:\/\/safetypartners.fi\/kauppa\/tuote\/ursa-ladattava-taskulamppu-cr41-gp-discovery","og_site_name":"Safety Partners","article_modified_time":"2026-01-02T19:41:27+00:00","og_image":[{"width":1504,"height":910,"url":"https:\/\/safetypartners.fi\/kauppa\/wp-content\/uploads\/2024\/10\/Ursa-ladattava-taskulamppu-CR41-GP-Discovery.png","type":"image\/png"}],"twitter_card":"summary_large_image","twitter_misc":{"Arvioitu lukuaika":"1 minuutti"},"schema":{"@context":"https:\/\/schema.org","@graph":[{"@type":"WebPage","@id":"https:\/\/safetypartners.fi\/kauppa\/tuote\/ursa-ladattava-taskulamppu-cr41-gp-discovery","url":"https:\/\/safetypartners.fi\/kauppa\/tuote\/ursa-ladattava-taskulamppu-cr41-gp-discovery","name":"Ursa ladattava taskulamppu CR41, GP Discovery - Safety Partners","isPartOf":{"@id":"https:\/\/safetypartners.fi\/kauppa\/#website"},"primaryImageOfPage":{"@id":"https:\/\/safetypartners.fi\/kauppa\/tuote\/ursa-ladattava-taskulamppu-cr41-gp-discovery#primaryimage"},"image":{"@id":"https:\/\/safetypartners.fi\/kauppa\/tuote\/ursa-ladattava-taskulamppu-cr41-gp-discovery#primaryimage"},"thumbnailUrl":"https:\/\/safetypartners.fi\/kauppa\/wp-content\/uploads\/2024\/10\/Ursa-ladattava-taskulamppu-CR41-GP-Discovery.png","datePublished":"2024-10-18T10:30:45+00:00","dateModified":"2026-01-02T19:41:27+00:00","description":"Viimeisimm\u00e4ll\u00e4 valoteknologialla varusteltu valaisin: v\u00e4h\u00e4inen virrankulutus, korkea valovoima. Ladattavassa valossa nelj\u00e4 eri tehotilaa. Rannehihna.","breadcrumb":{"@id":"https:\/\/safetypartners.fi\/kauppa\/tuote\/ursa-ladattava-taskulamppu-cr41-gp-discovery#breadcrumb"},"inLanguage":"fi","potentialAction":[{"@type":"ReadAction","target":["https:\/\/safetypartners.fi\/kauppa\/tuote\/ursa-ladattava-taskulamppu-cr41-gp-discovery"]}]},{"@type":"ImageObject","inLanguage":"fi","@id":"https:\/\/safetypartners.fi\/kauppa\/tuote\/ursa-ladattava-taskulamppu-cr41-gp-discovery#primaryimage","url":"https:\/\/safetypartners.fi\/kauppa\/wp-content\/uploads\/2024\/10\/Ursa-ladattava-taskulamppu-CR41-GP-Discovery.png","contentUrl":"https:\/\/safetypartners.fi\/kauppa\/wp-content\/uploads\/2024\/10\/Ursa-ladattava-taskulamppu-CR41-GP-Discovery.png","width":1504,"height":910,"caption":"CR41 GP Discovery taskulamppu"},{"@type":"BreadcrumbList","@id":"https:\/\/safetypartners.fi\/kauppa\/tuote\/ursa-ladattava-taskulamppu-cr41-gp-discovery#breadcrumb","itemListElement":[{"@type":"ListItem","position":1,"name":"Home","item":"https:\/\/safetypartners.fi\/kauppa\/"},{"@type":"ListItem","position":2,"name":"Kauppa","item":"https:\/\/safetypartners.fi\/kauppa\/kauppa"},{"@type":"ListItem","position":3,"name":"Ursa ladattava taskulamppu CR41, GP Discovery"}]},{"@type":"WebSite","@id":"https:\/\/safetypartners.fi\/kauppa\/#website","url":"https:\/\/safetypartners.fi\/kauppa\/","name":"Safety Partners","description":"Safety Partners turvakauppa palvelee verkossa 24\/7!","publisher":{"@id":"https:\/\/safetypartners.fi\/kauppa\/#organization"},"potentialAction":[{"@type":"SearchAction","target":{"@type":"EntryPoint","urlTemplate":"https:\/\/safetypartners.fi\/kauppa\/?s={search_term_string}"},"query-input":{"@type":"PropertyValueSpecification","valueRequired":true,"valueName":"search_term_string"}}],"inLanguage":"fi"},{"@type":"Organization","@id":"https:\/\/safetypartners.fi\/kauppa\/#organization","name":"Safety Partners | Suomen Sammutinpalvelu","url":"https:\/\/safetypartners.fi\/kauppa\/","logo":{"@type":"ImageObject","inLanguage":"fi","@id":"https:\/\/safetypartners.fi\/kauppa\/#\/schema\/logo\/image\/","url":"https:\/\/safetypartners.fi\/kauppa\/wp-content\/uploads\/2020\/05\/cropped-Logoke-1.jpg","contentUrl":"https:\/\/safetypartners.fi\/kauppa\/wp-content\/uploads\/2020\/05\/cropped-Logoke-1.jpg","width":847,"height":717,"caption":"Safety Partners | Suomen Sammutinpalvelu"},"image":{"@id":"https:\/\/safetypartners.fi\/kauppa\/#\/schema\/logo\/image\/"}}]}},"uagb_featured_image_src":{"full":["https:\/\/safetypartners.fi\/kauppa\/wp-content\/uploads\/2024\/10\/Ursa-ladattava-taskulamppu-CR41-GP-Discovery.png",1504,910,false],"thumbnail":["https:\/\/safetypartners.fi\/kauppa\/wp-content\/uploads\/2024\/10\/Ursa-ladattava-taskulamppu-CR41-GP-Discovery-150x150.png",150,150,true],"medium":["https:\/\/safetypartners.fi\/kauppa\/wp-content\/uploads\/2024\/10\/Ursa-ladattava-taskulamppu-CR41-GP-Discovery-300x182.png",300,182,true],"medium_large":["https:\/\/safetypartners.fi\/kauppa\/wp-content\/uploads\/2024\/10\/Ursa-ladattava-taskulamppu-CR41-GP-Discovery-768x465.png",768,465,true],"large":["https:\/\/safetypartners.fi\/kauppa\/wp-content\/uploads\/2024\/10\/Ursa-ladattava-taskulamppu-CR41-GP-Discovery-1024x620.png",1024,620,true],"1536x1536":["https:\/\/safetypartners.fi\/kauppa\/wp-content\/uploads\/2024\/10\/Ursa-ladattava-taskulamppu-CR41-GP-Discovery.png",1504,910,false],"2048x2048":["https:\/\/safetypartners.fi\/kauppa\/wp-content\/uploads\/2024\/10\/Ursa-ladattava-taskulamppu-CR41-GP-Discovery.png",1504,910,false],"woocommerce_thumbnail":["https:\/\/safetypartners.fi\/kauppa\/wp-content\/uploads\/2024\/10\/Ursa-ladattava-taskulamppu-CR41-GP-Discovery-300x300.png",300,300,true],"woocommerce_single":["https:\/\/safetypartners.fi\/kauppa\/wp-content\/uploads\/2024\/10\/Ursa-ladattava-taskulamppu-CR41-GP-Discovery-600x363.png",600,363,true],"woocommerce_gallery_thumbnail":["https:\/\/safetypartners.fi\/kauppa\/wp-content\/uploads\/2024\/10\/Ursa-ladattava-taskulamppu-CR41-GP-Discovery-100x100.png",100,100,true]},"uagb_author_info":{"display_name":"Anu Lehto","author_link":"https:\/\/safetypartners.fi\/kauppa\/author"},"uagb_comment_info":0,"uagb_excerpt":"Ursa taskulamppu CR41 on kest\u00e4v\u00e4, tehokas ja monik\u00e4ytt\u00f6inen. Ladattava taskulamppu on vesitiivis. Valokeilan leveytt\u00e4 saa s\u00e4\u00e4detty\u00e4 valop\u00e4\u00e4t\u00e4 kiert\u00e4m\u00e4ll\u00e4. Kolme valotilaa ja SOS-tila mahdollistavat monipuolisen k\u00e4yt\u00f6n. GP Discovery Ursa -taskulampussa on anodisoitu alumiinikotelo, mik\u00e4 tekee siit\u00e4 todella lujan ja kest\u00e4v\u00e4n. Se istuu k\u00e4teen miellytt\u00e4v\u00e4sti karhennetun pintansa ansiosta, mik\u00e4 my\u00f6s helpottaa fokusointitoiminnon k\u00e4ytt\u00f6\u00e4. GP Discovery Ursa on&hellip;","_links":{"self":[{"href":"https:\/\/safetypartners.fi\/kauppa\/wp-json\/wp\/v2\/product\/2172","targetHints":{"allow":["GET"]}}],"collection":[{"href":"https:\/\/safetypartners.fi\/kauppa\/wp-json\/wp\/v2\/product"}],"about":[{"href":"https:\/\/safetypartners.fi\/kauppa\/wp-json\/wp\/v2\/types\/product"}],"replies":[{"embeddable":true,"href":"https:\/\/safetypartners.fi\/kauppa\/wp-json\/wp\/v2\/comments?post=2172"}],"version-history":[{"count":2,"href":"https:\/\/safetypartners.fi\/kauppa\/wp-json\/wp\/v2\/product\/2172\/revisions"}],"predecessor-version":[{"id":2563,"href":"https:\/\/safetypartners.fi\/kauppa\/wp-json\/wp\/v2\/product\/2172\/revisions\/2563"}],"wp:featuredmedia":[{"embeddable":true,"href":"https:\/\/safetypartners.fi\/kauppa\/wp-json\/wp\/v2\/media\/2768"}],"wp:attachment":[{"href":"https:\/\/safetypartners.fi\/kauppa\/wp-json\/wp\/v2\/media?parent=2172"}],"wp:term":[{"taxonomy":"product_brand","embeddable":true,"href":"https:\/\/safetypartners.fi\/kauppa\/wp-json\/wp\/v2\/product_brand?post=2172"},{"taxonomy":"product_cat","embeddable":true,"href":"https:\/\/safetypartners.fi\/kauppa\/wp-json\/wp\/v2\/product_cat?post=2172"},{"taxonomy":"product_tag","embeddable":true,"href":"https:\/\/safetypartners.fi\/kauppa\/wp-json\/wp\/v2\/product_tag?post=2172"}],"curies":[{"name":"wp","href":"https:\/\/api.w.org\/{rel}","templated":true}]}}