{"id":2178,"date":"2024-10-22T10:46:42","date_gmt":"2024-10-22T07:46:42","guid":{"rendered":"https:\/\/safetypartners.fi\/kauppa\/?post_type=product&#038;p=2178"},"modified":"2026-02-26T12:46:59","modified_gmt":"2026-02-26T10:46:59","slug":"vitility-laakeannostelija","status":"publish","type":"product","link":"https:\/\/safetypartners.fi\/kauppa\/tuote\/vitility-laakeannostelija","title":{"rendered":"Vitility-l\u00e4\u00e4keannostelija"},"content":{"rendered":"<div>\n<p>Seitsem\u00e4n viikonp\u00e4iv\u00e4n dosetti.<\/p>\n<table id=\"product_detail_table\" width=\"208\">\n<tbody>\n<tr>\n<td>Pituus<\/td>\n<td>15.6 cm<\/td>\n<\/tr>\n<tr>\n<td>Leveys<\/td>\n<td>11.5 cm<\/td>\n<\/tr>\n<tr>\n<td>Korkeus<\/td>\n<td>2.6 cm<\/td>\n<\/tr>\n<\/tbody>\n<\/table>\n<\/div>\n","protected":false},"excerpt":{"rendered":"<div class=\"description\"><strong>Vitility-l\u00e4\u00e4keannostelijassa eli dosetissa<\/strong> l\u00e4\u00e4kkeet on helppo s\u00e4ilytt\u00e4\u00e4 jaettuna seitsem\u00e4lle viikonp\u00e4iv\u00e4lle. Lis\u00e4ksi voidaan lokeroittain erotella aamuisin, p\u00e4ivisin, iltaisin tai \u00f6isin otettavat l\u00e4\u00e4kkeet. N\u00e4in tabletit on helppo s\u00e4ilytt\u00e4\u00e4 toisistaan erill\u00e4\u00e4n ja niiden muistaminen p\u00e4ivitt\u00e4in on tarkistettavissa.<\/div>\n","protected":false},"featured_media":2179,"comment_status":"open","ping_status":"closed","template":"","meta":{"_uag_custom_page_level_css":"","site-sidebar-layout":"default","site-content-layout":"","ast-site-content-layout":"default","site-content-style":"default","site-sidebar-style":"default","ast-global-header-display":"","ast-banner-title-visibility":"","ast-main-header-display":"","ast-hfb-above-header-display":"","ast-hfb-below-header-display":"","ast-hfb-mobile-header-display":"","site-post-title":"","ast-breadcrumbs-content":"","ast-featured-img":"","footer-sml-layout":"","ast-disable-related-posts":"","theme-transparent-header-meta":"default","adv-header-id-meta":"","stick-header-meta":"default","header-above-stick-meta":"","header-main-stick-meta":"","header-below-stick-meta":"","astra-migrate-meta-layouts":"set","ast-page-background-enabled":"default","ast-page-background-meta":{"desktop":{"background-color":"","background-image":"","background-repeat":"repeat","background-position":"center center","background-size":"auto","background-attachment":"scroll","background-type":"","background-media":"","overlay-type":"","overlay-color":"","overlay-opacity":"","overlay-gradient":""},"tablet":{"background-color":"","background-image":"","background-repeat":"repeat","background-position":"center center","background-size":"auto","background-attachment":"scroll","background-type":"","background-media":"","overlay-type":"","overlay-color":"","overlay-opacity":"","overlay-gradient":""},"mobile":{"background-color":"","background-image":"","background-repeat":"repeat","background-position":"center center","background-size":"auto","background-attachment":"scroll","background-type":"","background-media":"","overlay-type":"","overlay-color":"","overlay-opacity":"","overlay-gradient":""}},"ast-content-background-meta":{"desktop":{"background-color":"var(--ast-global-color-5)","background-image":"","background-repeat":"repeat","background-position":"center center","background-size":"auto","background-attachment":"scroll","background-type":"","background-media":"","overlay-type":"","overlay-color":"","overlay-opacity":"","overlay-gradient":""},"tablet":{"background-color":"var(--ast-global-color-5)","background-image":"","background-repeat":"repeat","background-position":"center center","background-size":"auto","background-attachment":"scroll","background-type":"","background-media":"","overlay-type":"","overlay-color":"","overlay-opacity":"","overlay-gradient":""},"mobile":{"background-color":"var(--ast-global-color-5)","background-image":"","background-repeat":"repeat","background-position":"center center","background-size":"auto","background-attachment":"scroll","background-type":"","background-media":"","overlay-type":"","overlay-color":"","overlay-opacity":"","overlay-gradient":""}}},"product_brand":[],"product_cat":[15,32],"product_tag":[843,840,838,842,841,839],"class_list":{"0":"post-2178","1":"product","2":"type-product","3":"status-publish","4":"has-post-thumbnail","6":"product_cat-yleinen","7":"product_cat-koti-ja-omaisuusturva","8":"product_tag-annostelija","9":"product_tag-dosetti","10":"product_tag-laakeannostelija","11":"product_tag-laakkeet","12":"product_tag-seitseman-paivaa","13":"product_tag-vitility","14":"product_shipping_class-suomi","15":"desktop-align-center","16":"tablet-align-center","17":"mobile-align-center","18":"ast-product-gallery-layout-horizontal-slider","19":"ast-product-tabs-layout-horizontal","21":"first","22":"instock","23":"sale","24":"taxable","25":"shipping-taxable","26":"purchasable","27":"product-type-simple"},"yoast_head":"<!-- This site is optimized with the Yoast SEO plugin v27.3 - https:\/\/yoast.com\/product\/yoast-seo-wordpress\/ -->\n<title>Vitility-l\u00e4\u00e4keannostelija - Safety Partners<\/title>\n<meta name=\"description\" content=\"Vitility-l\u00e4\u00e4keannostelijassa eli dosetissa l\u00e4\u00e4kkeet on helppo s\u00e4ilytt\u00e4\u00e4 jaettuna seitsem\u00e4lle viikonp\u00e4iv\u00e4lle, sek\u00e4 aamulle, p\u00e4iv\u00e4lle ja illalle.\" \/>\n<meta name=\"robots\" content=\"index, follow, max-snippet:-1, max-image-preview:large, max-video-preview:-1\" \/>\n<link rel=\"canonical\" href=\"https:\/\/safetypartners.fi\/kauppa\/tuote\/vitility-laakeannostelija\" \/>\n<meta property=\"og:locale\" content=\"fi_FI\" \/>\n<meta property=\"og:type\" content=\"article\" \/>\n<meta property=\"og:title\" content=\"Vitility-l\u00e4\u00e4keannostelija - Safety Partners\" \/>\n<meta property=\"og:description\" content=\"Vitility-l\u00e4\u00e4keannostelijassa eli dosetissa l\u00e4\u00e4kkeet on helppo s\u00e4ilytt\u00e4\u00e4 jaettuna seitsem\u00e4lle viikonp\u00e4iv\u00e4lle, sek\u00e4 aamulle, p\u00e4iv\u00e4lle ja illalle.\" \/>\n<meta property=\"og:url\" content=\"https:\/\/safetypartners.fi\/kauppa\/tuote\/vitility-laakeannostelija\" \/>\n<meta property=\"og:site_name\" content=\"Safety Partners\" \/>\n<meta property=\"article:modified_time\" content=\"2026-02-26T10:46:59+00:00\" \/>\n<meta property=\"og:image\" content=\"https:\/\/safetypartners.fi\/kauppa\/wp-content\/uploads\/2024\/10\/Vitility-laakeannostelija_2.png\" \/>\n\t<meta property=\"og:image:width\" content=\"399\" \/>\n\t<meta property=\"og:image:height\" content=\"580\" \/>\n\t<meta property=\"og:image:type\" content=\"image\/png\" \/>\n<meta name=\"twitter:card\" content=\"summary_large_image\" \/>\n<meta name=\"twitter:label1\" content=\"Arvioitu lukuaika\" \/>\n\t<meta name=\"twitter:data1\" content=\"1 minuutti\" \/>\n<script type=\"application\/ld+json\" class=\"yoast-schema-graph\">{\"@context\":\"https:\\\/\\\/schema.org\",\"@graph\":[{\"@type\":\"WebPage\",\"@id\":\"https:\\\/\\\/safetypartners.fi\\\/kauppa\\\/tuote\\\/vitility-laakeannostelija\",\"url\":\"https:\\\/\\\/safetypartners.fi\\\/kauppa\\\/tuote\\\/vitility-laakeannostelija\",\"name\":\"Vitility-l\u00e4\u00e4keannostelija - Safety Partners\",\"isPartOf\":{\"@id\":\"https:\\\/\\\/safetypartners.fi\\\/kauppa\\\/#website\"},\"primaryImageOfPage\":{\"@id\":\"https:\\\/\\\/safetypartners.fi\\\/kauppa\\\/tuote\\\/vitility-laakeannostelija#primaryimage\"},\"image\":{\"@id\":\"https:\\\/\\\/safetypartners.fi\\\/kauppa\\\/tuote\\\/vitility-laakeannostelija#primaryimage\"},\"thumbnailUrl\":\"https:\\\/\\\/safetypartners.fi\\\/kauppa\\\/wp-content\\\/uploads\\\/2024\\\/10\\\/Vitility-laakeannostelija_2.png\",\"datePublished\":\"2024-10-22T07:46:42+00:00\",\"dateModified\":\"2026-02-26T10:46:59+00:00\",\"description\":\"Vitility-l\u00e4\u00e4keannostelijassa eli dosetissa l\u00e4\u00e4kkeet on helppo s\u00e4ilytt\u00e4\u00e4 jaettuna seitsem\u00e4lle viikonp\u00e4iv\u00e4lle, sek\u00e4 aamulle, p\u00e4iv\u00e4lle ja illalle.\",\"breadcrumb\":{\"@id\":\"https:\\\/\\\/safetypartners.fi\\\/kauppa\\\/tuote\\\/vitility-laakeannostelija#breadcrumb\"},\"inLanguage\":\"fi\",\"potentialAction\":[{\"@type\":\"ReadAction\",\"target\":[\"https:\\\/\\\/safetypartners.fi\\\/kauppa\\\/tuote\\\/vitility-laakeannostelija\"]}]},{\"@type\":\"ImageObject\",\"inLanguage\":\"fi\",\"@id\":\"https:\\\/\\\/safetypartners.fi\\\/kauppa\\\/tuote\\\/vitility-laakeannostelija#primaryimage\",\"url\":\"https:\\\/\\\/safetypartners.fi\\\/kauppa\\\/wp-content\\\/uploads\\\/2024\\\/10\\\/Vitility-laakeannostelija_2.png\",\"contentUrl\":\"https:\\\/\\\/safetypartners.fi\\\/kauppa\\\/wp-content\\\/uploads\\\/2024\\\/10\\\/Vitility-laakeannostelija_2.png\",\"width\":399,\"height\":580,\"caption\":\"Vitility-l\u00e4\u00e4keannostelija eli dosetti\"},{\"@type\":\"BreadcrumbList\",\"@id\":\"https:\\\/\\\/safetypartners.fi\\\/kauppa\\\/tuote\\\/vitility-laakeannostelija#breadcrumb\",\"itemListElement\":[{\"@type\":\"ListItem\",\"position\":1,\"name\":\"Home\",\"item\":\"https:\\\/\\\/safetypartners.fi\\\/kauppa\\\/\"},{\"@type\":\"ListItem\",\"position\":2,\"name\":\"Kauppa\",\"item\":\"https:\\\/\\\/safetypartners.fi\\\/kauppa\\\/kauppa\"},{\"@type\":\"ListItem\",\"position\":3,\"name\":\"Vitility-l\u00e4\u00e4keannostelija\"}]},{\"@type\":\"WebSite\",\"@id\":\"https:\\\/\\\/safetypartners.fi\\\/kauppa\\\/#website\",\"url\":\"https:\\\/\\\/safetypartners.fi\\\/kauppa\\\/\",\"name\":\"Safety Partners\",\"description\":\"Safety Partners turvakauppa palvelee verkossa 24\\\/7!\",\"publisher\":{\"@id\":\"https:\\\/\\\/safetypartners.fi\\\/kauppa\\\/#organization\"},\"potentialAction\":[{\"@type\":\"SearchAction\",\"target\":{\"@type\":\"EntryPoint\",\"urlTemplate\":\"https:\\\/\\\/safetypartners.fi\\\/kauppa\\\/?s={search_term_string}\"},\"query-input\":{\"@type\":\"PropertyValueSpecification\",\"valueRequired\":true,\"valueName\":\"search_term_string\"}}],\"inLanguage\":\"fi\"},{\"@type\":\"Organization\",\"@id\":\"https:\\\/\\\/safetypartners.fi\\\/kauppa\\\/#organization\",\"name\":\"Safety Partners | Suomen Sammutinpalvelu\",\"url\":\"https:\\\/\\\/safetypartners.fi\\\/kauppa\\\/\",\"logo\":{\"@type\":\"ImageObject\",\"inLanguage\":\"fi\",\"@id\":\"https:\\\/\\\/safetypartners.fi\\\/kauppa\\\/#\\\/schema\\\/logo\\\/image\\\/\",\"url\":\"https:\\\/\\\/safetypartners.fi\\\/kauppa\\\/wp-content\\\/uploads\\\/2020\\\/05\\\/cropped-Logoke-1.jpg\",\"contentUrl\":\"https:\\\/\\\/safetypartners.fi\\\/kauppa\\\/wp-content\\\/uploads\\\/2020\\\/05\\\/cropped-Logoke-1.jpg\",\"width\":847,\"height\":717,\"caption\":\"Safety Partners | Suomen Sammutinpalvelu\"},\"image\":{\"@id\":\"https:\\\/\\\/safetypartners.fi\\\/kauppa\\\/#\\\/schema\\\/logo\\\/image\\\/\"}}]}<\/script>\n<!-- \/ Yoast SEO plugin. -->","yoast_head_json":{"title":"Vitility-l\u00e4\u00e4keannostelija - Safety Partners","description":"Vitility-l\u00e4\u00e4keannostelijassa eli dosetissa l\u00e4\u00e4kkeet on helppo s\u00e4ilytt\u00e4\u00e4 jaettuna seitsem\u00e4lle viikonp\u00e4iv\u00e4lle, sek\u00e4 aamulle, p\u00e4iv\u00e4lle ja illalle.","robots":{"index":"index","follow":"follow","max-snippet":"max-snippet:-1","max-image-preview":"max-image-preview:large","max-video-preview":"max-video-preview:-1"},"canonical":"https:\/\/safetypartners.fi\/kauppa\/tuote\/vitility-laakeannostelija","og_locale":"fi_FI","og_type":"article","og_title":"Vitility-l\u00e4\u00e4keannostelija - Safety Partners","og_description":"Vitility-l\u00e4\u00e4keannostelijassa eli dosetissa l\u00e4\u00e4kkeet on helppo s\u00e4ilytt\u00e4\u00e4 jaettuna seitsem\u00e4lle viikonp\u00e4iv\u00e4lle, sek\u00e4 aamulle, p\u00e4iv\u00e4lle ja illalle.","og_url":"https:\/\/safetypartners.fi\/kauppa\/tuote\/vitility-laakeannostelija","og_site_name":"Safety Partners","article_modified_time":"2026-02-26T10:46:59+00:00","og_image":[{"width":399,"height":580,"url":"https:\/\/safetypartners.fi\/kauppa\/wp-content\/uploads\/2024\/10\/Vitility-laakeannostelija_2.png","type":"image\/png"}],"twitter_card":"summary_large_image","twitter_misc":{"Arvioitu lukuaika":"1 minuutti"},"schema":{"@context":"https:\/\/schema.org","@graph":[{"@type":"WebPage","@id":"https:\/\/safetypartners.fi\/kauppa\/tuote\/vitility-laakeannostelija","url":"https:\/\/safetypartners.fi\/kauppa\/tuote\/vitility-laakeannostelija","name":"Vitility-l\u00e4\u00e4keannostelija - Safety Partners","isPartOf":{"@id":"https:\/\/safetypartners.fi\/kauppa\/#website"},"primaryImageOfPage":{"@id":"https:\/\/safetypartners.fi\/kauppa\/tuote\/vitility-laakeannostelija#primaryimage"},"image":{"@id":"https:\/\/safetypartners.fi\/kauppa\/tuote\/vitility-laakeannostelija#primaryimage"},"thumbnailUrl":"https:\/\/safetypartners.fi\/kauppa\/wp-content\/uploads\/2024\/10\/Vitility-laakeannostelija_2.png","datePublished":"2024-10-22T07:46:42+00:00","dateModified":"2026-02-26T10:46:59+00:00","description":"Vitility-l\u00e4\u00e4keannostelijassa eli dosetissa l\u00e4\u00e4kkeet on helppo s\u00e4ilytt\u00e4\u00e4 jaettuna seitsem\u00e4lle viikonp\u00e4iv\u00e4lle, sek\u00e4 aamulle, p\u00e4iv\u00e4lle ja illalle.","breadcrumb":{"@id":"https:\/\/safetypartners.fi\/kauppa\/tuote\/vitility-laakeannostelija#breadcrumb"},"inLanguage":"fi","potentialAction":[{"@type":"ReadAction","target":["https:\/\/safetypartners.fi\/kauppa\/tuote\/vitility-laakeannostelija"]}]},{"@type":"ImageObject","inLanguage":"fi","@id":"https:\/\/safetypartners.fi\/kauppa\/tuote\/vitility-laakeannostelija#primaryimage","url":"https:\/\/safetypartners.fi\/kauppa\/wp-content\/uploads\/2024\/10\/Vitility-laakeannostelija_2.png","contentUrl":"https:\/\/safetypartners.fi\/kauppa\/wp-content\/uploads\/2024\/10\/Vitility-laakeannostelija_2.png","width":399,"height":580,"caption":"Vitility-l\u00e4\u00e4keannostelija eli dosetti"},{"@type":"BreadcrumbList","@id":"https:\/\/safetypartners.fi\/kauppa\/tuote\/vitility-laakeannostelija#breadcrumb","itemListElement":[{"@type":"ListItem","position":1,"name":"Home","item":"https:\/\/safetypartners.fi\/kauppa\/"},{"@type":"ListItem","position":2,"name":"Kauppa","item":"https:\/\/safetypartners.fi\/kauppa\/kauppa"},{"@type":"ListItem","position":3,"name":"Vitility-l\u00e4\u00e4keannostelija"}]},{"@type":"WebSite","@id":"https:\/\/safetypartners.fi\/kauppa\/#website","url":"https:\/\/safetypartners.fi\/kauppa\/","name":"Safety Partners","description":"Safety Partners turvakauppa palvelee verkossa 24\/7!","publisher":{"@id":"https:\/\/safetypartners.fi\/kauppa\/#organization"},"potentialAction":[{"@type":"SearchAction","target":{"@type":"EntryPoint","urlTemplate":"https:\/\/safetypartners.fi\/kauppa\/?s={search_term_string}"},"query-input":{"@type":"PropertyValueSpecification","valueRequired":true,"valueName":"search_term_string"}}],"inLanguage":"fi"},{"@type":"Organization","@id":"https:\/\/safetypartners.fi\/kauppa\/#organization","name":"Safety Partners | Suomen Sammutinpalvelu","url":"https:\/\/safetypartners.fi\/kauppa\/","logo":{"@type":"ImageObject","inLanguage":"fi","@id":"https:\/\/safetypartners.fi\/kauppa\/#\/schema\/logo\/image\/","url":"https:\/\/safetypartners.fi\/kauppa\/wp-content\/uploads\/2020\/05\/cropped-Logoke-1.jpg","contentUrl":"https:\/\/safetypartners.fi\/kauppa\/wp-content\/uploads\/2020\/05\/cropped-Logoke-1.jpg","width":847,"height":717,"caption":"Safety Partners | Suomen Sammutinpalvelu"},"image":{"@id":"https:\/\/safetypartners.fi\/kauppa\/#\/schema\/logo\/image\/"}}]}},"uagb_featured_image_src":{"full":["https:\/\/safetypartners.fi\/kauppa\/wp-content\/uploads\/2024\/10\/Vitility-laakeannostelija_2.png",399,580,false],"thumbnail":["https:\/\/safetypartners.fi\/kauppa\/wp-content\/uploads\/2024\/10\/Vitility-laakeannostelija_2-150x150.png",150,150,true],"medium":["https:\/\/safetypartners.fi\/kauppa\/wp-content\/uploads\/2024\/10\/Vitility-laakeannostelija_2-206x300.png",206,300,true],"medium_large":["https:\/\/safetypartners.fi\/kauppa\/wp-content\/uploads\/2024\/10\/Vitility-laakeannostelija_2.png",399,580,false],"large":["https:\/\/safetypartners.fi\/kauppa\/wp-content\/uploads\/2024\/10\/Vitility-laakeannostelija_2.png",399,580,false],"1536x1536":["https:\/\/safetypartners.fi\/kauppa\/wp-content\/uploads\/2024\/10\/Vitility-laakeannostelija_2.png",399,580,false],"2048x2048":["https:\/\/safetypartners.fi\/kauppa\/wp-content\/uploads\/2024\/10\/Vitility-laakeannostelija_2.png",399,580,false],"woocommerce_thumbnail":["https:\/\/safetypartners.fi\/kauppa\/wp-content\/uploads\/2024\/10\/Vitility-laakeannostelija_2-300x300.png",300,300,true],"woocommerce_single":["https:\/\/safetypartners.fi\/kauppa\/wp-content\/uploads\/2024\/10\/Vitility-laakeannostelija_2.png",399,580,false],"woocommerce_gallery_thumbnail":["https:\/\/safetypartners.fi\/kauppa\/wp-content\/uploads\/2024\/10\/Vitility-laakeannostelija_2-100x100.png",100,100,true]},"uagb_author_info":{"display_name":"Anu Lehto","author_link":"https:\/\/safetypartners.fi\/kauppa\/author"},"uagb_comment_info":0,"uagb_excerpt":"Vitility-l\u00e4\u00e4keannostelijassa eli dosetissa l\u00e4\u00e4kkeet on helppo s\u00e4ilytt\u00e4\u00e4 jaettuna seitsem\u00e4lle viikonp\u00e4iv\u00e4lle. Lis\u00e4ksi voidaan lokeroittain erotella aamuisin, p\u00e4ivisin, iltaisin tai \u00f6isin otettavat l\u00e4\u00e4kkeet. N\u00e4in tabletit on helppo s\u00e4ilytt\u00e4\u00e4 toisistaan erill\u00e4\u00e4n ja niiden muistaminen p\u00e4ivitt\u00e4in on tarkistettavissa.","_links":{"self":[{"href":"https:\/\/safetypartners.fi\/kauppa\/wp-json\/wp\/v2\/product\/2178","targetHints":{"allow":["GET"]}}],"collection":[{"href":"https:\/\/safetypartners.fi\/kauppa\/wp-json\/wp\/v2\/product"}],"about":[{"href":"https:\/\/safetypartners.fi\/kauppa\/wp-json\/wp\/v2\/types\/product"}],"replies":[{"embeddable":true,"href":"https:\/\/safetypartners.fi\/kauppa\/wp-json\/wp\/v2\/comments?post=2178"}],"version-history":[{"count":3,"href":"https:\/\/safetypartners.fi\/kauppa\/wp-json\/wp\/v2\/product\/2178\/revisions"}],"predecessor-version":[{"id":2732,"href":"https:\/\/safetypartners.fi\/kauppa\/wp-json\/wp\/v2\/product\/2178\/revisions\/2732"}],"wp:featuredmedia":[{"embeddable":true,"href":"https:\/\/safetypartners.fi\/kauppa\/wp-json\/wp\/v2\/media\/2179"}],"wp:attachment":[{"href":"https:\/\/safetypartners.fi\/kauppa\/wp-json\/wp\/v2\/media?parent=2178"}],"wp:term":[{"taxonomy":"product_brand","embeddable":true,"href":"https:\/\/safetypartners.fi\/kauppa\/wp-json\/wp\/v2\/product_brand?post=2178"},{"taxonomy":"product_cat","embeddable":true,"href":"https:\/\/safetypartners.fi\/kauppa\/wp-json\/wp\/v2\/product_cat?post=2178"},{"taxonomy":"product_tag","embeddable":true,"href":"https:\/\/safetypartners.fi\/kauppa\/wp-json\/wp\/v2\/product_tag?post=2178"}],"curies":[{"name":"wp","href":"https:\/\/api.w.org\/{rel}","templated":true}]}}