{"id":2199,"date":"2024-10-22T13:50:48","date_gmt":"2024-10-22T10:50:48","guid":{"rendered":"https:\/\/safetypartners.fi\/kauppa\/?post_type=product&#038;p=2199"},"modified":"2025-11-03T13:29:56","modified_gmt":"2025-11-03T11:29:56","slug":"itsekiinnittyva-tukiside-coban","status":"publish","type":"product","link":"https:\/\/safetypartners.fi\/kauppa\/tuote\/itsekiinnittyva-tukiside-coban","title":{"rendered":"Itsekiinnittyv\u00e4 tukiside, Coban"},"content":{"rendered":"<ul>\n<li>7,5 cm x 4,5 m joustoside<\/li>\n<li><span id=\"ctl00_DefaultPlaceholder_m_product_m_longDescription\">materiaali: polyesterikuitu, lateksi, polyuretaanilanka<\/span><\/li>\n<li><span id=\"ctl00_DefaultPlaceholder_m_product_m_longDescription\">kompressiosidontaan, tuentaan sek\u00e4 varsinaisen siteen suojaamiseen ja kiinnitykseen<\/span><\/li>\n<\/ul>\n","protected":false},"excerpt":{"rendered":"<p><span id=\"ctl00_DefaultPlaceholder_m_product_m_longDescription\"><strong>Coban itsekiinnittyv\u00e4 joustoside<\/strong> on steriili, joustava ja mukautuva itseens\u00e4 kiinnittyv\u00e4 side. Tukiside kiinnittyy omaan materiaaliinsa, eik\u00e4 tartu kiinni ihoon tai ihokarvoihin. T\u00e4m\u00e4 tekee sidoksesta huokoisen, hengitt\u00e4v\u00e4n ja siten potilaalle mukavan. <\/span><\/p>\n<p><span id=\"ctl00_DefaultPlaceholder_m_product_m_longDescription\">Ruskean sidoksen materiaalit ovat polyesterikuitu ja lateksi, polyuretaanilanka. Tukisidett\u00e4 k\u00e4ytet\u00e4\u00e4n kompressiosidontaan, tuentaan ja varsinaisen siteen suojaamiseen sek\u00e4 kiinnitykseen.<\/span><\/p>\n","protected":false},"featured_media":2200,"comment_status":"open","ping_status":"closed","template":"","meta":{"_uag_custom_page_level_css":"","site-sidebar-layout":"default","site-content-layout":"","ast-site-content-layout":"default","site-content-style":"default","site-sidebar-style":"default","ast-global-header-display":"","ast-banner-title-visibility":"","ast-main-header-display":"","ast-hfb-above-header-display":"","ast-hfb-below-header-display":"","ast-hfb-mobile-header-display":"","site-post-title":"","ast-breadcrumbs-content":"","ast-featured-img":"","footer-sml-layout":"","ast-disable-related-posts":"","theme-transparent-header-meta":"default","adv-header-id-meta":"","stick-header-meta":"default","header-above-stick-meta":"","header-main-stick-meta":"","header-below-stick-meta":"","astra-migrate-meta-layouts":"set","ast-page-background-enabled":"default","ast-page-background-meta":{"desktop":{"background-color":"","background-image":"","background-repeat":"repeat","background-position":"center center","background-size":"auto","background-attachment":"scroll","background-type":"","background-media":"","overlay-type":"","overlay-color":"","overlay-opacity":"","overlay-gradient":""},"tablet":{"background-color":"","background-image":"","background-repeat":"repeat","background-position":"center center","background-size":"auto","background-attachment":"scroll","background-type":"","background-media":"","overlay-type":"","overlay-color":"","overlay-opacity":"","overlay-gradient":""},"mobile":{"background-color":"","background-image":"","background-repeat":"repeat","background-position":"center center","background-size":"auto","background-attachment":"scroll","background-type":"","background-media":"","overlay-type":"","overlay-color":"","overlay-opacity":"","overlay-gradient":""}},"ast-content-background-meta":{"desktop":{"background-color":"var(--ast-global-color-5)","background-image":"","background-repeat":"repeat","background-position":"center center","background-size":"auto","background-attachment":"scroll","background-type":"","background-media":"","overlay-type":"","overlay-color":"","overlay-opacity":"","overlay-gradient":""},"tablet":{"background-color":"var(--ast-global-color-5)","background-image":"","background-repeat":"repeat","background-position":"center center","background-size":"auto","background-attachment":"scroll","background-type":"","background-media":"","overlay-type":"","overlay-color":"","overlay-opacity":"","overlay-gradient":""},"mobile":{"background-color":"var(--ast-global-color-5)","background-image":"","background-repeat":"repeat","background-position":"center center","background-size":"auto","background-attachment":"scroll","background-type":"","background-media":"","overlay-type":"","overlay-color":"","overlay-opacity":"","overlay-gradient":""}}},"product_brand":[],"product_cat":[42,15],"product_tag":[862,185,861,865,866,864,782,863],"class_list":{"0":"post-2199","1":"product","2":"type-product","3":"status-publish","4":"has-post-thumbnail","6":"product_cat-ensiapu","7":"product_cat-yleinen","8":"product_tag-coban","9":"product_tag-itsekiinnittyva","10":"product_tag-itsekiinnittyva-joustoside","11":"product_tag-joustava","12":"product_tag-ruskea","13":"product_tag-sidos","14":"product_tag-steriili","15":"product_tag-tukiside","16":"product_shipping_class-suomi","17":"desktop-align-center","18":"tablet-align-center","19":"mobile-align-center","20":"ast-product-gallery-layout-horizontal-slider","21":"ast-product-single-variable","22":"ast-product-tabs-layout-horizontal","24":"first","25":"instock","26":"taxable","27":"shipping-taxable","28":"purchasable","29":"product-type-variable"},"yoast_head":"<!-- This site is optimized with the Yoast SEO plugin v27.3 - https:\/\/yoast.com\/product\/yoast-seo-wordpress\/ -->\n<title>Itsekiinnittyv\u00e4 tukiside, Coban - Safety Partners<\/title>\n<meta name=\"description\" content=\"Itsekiinnittyv\u00e4 tukiside kiinnittyy omaan materiaaliinsa, eik\u00e4 tartu kiinni ihoon tai ihokarvoihin. Steriili, joustava ja mukautuva sidos.\" \/>\n<meta name=\"robots\" content=\"index, follow, max-snippet:-1, max-image-preview:large, max-video-preview:-1\" \/>\n<link rel=\"canonical\" href=\"https:\/\/safetypartners.fi\/kauppa\/tuote\/itsekiinnittyva-tukiside-coban\" \/>\n<meta property=\"og:locale\" content=\"fi_FI\" \/>\n<meta property=\"og:type\" content=\"article\" \/>\n<meta property=\"og:title\" content=\"Itsekiinnittyv\u00e4 tukiside, Coban - Safety Partners\" \/>\n<meta property=\"og:description\" content=\"Itsekiinnittyv\u00e4 tukiside kiinnittyy omaan materiaaliinsa, eik\u00e4 tartu kiinni ihoon tai ihokarvoihin. Steriili, joustava ja mukautuva sidos.\" \/>\n<meta property=\"og:url\" content=\"https:\/\/safetypartners.fi\/kauppa\/tuote\/itsekiinnittyva-tukiside-coban\" \/>\n<meta property=\"og:site_name\" content=\"Safety Partners\" \/>\n<meta property=\"article:modified_time\" content=\"2025-11-03T11:29:56+00:00\" \/>\n<meta property=\"og:image\" content=\"https:\/\/safetypartners.fi\/kauppa\/wp-content\/uploads\/2024\/10\/Coban-itsekiinnittyva-side.jpg\" \/>\n\t<meta property=\"og:image:width\" content=\"500\" \/>\n\t<meta property=\"og:image:height\" content=\"500\" \/>\n\t<meta property=\"og:image:type\" content=\"image\/jpeg\" \/>\n<meta name=\"twitter:card\" content=\"summary_large_image\" \/>\n<meta name=\"twitter:label1\" content=\"Arvioitu lukuaika\" \/>\n\t<meta name=\"twitter:data1\" content=\"1 minuutti\" \/>\n<script type=\"application\/ld+json\" class=\"yoast-schema-graph\">{\"@context\":\"https:\\\/\\\/schema.org\",\"@graph\":[{\"@type\":\"WebPage\",\"@id\":\"https:\\\/\\\/safetypartners.fi\\\/kauppa\\\/tuote\\\/itsekiinnittyva-tukiside-coban\",\"url\":\"https:\\\/\\\/safetypartners.fi\\\/kauppa\\\/tuote\\\/itsekiinnittyva-tukiside-coban\",\"name\":\"Itsekiinnittyv\u00e4 tukiside, Coban - Safety Partners\",\"isPartOf\":{\"@id\":\"https:\\\/\\\/safetypartners.fi\\\/kauppa\\\/#website\"},\"primaryImageOfPage\":{\"@id\":\"https:\\\/\\\/safetypartners.fi\\\/kauppa\\\/tuote\\\/itsekiinnittyva-tukiside-coban#primaryimage\"},\"image\":{\"@id\":\"https:\\\/\\\/safetypartners.fi\\\/kauppa\\\/tuote\\\/itsekiinnittyva-tukiside-coban#primaryimage\"},\"thumbnailUrl\":\"https:\\\/\\\/safetypartners.fi\\\/kauppa\\\/wp-content\\\/uploads\\\/2024\\\/10\\\/Coban-itsekiinnittyva-side.jpg\",\"datePublished\":\"2024-10-22T10:50:48+00:00\",\"dateModified\":\"2025-11-03T11:29:56+00:00\",\"description\":\"Itsekiinnittyv\u00e4 tukiside kiinnittyy omaan materiaaliinsa, eik\u00e4 tartu kiinni ihoon tai ihokarvoihin. Steriili, joustava ja mukautuva sidos.\",\"breadcrumb\":{\"@id\":\"https:\\\/\\\/safetypartners.fi\\\/kauppa\\\/tuote\\\/itsekiinnittyva-tukiside-coban#breadcrumb\"},\"inLanguage\":\"fi\",\"potentialAction\":[{\"@type\":\"ReadAction\",\"target\":[\"https:\\\/\\\/safetypartners.fi\\\/kauppa\\\/tuote\\\/itsekiinnittyva-tukiside-coban\"]}]},{\"@type\":\"ImageObject\",\"inLanguage\":\"fi\",\"@id\":\"https:\\\/\\\/safetypartners.fi\\\/kauppa\\\/tuote\\\/itsekiinnittyva-tukiside-coban#primaryimage\",\"url\":\"https:\\\/\\\/safetypartners.fi\\\/kauppa\\\/wp-content\\\/uploads\\\/2024\\\/10\\\/Coban-itsekiinnittyva-side.jpg\",\"contentUrl\":\"https:\\\/\\\/safetypartners.fi\\\/kauppa\\\/wp-content\\\/uploads\\\/2024\\\/10\\\/Coban-itsekiinnittyva-side.jpg\",\"width\":500,\"height\":500,\"caption\":\"Coban itsekiinnittyv\u00e4 tukiside\"},{\"@type\":\"BreadcrumbList\",\"@id\":\"https:\\\/\\\/safetypartners.fi\\\/kauppa\\\/tuote\\\/itsekiinnittyva-tukiside-coban#breadcrumb\",\"itemListElement\":[{\"@type\":\"ListItem\",\"position\":1,\"name\":\"Home\",\"item\":\"https:\\\/\\\/safetypartners.fi\\\/kauppa\\\/\"},{\"@type\":\"ListItem\",\"position\":2,\"name\":\"Kauppa\",\"item\":\"https:\\\/\\\/safetypartners.fi\\\/kauppa\\\/kauppa\"},{\"@type\":\"ListItem\",\"position\":3,\"name\":\"Itsekiinnittyv\u00e4 tukiside, Coban\"}]},{\"@type\":\"WebSite\",\"@id\":\"https:\\\/\\\/safetypartners.fi\\\/kauppa\\\/#website\",\"url\":\"https:\\\/\\\/safetypartners.fi\\\/kauppa\\\/\",\"name\":\"Safety Partners\",\"description\":\"Safety Partners turvakauppa palvelee verkossa 24\\\/7!\",\"publisher\":{\"@id\":\"https:\\\/\\\/safetypartners.fi\\\/kauppa\\\/#organization\"},\"potentialAction\":[{\"@type\":\"SearchAction\",\"target\":{\"@type\":\"EntryPoint\",\"urlTemplate\":\"https:\\\/\\\/safetypartners.fi\\\/kauppa\\\/?s={search_term_string}\"},\"query-input\":{\"@type\":\"PropertyValueSpecification\",\"valueRequired\":true,\"valueName\":\"search_term_string\"}}],\"inLanguage\":\"fi\"},{\"@type\":\"Organization\",\"@id\":\"https:\\\/\\\/safetypartners.fi\\\/kauppa\\\/#organization\",\"name\":\"Safety Partners | Suomen Sammutinpalvelu\",\"url\":\"https:\\\/\\\/safetypartners.fi\\\/kauppa\\\/\",\"logo\":{\"@type\":\"ImageObject\",\"inLanguage\":\"fi\",\"@id\":\"https:\\\/\\\/safetypartners.fi\\\/kauppa\\\/#\\\/schema\\\/logo\\\/image\\\/\",\"url\":\"https:\\\/\\\/safetypartners.fi\\\/kauppa\\\/wp-content\\\/uploads\\\/2020\\\/05\\\/cropped-Logoke-1.jpg\",\"contentUrl\":\"https:\\\/\\\/safetypartners.fi\\\/kauppa\\\/wp-content\\\/uploads\\\/2020\\\/05\\\/cropped-Logoke-1.jpg\",\"width\":847,\"height\":717,\"caption\":\"Safety Partners | Suomen Sammutinpalvelu\"},\"image\":{\"@id\":\"https:\\\/\\\/safetypartners.fi\\\/kauppa\\\/#\\\/schema\\\/logo\\\/image\\\/\"}}]}<\/script>\n<!-- \/ Yoast SEO plugin. -->","yoast_head_json":{"title":"Itsekiinnittyv\u00e4 tukiside, Coban - Safety Partners","description":"Itsekiinnittyv\u00e4 tukiside kiinnittyy omaan materiaaliinsa, eik\u00e4 tartu kiinni ihoon tai ihokarvoihin. Steriili, joustava ja mukautuva sidos.","robots":{"index":"index","follow":"follow","max-snippet":"max-snippet:-1","max-image-preview":"max-image-preview:large","max-video-preview":"max-video-preview:-1"},"canonical":"https:\/\/safetypartners.fi\/kauppa\/tuote\/itsekiinnittyva-tukiside-coban","og_locale":"fi_FI","og_type":"article","og_title":"Itsekiinnittyv\u00e4 tukiside, Coban - Safety Partners","og_description":"Itsekiinnittyv\u00e4 tukiside kiinnittyy omaan materiaaliinsa, eik\u00e4 tartu kiinni ihoon tai ihokarvoihin. Steriili, joustava ja mukautuva sidos.","og_url":"https:\/\/safetypartners.fi\/kauppa\/tuote\/itsekiinnittyva-tukiside-coban","og_site_name":"Safety Partners","article_modified_time":"2025-11-03T11:29:56+00:00","og_image":[{"width":500,"height":500,"url":"https:\/\/safetypartners.fi\/kauppa\/wp-content\/uploads\/2024\/10\/Coban-itsekiinnittyva-side.jpg","type":"image\/jpeg"}],"twitter_card":"summary_large_image","twitter_misc":{"Arvioitu lukuaika":"1 minuutti"},"schema":{"@context":"https:\/\/schema.org","@graph":[{"@type":"WebPage","@id":"https:\/\/safetypartners.fi\/kauppa\/tuote\/itsekiinnittyva-tukiside-coban","url":"https:\/\/safetypartners.fi\/kauppa\/tuote\/itsekiinnittyva-tukiside-coban","name":"Itsekiinnittyv\u00e4 tukiside, Coban - Safety Partners","isPartOf":{"@id":"https:\/\/safetypartners.fi\/kauppa\/#website"},"primaryImageOfPage":{"@id":"https:\/\/safetypartners.fi\/kauppa\/tuote\/itsekiinnittyva-tukiside-coban#primaryimage"},"image":{"@id":"https:\/\/safetypartners.fi\/kauppa\/tuote\/itsekiinnittyva-tukiside-coban#primaryimage"},"thumbnailUrl":"https:\/\/safetypartners.fi\/kauppa\/wp-content\/uploads\/2024\/10\/Coban-itsekiinnittyva-side.jpg","datePublished":"2024-10-22T10:50:48+00:00","dateModified":"2025-11-03T11:29:56+00:00","description":"Itsekiinnittyv\u00e4 tukiside kiinnittyy omaan materiaaliinsa, eik\u00e4 tartu kiinni ihoon tai ihokarvoihin. Steriili, joustava ja mukautuva sidos.","breadcrumb":{"@id":"https:\/\/safetypartners.fi\/kauppa\/tuote\/itsekiinnittyva-tukiside-coban#breadcrumb"},"inLanguage":"fi","potentialAction":[{"@type":"ReadAction","target":["https:\/\/safetypartners.fi\/kauppa\/tuote\/itsekiinnittyva-tukiside-coban"]}]},{"@type":"ImageObject","inLanguage":"fi","@id":"https:\/\/safetypartners.fi\/kauppa\/tuote\/itsekiinnittyva-tukiside-coban#primaryimage","url":"https:\/\/safetypartners.fi\/kauppa\/wp-content\/uploads\/2024\/10\/Coban-itsekiinnittyva-side.jpg","contentUrl":"https:\/\/safetypartners.fi\/kauppa\/wp-content\/uploads\/2024\/10\/Coban-itsekiinnittyva-side.jpg","width":500,"height":500,"caption":"Coban itsekiinnittyv\u00e4 tukiside"},{"@type":"BreadcrumbList","@id":"https:\/\/safetypartners.fi\/kauppa\/tuote\/itsekiinnittyva-tukiside-coban#breadcrumb","itemListElement":[{"@type":"ListItem","position":1,"name":"Home","item":"https:\/\/safetypartners.fi\/kauppa\/"},{"@type":"ListItem","position":2,"name":"Kauppa","item":"https:\/\/safetypartners.fi\/kauppa\/kauppa"},{"@type":"ListItem","position":3,"name":"Itsekiinnittyv\u00e4 tukiside, Coban"}]},{"@type":"WebSite","@id":"https:\/\/safetypartners.fi\/kauppa\/#website","url":"https:\/\/safetypartners.fi\/kauppa\/","name":"Safety Partners","description":"Safety Partners turvakauppa palvelee verkossa 24\/7!","publisher":{"@id":"https:\/\/safetypartners.fi\/kauppa\/#organization"},"potentialAction":[{"@type":"SearchAction","target":{"@type":"EntryPoint","urlTemplate":"https:\/\/safetypartners.fi\/kauppa\/?s={search_term_string}"},"query-input":{"@type":"PropertyValueSpecification","valueRequired":true,"valueName":"search_term_string"}}],"inLanguage":"fi"},{"@type":"Organization","@id":"https:\/\/safetypartners.fi\/kauppa\/#organization","name":"Safety Partners | Suomen Sammutinpalvelu","url":"https:\/\/safetypartners.fi\/kauppa\/","logo":{"@type":"ImageObject","inLanguage":"fi","@id":"https:\/\/safetypartners.fi\/kauppa\/#\/schema\/logo\/image\/","url":"https:\/\/safetypartners.fi\/kauppa\/wp-content\/uploads\/2020\/05\/cropped-Logoke-1.jpg","contentUrl":"https:\/\/safetypartners.fi\/kauppa\/wp-content\/uploads\/2020\/05\/cropped-Logoke-1.jpg","width":847,"height":717,"caption":"Safety Partners | Suomen Sammutinpalvelu"},"image":{"@id":"https:\/\/safetypartners.fi\/kauppa\/#\/schema\/logo\/image\/"}}]}},"uagb_featured_image_src":{"full":["https:\/\/safetypartners.fi\/kauppa\/wp-content\/uploads\/2024\/10\/Coban-itsekiinnittyva-side.jpg",500,500,false],"thumbnail":["https:\/\/safetypartners.fi\/kauppa\/wp-content\/uploads\/2024\/10\/Coban-itsekiinnittyva-side-150x150.jpg",150,150,true],"medium":["https:\/\/safetypartners.fi\/kauppa\/wp-content\/uploads\/2024\/10\/Coban-itsekiinnittyva-side-300x300.jpg",300,300,true],"medium_large":["https:\/\/safetypartners.fi\/kauppa\/wp-content\/uploads\/2024\/10\/Coban-itsekiinnittyva-side.jpg",500,500,false],"large":["https:\/\/safetypartners.fi\/kauppa\/wp-content\/uploads\/2024\/10\/Coban-itsekiinnittyva-side.jpg",500,500,false],"1536x1536":["https:\/\/safetypartners.fi\/kauppa\/wp-content\/uploads\/2024\/10\/Coban-itsekiinnittyva-side.jpg",500,500,false],"2048x2048":["https:\/\/safetypartners.fi\/kauppa\/wp-content\/uploads\/2024\/10\/Coban-itsekiinnittyva-side.jpg",500,500,false],"woocommerce_thumbnail":["https:\/\/safetypartners.fi\/kauppa\/wp-content\/uploads\/2024\/10\/Coban-itsekiinnittyva-side-300x300.jpg",300,300,true],"woocommerce_single":["https:\/\/safetypartners.fi\/kauppa\/wp-content\/uploads\/2024\/10\/Coban-itsekiinnittyva-side.jpg",500,500,false],"woocommerce_gallery_thumbnail":["https:\/\/safetypartners.fi\/kauppa\/wp-content\/uploads\/2024\/10\/Coban-itsekiinnittyva-side-100x100.jpg",100,100,true]},"uagb_author_info":{"display_name":"Anu Lehto","author_link":"https:\/\/safetypartners.fi\/kauppa\/author"},"uagb_comment_info":0,"uagb_excerpt":"Coban itsekiinnittyv\u00e4 joustoside on steriili, joustava ja mukautuva itseens\u00e4 kiinnittyv\u00e4 side. Tukiside kiinnittyy omaan materiaaliinsa, eik\u00e4 tartu kiinni ihoon tai ihokarvoihin. T\u00e4m\u00e4 tekee sidoksesta huokoisen, hengitt\u00e4v\u00e4n ja siten potilaalle mukavan. Ruskean sidoksen materiaalit ovat polyesterikuitu ja lateksi, polyuretaanilanka. Tukisidett\u00e4 k\u00e4ytet\u00e4\u00e4n kompressiosidontaan, tuentaan ja varsinaisen siteen suojaamiseen sek\u00e4 kiinnitykseen.","_links":{"self":[{"href":"https:\/\/safetypartners.fi\/kauppa\/wp-json\/wp\/v2\/product\/2199","targetHints":{"allow":["GET"]}}],"collection":[{"href":"https:\/\/safetypartners.fi\/kauppa\/wp-json\/wp\/v2\/product"}],"about":[{"href":"https:\/\/safetypartners.fi\/kauppa\/wp-json\/wp\/v2\/types\/product"}],"replies":[{"embeddable":true,"href":"https:\/\/safetypartners.fi\/kauppa\/wp-json\/wp\/v2\/comments?post=2199"}],"version-history":[{"count":2,"href":"https:\/\/safetypartners.fi\/kauppa\/wp-json\/wp\/v2\/product\/2199\/revisions"}],"predecessor-version":[{"id":3098,"href":"https:\/\/safetypartners.fi\/kauppa\/wp-json\/wp\/v2\/product\/2199\/revisions\/3098"}],"wp:featuredmedia":[{"embeddable":true,"href":"https:\/\/safetypartners.fi\/kauppa\/wp-json\/wp\/v2\/media\/2200"}],"wp:attachment":[{"href":"https:\/\/safetypartners.fi\/kauppa\/wp-json\/wp\/v2\/media?parent=2199"}],"wp:term":[{"taxonomy":"product_brand","embeddable":true,"href":"https:\/\/safetypartners.fi\/kauppa\/wp-json\/wp\/v2\/product_brand?post=2199"},{"taxonomy":"product_cat","embeddable":true,"href":"https:\/\/safetypartners.fi\/kauppa\/wp-json\/wp\/v2\/product_cat?post=2199"},{"taxonomy":"product_tag","embeddable":true,"href":"https:\/\/safetypartners.fi\/kauppa\/wp-json\/wp\/v2\/product_tag?post=2199"}],"curies":[{"name":"wp","href":"https:\/\/api.w.org\/{rel}","templated":true}]}}