{"id":2237,"date":"2024-10-24T14:06:50","date_gmt":"2024-10-24T11:06:50","guid":{"rendered":"https:\/\/safetypartners.fi\/kauppa\/?post_type=product&#038;p=2237"},"modified":"2025-04-30T13:22:07","modified_gmt":"2025-04-30T10:22:07","slug":"lapilenkkikettinki-8-x-1500-mm","status":"publish","type":"product","link":"https:\/\/safetypartners.fi\/kauppa\/tuote\/lapilenkkikettinki-8-x-1500-mm","title":{"rendered":"L\u00e4pilenkkikettinki 8 x 1500 mm"},"content":{"rendered":"<p>N\u00e4pp\u00e4r\u00e4 lukituskettinki ajoneuvojen ja laitteiden lukitsemiseen.<\/p>\n<ul>\n<li>pituus: 150 cm<\/li>\n<li>ainevahvuus: 8 mm<\/li>\n<li>l\u00e4pilenkin ulkohalkaisija: 80 mm<\/li>\n<\/ul>\n","protected":false},"excerpt":{"rendered":"<p><strong>Karkaistusta ter\u00e4ksest\u00e4 valmistettu l\u00e4pilenkkikettinki<\/strong> toimii k\u00e4tev\u00e4n\u00e4 lukituskettinkin\u00e4 veneiden, pienkoneiden, skoottereiden ja moottoripy\u00f6rien lukitsemisessa.<\/p>\n","protected":false},"featured_media":2238,"comment_status":"open","ping_status":"closed","template":"","meta":{"_uag_custom_page_level_css":"","site-sidebar-layout":"default","site-content-layout":"","ast-site-content-layout":"default","site-content-style":"default","site-sidebar-style":"default","ast-global-header-display":"","ast-banner-title-visibility":"","ast-main-header-display":"","ast-hfb-above-header-display":"","ast-hfb-below-header-display":"","ast-hfb-mobile-header-display":"","site-post-title":"","ast-breadcrumbs-content":"","ast-featured-img":"","footer-sml-layout":"","ast-disable-related-posts":"","theme-transparent-header-meta":"default","adv-header-id-meta":"","stick-header-meta":"default","header-above-stick-meta":"","header-main-stick-meta":"","header-below-stick-meta":"","astra-migrate-meta-layouts":"set","ast-page-background-enabled":"default","ast-page-background-meta":{"desktop":{"background-color":"","background-image":"","background-repeat":"repeat","background-position":"center center","background-size":"auto","background-attachment":"scroll","background-type":"","background-media":"","overlay-type":"","overlay-color":"","overlay-opacity":"","overlay-gradient":""},"tablet":{"background-color":"","background-image":"","background-repeat":"repeat","background-position":"center center","background-size":"auto","background-attachment":"scroll","background-type":"","background-media":"","overlay-type":"","overlay-color":"","overlay-opacity":"","overlay-gradient":""},"mobile":{"background-color":"","background-image":"","background-repeat":"repeat","background-position":"center center","background-size":"auto","background-attachment":"scroll","background-type":"","background-media":"","overlay-type":"","overlay-color":"","overlay-opacity":"","overlay-gradient":""}},"ast-content-background-meta":{"desktop":{"background-color":"var(--ast-global-color-5)","background-image":"","background-repeat":"repeat","background-position":"center center","background-size":"auto","background-attachment":"scroll","background-type":"","background-media":"","overlay-type":"","overlay-color":"","overlay-opacity":"","overlay-gradient":""},"tablet":{"background-color":"var(--ast-global-color-5)","background-image":"","background-repeat":"repeat","background-position":"center center","background-size":"auto","background-attachment":"scroll","background-type":"","background-media":"","overlay-type":"","overlay-color":"","overlay-opacity":"","overlay-gradient":""},"mobile":{"background-color":"var(--ast-global-color-5)","background-image":"","background-repeat":"repeat","background-position":"center center","background-size":"auto","background-attachment":"scroll","background-type":"","background-media":"","overlay-type":"","overlay-color":"","overlay-opacity":"","overlay-gradient":""}}},"product_brand":[],"product_cat":[15,32],"product_tag":[899,901,897,900,898],"class_list":{"0":"post-2237","1":"product","2":"type-product","3":"status-publish","4":"has-post-thumbnail","6":"product_cat-yleinen","7":"product_cat-koti-ja-omaisuusturva","8":"product_tag-karkaistu-teras","9":"product_tag-kettinki","10":"product_tag-lapilenkkikettinki","11":"product_tag-lukitsemiseen","12":"product_tag-lukituskettinki","13":"product_shipping_class-suomi","14":"desktop-align-center","15":"tablet-align-center","16":"mobile-align-center","17":"ast-product-gallery-layout-horizontal-slider","18":"ast-product-gallery-with-no-image","19":"ast-product-tabs-layout-horizontal","21":"first","22":"instock","23":"sale","24":"taxable","25":"shipping-taxable","26":"purchasable","27":"product-type-simple"},"yoast_head":"<!-- This site is optimized with the Yoast SEO plugin v27.3 - https:\/\/yoast.com\/product\/yoast-seo-wordpress\/ -->\n<title>L\u00e4pilenkkikettinki 8 x 1500 mm - Safety Partners<\/title>\n<meta name=\"description\" content=\"Karkaistusta ter\u00e4ksest\u00e4 valmistettu lukituskettinki veneiden, pienkoneiden, skoottereiden ja moottoripy\u00f6rien lukitsemiseen.\" \/>\n<meta name=\"robots\" content=\"index, follow, max-snippet:-1, max-image-preview:large, max-video-preview:-1\" \/>\n<link rel=\"canonical\" href=\"https:\/\/safetypartners.fi\/kauppa\/tuote\/lapilenkkikettinki-8-x-1500-mm\" \/>\n<meta property=\"og:locale\" content=\"fi_FI\" \/>\n<meta property=\"og:type\" content=\"article\" \/>\n<meta property=\"og:title\" content=\"L\u00e4pilenkkikettinki 8 x 1500 mm - Safety Partners\" \/>\n<meta property=\"og:description\" content=\"Karkaistusta ter\u00e4ksest\u00e4 valmistettu lukituskettinki veneiden, pienkoneiden, skoottereiden ja moottoripy\u00f6rien lukitsemiseen.\" \/>\n<meta property=\"og:url\" content=\"https:\/\/safetypartners.fi\/kauppa\/tuote\/lapilenkkikettinki-8-x-1500-mm\" \/>\n<meta property=\"og:site_name\" content=\"Safety Partners\" \/>\n<meta property=\"article:modified_time\" content=\"2025-04-30T10:22:07+00:00\" \/>\n<meta property=\"og:image\" content=\"https:\/\/safetypartners.fi\/kauppa\/wp-content\/uploads\/2024\/10\/Lapilenkkikettinki-8x1500mm.png\" \/>\n\t<meta property=\"og:image:width\" content=\"700\" \/>\n\t<meta property=\"og:image:height\" content=\"525\" \/>\n\t<meta property=\"og:image:type\" content=\"image\/png\" \/>\n<meta name=\"twitter:card\" content=\"summary_large_image\" \/>\n<meta name=\"twitter:label1\" content=\"Arvioitu lukuaika\" \/>\n\t<meta name=\"twitter:data1\" content=\"1 minuutti\" \/>\n<script type=\"application\/ld+json\" class=\"yoast-schema-graph\">{\"@context\":\"https:\\\/\\\/schema.org\",\"@graph\":[{\"@type\":\"WebPage\",\"@id\":\"https:\\\/\\\/safetypartners.fi\\\/kauppa\\\/tuote\\\/lapilenkkikettinki-8-x-1500-mm\",\"url\":\"https:\\\/\\\/safetypartners.fi\\\/kauppa\\\/tuote\\\/lapilenkkikettinki-8-x-1500-mm\",\"name\":\"L\u00e4pilenkkikettinki 8 x 1500 mm - Safety Partners\",\"isPartOf\":{\"@id\":\"https:\\\/\\\/safetypartners.fi\\\/kauppa\\\/#website\"},\"primaryImageOfPage\":{\"@id\":\"https:\\\/\\\/safetypartners.fi\\\/kauppa\\\/tuote\\\/lapilenkkikettinki-8-x-1500-mm#primaryimage\"},\"image\":{\"@id\":\"https:\\\/\\\/safetypartners.fi\\\/kauppa\\\/tuote\\\/lapilenkkikettinki-8-x-1500-mm#primaryimage\"},\"thumbnailUrl\":\"https:\\\/\\\/safetypartners.fi\\\/kauppa\\\/wp-content\\\/uploads\\\/2024\\\/10\\\/Lapilenkkikettinki-8x1500mm.png\",\"datePublished\":\"2024-10-24T11:06:50+00:00\",\"dateModified\":\"2025-04-30T10:22:07+00:00\",\"description\":\"Karkaistusta ter\u00e4ksest\u00e4 valmistettu lukituskettinki veneiden, pienkoneiden, skoottereiden ja moottoripy\u00f6rien lukitsemiseen.\",\"breadcrumb\":{\"@id\":\"https:\\\/\\\/safetypartners.fi\\\/kauppa\\\/tuote\\\/lapilenkkikettinki-8-x-1500-mm#breadcrumb\"},\"inLanguage\":\"fi\",\"potentialAction\":[{\"@type\":\"ReadAction\",\"target\":[\"https:\\\/\\\/safetypartners.fi\\\/kauppa\\\/tuote\\\/lapilenkkikettinki-8-x-1500-mm\"]}]},{\"@type\":\"ImageObject\",\"inLanguage\":\"fi\",\"@id\":\"https:\\\/\\\/safetypartners.fi\\\/kauppa\\\/tuote\\\/lapilenkkikettinki-8-x-1500-mm#primaryimage\",\"url\":\"https:\\\/\\\/safetypartners.fi\\\/kauppa\\\/wp-content\\\/uploads\\\/2024\\\/10\\\/Lapilenkkikettinki-8x1500mm.png\",\"contentUrl\":\"https:\\\/\\\/safetypartners.fi\\\/kauppa\\\/wp-content\\\/uploads\\\/2024\\\/10\\\/Lapilenkkikettinki-8x1500mm.png\",\"width\":700,\"height\":525,\"caption\":\"L\u00e4pilenkkikettinki 8 x 1500mm\"},{\"@type\":\"BreadcrumbList\",\"@id\":\"https:\\\/\\\/safetypartners.fi\\\/kauppa\\\/tuote\\\/lapilenkkikettinki-8-x-1500-mm#breadcrumb\",\"itemListElement\":[{\"@type\":\"ListItem\",\"position\":1,\"name\":\"Home\",\"item\":\"https:\\\/\\\/safetypartners.fi\\\/kauppa\\\/\"},{\"@type\":\"ListItem\",\"position\":2,\"name\":\"Kauppa\",\"item\":\"https:\\\/\\\/safetypartners.fi\\\/kauppa\\\/kauppa\"},{\"@type\":\"ListItem\",\"position\":3,\"name\":\"L\u00e4pilenkkikettinki 8 x 1500 mm\"}]},{\"@type\":\"WebSite\",\"@id\":\"https:\\\/\\\/safetypartners.fi\\\/kauppa\\\/#website\",\"url\":\"https:\\\/\\\/safetypartners.fi\\\/kauppa\\\/\",\"name\":\"Safety Partners\",\"description\":\"Safety Partners turvakauppa palvelee verkossa 24\\\/7!\",\"publisher\":{\"@id\":\"https:\\\/\\\/safetypartners.fi\\\/kauppa\\\/#organization\"},\"potentialAction\":[{\"@type\":\"SearchAction\",\"target\":{\"@type\":\"EntryPoint\",\"urlTemplate\":\"https:\\\/\\\/safetypartners.fi\\\/kauppa\\\/?s={search_term_string}\"},\"query-input\":{\"@type\":\"PropertyValueSpecification\",\"valueRequired\":true,\"valueName\":\"search_term_string\"}}],\"inLanguage\":\"fi\"},{\"@type\":\"Organization\",\"@id\":\"https:\\\/\\\/safetypartners.fi\\\/kauppa\\\/#organization\",\"name\":\"Safety Partners | Suomen Sammutinpalvelu\",\"url\":\"https:\\\/\\\/safetypartners.fi\\\/kauppa\\\/\",\"logo\":{\"@type\":\"ImageObject\",\"inLanguage\":\"fi\",\"@id\":\"https:\\\/\\\/safetypartners.fi\\\/kauppa\\\/#\\\/schema\\\/logo\\\/image\\\/\",\"url\":\"https:\\\/\\\/safetypartners.fi\\\/kauppa\\\/wp-content\\\/uploads\\\/2020\\\/05\\\/cropped-Logoke-1.jpg\",\"contentUrl\":\"https:\\\/\\\/safetypartners.fi\\\/kauppa\\\/wp-content\\\/uploads\\\/2020\\\/05\\\/cropped-Logoke-1.jpg\",\"width\":847,\"height\":717,\"caption\":\"Safety Partners | Suomen Sammutinpalvelu\"},\"image\":{\"@id\":\"https:\\\/\\\/safetypartners.fi\\\/kauppa\\\/#\\\/schema\\\/logo\\\/image\\\/\"}}]}<\/script>\n<!-- \/ Yoast SEO plugin. -->","yoast_head_json":{"title":"L\u00e4pilenkkikettinki 8 x 1500 mm - Safety Partners","description":"Karkaistusta ter\u00e4ksest\u00e4 valmistettu lukituskettinki veneiden, pienkoneiden, skoottereiden ja moottoripy\u00f6rien lukitsemiseen.","robots":{"index":"index","follow":"follow","max-snippet":"max-snippet:-1","max-image-preview":"max-image-preview:large","max-video-preview":"max-video-preview:-1"},"canonical":"https:\/\/safetypartners.fi\/kauppa\/tuote\/lapilenkkikettinki-8-x-1500-mm","og_locale":"fi_FI","og_type":"article","og_title":"L\u00e4pilenkkikettinki 8 x 1500 mm - Safety Partners","og_description":"Karkaistusta ter\u00e4ksest\u00e4 valmistettu lukituskettinki veneiden, pienkoneiden, skoottereiden ja moottoripy\u00f6rien lukitsemiseen.","og_url":"https:\/\/safetypartners.fi\/kauppa\/tuote\/lapilenkkikettinki-8-x-1500-mm","og_site_name":"Safety Partners","article_modified_time":"2025-04-30T10:22:07+00:00","og_image":[{"width":700,"height":525,"url":"https:\/\/safetypartners.fi\/kauppa\/wp-content\/uploads\/2024\/10\/Lapilenkkikettinki-8x1500mm.png","type":"image\/png"}],"twitter_card":"summary_large_image","twitter_misc":{"Arvioitu lukuaika":"1 minuutti"},"schema":{"@context":"https:\/\/schema.org","@graph":[{"@type":"WebPage","@id":"https:\/\/safetypartners.fi\/kauppa\/tuote\/lapilenkkikettinki-8-x-1500-mm","url":"https:\/\/safetypartners.fi\/kauppa\/tuote\/lapilenkkikettinki-8-x-1500-mm","name":"L\u00e4pilenkkikettinki 8 x 1500 mm - Safety Partners","isPartOf":{"@id":"https:\/\/safetypartners.fi\/kauppa\/#website"},"primaryImageOfPage":{"@id":"https:\/\/safetypartners.fi\/kauppa\/tuote\/lapilenkkikettinki-8-x-1500-mm#primaryimage"},"image":{"@id":"https:\/\/safetypartners.fi\/kauppa\/tuote\/lapilenkkikettinki-8-x-1500-mm#primaryimage"},"thumbnailUrl":"https:\/\/safetypartners.fi\/kauppa\/wp-content\/uploads\/2024\/10\/Lapilenkkikettinki-8x1500mm.png","datePublished":"2024-10-24T11:06:50+00:00","dateModified":"2025-04-30T10:22:07+00:00","description":"Karkaistusta ter\u00e4ksest\u00e4 valmistettu lukituskettinki veneiden, pienkoneiden, skoottereiden ja moottoripy\u00f6rien lukitsemiseen.","breadcrumb":{"@id":"https:\/\/safetypartners.fi\/kauppa\/tuote\/lapilenkkikettinki-8-x-1500-mm#breadcrumb"},"inLanguage":"fi","potentialAction":[{"@type":"ReadAction","target":["https:\/\/safetypartners.fi\/kauppa\/tuote\/lapilenkkikettinki-8-x-1500-mm"]}]},{"@type":"ImageObject","inLanguage":"fi","@id":"https:\/\/safetypartners.fi\/kauppa\/tuote\/lapilenkkikettinki-8-x-1500-mm#primaryimage","url":"https:\/\/safetypartners.fi\/kauppa\/wp-content\/uploads\/2024\/10\/Lapilenkkikettinki-8x1500mm.png","contentUrl":"https:\/\/safetypartners.fi\/kauppa\/wp-content\/uploads\/2024\/10\/Lapilenkkikettinki-8x1500mm.png","width":700,"height":525,"caption":"L\u00e4pilenkkikettinki 8 x 1500mm"},{"@type":"BreadcrumbList","@id":"https:\/\/safetypartners.fi\/kauppa\/tuote\/lapilenkkikettinki-8-x-1500-mm#breadcrumb","itemListElement":[{"@type":"ListItem","position":1,"name":"Home","item":"https:\/\/safetypartners.fi\/kauppa\/"},{"@type":"ListItem","position":2,"name":"Kauppa","item":"https:\/\/safetypartners.fi\/kauppa\/kauppa"},{"@type":"ListItem","position":3,"name":"L\u00e4pilenkkikettinki 8 x 1500 mm"}]},{"@type":"WebSite","@id":"https:\/\/safetypartners.fi\/kauppa\/#website","url":"https:\/\/safetypartners.fi\/kauppa\/","name":"Safety Partners","description":"Safety Partners turvakauppa palvelee verkossa 24\/7!","publisher":{"@id":"https:\/\/safetypartners.fi\/kauppa\/#organization"},"potentialAction":[{"@type":"SearchAction","target":{"@type":"EntryPoint","urlTemplate":"https:\/\/safetypartners.fi\/kauppa\/?s={search_term_string}"},"query-input":{"@type":"PropertyValueSpecification","valueRequired":true,"valueName":"search_term_string"}}],"inLanguage":"fi"},{"@type":"Organization","@id":"https:\/\/safetypartners.fi\/kauppa\/#organization","name":"Safety Partners | Suomen Sammutinpalvelu","url":"https:\/\/safetypartners.fi\/kauppa\/","logo":{"@type":"ImageObject","inLanguage":"fi","@id":"https:\/\/safetypartners.fi\/kauppa\/#\/schema\/logo\/image\/","url":"https:\/\/safetypartners.fi\/kauppa\/wp-content\/uploads\/2020\/05\/cropped-Logoke-1.jpg","contentUrl":"https:\/\/safetypartners.fi\/kauppa\/wp-content\/uploads\/2020\/05\/cropped-Logoke-1.jpg","width":847,"height":717,"caption":"Safety Partners | Suomen Sammutinpalvelu"},"image":{"@id":"https:\/\/safetypartners.fi\/kauppa\/#\/schema\/logo\/image\/"}}]}},"uagb_featured_image_src":{"full":["https:\/\/safetypartners.fi\/kauppa\/wp-content\/uploads\/2024\/10\/Lapilenkkikettinki-8x1500mm.png",700,525,false],"thumbnail":["https:\/\/safetypartners.fi\/kauppa\/wp-content\/uploads\/2024\/10\/Lapilenkkikettinki-8x1500mm-150x150.png",150,150,true],"medium":["https:\/\/safetypartners.fi\/kauppa\/wp-content\/uploads\/2024\/10\/Lapilenkkikettinki-8x1500mm-300x225.png",300,225,true],"medium_large":["https:\/\/safetypartners.fi\/kauppa\/wp-content\/uploads\/2024\/10\/Lapilenkkikettinki-8x1500mm.png",700,525,false],"large":["https:\/\/safetypartners.fi\/kauppa\/wp-content\/uploads\/2024\/10\/Lapilenkkikettinki-8x1500mm.png",700,525,false],"1536x1536":["https:\/\/safetypartners.fi\/kauppa\/wp-content\/uploads\/2024\/10\/Lapilenkkikettinki-8x1500mm.png",700,525,false],"2048x2048":["https:\/\/safetypartners.fi\/kauppa\/wp-content\/uploads\/2024\/10\/Lapilenkkikettinki-8x1500mm.png",700,525,false],"woocommerce_thumbnail":["https:\/\/safetypartners.fi\/kauppa\/wp-content\/uploads\/2024\/10\/Lapilenkkikettinki-8x1500mm-300x300.png",300,300,true],"woocommerce_single":["https:\/\/safetypartners.fi\/kauppa\/wp-content\/uploads\/2024\/10\/Lapilenkkikettinki-8x1500mm-600x450.png",600,450,true],"woocommerce_gallery_thumbnail":["https:\/\/safetypartners.fi\/kauppa\/wp-content\/uploads\/2024\/10\/Lapilenkkikettinki-8x1500mm-100x100.png",100,100,true]},"uagb_author_info":{"display_name":"Anu Lehto","author_link":"https:\/\/safetypartners.fi\/kauppa\/author"},"uagb_comment_info":0,"uagb_excerpt":"Karkaistusta ter\u00e4ksest\u00e4 valmistettu l\u00e4pilenkkikettinki toimii k\u00e4tev\u00e4n\u00e4 lukituskettinkin\u00e4 veneiden, pienkoneiden, skoottereiden ja moottoripy\u00f6rien lukitsemisessa.","_links":{"self":[{"href":"https:\/\/safetypartners.fi\/kauppa\/wp-json\/wp\/v2\/product\/2237","targetHints":{"allow":["GET"]}}],"collection":[{"href":"https:\/\/safetypartners.fi\/kauppa\/wp-json\/wp\/v2\/product"}],"about":[{"href":"https:\/\/safetypartners.fi\/kauppa\/wp-json\/wp\/v2\/types\/product"}],"replies":[{"embeddable":true,"href":"https:\/\/safetypartners.fi\/kauppa\/wp-json\/wp\/v2\/comments?post=2237"}],"version-history":[{"count":3,"href":"https:\/\/safetypartners.fi\/kauppa\/wp-json\/wp\/v2\/product\/2237\/revisions"}],"predecessor-version":[{"id":2731,"href":"https:\/\/safetypartners.fi\/kauppa\/wp-json\/wp\/v2\/product\/2237\/revisions\/2731"}],"wp:featuredmedia":[{"embeddable":true,"href":"https:\/\/safetypartners.fi\/kauppa\/wp-json\/wp\/v2\/media\/2238"}],"wp:attachment":[{"href":"https:\/\/safetypartners.fi\/kauppa\/wp-json\/wp\/v2\/media?parent=2237"}],"wp:term":[{"taxonomy":"product_brand","embeddable":true,"href":"https:\/\/safetypartners.fi\/kauppa\/wp-json\/wp\/v2\/product_brand?post=2237"},{"taxonomy":"product_cat","embeddable":true,"href":"https:\/\/safetypartners.fi\/kauppa\/wp-json\/wp\/v2\/product_cat?post=2237"},{"taxonomy":"product_tag","embeddable":true,"href":"https:\/\/safetypartners.fi\/kauppa\/wp-json\/wp\/v2\/product_tag?post=2237"}],"curies":[{"name":"wp","href":"https:\/\/api.w.org\/{rel}","templated":true}]}}