{"id":2263,"date":"2024-10-25T15:27:17","date_gmt":"2024-10-25T12:27:17","guid":{"rendered":"https:\/\/safetypartners.fi\/kauppa\/?post_type=product&#038;p=2263"},"modified":"2025-11-03T13:50:06","modified_gmt":"2025-11-03T11:50:06","slug":"gp-discovery-otsalamppu-300lm-ch44","status":"publish","type":"product","link":"https:\/\/safetypartners.fi\/kauppa\/tuote\/gp-discovery-otsalamppu-300lm-ch44","title":{"rendered":"GP Discovery otsalamppu 300LM, CH44"},"content":{"rendered":"<ul class=\"disc\">\n<li>300lm valo, kantama 60 metri\u00e4<\/li>\n<li>36 tunnin akunkesto<\/li>\n<li>Roiskeen- ja iskunkest\u00e4v\u00e4 1 metrin korkeuteen asti<\/li>\n<li>S\u00e4\u00e4dett\u00e4v\u00e4 valaisinp\u00e4\u00e4<\/li>\n<li>Leve\u00e4 ja s\u00e4\u00e4dett\u00e4v\u00e4 p\u00e4\u00e4panta, joka voidaan pest\u00e4 koneessa<\/li>\n<li>Mukana 3 X AAA-paristoa (yhteensopiva <a href=\"https:\/\/safetypartners.fi\/kauppa\/?s=recyko&amp;post_type=product&amp;type_aws=true\">GP ReCyko -akkujen<\/a> kanssa)<\/li>\n<li>\n<div class=\"description-toggle\">Valaisimen p\u00e4\u00e4 on joustava, voidaan s\u00e4\u00e4t\u00e4\u00e4 60 asteen kulmaan<\/div>\n<\/li>\n<\/ul>\n","protected":false},"excerpt":{"rendered":"<p><strong>GP Discovery CH44 -otsalamppu<\/strong> 300 lumenin valolla tarjoaa kuusi kirkkaustasoa ja loputtomasti k\u00e4ytt\u00f6mahdollisuuksia jokap\u00e4iv\u00e4isess\u00e4 el\u00e4m\u00e4ss\u00e4. Spot-, flood- ja SOS-valo auttavat monenlaisissa tilanteissa niin sis\u00e4ll\u00e4 kuin ulkona, ja punainen LED-valotoiminto auttaa n\u00e4kem\u00e4\u00e4n y\u00f6ll\u00e4. Liiketunnistin vaihtaa valotilojen v\u00e4lill\u00e4: voit s\u00e4\u00e4t\u00e4\u00e4 valon voimakkuutta k\u00e4tt\u00e4 heilauttamalla valaisimen edess\u00e4.<\/p>\n<p>Paristok\u00e4ytt\u00f6inen valo on iskunkest\u00e4v\u00e4 1 metrin korkeuteen asti. Valon kantama on n. 60 metri\u00e4.<\/p>\n","protected":false},"featured_media":2264,"comment_status":"open","ping_status":"closed","template":"","meta":{"_uag_custom_page_level_css":"","site-sidebar-layout":"default","site-content-layout":"default","ast-site-content-layout":"default","site-content-style":"default","site-sidebar-style":"default","ast-global-header-display":"","ast-banner-title-visibility":"","ast-main-header-display":"","ast-hfb-above-header-display":"","ast-hfb-below-header-display":"","ast-hfb-mobile-header-display":"","site-post-title":"","ast-breadcrumbs-content":"","ast-featured-img":"","footer-sml-layout":"","ast-disable-related-posts":"","theme-transparent-header-meta":"default","adv-header-id-meta":"","stick-header-meta":"default","header-above-stick-meta":"","header-main-stick-meta":"","header-below-stick-meta":"","astra-migrate-meta-layouts":"set","ast-page-background-enabled":"default","ast-page-background-meta":{"desktop":{"background-color":"","background-image":"","background-repeat":"repeat","background-position":"center center","background-size":"auto","background-attachment":"scroll","background-type":"","background-media":"","overlay-type":"","overlay-color":"","overlay-opacity":"","overlay-gradient":""},"tablet":{"background-color":"","background-image":"","background-repeat":"repeat","background-position":"center center","background-size":"auto","background-attachment":"scroll","background-type":"","background-media":"","overlay-type":"","overlay-color":"","overlay-opacity":"","overlay-gradient":""},"mobile":{"background-color":"","background-image":"","background-repeat":"repeat","background-position":"center center","background-size":"auto","background-attachment":"scroll","background-type":"","background-media":"","overlay-type":"","overlay-color":"","overlay-opacity":"","overlay-gradient":""}},"ast-content-background-meta":{"desktop":{"background-color":"var(--ast-global-color-5)","background-image":"","background-repeat":"repeat","background-position":"center center","background-size":"auto","background-attachment":"scroll","background-type":"","background-media":"","overlay-type":"","overlay-color":"","overlay-opacity":"","overlay-gradient":""},"tablet":{"background-color":"var(--ast-global-color-5)","background-image":"","background-repeat":"repeat","background-position":"center center","background-size":"auto","background-attachment":"scroll","background-type":"","background-media":"","overlay-type":"","overlay-color":"","overlay-opacity":"","overlay-gradient":""},"mobile":{"background-color":"var(--ast-global-color-5)","background-image":"","background-repeat":"repeat","background-position":"center center","background-size":"auto","background-attachment":"scroll","background-type":"","background-media":"","overlay-type":"","overlay-color":"","overlay-opacity":"","overlay-gradient":""}}},"product_brand":[],"product_cat":[15,41,44],"product_tag":[914,915,321,821,825,824,917,822,829,916,103,826],"class_list":{"0":"post-2263","1":"product","2":"type-product","3":"status-publish","4":"has-post-thumbnail","6":"product_cat-yleinen","7":"product_cat-koti-vapaa-aika","8":"product_cat-tyoturvallisuus","9":"product_tag-300-lumen","10":"product_tag-ch44","11":"product_tag-edullinen","12":"product_tag-gp-discovery","13":"product_tag-hands-free","14":"product_tag-lamppu","15":"product_tag-led","16":"product_tag-otsalamppu","17":"product_tag-saadettava","18":"product_tag-sos-valo","19":"product_tag-taskulamppu","20":"product_tag-valaisin","21":"product_shipping_class-suomi","22":"desktop-align-center","23":"tablet-align-center","24":"mobile-align-center","25":"ast-product-gallery-layout-horizontal-slider","26":"ast-product-tabs-layout-horizontal","28":"first","29":"instock","30":"taxable","31":"shipping-taxable","32":"purchasable","33":"product-type-simple"},"yoast_head":"<!-- This site is optimized with the Yoast SEO plugin v27.3 - https:\/\/yoast.com\/product\/yoast-seo-wordpress\/ -->\n<title>GP Discovery otsalamppu 300LM, CH44 - Safety Partners<\/title>\n<meta name=\"description\" content=\"Edullisessa 300 lumenin otsalampussa on kuusi kirkkaustasoa, spot-, flood- ja SOS-valo sek\u00e4 punainen LED-valo. Paristok\u00e4ytt\u00f6inen. Liiketunnistin.\" \/>\n<meta name=\"robots\" content=\"index, follow, max-snippet:-1, max-image-preview:large, max-video-preview:-1\" \/>\n<link rel=\"canonical\" href=\"https:\/\/safetypartners.fi\/kauppa\/tuote\/gp-discovery-otsalamppu-300lm-ch44\" \/>\n<meta property=\"og:locale\" content=\"fi_FI\" \/>\n<meta property=\"og:type\" content=\"article\" \/>\n<meta property=\"og:title\" content=\"GP Discovery otsalamppu 300LM, CH44 - Safety Partners\" \/>\n<meta property=\"og:description\" content=\"Edullisessa 300 lumenin otsalampussa on kuusi kirkkaustasoa, spot-, flood- ja SOS-valo sek\u00e4 punainen LED-valo. Paristok\u00e4ytt\u00f6inen. Liiketunnistin.\" \/>\n<meta property=\"og:url\" content=\"https:\/\/safetypartners.fi\/kauppa\/tuote\/gp-discovery-otsalamppu-300lm-ch44\" \/>\n<meta property=\"og:site_name\" content=\"Safety Partners\" \/>\n<meta property=\"article:modified_time\" content=\"2025-11-03T11:50:06+00:00\" \/>\n<meta property=\"og:image\" content=\"https:\/\/safetypartners.fi\/kauppa\/wp-content\/uploads\/2024\/10\/GP-CH44-Discovery-otsalamppu-300LM.png\" \/>\n\t<meta property=\"og:image:width\" content=\"518\" \/>\n\t<meta property=\"og:image:height\" content=\"451\" \/>\n\t<meta property=\"og:image:type\" content=\"image\/png\" \/>\n<meta name=\"twitter:card\" content=\"summary_large_image\" \/>\n<meta name=\"twitter:label1\" content=\"Arvioitu lukuaika\" \/>\n\t<meta name=\"twitter:data1\" content=\"1 minuutti\" \/>\n<script type=\"application\/ld+json\" class=\"yoast-schema-graph\">{\"@context\":\"https:\\\/\\\/schema.org\",\"@graph\":[{\"@type\":\"WebPage\",\"@id\":\"https:\\\/\\\/safetypartners.fi\\\/kauppa\\\/tuote\\\/gp-discovery-otsalamppu-300lm-ch44\",\"url\":\"https:\\\/\\\/safetypartners.fi\\\/kauppa\\\/tuote\\\/gp-discovery-otsalamppu-300lm-ch44\",\"name\":\"GP Discovery otsalamppu 300LM, CH44 - Safety Partners\",\"isPartOf\":{\"@id\":\"https:\\\/\\\/safetypartners.fi\\\/kauppa\\\/#website\"},\"primaryImageOfPage\":{\"@id\":\"https:\\\/\\\/safetypartners.fi\\\/kauppa\\\/tuote\\\/gp-discovery-otsalamppu-300lm-ch44#primaryimage\"},\"image\":{\"@id\":\"https:\\\/\\\/safetypartners.fi\\\/kauppa\\\/tuote\\\/gp-discovery-otsalamppu-300lm-ch44#primaryimage\"},\"thumbnailUrl\":\"https:\\\/\\\/safetypartners.fi\\\/kauppa\\\/wp-content\\\/uploads\\\/2024\\\/10\\\/GP-CH44-Discovery-otsalamppu-300LM.png\",\"datePublished\":\"2024-10-25T12:27:17+00:00\",\"dateModified\":\"2025-11-03T11:50:06+00:00\",\"description\":\"Edullisessa 300 lumenin otsalampussa on kuusi kirkkaustasoa, spot-, flood- ja SOS-valo sek\u00e4 punainen LED-valo. Paristok\u00e4ytt\u00f6inen. Liiketunnistin.\",\"breadcrumb\":{\"@id\":\"https:\\\/\\\/safetypartners.fi\\\/kauppa\\\/tuote\\\/gp-discovery-otsalamppu-300lm-ch44#breadcrumb\"},\"inLanguage\":\"fi\",\"potentialAction\":[{\"@type\":\"ReadAction\",\"target\":[\"https:\\\/\\\/safetypartners.fi\\\/kauppa\\\/tuote\\\/gp-discovery-otsalamppu-300lm-ch44\"]}]},{\"@type\":\"ImageObject\",\"inLanguage\":\"fi\",\"@id\":\"https:\\\/\\\/safetypartners.fi\\\/kauppa\\\/tuote\\\/gp-discovery-otsalamppu-300lm-ch44#primaryimage\",\"url\":\"https:\\\/\\\/safetypartners.fi\\\/kauppa\\\/wp-content\\\/uploads\\\/2024\\\/10\\\/GP-CH44-Discovery-otsalamppu-300LM.png\",\"contentUrl\":\"https:\\\/\\\/safetypartners.fi\\\/kauppa\\\/wp-content\\\/uploads\\\/2024\\\/10\\\/GP-CH44-Discovery-otsalamppu-300LM.png\",\"width\":518,\"height\":451,\"caption\":\"GP Discovery otsalamppu CH44, 300LM\"},{\"@type\":\"BreadcrumbList\",\"@id\":\"https:\\\/\\\/safetypartners.fi\\\/kauppa\\\/tuote\\\/gp-discovery-otsalamppu-300lm-ch44#breadcrumb\",\"itemListElement\":[{\"@type\":\"ListItem\",\"position\":1,\"name\":\"Home\",\"item\":\"https:\\\/\\\/safetypartners.fi\\\/kauppa\\\/\"},{\"@type\":\"ListItem\",\"position\":2,\"name\":\"Kauppa\",\"item\":\"https:\\\/\\\/safetypartners.fi\\\/kauppa\\\/kauppa\"},{\"@type\":\"ListItem\",\"position\":3,\"name\":\"GP Discovery otsalamppu 300LM, CH44\"}]},{\"@type\":\"WebSite\",\"@id\":\"https:\\\/\\\/safetypartners.fi\\\/kauppa\\\/#website\",\"url\":\"https:\\\/\\\/safetypartners.fi\\\/kauppa\\\/\",\"name\":\"Safety Partners\",\"description\":\"Safety Partners turvakauppa palvelee verkossa 24\\\/7!\",\"publisher\":{\"@id\":\"https:\\\/\\\/safetypartners.fi\\\/kauppa\\\/#organization\"},\"potentialAction\":[{\"@type\":\"SearchAction\",\"target\":{\"@type\":\"EntryPoint\",\"urlTemplate\":\"https:\\\/\\\/safetypartners.fi\\\/kauppa\\\/?s={search_term_string}\"},\"query-input\":{\"@type\":\"PropertyValueSpecification\",\"valueRequired\":true,\"valueName\":\"search_term_string\"}}],\"inLanguage\":\"fi\"},{\"@type\":\"Organization\",\"@id\":\"https:\\\/\\\/safetypartners.fi\\\/kauppa\\\/#organization\",\"name\":\"Safety Partners | Suomen Sammutinpalvelu\",\"url\":\"https:\\\/\\\/safetypartners.fi\\\/kauppa\\\/\",\"logo\":{\"@type\":\"ImageObject\",\"inLanguage\":\"fi\",\"@id\":\"https:\\\/\\\/safetypartners.fi\\\/kauppa\\\/#\\\/schema\\\/logo\\\/image\\\/\",\"url\":\"https:\\\/\\\/safetypartners.fi\\\/kauppa\\\/wp-content\\\/uploads\\\/2020\\\/05\\\/cropped-Logoke-1.jpg\",\"contentUrl\":\"https:\\\/\\\/safetypartners.fi\\\/kauppa\\\/wp-content\\\/uploads\\\/2020\\\/05\\\/cropped-Logoke-1.jpg\",\"width\":847,\"height\":717,\"caption\":\"Safety Partners | Suomen Sammutinpalvelu\"},\"image\":{\"@id\":\"https:\\\/\\\/safetypartners.fi\\\/kauppa\\\/#\\\/schema\\\/logo\\\/image\\\/\"}}]}<\/script>\n<!-- \/ Yoast SEO plugin. -->","yoast_head_json":{"title":"GP Discovery otsalamppu 300LM, CH44 - Safety Partners","description":"Edullisessa 300 lumenin otsalampussa on kuusi kirkkaustasoa, spot-, flood- ja SOS-valo sek\u00e4 punainen LED-valo. Paristok\u00e4ytt\u00f6inen. Liiketunnistin.","robots":{"index":"index","follow":"follow","max-snippet":"max-snippet:-1","max-image-preview":"max-image-preview:large","max-video-preview":"max-video-preview:-1"},"canonical":"https:\/\/safetypartners.fi\/kauppa\/tuote\/gp-discovery-otsalamppu-300lm-ch44","og_locale":"fi_FI","og_type":"article","og_title":"GP Discovery otsalamppu 300LM, CH44 - Safety Partners","og_description":"Edullisessa 300 lumenin otsalampussa on kuusi kirkkaustasoa, spot-, flood- ja SOS-valo sek\u00e4 punainen LED-valo. Paristok\u00e4ytt\u00f6inen. Liiketunnistin.","og_url":"https:\/\/safetypartners.fi\/kauppa\/tuote\/gp-discovery-otsalamppu-300lm-ch44","og_site_name":"Safety Partners","article_modified_time":"2025-11-03T11:50:06+00:00","og_image":[{"width":518,"height":451,"url":"https:\/\/safetypartners.fi\/kauppa\/wp-content\/uploads\/2024\/10\/GP-CH44-Discovery-otsalamppu-300LM.png","type":"image\/png"}],"twitter_card":"summary_large_image","twitter_misc":{"Arvioitu lukuaika":"1 minuutti"},"schema":{"@context":"https:\/\/schema.org","@graph":[{"@type":"WebPage","@id":"https:\/\/safetypartners.fi\/kauppa\/tuote\/gp-discovery-otsalamppu-300lm-ch44","url":"https:\/\/safetypartners.fi\/kauppa\/tuote\/gp-discovery-otsalamppu-300lm-ch44","name":"GP Discovery otsalamppu 300LM, CH44 - Safety Partners","isPartOf":{"@id":"https:\/\/safetypartners.fi\/kauppa\/#website"},"primaryImageOfPage":{"@id":"https:\/\/safetypartners.fi\/kauppa\/tuote\/gp-discovery-otsalamppu-300lm-ch44#primaryimage"},"image":{"@id":"https:\/\/safetypartners.fi\/kauppa\/tuote\/gp-discovery-otsalamppu-300lm-ch44#primaryimage"},"thumbnailUrl":"https:\/\/safetypartners.fi\/kauppa\/wp-content\/uploads\/2024\/10\/GP-CH44-Discovery-otsalamppu-300LM.png","datePublished":"2024-10-25T12:27:17+00:00","dateModified":"2025-11-03T11:50:06+00:00","description":"Edullisessa 300 lumenin otsalampussa on kuusi kirkkaustasoa, spot-, flood- ja SOS-valo sek\u00e4 punainen LED-valo. Paristok\u00e4ytt\u00f6inen. Liiketunnistin.","breadcrumb":{"@id":"https:\/\/safetypartners.fi\/kauppa\/tuote\/gp-discovery-otsalamppu-300lm-ch44#breadcrumb"},"inLanguage":"fi","potentialAction":[{"@type":"ReadAction","target":["https:\/\/safetypartners.fi\/kauppa\/tuote\/gp-discovery-otsalamppu-300lm-ch44"]}]},{"@type":"ImageObject","inLanguage":"fi","@id":"https:\/\/safetypartners.fi\/kauppa\/tuote\/gp-discovery-otsalamppu-300lm-ch44#primaryimage","url":"https:\/\/safetypartners.fi\/kauppa\/wp-content\/uploads\/2024\/10\/GP-CH44-Discovery-otsalamppu-300LM.png","contentUrl":"https:\/\/safetypartners.fi\/kauppa\/wp-content\/uploads\/2024\/10\/GP-CH44-Discovery-otsalamppu-300LM.png","width":518,"height":451,"caption":"GP Discovery otsalamppu CH44, 300LM"},{"@type":"BreadcrumbList","@id":"https:\/\/safetypartners.fi\/kauppa\/tuote\/gp-discovery-otsalamppu-300lm-ch44#breadcrumb","itemListElement":[{"@type":"ListItem","position":1,"name":"Home","item":"https:\/\/safetypartners.fi\/kauppa\/"},{"@type":"ListItem","position":2,"name":"Kauppa","item":"https:\/\/safetypartners.fi\/kauppa\/kauppa"},{"@type":"ListItem","position":3,"name":"GP Discovery otsalamppu 300LM, CH44"}]},{"@type":"WebSite","@id":"https:\/\/safetypartners.fi\/kauppa\/#website","url":"https:\/\/safetypartners.fi\/kauppa\/","name":"Safety Partners","description":"Safety Partners turvakauppa palvelee verkossa 24\/7!","publisher":{"@id":"https:\/\/safetypartners.fi\/kauppa\/#organization"},"potentialAction":[{"@type":"SearchAction","target":{"@type":"EntryPoint","urlTemplate":"https:\/\/safetypartners.fi\/kauppa\/?s={search_term_string}"},"query-input":{"@type":"PropertyValueSpecification","valueRequired":true,"valueName":"search_term_string"}}],"inLanguage":"fi"},{"@type":"Organization","@id":"https:\/\/safetypartners.fi\/kauppa\/#organization","name":"Safety Partners | Suomen Sammutinpalvelu","url":"https:\/\/safetypartners.fi\/kauppa\/","logo":{"@type":"ImageObject","inLanguage":"fi","@id":"https:\/\/safetypartners.fi\/kauppa\/#\/schema\/logo\/image\/","url":"https:\/\/safetypartners.fi\/kauppa\/wp-content\/uploads\/2020\/05\/cropped-Logoke-1.jpg","contentUrl":"https:\/\/safetypartners.fi\/kauppa\/wp-content\/uploads\/2020\/05\/cropped-Logoke-1.jpg","width":847,"height":717,"caption":"Safety Partners | Suomen Sammutinpalvelu"},"image":{"@id":"https:\/\/safetypartners.fi\/kauppa\/#\/schema\/logo\/image\/"}}]}},"uagb_featured_image_src":{"full":["https:\/\/safetypartners.fi\/kauppa\/wp-content\/uploads\/2024\/10\/GP-CH44-Discovery-otsalamppu-300LM.png",518,451,false],"thumbnail":["https:\/\/safetypartners.fi\/kauppa\/wp-content\/uploads\/2024\/10\/GP-CH44-Discovery-otsalamppu-300LM-150x150.png",150,150,true],"medium":["https:\/\/safetypartners.fi\/kauppa\/wp-content\/uploads\/2024\/10\/GP-CH44-Discovery-otsalamppu-300LM-300x261.png",300,261,true],"medium_large":["https:\/\/safetypartners.fi\/kauppa\/wp-content\/uploads\/2024\/10\/GP-CH44-Discovery-otsalamppu-300LM.png",518,451,false],"large":["https:\/\/safetypartners.fi\/kauppa\/wp-content\/uploads\/2024\/10\/GP-CH44-Discovery-otsalamppu-300LM.png",518,451,false],"1536x1536":["https:\/\/safetypartners.fi\/kauppa\/wp-content\/uploads\/2024\/10\/GP-CH44-Discovery-otsalamppu-300LM.png",518,451,false],"2048x2048":["https:\/\/safetypartners.fi\/kauppa\/wp-content\/uploads\/2024\/10\/GP-CH44-Discovery-otsalamppu-300LM.png",518,451,false],"woocommerce_thumbnail":["https:\/\/safetypartners.fi\/kauppa\/wp-content\/uploads\/2024\/10\/GP-CH44-Discovery-otsalamppu-300LM-300x300.png",300,300,true],"woocommerce_single":["https:\/\/safetypartners.fi\/kauppa\/wp-content\/uploads\/2024\/10\/GP-CH44-Discovery-otsalamppu-300LM.png",518,451,false],"woocommerce_gallery_thumbnail":["https:\/\/safetypartners.fi\/kauppa\/wp-content\/uploads\/2024\/10\/GP-CH44-Discovery-otsalamppu-300LM-100x100.png",100,100,true]},"uagb_author_info":{"display_name":"Anu Lehto","author_link":"https:\/\/safetypartners.fi\/kauppa\/author"},"uagb_comment_info":1,"uagb_excerpt":"GP Discovery CH44 -otsalamppu 300 lumenin valolla tarjoaa kuusi kirkkaustasoa ja loputtomasti k\u00e4ytt\u00f6mahdollisuuksia jokap\u00e4iv\u00e4isess\u00e4 el\u00e4m\u00e4ss\u00e4. Spot-, flood- ja SOS-valo auttavat monenlaisissa tilanteissa niin sis\u00e4ll\u00e4 kuin ulkona, ja punainen LED-valotoiminto auttaa n\u00e4kem\u00e4\u00e4n y\u00f6ll\u00e4. Liiketunnistin vaihtaa valotilojen v\u00e4lill\u00e4: voit s\u00e4\u00e4t\u00e4\u00e4 valon voimakkuutta k\u00e4tt\u00e4 heilauttamalla valaisimen edess\u00e4. Paristok\u00e4ytt\u00f6inen valo on iskunkest\u00e4v\u00e4 1 metrin korkeuteen asti. Valon kantama on&hellip;","_links":{"self":[{"href":"https:\/\/safetypartners.fi\/kauppa\/wp-json\/wp\/v2\/product\/2263","targetHints":{"allow":["GET"]}}],"collection":[{"href":"https:\/\/safetypartners.fi\/kauppa\/wp-json\/wp\/v2\/product"}],"about":[{"href":"https:\/\/safetypartners.fi\/kauppa\/wp-json\/wp\/v2\/types\/product"}],"replies":[{"embeddable":true,"href":"https:\/\/safetypartners.fi\/kauppa\/wp-json\/wp\/v2\/comments?post=2263"}],"version-history":[{"count":2,"href":"https:\/\/safetypartners.fi\/kauppa\/wp-json\/wp\/v2\/product\/2263\/revisions"}],"predecessor-version":[{"id":2564,"href":"https:\/\/safetypartners.fi\/kauppa\/wp-json\/wp\/v2\/product\/2263\/revisions\/2564"}],"wp:featuredmedia":[{"embeddable":true,"href":"https:\/\/safetypartners.fi\/kauppa\/wp-json\/wp\/v2\/media\/2264"}],"wp:attachment":[{"href":"https:\/\/safetypartners.fi\/kauppa\/wp-json\/wp\/v2\/media?parent=2263"}],"wp:term":[{"taxonomy":"product_brand","embeddable":true,"href":"https:\/\/safetypartners.fi\/kauppa\/wp-json\/wp\/v2\/product_brand?post=2263"},{"taxonomy":"product_cat","embeddable":true,"href":"https:\/\/safetypartners.fi\/kauppa\/wp-json\/wp\/v2\/product_cat?post=2263"},{"taxonomy":"product_tag","embeddable":true,"href":"https:\/\/safetypartners.fi\/kauppa\/wp-json\/wp\/v2\/product_tag?post=2263"}],"curies":[{"name":"wp","href":"https:\/\/api.w.org\/{rel}","templated":true}]}}