{"id":2299,"date":"2024-10-30T16:13:26","date_gmt":"2024-10-30T14:13:26","guid":{"rendered":"https:\/\/safetypartners.fi\/kauppa\/?post_type=product&#038;p=2299"},"modified":"2026-03-15T16:07:54","modified_gmt":"2026-03-15T14:07:54","slug":"langaton-ovikello-r-595p-e-paristoton","status":"publish","type":"product","link":"https:\/\/safetypartners.fi\/kauppa\/tuote\/langaton-ovikello-r-595p-e-paristoton","title":{"rendered":"Langaton ovikello R 595P-E, paristoton"},"content":{"rendered":"<p><b>Langattoman ovikellon k\u00e4ytt\u00f6\u00f6notto<\/b><\/p>\n<p>Kytke vastaanotin pistokkeeseen. Testaa, ett\u00e4 painonappi ja vastaanotin tunnistavat toisensa. Kiinnit\u00e4 sitten painonappi haluttuun paikkaan oven pieleen. Ovikello on toimintavalmis!<\/p>\n<p>Ovikellon toimintas\u00e4de on n.100m avoimessa tilassa, joten painonapin ja vastaanottimen asennuksessa tulee ottaa huomioon et\u00e4isyydet ja mahdolliset kiinte\u00e4t esteet, jotka voivat h\u00e4irit\u00e4 ovikellon toimintaa. Pakkaus sis\u00e4lt\u00e4\u00e4 kaikki ovikellon asennukseen ja toimintakuntoon saattamiseen tarvittavat tarvikkeet.<\/p>\n<p><b>Langattomaan ovikelloon on mahdollista lis\u00e4t\u00e4 <a href=\"https:\/\/safetypartners.fi\/kauppa\/tuote\/verkkovirtaovikellon-vastaanotin-595p-e\">vastaanottimia<\/a> ja <a href=\"https:\/\/safetypartners.fi\/kauppa\/tuote\/kineettinen-painonappi-langattomaan-ovikelloon-595e-p\">painonappeja<\/a>.<\/b><br \/>\n&#8211; yhteen vastaanottimeen voidaan liitt\u00e4\u00e4 enint\u00e4\u00e4n 4 painonappia<br \/>\n&#8211; yksi painonappi voidaan koodata toimimaan rajattomassa m\u00e4\u00e4r\u00e4ss\u00e4 vastaanottimia<\/p>\n<p><strong>Tuotetiedot<br \/>\n<\/strong><\/p>\n<ul>\n<li>Kineettinen painonappi<\/li>\n<li>Pistokkeeseen laitettava vastaanotin<\/li>\n<li>32 erilaista soitto\u00e4\u00e4nt\u00e4<\/li>\n<li>\u00c4\u00e4nenvoimakkuuden s\u00e4\u00e4t\u00f6<\/li>\n<li>Toimintas\u00e4de avoimessa tilassa jopa 100m<\/li>\n<li>Vedenkest\u00e4v\u00e4 painonappi<\/li>\n<li>Vastaanottimessa kolme toimintoa:<br \/>\n<strong>FLASH<\/strong> &#8211; vilkkuva ledivalo<br \/>\n<strong>SOUND<\/strong> &#8211; pelkk\u00e4 \u00e4\u00e4ni<br \/>\n<strong>FLASH &amp; SOUND<\/strong> &#8211; vilkkuva ledivalo ja \u00e4\u00e4ni<\/li>\n<li>Voidaan lis\u00e4t\u00e4 vastaanottimia ja painonappeja<\/li>\n<li>pakkauksen sis\u00e4lt\u00f6:<br \/>\nvastaanotin, l\u00e4hetin\/painonappi, kiinnityksiin tarvittavat ruuvit ja kaksipuoleinen teippi<\/li>\n<\/ul>\n","protected":false},"excerpt":{"rendered":"<p><strong>Langaton verkkovirtaovikello kineettisell\u00e4 painonapilla<\/strong> toimii ilman paristoja &#8211; painike saa virran painamisen tuottamasta liikkeest\u00e4. Ovikellon vastaanottimeen ei my\u00f6sk\u00e4\u00e4n tarvita paristoja vaan vastaanotin liitet\u00e4\u00e4n suoraan verkkovirtapistokkeeseen. Vastaanotin ja painonappi l\u00f6yt\u00e4v\u00e4t automaattisesti toisensa kun vastaanotin on liitetty verkkovirtapistokkeeseen. Osien yhteensaattaminen on siis huomattavan helppoa.<\/p>\n<p>Vastaanottimen kirkas LED-valo toimii tarvittaessa my\u00f6s y\u00f6valona.<\/p>\n","protected":false},"featured_media":2301,"comment_status":"open","ping_status":"closed","template":"","meta":{"_uag_custom_page_level_css":"","site-sidebar-layout":"default","site-content-layout":"","ast-site-content-layout":"default","site-content-style":"default","site-sidebar-style":"default","ast-global-header-display":"","ast-banner-title-visibility":"","ast-main-header-display":"","ast-hfb-above-header-display":"","ast-hfb-below-header-display":"","ast-hfb-mobile-header-display":"","site-post-title":"","ast-breadcrumbs-content":"","ast-featured-img":"","footer-sml-layout":"","ast-disable-related-posts":"","theme-transparent-header-meta":"default","adv-header-id-meta":"","stick-header-meta":"default","header-above-stick-meta":"","header-main-stick-meta":"","header-below-stick-meta":"","astra-migrate-meta-layouts":"set","ast-page-background-enabled":"default","ast-page-background-meta":{"desktop":{"background-color":"","background-image":"","background-repeat":"repeat","background-position":"center center","background-size":"auto","background-attachment":"scroll","background-type":"","background-media":"","overlay-type":"","overlay-color":"","overlay-opacity":"","overlay-gradient":""},"tablet":{"background-color":"","background-image":"","background-repeat":"repeat","background-position":"center center","background-size":"auto","background-attachment":"scroll","background-type":"","background-media":"","overlay-type":"","overlay-color":"","overlay-opacity":"","overlay-gradient":""},"mobile":{"background-color":"","background-image":"","background-repeat":"repeat","background-position":"center center","background-size":"auto","background-attachment":"scroll","background-type":"","background-media":"","overlay-type":"","overlay-color":"","overlay-opacity":"","overlay-gradient":""}},"ast-content-background-meta":{"desktop":{"background-color":"var(--ast-global-color-5)","background-image":"","background-repeat":"repeat","background-position":"center center","background-size":"auto","background-attachment":"scroll","background-type":"","background-media":"","overlay-type":"","overlay-color":"","overlay-opacity":"","overlay-gradient":""},"tablet":{"background-color":"var(--ast-global-color-5)","background-image":"","background-repeat":"repeat","background-position":"center center","background-size":"auto","background-attachment":"scroll","background-type":"","background-media":"","overlay-type":"","overlay-color":"","overlay-opacity":"","overlay-gradient":""},"mobile":{"background-color":"var(--ast-global-color-5)","background-image":"","background-repeat":"repeat","background-position":"center center","background-size":"auto","background-attachment":"scroll","background-type":"","background-media":"","overlay-type":"","overlay-color":"","overlay-opacity":"","overlay-gradient":""}}},"product_brand":[],"product_cat":[15,32],"product_tag":[941,940,939,942,947,946,945,944,645,943],"class_list":{"0":"post-2299","1":"product","2":"type-product","3":"status-publish","4":"has-post-thumbnail","6":"product_cat-yleinen","7":"product_cat-koti-ja-omaisuusturva","8":"product_tag-ilman-paristoja","9":"product_tag-kineettinen-painonappi","10":"product_tag-langaton-ovikello","11":"product_tag-led-valo","12":"product_tag-monta-soittoaanta","13":"product_tag-ovi-kello","14":"product_tag-paristoton","15":"product_tag-r-595p-e","16":"product_tag-vedenkestava","17":"product_tag-yovalo","18":"product_shipping_class-suomi","19":"desktop-align-center","20":"tablet-align-center","21":"mobile-align-center","22":"ast-product-gallery-layout-horizontal-slider","23":"ast-product-tabs-layout-horizontal","25":"first","26":"instock","27":"taxable","28":"shipping-taxable","29":"purchasable","30":"product-type-simple"},"yoast_head":"<!-- This site is optimized with the Yoast SEO plugin v27.3 - https:\/\/yoast.com\/product\/yoast-seo-wordpress\/ -->\n<title>Langaton ovikello R 595P-E, paristoton - Safety Partners<\/title>\n<meta name=\"description\" content=\"Langaton, verkkovirtaan liitett\u00e4v\u00e4 ovikello kineettisell\u00e4 painonapilla toimii ilman paristoja. Painike saa virran painamisen tuottamasta liikkeest\u00e4.\" \/>\n<meta name=\"robots\" content=\"index, follow, max-snippet:-1, max-image-preview:large, max-video-preview:-1\" \/>\n<link rel=\"canonical\" href=\"https:\/\/safetypartners.fi\/kauppa\/tuote\/langaton-ovikello-r-595p-e-paristoton\" \/>\n<meta property=\"og:locale\" content=\"fi_FI\" \/>\n<meta property=\"og:type\" content=\"article\" \/>\n<meta property=\"og:title\" content=\"Langaton ovikello R 595P-E, paristoton - Safety Partners\" \/>\n<meta property=\"og:description\" content=\"Langaton, verkkovirtaan liitett\u00e4v\u00e4 ovikello kineettisell\u00e4 painonapilla toimii ilman paristoja. Painike saa virran painamisen tuottamasta liikkeest\u00e4.\" \/>\n<meta property=\"og:url\" content=\"https:\/\/safetypartners.fi\/kauppa\/tuote\/langaton-ovikello-r-595p-e-paristoton\" \/>\n<meta property=\"og:site_name\" content=\"Safety Partners\" \/>\n<meta property=\"article:modified_time\" content=\"2026-03-15T14:07:54+00:00\" \/>\n<meta property=\"og:image\" content=\"https:\/\/safetypartners.fi\/kauppa\/wp-content\/uploads\/2024\/10\/Langaton-ovikello-ilman-paristoa.jpg\" \/>\n\t<meta property=\"og:image:width\" content=\"600\" \/>\n\t<meta property=\"og:image:height\" content=\"600\" \/>\n\t<meta property=\"og:image:type\" content=\"image\/jpeg\" \/>\n<meta name=\"twitter:card\" content=\"summary_large_image\" \/>\n<meta name=\"twitter:label1\" content=\"Arvioitu lukuaika\" \/>\n\t<meta name=\"twitter:data1\" content=\"1 minuutti\" \/>\n<script type=\"application\/ld+json\" class=\"yoast-schema-graph\">{\"@context\":\"https:\\\/\\\/schema.org\",\"@graph\":[{\"@type\":\"WebPage\",\"@id\":\"https:\\\/\\\/safetypartners.fi\\\/kauppa\\\/tuote\\\/langaton-ovikello-r-595p-e-paristoton\",\"url\":\"https:\\\/\\\/safetypartners.fi\\\/kauppa\\\/tuote\\\/langaton-ovikello-r-595p-e-paristoton\",\"name\":\"Langaton ovikello R 595P-E, paristoton - Safety Partners\",\"isPartOf\":{\"@id\":\"https:\\\/\\\/safetypartners.fi\\\/kauppa\\\/#website\"},\"primaryImageOfPage\":{\"@id\":\"https:\\\/\\\/safetypartners.fi\\\/kauppa\\\/tuote\\\/langaton-ovikello-r-595p-e-paristoton#primaryimage\"},\"image\":{\"@id\":\"https:\\\/\\\/safetypartners.fi\\\/kauppa\\\/tuote\\\/langaton-ovikello-r-595p-e-paristoton#primaryimage\"},\"thumbnailUrl\":\"https:\\\/\\\/safetypartners.fi\\\/kauppa\\\/wp-content\\\/uploads\\\/2024\\\/10\\\/Langaton-ovikello-ilman-paristoa.jpg\",\"datePublished\":\"2024-10-30T14:13:26+00:00\",\"dateModified\":\"2026-03-15T14:07:54+00:00\",\"description\":\"Langaton, verkkovirtaan liitett\u00e4v\u00e4 ovikello kineettisell\u00e4 painonapilla toimii ilman paristoja. Painike saa virran painamisen tuottamasta liikkeest\u00e4.\",\"breadcrumb\":{\"@id\":\"https:\\\/\\\/safetypartners.fi\\\/kauppa\\\/tuote\\\/langaton-ovikello-r-595p-e-paristoton#breadcrumb\"},\"inLanguage\":\"fi\",\"potentialAction\":[{\"@type\":\"ReadAction\",\"target\":[\"https:\\\/\\\/safetypartners.fi\\\/kauppa\\\/tuote\\\/langaton-ovikello-r-595p-e-paristoton\"]}]},{\"@type\":\"ImageObject\",\"inLanguage\":\"fi\",\"@id\":\"https:\\\/\\\/safetypartners.fi\\\/kauppa\\\/tuote\\\/langaton-ovikello-r-595p-e-paristoton#primaryimage\",\"url\":\"https:\\\/\\\/safetypartners.fi\\\/kauppa\\\/wp-content\\\/uploads\\\/2024\\\/10\\\/Langaton-ovikello-ilman-paristoa.jpg\",\"contentUrl\":\"https:\\\/\\\/safetypartners.fi\\\/kauppa\\\/wp-content\\\/uploads\\\/2024\\\/10\\\/Langaton-ovikello-ilman-paristoa.jpg\",\"width\":600,\"height\":600,\"caption\":\"Langaton ovikello ilman paristoa, R 595P-E\"},{\"@type\":\"BreadcrumbList\",\"@id\":\"https:\\\/\\\/safetypartners.fi\\\/kauppa\\\/tuote\\\/langaton-ovikello-r-595p-e-paristoton#breadcrumb\",\"itemListElement\":[{\"@type\":\"ListItem\",\"position\":1,\"name\":\"Home\",\"item\":\"https:\\\/\\\/safetypartners.fi\\\/kauppa\\\/\"},{\"@type\":\"ListItem\",\"position\":2,\"name\":\"Kauppa\",\"item\":\"https:\\\/\\\/safetypartners.fi\\\/kauppa\\\/kauppa\"},{\"@type\":\"ListItem\",\"position\":3,\"name\":\"Langaton ovikello R 595P-E, paristoton\"}]},{\"@type\":\"WebSite\",\"@id\":\"https:\\\/\\\/safetypartners.fi\\\/kauppa\\\/#website\",\"url\":\"https:\\\/\\\/safetypartners.fi\\\/kauppa\\\/\",\"name\":\"Safety Partners\",\"description\":\"Safety Partners turvakauppa palvelee verkossa 24\\\/7!\",\"publisher\":{\"@id\":\"https:\\\/\\\/safetypartners.fi\\\/kauppa\\\/#organization\"},\"potentialAction\":[{\"@type\":\"SearchAction\",\"target\":{\"@type\":\"EntryPoint\",\"urlTemplate\":\"https:\\\/\\\/safetypartners.fi\\\/kauppa\\\/?s={search_term_string}\"},\"query-input\":{\"@type\":\"PropertyValueSpecification\",\"valueRequired\":true,\"valueName\":\"search_term_string\"}}],\"inLanguage\":\"fi\"},{\"@type\":\"Organization\",\"@id\":\"https:\\\/\\\/safetypartners.fi\\\/kauppa\\\/#organization\",\"name\":\"Safety Partners | Suomen Sammutinpalvelu\",\"url\":\"https:\\\/\\\/safetypartners.fi\\\/kauppa\\\/\",\"logo\":{\"@type\":\"ImageObject\",\"inLanguage\":\"fi\",\"@id\":\"https:\\\/\\\/safetypartners.fi\\\/kauppa\\\/#\\\/schema\\\/logo\\\/image\\\/\",\"url\":\"https:\\\/\\\/safetypartners.fi\\\/kauppa\\\/wp-content\\\/uploads\\\/2020\\\/05\\\/cropped-Logoke-1.jpg\",\"contentUrl\":\"https:\\\/\\\/safetypartners.fi\\\/kauppa\\\/wp-content\\\/uploads\\\/2020\\\/05\\\/cropped-Logoke-1.jpg\",\"width\":847,\"height\":717,\"caption\":\"Safety Partners | Suomen Sammutinpalvelu\"},\"image\":{\"@id\":\"https:\\\/\\\/safetypartners.fi\\\/kauppa\\\/#\\\/schema\\\/logo\\\/image\\\/\"}}]}<\/script>\n<!-- \/ Yoast SEO plugin. -->","yoast_head_json":{"title":"Langaton ovikello R 595P-E, paristoton - Safety Partners","description":"Langaton, verkkovirtaan liitett\u00e4v\u00e4 ovikello kineettisell\u00e4 painonapilla toimii ilman paristoja. Painike saa virran painamisen tuottamasta liikkeest\u00e4.","robots":{"index":"index","follow":"follow","max-snippet":"max-snippet:-1","max-image-preview":"max-image-preview:large","max-video-preview":"max-video-preview:-1"},"canonical":"https:\/\/safetypartners.fi\/kauppa\/tuote\/langaton-ovikello-r-595p-e-paristoton","og_locale":"fi_FI","og_type":"article","og_title":"Langaton ovikello R 595P-E, paristoton - Safety Partners","og_description":"Langaton, verkkovirtaan liitett\u00e4v\u00e4 ovikello kineettisell\u00e4 painonapilla toimii ilman paristoja. Painike saa virran painamisen tuottamasta liikkeest\u00e4.","og_url":"https:\/\/safetypartners.fi\/kauppa\/tuote\/langaton-ovikello-r-595p-e-paristoton","og_site_name":"Safety Partners","article_modified_time":"2026-03-15T14:07:54+00:00","og_image":[{"width":600,"height":600,"url":"https:\/\/safetypartners.fi\/kauppa\/wp-content\/uploads\/2024\/10\/Langaton-ovikello-ilman-paristoa.jpg","type":"image\/jpeg"}],"twitter_card":"summary_large_image","twitter_misc":{"Arvioitu lukuaika":"1 minuutti"},"schema":{"@context":"https:\/\/schema.org","@graph":[{"@type":"WebPage","@id":"https:\/\/safetypartners.fi\/kauppa\/tuote\/langaton-ovikello-r-595p-e-paristoton","url":"https:\/\/safetypartners.fi\/kauppa\/tuote\/langaton-ovikello-r-595p-e-paristoton","name":"Langaton ovikello R 595P-E, paristoton - Safety Partners","isPartOf":{"@id":"https:\/\/safetypartners.fi\/kauppa\/#website"},"primaryImageOfPage":{"@id":"https:\/\/safetypartners.fi\/kauppa\/tuote\/langaton-ovikello-r-595p-e-paristoton#primaryimage"},"image":{"@id":"https:\/\/safetypartners.fi\/kauppa\/tuote\/langaton-ovikello-r-595p-e-paristoton#primaryimage"},"thumbnailUrl":"https:\/\/safetypartners.fi\/kauppa\/wp-content\/uploads\/2024\/10\/Langaton-ovikello-ilman-paristoa.jpg","datePublished":"2024-10-30T14:13:26+00:00","dateModified":"2026-03-15T14:07:54+00:00","description":"Langaton, verkkovirtaan liitett\u00e4v\u00e4 ovikello kineettisell\u00e4 painonapilla toimii ilman paristoja. Painike saa virran painamisen tuottamasta liikkeest\u00e4.","breadcrumb":{"@id":"https:\/\/safetypartners.fi\/kauppa\/tuote\/langaton-ovikello-r-595p-e-paristoton#breadcrumb"},"inLanguage":"fi","potentialAction":[{"@type":"ReadAction","target":["https:\/\/safetypartners.fi\/kauppa\/tuote\/langaton-ovikello-r-595p-e-paristoton"]}]},{"@type":"ImageObject","inLanguage":"fi","@id":"https:\/\/safetypartners.fi\/kauppa\/tuote\/langaton-ovikello-r-595p-e-paristoton#primaryimage","url":"https:\/\/safetypartners.fi\/kauppa\/wp-content\/uploads\/2024\/10\/Langaton-ovikello-ilman-paristoa.jpg","contentUrl":"https:\/\/safetypartners.fi\/kauppa\/wp-content\/uploads\/2024\/10\/Langaton-ovikello-ilman-paristoa.jpg","width":600,"height":600,"caption":"Langaton ovikello ilman paristoa, R 595P-E"},{"@type":"BreadcrumbList","@id":"https:\/\/safetypartners.fi\/kauppa\/tuote\/langaton-ovikello-r-595p-e-paristoton#breadcrumb","itemListElement":[{"@type":"ListItem","position":1,"name":"Home","item":"https:\/\/safetypartners.fi\/kauppa\/"},{"@type":"ListItem","position":2,"name":"Kauppa","item":"https:\/\/safetypartners.fi\/kauppa\/kauppa"},{"@type":"ListItem","position":3,"name":"Langaton ovikello R 595P-E, paristoton"}]},{"@type":"WebSite","@id":"https:\/\/safetypartners.fi\/kauppa\/#website","url":"https:\/\/safetypartners.fi\/kauppa\/","name":"Safety Partners","description":"Safety Partners turvakauppa palvelee verkossa 24\/7!","publisher":{"@id":"https:\/\/safetypartners.fi\/kauppa\/#organization"},"potentialAction":[{"@type":"SearchAction","target":{"@type":"EntryPoint","urlTemplate":"https:\/\/safetypartners.fi\/kauppa\/?s={search_term_string}"},"query-input":{"@type":"PropertyValueSpecification","valueRequired":true,"valueName":"search_term_string"}}],"inLanguage":"fi"},{"@type":"Organization","@id":"https:\/\/safetypartners.fi\/kauppa\/#organization","name":"Safety Partners | Suomen Sammutinpalvelu","url":"https:\/\/safetypartners.fi\/kauppa\/","logo":{"@type":"ImageObject","inLanguage":"fi","@id":"https:\/\/safetypartners.fi\/kauppa\/#\/schema\/logo\/image\/","url":"https:\/\/safetypartners.fi\/kauppa\/wp-content\/uploads\/2020\/05\/cropped-Logoke-1.jpg","contentUrl":"https:\/\/safetypartners.fi\/kauppa\/wp-content\/uploads\/2020\/05\/cropped-Logoke-1.jpg","width":847,"height":717,"caption":"Safety Partners | Suomen Sammutinpalvelu"},"image":{"@id":"https:\/\/safetypartners.fi\/kauppa\/#\/schema\/logo\/image\/"}}]}},"uagb_featured_image_src":{"full":["https:\/\/safetypartners.fi\/kauppa\/wp-content\/uploads\/2024\/10\/Langaton-ovikello-ilman-paristoa.jpg",600,600,false],"thumbnail":["https:\/\/safetypartners.fi\/kauppa\/wp-content\/uploads\/2024\/10\/Langaton-ovikello-ilman-paristoa-150x150.jpg",150,150,true],"medium":["https:\/\/safetypartners.fi\/kauppa\/wp-content\/uploads\/2024\/10\/Langaton-ovikello-ilman-paristoa-300x300.jpg",300,300,true],"medium_large":["https:\/\/safetypartners.fi\/kauppa\/wp-content\/uploads\/2024\/10\/Langaton-ovikello-ilman-paristoa.jpg",600,600,false],"large":["https:\/\/safetypartners.fi\/kauppa\/wp-content\/uploads\/2024\/10\/Langaton-ovikello-ilman-paristoa.jpg",600,600,false],"1536x1536":["https:\/\/safetypartners.fi\/kauppa\/wp-content\/uploads\/2024\/10\/Langaton-ovikello-ilman-paristoa.jpg",600,600,false],"2048x2048":["https:\/\/safetypartners.fi\/kauppa\/wp-content\/uploads\/2024\/10\/Langaton-ovikello-ilman-paristoa.jpg",600,600,false],"woocommerce_thumbnail":["https:\/\/safetypartners.fi\/kauppa\/wp-content\/uploads\/2024\/10\/Langaton-ovikello-ilman-paristoa-300x300.jpg",300,300,true],"woocommerce_single":["https:\/\/safetypartners.fi\/kauppa\/wp-content\/uploads\/2024\/10\/Langaton-ovikello-ilman-paristoa.jpg",600,600,false],"woocommerce_gallery_thumbnail":["https:\/\/safetypartners.fi\/kauppa\/wp-content\/uploads\/2024\/10\/Langaton-ovikello-ilman-paristoa-100x100.jpg",100,100,true]},"uagb_author_info":{"display_name":"Anu Lehto","author_link":"https:\/\/safetypartners.fi\/kauppa\/author"},"uagb_comment_info":0,"uagb_excerpt":"Langaton verkkovirtaovikello kineettisell\u00e4 painonapilla toimii ilman paristoja - painike saa virran painamisen tuottamasta liikkeest\u00e4. Ovikellon vastaanottimeen ei my\u00f6sk\u00e4\u00e4n tarvita paristoja vaan vastaanotin liitet\u00e4\u00e4n suoraan verkkovirtapistokkeeseen. Vastaanotin ja painonappi l\u00f6yt\u00e4v\u00e4t automaattisesti toisensa kun vastaanotin on liitetty verkkovirtapistokkeeseen. Osien yhteensaattaminen on siis huomattavan helppoa. Vastaanottimen kirkas LED-valo toimii tarvittaessa my\u00f6s y\u00f6valona.","_links":{"self":[{"href":"https:\/\/safetypartners.fi\/kauppa\/wp-json\/wp\/v2\/product\/2299","targetHints":{"allow":["GET"]}}],"collection":[{"href":"https:\/\/safetypartners.fi\/kauppa\/wp-json\/wp\/v2\/product"}],"about":[{"href":"https:\/\/safetypartners.fi\/kauppa\/wp-json\/wp\/v2\/types\/product"}],"replies":[{"embeddable":true,"href":"https:\/\/safetypartners.fi\/kauppa\/wp-json\/wp\/v2\/comments?post=2299"}],"version-history":[{"count":3,"href":"https:\/\/safetypartners.fi\/kauppa\/wp-json\/wp\/v2\/product\/2299\/revisions"}],"predecessor-version":[{"id":2311,"href":"https:\/\/safetypartners.fi\/kauppa\/wp-json\/wp\/v2\/product\/2299\/revisions\/2311"}],"wp:featuredmedia":[{"embeddable":true,"href":"https:\/\/safetypartners.fi\/kauppa\/wp-json\/wp\/v2\/media\/2301"}],"wp:attachment":[{"href":"https:\/\/safetypartners.fi\/kauppa\/wp-json\/wp\/v2\/media?parent=2299"}],"wp:term":[{"taxonomy":"product_brand","embeddable":true,"href":"https:\/\/safetypartners.fi\/kauppa\/wp-json\/wp\/v2\/product_brand?post=2299"},{"taxonomy":"product_cat","embeddable":true,"href":"https:\/\/safetypartners.fi\/kauppa\/wp-json\/wp\/v2\/product_cat?post=2299"},{"taxonomy":"product_tag","embeddable":true,"href":"https:\/\/safetypartners.fi\/kauppa\/wp-json\/wp\/v2\/product_tag?post=2299"}],"curies":[{"name":"wp","href":"https:\/\/api.w.org\/{rel}","templated":true}]}}