{"id":2305,"date":"2024-10-30T16:14:34","date_gmt":"2024-10-30T14:14:34","guid":{"rendered":"https:\/\/safetypartners.fi\/kauppa\/?post_type=product&#038;p=2305"},"modified":"2026-01-05T14:35:26","modified_gmt":"2026-01-05T12:35:26","slug":"kineettinen-painonappi-langattomaan-ovikelloon-595e-p","status":"publish","type":"product","link":"https:\/\/safetypartners.fi\/kauppa\/tuote\/kineettinen-painonappi-langattomaan-ovikelloon-595e-p","title":{"rendered":"Kineettinen painonappi langattomaan ovikelloon, 595E-P"},"content":{"rendered":"<p><b>Langattoman ovikellon k\u00e4ytt\u00f6\u00f6notto<\/b><\/p>\n<p>Kytke vastaanotin pistokkeeseen. Testaa, ett\u00e4 painonappi ja vastaanotin tunnistavat toisensa. Kiinnit\u00e4 sitten painonappi haluttuun paikkaan oven pieleen. Ovikello on toimintavalmis!<\/p>\n<p>Ovikellon toimintas\u00e4de on n.100m avoimessa tilassa, joten painonapin ja vastaanottimen asennuksessa tulee ottaa huomioon et\u00e4isyydet ja mahdolliset kiinte\u00e4t esteet, jotka voivat h\u00e4irit\u00e4 ovikellon toimintaa. Pakkaus sis\u00e4lt\u00e4\u00e4 kaikki ovikellon asennukseen ja toimintakuntoon saattamiseen tarvittavat tarvikkeet.<\/p>\n<p><b>Langattomaan ovikelloon on mahdollista lis\u00e4t\u00e4 <a href=\"https:\/\/safetypartners.fi\/kauppa\/tuote\/verkkovirtaovikellon-vastaanotin-595p-e\">vastaanottimia<\/a> ja painonappeja.<\/b><br \/>\n&#8211; yhteen vastaanottimeen voidaan liitt\u00e4\u00e4 enint\u00e4\u00e4n 4 painonappia<br \/>\n&#8211; yksi painonappi voidaan koodata toimimaan rajattomassa m\u00e4\u00e4r\u00e4ss\u00e4 vastaanottimia<\/p>\n<p><strong>Tuotetiedot<br \/>\n<\/strong><\/p>\n<ul>\n<li>Kineettinen painonappi (ei tarvita paristoja)<\/li>\n<li>Vaatii toimiakseen vastaanottimen<\/li>\n<li>Toimintas\u00e4de avoimessa tilassa jopa 100m<\/li>\n<li>Vedenkest\u00e4v\u00e4 painonappi<\/li>\n<li>voidaan lis\u00e4t\u00e4 vastaanottimia ja painonappeja<\/li>\n<\/ul>\n","protected":false},"excerpt":{"rendered":"<div class=\"ProductDescription ProductPageContent__short-description\">\n<div class=\"WysiwygContent\"><strong>Paristoton, kineettinen painonappi<\/strong> langattomalle verkkovirtaovikellolle. Painonappi voidaan liitt\u00e4\u00e4 mallin R 595P-E ovikellon kanssa. Yhteen vastaanottimeen voidaan liitt\u00e4\u00e4 nelj\u00e4 painonappia ja yhteen painonappiin rajaton m\u00e4\u00e4r\u00e4 vastaanottimia.<\/div>\n<div class=\"WysiwygContent\"><strong><br \/>\n<\/strong><a href=\"https:\/\/safetypartners.fi\/kauppa\/tuote\/langaton-ovikello-r-595p-e-paristoton\">Langaton verkkovirtaovikello kineettisell\u00e4 painonapilla<\/a> toimii ilman paristoja &#8211; painike saa virran painamisen tuottamasta liikkeest\u00e4. Ovikellon vastaanottimeen ei my\u00f6sk\u00e4\u00e4n tarvita paristoja vaan vastaanotin liitet\u00e4\u00e4n suoraan verkkovirtapistokkeeseen. Vastaanotin ja painonappi l\u00f6yt\u00e4v\u00e4t automaattisesti toisensa kun vastaanotin on liitetty verkkovirtapistokkeeseen. Osien yhteensaattaminen on siis huomattavan helppoa.<\/div>\n<\/div>\n","protected":false},"featured_media":2306,"comment_status":"open","ping_status":"closed","template":"","meta":{"_uag_custom_page_level_css":"","site-sidebar-layout":"default","site-content-layout":"","ast-site-content-layout":"default","site-content-style":"default","site-sidebar-style":"default","ast-global-header-display":"","ast-banner-title-visibility":"","ast-main-header-display":"","ast-hfb-above-header-display":"","ast-hfb-below-header-display":"","ast-hfb-mobile-header-display":"","site-post-title":"","ast-breadcrumbs-content":"","ast-featured-img":"","footer-sml-layout":"","ast-disable-related-posts":"","theme-transparent-header-meta":"default","adv-header-id-meta":"","stick-header-meta":"default","header-above-stick-meta":"","header-main-stick-meta":"","header-below-stick-meta":"","astra-migrate-meta-layouts":"set","ast-page-background-enabled":"default","ast-page-background-meta":{"desktop":{"background-color":"","background-image":"","background-repeat":"repeat","background-position":"center center","background-size":"auto","background-attachment":"scroll","background-type":"","background-media":"","overlay-type":"","overlay-color":"","overlay-opacity":"","overlay-gradient":""},"tablet":{"background-color":"","background-image":"","background-repeat":"repeat","background-position":"center center","background-size":"auto","background-attachment":"scroll","background-type":"","background-media":"","overlay-type":"","overlay-color":"","overlay-opacity":"","overlay-gradient":""},"mobile":{"background-color":"","background-image":"","background-repeat":"repeat","background-position":"center center","background-size":"auto","background-attachment":"scroll","background-type":"","background-media":"","overlay-type":"","overlay-color":"","overlay-opacity":"","overlay-gradient":""}},"ast-content-background-meta":{"desktop":{"background-color":"var(--ast-global-color-5)","background-image":"","background-repeat":"repeat","background-position":"center center","background-size":"auto","background-attachment":"scroll","background-type":"","background-media":"","overlay-type":"","overlay-color":"","overlay-opacity":"","overlay-gradient":""},"tablet":{"background-color":"var(--ast-global-color-5)","background-image":"","background-repeat":"repeat","background-position":"center center","background-size":"auto","background-attachment":"scroll","background-type":"","background-media":"","overlay-type":"","overlay-color":"","overlay-opacity":"","overlay-gradient":""},"mobile":{"background-color":"var(--ast-global-color-5)","background-image":"","background-repeat":"repeat","background-position":"center center","background-size":"auto","background-attachment":"scroll","background-type":"","background-media":"","overlay-type":"","overlay-color":"","overlay-opacity":"","overlay-gradient":""}}},"product_brand":[],"product_cat":[15,32],"product_tag":[949,941,940,939,942,947,946,948,945,645],"class_list":{"0":"post-2305","1":"product","2":"type-product","3":"status-publish","4":"has-post-thumbnail","6":"product_cat-yleinen","7":"product_cat-koti-ja-omaisuusturva","8":"product_tag-595e-p","9":"product_tag-ilman-paristoja","10":"product_tag-kineettinen-painonappi","11":"product_tag-langaton-ovikello","12":"product_tag-led-valo","13":"product_tag-monta-soittoaanta","14":"product_tag-ovi-kello","15":"product_tag-ovikellon-nappi","16":"product_tag-paristoton","17":"product_tag-vedenkestava","18":"product_shipping_class-suomi","19":"desktop-align-center","20":"tablet-align-center","21":"mobile-align-center","22":"ast-product-gallery-layout-horizontal-slider","23":"ast-product-tabs-layout-horizontal","25":"first","26":"instock","27":"taxable","28":"shipping-taxable","29":"purchasable","30":"product-type-simple"},"yoast_head":"<!-- This site is optimized with the Yoast SEO plugin v27.3 - https:\/\/yoast.com\/product\/yoast-seo-wordpress\/ -->\n<title>Kineettinen painonappi langattomaan ovikelloon, 595E-P - Safety Partners<\/title>\n<meta name=\"description\" content=\"Kineettinen painonappi ovikelloon toimii ilman paristoja. Yhteen painikkeeseen voidaan liitt\u00e4\u00e4 rajaton m\u00e4\u00e4r\u00e4 vastaanottimia. R 595P-E -malliseen ovikelloon.\" \/>\n<meta name=\"robots\" content=\"index, follow, max-snippet:-1, max-image-preview:large, max-video-preview:-1\" \/>\n<link rel=\"canonical\" href=\"https:\/\/safetypartners.fi\/kauppa\/tuote\/kineettinen-painonappi-langattomaan-ovikelloon-595e-p\" \/>\n<meta property=\"og:locale\" content=\"fi_FI\" \/>\n<meta property=\"og:type\" content=\"article\" \/>\n<meta property=\"og:title\" content=\"Kineettinen painonappi langattomaan ovikelloon, 595E-P - Safety Partners\" \/>\n<meta property=\"og:description\" content=\"Kineettinen painonappi ovikelloon toimii ilman paristoja. Yhteen painikkeeseen voidaan liitt\u00e4\u00e4 rajaton m\u00e4\u00e4r\u00e4 vastaanottimia. R 595P-E -malliseen ovikelloon.\" \/>\n<meta property=\"og:url\" content=\"https:\/\/safetypartners.fi\/kauppa\/tuote\/kineettinen-painonappi-langattomaan-ovikelloon-595e-p\" \/>\n<meta property=\"og:site_name\" content=\"Safety Partners\" \/>\n<meta property=\"article:modified_time\" content=\"2026-01-05T12:35:26+00:00\" \/>\n<meta property=\"og:image\" content=\"https:\/\/safetypartners.fi\/kauppa\/wp-content\/uploads\/2024\/10\/Kineettinen-painonappi-langattomaan-ovikelloon-595E-P.jpg\" \/>\n\t<meta property=\"og:image:width\" content=\"302\" \/>\n\t<meta property=\"og:image:height\" content=\"325\" \/>\n\t<meta property=\"og:image:type\" content=\"image\/jpeg\" \/>\n<meta name=\"twitter:card\" content=\"summary_large_image\" \/>\n<meta name=\"twitter:label1\" content=\"Arvioitu lukuaika\" \/>\n\t<meta name=\"twitter:data1\" content=\"1 minuutti\" \/>\n<script type=\"application\/ld+json\" class=\"yoast-schema-graph\">{\"@context\":\"https:\\\/\\\/schema.org\",\"@graph\":[{\"@type\":\"WebPage\",\"@id\":\"https:\\\/\\\/safetypartners.fi\\\/kauppa\\\/tuote\\\/kineettinen-painonappi-langattomaan-ovikelloon-595e-p\",\"url\":\"https:\\\/\\\/safetypartners.fi\\\/kauppa\\\/tuote\\\/kineettinen-painonappi-langattomaan-ovikelloon-595e-p\",\"name\":\"Kineettinen painonappi langattomaan ovikelloon, 595E-P - Safety Partners\",\"isPartOf\":{\"@id\":\"https:\\\/\\\/safetypartners.fi\\\/kauppa\\\/#website\"},\"primaryImageOfPage\":{\"@id\":\"https:\\\/\\\/safetypartners.fi\\\/kauppa\\\/tuote\\\/kineettinen-painonappi-langattomaan-ovikelloon-595e-p#primaryimage\"},\"image\":{\"@id\":\"https:\\\/\\\/safetypartners.fi\\\/kauppa\\\/tuote\\\/kineettinen-painonappi-langattomaan-ovikelloon-595e-p#primaryimage\"},\"thumbnailUrl\":\"https:\\\/\\\/safetypartners.fi\\\/kauppa\\\/wp-content\\\/uploads\\\/2024\\\/10\\\/Kineettinen-painonappi-langattomaan-ovikelloon-595E-P.jpg\",\"datePublished\":\"2024-10-30T14:14:34+00:00\",\"dateModified\":\"2026-01-05T12:35:26+00:00\",\"description\":\"Kineettinen painonappi ovikelloon toimii ilman paristoja. Yhteen painikkeeseen voidaan liitt\u00e4\u00e4 rajaton m\u00e4\u00e4r\u00e4 vastaanottimia. R 595P-E -malliseen ovikelloon.\",\"breadcrumb\":{\"@id\":\"https:\\\/\\\/safetypartners.fi\\\/kauppa\\\/tuote\\\/kineettinen-painonappi-langattomaan-ovikelloon-595e-p#breadcrumb\"},\"inLanguage\":\"fi\",\"potentialAction\":[{\"@type\":\"ReadAction\",\"target\":[\"https:\\\/\\\/safetypartners.fi\\\/kauppa\\\/tuote\\\/kineettinen-painonappi-langattomaan-ovikelloon-595e-p\"]}]},{\"@type\":\"ImageObject\",\"inLanguage\":\"fi\",\"@id\":\"https:\\\/\\\/safetypartners.fi\\\/kauppa\\\/tuote\\\/kineettinen-painonappi-langattomaan-ovikelloon-595e-p#primaryimage\",\"url\":\"https:\\\/\\\/safetypartners.fi\\\/kauppa\\\/wp-content\\\/uploads\\\/2024\\\/10\\\/Kineettinen-painonappi-langattomaan-ovikelloon-595E-P.jpg\",\"contentUrl\":\"https:\\\/\\\/safetypartners.fi\\\/kauppa\\\/wp-content\\\/uploads\\\/2024\\\/10\\\/Kineettinen-painonappi-langattomaan-ovikelloon-595E-P.jpg\",\"width\":302,\"height\":325,\"caption\":\"Kineettinen painonappi langattomaan ovikelloon, 595E-P\"},{\"@type\":\"BreadcrumbList\",\"@id\":\"https:\\\/\\\/safetypartners.fi\\\/kauppa\\\/tuote\\\/kineettinen-painonappi-langattomaan-ovikelloon-595e-p#breadcrumb\",\"itemListElement\":[{\"@type\":\"ListItem\",\"position\":1,\"name\":\"Home\",\"item\":\"https:\\\/\\\/safetypartners.fi\\\/kauppa\\\/\"},{\"@type\":\"ListItem\",\"position\":2,\"name\":\"Kauppa\",\"item\":\"https:\\\/\\\/safetypartners.fi\\\/kauppa\\\/kauppa\"},{\"@type\":\"ListItem\",\"position\":3,\"name\":\"Kineettinen painonappi langattomaan ovikelloon, 595E-P\"}]},{\"@type\":\"WebSite\",\"@id\":\"https:\\\/\\\/safetypartners.fi\\\/kauppa\\\/#website\",\"url\":\"https:\\\/\\\/safetypartners.fi\\\/kauppa\\\/\",\"name\":\"Safety Partners\",\"description\":\"Safety Partners turvakauppa palvelee verkossa 24\\\/7!\",\"publisher\":{\"@id\":\"https:\\\/\\\/safetypartners.fi\\\/kauppa\\\/#organization\"},\"potentialAction\":[{\"@type\":\"SearchAction\",\"target\":{\"@type\":\"EntryPoint\",\"urlTemplate\":\"https:\\\/\\\/safetypartners.fi\\\/kauppa\\\/?s={search_term_string}\"},\"query-input\":{\"@type\":\"PropertyValueSpecification\",\"valueRequired\":true,\"valueName\":\"search_term_string\"}}],\"inLanguage\":\"fi\"},{\"@type\":\"Organization\",\"@id\":\"https:\\\/\\\/safetypartners.fi\\\/kauppa\\\/#organization\",\"name\":\"Safety Partners | Suomen Sammutinpalvelu\",\"url\":\"https:\\\/\\\/safetypartners.fi\\\/kauppa\\\/\",\"logo\":{\"@type\":\"ImageObject\",\"inLanguage\":\"fi\",\"@id\":\"https:\\\/\\\/safetypartners.fi\\\/kauppa\\\/#\\\/schema\\\/logo\\\/image\\\/\",\"url\":\"https:\\\/\\\/safetypartners.fi\\\/kauppa\\\/wp-content\\\/uploads\\\/2020\\\/05\\\/cropped-Logoke-1.jpg\",\"contentUrl\":\"https:\\\/\\\/safetypartners.fi\\\/kauppa\\\/wp-content\\\/uploads\\\/2020\\\/05\\\/cropped-Logoke-1.jpg\",\"width\":847,\"height\":717,\"caption\":\"Safety Partners | Suomen Sammutinpalvelu\"},\"image\":{\"@id\":\"https:\\\/\\\/safetypartners.fi\\\/kauppa\\\/#\\\/schema\\\/logo\\\/image\\\/\"}}]}<\/script>\n<!-- \/ Yoast SEO plugin. -->","yoast_head_json":{"title":"Kineettinen painonappi langattomaan ovikelloon, 595E-P - Safety Partners","description":"Kineettinen painonappi ovikelloon toimii ilman paristoja. Yhteen painikkeeseen voidaan liitt\u00e4\u00e4 rajaton m\u00e4\u00e4r\u00e4 vastaanottimia. R 595P-E -malliseen ovikelloon.","robots":{"index":"index","follow":"follow","max-snippet":"max-snippet:-1","max-image-preview":"max-image-preview:large","max-video-preview":"max-video-preview:-1"},"canonical":"https:\/\/safetypartners.fi\/kauppa\/tuote\/kineettinen-painonappi-langattomaan-ovikelloon-595e-p","og_locale":"fi_FI","og_type":"article","og_title":"Kineettinen painonappi langattomaan ovikelloon, 595E-P - Safety Partners","og_description":"Kineettinen painonappi ovikelloon toimii ilman paristoja. Yhteen painikkeeseen voidaan liitt\u00e4\u00e4 rajaton m\u00e4\u00e4r\u00e4 vastaanottimia. R 595P-E -malliseen ovikelloon.","og_url":"https:\/\/safetypartners.fi\/kauppa\/tuote\/kineettinen-painonappi-langattomaan-ovikelloon-595e-p","og_site_name":"Safety Partners","article_modified_time":"2026-01-05T12:35:26+00:00","og_image":[{"width":302,"height":325,"url":"https:\/\/safetypartners.fi\/kauppa\/wp-content\/uploads\/2024\/10\/Kineettinen-painonappi-langattomaan-ovikelloon-595E-P.jpg","type":"image\/jpeg"}],"twitter_card":"summary_large_image","twitter_misc":{"Arvioitu lukuaika":"1 minuutti"},"schema":{"@context":"https:\/\/schema.org","@graph":[{"@type":"WebPage","@id":"https:\/\/safetypartners.fi\/kauppa\/tuote\/kineettinen-painonappi-langattomaan-ovikelloon-595e-p","url":"https:\/\/safetypartners.fi\/kauppa\/tuote\/kineettinen-painonappi-langattomaan-ovikelloon-595e-p","name":"Kineettinen painonappi langattomaan ovikelloon, 595E-P - Safety Partners","isPartOf":{"@id":"https:\/\/safetypartners.fi\/kauppa\/#website"},"primaryImageOfPage":{"@id":"https:\/\/safetypartners.fi\/kauppa\/tuote\/kineettinen-painonappi-langattomaan-ovikelloon-595e-p#primaryimage"},"image":{"@id":"https:\/\/safetypartners.fi\/kauppa\/tuote\/kineettinen-painonappi-langattomaan-ovikelloon-595e-p#primaryimage"},"thumbnailUrl":"https:\/\/safetypartners.fi\/kauppa\/wp-content\/uploads\/2024\/10\/Kineettinen-painonappi-langattomaan-ovikelloon-595E-P.jpg","datePublished":"2024-10-30T14:14:34+00:00","dateModified":"2026-01-05T12:35:26+00:00","description":"Kineettinen painonappi ovikelloon toimii ilman paristoja. Yhteen painikkeeseen voidaan liitt\u00e4\u00e4 rajaton m\u00e4\u00e4r\u00e4 vastaanottimia. R 595P-E -malliseen ovikelloon.","breadcrumb":{"@id":"https:\/\/safetypartners.fi\/kauppa\/tuote\/kineettinen-painonappi-langattomaan-ovikelloon-595e-p#breadcrumb"},"inLanguage":"fi","potentialAction":[{"@type":"ReadAction","target":["https:\/\/safetypartners.fi\/kauppa\/tuote\/kineettinen-painonappi-langattomaan-ovikelloon-595e-p"]}]},{"@type":"ImageObject","inLanguage":"fi","@id":"https:\/\/safetypartners.fi\/kauppa\/tuote\/kineettinen-painonappi-langattomaan-ovikelloon-595e-p#primaryimage","url":"https:\/\/safetypartners.fi\/kauppa\/wp-content\/uploads\/2024\/10\/Kineettinen-painonappi-langattomaan-ovikelloon-595E-P.jpg","contentUrl":"https:\/\/safetypartners.fi\/kauppa\/wp-content\/uploads\/2024\/10\/Kineettinen-painonappi-langattomaan-ovikelloon-595E-P.jpg","width":302,"height":325,"caption":"Kineettinen painonappi langattomaan ovikelloon, 595E-P"},{"@type":"BreadcrumbList","@id":"https:\/\/safetypartners.fi\/kauppa\/tuote\/kineettinen-painonappi-langattomaan-ovikelloon-595e-p#breadcrumb","itemListElement":[{"@type":"ListItem","position":1,"name":"Home","item":"https:\/\/safetypartners.fi\/kauppa\/"},{"@type":"ListItem","position":2,"name":"Kauppa","item":"https:\/\/safetypartners.fi\/kauppa\/kauppa"},{"@type":"ListItem","position":3,"name":"Kineettinen painonappi langattomaan ovikelloon, 595E-P"}]},{"@type":"WebSite","@id":"https:\/\/safetypartners.fi\/kauppa\/#website","url":"https:\/\/safetypartners.fi\/kauppa\/","name":"Safety Partners","description":"Safety Partners turvakauppa palvelee verkossa 24\/7!","publisher":{"@id":"https:\/\/safetypartners.fi\/kauppa\/#organization"},"potentialAction":[{"@type":"SearchAction","target":{"@type":"EntryPoint","urlTemplate":"https:\/\/safetypartners.fi\/kauppa\/?s={search_term_string}"},"query-input":{"@type":"PropertyValueSpecification","valueRequired":true,"valueName":"search_term_string"}}],"inLanguage":"fi"},{"@type":"Organization","@id":"https:\/\/safetypartners.fi\/kauppa\/#organization","name":"Safety Partners | Suomen Sammutinpalvelu","url":"https:\/\/safetypartners.fi\/kauppa\/","logo":{"@type":"ImageObject","inLanguage":"fi","@id":"https:\/\/safetypartners.fi\/kauppa\/#\/schema\/logo\/image\/","url":"https:\/\/safetypartners.fi\/kauppa\/wp-content\/uploads\/2020\/05\/cropped-Logoke-1.jpg","contentUrl":"https:\/\/safetypartners.fi\/kauppa\/wp-content\/uploads\/2020\/05\/cropped-Logoke-1.jpg","width":847,"height":717,"caption":"Safety Partners | Suomen Sammutinpalvelu"},"image":{"@id":"https:\/\/safetypartners.fi\/kauppa\/#\/schema\/logo\/image\/"}}]}},"uagb_featured_image_src":{"full":["https:\/\/safetypartners.fi\/kauppa\/wp-content\/uploads\/2024\/10\/Kineettinen-painonappi-langattomaan-ovikelloon-595E-P.jpg",302,325,false],"thumbnail":["https:\/\/safetypartners.fi\/kauppa\/wp-content\/uploads\/2024\/10\/Kineettinen-painonappi-langattomaan-ovikelloon-595E-P-150x150.jpg",150,150,true],"medium":["https:\/\/safetypartners.fi\/kauppa\/wp-content\/uploads\/2024\/10\/Kineettinen-painonappi-langattomaan-ovikelloon-595E-P-279x300.jpg",279,300,true],"medium_large":["https:\/\/safetypartners.fi\/kauppa\/wp-content\/uploads\/2024\/10\/Kineettinen-painonappi-langattomaan-ovikelloon-595E-P.jpg",302,325,false],"large":["https:\/\/safetypartners.fi\/kauppa\/wp-content\/uploads\/2024\/10\/Kineettinen-painonappi-langattomaan-ovikelloon-595E-P.jpg",302,325,false],"1536x1536":["https:\/\/safetypartners.fi\/kauppa\/wp-content\/uploads\/2024\/10\/Kineettinen-painonappi-langattomaan-ovikelloon-595E-P.jpg",302,325,false],"2048x2048":["https:\/\/safetypartners.fi\/kauppa\/wp-content\/uploads\/2024\/10\/Kineettinen-painonappi-langattomaan-ovikelloon-595E-P.jpg",302,325,false],"woocommerce_thumbnail":["https:\/\/safetypartners.fi\/kauppa\/wp-content\/uploads\/2024\/10\/Kineettinen-painonappi-langattomaan-ovikelloon-595E-P-300x300.jpg",300,300,true],"woocommerce_single":["https:\/\/safetypartners.fi\/kauppa\/wp-content\/uploads\/2024\/10\/Kineettinen-painonappi-langattomaan-ovikelloon-595E-P.jpg",302,325,false],"woocommerce_gallery_thumbnail":["https:\/\/safetypartners.fi\/kauppa\/wp-content\/uploads\/2024\/10\/Kineettinen-painonappi-langattomaan-ovikelloon-595E-P-100x100.jpg",100,100,true]},"uagb_author_info":{"display_name":"Anu Lehto","author_link":"https:\/\/safetypartners.fi\/kauppa\/author"},"uagb_comment_info":0,"uagb_excerpt":"Paristoton, kineettinen painonappi langattomalle verkkovirtaovikellolle. Painonappi voidaan liitt\u00e4\u00e4 mallin R 595P-E ovikellon kanssa. Yhteen vastaanottimeen voidaan liitt\u00e4\u00e4 nelj\u00e4 painonappia ja yhteen painonappiin rajaton m\u00e4\u00e4r\u00e4 vastaanottimia. Langaton verkkovirtaovikello kineettisell\u00e4 painonapilla toimii ilman paristoja - painike saa virran painamisen tuottamasta liikkeest\u00e4. Ovikellon vastaanottimeen ei my\u00f6sk\u00e4\u00e4n tarvita paristoja vaan vastaanotin liitet\u00e4\u00e4n suoraan verkkovirtapistokkeeseen. Vastaanotin ja painonappi l\u00f6yt\u00e4v\u00e4t automaattisesti&hellip;","_links":{"self":[{"href":"https:\/\/safetypartners.fi\/kauppa\/wp-json\/wp\/v2\/product\/2305","targetHints":{"allow":["GET"]}}],"collection":[{"href":"https:\/\/safetypartners.fi\/kauppa\/wp-json\/wp\/v2\/product"}],"about":[{"href":"https:\/\/safetypartners.fi\/kauppa\/wp-json\/wp\/v2\/types\/product"}],"replies":[{"embeddable":true,"href":"https:\/\/safetypartners.fi\/kauppa\/wp-json\/wp\/v2\/comments?post=2305"}],"version-history":[{"count":2,"href":"https:\/\/safetypartners.fi\/kauppa\/wp-json\/wp\/v2\/product\/2305\/revisions"}],"predecessor-version":[{"id":2313,"href":"https:\/\/safetypartners.fi\/kauppa\/wp-json\/wp\/v2\/product\/2305\/revisions\/2313"}],"wp:featuredmedia":[{"embeddable":true,"href":"https:\/\/safetypartners.fi\/kauppa\/wp-json\/wp\/v2\/media\/2306"}],"wp:attachment":[{"href":"https:\/\/safetypartners.fi\/kauppa\/wp-json\/wp\/v2\/media?parent=2305"}],"wp:term":[{"taxonomy":"product_brand","embeddable":true,"href":"https:\/\/safetypartners.fi\/kauppa\/wp-json\/wp\/v2\/product_brand?post=2305"},{"taxonomy":"product_cat","embeddable":true,"href":"https:\/\/safetypartners.fi\/kauppa\/wp-json\/wp\/v2\/product_cat?post=2305"},{"taxonomy":"product_tag","embeddable":true,"href":"https:\/\/safetypartners.fi\/kauppa\/wp-json\/wp\/v2\/product_tag?post=2305"}],"curies":[{"name":"wp","href":"https:\/\/api.w.org\/{rel}","templated":true}]}}