{"id":2308,"date":"2024-10-30T16:31:48","date_gmt":"2024-10-30T14:31:48","guid":{"rendered":"https:\/\/safetypartners.fi\/kauppa\/?post_type=product&#038;p=2308"},"modified":"2026-01-05T14:36:24","modified_gmt":"2026-01-05T12:36:24","slug":"verkkovirtaovikellon-vastaanotin-595p-e","status":"publish","type":"product","link":"https:\/\/safetypartners.fi\/kauppa\/tuote\/verkkovirtaovikellon-vastaanotin-595p-e","title":{"rendered":"Verkkovirtaovikellon vastaanotin, 595P-E"},"content":{"rendered":"<p><b>Langattoman ovikellon k\u00e4ytt\u00f6\u00f6notto<\/b><\/p>\n<p>Kytke vastaanotin pistokkeeseen. Testaa, ett\u00e4 painonappi ja vastaanotin tunnistavat toisensa. Kiinnit\u00e4 sitten painonappi haluttuun paikkaan oven pieleen. Ovikello on toimintavalmis!<\/p>\n<p>Ovikellon toimintas\u00e4de on n.100m avoimessa tilassa, joten painonapin ja vastaanottimen asennuksessa tulee ottaa huomioon et\u00e4isyydet ja mahdolliset kiinte\u00e4t esteet, jotka voivat h\u00e4irit\u00e4 ovikellon toimintaa. Pakkaus sis\u00e4lt\u00e4\u00e4 kaikki ovikellon asennukseen ja toimintakuntoon saattamiseen tarvittavat tarvikkeet.<\/p>\n<p><b><a href=\"https:\/\/safetypartners.fi\/kauppa\/tuote\/langaton-ovikello-r-595p-e-paristoton\">Langattomaan ovikelloon<\/a> on mahdollista lis\u00e4t\u00e4 vastaanottimia ja <a href=\"https:\/\/safetypartners.fi\/kauppa\/tuote\/kineettinen-painonappi-langattomaan-ovikelloon-595e-p\">painonappeja<\/a>.<\/b><br \/>\n&#8211; yhteen vastaanottimeen voidaan liitt\u00e4\u00e4 enint\u00e4\u00e4n 4 painonappia<br \/>\n&#8211; yksi painonappi voidaan koodata toimimaan rajattomassa m\u00e4\u00e4r\u00e4ss\u00e4 vastaanottimia<\/p>\n<p><strong>Tuotetiedot<\/strong><\/p>\n<ul>\n<li>Pistokkeeseen laitettava vastaanotin<\/li>\n<li>32 erilaista soitto\u00e4\u00e4nt\u00e4<\/li>\n<li>\u00c4\u00e4nenvoimakkuuden s\u00e4\u00e4t\u00f6<\/li>\n<li>Toimintas\u00e4de avoimessa tilassa jopa 100m<\/li>\n<li>Vastaanottimessa kolme toimintoa:<br \/>\n<strong>FLASH<\/strong> &#8211; vilkkuva ledivalo<br \/>\n<strong>SOUND<\/strong> &#8211; pelkk\u00e4 \u00e4\u00e4ni<br \/>\n<strong>FLASH &amp; SOUND<\/strong> &#8211; vilkkuva ledivalo ja \u00e4\u00e4ni<\/li>\n<li>voidaan lis\u00e4t\u00e4 vastaanottimia ja painonappeja<\/li>\n<li>pakkauksen sis\u00e4lt\u00f6: vastaanotin, k\u00e4ytt\u00f6ohje<\/li>\n<li><strong>Huom!<\/strong> pakkaus ei sis\u00e4ll\u00e4 <a href=\"https:\/\/safetypartners.fi\/kauppa\/tuote\/kineettinen-painonappi-langattomaan-ovikelloon-595e-p\">painonappia<\/a>. Tilattava erikseen.<\/li>\n<\/ul>\n","protected":false},"excerpt":{"rendered":"<div class=\"ProductDescription ProductPageContent__short-description\">\n<div class=\"WysiwygContent\">\n<p><strong>Lis\u00e4vastaanotin langattomaan verkkovirtaovikelloon<\/strong>. T\u00e4m\u00e4n ovikellon vastaanotin ei vaadi paristoja toimiakseen, vaan vastaanotin liitet\u00e4\u00e4n suoraan verkkovirtapistokkeeseen. Vastaanotin toimii yhdess\u00e4 <a href=\"https:\/\/safetypartners.fi\/kauppa\/tuote\/kineettinen-painonappi-langattomaan-ovikelloon-595e-p\">painonapin<\/a> kanssa. Yhteen vastaanottimeen voidaan liitt\u00e4\u00e4 nelj\u00e4 painonappia. Vastaanotin ja painonappi l\u00f6yt\u00e4v\u00e4t automaattisesti toisensa kun vastaanotin on liitetty verkkovirtapistokkeesen. Vastaanottimen kirkas LED-valo toimii tarvittaessa my\u00f6s y\u00f6valona.<\/p>\n<p>Langaton ovikellosetti on saatavilla <a href=\"https:\/\/safetypartners.fi\/kauppa\/tuote\/langaton-ovikello-r-595p-e-paristoton\">t\u00e4\u00e4ll\u00e4<\/a>.<\/p>\n<\/div>\n<\/div>\n","protected":false},"featured_media":2309,"comment_status":"open","ping_status":"closed","template":"","meta":{"_uag_custom_page_level_css":"","site-sidebar-layout":"default","site-content-layout":"","ast-site-content-layout":"default","site-content-style":"default","site-sidebar-style":"default","ast-global-header-display":"","ast-banner-title-visibility":"","ast-main-header-display":"","ast-hfb-above-header-display":"","ast-hfb-below-header-display":"","ast-hfb-mobile-header-display":"","site-post-title":"","ast-breadcrumbs-content":"","ast-featured-img":"","footer-sml-layout":"","ast-disable-related-posts":"","theme-transparent-header-meta":"default","adv-header-id-meta":"","stick-header-meta":"default","header-above-stick-meta":"","header-main-stick-meta":"","header-below-stick-meta":"","astra-migrate-meta-layouts":"set","ast-page-background-enabled":"default","ast-page-background-meta":{"desktop":{"background-color":"","background-image":"","background-repeat":"repeat","background-position":"center center","background-size":"auto","background-attachment":"scroll","background-type":"","background-media":"","overlay-type":"","overlay-color":"","overlay-opacity":"","overlay-gradient":""},"tablet":{"background-color":"","background-image":"","background-repeat":"repeat","background-position":"center center","background-size":"auto","background-attachment":"scroll","background-type":"","background-media":"","overlay-type":"","overlay-color":"","overlay-opacity":"","overlay-gradient":""},"mobile":{"background-color":"","background-image":"","background-repeat":"repeat","background-position":"center center","background-size":"auto","background-attachment":"scroll","background-type":"","background-media":"","overlay-type":"","overlay-color":"","overlay-opacity":"","overlay-gradient":""}},"ast-content-background-meta":{"desktop":{"background-color":"var(--ast-global-color-5)","background-image":"","background-repeat":"repeat","background-position":"center center","background-size":"auto","background-attachment":"scroll","background-type":"","background-media":"","overlay-type":"","overlay-color":"","overlay-opacity":"","overlay-gradient":""},"tablet":{"background-color":"var(--ast-global-color-5)","background-image":"","background-repeat":"repeat","background-position":"center center","background-size":"auto","background-attachment":"scroll","background-type":"","background-media":"","overlay-type":"","overlay-color":"","overlay-opacity":"","overlay-gradient":""},"mobile":{"background-color":"var(--ast-global-color-5)","background-image":"","background-repeat":"repeat","background-position":"center center","background-size":"auto","background-attachment":"scroll","background-type":"","background-media":"","overlay-type":"","overlay-color":"","overlay-opacity":"","overlay-gradient":""}}},"product_brand":[],"product_cat":[15,32],"product_tag":[949,941,939,942,952,947,946,945,951,950],"class_list":{"0":"post-2308","1":"product","2":"type-product","3":"status-publish","4":"has-post-thumbnail","6":"product_cat-yleinen","7":"product_cat-koti-ja-omaisuusturva","8":"product_tag-595e-p","9":"product_tag-ilman-paristoja","10":"product_tag-langaton-ovikello","11":"product_tag-led-valo","12":"product_tag-lisa-osa","13":"product_tag-monta-soittoaanta","14":"product_tag-ovi-kello","15":"product_tag-paristoton","16":"product_tag-vastaanotin","17":"product_tag-verkkovirtaovikello","18":"product_shipping_class-suomi","19":"desktop-align-center","20":"tablet-align-center","21":"mobile-align-center","22":"ast-product-gallery-layout-horizontal-slider","23":"ast-product-tabs-layout-horizontal","25":"first","26":"instock","27":"taxable","28":"shipping-taxable","29":"purchasable","30":"product-type-simple"},"yoast_head":"<!-- This site is optimized with the Yoast SEO plugin v27.3 - https:\/\/yoast.com\/product\/yoast-seo-wordpress\/ -->\n<title>Verkkovirtaovikellon vastaanotin, 595P-E - Safety Partners<\/title>\n<meta name=\"description\" content=\"Lis\u00e4vastaanotin langattomaan verkkovirtaovikelloon. Ovikellon vastaanotin liitet\u00e4\u00e4n suoraan verkkovirtapistokkeeseen. LED-y\u00f6valotoiminto.\" \/>\n<meta name=\"robots\" content=\"index, follow, max-snippet:-1, max-image-preview:large, max-video-preview:-1\" \/>\n<link rel=\"canonical\" href=\"https:\/\/safetypartners.fi\/kauppa\/tuote\/verkkovirtaovikellon-vastaanotin-595p-e\" \/>\n<meta property=\"og:locale\" content=\"fi_FI\" \/>\n<meta property=\"og:type\" content=\"article\" \/>\n<meta property=\"og:title\" content=\"Verkkovirtaovikellon vastaanotin, 595P-E - Safety Partners\" \/>\n<meta property=\"og:description\" content=\"Lis\u00e4vastaanotin langattomaan verkkovirtaovikelloon. Ovikellon vastaanotin liitet\u00e4\u00e4n suoraan verkkovirtapistokkeeseen. LED-y\u00f6valotoiminto.\" \/>\n<meta property=\"og:url\" content=\"https:\/\/safetypartners.fi\/kauppa\/tuote\/verkkovirtaovikellon-vastaanotin-595p-e\" \/>\n<meta property=\"og:site_name\" content=\"Safety Partners\" \/>\n<meta property=\"article:modified_time\" content=\"2026-01-05T12:36:24+00:00\" \/>\n<meta property=\"og:image\" content=\"https:\/\/safetypartners.fi\/kauppa\/wp-content\/uploads\/2024\/10\/Verkkovirta-ovikellon-595P-E-vastaanotin.jpg\" \/>\n\t<meta property=\"og:image:width\" content=\"600\" \/>\n\t<meta property=\"og:image:height\" content=\"600\" \/>\n\t<meta property=\"og:image:type\" content=\"image\/jpeg\" \/>\n<meta name=\"twitter:card\" content=\"summary_large_image\" \/>\n<meta name=\"twitter:label1\" content=\"Arvioitu lukuaika\" \/>\n\t<meta name=\"twitter:data1\" content=\"1 minuutti\" \/>\n<script type=\"application\/ld+json\" class=\"yoast-schema-graph\">{\"@context\":\"https:\\\/\\\/schema.org\",\"@graph\":[{\"@type\":\"WebPage\",\"@id\":\"https:\\\/\\\/safetypartners.fi\\\/kauppa\\\/tuote\\\/verkkovirtaovikellon-vastaanotin-595p-e\",\"url\":\"https:\\\/\\\/safetypartners.fi\\\/kauppa\\\/tuote\\\/verkkovirtaovikellon-vastaanotin-595p-e\",\"name\":\"Verkkovirtaovikellon vastaanotin, 595P-E - Safety Partners\",\"isPartOf\":{\"@id\":\"https:\\\/\\\/safetypartners.fi\\\/kauppa\\\/#website\"},\"primaryImageOfPage\":{\"@id\":\"https:\\\/\\\/safetypartners.fi\\\/kauppa\\\/tuote\\\/verkkovirtaovikellon-vastaanotin-595p-e#primaryimage\"},\"image\":{\"@id\":\"https:\\\/\\\/safetypartners.fi\\\/kauppa\\\/tuote\\\/verkkovirtaovikellon-vastaanotin-595p-e#primaryimage\"},\"thumbnailUrl\":\"https:\\\/\\\/safetypartners.fi\\\/kauppa\\\/wp-content\\\/uploads\\\/2024\\\/10\\\/Verkkovirta-ovikellon-595P-E-vastaanotin.jpg\",\"datePublished\":\"2024-10-30T14:31:48+00:00\",\"dateModified\":\"2026-01-05T12:36:24+00:00\",\"description\":\"Lis\u00e4vastaanotin langattomaan verkkovirtaovikelloon. Ovikellon vastaanotin liitet\u00e4\u00e4n suoraan verkkovirtapistokkeeseen. LED-y\u00f6valotoiminto.\",\"breadcrumb\":{\"@id\":\"https:\\\/\\\/safetypartners.fi\\\/kauppa\\\/tuote\\\/verkkovirtaovikellon-vastaanotin-595p-e#breadcrumb\"},\"inLanguage\":\"fi\",\"potentialAction\":[{\"@type\":\"ReadAction\",\"target\":[\"https:\\\/\\\/safetypartners.fi\\\/kauppa\\\/tuote\\\/verkkovirtaovikellon-vastaanotin-595p-e\"]}]},{\"@type\":\"ImageObject\",\"inLanguage\":\"fi\",\"@id\":\"https:\\\/\\\/safetypartners.fi\\\/kauppa\\\/tuote\\\/verkkovirtaovikellon-vastaanotin-595p-e#primaryimage\",\"url\":\"https:\\\/\\\/safetypartners.fi\\\/kauppa\\\/wp-content\\\/uploads\\\/2024\\\/10\\\/Verkkovirta-ovikellon-595P-E-vastaanotin.jpg\",\"contentUrl\":\"https:\\\/\\\/safetypartners.fi\\\/kauppa\\\/wp-content\\\/uploads\\\/2024\\\/10\\\/Verkkovirta-ovikellon-595P-E-vastaanotin.jpg\",\"width\":600,\"height\":600,\"caption\":\"Verkkovirta ovikellon 595P-E vastaanotin\"},{\"@type\":\"BreadcrumbList\",\"@id\":\"https:\\\/\\\/safetypartners.fi\\\/kauppa\\\/tuote\\\/verkkovirtaovikellon-vastaanotin-595p-e#breadcrumb\",\"itemListElement\":[{\"@type\":\"ListItem\",\"position\":1,\"name\":\"Home\",\"item\":\"https:\\\/\\\/safetypartners.fi\\\/kauppa\\\/\"},{\"@type\":\"ListItem\",\"position\":2,\"name\":\"Kauppa\",\"item\":\"https:\\\/\\\/safetypartners.fi\\\/kauppa\\\/kauppa\"},{\"@type\":\"ListItem\",\"position\":3,\"name\":\"Verkkovirtaovikellon vastaanotin, 595P-E\"}]},{\"@type\":\"WebSite\",\"@id\":\"https:\\\/\\\/safetypartners.fi\\\/kauppa\\\/#website\",\"url\":\"https:\\\/\\\/safetypartners.fi\\\/kauppa\\\/\",\"name\":\"Safety Partners\",\"description\":\"Safety Partners turvakauppa palvelee verkossa 24\\\/7!\",\"publisher\":{\"@id\":\"https:\\\/\\\/safetypartners.fi\\\/kauppa\\\/#organization\"},\"potentialAction\":[{\"@type\":\"SearchAction\",\"target\":{\"@type\":\"EntryPoint\",\"urlTemplate\":\"https:\\\/\\\/safetypartners.fi\\\/kauppa\\\/?s={search_term_string}\"},\"query-input\":{\"@type\":\"PropertyValueSpecification\",\"valueRequired\":true,\"valueName\":\"search_term_string\"}}],\"inLanguage\":\"fi\"},{\"@type\":\"Organization\",\"@id\":\"https:\\\/\\\/safetypartners.fi\\\/kauppa\\\/#organization\",\"name\":\"Safety Partners | Suomen Sammutinpalvelu\",\"url\":\"https:\\\/\\\/safetypartners.fi\\\/kauppa\\\/\",\"logo\":{\"@type\":\"ImageObject\",\"inLanguage\":\"fi\",\"@id\":\"https:\\\/\\\/safetypartners.fi\\\/kauppa\\\/#\\\/schema\\\/logo\\\/image\\\/\",\"url\":\"https:\\\/\\\/safetypartners.fi\\\/kauppa\\\/wp-content\\\/uploads\\\/2020\\\/05\\\/cropped-Logoke-1.jpg\",\"contentUrl\":\"https:\\\/\\\/safetypartners.fi\\\/kauppa\\\/wp-content\\\/uploads\\\/2020\\\/05\\\/cropped-Logoke-1.jpg\",\"width\":847,\"height\":717,\"caption\":\"Safety Partners | Suomen Sammutinpalvelu\"},\"image\":{\"@id\":\"https:\\\/\\\/safetypartners.fi\\\/kauppa\\\/#\\\/schema\\\/logo\\\/image\\\/\"}}]}<\/script>\n<!-- \/ Yoast SEO plugin. -->","yoast_head_json":{"title":"Verkkovirtaovikellon vastaanotin, 595P-E - Safety Partners","description":"Lis\u00e4vastaanotin langattomaan verkkovirtaovikelloon. Ovikellon vastaanotin liitet\u00e4\u00e4n suoraan verkkovirtapistokkeeseen. LED-y\u00f6valotoiminto.","robots":{"index":"index","follow":"follow","max-snippet":"max-snippet:-1","max-image-preview":"max-image-preview:large","max-video-preview":"max-video-preview:-1"},"canonical":"https:\/\/safetypartners.fi\/kauppa\/tuote\/verkkovirtaovikellon-vastaanotin-595p-e","og_locale":"fi_FI","og_type":"article","og_title":"Verkkovirtaovikellon vastaanotin, 595P-E - Safety Partners","og_description":"Lis\u00e4vastaanotin langattomaan verkkovirtaovikelloon. Ovikellon vastaanotin liitet\u00e4\u00e4n suoraan verkkovirtapistokkeeseen. LED-y\u00f6valotoiminto.","og_url":"https:\/\/safetypartners.fi\/kauppa\/tuote\/verkkovirtaovikellon-vastaanotin-595p-e","og_site_name":"Safety Partners","article_modified_time":"2026-01-05T12:36:24+00:00","og_image":[{"width":600,"height":600,"url":"https:\/\/safetypartners.fi\/kauppa\/wp-content\/uploads\/2024\/10\/Verkkovirta-ovikellon-595P-E-vastaanotin.jpg","type":"image\/jpeg"}],"twitter_card":"summary_large_image","twitter_misc":{"Arvioitu lukuaika":"1 minuutti"},"schema":{"@context":"https:\/\/schema.org","@graph":[{"@type":"WebPage","@id":"https:\/\/safetypartners.fi\/kauppa\/tuote\/verkkovirtaovikellon-vastaanotin-595p-e","url":"https:\/\/safetypartners.fi\/kauppa\/tuote\/verkkovirtaovikellon-vastaanotin-595p-e","name":"Verkkovirtaovikellon vastaanotin, 595P-E - Safety Partners","isPartOf":{"@id":"https:\/\/safetypartners.fi\/kauppa\/#website"},"primaryImageOfPage":{"@id":"https:\/\/safetypartners.fi\/kauppa\/tuote\/verkkovirtaovikellon-vastaanotin-595p-e#primaryimage"},"image":{"@id":"https:\/\/safetypartners.fi\/kauppa\/tuote\/verkkovirtaovikellon-vastaanotin-595p-e#primaryimage"},"thumbnailUrl":"https:\/\/safetypartners.fi\/kauppa\/wp-content\/uploads\/2024\/10\/Verkkovirta-ovikellon-595P-E-vastaanotin.jpg","datePublished":"2024-10-30T14:31:48+00:00","dateModified":"2026-01-05T12:36:24+00:00","description":"Lis\u00e4vastaanotin langattomaan verkkovirtaovikelloon. Ovikellon vastaanotin liitet\u00e4\u00e4n suoraan verkkovirtapistokkeeseen. LED-y\u00f6valotoiminto.","breadcrumb":{"@id":"https:\/\/safetypartners.fi\/kauppa\/tuote\/verkkovirtaovikellon-vastaanotin-595p-e#breadcrumb"},"inLanguage":"fi","potentialAction":[{"@type":"ReadAction","target":["https:\/\/safetypartners.fi\/kauppa\/tuote\/verkkovirtaovikellon-vastaanotin-595p-e"]}]},{"@type":"ImageObject","inLanguage":"fi","@id":"https:\/\/safetypartners.fi\/kauppa\/tuote\/verkkovirtaovikellon-vastaanotin-595p-e#primaryimage","url":"https:\/\/safetypartners.fi\/kauppa\/wp-content\/uploads\/2024\/10\/Verkkovirta-ovikellon-595P-E-vastaanotin.jpg","contentUrl":"https:\/\/safetypartners.fi\/kauppa\/wp-content\/uploads\/2024\/10\/Verkkovirta-ovikellon-595P-E-vastaanotin.jpg","width":600,"height":600,"caption":"Verkkovirta ovikellon 595P-E vastaanotin"},{"@type":"BreadcrumbList","@id":"https:\/\/safetypartners.fi\/kauppa\/tuote\/verkkovirtaovikellon-vastaanotin-595p-e#breadcrumb","itemListElement":[{"@type":"ListItem","position":1,"name":"Home","item":"https:\/\/safetypartners.fi\/kauppa\/"},{"@type":"ListItem","position":2,"name":"Kauppa","item":"https:\/\/safetypartners.fi\/kauppa\/kauppa"},{"@type":"ListItem","position":3,"name":"Verkkovirtaovikellon vastaanotin, 595P-E"}]},{"@type":"WebSite","@id":"https:\/\/safetypartners.fi\/kauppa\/#website","url":"https:\/\/safetypartners.fi\/kauppa\/","name":"Safety Partners","description":"Safety Partners turvakauppa palvelee verkossa 24\/7!","publisher":{"@id":"https:\/\/safetypartners.fi\/kauppa\/#organization"},"potentialAction":[{"@type":"SearchAction","target":{"@type":"EntryPoint","urlTemplate":"https:\/\/safetypartners.fi\/kauppa\/?s={search_term_string}"},"query-input":{"@type":"PropertyValueSpecification","valueRequired":true,"valueName":"search_term_string"}}],"inLanguage":"fi"},{"@type":"Organization","@id":"https:\/\/safetypartners.fi\/kauppa\/#organization","name":"Safety Partners | Suomen Sammutinpalvelu","url":"https:\/\/safetypartners.fi\/kauppa\/","logo":{"@type":"ImageObject","inLanguage":"fi","@id":"https:\/\/safetypartners.fi\/kauppa\/#\/schema\/logo\/image\/","url":"https:\/\/safetypartners.fi\/kauppa\/wp-content\/uploads\/2020\/05\/cropped-Logoke-1.jpg","contentUrl":"https:\/\/safetypartners.fi\/kauppa\/wp-content\/uploads\/2020\/05\/cropped-Logoke-1.jpg","width":847,"height":717,"caption":"Safety Partners | Suomen Sammutinpalvelu"},"image":{"@id":"https:\/\/safetypartners.fi\/kauppa\/#\/schema\/logo\/image\/"}}]}},"uagb_featured_image_src":{"full":["https:\/\/safetypartners.fi\/kauppa\/wp-content\/uploads\/2024\/10\/Verkkovirta-ovikellon-595P-E-vastaanotin.jpg",600,600,false],"thumbnail":["https:\/\/safetypartners.fi\/kauppa\/wp-content\/uploads\/2024\/10\/Verkkovirta-ovikellon-595P-E-vastaanotin-150x150.jpg",150,150,true],"medium":["https:\/\/safetypartners.fi\/kauppa\/wp-content\/uploads\/2024\/10\/Verkkovirta-ovikellon-595P-E-vastaanotin-300x300.jpg",300,300,true],"medium_large":["https:\/\/safetypartners.fi\/kauppa\/wp-content\/uploads\/2024\/10\/Verkkovirta-ovikellon-595P-E-vastaanotin.jpg",600,600,false],"large":["https:\/\/safetypartners.fi\/kauppa\/wp-content\/uploads\/2024\/10\/Verkkovirta-ovikellon-595P-E-vastaanotin.jpg",600,600,false],"1536x1536":["https:\/\/safetypartners.fi\/kauppa\/wp-content\/uploads\/2024\/10\/Verkkovirta-ovikellon-595P-E-vastaanotin.jpg",600,600,false],"2048x2048":["https:\/\/safetypartners.fi\/kauppa\/wp-content\/uploads\/2024\/10\/Verkkovirta-ovikellon-595P-E-vastaanotin.jpg",600,600,false],"woocommerce_thumbnail":["https:\/\/safetypartners.fi\/kauppa\/wp-content\/uploads\/2024\/10\/Verkkovirta-ovikellon-595P-E-vastaanotin-300x300.jpg",300,300,true],"woocommerce_single":["https:\/\/safetypartners.fi\/kauppa\/wp-content\/uploads\/2024\/10\/Verkkovirta-ovikellon-595P-E-vastaanotin.jpg",600,600,false],"woocommerce_gallery_thumbnail":["https:\/\/safetypartners.fi\/kauppa\/wp-content\/uploads\/2024\/10\/Verkkovirta-ovikellon-595P-E-vastaanotin-100x100.jpg",100,100,true]},"uagb_author_info":{"display_name":"Anu Lehto","author_link":"https:\/\/safetypartners.fi\/kauppa\/author"},"uagb_comment_info":0,"uagb_excerpt":"Lis\u00e4vastaanotin langattomaan verkkovirtaovikelloon. T\u00e4m\u00e4n ovikellon vastaanotin ei vaadi paristoja toimiakseen, vaan vastaanotin liitet\u00e4\u00e4n suoraan verkkovirtapistokkeeseen. Vastaanotin toimii yhdess\u00e4 painonapin kanssa. Yhteen vastaanottimeen voidaan liitt\u00e4\u00e4 nelj\u00e4 painonappia. Vastaanotin ja painonappi l\u00f6yt\u00e4v\u00e4t automaattisesti toisensa kun vastaanotin on liitetty verkkovirtapistokkeesen. Vastaanottimen kirkas LED-valo toimii tarvittaessa my\u00f6s y\u00f6valona. Langaton ovikellosetti on saatavilla t\u00e4\u00e4ll\u00e4.","_links":{"self":[{"href":"https:\/\/safetypartners.fi\/kauppa\/wp-json\/wp\/v2\/product\/2308","targetHints":{"allow":["GET"]}}],"collection":[{"href":"https:\/\/safetypartners.fi\/kauppa\/wp-json\/wp\/v2\/product"}],"about":[{"href":"https:\/\/safetypartners.fi\/kauppa\/wp-json\/wp\/v2\/types\/product"}],"replies":[{"embeddable":true,"href":"https:\/\/safetypartners.fi\/kauppa\/wp-json\/wp\/v2\/comments?post=2308"}],"version-history":[{"count":2,"href":"https:\/\/safetypartners.fi\/kauppa\/wp-json\/wp\/v2\/product\/2308\/revisions"}],"predecessor-version":[{"id":2738,"href":"https:\/\/safetypartners.fi\/kauppa\/wp-json\/wp\/v2\/product\/2308\/revisions\/2738"}],"wp:featuredmedia":[{"embeddable":true,"href":"https:\/\/safetypartners.fi\/kauppa\/wp-json\/wp\/v2\/media\/2309"}],"wp:attachment":[{"href":"https:\/\/safetypartners.fi\/kauppa\/wp-json\/wp\/v2\/media?parent=2308"}],"wp:term":[{"taxonomy":"product_brand","embeddable":true,"href":"https:\/\/safetypartners.fi\/kauppa\/wp-json\/wp\/v2\/product_brand?post=2308"},{"taxonomy":"product_cat","embeddable":true,"href":"https:\/\/safetypartners.fi\/kauppa\/wp-json\/wp\/v2\/product_cat?post=2308"},{"taxonomy":"product_tag","embeddable":true,"href":"https:\/\/safetypartners.fi\/kauppa\/wp-json\/wp\/v2\/product_tag?post=2308"}],"curies":[{"name":"wp","href":"https:\/\/api.w.org\/{rel}","templated":true}]}}