{"id":2343,"date":"2024-11-01T14:41:47","date_gmt":"2024-11-01T12:41:47","guid":{"rendered":"https:\/\/safetypartners.fi\/kauppa\/?post_type=product&#038;p=2343"},"modified":"2026-01-02T21:38:33","modified_gmt":"2026-01-02T19:38:33","slug":"heijastava-sateenvarjo-ikkunalla","status":"publish","type":"product","link":"https:\/\/safetypartners.fi\/kauppa\/tuote\/heijastava-sateenvarjo-ikkunalla","title":{"rendered":"Heijastava sateenvarjo ikkunalla"},"content":{"rendered":"<p>Varjo on valmistettu osittain kierr\u00e4tetyst\u00e4 muovista eli rPET-materiaalista. Sateenvarjon valmistamiseen on k\u00e4ytetty 2,6 kpl 0,5 litran muovipulloja.<\/p>\n<p>Korkeus: 60 mm<br \/>\nLeveys: 60 mm<br \/>\nPaino: 0,38 kg<\/p>\n<p>Tuotteen videoesittely <a href=\"https:\/\/www.youtube.com\/watch?v=h0NqjhshHF0\" target=\"_blank\" rel=\"noopener\">t\u00e4\u00e4ll\u00e4.<\/a><\/p>\n","protected":false},"excerpt":{"rendered":"<p><strong>Huomio-sateenvarjo ikkunalla ja heijastavalla reunuksella<\/strong> avautuu ja sulkeutuu automaattisesti napin painalluksella. Varjo suojaa niin sateelta kuin liikenteelt\u00e4. Heijastava reunanauha tekee sinut n\u00e4kyv\u00e4ksi h\u00e4m\u00e4r\u00e4ss\u00e4 ja pime\u00e4\u00e4n aikaan. Yksi sateenvarjon lohkoista on l\u00e4pin\u00e4kyv\u00e4, jonka ansiosta n\u00e4et kadulla kulkiessasi eteesi vaivatta, vaikka varjoa pit\u00e4isi tuulen vuoksi kallistaa eteenp\u00e4in.<\/p>\n<p>Pieneen tilaan taittuva varjo avautuu ja sulkeutuu n\u00e4pp\u00e4r\u00e4sti nappia painamalla. T\u00e4t\u00e4 ominaisuutta opit nopeasti arvostamaan kun vaikkapa rankkasateessa autoon hyp\u00e4tess\u00e4si. Lenkill\u00e4 varusteltu, tukeva kahva viimeistelee k\u00e4ytt\u00f6mukavuuden.<\/p>\n","protected":false},"featured_media":2348,"comment_status":"open","ping_status":"closed","template":"","meta":{"_uag_custom_page_level_css":"","site-sidebar-layout":"default","site-content-layout":"","ast-site-content-layout":"default","site-content-style":"default","site-sidebar-style":"default","ast-global-header-display":"","ast-banner-title-visibility":"","ast-main-header-display":"","ast-hfb-above-header-display":"","ast-hfb-below-header-display":"","ast-hfb-mobile-header-display":"","site-post-title":"","ast-breadcrumbs-content":"","ast-featured-img":"","footer-sml-layout":"","ast-disable-related-posts":"","theme-transparent-header-meta":"default","adv-header-id-meta":"","stick-header-meta":"default","header-above-stick-meta":"","header-main-stick-meta":"","header-below-stick-meta":"","astra-migrate-meta-layouts":"set","ast-page-background-enabled":"default","ast-page-background-meta":{"desktop":{"background-color":"","background-image":"","background-repeat":"repeat","background-position":"center center","background-size":"auto","background-attachment":"scroll","background-type":"","background-media":"","overlay-type":"","overlay-color":"","overlay-opacity":"","overlay-gradient":""},"tablet":{"background-color":"","background-image":"","background-repeat":"repeat","background-position":"center center","background-size":"auto","background-attachment":"scroll","background-type":"","background-media":"","overlay-type":"","overlay-color":"","overlay-opacity":"","overlay-gradient":""},"mobile":{"background-color":"","background-image":"","background-repeat":"repeat","background-position":"center center","background-size":"auto","background-attachment":"scroll","background-type":"","background-media":"","overlay-type":"","overlay-color":"","overlay-opacity":"","overlay-gradient":""}},"ast-content-background-meta":{"desktop":{"background-color":"var(--ast-global-color-5)","background-image":"","background-repeat":"repeat","background-position":"center center","background-size":"auto","background-attachment":"scroll","background-type":"","background-media":"","overlay-type":"","overlay-color":"","overlay-opacity":"","overlay-gradient":""},"tablet":{"background-color":"var(--ast-global-color-5)","background-image":"","background-repeat":"repeat","background-position":"center center","background-size":"auto","background-attachment":"scroll","background-type":"","background-media":"","overlay-type":"","overlay-color":"","overlay-opacity":"","overlay-gradient":""},"mobile":{"background-color":"var(--ast-global-color-5)","background-image":"","background-repeat":"repeat","background-position":"center center","background-size":"auto","background-attachment":"scroll","background-type":"","background-media":"","overlay-type":"","overlay-color":"","overlay-opacity":"","overlay-gradient":""}}},"product_brand":[],"product_cat":[15,41],"product_tag":[673,577,76,381,983,982,981,980],"class_list":{"0":"post-2343","1":"product","2":"type-product","3":"status-publish","4":"has-post-thumbnail","6":"product_cat-yleinen","7":"product_cat-koti-vapaa-aika","8":"product_tag-heijastava","9":"product_tag-heijastin","10":"product_tag-huomio","11":"product_tag-ikkuna","12":"product_tag-muovipulloista-tehty","13":"product_tag-rpet-materiaali","14":"product_tag-sateen-varjo","15":"product_tag-sateenvarjo","16":"product_shipping_class-suomi","17":"desktop-align-center","18":"tablet-align-center","19":"mobile-align-center","20":"ast-product-gallery-layout-horizontal-slider","21":"ast-product-tabs-layout-horizontal","23":"first","24":"instock","25":"taxable","26":"shipping-taxable","27":"purchasable","28":"product-type-simple"},"yoast_head":"<!-- This site is optimized with the Yoast SEO plugin v27.3 - https:\/\/yoast.com\/product\/yoast-seo-wordpress\/ -->\n<title>Heijastava sateenvarjo ikkunalla - Safety Partners<\/title>\n<meta name=\"description\" content=\"Muovipulloista valmistettu rPET-sateenvarjo suojaa sateelta, ja pime\u00e4ss\u00e4 liikenteelt\u00e4. Heijastavassa sateenvarjossa on automaattitoiminto.\" \/>\n<meta name=\"robots\" content=\"index, follow, max-snippet:-1, max-image-preview:large, max-video-preview:-1\" \/>\n<link rel=\"canonical\" href=\"https:\/\/safetypartners.fi\/kauppa\/tuote\/heijastava-sateenvarjo-ikkunalla\" \/>\n<meta property=\"og:locale\" content=\"fi_FI\" \/>\n<meta property=\"og:type\" content=\"article\" \/>\n<meta property=\"og:title\" content=\"Heijastava sateenvarjo ikkunalla - Safety Partners\" \/>\n<meta property=\"og:description\" content=\"Muovipulloista valmistettu rPET-sateenvarjo suojaa sateelta, ja pime\u00e4ss\u00e4 liikenteelt\u00e4. Heijastavassa sateenvarjossa on automaattitoiminto.\" \/>\n<meta property=\"og:url\" content=\"https:\/\/safetypartners.fi\/kauppa\/tuote\/heijastava-sateenvarjo-ikkunalla\" \/>\n<meta property=\"og:site_name\" content=\"Safety Partners\" \/>\n<meta property=\"article:modified_time\" content=\"2026-01-02T19:38:33+00:00\" \/>\n<meta property=\"og:image\" content=\"https:\/\/safetypartners.fi\/kauppa\/wp-content\/uploads\/2024\/11\/Heijastava-sateenvarjo-ikkunalla.jpg\" \/>\n\t<meta property=\"og:image:width\" content=\"580\" \/>\n\t<meta property=\"og:image:height\" content=\"447\" \/>\n\t<meta property=\"og:image:type\" content=\"image\/jpeg\" \/>\n<meta name=\"twitter:card\" content=\"summary_large_image\" \/>\n<meta name=\"twitter:label1\" content=\"Arvioitu lukuaika\" \/>\n\t<meta name=\"twitter:data1\" content=\"1 minuutti\" \/>\n<script type=\"application\/ld+json\" class=\"yoast-schema-graph\">{\"@context\":\"https:\\\/\\\/schema.org\",\"@graph\":[{\"@type\":\"WebPage\",\"@id\":\"https:\\\/\\\/safetypartners.fi\\\/kauppa\\\/tuote\\\/heijastava-sateenvarjo-ikkunalla\",\"url\":\"https:\\\/\\\/safetypartners.fi\\\/kauppa\\\/tuote\\\/heijastava-sateenvarjo-ikkunalla\",\"name\":\"Heijastava sateenvarjo ikkunalla - Safety Partners\",\"isPartOf\":{\"@id\":\"https:\\\/\\\/safetypartners.fi\\\/kauppa\\\/#website\"},\"primaryImageOfPage\":{\"@id\":\"https:\\\/\\\/safetypartners.fi\\\/kauppa\\\/tuote\\\/heijastava-sateenvarjo-ikkunalla#primaryimage\"},\"image\":{\"@id\":\"https:\\\/\\\/safetypartners.fi\\\/kauppa\\\/tuote\\\/heijastava-sateenvarjo-ikkunalla#primaryimage\"},\"thumbnailUrl\":\"https:\\\/\\\/safetypartners.fi\\\/kauppa\\\/wp-content\\\/uploads\\\/2024\\\/11\\\/Heijastava-sateenvarjo-ikkunalla.jpg\",\"datePublished\":\"2024-11-01T12:41:47+00:00\",\"dateModified\":\"2026-01-02T19:38:33+00:00\",\"description\":\"Muovipulloista valmistettu rPET-sateenvarjo suojaa sateelta, ja pime\u00e4ss\u00e4 liikenteelt\u00e4. Heijastavassa sateenvarjossa on automaattitoiminto.\",\"breadcrumb\":{\"@id\":\"https:\\\/\\\/safetypartners.fi\\\/kauppa\\\/tuote\\\/heijastava-sateenvarjo-ikkunalla#breadcrumb\"},\"inLanguage\":\"fi\",\"potentialAction\":[{\"@type\":\"ReadAction\",\"target\":[\"https:\\\/\\\/safetypartners.fi\\\/kauppa\\\/tuote\\\/heijastava-sateenvarjo-ikkunalla\"]}]},{\"@type\":\"ImageObject\",\"inLanguage\":\"fi\",\"@id\":\"https:\\\/\\\/safetypartners.fi\\\/kauppa\\\/tuote\\\/heijastava-sateenvarjo-ikkunalla#primaryimage\",\"url\":\"https:\\\/\\\/safetypartners.fi\\\/kauppa\\\/wp-content\\\/uploads\\\/2024\\\/11\\\/Heijastava-sateenvarjo-ikkunalla.jpg\",\"contentUrl\":\"https:\\\/\\\/safetypartners.fi\\\/kauppa\\\/wp-content\\\/uploads\\\/2024\\\/11\\\/Heijastava-sateenvarjo-ikkunalla.jpg\",\"width\":580,\"height\":447,\"caption\":\"Huomio heijastava sateenvarjo ikkunalla\"},{\"@type\":\"BreadcrumbList\",\"@id\":\"https:\\\/\\\/safetypartners.fi\\\/kauppa\\\/tuote\\\/heijastava-sateenvarjo-ikkunalla#breadcrumb\",\"itemListElement\":[{\"@type\":\"ListItem\",\"position\":1,\"name\":\"Home\",\"item\":\"https:\\\/\\\/safetypartners.fi\\\/kauppa\\\/\"},{\"@type\":\"ListItem\",\"position\":2,\"name\":\"Kauppa\",\"item\":\"https:\\\/\\\/safetypartners.fi\\\/kauppa\\\/kauppa\"},{\"@type\":\"ListItem\",\"position\":3,\"name\":\"Heijastava sateenvarjo ikkunalla\"}]},{\"@type\":\"WebSite\",\"@id\":\"https:\\\/\\\/safetypartners.fi\\\/kauppa\\\/#website\",\"url\":\"https:\\\/\\\/safetypartners.fi\\\/kauppa\\\/\",\"name\":\"Safety Partners\",\"description\":\"Safety Partners turvakauppa palvelee verkossa 24\\\/7!\",\"publisher\":{\"@id\":\"https:\\\/\\\/safetypartners.fi\\\/kauppa\\\/#organization\"},\"potentialAction\":[{\"@type\":\"SearchAction\",\"target\":{\"@type\":\"EntryPoint\",\"urlTemplate\":\"https:\\\/\\\/safetypartners.fi\\\/kauppa\\\/?s={search_term_string}\"},\"query-input\":{\"@type\":\"PropertyValueSpecification\",\"valueRequired\":true,\"valueName\":\"search_term_string\"}}],\"inLanguage\":\"fi\"},{\"@type\":\"Organization\",\"@id\":\"https:\\\/\\\/safetypartners.fi\\\/kauppa\\\/#organization\",\"name\":\"Safety Partners | Suomen Sammutinpalvelu\",\"url\":\"https:\\\/\\\/safetypartners.fi\\\/kauppa\\\/\",\"logo\":{\"@type\":\"ImageObject\",\"inLanguage\":\"fi\",\"@id\":\"https:\\\/\\\/safetypartners.fi\\\/kauppa\\\/#\\\/schema\\\/logo\\\/image\\\/\",\"url\":\"https:\\\/\\\/safetypartners.fi\\\/kauppa\\\/wp-content\\\/uploads\\\/2020\\\/05\\\/cropped-Logoke-1.jpg\",\"contentUrl\":\"https:\\\/\\\/safetypartners.fi\\\/kauppa\\\/wp-content\\\/uploads\\\/2020\\\/05\\\/cropped-Logoke-1.jpg\",\"width\":847,\"height\":717,\"caption\":\"Safety Partners | Suomen Sammutinpalvelu\"},\"image\":{\"@id\":\"https:\\\/\\\/safetypartners.fi\\\/kauppa\\\/#\\\/schema\\\/logo\\\/image\\\/\"}}]}<\/script>\n<!-- \/ Yoast SEO plugin. -->","yoast_head_json":{"title":"Heijastava sateenvarjo ikkunalla - Safety Partners","description":"Muovipulloista valmistettu rPET-sateenvarjo suojaa sateelta, ja pime\u00e4ss\u00e4 liikenteelt\u00e4. Heijastavassa sateenvarjossa on automaattitoiminto.","robots":{"index":"index","follow":"follow","max-snippet":"max-snippet:-1","max-image-preview":"max-image-preview:large","max-video-preview":"max-video-preview:-1"},"canonical":"https:\/\/safetypartners.fi\/kauppa\/tuote\/heijastava-sateenvarjo-ikkunalla","og_locale":"fi_FI","og_type":"article","og_title":"Heijastava sateenvarjo ikkunalla - Safety Partners","og_description":"Muovipulloista valmistettu rPET-sateenvarjo suojaa sateelta, ja pime\u00e4ss\u00e4 liikenteelt\u00e4. Heijastavassa sateenvarjossa on automaattitoiminto.","og_url":"https:\/\/safetypartners.fi\/kauppa\/tuote\/heijastava-sateenvarjo-ikkunalla","og_site_name":"Safety Partners","article_modified_time":"2026-01-02T19:38:33+00:00","og_image":[{"width":580,"height":447,"url":"https:\/\/safetypartners.fi\/kauppa\/wp-content\/uploads\/2024\/11\/Heijastava-sateenvarjo-ikkunalla.jpg","type":"image\/jpeg"}],"twitter_card":"summary_large_image","twitter_misc":{"Arvioitu lukuaika":"1 minuutti"},"schema":{"@context":"https:\/\/schema.org","@graph":[{"@type":"WebPage","@id":"https:\/\/safetypartners.fi\/kauppa\/tuote\/heijastava-sateenvarjo-ikkunalla","url":"https:\/\/safetypartners.fi\/kauppa\/tuote\/heijastava-sateenvarjo-ikkunalla","name":"Heijastava sateenvarjo ikkunalla - Safety Partners","isPartOf":{"@id":"https:\/\/safetypartners.fi\/kauppa\/#website"},"primaryImageOfPage":{"@id":"https:\/\/safetypartners.fi\/kauppa\/tuote\/heijastava-sateenvarjo-ikkunalla#primaryimage"},"image":{"@id":"https:\/\/safetypartners.fi\/kauppa\/tuote\/heijastava-sateenvarjo-ikkunalla#primaryimage"},"thumbnailUrl":"https:\/\/safetypartners.fi\/kauppa\/wp-content\/uploads\/2024\/11\/Heijastava-sateenvarjo-ikkunalla.jpg","datePublished":"2024-11-01T12:41:47+00:00","dateModified":"2026-01-02T19:38:33+00:00","description":"Muovipulloista valmistettu rPET-sateenvarjo suojaa sateelta, ja pime\u00e4ss\u00e4 liikenteelt\u00e4. Heijastavassa sateenvarjossa on automaattitoiminto.","breadcrumb":{"@id":"https:\/\/safetypartners.fi\/kauppa\/tuote\/heijastava-sateenvarjo-ikkunalla#breadcrumb"},"inLanguage":"fi","potentialAction":[{"@type":"ReadAction","target":["https:\/\/safetypartners.fi\/kauppa\/tuote\/heijastava-sateenvarjo-ikkunalla"]}]},{"@type":"ImageObject","inLanguage":"fi","@id":"https:\/\/safetypartners.fi\/kauppa\/tuote\/heijastava-sateenvarjo-ikkunalla#primaryimage","url":"https:\/\/safetypartners.fi\/kauppa\/wp-content\/uploads\/2024\/11\/Heijastava-sateenvarjo-ikkunalla.jpg","contentUrl":"https:\/\/safetypartners.fi\/kauppa\/wp-content\/uploads\/2024\/11\/Heijastava-sateenvarjo-ikkunalla.jpg","width":580,"height":447,"caption":"Huomio heijastava sateenvarjo ikkunalla"},{"@type":"BreadcrumbList","@id":"https:\/\/safetypartners.fi\/kauppa\/tuote\/heijastava-sateenvarjo-ikkunalla#breadcrumb","itemListElement":[{"@type":"ListItem","position":1,"name":"Home","item":"https:\/\/safetypartners.fi\/kauppa\/"},{"@type":"ListItem","position":2,"name":"Kauppa","item":"https:\/\/safetypartners.fi\/kauppa\/kauppa"},{"@type":"ListItem","position":3,"name":"Heijastava sateenvarjo ikkunalla"}]},{"@type":"WebSite","@id":"https:\/\/safetypartners.fi\/kauppa\/#website","url":"https:\/\/safetypartners.fi\/kauppa\/","name":"Safety Partners","description":"Safety Partners turvakauppa palvelee verkossa 24\/7!","publisher":{"@id":"https:\/\/safetypartners.fi\/kauppa\/#organization"},"potentialAction":[{"@type":"SearchAction","target":{"@type":"EntryPoint","urlTemplate":"https:\/\/safetypartners.fi\/kauppa\/?s={search_term_string}"},"query-input":{"@type":"PropertyValueSpecification","valueRequired":true,"valueName":"search_term_string"}}],"inLanguage":"fi"},{"@type":"Organization","@id":"https:\/\/safetypartners.fi\/kauppa\/#organization","name":"Safety Partners | Suomen Sammutinpalvelu","url":"https:\/\/safetypartners.fi\/kauppa\/","logo":{"@type":"ImageObject","inLanguage":"fi","@id":"https:\/\/safetypartners.fi\/kauppa\/#\/schema\/logo\/image\/","url":"https:\/\/safetypartners.fi\/kauppa\/wp-content\/uploads\/2020\/05\/cropped-Logoke-1.jpg","contentUrl":"https:\/\/safetypartners.fi\/kauppa\/wp-content\/uploads\/2020\/05\/cropped-Logoke-1.jpg","width":847,"height":717,"caption":"Safety Partners | Suomen Sammutinpalvelu"},"image":{"@id":"https:\/\/safetypartners.fi\/kauppa\/#\/schema\/logo\/image\/"}}]}},"uagb_featured_image_src":{"full":["https:\/\/safetypartners.fi\/kauppa\/wp-content\/uploads\/2024\/11\/Heijastava-sateenvarjo-ikkunalla.jpg",580,447,false],"thumbnail":["https:\/\/safetypartners.fi\/kauppa\/wp-content\/uploads\/2024\/11\/Heijastava-sateenvarjo-ikkunalla-150x150.jpg",150,150,true],"medium":["https:\/\/safetypartners.fi\/kauppa\/wp-content\/uploads\/2024\/11\/Heijastava-sateenvarjo-ikkunalla-300x231.jpg",300,231,true],"medium_large":["https:\/\/safetypartners.fi\/kauppa\/wp-content\/uploads\/2024\/11\/Heijastava-sateenvarjo-ikkunalla.jpg",580,447,false],"large":["https:\/\/safetypartners.fi\/kauppa\/wp-content\/uploads\/2024\/11\/Heijastava-sateenvarjo-ikkunalla.jpg",580,447,false],"1536x1536":["https:\/\/safetypartners.fi\/kauppa\/wp-content\/uploads\/2024\/11\/Heijastava-sateenvarjo-ikkunalla.jpg",580,447,false],"2048x2048":["https:\/\/safetypartners.fi\/kauppa\/wp-content\/uploads\/2024\/11\/Heijastava-sateenvarjo-ikkunalla.jpg",580,447,false],"woocommerce_thumbnail":["https:\/\/safetypartners.fi\/kauppa\/wp-content\/uploads\/2024\/11\/Heijastava-sateenvarjo-ikkunalla-300x300.jpg",300,300,true],"woocommerce_single":["https:\/\/safetypartners.fi\/kauppa\/wp-content\/uploads\/2024\/11\/Heijastava-sateenvarjo-ikkunalla.jpg",580,447,false],"woocommerce_gallery_thumbnail":["https:\/\/safetypartners.fi\/kauppa\/wp-content\/uploads\/2024\/11\/Heijastava-sateenvarjo-ikkunalla-100x100.jpg",100,100,true]},"uagb_author_info":{"display_name":"Anu Lehto","author_link":"https:\/\/safetypartners.fi\/kauppa\/author"},"uagb_comment_info":0,"uagb_excerpt":"Huomio-sateenvarjo ikkunalla ja heijastavalla reunuksella avautuu ja sulkeutuu automaattisesti napin painalluksella. Varjo suojaa niin sateelta kuin liikenteelt\u00e4. Heijastava reunanauha tekee sinut n\u00e4kyv\u00e4ksi h\u00e4m\u00e4r\u00e4ss\u00e4 ja pime\u00e4\u00e4n aikaan. Yksi sateenvarjon lohkoista on l\u00e4pin\u00e4kyv\u00e4, jonka ansiosta n\u00e4et kadulla kulkiessasi eteesi vaivatta, vaikka varjoa pit\u00e4isi tuulen vuoksi kallistaa eteenp\u00e4in. Pieneen tilaan taittuva varjo avautuu ja sulkeutuu n\u00e4pp\u00e4r\u00e4sti nappia painamalla.&hellip;","_links":{"self":[{"href":"https:\/\/safetypartners.fi\/kauppa\/wp-json\/wp\/v2\/product\/2343","targetHints":{"allow":["GET"]}}],"collection":[{"href":"https:\/\/safetypartners.fi\/kauppa\/wp-json\/wp\/v2\/product"}],"about":[{"href":"https:\/\/safetypartners.fi\/kauppa\/wp-json\/wp\/v2\/types\/product"}],"replies":[{"embeddable":true,"href":"https:\/\/safetypartners.fi\/kauppa\/wp-json\/wp\/v2\/comments?post=2343"}],"version-history":[{"count":2,"href":"https:\/\/safetypartners.fi\/kauppa\/wp-json\/wp\/v2\/product\/2343\/revisions"}],"predecessor-version":[{"id":3324,"href":"https:\/\/safetypartners.fi\/kauppa\/wp-json\/wp\/v2\/product\/2343\/revisions\/3324"}],"wp:featuredmedia":[{"embeddable":true,"href":"https:\/\/safetypartners.fi\/kauppa\/wp-json\/wp\/v2\/media\/2348"}],"wp:attachment":[{"href":"https:\/\/safetypartners.fi\/kauppa\/wp-json\/wp\/v2\/media?parent=2343"}],"wp:term":[{"taxonomy":"product_brand","embeddable":true,"href":"https:\/\/safetypartners.fi\/kauppa\/wp-json\/wp\/v2\/product_brand?post=2343"},{"taxonomy":"product_cat","embeddable":true,"href":"https:\/\/safetypartners.fi\/kauppa\/wp-json\/wp\/v2\/product_cat?post=2343"},{"taxonomy":"product_tag","embeddable":true,"href":"https:\/\/safetypartners.fi\/kauppa\/wp-json\/wp\/v2\/product_tag?post=2343"}],"curies":[{"name":"wp","href":"https:\/\/api.w.org\/{rel}","templated":true}]}}