{"id":2358,"date":"2024-11-04T13:11:43","date_gmt":"2024-11-04T11:11:43","guid":{"rendered":"https:\/\/safetypartners.fi\/kauppa\/?post_type=product&#038;p=2358"},"modified":"2025-04-24T22:30:19","modified_gmt":"2025-04-24T19:30:19","slug":"master-lock-turvakotelo-vaijerilla","status":"publish","type":"product","link":"https:\/\/safetypartners.fi\/kauppa\/tuote\/master-lock-turvakotelo-vaijerilla","title":{"rendered":"Master Lock turvakotelo vaijerilla"},"content":{"rendered":"<p>Kannettava, helppok\u00e4ytt\u00f6inen s\u00e4ilytyskotelo pienille arvotavaroille.<\/p>\n<ul>\n<li>korkeus 60 mm, leveys 240 mm, syvyys 129 mm<\/li>\n<li>vaijerin paksuus 5 mm<\/li>\n<li>vaijerin pituus 50 cm<\/li>\n<\/ul>\n<div class=\"ast-oembed-container \" style=\"height: 100%;\"><iframe title=\"NEW Master Lock 5900D Portable Personal Safes\" width=\"500\" height=\"281\" src=\"https:\/\/www.youtube.com\/embed\/4AE-n2Y3hf0?feature=oembed\" frameborder=\"0\" allow=\"accelerometer; autoplay; clipboard-write; encrypted-media; gyroscope; picture-in-picture; web-share\" referrerpolicy=\"strict-origin-when-cross-origin\" allowfullscreen><\/iframe><\/div>\n","protected":false},"excerpt":{"rendered":"<p><strong>Master Lockin SafeSpace\u00ae turvakotelo vaijerilla<\/strong> on helppok\u00e4ytt\u00f6inen s\u00e4ilytyskotelo pienille arvotavaroille. Kannettava turvakotelo tarjoaa kiireiselle kaupunkilaiselle kevyen ja turvallisen ratkaisun muun muassa k\u00e4nnyk\u00f6iden, kameroiden, passien, usb-tikkujen ja lompakoiden s\u00e4ilytykseen. SafeSpace\u00ae -turvakotelo kiinnitet\u00e4\u00e4n vaijerilla vaikkapa p\u00f6yd\u00e4n jalkaan, tuoliin, polkupy\u00f6r\u00e4\u00e4n tai muuhun kohteeseen, josta koteloa ei saa irrotettua. Kevyt kotelo on helppo kantaa matkalla mukana!<\/p>\n<p>Turvakotelossa on vaihdettava nelinumeroinen koodi, vahva iskunkest\u00e4v\u00e4 kuori sek\u00e4 pehmustettu sis\u00e4tila. Kotelon reunoissa on pienet aukot kuuloke- tai latausjohtoja varten, joiden kautta puhelimen lataus tai musiikin kuuntelu on mahdollista tavaroiden ollessa suojattuna kotelossa.<\/p>\n<p>Saatavilla kahdessa v\u00e4riss\u00e4. Valitse t\u00e4st\u00e4:<\/p>\n","protected":false},"featured_media":2361,"comment_status":"open","ping_status":"closed","template":"","meta":{"_uag_custom_page_level_css":"","site-sidebar-layout":"default","site-content-layout":"","ast-site-content-layout":"default","site-content-style":"default","site-sidebar-style":"default","ast-global-header-display":"","ast-banner-title-visibility":"","ast-main-header-display":"","ast-hfb-above-header-display":"","ast-hfb-below-header-display":"","ast-hfb-mobile-header-display":"","site-post-title":"","ast-breadcrumbs-content":"","ast-featured-img":"","footer-sml-layout":"","ast-disable-related-posts":"","theme-transparent-header-meta":"default","adv-header-id-meta":"","stick-header-meta":"default","header-above-stick-meta":"","header-main-stick-meta":"","header-below-stick-meta":"","astra-migrate-meta-layouts":"set","ast-page-background-enabled":"default","ast-page-background-meta":{"desktop":{"background-color":"","background-image":"","background-repeat":"repeat","background-position":"center center","background-size":"auto","background-attachment":"scroll","background-type":"","background-media":"","overlay-type":"","overlay-color":"","overlay-opacity":"","overlay-gradient":""},"tablet":{"background-color":"","background-image":"","background-repeat":"repeat","background-position":"center center","background-size":"auto","background-attachment":"scroll","background-type":"","background-media":"","overlay-type":"","overlay-color":"","overlay-opacity":"","overlay-gradient":""},"mobile":{"background-color":"","background-image":"","background-repeat":"repeat","background-position":"center center","background-size":"auto","background-attachment":"scroll","background-type":"","background-media":"","overlay-type":"","overlay-color":"","overlay-opacity":"","overlay-gradient":""}},"ast-content-background-meta":{"desktop":{"background-color":"var(--ast-global-color-5)","background-image":"","background-repeat":"repeat","background-position":"center center","background-size":"auto","background-attachment":"scroll","background-type":"","background-media":"","overlay-type":"","overlay-color":"","overlay-opacity":"","overlay-gradient":""},"tablet":{"background-color":"var(--ast-global-color-5)","background-image":"","background-repeat":"repeat","background-position":"center center","background-size":"auto","background-attachment":"scroll","background-type":"","background-media":"","overlay-type":"","overlay-color":"","overlay-opacity":"","overlay-gradient":""},"mobile":{"background-color":"var(--ast-global-color-5)","background-image":"","background-repeat":"repeat","background-position":"center center","background-size":"auto","background-attachment":"scroll","background-type":"","background-media":"","overlay-type":"","overlay-color":"","overlay-opacity":"","overlay-gradient":""}}},"product_brand":[],"product_cat":[15,32],"product_tag":[991,992,70,69,989,990,993,988,938,994],"class_list":{"0":"post-2358","1":"product","2":"type-product","3":"status-publish","4":"has-post-thumbnail","6":"product_cat-yleinen","7":"product_cat-koti-ja-omaisuusturva","8":"product_tag-arvotavaroille","9":"product_tag-kannettava","10":"product_tag-koodi","11":"product_tag-master-lock","12":"product_tag-safespace","13":"product_tag-sailytyskotelo","14":"product_tag-turva-kotelo","15":"product_tag-turvakotelo-vaijerilla","16":"product_tag-turvallinen","17":"product_tag-vaijeri","18":"product_shipping_class-suomi","19":"desktop-align-center","20":"tablet-align-center","21":"mobile-align-center","22":"ast-product-gallery-layout-horizontal-slider","23":"ast-product-single-variable","24":"ast-product-tabs-layout-horizontal","26":"first","27":"instock","28":"taxable","29":"shipping-taxable","30":"purchasable","31":"product-type-variable"},"yoast_head":"<!-- This site is optimized with the Yoast SEO plugin v27.3 - https:\/\/yoast.com\/product\/yoast-seo-wordpress\/ -->\n<title>Master Lock turvakotelo vaijerilla - Safety Partners<\/title>\n<meta name=\"description\" content=\"Kannettavassa turvakotelossa on vaijeri, vaihdettava nelinumeroinen koodi, iskunkest\u00e4v\u00e4 kuori sek\u00e4 pehmustettu sis\u00e4tila. Kevyt ja helppok\u00e4ytt\u00f6inen.\" \/>\n<meta name=\"robots\" content=\"index, follow, max-snippet:-1, max-image-preview:large, max-video-preview:-1\" \/>\n<link rel=\"canonical\" href=\"https:\/\/safetypartners.fi\/kauppa\/tuote\/master-lock-turvakotelo-vaijerilla\" \/>\n<meta property=\"og:locale\" content=\"fi_FI\" \/>\n<meta property=\"og:type\" content=\"article\" \/>\n<meta property=\"og:title\" content=\"Master Lock turvakotelo vaijerilla - Safety Partners\" \/>\n<meta property=\"og:description\" content=\"Kannettavassa turvakotelossa on vaijeri, vaihdettava nelinumeroinen koodi, iskunkest\u00e4v\u00e4 kuori sek\u00e4 pehmustettu sis\u00e4tila. Kevyt ja helppok\u00e4ytt\u00f6inen.\" \/>\n<meta property=\"og:url\" content=\"https:\/\/safetypartners.fi\/kauppa\/tuote\/master-lock-turvakotelo-vaijerilla\" \/>\n<meta property=\"og:site_name\" content=\"Safety Partners\" \/>\n<meta property=\"article:modified_time\" content=\"2025-04-24T19:30:19+00:00\" \/>\n<meta property=\"og:image\" content=\"https:\/\/safetypartners.fi\/kauppa\/wp-content\/uploads\/2024\/11\/Turvakotelo-vaijerilla.jpg\" \/>\n\t<meta property=\"og:image:width\" content=\"600\" \/>\n\t<meta property=\"og:image:height\" content=\"600\" \/>\n\t<meta property=\"og:image:type\" content=\"image\/jpeg\" \/>\n<meta name=\"twitter:card\" content=\"summary_large_image\" \/>\n<meta name=\"twitter:label1\" content=\"Arvioitu lukuaika\" \/>\n\t<meta name=\"twitter:data1\" content=\"1 minuutti\" \/>\n<script type=\"application\/ld+json\" class=\"yoast-schema-graph\">{\"@context\":\"https:\\\/\\\/schema.org\",\"@graph\":[{\"@type\":\"WebPage\",\"@id\":\"https:\\\/\\\/safetypartners.fi\\\/kauppa\\\/tuote\\\/master-lock-turvakotelo-vaijerilla\",\"url\":\"https:\\\/\\\/safetypartners.fi\\\/kauppa\\\/tuote\\\/master-lock-turvakotelo-vaijerilla\",\"name\":\"Master Lock turvakotelo vaijerilla - Safety Partners\",\"isPartOf\":{\"@id\":\"https:\\\/\\\/safetypartners.fi\\\/kauppa\\\/#website\"},\"primaryImageOfPage\":{\"@id\":\"https:\\\/\\\/safetypartners.fi\\\/kauppa\\\/tuote\\\/master-lock-turvakotelo-vaijerilla#primaryimage\"},\"image\":{\"@id\":\"https:\\\/\\\/safetypartners.fi\\\/kauppa\\\/tuote\\\/master-lock-turvakotelo-vaijerilla#primaryimage\"},\"thumbnailUrl\":\"https:\\\/\\\/safetypartners.fi\\\/kauppa\\\/wp-content\\\/uploads\\\/2024\\\/11\\\/Turvakotelo-vaijerilla.jpg\",\"datePublished\":\"2024-11-04T11:11:43+00:00\",\"dateModified\":\"2025-04-24T19:30:19+00:00\",\"description\":\"Kannettavassa turvakotelossa on vaijeri, vaihdettava nelinumeroinen koodi, iskunkest\u00e4v\u00e4 kuori sek\u00e4 pehmustettu sis\u00e4tila. Kevyt ja helppok\u00e4ytt\u00f6inen.\",\"breadcrumb\":{\"@id\":\"https:\\\/\\\/safetypartners.fi\\\/kauppa\\\/tuote\\\/master-lock-turvakotelo-vaijerilla#breadcrumb\"},\"inLanguage\":\"fi\",\"potentialAction\":[{\"@type\":\"ReadAction\",\"target\":[\"https:\\\/\\\/safetypartners.fi\\\/kauppa\\\/tuote\\\/master-lock-turvakotelo-vaijerilla\"]}]},{\"@type\":\"ImageObject\",\"inLanguage\":\"fi\",\"@id\":\"https:\\\/\\\/safetypartners.fi\\\/kauppa\\\/tuote\\\/master-lock-turvakotelo-vaijerilla#primaryimage\",\"url\":\"https:\\\/\\\/safetypartners.fi\\\/kauppa\\\/wp-content\\\/uploads\\\/2024\\\/11\\\/Turvakotelo-vaijerilla.jpg\",\"contentUrl\":\"https:\\\/\\\/safetypartners.fi\\\/kauppa\\\/wp-content\\\/uploads\\\/2024\\\/11\\\/Turvakotelo-vaijerilla.jpg\",\"width\":600,\"height\":600,\"caption\":\"Master lock turvakotelo vaijerilla\"},{\"@type\":\"BreadcrumbList\",\"@id\":\"https:\\\/\\\/safetypartners.fi\\\/kauppa\\\/tuote\\\/master-lock-turvakotelo-vaijerilla#breadcrumb\",\"itemListElement\":[{\"@type\":\"ListItem\",\"position\":1,\"name\":\"Home\",\"item\":\"https:\\\/\\\/safetypartners.fi\\\/kauppa\\\/\"},{\"@type\":\"ListItem\",\"position\":2,\"name\":\"Kauppa\",\"item\":\"https:\\\/\\\/safetypartners.fi\\\/kauppa\\\/kauppa\"},{\"@type\":\"ListItem\",\"position\":3,\"name\":\"Master Lock turvakotelo vaijerilla\"}]},{\"@type\":\"WebSite\",\"@id\":\"https:\\\/\\\/safetypartners.fi\\\/kauppa\\\/#website\",\"url\":\"https:\\\/\\\/safetypartners.fi\\\/kauppa\\\/\",\"name\":\"Safety Partners\",\"description\":\"Safety Partners turvakauppa palvelee verkossa 24\\\/7!\",\"publisher\":{\"@id\":\"https:\\\/\\\/safetypartners.fi\\\/kauppa\\\/#organization\"},\"potentialAction\":[{\"@type\":\"SearchAction\",\"target\":{\"@type\":\"EntryPoint\",\"urlTemplate\":\"https:\\\/\\\/safetypartners.fi\\\/kauppa\\\/?s={search_term_string}\"},\"query-input\":{\"@type\":\"PropertyValueSpecification\",\"valueRequired\":true,\"valueName\":\"search_term_string\"}}],\"inLanguage\":\"fi\"},{\"@type\":\"Organization\",\"@id\":\"https:\\\/\\\/safetypartners.fi\\\/kauppa\\\/#organization\",\"name\":\"Safety Partners | Suomen Sammutinpalvelu\",\"url\":\"https:\\\/\\\/safetypartners.fi\\\/kauppa\\\/\",\"logo\":{\"@type\":\"ImageObject\",\"inLanguage\":\"fi\",\"@id\":\"https:\\\/\\\/safetypartners.fi\\\/kauppa\\\/#\\\/schema\\\/logo\\\/image\\\/\",\"url\":\"https:\\\/\\\/safetypartners.fi\\\/kauppa\\\/wp-content\\\/uploads\\\/2020\\\/05\\\/cropped-Logoke-1.jpg\",\"contentUrl\":\"https:\\\/\\\/safetypartners.fi\\\/kauppa\\\/wp-content\\\/uploads\\\/2020\\\/05\\\/cropped-Logoke-1.jpg\",\"width\":847,\"height\":717,\"caption\":\"Safety Partners | Suomen Sammutinpalvelu\"},\"image\":{\"@id\":\"https:\\\/\\\/safetypartners.fi\\\/kauppa\\\/#\\\/schema\\\/logo\\\/image\\\/\"}}]}<\/script>\n<!-- \/ Yoast SEO plugin. -->","yoast_head_json":{"title":"Master Lock turvakotelo vaijerilla - Safety Partners","description":"Kannettavassa turvakotelossa on vaijeri, vaihdettava nelinumeroinen koodi, iskunkest\u00e4v\u00e4 kuori sek\u00e4 pehmustettu sis\u00e4tila. Kevyt ja helppok\u00e4ytt\u00f6inen.","robots":{"index":"index","follow":"follow","max-snippet":"max-snippet:-1","max-image-preview":"max-image-preview:large","max-video-preview":"max-video-preview:-1"},"canonical":"https:\/\/safetypartners.fi\/kauppa\/tuote\/master-lock-turvakotelo-vaijerilla","og_locale":"fi_FI","og_type":"article","og_title":"Master Lock turvakotelo vaijerilla - Safety Partners","og_description":"Kannettavassa turvakotelossa on vaijeri, vaihdettava nelinumeroinen koodi, iskunkest\u00e4v\u00e4 kuori sek\u00e4 pehmustettu sis\u00e4tila. Kevyt ja helppok\u00e4ytt\u00f6inen.","og_url":"https:\/\/safetypartners.fi\/kauppa\/tuote\/master-lock-turvakotelo-vaijerilla","og_site_name":"Safety Partners","article_modified_time":"2025-04-24T19:30:19+00:00","og_image":[{"width":600,"height":600,"url":"https:\/\/safetypartners.fi\/kauppa\/wp-content\/uploads\/2024\/11\/Turvakotelo-vaijerilla.jpg","type":"image\/jpeg"}],"twitter_card":"summary_large_image","twitter_misc":{"Arvioitu lukuaika":"1 minuutti"},"schema":{"@context":"https:\/\/schema.org","@graph":[{"@type":"WebPage","@id":"https:\/\/safetypartners.fi\/kauppa\/tuote\/master-lock-turvakotelo-vaijerilla","url":"https:\/\/safetypartners.fi\/kauppa\/tuote\/master-lock-turvakotelo-vaijerilla","name":"Master Lock turvakotelo vaijerilla - Safety Partners","isPartOf":{"@id":"https:\/\/safetypartners.fi\/kauppa\/#website"},"primaryImageOfPage":{"@id":"https:\/\/safetypartners.fi\/kauppa\/tuote\/master-lock-turvakotelo-vaijerilla#primaryimage"},"image":{"@id":"https:\/\/safetypartners.fi\/kauppa\/tuote\/master-lock-turvakotelo-vaijerilla#primaryimage"},"thumbnailUrl":"https:\/\/safetypartners.fi\/kauppa\/wp-content\/uploads\/2024\/11\/Turvakotelo-vaijerilla.jpg","datePublished":"2024-11-04T11:11:43+00:00","dateModified":"2025-04-24T19:30:19+00:00","description":"Kannettavassa turvakotelossa on vaijeri, vaihdettava nelinumeroinen koodi, iskunkest\u00e4v\u00e4 kuori sek\u00e4 pehmustettu sis\u00e4tila. Kevyt ja helppok\u00e4ytt\u00f6inen.","breadcrumb":{"@id":"https:\/\/safetypartners.fi\/kauppa\/tuote\/master-lock-turvakotelo-vaijerilla#breadcrumb"},"inLanguage":"fi","potentialAction":[{"@type":"ReadAction","target":["https:\/\/safetypartners.fi\/kauppa\/tuote\/master-lock-turvakotelo-vaijerilla"]}]},{"@type":"ImageObject","inLanguage":"fi","@id":"https:\/\/safetypartners.fi\/kauppa\/tuote\/master-lock-turvakotelo-vaijerilla#primaryimage","url":"https:\/\/safetypartners.fi\/kauppa\/wp-content\/uploads\/2024\/11\/Turvakotelo-vaijerilla.jpg","contentUrl":"https:\/\/safetypartners.fi\/kauppa\/wp-content\/uploads\/2024\/11\/Turvakotelo-vaijerilla.jpg","width":600,"height":600,"caption":"Master lock turvakotelo vaijerilla"},{"@type":"BreadcrumbList","@id":"https:\/\/safetypartners.fi\/kauppa\/tuote\/master-lock-turvakotelo-vaijerilla#breadcrumb","itemListElement":[{"@type":"ListItem","position":1,"name":"Home","item":"https:\/\/safetypartners.fi\/kauppa\/"},{"@type":"ListItem","position":2,"name":"Kauppa","item":"https:\/\/safetypartners.fi\/kauppa\/kauppa"},{"@type":"ListItem","position":3,"name":"Master Lock turvakotelo vaijerilla"}]},{"@type":"WebSite","@id":"https:\/\/safetypartners.fi\/kauppa\/#website","url":"https:\/\/safetypartners.fi\/kauppa\/","name":"Safety Partners","description":"Safety Partners turvakauppa palvelee verkossa 24\/7!","publisher":{"@id":"https:\/\/safetypartners.fi\/kauppa\/#organization"},"potentialAction":[{"@type":"SearchAction","target":{"@type":"EntryPoint","urlTemplate":"https:\/\/safetypartners.fi\/kauppa\/?s={search_term_string}"},"query-input":{"@type":"PropertyValueSpecification","valueRequired":true,"valueName":"search_term_string"}}],"inLanguage":"fi"},{"@type":"Organization","@id":"https:\/\/safetypartners.fi\/kauppa\/#organization","name":"Safety Partners | Suomen Sammutinpalvelu","url":"https:\/\/safetypartners.fi\/kauppa\/","logo":{"@type":"ImageObject","inLanguage":"fi","@id":"https:\/\/safetypartners.fi\/kauppa\/#\/schema\/logo\/image\/","url":"https:\/\/safetypartners.fi\/kauppa\/wp-content\/uploads\/2020\/05\/cropped-Logoke-1.jpg","contentUrl":"https:\/\/safetypartners.fi\/kauppa\/wp-content\/uploads\/2020\/05\/cropped-Logoke-1.jpg","width":847,"height":717,"caption":"Safety Partners | Suomen Sammutinpalvelu"},"image":{"@id":"https:\/\/safetypartners.fi\/kauppa\/#\/schema\/logo\/image\/"}}]}},"uagb_featured_image_src":{"full":["https:\/\/safetypartners.fi\/kauppa\/wp-content\/uploads\/2024\/11\/Turvakotelo-vaijerilla.jpg",600,600,false],"thumbnail":["https:\/\/safetypartners.fi\/kauppa\/wp-content\/uploads\/2024\/11\/Turvakotelo-vaijerilla-150x150.jpg",150,150,true],"medium":["https:\/\/safetypartners.fi\/kauppa\/wp-content\/uploads\/2024\/11\/Turvakotelo-vaijerilla-300x300.jpg",300,300,true],"medium_large":["https:\/\/safetypartners.fi\/kauppa\/wp-content\/uploads\/2024\/11\/Turvakotelo-vaijerilla.jpg",600,600,false],"large":["https:\/\/safetypartners.fi\/kauppa\/wp-content\/uploads\/2024\/11\/Turvakotelo-vaijerilla.jpg",600,600,false],"1536x1536":["https:\/\/safetypartners.fi\/kauppa\/wp-content\/uploads\/2024\/11\/Turvakotelo-vaijerilla.jpg",600,600,false],"2048x2048":["https:\/\/safetypartners.fi\/kauppa\/wp-content\/uploads\/2024\/11\/Turvakotelo-vaijerilla.jpg",600,600,false],"woocommerce_thumbnail":["https:\/\/safetypartners.fi\/kauppa\/wp-content\/uploads\/2024\/11\/Turvakotelo-vaijerilla-300x300.jpg",300,300,true],"woocommerce_single":["https:\/\/safetypartners.fi\/kauppa\/wp-content\/uploads\/2024\/11\/Turvakotelo-vaijerilla.jpg",600,600,false],"woocommerce_gallery_thumbnail":["https:\/\/safetypartners.fi\/kauppa\/wp-content\/uploads\/2024\/11\/Turvakotelo-vaijerilla-100x100.jpg",100,100,true]},"uagb_author_info":{"display_name":"Anu Lehto","author_link":"https:\/\/safetypartners.fi\/kauppa\/author"},"uagb_comment_info":1,"uagb_excerpt":"Master Lockin SafeSpace\u00ae turvakotelo vaijerilla on helppok\u00e4ytt\u00f6inen s\u00e4ilytyskotelo pienille arvotavaroille. Kannettava turvakotelo tarjoaa kiireiselle kaupunkilaiselle kevyen ja turvallisen ratkaisun muun muassa k\u00e4nnyk\u00f6iden, kameroiden, passien, usb-tikkujen ja lompakoiden s\u00e4ilytykseen. SafeSpace\u00ae -turvakotelo kiinnitet\u00e4\u00e4n vaijerilla vaikkapa p\u00f6yd\u00e4n jalkaan, tuoliin, polkupy\u00f6r\u00e4\u00e4n tai muuhun kohteeseen, josta koteloa ei saa irrotettua. Kevyt kotelo on helppo kantaa matkalla mukana! Turvakotelossa on vaihdettava&hellip;","_links":{"self":[{"href":"https:\/\/safetypartners.fi\/kauppa\/wp-json\/wp\/v2\/product\/2358","targetHints":{"allow":["GET"]}}],"collection":[{"href":"https:\/\/safetypartners.fi\/kauppa\/wp-json\/wp\/v2\/product"}],"about":[{"href":"https:\/\/safetypartners.fi\/kauppa\/wp-json\/wp\/v2\/types\/product"}],"replies":[{"embeddable":true,"href":"https:\/\/safetypartners.fi\/kauppa\/wp-json\/wp\/v2\/comments?post=2358"}],"version-history":[{"count":4,"href":"https:\/\/safetypartners.fi\/kauppa\/wp-json\/wp\/v2\/product\/2358\/revisions"}],"predecessor-version":[{"id":2729,"href":"https:\/\/safetypartners.fi\/kauppa\/wp-json\/wp\/v2\/product\/2358\/revisions\/2729"}],"wp:featuredmedia":[{"embeddable":true,"href":"https:\/\/safetypartners.fi\/kauppa\/wp-json\/wp\/v2\/media\/2361"}],"wp:attachment":[{"href":"https:\/\/safetypartners.fi\/kauppa\/wp-json\/wp\/v2\/media?parent=2358"}],"wp:term":[{"taxonomy":"product_brand","embeddable":true,"href":"https:\/\/safetypartners.fi\/kauppa\/wp-json\/wp\/v2\/product_brand?post=2358"},{"taxonomy":"product_cat","embeddable":true,"href":"https:\/\/safetypartners.fi\/kauppa\/wp-json\/wp\/v2\/product_cat?post=2358"},{"taxonomy":"product_tag","embeddable":true,"href":"https:\/\/safetypartners.fi\/kauppa\/wp-json\/wp\/v2\/product_tag?post=2358"}],"curies":[{"name":"wp","href":"https:\/\/api.w.org\/{rel}","templated":true}]}}