{"id":238,"date":"2022-06-22T22:25:27","date_gmt":"2022-06-22T19:25:27","guid":{"rendered":"https:\/\/safetypartners.fi\/kauppa\/?post_type=product&#038;p=238"},"modified":"2026-02-11T12:48:57","modified_gmt":"2026-02-11T10:48:57","slug":"liesivahti","status":"publish","type":"product","link":"https:\/\/safetypartners.fi\/kauppa\/tuote\/liesivahti","title":{"rendered":"Liesivahti SGK5010, Innohome"},"content":{"rendered":"<p>Liesivahti SGK5010 ei salli lieden k\u00e4yt\u00f6n jatkamista, mik\u00e4li l\u00e4mp\u00f6anturi poistetaan. Autodiagnostiikka varmistaa j\u00e4rjestelm\u00e4n jatkuvan toiminnan. Kuukausittaista testaamista ei tarvita.<\/p>\n<p>Liesivahdin l\u00e4mp\u00f6anturi kiinnitet\u00e4\u00e4n liesituulettimeen ensisijaisesti pakkaukseen sis\u00e4ltyv\u00e4n, itsekiinnittyv\u00e4n asennuslevyn avulla. Mik\u00e4li l\u00e4mp\u00f6anturin asentaminen liesituulettimeen ei ole mahdollista, erikseen myyt\u00e4v\u00e4ll\u00e4 <strong><a href=\"https:\/\/safetypartners.fi\/kauppa\/tuote\/seinateline-sgk5010-liesivahdille\">sein\u00e4telineell\u00e4 <\/a><\/strong>laitteen saa asennettua my\u00f6s sein\u00e4\u00e4n\/kattoon. Sein\u00e4telineen l\u00f6yd\u00e4t <a href=\"https:\/\/safetypartners.fi\/kauppa\/tuote\/seinateline-sgk5010-liesivahdille\"><strong>t\u00e4\u00e4lt\u00e4<\/strong><\/a>.<\/p>\n<p><strong>Liesivahti sisa\u0308lt\u00e4\u00e4 edell\u00e4mainittujen lis\u00e4ksi seuraavia varmuusominaisuuksia:<\/strong><\/p>\n<ul>\n<li>Edistynyt virheka\u0308yto\u0308n esto suojaa, mik\u00e4li liesivahdin ha\u0308lytys esteta\u0308a\u0308n tahallisesti ja lieden k\u00e4ytto\u0308\u00e4 yritet\u00e4\u00e4n vaaratilanteessa jatkaa<\/li>\n<li>Ylikuumentuneen lieden k\u00e4yto\u0308nesto<\/li>\n<li>Vikadiagnostiikka tunnistaa likaantumisen ja vioittumisen, sek\u00e4 l\u00e4mpo\u0308anturin virheelliset asennukset<\/li>\n<li>EN 50615 -standardin lis\u00e4ksi laite ta\u0308ytt\u00e4\u00e4 vaatimukset kaikkien asennusolosuhteiden osalta (liesituuletin, sein\u00e4, katto)<\/li>\n<li>SGK5010 sopii yhteen kaikkien s\u00e4hk\u00f6liesien kanssa<\/li>\n<\/ul>\n<p><strong>Liesivahdin asentamisen saa suorittaa vain virallinen s\u00e4hk\u00f6asentaja. H\u00e4n huolehtii laitteen ohjausyksik\u00f6n kytkemisest\u00e4 lieden virransy\u00f6tt\u00f6\u00f6n. <\/strong>Asennus on yksinkertaista, ja sen j\u00e4lkeen l\u00e4mp\u00f6anturin kiinnitt\u00e4misen ja liesivahdin ominaisuuksien s\u00e4\u00e4t\u00e4misen voi tehd\u00e4 itse. Asennusty\u00f6t viev\u00e4t kokonaisuudessaan noin 30 minuuttia.<\/p>\n<p>Tutustu <strong><a href=\"https:\/\/innohome.com\/wp-content\/uploads\/2023\/03\/Innohome-SGK5010-2FF-UserManual-FI-SE-770-00031-C1-WEB.pdf\" target=\"_blank\" rel=\"noopener\">liesivahdin asennus- ja k\u00e4ytt\u00f6ohjeisiin t\u00e4\u00e4ll\u00e4<\/a><\/strong>.<\/p>\n<p>Liesivahdin pikkuveli, <a href=\"https:\/\/safetypartners.fi\/kauppa\/tuote\/innohome-liesihalytin-sgs1010\">liesih\u00e4lytin <strong>SGS1010<\/strong><\/a> l\u00f6ytyy <strong><a href=\"https:\/\/safetypartners.fi\/kauppa\/tuote\/innohome-liesihalytin-sgs1010\">t\u00e4\u00e4lt\u00e4<\/a><\/strong>. Liesih\u00e4lytin SGS1010 ei vaadi s\u00e4hk\u00f6asennusta ja toimii vain oppivana h\u00e4lyttimen\u00e4. Se ei t\u00e4ten katkaise liedest\u00e4 virtaa liesivahdin tapaan vaaratilanteen yhteydess\u00e4.<\/p>\n<p>Innohome on vuonna 2005 Suomessa perustettu yritys ja t\u00e4t\u00e4 nyky\u00e4 liesiturvalaitteiden maailmanlaajuinen markkinajohtaja.<\/p>\n<p>Liesivahti SGK5010 t\u00e4ytt\u00e4\u00e4 EU:n liesiturvalaitteiden standardin EN 50615:2013 vaatimukset kaikkien asennuspaikkojen osalta (tutkittu ja hyv\u00e4ksytty riippumattomassa, akkreditoidussa laboratoriossa (VTT Expert Services).<\/p>\n","protected":false},"excerpt":{"rendered":"<p><strong>Suomalainen Innohome liesivahti SGK5010 <\/strong>reagoi vaaratilanteisiin v\u00e4litt\u00f6m\u00e4sti &#8211; ilman turhia h\u00e4lytyksi\u00e4. \u00c4lykk\u00e4\u00e4n, kotimaisen teknologian ansiosta liesi kytkeytyy pois p\u00e4\u00e4lt\u00e4 ennen kuin vaarallisia kaasuja ehtii muodostua tai tulipaloa sytty\u00e4.<\/p>\n<p>P\u00e4ivitt\u00e4iset suomalaiskeitti\u00f6iden liesipalot olisivat ehk\u00e4ist\u00e4viss\u00e4 liesivahdeilla. Laite tarkkailee ruoanlaiton lomassa syntyvi\u00e4 l\u00e4mp\u00f6tiloja ja n\u00e4iden \u00e4killisi\u00e4 muutoksia. Havaitessaan vaaratilanteen se ensin h\u00e4lytt\u00e4\u00e4 ja katkaisee liedelt\u00e4 virran vasta havaitessaan, ettei ensih\u00e4lytykseen ole reagoitu. Vahti toimii kotisi suojelijana siis silloinkin kun olet lomalla, m\u00f6kill\u00e4 tai ulkoilemassa, tai kun lemmikkisi on saanut lieden p\u00e4\u00e4lle omin p\u00e4in.<\/p>\n[embed]https:\/\/youtu.be\/TRN94O6RiE4?feature=shared[\/embed]\n","protected":false},"featured_media":239,"comment_status":"open","ping_status":"closed","template":"","meta":{"_uag_custom_page_level_css":"","site-sidebar-layout":"default","site-content-layout":"","ast-site-content-layout":"default","site-content-style":"default","site-sidebar-style":"default","ast-global-header-display":"","ast-banner-title-visibility":"","ast-main-header-display":"","ast-hfb-above-header-display":"","ast-hfb-below-header-display":"","ast-hfb-mobile-header-display":"","site-post-title":"","ast-breadcrumbs-content":"","ast-featured-img":"","footer-sml-layout":"","ast-disable-related-posts":"","theme-transparent-header-meta":"default","adv-header-id-meta":"","stick-header-meta":"default","header-above-stick-meta":"","header-main-stick-meta":"","header-below-stick-meta":"","astra-migrate-meta-layouts":"set","ast-page-background-enabled":"default","ast-page-background-meta":{"desktop":{"background-color":"","background-image":"","background-repeat":"repeat","background-position":"center center","background-size":"auto","background-attachment":"scroll","background-type":"","background-media":"","overlay-type":"","overlay-color":"","overlay-opacity":"","overlay-gradient":""},"tablet":{"background-color":"","background-image":"","background-repeat":"repeat","background-position":"center center","background-size":"auto","background-attachment":"scroll","background-type":"","background-media":"","overlay-type":"","overlay-color":"","overlay-opacity":"","overlay-gradient":""},"mobile":{"background-color":"","background-image":"","background-repeat":"repeat","background-position":"center center","background-size":"auto","background-attachment":"scroll","background-type":"","background-media":"","overlay-type":"","overlay-color":"","overlay-opacity":"","overlay-gradient":""}},"ast-content-background-meta":{"desktop":{"background-color":"var(--ast-global-color-5)","background-image":"","background-repeat":"repeat","background-position":"center center","background-size":"auto","background-attachment":"scroll","background-type":"","background-media":"","overlay-type":"","overlay-color":"","overlay-opacity":"","overlay-gradient":""},"tablet":{"background-color":"var(--ast-global-color-5)","background-image":"","background-repeat":"repeat","background-position":"center center","background-size":"auto","background-attachment":"scroll","background-type":"","background-media":"","overlay-type":"","overlay-color":"","overlay-opacity":"","overlay-gradient":""},"mobile":{"background-color":"var(--ast-global-color-5)","background-image":"","background-repeat":"repeat","background-position":"center center","background-size":"auto","background-attachment":"scroll","background-type":"","background-media":"","overlay-type":"","overlay-color":"","overlay-opacity":"","overlay-gradient":""}}},"product_brand":[],"product_cat":[15,32,41],"product_tag":[37,35,39,36,736,739,741,742,33,738,740,737,634,34],"class_list":{"0":"post-238","1":"product","2":"type-product","3":"status-publish","4":"has-post-thumbnail","6":"product_cat-yleinen","7":"product_cat-koti-ja-omaisuusturva","8":"product_cat-koti-vapaa-aika","9":"product_tag-halytys","10":"product_tag-hella","11":"product_tag-innohome","12":"product_tag-keittio","13":"product_tag-kotimainen","14":"product_tag-lapsiperheeseen","15":"product_tag-liesi","16":"product_tag-liesihalytin","17":"product_tag-liesivahti","18":"product_tag-muistihairioiselle","19":"product_tag-sgk5010","20":"product_tag-suomalainen","21":"product_tag-tulipalo","22":"product_tag-varoitin","23":"product_shipping_class-suomi","24":"desktop-align-center","25":"tablet-align-center","26":"mobile-align-center","27":"ast-product-gallery-layout-horizontal-slider","28":"ast-product-tabs-layout-horizontal","30":"first","31":"instock","32":"taxable","33":"shipping-taxable","34":"purchasable","35":"product-type-simple"},"yoast_head":"<!-- This site is optimized with the Yoast SEO plugin v27.3 - https:\/\/yoast.com\/product\/yoast-seo-wordpress\/ -->\n<title>Liesivahti SGK5010, Innohome - Safety Partners<\/title>\n<meta name=\"description\" content=\"Kotimainen liesivahti kytkee lieden pois p\u00e4\u00e4lt\u00e4 ennen kuin vaarallisia kaasuja ehtii muodostua tai tulipaloa sytty\u00e4. Joka keitti\u00f6n varmin turva!\" \/>\n<meta name=\"robots\" content=\"index, follow, max-snippet:-1, max-image-preview:large, max-video-preview:-1\" \/>\n<link rel=\"canonical\" href=\"https:\/\/safetypartners.fi\/kauppa\/tuote\/liesivahti\" \/>\n<meta property=\"og:locale\" content=\"fi_FI\" \/>\n<meta property=\"og:type\" content=\"article\" \/>\n<meta property=\"og:title\" content=\"Liesivahti SGK5010, Innohome - Safety Partners\" \/>\n<meta property=\"og:description\" content=\"Kotimainen liesivahti kytkee lieden pois p\u00e4\u00e4lt\u00e4 ennen kuin vaarallisia kaasuja ehtii muodostua tai tulipaloa sytty\u00e4. Joka keitti\u00f6n varmin turva!\" \/>\n<meta property=\"og:url\" content=\"https:\/\/safetypartners.fi\/kauppa\/tuote\/liesivahti\" \/>\n<meta property=\"og:site_name\" content=\"Safety Partners\" \/>\n<meta property=\"article:modified_time\" content=\"2026-02-11T10:48:57+00:00\" \/>\n<meta property=\"og:image\" content=\"https:\/\/safetypartners.fi\/kauppa\/wp-content\/uploads\/2022\/06\/innohome-liesivahti-sgk5010-0-e1728987358272.png\" \/>\n\t<meta property=\"og:image:width\" content=\"450\" \/>\n\t<meta property=\"og:image:height\" content=\"291\" \/>\n\t<meta property=\"og:image:type\" content=\"image\/png\" \/>\n<meta name=\"twitter:card\" content=\"summary_large_image\" \/>\n<meta name=\"twitter:label1\" content=\"Arvioitu lukuaika\" \/>\n\t<meta name=\"twitter:data1\" content=\"2 minuuttia\" \/>\n<script type=\"application\/ld+json\" class=\"yoast-schema-graph\">{\"@context\":\"https:\\\/\\\/schema.org\",\"@graph\":[{\"@type\":\"WebPage\",\"@id\":\"https:\\\/\\\/safetypartners.fi\\\/kauppa\\\/tuote\\\/liesivahti\",\"url\":\"https:\\\/\\\/safetypartners.fi\\\/kauppa\\\/tuote\\\/liesivahti\",\"name\":\"Liesivahti SGK5010, Innohome - Safety Partners\",\"isPartOf\":{\"@id\":\"https:\\\/\\\/safetypartners.fi\\\/kauppa\\\/#website\"},\"primaryImageOfPage\":{\"@id\":\"https:\\\/\\\/safetypartners.fi\\\/kauppa\\\/tuote\\\/liesivahti#primaryimage\"},\"image\":{\"@id\":\"https:\\\/\\\/safetypartners.fi\\\/kauppa\\\/tuote\\\/liesivahti#primaryimage\"},\"thumbnailUrl\":\"https:\\\/\\\/safetypartners.fi\\\/kauppa\\\/wp-content\\\/uploads\\\/2022\\\/06\\\/innohome-liesivahti-sgk5010-0-e1728987358272.png\",\"datePublished\":\"2022-06-22T19:25:27+00:00\",\"dateModified\":\"2026-02-11T10:48:57+00:00\",\"description\":\"Kotimainen liesivahti kytkee lieden pois p\u00e4\u00e4lt\u00e4 ennen kuin vaarallisia kaasuja ehtii muodostua tai tulipaloa sytty\u00e4. Joka keitti\u00f6n varmin turva!\",\"breadcrumb\":{\"@id\":\"https:\\\/\\\/safetypartners.fi\\\/kauppa\\\/tuote\\\/liesivahti#breadcrumb\"},\"inLanguage\":\"fi\",\"potentialAction\":[{\"@type\":\"ReadAction\",\"target\":[\"https:\\\/\\\/safetypartners.fi\\\/kauppa\\\/tuote\\\/liesivahti\"]}]},{\"@type\":\"ImageObject\",\"inLanguage\":\"fi\",\"@id\":\"https:\\\/\\\/safetypartners.fi\\\/kauppa\\\/tuote\\\/liesivahti#primaryimage\",\"url\":\"https:\\\/\\\/safetypartners.fi\\\/kauppa\\\/wp-content\\\/uploads\\\/2022\\\/06\\\/innohome-liesivahti-sgk5010-0-e1728987358272.png\",\"contentUrl\":\"https:\\\/\\\/safetypartners.fi\\\/kauppa\\\/wp-content\\\/uploads\\\/2022\\\/06\\\/innohome-liesivahti-sgk5010-0-e1728987358272.png\",\"width\":450,\"height\":291,\"caption\":\"Innohomen Liesivahti SGK5010\"},{\"@type\":\"BreadcrumbList\",\"@id\":\"https:\\\/\\\/safetypartners.fi\\\/kauppa\\\/tuote\\\/liesivahti#breadcrumb\",\"itemListElement\":[{\"@type\":\"ListItem\",\"position\":1,\"name\":\"Home\",\"item\":\"https:\\\/\\\/safetypartners.fi\\\/kauppa\\\/\"},{\"@type\":\"ListItem\",\"position\":2,\"name\":\"Kauppa\",\"item\":\"https:\\\/\\\/safetypartners.fi\\\/kauppa\\\/kauppa\"},{\"@type\":\"ListItem\",\"position\":3,\"name\":\"Liesivahti SGK5010, Innohome\"}]},{\"@type\":\"WebSite\",\"@id\":\"https:\\\/\\\/safetypartners.fi\\\/kauppa\\\/#website\",\"url\":\"https:\\\/\\\/safetypartners.fi\\\/kauppa\\\/\",\"name\":\"Safety Partners\",\"description\":\"Safety Partners turvakauppa palvelee verkossa 24\\\/7!\",\"publisher\":{\"@id\":\"https:\\\/\\\/safetypartners.fi\\\/kauppa\\\/#organization\"},\"potentialAction\":[{\"@type\":\"SearchAction\",\"target\":{\"@type\":\"EntryPoint\",\"urlTemplate\":\"https:\\\/\\\/safetypartners.fi\\\/kauppa\\\/?s={search_term_string}\"},\"query-input\":{\"@type\":\"PropertyValueSpecification\",\"valueRequired\":true,\"valueName\":\"search_term_string\"}}],\"inLanguage\":\"fi\"},{\"@type\":\"Organization\",\"@id\":\"https:\\\/\\\/safetypartners.fi\\\/kauppa\\\/#organization\",\"name\":\"Safety Partners | Suomen Sammutinpalvelu\",\"url\":\"https:\\\/\\\/safetypartners.fi\\\/kauppa\\\/\",\"logo\":{\"@type\":\"ImageObject\",\"inLanguage\":\"fi\",\"@id\":\"https:\\\/\\\/safetypartners.fi\\\/kauppa\\\/#\\\/schema\\\/logo\\\/image\\\/\",\"url\":\"https:\\\/\\\/safetypartners.fi\\\/kauppa\\\/wp-content\\\/uploads\\\/2020\\\/05\\\/cropped-Logoke-1.jpg\",\"contentUrl\":\"https:\\\/\\\/safetypartners.fi\\\/kauppa\\\/wp-content\\\/uploads\\\/2020\\\/05\\\/cropped-Logoke-1.jpg\",\"width\":847,\"height\":717,\"caption\":\"Safety Partners | Suomen Sammutinpalvelu\"},\"image\":{\"@id\":\"https:\\\/\\\/safetypartners.fi\\\/kauppa\\\/#\\\/schema\\\/logo\\\/image\\\/\"}}]}<\/script>\n<!-- \/ Yoast SEO plugin. -->","yoast_head_json":{"title":"Liesivahti SGK5010, Innohome - Safety Partners","description":"Kotimainen liesivahti kytkee lieden pois p\u00e4\u00e4lt\u00e4 ennen kuin vaarallisia kaasuja ehtii muodostua tai tulipaloa sytty\u00e4. Joka keitti\u00f6n varmin turva!","robots":{"index":"index","follow":"follow","max-snippet":"max-snippet:-1","max-image-preview":"max-image-preview:large","max-video-preview":"max-video-preview:-1"},"canonical":"https:\/\/safetypartners.fi\/kauppa\/tuote\/liesivahti","og_locale":"fi_FI","og_type":"article","og_title":"Liesivahti SGK5010, Innohome - Safety Partners","og_description":"Kotimainen liesivahti kytkee lieden pois p\u00e4\u00e4lt\u00e4 ennen kuin vaarallisia kaasuja ehtii muodostua tai tulipaloa sytty\u00e4. Joka keitti\u00f6n varmin turva!","og_url":"https:\/\/safetypartners.fi\/kauppa\/tuote\/liesivahti","og_site_name":"Safety Partners","article_modified_time":"2026-02-11T10:48:57+00:00","og_image":[{"width":450,"height":291,"url":"https:\/\/safetypartners.fi\/kauppa\/wp-content\/uploads\/2022\/06\/innohome-liesivahti-sgk5010-0-e1728987358272.png","type":"image\/png"}],"twitter_card":"summary_large_image","twitter_misc":{"Arvioitu lukuaika":"2 minuuttia"},"schema":{"@context":"https:\/\/schema.org","@graph":[{"@type":"WebPage","@id":"https:\/\/safetypartners.fi\/kauppa\/tuote\/liesivahti","url":"https:\/\/safetypartners.fi\/kauppa\/tuote\/liesivahti","name":"Liesivahti SGK5010, Innohome - Safety Partners","isPartOf":{"@id":"https:\/\/safetypartners.fi\/kauppa\/#website"},"primaryImageOfPage":{"@id":"https:\/\/safetypartners.fi\/kauppa\/tuote\/liesivahti#primaryimage"},"image":{"@id":"https:\/\/safetypartners.fi\/kauppa\/tuote\/liesivahti#primaryimage"},"thumbnailUrl":"https:\/\/safetypartners.fi\/kauppa\/wp-content\/uploads\/2022\/06\/innohome-liesivahti-sgk5010-0-e1728987358272.png","datePublished":"2022-06-22T19:25:27+00:00","dateModified":"2026-02-11T10:48:57+00:00","description":"Kotimainen liesivahti kytkee lieden pois p\u00e4\u00e4lt\u00e4 ennen kuin vaarallisia kaasuja ehtii muodostua tai tulipaloa sytty\u00e4. Joka keitti\u00f6n varmin turva!","breadcrumb":{"@id":"https:\/\/safetypartners.fi\/kauppa\/tuote\/liesivahti#breadcrumb"},"inLanguage":"fi","potentialAction":[{"@type":"ReadAction","target":["https:\/\/safetypartners.fi\/kauppa\/tuote\/liesivahti"]}]},{"@type":"ImageObject","inLanguage":"fi","@id":"https:\/\/safetypartners.fi\/kauppa\/tuote\/liesivahti#primaryimage","url":"https:\/\/safetypartners.fi\/kauppa\/wp-content\/uploads\/2022\/06\/innohome-liesivahti-sgk5010-0-e1728987358272.png","contentUrl":"https:\/\/safetypartners.fi\/kauppa\/wp-content\/uploads\/2022\/06\/innohome-liesivahti-sgk5010-0-e1728987358272.png","width":450,"height":291,"caption":"Innohomen Liesivahti SGK5010"},{"@type":"BreadcrumbList","@id":"https:\/\/safetypartners.fi\/kauppa\/tuote\/liesivahti#breadcrumb","itemListElement":[{"@type":"ListItem","position":1,"name":"Home","item":"https:\/\/safetypartners.fi\/kauppa\/"},{"@type":"ListItem","position":2,"name":"Kauppa","item":"https:\/\/safetypartners.fi\/kauppa\/kauppa"},{"@type":"ListItem","position":3,"name":"Liesivahti SGK5010, Innohome"}]},{"@type":"WebSite","@id":"https:\/\/safetypartners.fi\/kauppa\/#website","url":"https:\/\/safetypartners.fi\/kauppa\/","name":"Safety Partners","description":"Safety Partners turvakauppa palvelee verkossa 24\/7!","publisher":{"@id":"https:\/\/safetypartners.fi\/kauppa\/#organization"},"potentialAction":[{"@type":"SearchAction","target":{"@type":"EntryPoint","urlTemplate":"https:\/\/safetypartners.fi\/kauppa\/?s={search_term_string}"},"query-input":{"@type":"PropertyValueSpecification","valueRequired":true,"valueName":"search_term_string"}}],"inLanguage":"fi"},{"@type":"Organization","@id":"https:\/\/safetypartners.fi\/kauppa\/#organization","name":"Safety Partners | Suomen Sammutinpalvelu","url":"https:\/\/safetypartners.fi\/kauppa\/","logo":{"@type":"ImageObject","inLanguage":"fi","@id":"https:\/\/safetypartners.fi\/kauppa\/#\/schema\/logo\/image\/","url":"https:\/\/safetypartners.fi\/kauppa\/wp-content\/uploads\/2020\/05\/cropped-Logoke-1.jpg","contentUrl":"https:\/\/safetypartners.fi\/kauppa\/wp-content\/uploads\/2020\/05\/cropped-Logoke-1.jpg","width":847,"height":717,"caption":"Safety Partners | Suomen Sammutinpalvelu"},"image":{"@id":"https:\/\/safetypartners.fi\/kauppa\/#\/schema\/logo\/image\/"}}]}},"uagb_featured_image_src":{"full":["https:\/\/safetypartners.fi\/kauppa\/wp-content\/uploads\/2022\/06\/innohome-liesivahti-sgk5010-0-e1728987358272.png",450,291,false],"thumbnail":["https:\/\/safetypartners.fi\/kauppa\/wp-content\/uploads\/2022\/06\/innohome-liesivahti-sgk5010-0-150x150.png",150,150,true],"medium":["https:\/\/safetypartners.fi\/kauppa\/wp-content\/uploads\/2022\/06\/innohome-liesivahti-sgk5010-0-300x194.png",300,194,true],"medium_large":["https:\/\/safetypartners.fi\/kauppa\/wp-content\/uploads\/2022\/06\/innohome-liesivahti-sgk5010-0-e1728987358272.png",450,291,false],"large":["https:\/\/safetypartners.fi\/kauppa\/wp-content\/uploads\/2022\/06\/innohome-liesivahti-sgk5010-0-e1728987358272.png",450,291,false],"1536x1536":["https:\/\/safetypartners.fi\/kauppa\/wp-content\/uploads\/2022\/06\/innohome-liesivahti-sgk5010-0-e1728987358272.png",450,291,false],"2048x2048":["https:\/\/safetypartners.fi\/kauppa\/wp-content\/uploads\/2022\/06\/innohome-liesivahti-sgk5010-0-e1728987358272.png",450,291,false],"woocommerce_thumbnail":["https:\/\/safetypartners.fi\/kauppa\/wp-content\/uploads\/2022\/06\/innohome-liesivahti-sgk5010-0-300x300.png",300,300,true],"woocommerce_single":["https:\/\/safetypartners.fi\/kauppa\/wp-content\/uploads\/2022\/06\/innohome-liesivahti-sgk5010-0-600x388.png",600,388,true],"woocommerce_gallery_thumbnail":["https:\/\/safetypartners.fi\/kauppa\/wp-content\/uploads\/2022\/06\/innohome-liesivahti-sgk5010-0-100x100.png",100,100,true]},"uagb_author_info":{"display_name":"Anu Lehto","author_link":"https:\/\/safetypartners.fi\/kauppa\/author"},"uagb_comment_info":2,"uagb_excerpt":"Suomalainen Innohome liesivahti SGK5010 reagoi vaaratilanteisiin v\u00e4litt\u00f6m\u00e4sti - ilman turhia h\u00e4lytyksi\u00e4. \u00c4lykk\u00e4\u00e4n, kotimaisen teknologian ansiosta liesi kytkeytyy pois p\u00e4\u00e4lt\u00e4 ennen kuin vaarallisia kaasuja ehtii muodostua tai tulipaloa sytty\u00e4. P\u00e4ivitt\u00e4iset suomalaiskeitti\u00f6iden liesipalot olisivat ehk\u00e4ist\u00e4viss\u00e4 liesivahdeilla. Laite tarkkailee ruoanlaiton lomassa syntyvi\u00e4 l\u00e4mp\u00f6tiloja ja n\u00e4iden \u00e4killisi\u00e4 muutoksia. Havaitessaan vaaratilanteen se ensin h\u00e4lytt\u00e4\u00e4 ja katkaisee liedelt\u00e4 virran vasta havaitessaan,&hellip;","_links":{"self":[{"href":"https:\/\/safetypartners.fi\/kauppa\/wp-json\/wp\/v2\/product\/238","targetHints":{"allow":["GET"]}}],"collection":[{"href":"https:\/\/safetypartners.fi\/kauppa\/wp-json\/wp\/v2\/product"}],"about":[{"href":"https:\/\/safetypartners.fi\/kauppa\/wp-json\/wp\/v2\/types\/product"}],"replies":[{"embeddable":true,"href":"https:\/\/safetypartners.fi\/kauppa\/wp-json\/wp\/v2\/comments?post=238"}],"version-history":[{"count":9,"href":"https:\/\/safetypartners.fi\/kauppa\/wp-json\/wp\/v2\/product\/238\/revisions"}],"predecessor-version":[{"id":2854,"href":"https:\/\/safetypartners.fi\/kauppa\/wp-json\/wp\/v2\/product\/238\/revisions\/2854"}],"wp:featuredmedia":[{"embeddable":true,"href":"https:\/\/safetypartners.fi\/kauppa\/wp-json\/wp\/v2\/media\/239"}],"wp:attachment":[{"href":"https:\/\/safetypartners.fi\/kauppa\/wp-json\/wp\/v2\/media?parent=238"}],"wp:term":[{"taxonomy":"product_brand","embeddable":true,"href":"https:\/\/safetypartners.fi\/kauppa\/wp-json\/wp\/v2\/product_brand?post=238"},{"taxonomy":"product_cat","embeddable":true,"href":"https:\/\/safetypartners.fi\/kauppa\/wp-json\/wp\/v2\/product_cat?post=238"},{"taxonomy":"product_tag","embeddable":true,"href":"https:\/\/safetypartners.fi\/kauppa\/wp-json\/wp\/v2\/product_tag?post=238"}],"curies":[{"name":"wp","href":"https:\/\/api.w.org\/{rel}","templated":true}]}}