{"id":2393,"date":"2024-11-18T12:54:01","date_gmt":"2024-11-18T10:54:01","guid":{"rendered":"https:\/\/safetypartners.fi\/kauppa\/?post_type=product&#038;p=2393"},"modified":"2026-01-28T13:27:35","modified_gmt":"2026-01-28T11:27:35","slug":"housegard-pebble-link-langaton-palovaroitin-10-vuoden-paristolla-2-kpl","status":"publish","type":"product","link":"https:\/\/safetypartners.fi\/kauppa\/tuote\/housegard-pebble-link-langaton-palovaroitin-10-vuoden-paristolla-2-kpl","title":{"rendered":"Housegard Pebble Link langaton palovaroitin 10-vuoden paristolla, 2 kpl"},"content":{"rendered":"<p>Optinen, linkitett\u00e4v\u00e4 palovaroitin. Sarjaan kytkett\u00e4v\u00e4t palovaroittimet ovat paras valinta useimpiin koteihin ja niit\u00e4 suositellaan kaikkiin majoitustiloihin, joissa on enemm\u00e4n kuin yksi makuuhuone. Linkityksen my\u00f6t\u00e4 kaikki h\u00e4lyttimet alkavat h\u00e4lytt\u00e4\u00e4, jos yksi niist\u00e4 laukeaa.<\/p>\n<ul>\n<li>3M-asennusteipin ansiosta asennus sujuu erityisen nopeasti ja mutkattomasti eik\u00e4 sinun tarvitse k\u00e4ytt\u00e4\u00e4 porakonetta. Varoittimen voi my\u00f6s kiinnitt\u00e4\u00e4 ruuveilla.<\/li>\n<li>Taukopainike hiljent\u00e4\u00e4 varoittimen 9 minuutin ajaksi.<\/li>\n<li>P\u00f6lysuojus suojaa ilmaisinta rakentamisen ja saneerauksen aikana.<\/li>\n<li>Testipainike testaa varoittimen toimintoja.<\/li>\n<li>Kantama esteett\u00f6m\u00e4ss\u00e4 tilassa enint\u00e4\u00e4n: 100 m<\/li>\n<li>L\u00e4mp\u00f6tila-alue: -10 \u00b0C \/ +40 \u00b0C (huom. pakkanen saattaa kuluttaa akkua ennakoitua nopeammin)<\/li>\n<li>Hyv\u00e4ksytty CE-, EN14604:2008-, RoHS- ja REACH-standardien mukaisesti, ja testattu savutunnelissa oikean kalibroinnin varmistamiseksi.<\/li>\n<\/ul>\n<div class=\"description-toggle\"><img decoding=\"async\" src=\"https:\/\/www.gpbmnordic.fi\/pub\/media\/cms_pimcore\/pebble-link-3-FI.jpg\" alt=\"\" \/>Lue my\u00f6s: <a href=\"https:\/\/gpbmnordic.com\/Product\/Files\/Local\/Smoke%20Detectors%20and%20False%20Alarms%20FI.pdf\" target=\"_blank\" rel=\"attachment noopener wp-att-2582\">Palovaroittimen asentaminen ja virheh\u00e4lytykset<\/a><\/div>\n","protected":false},"excerpt":{"rendered":"<p><strong>Housegardin Pebble Linkiss\u00e4<\/strong> on 10 vuoden litiumparisto ja sen saa linkitetty\u00e4 yhteen jopa 11 vastaavan palovaroittimen kanssa. Langaton 868 MHz-yhteys hoitaa linkityksen, etk\u00e4 tarvitse wi-fi-yhteytt\u00e4 tai \u00e4lylaitteita. T\u00e4ll\u00e4 tavalla kun yksi varoitin h\u00e4lytt\u00e4\u00e4, h\u00e4lytt\u00e4v\u00e4t kaikki!<\/p>\n<p>Pebble Link -palovaroitin antaa merkki\u00e4\u00e4nen, kun paristo on kulunut loppuun ja on tullut aika hankkia uusi varoitin. 10 vuoden akku tarkoittaa, ett\u00e4 v\u00e4ltyt t\u00e4ysin paristojen vaihtamiselta. Sen sijaan koko varoitin vaihdetaan 10 vuoden k\u00e4ytt\u00f6i\u00e4n j\u00e4lkeen, <a href=\"https:\/\/tukes.fi\/tuotteet-ja-palvelut\/pelastustoimen-laitteet\/palovaroittimet\">Tukesin linjauksen mukaisesti<\/a>.<\/p>\n","protected":false},"featured_media":2396,"comment_status":"open","ping_status":"closed","template":"","meta":{"_uag_custom_page_level_css":"","site-sidebar-layout":"default","site-content-layout":"default","ast-site-content-layout":"default","site-content-style":"default","site-sidebar-style":"default","ast-global-header-display":"","ast-banner-title-visibility":"","ast-main-header-display":"","ast-hfb-above-header-display":"","ast-hfb-below-header-display":"","ast-hfb-mobile-header-display":"","site-post-title":"","ast-breadcrumbs-content":"","ast-featured-img":"","footer-sml-layout":"","ast-disable-related-posts":"","theme-transparent-header-meta":"default","adv-header-id-meta":"","stick-header-meta":"default","header-above-stick-meta":"","header-main-stick-meta":"","header-below-stick-meta":"","astra-migrate-meta-layouts":"set","ast-page-background-enabled":"default","ast-page-background-meta":{"desktop":{"background-color":"","background-image":"","background-repeat":"repeat","background-position":"center center","background-size":"auto","background-attachment":"scroll","background-type":"","background-media":"","overlay-type":"","overlay-color":"","overlay-opacity":"","overlay-gradient":""},"tablet":{"background-color":"","background-image":"","background-repeat":"repeat","background-position":"center center","background-size":"auto","background-attachment":"scroll","background-type":"","background-media":"","overlay-type":"","overlay-color":"","overlay-opacity":"","overlay-gradient":""},"mobile":{"background-color":"","background-image":"","background-repeat":"repeat","background-position":"center center","background-size":"auto","background-attachment":"scroll","background-type":"","background-media":"","overlay-type":"","overlay-color":"","overlay-opacity":"","overlay-gradient":""}},"ast-content-background-meta":{"desktop":{"background-color":"var(--ast-global-color-5)","background-image":"","background-repeat":"repeat","background-position":"center center","background-size":"auto","background-attachment":"scroll","background-type":"","background-media":"","overlay-type":"","overlay-color":"","overlay-opacity":"","overlay-gradient":""},"tablet":{"background-color":"var(--ast-global-color-5)","background-image":"","background-repeat":"repeat","background-position":"center center","background-size":"auto","background-attachment":"scroll","background-type":"","background-media":"","overlay-type":"","overlay-color":"","overlay-opacity":"","overlay-gradient":""},"mobile":{"background-color":"var(--ast-global-color-5)","background-image":"","background-repeat":"repeat","background-position":"center center","background-size":"auto","background-attachment":"scroll","background-type":"","background-media":"","overlay-type":"","overlay-color":"","overlay-opacity":"","overlay-gradient":""}}},"product_brand":[],"product_cat":[15,30,216,316],"product_tag":[332,1021,113,1231,327,1232,1018,481,317,447,1020,1019,1233,329],"class_list":{"0":"post-2393","1":"product","2":"type-product","3":"status-publish","4":"has-post-thumbnail","6":"product_cat-yleinen","7":"product_cat-paloturvallisuus","8":"product_cat-palovaroittimet","9":"product_cat-yhdistettavat-palovaroittimet","10":"product_tag-10-vuoden-paristo","11":"product_tag-868-mhz","12":"product_tag-housegard","13":"product_tag-ketjutettava","14":"product_tag-langaton","15":"product_tag-langattomasti-ketjutettava","16":"product_tag-linkitettava-varoitin","17":"product_tag-litiumakku","18":"product_tag-palovaroitin","19":"product_tag-pebble","20":"product_tag-pebble-link","21":"product_tag-sa703","22":"product_tag-yhdistettava","23":"product_tag-yhteenliitettava","24":"product_shipping_class-suomi","25":"desktop-align-center","26":"tablet-align-center","27":"mobile-align-center","28":"ast-product-gallery-layout-horizontal-slider","29":"ast-product-tabs-layout-horizontal","31":"first","32":"instock","33":"taxable","34":"shipping-taxable","35":"purchasable","36":"product-type-simple"},"yoast_head":"<!-- This site is optimized with the Yoast SEO plugin v27.3 - https:\/\/yoast.com\/product\/yoast-seo-wordpress\/ -->\n<title>Housegard Pebble Link langaton palovaroitin 10-vuoden paristolla, 2 kpl - Safety Partners<\/title>\n<meta name=\"description\" content=\"10 vuoden litiumparistolla k\u00e4yv\u00e4n palovaroittimen saa linkitetty\u00e4 yhteen jopa 11 vastaavan palovaroittimen kanssa. 868 MHz-yhteys hoitaa linkityksen.\" \/>\n<meta name=\"robots\" content=\"index, follow, max-snippet:-1, max-image-preview:large, max-video-preview:-1\" \/>\n<link rel=\"canonical\" href=\"https:\/\/safetypartners.fi\/kauppa\/tuote\/housegard-pebble-link-langaton-palovaroitin-10-vuoden-paristolla-2-kpl\" \/>\n<meta property=\"og:locale\" content=\"fi_FI\" \/>\n<meta property=\"og:type\" content=\"article\" \/>\n<meta property=\"og:title\" content=\"Housegard Pebble Link langaton palovaroitin 10-vuoden paristolla, 2 kpl - Safety Partners\" \/>\n<meta property=\"og:description\" content=\"10 vuoden litiumparistolla k\u00e4yv\u00e4n palovaroittimen saa linkitetty\u00e4 yhteen jopa 11 vastaavan palovaroittimen kanssa. 868 MHz-yhteys hoitaa linkityksen.\" \/>\n<meta property=\"og:url\" content=\"https:\/\/safetypartners.fi\/kauppa\/tuote\/housegard-pebble-link-langaton-palovaroitin-10-vuoden-paristolla-2-kpl\" \/>\n<meta property=\"og:site_name\" content=\"Safety Partners\" \/>\n<meta property=\"article:modified_time\" content=\"2026-01-28T11:27:35+00:00\" \/>\n<meta property=\"og:image\" content=\"https:\/\/safetypartners.fi\/kauppa\/wp-content\/uploads\/2024\/11\/13713_pim.png\" \/>\n\t<meta property=\"og:image:width\" content=\"500\" \/>\n\t<meta property=\"og:image:height\" content=\"500\" \/>\n\t<meta property=\"og:image:type\" content=\"image\/png\" \/>\n<meta name=\"twitter:card\" content=\"summary_large_image\" \/>\n<meta name=\"twitter:label1\" content=\"Arvioitu lukuaika\" \/>\n\t<meta name=\"twitter:data1\" content=\"2 minuuttia\" \/>\n<script type=\"application\/ld+json\" class=\"yoast-schema-graph\">{\"@context\":\"https:\\\/\\\/schema.org\",\"@graph\":[{\"@type\":\"WebPage\",\"@id\":\"https:\\\/\\\/safetypartners.fi\\\/kauppa\\\/tuote\\\/housegard-pebble-link-langaton-palovaroitin-10-vuoden-paristolla-2-kpl\",\"url\":\"https:\\\/\\\/safetypartners.fi\\\/kauppa\\\/tuote\\\/housegard-pebble-link-langaton-palovaroitin-10-vuoden-paristolla-2-kpl\",\"name\":\"Housegard Pebble Link langaton palovaroitin 10-vuoden paristolla, 2 kpl - Safety Partners\",\"isPartOf\":{\"@id\":\"https:\\\/\\\/safetypartners.fi\\\/kauppa\\\/#website\"},\"primaryImageOfPage\":{\"@id\":\"https:\\\/\\\/safetypartners.fi\\\/kauppa\\\/tuote\\\/housegard-pebble-link-langaton-palovaroitin-10-vuoden-paristolla-2-kpl#primaryimage\"},\"image\":{\"@id\":\"https:\\\/\\\/safetypartners.fi\\\/kauppa\\\/tuote\\\/housegard-pebble-link-langaton-palovaroitin-10-vuoden-paristolla-2-kpl#primaryimage\"},\"thumbnailUrl\":\"https:\\\/\\\/safetypartners.fi\\\/kauppa\\\/wp-content\\\/uploads\\\/2024\\\/11\\\/13713_pim.png\",\"datePublished\":\"2024-11-18T10:54:01+00:00\",\"dateModified\":\"2026-01-28T11:27:35+00:00\",\"description\":\"10 vuoden litiumparistolla k\u00e4yv\u00e4n palovaroittimen saa linkitetty\u00e4 yhteen jopa 11 vastaavan palovaroittimen kanssa. 868 MHz-yhteys hoitaa linkityksen.\",\"breadcrumb\":{\"@id\":\"https:\\\/\\\/safetypartners.fi\\\/kauppa\\\/tuote\\\/housegard-pebble-link-langaton-palovaroitin-10-vuoden-paristolla-2-kpl#breadcrumb\"},\"inLanguage\":\"fi\",\"potentialAction\":[{\"@type\":\"ReadAction\",\"target\":[\"https:\\\/\\\/safetypartners.fi\\\/kauppa\\\/tuote\\\/housegard-pebble-link-langaton-palovaroitin-10-vuoden-paristolla-2-kpl\"]}]},{\"@type\":\"ImageObject\",\"inLanguage\":\"fi\",\"@id\":\"https:\\\/\\\/safetypartners.fi\\\/kauppa\\\/tuote\\\/housegard-pebble-link-langaton-palovaroitin-10-vuoden-paristolla-2-kpl#primaryimage\",\"url\":\"https:\\\/\\\/safetypartners.fi\\\/kauppa\\\/wp-content\\\/uploads\\\/2024\\\/11\\\/13713_pim.png\",\"contentUrl\":\"https:\\\/\\\/safetypartners.fi\\\/kauppa\\\/wp-content\\\/uploads\\\/2024\\\/11\\\/13713_pim.png\",\"width\":500,\"height\":500,\"caption\":\"Housegard Pebble Link langaton palovaroitin 10 vuoden paristolla\"},{\"@type\":\"BreadcrumbList\",\"@id\":\"https:\\\/\\\/safetypartners.fi\\\/kauppa\\\/tuote\\\/housegard-pebble-link-langaton-palovaroitin-10-vuoden-paristolla-2-kpl#breadcrumb\",\"itemListElement\":[{\"@type\":\"ListItem\",\"position\":1,\"name\":\"Home\",\"item\":\"https:\\\/\\\/safetypartners.fi\\\/kauppa\\\/\"},{\"@type\":\"ListItem\",\"position\":2,\"name\":\"Kauppa\",\"item\":\"https:\\\/\\\/safetypartners.fi\\\/kauppa\\\/kauppa\"},{\"@type\":\"ListItem\",\"position\":3,\"name\":\"Housegard Pebble Link langaton palovaroitin 10-vuoden paristolla, 2 kpl\"}]},{\"@type\":\"WebSite\",\"@id\":\"https:\\\/\\\/safetypartners.fi\\\/kauppa\\\/#website\",\"url\":\"https:\\\/\\\/safetypartners.fi\\\/kauppa\\\/\",\"name\":\"Safety Partners\",\"description\":\"Safety Partners turvakauppa palvelee verkossa 24\\\/7!\",\"publisher\":{\"@id\":\"https:\\\/\\\/safetypartners.fi\\\/kauppa\\\/#organization\"},\"potentialAction\":[{\"@type\":\"SearchAction\",\"target\":{\"@type\":\"EntryPoint\",\"urlTemplate\":\"https:\\\/\\\/safetypartners.fi\\\/kauppa\\\/?s={search_term_string}\"},\"query-input\":{\"@type\":\"PropertyValueSpecification\",\"valueRequired\":true,\"valueName\":\"search_term_string\"}}],\"inLanguage\":\"fi\"},{\"@type\":\"Organization\",\"@id\":\"https:\\\/\\\/safetypartners.fi\\\/kauppa\\\/#organization\",\"name\":\"Safety Partners | Suomen Sammutinpalvelu\",\"url\":\"https:\\\/\\\/safetypartners.fi\\\/kauppa\\\/\",\"logo\":{\"@type\":\"ImageObject\",\"inLanguage\":\"fi\",\"@id\":\"https:\\\/\\\/safetypartners.fi\\\/kauppa\\\/#\\\/schema\\\/logo\\\/image\\\/\",\"url\":\"https:\\\/\\\/safetypartners.fi\\\/kauppa\\\/wp-content\\\/uploads\\\/2020\\\/05\\\/cropped-Logoke-1.jpg\",\"contentUrl\":\"https:\\\/\\\/safetypartners.fi\\\/kauppa\\\/wp-content\\\/uploads\\\/2020\\\/05\\\/cropped-Logoke-1.jpg\",\"width\":847,\"height\":717,\"caption\":\"Safety Partners | Suomen Sammutinpalvelu\"},\"image\":{\"@id\":\"https:\\\/\\\/safetypartners.fi\\\/kauppa\\\/#\\\/schema\\\/logo\\\/image\\\/\"}}]}<\/script>\n<!-- \/ Yoast SEO plugin. -->","yoast_head_json":{"title":"Housegard Pebble Link langaton palovaroitin 10-vuoden paristolla, 2 kpl - Safety Partners","description":"10 vuoden litiumparistolla k\u00e4yv\u00e4n palovaroittimen saa linkitetty\u00e4 yhteen jopa 11 vastaavan palovaroittimen kanssa. 868 MHz-yhteys hoitaa linkityksen.","robots":{"index":"index","follow":"follow","max-snippet":"max-snippet:-1","max-image-preview":"max-image-preview:large","max-video-preview":"max-video-preview:-1"},"canonical":"https:\/\/safetypartners.fi\/kauppa\/tuote\/housegard-pebble-link-langaton-palovaroitin-10-vuoden-paristolla-2-kpl","og_locale":"fi_FI","og_type":"article","og_title":"Housegard Pebble Link langaton palovaroitin 10-vuoden paristolla, 2 kpl - Safety Partners","og_description":"10 vuoden litiumparistolla k\u00e4yv\u00e4n palovaroittimen saa linkitetty\u00e4 yhteen jopa 11 vastaavan palovaroittimen kanssa. 868 MHz-yhteys hoitaa linkityksen.","og_url":"https:\/\/safetypartners.fi\/kauppa\/tuote\/housegard-pebble-link-langaton-palovaroitin-10-vuoden-paristolla-2-kpl","og_site_name":"Safety Partners","article_modified_time":"2026-01-28T11:27:35+00:00","og_image":[{"width":500,"height":500,"url":"https:\/\/safetypartners.fi\/kauppa\/wp-content\/uploads\/2024\/11\/13713_pim.png","type":"image\/png"}],"twitter_card":"summary_large_image","twitter_misc":{"Arvioitu lukuaika":"2 minuuttia"},"schema":{"@context":"https:\/\/schema.org","@graph":[{"@type":"WebPage","@id":"https:\/\/safetypartners.fi\/kauppa\/tuote\/housegard-pebble-link-langaton-palovaroitin-10-vuoden-paristolla-2-kpl","url":"https:\/\/safetypartners.fi\/kauppa\/tuote\/housegard-pebble-link-langaton-palovaroitin-10-vuoden-paristolla-2-kpl","name":"Housegard Pebble Link langaton palovaroitin 10-vuoden paristolla, 2 kpl - Safety Partners","isPartOf":{"@id":"https:\/\/safetypartners.fi\/kauppa\/#website"},"primaryImageOfPage":{"@id":"https:\/\/safetypartners.fi\/kauppa\/tuote\/housegard-pebble-link-langaton-palovaroitin-10-vuoden-paristolla-2-kpl#primaryimage"},"image":{"@id":"https:\/\/safetypartners.fi\/kauppa\/tuote\/housegard-pebble-link-langaton-palovaroitin-10-vuoden-paristolla-2-kpl#primaryimage"},"thumbnailUrl":"https:\/\/safetypartners.fi\/kauppa\/wp-content\/uploads\/2024\/11\/13713_pim.png","datePublished":"2024-11-18T10:54:01+00:00","dateModified":"2026-01-28T11:27:35+00:00","description":"10 vuoden litiumparistolla k\u00e4yv\u00e4n palovaroittimen saa linkitetty\u00e4 yhteen jopa 11 vastaavan palovaroittimen kanssa. 868 MHz-yhteys hoitaa linkityksen.","breadcrumb":{"@id":"https:\/\/safetypartners.fi\/kauppa\/tuote\/housegard-pebble-link-langaton-palovaroitin-10-vuoden-paristolla-2-kpl#breadcrumb"},"inLanguage":"fi","potentialAction":[{"@type":"ReadAction","target":["https:\/\/safetypartners.fi\/kauppa\/tuote\/housegard-pebble-link-langaton-palovaroitin-10-vuoden-paristolla-2-kpl"]}]},{"@type":"ImageObject","inLanguage":"fi","@id":"https:\/\/safetypartners.fi\/kauppa\/tuote\/housegard-pebble-link-langaton-palovaroitin-10-vuoden-paristolla-2-kpl#primaryimage","url":"https:\/\/safetypartners.fi\/kauppa\/wp-content\/uploads\/2024\/11\/13713_pim.png","contentUrl":"https:\/\/safetypartners.fi\/kauppa\/wp-content\/uploads\/2024\/11\/13713_pim.png","width":500,"height":500,"caption":"Housegard Pebble Link langaton palovaroitin 10 vuoden paristolla"},{"@type":"BreadcrumbList","@id":"https:\/\/safetypartners.fi\/kauppa\/tuote\/housegard-pebble-link-langaton-palovaroitin-10-vuoden-paristolla-2-kpl#breadcrumb","itemListElement":[{"@type":"ListItem","position":1,"name":"Home","item":"https:\/\/safetypartners.fi\/kauppa\/"},{"@type":"ListItem","position":2,"name":"Kauppa","item":"https:\/\/safetypartners.fi\/kauppa\/kauppa"},{"@type":"ListItem","position":3,"name":"Housegard Pebble Link langaton palovaroitin 10-vuoden paristolla, 2 kpl"}]},{"@type":"WebSite","@id":"https:\/\/safetypartners.fi\/kauppa\/#website","url":"https:\/\/safetypartners.fi\/kauppa\/","name":"Safety Partners","description":"Safety Partners turvakauppa palvelee verkossa 24\/7!","publisher":{"@id":"https:\/\/safetypartners.fi\/kauppa\/#organization"},"potentialAction":[{"@type":"SearchAction","target":{"@type":"EntryPoint","urlTemplate":"https:\/\/safetypartners.fi\/kauppa\/?s={search_term_string}"},"query-input":{"@type":"PropertyValueSpecification","valueRequired":true,"valueName":"search_term_string"}}],"inLanguage":"fi"},{"@type":"Organization","@id":"https:\/\/safetypartners.fi\/kauppa\/#organization","name":"Safety Partners | Suomen Sammutinpalvelu","url":"https:\/\/safetypartners.fi\/kauppa\/","logo":{"@type":"ImageObject","inLanguage":"fi","@id":"https:\/\/safetypartners.fi\/kauppa\/#\/schema\/logo\/image\/","url":"https:\/\/safetypartners.fi\/kauppa\/wp-content\/uploads\/2020\/05\/cropped-Logoke-1.jpg","contentUrl":"https:\/\/safetypartners.fi\/kauppa\/wp-content\/uploads\/2020\/05\/cropped-Logoke-1.jpg","width":847,"height":717,"caption":"Safety Partners | Suomen Sammutinpalvelu"},"image":{"@id":"https:\/\/safetypartners.fi\/kauppa\/#\/schema\/logo\/image\/"}}]}},"uagb_featured_image_src":{"full":["https:\/\/safetypartners.fi\/kauppa\/wp-content\/uploads\/2024\/11\/13713_pim.png",500,500,false],"thumbnail":["https:\/\/safetypartners.fi\/kauppa\/wp-content\/uploads\/2024\/11\/13713_pim-150x150.png",150,150,true],"medium":["https:\/\/safetypartners.fi\/kauppa\/wp-content\/uploads\/2024\/11\/13713_pim-300x300.png",300,300,true],"medium_large":["https:\/\/safetypartners.fi\/kauppa\/wp-content\/uploads\/2024\/11\/13713_pim.png",500,500,false],"large":["https:\/\/safetypartners.fi\/kauppa\/wp-content\/uploads\/2024\/11\/13713_pim.png",500,500,false],"1536x1536":["https:\/\/safetypartners.fi\/kauppa\/wp-content\/uploads\/2024\/11\/13713_pim.png",500,500,false],"2048x2048":["https:\/\/safetypartners.fi\/kauppa\/wp-content\/uploads\/2024\/11\/13713_pim.png",500,500,false],"woocommerce_thumbnail":["https:\/\/safetypartners.fi\/kauppa\/wp-content\/uploads\/2024\/11\/13713_pim-300x300.png",300,300,true],"woocommerce_single":["https:\/\/safetypartners.fi\/kauppa\/wp-content\/uploads\/2024\/11\/13713_pim.png",500,500,false],"woocommerce_gallery_thumbnail":["https:\/\/safetypartners.fi\/kauppa\/wp-content\/uploads\/2024\/11\/13713_pim-100x100.png",100,100,true]},"uagb_author_info":{"display_name":"Anu Lehto","author_link":"https:\/\/safetypartners.fi\/kauppa\/author"},"uagb_comment_info":0,"uagb_excerpt":"Housegardin Pebble Linkiss\u00e4 on 10 vuoden litiumparisto ja sen saa linkitetty\u00e4 yhteen jopa 11 vastaavan palovaroittimen kanssa. Langaton 868 MHz-yhteys hoitaa linkityksen, etk\u00e4 tarvitse wi-fi-yhteytt\u00e4 tai \u00e4lylaitteita. T\u00e4ll\u00e4 tavalla kun yksi varoitin h\u00e4lytt\u00e4\u00e4, h\u00e4lytt\u00e4v\u00e4t kaikki! Pebble Link -palovaroitin antaa merkki\u00e4\u00e4nen, kun paristo on kulunut loppuun ja on tullut aika hankkia uusi varoitin. 10 vuoden akku&hellip;","_links":{"self":[{"href":"https:\/\/safetypartners.fi\/kauppa\/wp-json\/wp\/v2\/product\/2393","targetHints":{"allow":["GET"]}}],"collection":[{"href":"https:\/\/safetypartners.fi\/kauppa\/wp-json\/wp\/v2\/product"}],"about":[{"href":"https:\/\/safetypartners.fi\/kauppa\/wp-json\/wp\/v2\/types\/product"}],"replies":[{"embeddable":true,"href":"https:\/\/safetypartners.fi\/kauppa\/wp-json\/wp\/v2\/comments?post=2393"}],"version-history":[{"count":4,"href":"https:\/\/safetypartners.fi\/kauppa\/wp-json\/wp\/v2\/product\/2393\/revisions"}],"predecessor-version":[{"id":3012,"href":"https:\/\/safetypartners.fi\/kauppa\/wp-json\/wp\/v2\/product\/2393\/revisions\/3012"}],"wp:featuredmedia":[{"embeddable":true,"href":"https:\/\/safetypartners.fi\/kauppa\/wp-json\/wp\/v2\/media\/2396"}],"wp:attachment":[{"href":"https:\/\/safetypartners.fi\/kauppa\/wp-json\/wp\/v2\/media?parent=2393"}],"wp:term":[{"taxonomy":"product_brand","embeddable":true,"href":"https:\/\/safetypartners.fi\/kauppa\/wp-json\/wp\/v2\/product_brand?post=2393"},{"taxonomy":"product_cat","embeddable":true,"href":"https:\/\/safetypartners.fi\/kauppa\/wp-json\/wp\/v2\/product_cat?post=2393"},{"taxonomy":"product_tag","embeddable":true,"href":"https:\/\/safetypartners.fi\/kauppa\/wp-json\/wp\/v2\/product_tag?post=2393"}],"curies":[{"name":"wp","href":"https:\/\/api.w.org\/{rel}","templated":true}]}}