{"id":2447,"date":"2024-12-20T11:38:57","date_gmt":"2024-12-20T09:38:57","guid":{"rendered":"https:\/\/safetypartners.fi\/kauppa\/?post_type=product&#038;p=2447"},"modified":"2026-03-09T13:10:08","modified_gmt":"2026-03-09T11:10:08","slug":"housegard-kaasuvaroitin-12v-230v-ga102","status":"publish","type":"product","link":"https:\/\/safetypartners.fi\/kauppa\/tuote\/housegard-kaasuvaroitin-12v-230v-ga102","title":{"rendered":"Kaasuvaroitin &#8211; Housegard 12V &#038; 230V, GA102"},"content":{"rendered":"<p>Kaasuvaroitin &#8211; Housegard: Viiden vuoden takuu valmistusvirheiden varalta<\/p>\n<p>Tarkoitettu sis\u00e4k\u00e4ytt\u00f6\u00f6n kuivissa tiloissa.\u00a0LNG:n (maakaasun) havaitsemiseksi h\u00e4lytin on asennettava 15-30 cm katon alapuolelle ja enint\u00e4\u00e4n 6 metrin p\u00e4\u00e4h\u00e4n kaasul\u00e4hteest\u00e4. Nestekaasun (bensiini, propaani jne.) havaitsemiseksi h\u00e4lytin tulee asentaa 15-30 cm lattian yl\u00e4puolelle ja enint\u00e4\u00e4n 4 metrin p\u00e4\u00e4h\u00e4n kaasul\u00e4hteest\u00e4.<\/p>\n<p><strong>Tekniset tiedot:<\/strong><\/p>\n<p>Malli: GA101S<br \/>\nHavaitsee palavia kaasuja LPG ja LNG (propaani, butaani, metaani, luonnonkaasu jne.)<br \/>\nVirtal\u00e4hde: AC220V\/50Hz<br \/>\nHerkkyys: 10%<br \/>\nVirrankulutus: 4W<br \/>\nToimintal\u00e4mp\u00f6tila: -10\u00b0C &#8230; 50\u00b0C<br \/>\nYmp\u00e4rist\u00f6n ilmankosteus: max. 90%<br \/>\nH\u00e4lytys: &gt;85 dB 3m<br \/>\nJohdon pituus n. 140cm<\/p>\n<p>Standby: vihre\u00e4 led<br \/>\nH\u00e4lytys: punainen led-vilkkuu ja laite h\u00e4lytt\u00e4\u00e4<br \/>\nVirhe: keltainen led<br \/>\nTestitoiminto: musta painike<br \/>\nVarkaudenestotoiminto\u00a0peukalointih\u00e4lyttimell\u00e4<\/p>\n<p>Testattu ja hyv\u00e4ksytty, CE, EN 50194-1:2009<\/p>\n","protected":false},"excerpt":{"rendered":"<p><strong>Kaasuvaroitin &#8211; Housegardin GA102 kaasuvaroitin 12V &amp; 230V<\/strong> on ihanteellinen vartija kotikeitti\u00f6\u00f6n sek\u00e4 esimerkiksi asuntoautoon\/vaunuun. Kaasuvaroitin h\u00e4lytt\u00e4\u00e4 v\u00e4litt\u00f6m\u00e4sti palavien kaasujen vuodoista (LPG, LNG, kaupunkikaasu). Varoitin on kytkett\u00e4viss\u00e4 helposti suoraan 12V tai adapterilla 230V. Releen avulla varoittimeen voidaan liitt\u00e4\u00e4 ulkopuolinen sireeni tai venttiili. Kaasuvaroitin sis\u00e4lt\u00e4\u00e4 testi- ja taukotoiminnot. LED osoittaa virhetilat ja h\u00e4lytykset. Varoitin my\u00f6s ilmaisee kun on aika vaihtaa se uuteen.<\/p>\n<p>Testattu ja hyv\u00e4ksytty, CE, EN 50194-1:2009<\/p>\n","protected":false},"featured_media":2448,"comment_status":"open","ping_status":"closed","template":"","meta":{"_uag_custom_page_level_css":"","site-sidebar-layout":"default","site-content-layout":"","ast-site-content-layout":"default","site-content-style":"default","site-sidebar-style":"default","ast-global-header-display":"","ast-banner-title-visibility":"","ast-main-header-display":"","ast-hfb-above-header-display":"","ast-hfb-below-header-display":"","ast-hfb-mobile-header-display":"","site-post-title":"","ast-breadcrumbs-content":"","ast-featured-img":"","footer-sml-layout":"","ast-disable-related-posts":"","theme-transparent-header-meta":"default","adv-header-id-meta":"","stick-header-meta":"default","header-above-stick-meta":"","header-main-stick-meta":"","header-below-stick-meta":"","astra-migrate-meta-layouts":"set","ast-page-background-enabled":"default","ast-page-background-meta":{"desktop":{"background-color":"","background-image":"","background-repeat":"repeat","background-position":"center center","background-size":"auto","background-attachment":"scroll","background-type":"","background-media":"","overlay-type":"","overlay-color":"","overlay-opacity":"","overlay-gradient":""},"tablet":{"background-color":"","background-image":"","background-repeat":"repeat","background-position":"center center","background-size":"auto","background-attachment":"scroll","background-type":"","background-media":"","overlay-type":"","overlay-color":"","overlay-opacity":"","overlay-gradient":""},"mobile":{"background-color":"","background-image":"","background-repeat":"repeat","background-position":"center center","background-size":"auto","background-attachment":"scroll","background-type":"","background-media":"","overlay-type":"","overlay-color":"","overlay-opacity":"","overlay-gradient":""}},"ast-content-background-meta":{"desktop":{"background-color":"var(--ast-global-color-5)","background-image":"","background-repeat":"repeat","background-position":"center center","background-size":"auto","background-attachment":"scroll","background-type":"","background-media":"","overlay-type":"","overlay-color":"","overlay-opacity":"","overlay-gradient":""},"tablet":{"background-color":"var(--ast-global-color-5)","background-image":"","background-repeat":"repeat","background-position":"center center","background-size":"auto","background-attachment":"scroll","background-type":"","background-media":"","overlay-type":"","overlay-color":"","overlay-opacity":"","overlay-gradient":""},"mobile":{"background-color":"var(--ast-global-color-5)","background-image":"","background-repeat":"repeat","background-position":"center center","background-size":"auto","background-attachment":"scroll","background-type":"","background-media":"","overlay-type":"","overlay-color":"","overlay-opacity":"","overlay-gradient":""}}},"product_brand":[],"product_cat":[15,30],"product_tag":[1044,338,243,1046,1047,1045,331,113,487,1043,1050,36,1049,1048,34],"class_list":{"0":"post-2447","1":"product","2":"type-product","3":"status-publish","4":"has-post-thumbnail","6":"product_cat-yleinen","7":"product_cat-paloturvallisuus","8":"product_tag-12v","9":"product_tag-230v","10":"product_tag-asuntoauto","11":"product_tag-ce","12":"product_tag-en-50194-12009","13":"product_tag-ga102","14":"product_tag-halytin","15":"product_tag-housegard","16":"product_tag-kaasu","17":"product_tag-kaasuvaroitin","18":"product_tag-kaupunkikaasu","19":"product_tag-keittio","20":"product_tag-lng","21":"product_tag-lpg","22":"product_tag-varoitin","23":"product_shipping_class-suomi","24":"desktop-align-center","25":"tablet-align-center","26":"mobile-align-center","27":"ast-product-gallery-layout-horizontal-slider","28":"ast-product-tabs-layout-horizontal","30":"first","31":"instock","32":"taxable","33":"shipping-taxable","34":"purchasable","35":"product-type-simple"},"yoast_head":"<!-- This site is optimized with the Yoast SEO plugin v27.3 - https:\/\/yoast.com\/product\/yoast-seo-wordpress\/ -->\n<title>Kaasuvaroitin - Housegard 12V &amp; 230V, GA102 - Safety Partners<\/title>\n<meta name=\"description\" content=\"Kaasuvaroitin h\u00e4lytt\u00e4\u00e4 v\u00e4litt\u00f6m\u00e4sti kaasuvuodoista (LPG, LNG, kaupunkikaasu). Varoitin on kytkett\u00e4viss\u00e4 helposti suoraan 12V tai adapterilla 230V.\" \/>\n<meta name=\"robots\" content=\"index, follow, max-snippet:-1, max-image-preview:large, max-video-preview:-1\" \/>\n<link rel=\"canonical\" href=\"https:\/\/safetypartners.fi\/kauppa\/tuote\/housegard-kaasuvaroitin-12v-230v-ga102\" \/>\n<meta property=\"og:locale\" content=\"fi_FI\" \/>\n<meta property=\"og:type\" content=\"article\" \/>\n<meta property=\"og:title\" content=\"Kaasuvaroitin - Housegard 12V &amp; 230V, GA102 - Safety Partners\" \/>\n<meta property=\"og:description\" content=\"Kaasuvaroitin h\u00e4lytt\u00e4\u00e4 v\u00e4litt\u00f6m\u00e4sti kaasuvuodoista (LPG, LNG, kaupunkikaasu). Varoitin on kytkett\u00e4viss\u00e4 helposti suoraan 12V tai adapterilla 230V.\" \/>\n<meta property=\"og:url\" content=\"https:\/\/safetypartners.fi\/kauppa\/tuote\/housegard-kaasuvaroitin-12v-230v-ga102\" \/>\n<meta property=\"og:site_name\" content=\"Safety Partners\" \/>\n<meta property=\"article:modified_time\" content=\"2026-03-09T11:10:08+00:00\" \/>\n<meta property=\"og:image\" content=\"https:\/\/safetypartners.fi\/kauppa\/wp-content\/uploads\/2024\/12\/Housegard-kaasuvaroitin-12V-230V-GA102.png\" \/>\n\t<meta property=\"og:image:width\" content=\"400\" \/>\n\t<meta property=\"og:image:height\" content=\"400\" \/>\n\t<meta property=\"og:image:type\" content=\"image\/png\" \/>\n<meta name=\"twitter:card\" content=\"summary_large_image\" \/>\n<meta name=\"twitter:label1\" content=\"Arvioitu lukuaika\" \/>\n\t<meta name=\"twitter:data1\" content=\"1 minuutti\" \/>\n<script type=\"application\/ld+json\" class=\"yoast-schema-graph\">{\"@context\":\"https:\\\/\\\/schema.org\",\"@graph\":[{\"@type\":\"WebPage\",\"@id\":\"https:\\\/\\\/safetypartners.fi\\\/kauppa\\\/tuote\\\/housegard-kaasuvaroitin-12v-230v-ga102\",\"url\":\"https:\\\/\\\/safetypartners.fi\\\/kauppa\\\/tuote\\\/housegard-kaasuvaroitin-12v-230v-ga102\",\"name\":\"Kaasuvaroitin - Housegard 12V & 230V, GA102 - Safety Partners\",\"isPartOf\":{\"@id\":\"https:\\\/\\\/safetypartners.fi\\\/kauppa\\\/#website\"},\"primaryImageOfPage\":{\"@id\":\"https:\\\/\\\/safetypartners.fi\\\/kauppa\\\/tuote\\\/housegard-kaasuvaroitin-12v-230v-ga102#primaryimage\"},\"image\":{\"@id\":\"https:\\\/\\\/safetypartners.fi\\\/kauppa\\\/tuote\\\/housegard-kaasuvaroitin-12v-230v-ga102#primaryimage\"},\"thumbnailUrl\":\"https:\\\/\\\/safetypartners.fi\\\/kauppa\\\/wp-content\\\/uploads\\\/2024\\\/12\\\/Housegard-kaasuvaroitin-12V-230V-GA102.png\",\"datePublished\":\"2024-12-20T09:38:57+00:00\",\"dateModified\":\"2026-03-09T11:10:08+00:00\",\"description\":\"Kaasuvaroitin h\u00e4lytt\u00e4\u00e4 v\u00e4litt\u00f6m\u00e4sti kaasuvuodoista (LPG, LNG, kaupunkikaasu). Varoitin on kytkett\u00e4viss\u00e4 helposti suoraan 12V tai adapterilla 230V.\",\"breadcrumb\":{\"@id\":\"https:\\\/\\\/safetypartners.fi\\\/kauppa\\\/tuote\\\/housegard-kaasuvaroitin-12v-230v-ga102#breadcrumb\"},\"inLanguage\":\"fi\",\"potentialAction\":[{\"@type\":\"ReadAction\",\"target\":[\"https:\\\/\\\/safetypartners.fi\\\/kauppa\\\/tuote\\\/housegard-kaasuvaroitin-12v-230v-ga102\"]}]},{\"@type\":\"ImageObject\",\"inLanguage\":\"fi\",\"@id\":\"https:\\\/\\\/safetypartners.fi\\\/kauppa\\\/tuote\\\/housegard-kaasuvaroitin-12v-230v-ga102#primaryimage\",\"url\":\"https:\\\/\\\/safetypartners.fi\\\/kauppa\\\/wp-content\\\/uploads\\\/2024\\\/12\\\/Housegard-kaasuvaroitin-12V-230V-GA102.png\",\"contentUrl\":\"https:\\\/\\\/safetypartners.fi\\\/kauppa\\\/wp-content\\\/uploads\\\/2024\\\/12\\\/Housegard-kaasuvaroitin-12V-230V-GA102.png\",\"width\":400,\"height\":400,\"caption\":\"Housegardin mukautuva kaasuvaroitin 12V & 230V\"},{\"@type\":\"BreadcrumbList\",\"@id\":\"https:\\\/\\\/safetypartners.fi\\\/kauppa\\\/tuote\\\/housegard-kaasuvaroitin-12v-230v-ga102#breadcrumb\",\"itemListElement\":[{\"@type\":\"ListItem\",\"position\":1,\"name\":\"Home\",\"item\":\"https:\\\/\\\/safetypartners.fi\\\/kauppa\\\/\"},{\"@type\":\"ListItem\",\"position\":2,\"name\":\"Kauppa\",\"item\":\"https:\\\/\\\/safetypartners.fi\\\/kauppa\\\/kauppa\"},{\"@type\":\"ListItem\",\"position\":3,\"name\":\"Kaasuvaroitin &#8211; Housegard 12V &#038; 230V, GA102\"}]},{\"@type\":\"WebSite\",\"@id\":\"https:\\\/\\\/safetypartners.fi\\\/kauppa\\\/#website\",\"url\":\"https:\\\/\\\/safetypartners.fi\\\/kauppa\\\/\",\"name\":\"Safety Partners\",\"description\":\"Safety Partners turvakauppa palvelee verkossa 24\\\/7!\",\"publisher\":{\"@id\":\"https:\\\/\\\/safetypartners.fi\\\/kauppa\\\/#organization\"},\"potentialAction\":[{\"@type\":\"SearchAction\",\"target\":{\"@type\":\"EntryPoint\",\"urlTemplate\":\"https:\\\/\\\/safetypartners.fi\\\/kauppa\\\/?s={search_term_string}\"},\"query-input\":{\"@type\":\"PropertyValueSpecification\",\"valueRequired\":true,\"valueName\":\"search_term_string\"}}],\"inLanguage\":\"fi\"},{\"@type\":\"Organization\",\"@id\":\"https:\\\/\\\/safetypartners.fi\\\/kauppa\\\/#organization\",\"name\":\"Safety Partners | Suomen Sammutinpalvelu\",\"url\":\"https:\\\/\\\/safetypartners.fi\\\/kauppa\\\/\",\"logo\":{\"@type\":\"ImageObject\",\"inLanguage\":\"fi\",\"@id\":\"https:\\\/\\\/safetypartners.fi\\\/kauppa\\\/#\\\/schema\\\/logo\\\/image\\\/\",\"url\":\"https:\\\/\\\/safetypartners.fi\\\/kauppa\\\/wp-content\\\/uploads\\\/2020\\\/05\\\/cropped-Logoke-1.jpg\",\"contentUrl\":\"https:\\\/\\\/safetypartners.fi\\\/kauppa\\\/wp-content\\\/uploads\\\/2020\\\/05\\\/cropped-Logoke-1.jpg\",\"width\":847,\"height\":717,\"caption\":\"Safety Partners | Suomen Sammutinpalvelu\"},\"image\":{\"@id\":\"https:\\\/\\\/safetypartners.fi\\\/kauppa\\\/#\\\/schema\\\/logo\\\/image\\\/\"}}]}<\/script>\n<!-- \/ Yoast SEO plugin. -->","yoast_head_json":{"title":"Kaasuvaroitin - Housegard 12V & 230V, GA102 - Safety Partners","description":"Kaasuvaroitin h\u00e4lytt\u00e4\u00e4 v\u00e4litt\u00f6m\u00e4sti kaasuvuodoista (LPG, LNG, kaupunkikaasu). Varoitin on kytkett\u00e4viss\u00e4 helposti suoraan 12V tai adapterilla 230V.","robots":{"index":"index","follow":"follow","max-snippet":"max-snippet:-1","max-image-preview":"max-image-preview:large","max-video-preview":"max-video-preview:-1"},"canonical":"https:\/\/safetypartners.fi\/kauppa\/tuote\/housegard-kaasuvaroitin-12v-230v-ga102","og_locale":"fi_FI","og_type":"article","og_title":"Kaasuvaroitin - Housegard 12V & 230V, GA102 - Safety Partners","og_description":"Kaasuvaroitin h\u00e4lytt\u00e4\u00e4 v\u00e4litt\u00f6m\u00e4sti kaasuvuodoista (LPG, LNG, kaupunkikaasu). Varoitin on kytkett\u00e4viss\u00e4 helposti suoraan 12V tai adapterilla 230V.","og_url":"https:\/\/safetypartners.fi\/kauppa\/tuote\/housegard-kaasuvaroitin-12v-230v-ga102","og_site_name":"Safety Partners","article_modified_time":"2026-03-09T11:10:08+00:00","og_image":[{"width":400,"height":400,"url":"https:\/\/safetypartners.fi\/kauppa\/wp-content\/uploads\/2024\/12\/Housegard-kaasuvaroitin-12V-230V-GA102.png","type":"image\/png"}],"twitter_card":"summary_large_image","twitter_misc":{"Arvioitu lukuaika":"1 minuutti"},"schema":{"@context":"https:\/\/schema.org","@graph":[{"@type":"WebPage","@id":"https:\/\/safetypartners.fi\/kauppa\/tuote\/housegard-kaasuvaroitin-12v-230v-ga102","url":"https:\/\/safetypartners.fi\/kauppa\/tuote\/housegard-kaasuvaroitin-12v-230v-ga102","name":"Kaasuvaroitin - Housegard 12V & 230V, GA102 - Safety Partners","isPartOf":{"@id":"https:\/\/safetypartners.fi\/kauppa\/#website"},"primaryImageOfPage":{"@id":"https:\/\/safetypartners.fi\/kauppa\/tuote\/housegard-kaasuvaroitin-12v-230v-ga102#primaryimage"},"image":{"@id":"https:\/\/safetypartners.fi\/kauppa\/tuote\/housegard-kaasuvaroitin-12v-230v-ga102#primaryimage"},"thumbnailUrl":"https:\/\/safetypartners.fi\/kauppa\/wp-content\/uploads\/2024\/12\/Housegard-kaasuvaroitin-12V-230V-GA102.png","datePublished":"2024-12-20T09:38:57+00:00","dateModified":"2026-03-09T11:10:08+00:00","description":"Kaasuvaroitin h\u00e4lytt\u00e4\u00e4 v\u00e4litt\u00f6m\u00e4sti kaasuvuodoista (LPG, LNG, kaupunkikaasu). Varoitin on kytkett\u00e4viss\u00e4 helposti suoraan 12V tai adapterilla 230V.","breadcrumb":{"@id":"https:\/\/safetypartners.fi\/kauppa\/tuote\/housegard-kaasuvaroitin-12v-230v-ga102#breadcrumb"},"inLanguage":"fi","potentialAction":[{"@type":"ReadAction","target":["https:\/\/safetypartners.fi\/kauppa\/tuote\/housegard-kaasuvaroitin-12v-230v-ga102"]}]},{"@type":"ImageObject","inLanguage":"fi","@id":"https:\/\/safetypartners.fi\/kauppa\/tuote\/housegard-kaasuvaroitin-12v-230v-ga102#primaryimage","url":"https:\/\/safetypartners.fi\/kauppa\/wp-content\/uploads\/2024\/12\/Housegard-kaasuvaroitin-12V-230V-GA102.png","contentUrl":"https:\/\/safetypartners.fi\/kauppa\/wp-content\/uploads\/2024\/12\/Housegard-kaasuvaroitin-12V-230V-GA102.png","width":400,"height":400,"caption":"Housegardin mukautuva kaasuvaroitin 12V & 230V"},{"@type":"BreadcrumbList","@id":"https:\/\/safetypartners.fi\/kauppa\/tuote\/housegard-kaasuvaroitin-12v-230v-ga102#breadcrumb","itemListElement":[{"@type":"ListItem","position":1,"name":"Home","item":"https:\/\/safetypartners.fi\/kauppa\/"},{"@type":"ListItem","position":2,"name":"Kauppa","item":"https:\/\/safetypartners.fi\/kauppa\/kauppa"},{"@type":"ListItem","position":3,"name":"Kaasuvaroitin &#8211; Housegard 12V &#038; 230V, GA102"}]},{"@type":"WebSite","@id":"https:\/\/safetypartners.fi\/kauppa\/#website","url":"https:\/\/safetypartners.fi\/kauppa\/","name":"Safety Partners","description":"Safety Partners turvakauppa palvelee verkossa 24\/7!","publisher":{"@id":"https:\/\/safetypartners.fi\/kauppa\/#organization"},"potentialAction":[{"@type":"SearchAction","target":{"@type":"EntryPoint","urlTemplate":"https:\/\/safetypartners.fi\/kauppa\/?s={search_term_string}"},"query-input":{"@type":"PropertyValueSpecification","valueRequired":true,"valueName":"search_term_string"}}],"inLanguage":"fi"},{"@type":"Organization","@id":"https:\/\/safetypartners.fi\/kauppa\/#organization","name":"Safety Partners | Suomen Sammutinpalvelu","url":"https:\/\/safetypartners.fi\/kauppa\/","logo":{"@type":"ImageObject","inLanguage":"fi","@id":"https:\/\/safetypartners.fi\/kauppa\/#\/schema\/logo\/image\/","url":"https:\/\/safetypartners.fi\/kauppa\/wp-content\/uploads\/2020\/05\/cropped-Logoke-1.jpg","contentUrl":"https:\/\/safetypartners.fi\/kauppa\/wp-content\/uploads\/2020\/05\/cropped-Logoke-1.jpg","width":847,"height":717,"caption":"Safety Partners | Suomen Sammutinpalvelu"},"image":{"@id":"https:\/\/safetypartners.fi\/kauppa\/#\/schema\/logo\/image\/"}}]}},"uagb_featured_image_src":{"full":["https:\/\/safetypartners.fi\/kauppa\/wp-content\/uploads\/2024\/12\/Housegard-kaasuvaroitin-12V-230V-GA102.png",400,400,false],"thumbnail":["https:\/\/safetypartners.fi\/kauppa\/wp-content\/uploads\/2024\/12\/Housegard-kaasuvaroitin-12V-230V-GA102-150x150.png",150,150,true],"medium":["https:\/\/safetypartners.fi\/kauppa\/wp-content\/uploads\/2024\/12\/Housegard-kaasuvaroitin-12V-230V-GA102-300x300.png",300,300,true],"medium_large":["https:\/\/safetypartners.fi\/kauppa\/wp-content\/uploads\/2024\/12\/Housegard-kaasuvaroitin-12V-230V-GA102.png",400,400,false],"large":["https:\/\/safetypartners.fi\/kauppa\/wp-content\/uploads\/2024\/12\/Housegard-kaasuvaroitin-12V-230V-GA102.png",400,400,false],"1536x1536":["https:\/\/safetypartners.fi\/kauppa\/wp-content\/uploads\/2024\/12\/Housegard-kaasuvaroitin-12V-230V-GA102.png",400,400,false],"2048x2048":["https:\/\/safetypartners.fi\/kauppa\/wp-content\/uploads\/2024\/12\/Housegard-kaasuvaroitin-12V-230V-GA102.png",400,400,false],"woocommerce_thumbnail":["https:\/\/safetypartners.fi\/kauppa\/wp-content\/uploads\/2024\/12\/Housegard-kaasuvaroitin-12V-230V-GA102-300x300.png",300,300,true],"woocommerce_single":["https:\/\/safetypartners.fi\/kauppa\/wp-content\/uploads\/2024\/12\/Housegard-kaasuvaroitin-12V-230V-GA102.png",400,400,false],"woocommerce_gallery_thumbnail":["https:\/\/safetypartners.fi\/kauppa\/wp-content\/uploads\/2024\/12\/Housegard-kaasuvaroitin-12V-230V-GA102-100x100.png",100,100,true]},"uagb_author_info":{"display_name":"Anu Lehto","author_link":"https:\/\/safetypartners.fi\/kauppa\/author"},"uagb_comment_info":1,"uagb_excerpt":"Kaasuvaroitin - Housegardin GA102 kaasuvaroitin 12V &amp; 230V on ihanteellinen vartija kotikeitti\u00f6\u00f6n sek\u00e4 esimerkiksi asuntoautoon\/vaunuun. Kaasuvaroitin h\u00e4lytt\u00e4\u00e4 v\u00e4litt\u00f6m\u00e4sti palavien kaasujen vuodoista (LPG, LNG, kaupunkikaasu). Varoitin on kytkett\u00e4viss\u00e4 helposti suoraan 12V tai adapterilla 230V. Releen avulla varoittimeen voidaan liitt\u00e4\u00e4 ulkopuolinen sireeni tai venttiili. Kaasuvaroitin sis\u00e4lt\u00e4\u00e4 testi- ja taukotoiminnot. LED osoittaa virhetilat ja h\u00e4lytykset. Varoitin my\u00f6s ilmaisee&hellip;","_links":{"self":[{"href":"https:\/\/safetypartners.fi\/kauppa\/wp-json\/wp\/v2\/product\/2447","targetHints":{"allow":["GET"]}}],"collection":[{"href":"https:\/\/safetypartners.fi\/kauppa\/wp-json\/wp\/v2\/product"}],"about":[{"href":"https:\/\/safetypartners.fi\/kauppa\/wp-json\/wp\/v2\/types\/product"}],"replies":[{"embeddable":true,"href":"https:\/\/safetypartners.fi\/kauppa\/wp-json\/wp\/v2\/comments?post=2447"}],"version-history":[{"count":4,"href":"https:\/\/safetypartners.fi\/kauppa\/wp-json\/wp\/v2\/product\/2447\/revisions"}],"predecessor-version":[{"id":3370,"href":"https:\/\/safetypartners.fi\/kauppa\/wp-json\/wp\/v2\/product\/2447\/revisions\/3370"}],"wp:featuredmedia":[{"embeddable":true,"href":"https:\/\/safetypartners.fi\/kauppa\/wp-json\/wp\/v2\/media\/2448"}],"wp:attachment":[{"href":"https:\/\/safetypartners.fi\/kauppa\/wp-json\/wp\/v2\/media?parent=2447"}],"wp:term":[{"taxonomy":"product_brand","embeddable":true,"href":"https:\/\/safetypartners.fi\/kauppa\/wp-json\/wp\/v2\/product_brand?post=2447"},{"taxonomy":"product_cat","embeddable":true,"href":"https:\/\/safetypartners.fi\/kauppa\/wp-json\/wp\/v2\/product_cat?post=2447"},{"taxonomy":"product_tag","embeddable":true,"href":"https:\/\/safetypartners.fi\/kauppa\/wp-json\/wp\/v2\/product_tag?post=2447"}],"curies":[{"name":"wp","href":"https:\/\/api.w.org\/{rel}","templated":true}]}}