{"id":2453,"date":"2024-12-20T11:45:32","date_gmt":"2024-12-20T09:45:32","guid":{"rendered":"https:\/\/safetypartners.fi\/kauppa\/?post_type=product&#038;p=2453"},"modified":"2025-08-05T14:54:47","modified_gmt":"2025-08-05T11:54:47","slug":"travelblue-rfid-suojattu-rahavyo","status":"publish","type":"product","link":"https:\/\/safetypartners.fi\/kauppa\/tuote\/travelblue-rfid-suojattu-rahavyo","title":{"rendered":"TravelBlue RFID-suojattu rahavy\u00f6"},"content":{"rendered":"<p>Musta, RFID-suojattu rahavy\u00f6<br \/>\nPaino: 150g<\/p>\n","protected":false},"excerpt":{"rendered":"<p><strong>TravelBluen RFID-suojauksella varusteltu kevyt rahavy\u00f6<\/strong> on kustomoitu henkil\u00f6kohtaisille tavaroillesi. Est\u00e4 matkalla ollessasi henkil\u00f6kohtaisten tietojesi luvaton kopioiminen ja pid\u00e4 omaisuutesi turvassa. Kiinnit\u00e4 rahavy\u00f6 vy\u00f6t\u00e4r\u00f6lle ja n\u00e4in arvotavarasi ovat piilossa, aina l\u00e4hell\u00e4 ja k\u00e4den ulottuvilla. Vy\u00f6 on huomaamaton paidan tai takin alla.<\/p>\n<p>Vy\u00f6t\u00e4r\u00f6nymp\u00e4rys max. 122cm<\/p>\n","protected":false},"featured_media":2454,"comment_status":"open","ping_status":"closed","template":"","meta":{"_uag_custom_page_level_css":"","site-sidebar-layout":"default","site-content-layout":"","ast-site-content-layout":"default","site-content-style":"default","site-sidebar-style":"default","ast-global-header-display":"","ast-banner-title-visibility":"","ast-main-header-display":"","ast-hfb-above-header-display":"","ast-hfb-below-header-display":"","ast-hfb-mobile-header-display":"","site-post-title":"","ast-breadcrumbs-content":"","ast-featured-img":"","footer-sml-layout":"","ast-disable-related-posts":"","theme-transparent-header-meta":"default","adv-header-id-meta":"","stick-header-meta":"default","header-above-stick-meta":"","header-main-stick-meta":"","header-below-stick-meta":"","astra-migrate-meta-layouts":"set","ast-page-background-enabled":"default","ast-page-background-meta":{"desktop":{"background-color":"","background-image":"","background-repeat":"repeat","background-position":"center center","background-size":"auto","background-attachment":"scroll","background-type":"","background-media":"","overlay-type":"","overlay-color":"","overlay-opacity":"","overlay-gradient":""},"tablet":{"background-color":"","background-image":"","background-repeat":"repeat","background-position":"center center","background-size":"auto","background-attachment":"scroll","background-type":"","background-media":"","overlay-type":"","overlay-color":"","overlay-opacity":"","overlay-gradient":""},"mobile":{"background-color":"","background-image":"","background-repeat":"repeat","background-position":"center center","background-size":"auto","background-attachment":"scroll","background-type":"","background-media":"","overlay-type":"","overlay-color":"","overlay-opacity":"","overlay-gradient":""}},"ast-content-background-meta":{"desktop":{"background-color":"var(--ast-global-color-5)","background-image":"","background-repeat":"repeat","background-position":"center center","background-size":"auto","background-attachment":"scroll","background-type":"","background-media":"","overlay-type":"","overlay-color":"","overlay-opacity":"","overlay-gradient":""},"tablet":{"background-color":"var(--ast-global-color-5)","background-image":"","background-repeat":"repeat","background-position":"center center","background-size":"auto","background-attachment":"scroll","background-type":"","background-media":"","overlay-type":"","overlay-color":"","overlay-opacity":"","overlay-gradient":""},"mobile":{"background-color":"var(--ast-global-color-5)","background-image":"","background-repeat":"repeat","background-position":"center center","background-size":"auto","background-attachment":"scroll","background-type":"","background-media":"","overlay-type":"","overlay-color":"","overlay-opacity":"","overlay-gradient":""}}},"product_brand":[],"product_cat":[15,41],"product_tag":[926,72,1051,932,1052,934,931],"class_list":{"0":"post-2453","1":"product","2":"type-product","3":"status-publish","4":"has-post-thumbnail","6":"product_cat-yleinen","7":"product_cat-koti-vapaa-aika","8":"product_tag-id-varkaus","9":"product_tag-matkalle","10":"product_tag-rahavyo","11":"product_tag-rfid-suojaus","12":"product_tag-travelblue","13":"product_tag-vaatteiden-alle","14":"product_tag-vyolaukku","15":"product_shipping_class-suomi","16":"desktop-align-center","17":"tablet-align-center","18":"mobile-align-center","19":"ast-product-gallery-layout-horizontal-slider","20":"ast-product-tabs-layout-horizontal","22":"first","23":"instock","24":"taxable","25":"shipping-taxable","26":"purchasable","27":"product-type-simple"},"yoast_head":"<!-- This site is optimized with the Yoast SEO plugin v27.3 - https:\/\/yoast.com\/product\/yoast-seo-wordpress\/ -->\n<title>TravelBlue RFID-suojattu rahavy\u00f6 - Safety Partners<\/title>\n<meta name=\"description\" content=\"Est\u00e4 matkalla ollessasi henkil\u00f6kohtaisten tietojesi luvaton kopioiminen ja pid\u00e4 omaisuutesi turvassa. Rahavy\u00f6 on huomaamaton paidan tai takin alla.\" \/>\n<meta name=\"robots\" content=\"index, follow, max-snippet:-1, max-image-preview:large, max-video-preview:-1\" \/>\n<link rel=\"canonical\" href=\"https:\/\/safetypartners.fi\/kauppa\/tuote\/travelblue-rfid-suojattu-rahavyo\" \/>\n<meta property=\"og:locale\" content=\"fi_FI\" \/>\n<meta property=\"og:type\" content=\"article\" \/>\n<meta property=\"og:title\" content=\"TravelBlue RFID-suojattu rahavy\u00f6 - Safety Partners\" \/>\n<meta property=\"og:description\" content=\"Est\u00e4 matkalla ollessasi henkil\u00f6kohtaisten tietojesi luvaton kopioiminen ja pid\u00e4 omaisuutesi turvassa. Rahavy\u00f6 on huomaamaton paidan tai takin alla.\" \/>\n<meta property=\"og:url\" content=\"https:\/\/safetypartners.fi\/kauppa\/tuote\/travelblue-rfid-suojattu-rahavyo\" \/>\n<meta property=\"og:site_name\" content=\"Safety Partners\" \/>\n<meta property=\"article:modified_time\" content=\"2025-08-05T11:54:47+00:00\" \/>\n<meta property=\"og:image\" content=\"https:\/\/safetypartners.fi\/kauppa\/wp-content\/uploads\/2024\/12\/Rahavyo1.png\" \/>\n\t<meta property=\"og:image:width\" content=\"637\" \/>\n\t<meta property=\"og:image:height\" content=\"552\" \/>\n\t<meta property=\"og:image:type\" content=\"image\/png\" \/>\n<meta name=\"twitter:card\" content=\"summary_large_image\" \/>\n<meta name=\"twitter:label1\" content=\"Arvioitu lukuaika\" \/>\n\t<meta name=\"twitter:data1\" content=\"1 minuutti\" \/>\n<script type=\"application\/ld+json\" class=\"yoast-schema-graph\">{\"@context\":\"https:\\\/\\\/schema.org\",\"@graph\":[{\"@type\":\"WebPage\",\"@id\":\"https:\\\/\\\/safetypartners.fi\\\/kauppa\\\/tuote\\\/travelblue-rfid-suojattu-rahavyo\",\"url\":\"https:\\\/\\\/safetypartners.fi\\\/kauppa\\\/tuote\\\/travelblue-rfid-suojattu-rahavyo\",\"name\":\"TravelBlue RFID-suojattu rahavy\u00f6 - Safety Partners\",\"isPartOf\":{\"@id\":\"https:\\\/\\\/safetypartners.fi\\\/kauppa\\\/#website\"},\"primaryImageOfPage\":{\"@id\":\"https:\\\/\\\/safetypartners.fi\\\/kauppa\\\/tuote\\\/travelblue-rfid-suojattu-rahavyo#primaryimage\"},\"image\":{\"@id\":\"https:\\\/\\\/safetypartners.fi\\\/kauppa\\\/tuote\\\/travelblue-rfid-suojattu-rahavyo#primaryimage\"},\"thumbnailUrl\":\"https:\\\/\\\/safetypartners.fi\\\/kauppa\\\/wp-content\\\/uploads\\\/2024\\\/12\\\/Rahavyo1.png\",\"datePublished\":\"2024-12-20T09:45:32+00:00\",\"dateModified\":\"2025-08-05T11:54:47+00:00\",\"description\":\"Est\u00e4 matkalla ollessasi henkil\u00f6kohtaisten tietojesi luvaton kopioiminen ja pid\u00e4 omaisuutesi turvassa. Rahavy\u00f6 on huomaamaton paidan tai takin alla.\",\"breadcrumb\":{\"@id\":\"https:\\\/\\\/safetypartners.fi\\\/kauppa\\\/tuote\\\/travelblue-rfid-suojattu-rahavyo#breadcrumb\"},\"inLanguage\":\"fi\",\"potentialAction\":[{\"@type\":\"ReadAction\",\"target\":[\"https:\\\/\\\/safetypartners.fi\\\/kauppa\\\/tuote\\\/travelblue-rfid-suojattu-rahavyo\"]}]},{\"@type\":\"ImageObject\",\"inLanguage\":\"fi\",\"@id\":\"https:\\\/\\\/safetypartners.fi\\\/kauppa\\\/tuote\\\/travelblue-rfid-suojattu-rahavyo#primaryimage\",\"url\":\"https:\\\/\\\/safetypartners.fi\\\/kauppa\\\/wp-content\\\/uploads\\\/2024\\\/12\\\/Rahavyo1.png\",\"contentUrl\":\"https:\\\/\\\/safetypartners.fi\\\/kauppa\\\/wp-content\\\/uploads\\\/2024\\\/12\\\/Rahavyo1.png\",\"width\":637,\"height\":552,\"caption\":\"TravelBlue rahavy\u00f6 reissuun mukaan\"},{\"@type\":\"BreadcrumbList\",\"@id\":\"https:\\\/\\\/safetypartners.fi\\\/kauppa\\\/tuote\\\/travelblue-rfid-suojattu-rahavyo#breadcrumb\",\"itemListElement\":[{\"@type\":\"ListItem\",\"position\":1,\"name\":\"Home\",\"item\":\"https:\\\/\\\/safetypartners.fi\\\/kauppa\\\/\"},{\"@type\":\"ListItem\",\"position\":2,\"name\":\"Kauppa\",\"item\":\"https:\\\/\\\/safetypartners.fi\\\/kauppa\\\/kauppa\"},{\"@type\":\"ListItem\",\"position\":3,\"name\":\"TravelBlue RFID-suojattu rahavy\u00f6\"}]},{\"@type\":\"WebSite\",\"@id\":\"https:\\\/\\\/safetypartners.fi\\\/kauppa\\\/#website\",\"url\":\"https:\\\/\\\/safetypartners.fi\\\/kauppa\\\/\",\"name\":\"Safety Partners\",\"description\":\"Safety Partners turvakauppa palvelee verkossa 24\\\/7!\",\"publisher\":{\"@id\":\"https:\\\/\\\/safetypartners.fi\\\/kauppa\\\/#organization\"},\"potentialAction\":[{\"@type\":\"SearchAction\",\"target\":{\"@type\":\"EntryPoint\",\"urlTemplate\":\"https:\\\/\\\/safetypartners.fi\\\/kauppa\\\/?s={search_term_string}\"},\"query-input\":{\"@type\":\"PropertyValueSpecification\",\"valueRequired\":true,\"valueName\":\"search_term_string\"}}],\"inLanguage\":\"fi\"},{\"@type\":\"Organization\",\"@id\":\"https:\\\/\\\/safetypartners.fi\\\/kauppa\\\/#organization\",\"name\":\"Safety Partners | Suomen Sammutinpalvelu\",\"url\":\"https:\\\/\\\/safetypartners.fi\\\/kauppa\\\/\",\"logo\":{\"@type\":\"ImageObject\",\"inLanguage\":\"fi\",\"@id\":\"https:\\\/\\\/safetypartners.fi\\\/kauppa\\\/#\\\/schema\\\/logo\\\/image\\\/\",\"url\":\"https:\\\/\\\/safetypartners.fi\\\/kauppa\\\/wp-content\\\/uploads\\\/2020\\\/05\\\/cropped-Logoke-1.jpg\",\"contentUrl\":\"https:\\\/\\\/safetypartners.fi\\\/kauppa\\\/wp-content\\\/uploads\\\/2020\\\/05\\\/cropped-Logoke-1.jpg\",\"width\":847,\"height\":717,\"caption\":\"Safety Partners | Suomen Sammutinpalvelu\"},\"image\":{\"@id\":\"https:\\\/\\\/safetypartners.fi\\\/kauppa\\\/#\\\/schema\\\/logo\\\/image\\\/\"}}]}<\/script>\n<!-- \/ Yoast SEO plugin. -->","yoast_head_json":{"title":"TravelBlue RFID-suojattu rahavy\u00f6 - Safety Partners","description":"Est\u00e4 matkalla ollessasi henkil\u00f6kohtaisten tietojesi luvaton kopioiminen ja pid\u00e4 omaisuutesi turvassa. Rahavy\u00f6 on huomaamaton paidan tai takin alla.","robots":{"index":"index","follow":"follow","max-snippet":"max-snippet:-1","max-image-preview":"max-image-preview:large","max-video-preview":"max-video-preview:-1"},"canonical":"https:\/\/safetypartners.fi\/kauppa\/tuote\/travelblue-rfid-suojattu-rahavyo","og_locale":"fi_FI","og_type":"article","og_title":"TravelBlue RFID-suojattu rahavy\u00f6 - Safety Partners","og_description":"Est\u00e4 matkalla ollessasi henkil\u00f6kohtaisten tietojesi luvaton kopioiminen ja pid\u00e4 omaisuutesi turvassa. Rahavy\u00f6 on huomaamaton paidan tai takin alla.","og_url":"https:\/\/safetypartners.fi\/kauppa\/tuote\/travelblue-rfid-suojattu-rahavyo","og_site_name":"Safety Partners","article_modified_time":"2025-08-05T11:54:47+00:00","og_image":[{"width":637,"height":552,"url":"https:\/\/safetypartners.fi\/kauppa\/wp-content\/uploads\/2024\/12\/Rahavyo1.png","type":"image\/png"}],"twitter_card":"summary_large_image","twitter_misc":{"Arvioitu lukuaika":"1 minuutti"},"schema":{"@context":"https:\/\/schema.org","@graph":[{"@type":"WebPage","@id":"https:\/\/safetypartners.fi\/kauppa\/tuote\/travelblue-rfid-suojattu-rahavyo","url":"https:\/\/safetypartners.fi\/kauppa\/tuote\/travelblue-rfid-suojattu-rahavyo","name":"TravelBlue RFID-suojattu rahavy\u00f6 - Safety Partners","isPartOf":{"@id":"https:\/\/safetypartners.fi\/kauppa\/#website"},"primaryImageOfPage":{"@id":"https:\/\/safetypartners.fi\/kauppa\/tuote\/travelblue-rfid-suojattu-rahavyo#primaryimage"},"image":{"@id":"https:\/\/safetypartners.fi\/kauppa\/tuote\/travelblue-rfid-suojattu-rahavyo#primaryimage"},"thumbnailUrl":"https:\/\/safetypartners.fi\/kauppa\/wp-content\/uploads\/2024\/12\/Rahavyo1.png","datePublished":"2024-12-20T09:45:32+00:00","dateModified":"2025-08-05T11:54:47+00:00","description":"Est\u00e4 matkalla ollessasi henkil\u00f6kohtaisten tietojesi luvaton kopioiminen ja pid\u00e4 omaisuutesi turvassa. Rahavy\u00f6 on huomaamaton paidan tai takin alla.","breadcrumb":{"@id":"https:\/\/safetypartners.fi\/kauppa\/tuote\/travelblue-rfid-suojattu-rahavyo#breadcrumb"},"inLanguage":"fi","potentialAction":[{"@type":"ReadAction","target":["https:\/\/safetypartners.fi\/kauppa\/tuote\/travelblue-rfid-suojattu-rahavyo"]}]},{"@type":"ImageObject","inLanguage":"fi","@id":"https:\/\/safetypartners.fi\/kauppa\/tuote\/travelblue-rfid-suojattu-rahavyo#primaryimage","url":"https:\/\/safetypartners.fi\/kauppa\/wp-content\/uploads\/2024\/12\/Rahavyo1.png","contentUrl":"https:\/\/safetypartners.fi\/kauppa\/wp-content\/uploads\/2024\/12\/Rahavyo1.png","width":637,"height":552,"caption":"TravelBlue rahavy\u00f6 reissuun mukaan"},{"@type":"BreadcrumbList","@id":"https:\/\/safetypartners.fi\/kauppa\/tuote\/travelblue-rfid-suojattu-rahavyo#breadcrumb","itemListElement":[{"@type":"ListItem","position":1,"name":"Home","item":"https:\/\/safetypartners.fi\/kauppa\/"},{"@type":"ListItem","position":2,"name":"Kauppa","item":"https:\/\/safetypartners.fi\/kauppa\/kauppa"},{"@type":"ListItem","position":3,"name":"TravelBlue RFID-suojattu rahavy\u00f6"}]},{"@type":"WebSite","@id":"https:\/\/safetypartners.fi\/kauppa\/#website","url":"https:\/\/safetypartners.fi\/kauppa\/","name":"Safety Partners","description":"Safety Partners turvakauppa palvelee verkossa 24\/7!","publisher":{"@id":"https:\/\/safetypartners.fi\/kauppa\/#organization"},"potentialAction":[{"@type":"SearchAction","target":{"@type":"EntryPoint","urlTemplate":"https:\/\/safetypartners.fi\/kauppa\/?s={search_term_string}"},"query-input":{"@type":"PropertyValueSpecification","valueRequired":true,"valueName":"search_term_string"}}],"inLanguage":"fi"},{"@type":"Organization","@id":"https:\/\/safetypartners.fi\/kauppa\/#organization","name":"Safety Partners | Suomen Sammutinpalvelu","url":"https:\/\/safetypartners.fi\/kauppa\/","logo":{"@type":"ImageObject","inLanguage":"fi","@id":"https:\/\/safetypartners.fi\/kauppa\/#\/schema\/logo\/image\/","url":"https:\/\/safetypartners.fi\/kauppa\/wp-content\/uploads\/2020\/05\/cropped-Logoke-1.jpg","contentUrl":"https:\/\/safetypartners.fi\/kauppa\/wp-content\/uploads\/2020\/05\/cropped-Logoke-1.jpg","width":847,"height":717,"caption":"Safety Partners | Suomen Sammutinpalvelu"},"image":{"@id":"https:\/\/safetypartners.fi\/kauppa\/#\/schema\/logo\/image\/"}}]}},"uagb_featured_image_src":{"full":["https:\/\/safetypartners.fi\/kauppa\/wp-content\/uploads\/2024\/12\/Rahavyo1.png",637,552,false],"thumbnail":["https:\/\/safetypartners.fi\/kauppa\/wp-content\/uploads\/2024\/12\/Rahavyo1-150x150.png",150,150,true],"medium":["https:\/\/safetypartners.fi\/kauppa\/wp-content\/uploads\/2024\/12\/Rahavyo1-300x260.png",300,260,true],"medium_large":["https:\/\/safetypartners.fi\/kauppa\/wp-content\/uploads\/2024\/12\/Rahavyo1.png",637,552,false],"large":["https:\/\/safetypartners.fi\/kauppa\/wp-content\/uploads\/2024\/12\/Rahavyo1.png",637,552,false],"1536x1536":["https:\/\/safetypartners.fi\/kauppa\/wp-content\/uploads\/2024\/12\/Rahavyo1.png",637,552,false],"2048x2048":["https:\/\/safetypartners.fi\/kauppa\/wp-content\/uploads\/2024\/12\/Rahavyo1.png",637,552,false],"woocommerce_thumbnail":["https:\/\/safetypartners.fi\/kauppa\/wp-content\/uploads\/2024\/12\/Rahavyo1-300x300.png",300,300,true],"woocommerce_single":["https:\/\/safetypartners.fi\/kauppa\/wp-content\/uploads\/2024\/12\/Rahavyo1-600x520.png",600,520,true],"woocommerce_gallery_thumbnail":["https:\/\/safetypartners.fi\/kauppa\/wp-content\/uploads\/2024\/12\/Rahavyo1-100x100.png",100,100,true]},"uagb_author_info":{"display_name":"Anu Lehto","author_link":"https:\/\/safetypartners.fi\/kauppa\/author"},"uagb_comment_info":0,"uagb_excerpt":"TravelBluen RFID-suojauksella varusteltu kevyt rahavy\u00f6 on kustomoitu henkil\u00f6kohtaisille tavaroillesi. Est\u00e4 matkalla ollessasi henkil\u00f6kohtaisten tietojesi luvaton kopioiminen ja pid\u00e4 omaisuutesi turvassa. Kiinnit\u00e4 rahavy\u00f6 vy\u00f6t\u00e4r\u00f6lle ja n\u00e4in arvotavarasi ovat piilossa, aina l\u00e4hell\u00e4 ja k\u00e4den ulottuvilla. Vy\u00f6 on huomaamaton paidan tai takin alla. Vy\u00f6t\u00e4r\u00f6nymp\u00e4rys max. 122cm","_links":{"self":[{"href":"https:\/\/safetypartners.fi\/kauppa\/wp-json\/wp\/v2\/product\/2453","targetHints":{"allow":["GET"]}}],"collection":[{"href":"https:\/\/safetypartners.fi\/kauppa\/wp-json\/wp\/v2\/product"}],"about":[{"href":"https:\/\/safetypartners.fi\/kauppa\/wp-json\/wp\/v2\/types\/product"}],"replies":[{"embeddable":true,"href":"https:\/\/safetypartners.fi\/kauppa\/wp-json\/wp\/v2\/comments?post=2453"}],"version-history":[{"count":3,"href":"https:\/\/safetypartners.fi\/kauppa\/wp-json\/wp\/v2\/product\/2453\/revisions"}],"predecessor-version":[{"id":2458,"href":"https:\/\/safetypartners.fi\/kauppa\/wp-json\/wp\/v2\/product\/2453\/revisions\/2458"}],"wp:featuredmedia":[{"embeddable":true,"href":"https:\/\/safetypartners.fi\/kauppa\/wp-json\/wp\/v2\/media\/2454"}],"wp:attachment":[{"href":"https:\/\/safetypartners.fi\/kauppa\/wp-json\/wp\/v2\/media?parent=2453"}],"wp:term":[{"taxonomy":"product_brand","embeddable":true,"href":"https:\/\/safetypartners.fi\/kauppa\/wp-json\/wp\/v2\/product_brand?post=2453"},{"taxonomy":"product_cat","embeddable":true,"href":"https:\/\/safetypartners.fi\/kauppa\/wp-json\/wp\/v2\/product_cat?post=2453"},{"taxonomy":"product_tag","embeddable":true,"href":"https:\/\/safetypartners.fi\/kauppa\/wp-json\/wp\/v2\/product_tag?post=2453"}],"curies":[{"name":"wp","href":"https:\/\/api.w.org\/{rel}","templated":true}]}}