{"id":2459,"date":"2024-12-23T19:18:44","date_gmt":"2024-12-23T17:18:44","guid":{"rendered":"https:\/\/safetypartners.fi\/kauppa\/?post_type=product&#038;p=2459"},"modified":"2026-01-21T12:24:43","modified_gmt":"2026-01-21T10:24:43","slug":"tarmo-sahkokayttoinen-hiiren-ja-rotanloukku-230-6-v","status":"publish","type":"product","link":"https:\/\/safetypartners.fi\/kauppa\/tuote\/tarmo-sahkokayttoinen-hiiren-ja-rotanloukku-230-6-v","title":{"rendered":"Tarmo s\u00e4hk\u00f6k\u00e4ytt\u00f6inen hiiren- ja rotanloukku, 230\/6 V"},"content":{"rendered":"<p>S\u00e4hk\u00f6k\u00e4ytt\u00f6isen hiiren- ja rotanloukun takaosaan asetetaan sy\u00f6tti. Jyrsij\u00e4 maadoittaa itsens\u00e4 ja saa tappavan s\u00e4hk\u00f6iskun loukun sis\u00e4ll\u00e4 olevien metallilevyjen yli k\u00e4velty\u00e4\u00e4n.<\/p>\n<ul>\n<li>oiva apu paikkoihin, joissa ei saa verkkovirtaa, kuten kes\u00e4m\u00f6keille, ullakoille, kellareihin&#8230;<\/li>\n<li>kuiviin sis\u00e4tiloihin<\/li>\n<li>Loukku antaa s\u00e4hk\u00f6\u00e4 n. kolme minuuttia aktivoitumisen j\u00e4lkeen. S\u00e4hk\u00f6purkauksen my\u00f6t\u00e4 se sammuu itsest\u00e4\u00e4n ja tulee k\u00e4ynnist\u00e4\u00e4 uudestaan<\/li>\n<li>pakkaukseen sis\u00e4ltyy muuntaja<\/li>\n<li>paristot ei sis\u00e4lly pakkaukseen (4 x C)<\/li>\n<li>mitat: pituus 23cm, korkeus 11,5 cm, leveys 10cm<\/li>\n<li>CE-hyv\u00e4ksytty<\/li>\n<li>k\u00e4ytt\u00f6ohjeiden kielet: suomi, ruotsi, eesti<\/li>\n<li>takuu 1 vuosi<\/li>\n<\/ul>\n","protected":false},"excerpt":{"rendered":"<p><strong>Tarmo s\u00e4hk\u00f6k\u00e4ytt\u00f6inen hiiren\/rotanloukku<\/strong> tappaa el\u00e4imen nopeasti korkeaj\u00e4nnitteisell\u00e4 s\u00e4hk\u00f6iskulla. Myrkyt\u00f6n loukku on jyrsij\u00f6iden saalistajat huomioiva vaihtoehto, sill\u00e4 tehokas ja hygieeninen jyrsij\u00f6iden h\u00e4vitystapa s\u00e4\u00e4st\u00e4\u00e4 p\u00f6ll\u00f6t, haukat ja ketut myrkytykselt\u00e4.<\/p>\n<p>Elektroninen hiirenloukku toimii mukana tulevalla \u00a0230\/6 voltin muuntajalla tai nelj\u00e4ll\u00e4 keskikoisella c-paristolla. Loukku kytkeytyy pois p\u00e4\u00e4lt\u00e4 jyrsij\u00e4n j\u00e4\u00e4ty\u00e4 sen sis\u00e4\u00e4n. Merkkivalo osoittaa loukun tilan.<br \/>\nS\u00e4hk\u00f6k\u00e4ytt\u00f6inen loukku on tarkoitettu erityisesti myyrille, hiirille ja rotille. Kotiin, maatilalle, kes\u00e4asunnolle.<\/p>\n","protected":false},"featured_media":2467,"comment_status":"open","ping_status":"closed","template":"","meta":{"_uag_custom_page_level_css":"","site-sidebar-layout":"default","site-content-layout":"","ast-site-content-layout":"default","site-content-style":"default","site-sidebar-style":"default","ast-global-header-display":"","ast-banner-title-visibility":"","ast-main-header-display":"","ast-hfb-above-header-display":"","ast-hfb-below-header-display":"","ast-hfb-mobile-header-display":"","site-post-title":"","ast-breadcrumbs-content":"","ast-featured-img":"","footer-sml-layout":"","ast-disable-related-posts":"","theme-transparent-header-meta":"default","adv-header-id-meta":"","stick-header-meta":"default","header-above-stick-meta":"","header-main-stick-meta":"","header-below-stick-meta":"","astra-migrate-meta-layouts":"set","ast-page-background-enabled":"default","ast-page-background-meta":{"desktop":{"background-color":"","background-image":"","background-repeat":"repeat","background-position":"center center","background-size":"auto","background-attachment":"scroll","background-type":"","background-media":"","overlay-type":"","overlay-color":"","overlay-opacity":"","overlay-gradient":""},"tablet":{"background-color":"","background-image":"","background-repeat":"repeat","background-position":"center center","background-size":"auto","background-attachment":"scroll","background-type":"","background-media":"","overlay-type":"","overlay-color":"","overlay-opacity":"","overlay-gradient":""},"mobile":{"background-color":"","background-image":"","background-repeat":"repeat","background-position":"center center","background-size":"auto","background-attachment":"scroll","background-type":"","background-media":"","overlay-type":"","overlay-color":"","overlay-opacity":"","overlay-gradient":""}},"ast-content-background-meta":{"desktop":{"background-color":"var(--ast-global-color-5)","background-image":"","background-repeat":"repeat","background-position":"center center","background-size":"auto","background-attachment":"scroll","background-type":"","background-media":"","overlay-type":"","overlay-color":"","overlay-opacity":"","overlay-gradient":""},"tablet":{"background-color":"var(--ast-global-color-5)","background-image":"","background-repeat":"repeat","background-position":"center center","background-size":"auto","background-attachment":"scroll","background-type":"","background-media":"","overlay-type":"","overlay-color":"","overlay-opacity":"","overlay-gradient":""},"mobile":{"background-color":"var(--ast-global-color-5)","background-image":"","background-repeat":"repeat","background-position":"center center","background-size":"auto","background-attachment":"scroll","background-type":"","background-media":"","overlay-type":"","overlay-color":"","overlay-opacity":"","overlay-gradient":""}}},"product_brand":[],"product_cat":[15,32],"product_tag":[338,1057,1054,1060,1061,1059,125,1058,1172,1062,1055,1173,1056,617,1063],"class_list":{"0":"post-2459","1":"product","2":"type-product","3":"status-publish","4":"has-post-thumbnail","6":"product_cat-yleinen","7":"product_cat-koti-ja-omaisuusturva","8":"product_tag-230v","9":"product_tag-6v","10":"product_tag-hiirenloukku","11":"product_tag-jyrsija","12":"product_tag-loukku","13":"product_tag-muuntaja","14":"product_tag-myrkyton","15":"product_tag-paristot","16":"product_tag-rotanloukku","17":"product_tag-rotta","18":"product_tag-sahkoinen","19":"product_tag-sahkokayttoinen","20":"product_tag-tarmo","21":"product_tag-tehokas","22":"product_tag-tuhoelain","23":"product_shipping_class-suomi","24":"desktop-align-center","25":"tablet-align-center","26":"mobile-align-center","27":"ast-product-gallery-layout-horizontal-slider","28":"ast-product-tabs-layout-horizontal","30":"first","31":"instock","32":"taxable","33":"shipping-taxable","34":"purchasable","35":"product-type-simple"},"yoast_head":"<!-- This site is optimized with the Yoast SEO plugin v27.3 - https:\/\/yoast.com\/product\/yoast-seo-wordpress\/ -->\n<title>Tarmo s\u00e4hk\u00f6k\u00e4ytt\u00f6inen hiiren- ja rotanloukku, 230\/6 V - Safety Partners<\/title>\n<meta name=\"description\" content=\"Korkeaj\u00e4nnitteinen s\u00e4hk\u00f6isku tappaa tuhoel\u00e4imen nopeasti. Myrkyt\u00f6n loukku s\u00e4\u00e4st\u00e4\u00e4 my\u00f6s jyrsij\u00f6iden saalistajat myrkytykselt\u00e4.\" \/>\n<meta name=\"robots\" content=\"index, follow, max-snippet:-1, max-image-preview:large, max-video-preview:-1\" \/>\n<link rel=\"canonical\" href=\"https:\/\/safetypartners.fi\/kauppa\/tuote\/tarmo-sahkokayttoinen-hiiren-ja-rotanloukku-230-6-v\" \/>\n<meta property=\"og:locale\" content=\"fi_FI\" \/>\n<meta property=\"og:type\" content=\"article\" \/>\n<meta property=\"og:title\" content=\"Tarmo s\u00e4hk\u00f6k\u00e4ytt\u00f6inen hiiren- ja rotanloukku, 230\/6 V - Safety Partners\" \/>\n<meta property=\"og:description\" content=\"Korkeaj\u00e4nnitteinen s\u00e4hk\u00f6isku tappaa tuhoel\u00e4imen nopeasti. Myrkyt\u00f6n loukku s\u00e4\u00e4st\u00e4\u00e4 my\u00f6s jyrsij\u00f6iden saalistajat myrkytykselt\u00e4.\" \/>\n<meta property=\"og:url\" content=\"https:\/\/safetypartners.fi\/kauppa\/tuote\/tarmo-sahkokayttoinen-hiiren-ja-rotanloukku-230-6-v\" \/>\n<meta property=\"og:site_name\" content=\"Safety Partners\" \/>\n<meta property=\"article:modified_time\" content=\"2026-01-21T10:24:43+00:00\" \/>\n<meta property=\"og:image\" content=\"https:\/\/safetypartners.fi\/kauppa\/wp-content\/uploads\/2024\/12\/Tarmo-2-1.png\" \/>\n\t<meta property=\"og:image:width\" content=\"1046\" \/>\n\t<meta property=\"og:image:height\" content=\"774\" \/>\n\t<meta property=\"og:image:type\" content=\"image\/png\" \/>\n<meta name=\"twitter:card\" content=\"summary_large_image\" \/>\n<meta name=\"twitter:label1\" content=\"Arvioitu lukuaika\" \/>\n\t<meta name=\"twitter:data1\" content=\"1 minuutti\" \/>\n<script type=\"application\/ld+json\" class=\"yoast-schema-graph\">{\"@context\":\"https:\\\/\\\/schema.org\",\"@graph\":[{\"@type\":\"WebPage\",\"@id\":\"https:\\\/\\\/safetypartners.fi\\\/kauppa\\\/tuote\\\/tarmo-sahkokayttoinen-hiiren-ja-rotanloukku-230-6-v\",\"url\":\"https:\\\/\\\/safetypartners.fi\\\/kauppa\\\/tuote\\\/tarmo-sahkokayttoinen-hiiren-ja-rotanloukku-230-6-v\",\"name\":\"Tarmo s\u00e4hk\u00f6k\u00e4ytt\u00f6inen hiiren- ja rotanloukku, 230\\\/6 V - Safety Partners\",\"isPartOf\":{\"@id\":\"https:\\\/\\\/safetypartners.fi\\\/kauppa\\\/#website\"},\"primaryImageOfPage\":{\"@id\":\"https:\\\/\\\/safetypartners.fi\\\/kauppa\\\/tuote\\\/tarmo-sahkokayttoinen-hiiren-ja-rotanloukku-230-6-v#primaryimage\"},\"image\":{\"@id\":\"https:\\\/\\\/safetypartners.fi\\\/kauppa\\\/tuote\\\/tarmo-sahkokayttoinen-hiiren-ja-rotanloukku-230-6-v#primaryimage\"},\"thumbnailUrl\":\"https:\\\/\\\/safetypartners.fi\\\/kauppa\\\/wp-content\\\/uploads\\\/2024\\\/12\\\/Tarmo-2-1.png\",\"datePublished\":\"2024-12-23T17:18:44+00:00\",\"dateModified\":\"2026-01-21T10:24:43+00:00\",\"description\":\"Korkeaj\u00e4nnitteinen s\u00e4hk\u00f6isku tappaa tuhoel\u00e4imen nopeasti. Myrkyt\u00f6n loukku s\u00e4\u00e4st\u00e4\u00e4 my\u00f6s jyrsij\u00f6iden saalistajat myrkytykselt\u00e4.\",\"breadcrumb\":{\"@id\":\"https:\\\/\\\/safetypartners.fi\\\/kauppa\\\/tuote\\\/tarmo-sahkokayttoinen-hiiren-ja-rotanloukku-230-6-v#breadcrumb\"},\"inLanguage\":\"fi\",\"potentialAction\":[{\"@type\":\"ReadAction\",\"target\":[\"https:\\\/\\\/safetypartners.fi\\\/kauppa\\\/tuote\\\/tarmo-sahkokayttoinen-hiiren-ja-rotanloukku-230-6-v\"]}]},{\"@type\":\"ImageObject\",\"inLanguage\":\"fi\",\"@id\":\"https:\\\/\\\/safetypartners.fi\\\/kauppa\\\/tuote\\\/tarmo-sahkokayttoinen-hiiren-ja-rotanloukku-230-6-v#primaryimage\",\"url\":\"https:\\\/\\\/safetypartners.fi\\\/kauppa\\\/wp-content\\\/uploads\\\/2024\\\/12\\\/Tarmo-2-1.png\",\"contentUrl\":\"https:\\\/\\\/safetypartners.fi\\\/kauppa\\\/wp-content\\\/uploads\\\/2024\\\/12\\\/Tarmo-2-1.png\",\"width\":1046,\"height\":774,\"caption\":\"Elektroninen hiiren- ja rotanloukku\"},{\"@type\":\"BreadcrumbList\",\"@id\":\"https:\\\/\\\/safetypartners.fi\\\/kauppa\\\/tuote\\\/tarmo-sahkokayttoinen-hiiren-ja-rotanloukku-230-6-v#breadcrumb\",\"itemListElement\":[{\"@type\":\"ListItem\",\"position\":1,\"name\":\"Home\",\"item\":\"https:\\\/\\\/safetypartners.fi\\\/kauppa\\\/\"},{\"@type\":\"ListItem\",\"position\":2,\"name\":\"Kauppa\",\"item\":\"https:\\\/\\\/safetypartners.fi\\\/kauppa\\\/kauppa\"},{\"@type\":\"ListItem\",\"position\":3,\"name\":\"Tarmo s\u00e4hk\u00f6k\u00e4ytt\u00f6inen hiiren- ja rotanloukku, 230\\\/6 V\"}]},{\"@type\":\"WebSite\",\"@id\":\"https:\\\/\\\/safetypartners.fi\\\/kauppa\\\/#website\",\"url\":\"https:\\\/\\\/safetypartners.fi\\\/kauppa\\\/\",\"name\":\"Safety Partners\",\"description\":\"Safety Partners turvakauppa palvelee verkossa 24\\\/7!\",\"publisher\":{\"@id\":\"https:\\\/\\\/safetypartners.fi\\\/kauppa\\\/#organization\"},\"potentialAction\":[{\"@type\":\"SearchAction\",\"target\":{\"@type\":\"EntryPoint\",\"urlTemplate\":\"https:\\\/\\\/safetypartners.fi\\\/kauppa\\\/?s={search_term_string}\"},\"query-input\":{\"@type\":\"PropertyValueSpecification\",\"valueRequired\":true,\"valueName\":\"search_term_string\"}}],\"inLanguage\":\"fi\"},{\"@type\":\"Organization\",\"@id\":\"https:\\\/\\\/safetypartners.fi\\\/kauppa\\\/#organization\",\"name\":\"Safety Partners | Suomen Sammutinpalvelu\",\"url\":\"https:\\\/\\\/safetypartners.fi\\\/kauppa\\\/\",\"logo\":{\"@type\":\"ImageObject\",\"inLanguage\":\"fi\",\"@id\":\"https:\\\/\\\/safetypartners.fi\\\/kauppa\\\/#\\\/schema\\\/logo\\\/image\\\/\",\"url\":\"https:\\\/\\\/safetypartners.fi\\\/kauppa\\\/wp-content\\\/uploads\\\/2020\\\/05\\\/cropped-Logoke-1.jpg\",\"contentUrl\":\"https:\\\/\\\/safetypartners.fi\\\/kauppa\\\/wp-content\\\/uploads\\\/2020\\\/05\\\/cropped-Logoke-1.jpg\",\"width\":847,\"height\":717,\"caption\":\"Safety Partners | Suomen Sammutinpalvelu\"},\"image\":{\"@id\":\"https:\\\/\\\/safetypartners.fi\\\/kauppa\\\/#\\\/schema\\\/logo\\\/image\\\/\"}}]}<\/script>\n<!-- \/ Yoast SEO plugin. -->","yoast_head_json":{"title":"Tarmo s\u00e4hk\u00f6k\u00e4ytt\u00f6inen hiiren- ja rotanloukku, 230\/6 V - Safety Partners","description":"Korkeaj\u00e4nnitteinen s\u00e4hk\u00f6isku tappaa tuhoel\u00e4imen nopeasti. Myrkyt\u00f6n loukku s\u00e4\u00e4st\u00e4\u00e4 my\u00f6s jyrsij\u00f6iden saalistajat myrkytykselt\u00e4.","robots":{"index":"index","follow":"follow","max-snippet":"max-snippet:-1","max-image-preview":"max-image-preview:large","max-video-preview":"max-video-preview:-1"},"canonical":"https:\/\/safetypartners.fi\/kauppa\/tuote\/tarmo-sahkokayttoinen-hiiren-ja-rotanloukku-230-6-v","og_locale":"fi_FI","og_type":"article","og_title":"Tarmo s\u00e4hk\u00f6k\u00e4ytt\u00f6inen hiiren- ja rotanloukku, 230\/6 V - Safety Partners","og_description":"Korkeaj\u00e4nnitteinen s\u00e4hk\u00f6isku tappaa tuhoel\u00e4imen nopeasti. Myrkyt\u00f6n loukku s\u00e4\u00e4st\u00e4\u00e4 my\u00f6s jyrsij\u00f6iden saalistajat myrkytykselt\u00e4.","og_url":"https:\/\/safetypartners.fi\/kauppa\/tuote\/tarmo-sahkokayttoinen-hiiren-ja-rotanloukku-230-6-v","og_site_name":"Safety Partners","article_modified_time":"2026-01-21T10:24:43+00:00","og_image":[{"width":1046,"height":774,"url":"https:\/\/safetypartners.fi\/kauppa\/wp-content\/uploads\/2024\/12\/Tarmo-2-1.png","type":"image\/png"}],"twitter_card":"summary_large_image","twitter_misc":{"Arvioitu lukuaika":"1 minuutti"},"schema":{"@context":"https:\/\/schema.org","@graph":[{"@type":"WebPage","@id":"https:\/\/safetypartners.fi\/kauppa\/tuote\/tarmo-sahkokayttoinen-hiiren-ja-rotanloukku-230-6-v","url":"https:\/\/safetypartners.fi\/kauppa\/tuote\/tarmo-sahkokayttoinen-hiiren-ja-rotanloukku-230-6-v","name":"Tarmo s\u00e4hk\u00f6k\u00e4ytt\u00f6inen hiiren- ja rotanloukku, 230\/6 V - Safety Partners","isPartOf":{"@id":"https:\/\/safetypartners.fi\/kauppa\/#website"},"primaryImageOfPage":{"@id":"https:\/\/safetypartners.fi\/kauppa\/tuote\/tarmo-sahkokayttoinen-hiiren-ja-rotanloukku-230-6-v#primaryimage"},"image":{"@id":"https:\/\/safetypartners.fi\/kauppa\/tuote\/tarmo-sahkokayttoinen-hiiren-ja-rotanloukku-230-6-v#primaryimage"},"thumbnailUrl":"https:\/\/safetypartners.fi\/kauppa\/wp-content\/uploads\/2024\/12\/Tarmo-2-1.png","datePublished":"2024-12-23T17:18:44+00:00","dateModified":"2026-01-21T10:24:43+00:00","description":"Korkeaj\u00e4nnitteinen s\u00e4hk\u00f6isku tappaa tuhoel\u00e4imen nopeasti. Myrkyt\u00f6n loukku s\u00e4\u00e4st\u00e4\u00e4 my\u00f6s jyrsij\u00f6iden saalistajat myrkytykselt\u00e4.","breadcrumb":{"@id":"https:\/\/safetypartners.fi\/kauppa\/tuote\/tarmo-sahkokayttoinen-hiiren-ja-rotanloukku-230-6-v#breadcrumb"},"inLanguage":"fi","potentialAction":[{"@type":"ReadAction","target":["https:\/\/safetypartners.fi\/kauppa\/tuote\/tarmo-sahkokayttoinen-hiiren-ja-rotanloukku-230-6-v"]}]},{"@type":"ImageObject","inLanguage":"fi","@id":"https:\/\/safetypartners.fi\/kauppa\/tuote\/tarmo-sahkokayttoinen-hiiren-ja-rotanloukku-230-6-v#primaryimage","url":"https:\/\/safetypartners.fi\/kauppa\/wp-content\/uploads\/2024\/12\/Tarmo-2-1.png","contentUrl":"https:\/\/safetypartners.fi\/kauppa\/wp-content\/uploads\/2024\/12\/Tarmo-2-1.png","width":1046,"height":774,"caption":"Elektroninen hiiren- ja rotanloukku"},{"@type":"BreadcrumbList","@id":"https:\/\/safetypartners.fi\/kauppa\/tuote\/tarmo-sahkokayttoinen-hiiren-ja-rotanloukku-230-6-v#breadcrumb","itemListElement":[{"@type":"ListItem","position":1,"name":"Home","item":"https:\/\/safetypartners.fi\/kauppa\/"},{"@type":"ListItem","position":2,"name":"Kauppa","item":"https:\/\/safetypartners.fi\/kauppa\/kauppa"},{"@type":"ListItem","position":3,"name":"Tarmo s\u00e4hk\u00f6k\u00e4ytt\u00f6inen hiiren- ja rotanloukku, 230\/6 V"}]},{"@type":"WebSite","@id":"https:\/\/safetypartners.fi\/kauppa\/#website","url":"https:\/\/safetypartners.fi\/kauppa\/","name":"Safety Partners","description":"Safety Partners turvakauppa palvelee verkossa 24\/7!","publisher":{"@id":"https:\/\/safetypartners.fi\/kauppa\/#organization"},"potentialAction":[{"@type":"SearchAction","target":{"@type":"EntryPoint","urlTemplate":"https:\/\/safetypartners.fi\/kauppa\/?s={search_term_string}"},"query-input":{"@type":"PropertyValueSpecification","valueRequired":true,"valueName":"search_term_string"}}],"inLanguage":"fi"},{"@type":"Organization","@id":"https:\/\/safetypartners.fi\/kauppa\/#organization","name":"Safety Partners | Suomen Sammutinpalvelu","url":"https:\/\/safetypartners.fi\/kauppa\/","logo":{"@type":"ImageObject","inLanguage":"fi","@id":"https:\/\/safetypartners.fi\/kauppa\/#\/schema\/logo\/image\/","url":"https:\/\/safetypartners.fi\/kauppa\/wp-content\/uploads\/2020\/05\/cropped-Logoke-1.jpg","contentUrl":"https:\/\/safetypartners.fi\/kauppa\/wp-content\/uploads\/2020\/05\/cropped-Logoke-1.jpg","width":847,"height":717,"caption":"Safety Partners | Suomen Sammutinpalvelu"},"image":{"@id":"https:\/\/safetypartners.fi\/kauppa\/#\/schema\/logo\/image\/"}}]}},"uagb_featured_image_src":{"full":["https:\/\/safetypartners.fi\/kauppa\/wp-content\/uploads\/2024\/12\/Tarmo-2-1.png",1046,774,false],"thumbnail":["https:\/\/safetypartners.fi\/kauppa\/wp-content\/uploads\/2024\/12\/Tarmo-2-1-150x150.png",150,150,true],"medium":["https:\/\/safetypartners.fi\/kauppa\/wp-content\/uploads\/2024\/12\/Tarmo-2-1-300x222.png",300,222,true],"medium_large":["https:\/\/safetypartners.fi\/kauppa\/wp-content\/uploads\/2024\/12\/Tarmo-2-1-768x568.png",768,568,true],"large":["https:\/\/safetypartners.fi\/kauppa\/wp-content\/uploads\/2024\/12\/Tarmo-2-1-1024x758.png",1024,758,true],"1536x1536":["https:\/\/safetypartners.fi\/kauppa\/wp-content\/uploads\/2024\/12\/Tarmo-2-1.png",1046,774,false],"2048x2048":["https:\/\/safetypartners.fi\/kauppa\/wp-content\/uploads\/2024\/12\/Tarmo-2-1.png",1046,774,false],"woocommerce_thumbnail":["https:\/\/safetypartners.fi\/kauppa\/wp-content\/uploads\/2024\/12\/Tarmo-2-1-300x300.png",300,300,true],"woocommerce_single":["https:\/\/safetypartners.fi\/kauppa\/wp-content\/uploads\/2024\/12\/Tarmo-2-1-600x444.png",600,444,true],"woocommerce_gallery_thumbnail":["https:\/\/safetypartners.fi\/kauppa\/wp-content\/uploads\/2024\/12\/Tarmo-2-1-100x100.png",100,100,true]},"uagb_author_info":{"display_name":"Anu Lehto","author_link":"https:\/\/safetypartners.fi\/kauppa\/author"},"uagb_comment_info":0,"uagb_excerpt":"Tarmo s\u00e4hk\u00f6k\u00e4ytt\u00f6inen hiiren\/rotanloukku tappaa el\u00e4imen nopeasti korkeaj\u00e4nnitteisell\u00e4 s\u00e4hk\u00f6iskulla. Myrkyt\u00f6n loukku on jyrsij\u00f6iden saalistajat huomioiva vaihtoehto, sill\u00e4 tehokas ja hygieeninen jyrsij\u00f6iden h\u00e4vitystapa s\u00e4\u00e4st\u00e4\u00e4 p\u00f6ll\u00f6t, haukat ja ketut myrkytykselt\u00e4. Elektroninen hiirenloukku toimii mukana tulevalla \u00a0230\/6 voltin muuntajalla tai nelj\u00e4ll\u00e4 keskikoisella c-paristolla. Loukku kytkeytyy pois p\u00e4\u00e4lt\u00e4 jyrsij\u00e4n j\u00e4\u00e4ty\u00e4 sen sis\u00e4\u00e4n. Merkkivalo osoittaa loukun tilan. S\u00e4hk\u00f6k\u00e4ytt\u00f6inen loukku on tarkoitettu&hellip;","_links":{"self":[{"href":"https:\/\/safetypartners.fi\/kauppa\/wp-json\/wp\/v2\/product\/2459","targetHints":{"allow":["GET"]}}],"collection":[{"href":"https:\/\/safetypartners.fi\/kauppa\/wp-json\/wp\/v2\/product"}],"about":[{"href":"https:\/\/safetypartners.fi\/kauppa\/wp-json\/wp\/v2\/types\/product"}],"replies":[{"embeddable":true,"href":"https:\/\/safetypartners.fi\/kauppa\/wp-json\/wp\/v2\/comments?post=2459"}],"version-history":[{"count":2,"href":"https:\/\/safetypartners.fi\/kauppa\/wp-json\/wp\/v2\/product\/2459\/revisions"}],"predecessor-version":[{"id":2466,"href":"https:\/\/safetypartners.fi\/kauppa\/wp-json\/wp\/v2\/product\/2459\/revisions\/2466"}],"wp:featuredmedia":[{"embeddable":true,"href":"https:\/\/safetypartners.fi\/kauppa\/wp-json\/wp\/v2\/media\/2467"}],"wp:attachment":[{"href":"https:\/\/safetypartners.fi\/kauppa\/wp-json\/wp\/v2\/media?parent=2459"}],"wp:term":[{"taxonomy":"product_brand","embeddable":true,"href":"https:\/\/safetypartners.fi\/kauppa\/wp-json\/wp\/v2\/product_brand?post=2459"},{"taxonomy":"product_cat","embeddable":true,"href":"https:\/\/safetypartners.fi\/kauppa\/wp-json\/wp\/v2\/product_cat?post=2459"},{"taxonomy":"product_tag","embeddable":true,"href":"https:\/\/safetypartners.fi\/kauppa\/wp-json\/wp\/v2\/product_tag?post=2459"}],"curies":[{"name":"wp","href":"https:\/\/api.w.org\/{rel}","templated":true}]}}