{"id":2469,"date":"2024-12-23T20:03:06","date_gmt":"2024-12-23T18:03:06","guid":{"rendered":"https:\/\/safetypartners.fi\/kauppa\/?post_type=product&#038;p=2469"},"modified":"2025-03-31T13:46:11","modified_gmt":"2025-03-31T10:46:11","slug":"safety-1st-kulmasuoja-4-kpl","status":"publish","type":"product","link":"https:\/\/safetypartners.fi\/kauppa\/tuote\/safety-1st-kulmasuoja-4-kpl","title":{"rendered":"Safety 1st kulmasuoja, 4 kpl"},"content":{"rendered":"<ul>\n<li>Pakkauksessa 4 kulmasuojaa<\/li>\n<li>Merkki: Safety 1st<\/li>\n<li>Helpot asentaa ja irrottaa<\/li>\n<li>Pehme\u00e4\u00e4, kest\u00e4v\u00e4\u00e4 silikonia<\/li>\n<\/ul>\n","protected":false},"excerpt":{"rendered":"<p><strong>Safety 1st kulmasuojat<\/strong> auttavat tekem\u00e4\u00e4n kodistasi turvallisemman kasvuymp\u00e4rist\u00f6n taaperollesi. Kulmasuojat suojaavat lastasi ter\u00e4vien p\u00f6yd\u00e4nkulmien aiheuttamilta kolhuilta ja naarmuilta.<\/p>\n<p>Muovinen kulmasuoja kiinnitet\u00e4\u00e4n n\u00e4pp\u00e4r\u00e4sti p\u00f6yd\u00e4n pintaan pakkauksen mukana tulevalla teipill\u00e4. Kulmasuojat sopivat hyvin esimerkiksi olohuoneen tai ruokap\u00f6yd\u00e4n kulmiin. Suojat on valmistettu pehme\u00e4st\u00e4 mutta kest\u00e4v\u00e4st\u00e4, l\u00e4pin\u00e4kyv\u00e4st\u00e4 silikonista.<\/p>\n","protected":false},"featured_media":2470,"comment_status":"open","ping_status":"closed","template":"","meta":{"_uag_custom_page_level_css":"","site-sidebar-layout":"default","site-content-layout":"","ast-site-content-layout":"default","site-content-style":"default","site-sidebar-style":"default","ast-global-header-display":"","ast-banner-title-visibility":"","ast-main-header-display":"","ast-hfb-above-header-display":"","ast-hfb-below-header-display":"","ast-hfb-mobile-header-display":"","site-post-title":"","ast-breadcrumbs-content":"","ast-featured-img":"","footer-sml-layout":"","ast-disable-related-posts":"","theme-transparent-header-meta":"default","adv-header-id-meta":"","stick-header-meta":"default","header-above-stick-meta":"","header-main-stick-meta":"","header-below-stick-meta":"","astra-migrate-meta-layouts":"set","ast-page-background-enabled":"default","ast-page-background-meta":{"desktop":{"background-color":"","background-image":"","background-repeat":"repeat","background-position":"center center","background-size":"auto","background-attachment":"scroll","background-type":"","background-media":"","overlay-type":"","overlay-color":"","overlay-opacity":"","overlay-gradient":""},"tablet":{"background-color":"","background-image":"","background-repeat":"repeat","background-position":"center center","background-size":"auto","background-attachment":"scroll","background-type":"","background-media":"","overlay-type":"","overlay-color":"","overlay-opacity":"","overlay-gradient":""},"mobile":{"background-color":"","background-image":"","background-repeat":"repeat","background-position":"center center","background-size":"auto","background-attachment":"scroll","background-type":"","background-media":"","overlay-type":"","overlay-color":"","overlay-opacity":"","overlay-gradient":""}},"ast-content-background-meta":{"desktop":{"background-color":"var(--ast-global-color-5)","background-image":"","background-repeat":"repeat","background-position":"center center","background-size":"auto","background-attachment":"scroll","background-type":"","background-media":"","overlay-type":"","overlay-color":"","overlay-opacity":"","overlay-gradient":""},"tablet":{"background-color":"var(--ast-global-color-5)","background-image":"","background-repeat":"repeat","background-position":"center center","background-size":"auto","background-attachment":"scroll","background-type":"","background-media":"","overlay-type":"","overlay-color":"","overlay-opacity":"","overlay-gradient":""},"mobile":{"background-color":"var(--ast-global-color-5)","background-image":"","background-repeat":"repeat","background-position":"center center","background-size":"auto","background-attachment":"scroll","background-type":"","background-media":"","overlay-type":"","overlay-color":"","overlay-opacity":"","overlay-gradient":""}}},"product_brand":[],"product_cat":[15,41],"product_tag":[1065,1064,1068,1071,1070,1072,1066,933,1067,1073,1069],"class_list":{"0":"post-2469","1":"product","2":"type-product","3":"status-publish","4":"has-post-thumbnail","6":"product_cat-yleinen","7":"product_cat-koti-vapaa-aika","8":"product_tag-kulma-suojat","9":"product_tag-kulmasuoja","10":"product_tag-lapsi","11":"product_tag-lapsiturvallisuus","12":"product_tag-poydan-kulma","13":"product_tag-ruokapoyta","14":"product_tag-safety-1st","15":"product_tag-suoja","16":"product_tag-taapero","17":"product_tag-terava-kulma","18":"product_tag-turvallisuus","19":"product_shipping_class-suomi","20":"desktop-align-center","21":"tablet-align-center","22":"mobile-align-center","23":"ast-product-gallery-layout-horizontal-slider","24":"ast-product-tabs-layout-horizontal","26":"first","27":"instock","28":"taxable","29":"shipping-taxable","30":"purchasable","31":"product-type-simple"},"yoast_head":"<!-- This site is optimized with the Yoast SEO plugin v27.3 - https:\/\/yoast.com\/product\/yoast-seo-wordpress\/ -->\n<title>Safety 1st kulmasuoja, 4 kpl - Safety Partners<\/title>\n<meta name=\"description\" content=\"Kulmasuojat suojaavat lastasi ter\u00e4vien erityisesti p\u00f6yd\u00e4nkulmien aiheuttamilta kolhuilta ja naarmuilta. Sopivat hyvin esimerkiksi ruokap\u00f6yd\u00e4n kulmiin.\" \/>\n<meta name=\"robots\" content=\"index, follow, max-snippet:-1, max-image-preview:large, max-video-preview:-1\" \/>\n<link rel=\"canonical\" href=\"https:\/\/safetypartners.fi\/kauppa\/tuote\/safety-1st-kulmasuoja-4-kpl\" \/>\n<meta property=\"og:locale\" content=\"fi_FI\" \/>\n<meta property=\"og:type\" content=\"article\" \/>\n<meta property=\"og:title\" content=\"Safety 1st kulmasuoja, 4 kpl - Safety Partners\" \/>\n<meta property=\"og:description\" content=\"Kulmasuojat suojaavat lastasi ter\u00e4vien erityisesti p\u00f6yd\u00e4nkulmien aiheuttamilta kolhuilta ja naarmuilta. Sopivat hyvin esimerkiksi ruokap\u00f6yd\u00e4n kulmiin.\" \/>\n<meta property=\"og:url\" content=\"https:\/\/safetypartners.fi\/kauppa\/tuote\/safety-1st-kulmasuoja-4-kpl\" \/>\n<meta property=\"og:site_name\" content=\"Safety Partners\" \/>\n<meta property=\"article:modified_time\" content=\"2025-03-31T10:46:11+00:00\" \/>\n<meta property=\"og:image\" content=\"https:\/\/safetypartners.fi\/kauppa\/wp-content\/uploads\/2024\/12\/Safety-1st-Kulmasuoja-4-kpl.jpg\" \/>\n\t<meta property=\"og:image:width\" content=\"500\" \/>\n\t<meta property=\"og:image:height\" content=\"500\" \/>\n\t<meta property=\"og:image:type\" content=\"image\/jpeg\" \/>\n<meta name=\"twitter:card\" content=\"summary_large_image\" \/>\n<meta name=\"twitter:label1\" content=\"Arvioitu lukuaika\" \/>\n\t<meta name=\"twitter:data1\" content=\"1 minuutti\" \/>\n<script type=\"application\/ld+json\" class=\"yoast-schema-graph\">{\"@context\":\"https:\\\/\\\/schema.org\",\"@graph\":[{\"@type\":\"WebPage\",\"@id\":\"https:\\\/\\\/safetypartners.fi\\\/kauppa\\\/tuote\\\/safety-1st-kulmasuoja-4-kpl\",\"url\":\"https:\\\/\\\/safetypartners.fi\\\/kauppa\\\/tuote\\\/safety-1st-kulmasuoja-4-kpl\",\"name\":\"Safety 1st kulmasuoja, 4 kpl - Safety Partners\",\"isPartOf\":{\"@id\":\"https:\\\/\\\/safetypartners.fi\\\/kauppa\\\/#website\"},\"primaryImageOfPage\":{\"@id\":\"https:\\\/\\\/safetypartners.fi\\\/kauppa\\\/tuote\\\/safety-1st-kulmasuoja-4-kpl#primaryimage\"},\"image\":{\"@id\":\"https:\\\/\\\/safetypartners.fi\\\/kauppa\\\/tuote\\\/safety-1st-kulmasuoja-4-kpl#primaryimage\"},\"thumbnailUrl\":\"https:\\\/\\\/safetypartners.fi\\\/kauppa\\\/wp-content\\\/uploads\\\/2024\\\/12\\\/Safety-1st-Kulmasuoja-4-kpl.jpg\",\"datePublished\":\"2024-12-23T18:03:06+00:00\",\"dateModified\":\"2025-03-31T10:46:11+00:00\",\"description\":\"Kulmasuojat suojaavat lastasi ter\u00e4vien erityisesti p\u00f6yd\u00e4nkulmien aiheuttamilta kolhuilta ja naarmuilta. Sopivat hyvin esimerkiksi ruokap\u00f6yd\u00e4n kulmiin.\",\"breadcrumb\":{\"@id\":\"https:\\\/\\\/safetypartners.fi\\\/kauppa\\\/tuote\\\/safety-1st-kulmasuoja-4-kpl#breadcrumb\"},\"inLanguage\":\"fi\",\"potentialAction\":[{\"@type\":\"ReadAction\",\"target\":[\"https:\\\/\\\/safetypartners.fi\\\/kauppa\\\/tuote\\\/safety-1st-kulmasuoja-4-kpl\"]}]},{\"@type\":\"ImageObject\",\"inLanguage\":\"fi\",\"@id\":\"https:\\\/\\\/safetypartners.fi\\\/kauppa\\\/tuote\\\/safety-1st-kulmasuoja-4-kpl#primaryimage\",\"url\":\"https:\\\/\\\/safetypartners.fi\\\/kauppa\\\/wp-content\\\/uploads\\\/2024\\\/12\\\/Safety-1st-Kulmasuoja-4-kpl.jpg\",\"contentUrl\":\"https:\\\/\\\/safetypartners.fi\\\/kauppa\\\/wp-content\\\/uploads\\\/2024\\\/12\\\/Safety-1st-Kulmasuoja-4-kpl.jpg\",\"width\":500,\"height\":500,\"caption\":\"Suoja p\u00f6yd\u00e4n kulmaan\"},{\"@type\":\"BreadcrumbList\",\"@id\":\"https:\\\/\\\/safetypartners.fi\\\/kauppa\\\/tuote\\\/safety-1st-kulmasuoja-4-kpl#breadcrumb\",\"itemListElement\":[{\"@type\":\"ListItem\",\"position\":1,\"name\":\"Home\",\"item\":\"https:\\\/\\\/safetypartners.fi\\\/kauppa\\\/\"},{\"@type\":\"ListItem\",\"position\":2,\"name\":\"Kauppa\",\"item\":\"https:\\\/\\\/safetypartners.fi\\\/kauppa\\\/kauppa\"},{\"@type\":\"ListItem\",\"position\":3,\"name\":\"Safety 1st kulmasuoja, 4 kpl\"}]},{\"@type\":\"WebSite\",\"@id\":\"https:\\\/\\\/safetypartners.fi\\\/kauppa\\\/#website\",\"url\":\"https:\\\/\\\/safetypartners.fi\\\/kauppa\\\/\",\"name\":\"Safety Partners\",\"description\":\"Safety Partners turvakauppa palvelee verkossa 24\\\/7!\",\"publisher\":{\"@id\":\"https:\\\/\\\/safetypartners.fi\\\/kauppa\\\/#organization\"},\"potentialAction\":[{\"@type\":\"SearchAction\",\"target\":{\"@type\":\"EntryPoint\",\"urlTemplate\":\"https:\\\/\\\/safetypartners.fi\\\/kauppa\\\/?s={search_term_string}\"},\"query-input\":{\"@type\":\"PropertyValueSpecification\",\"valueRequired\":true,\"valueName\":\"search_term_string\"}}],\"inLanguage\":\"fi\"},{\"@type\":\"Organization\",\"@id\":\"https:\\\/\\\/safetypartners.fi\\\/kauppa\\\/#organization\",\"name\":\"Safety Partners | Suomen Sammutinpalvelu\",\"url\":\"https:\\\/\\\/safetypartners.fi\\\/kauppa\\\/\",\"logo\":{\"@type\":\"ImageObject\",\"inLanguage\":\"fi\",\"@id\":\"https:\\\/\\\/safetypartners.fi\\\/kauppa\\\/#\\\/schema\\\/logo\\\/image\\\/\",\"url\":\"https:\\\/\\\/safetypartners.fi\\\/kauppa\\\/wp-content\\\/uploads\\\/2020\\\/05\\\/cropped-Logoke-1.jpg\",\"contentUrl\":\"https:\\\/\\\/safetypartners.fi\\\/kauppa\\\/wp-content\\\/uploads\\\/2020\\\/05\\\/cropped-Logoke-1.jpg\",\"width\":847,\"height\":717,\"caption\":\"Safety Partners | Suomen Sammutinpalvelu\"},\"image\":{\"@id\":\"https:\\\/\\\/safetypartners.fi\\\/kauppa\\\/#\\\/schema\\\/logo\\\/image\\\/\"}}]}<\/script>\n<!-- \/ Yoast SEO plugin. -->","yoast_head_json":{"title":"Safety 1st kulmasuoja, 4 kpl - Safety Partners","description":"Kulmasuojat suojaavat lastasi ter\u00e4vien erityisesti p\u00f6yd\u00e4nkulmien aiheuttamilta kolhuilta ja naarmuilta. Sopivat hyvin esimerkiksi ruokap\u00f6yd\u00e4n kulmiin.","robots":{"index":"index","follow":"follow","max-snippet":"max-snippet:-1","max-image-preview":"max-image-preview:large","max-video-preview":"max-video-preview:-1"},"canonical":"https:\/\/safetypartners.fi\/kauppa\/tuote\/safety-1st-kulmasuoja-4-kpl","og_locale":"fi_FI","og_type":"article","og_title":"Safety 1st kulmasuoja, 4 kpl - Safety Partners","og_description":"Kulmasuojat suojaavat lastasi ter\u00e4vien erityisesti p\u00f6yd\u00e4nkulmien aiheuttamilta kolhuilta ja naarmuilta. Sopivat hyvin esimerkiksi ruokap\u00f6yd\u00e4n kulmiin.","og_url":"https:\/\/safetypartners.fi\/kauppa\/tuote\/safety-1st-kulmasuoja-4-kpl","og_site_name":"Safety Partners","article_modified_time":"2025-03-31T10:46:11+00:00","og_image":[{"width":500,"height":500,"url":"https:\/\/safetypartners.fi\/kauppa\/wp-content\/uploads\/2024\/12\/Safety-1st-Kulmasuoja-4-kpl.jpg","type":"image\/jpeg"}],"twitter_card":"summary_large_image","twitter_misc":{"Arvioitu lukuaika":"1 minuutti"},"schema":{"@context":"https:\/\/schema.org","@graph":[{"@type":"WebPage","@id":"https:\/\/safetypartners.fi\/kauppa\/tuote\/safety-1st-kulmasuoja-4-kpl","url":"https:\/\/safetypartners.fi\/kauppa\/tuote\/safety-1st-kulmasuoja-4-kpl","name":"Safety 1st kulmasuoja, 4 kpl - Safety Partners","isPartOf":{"@id":"https:\/\/safetypartners.fi\/kauppa\/#website"},"primaryImageOfPage":{"@id":"https:\/\/safetypartners.fi\/kauppa\/tuote\/safety-1st-kulmasuoja-4-kpl#primaryimage"},"image":{"@id":"https:\/\/safetypartners.fi\/kauppa\/tuote\/safety-1st-kulmasuoja-4-kpl#primaryimage"},"thumbnailUrl":"https:\/\/safetypartners.fi\/kauppa\/wp-content\/uploads\/2024\/12\/Safety-1st-Kulmasuoja-4-kpl.jpg","datePublished":"2024-12-23T18:03:06+00:00","dateModified":"2025-03-31T10:46:11+00:00","description":"Kulmasuojat suojaavat lastasi ter\u00e4vien erityisesti p\u00f6yd\u00e4nkulmien aiheuttamilta kolhuilta ja naarmuilta. Sopivat hyvin esimerkiksi ruokap\u00f6yd\u00e4n kulmiin.","breadcrumb":{"@id":"https:\/\/safetypartners.fi\/kauppa\/tuote\/safety-1st-kulmasuoja-4-kpl#breadcrumb"},"inLanguage":"fi","potentialAction":[{"@type":"ReadAction","target":["https:\/\/safetypartners.fi\/kauppa\/tuote\/safety-1st-kulmasuoja-4-kpl"]}]},{"@type":"ImageObject","inLanguage":"fi","@id":"https:\/\/safetypartners.fi\/kauppa\/tuote\/safety-1st-kulmasuoja-4-kpl#primaryimage","url":"https:\/\/safetypartners.fi\/kauppa\/wp-content\/uploads\/2024\/12\/Safety-1st-Kulmasuoja-4-kpl.jpg","contentUrl":"https:\/\/safetypartners.fi\/kauppa\/wp-content\/uploads\/2024\/12\/Safety-1st-Kulmasuoja-4-kpl.jpg","width":500,"height":500,"caption":"Suoja p\u00f6yd\u00e4n kulmaan"},{"@type":"BreadcrumbList","@id":"https:\/\/safetypartners.fi\/kauppa\/tuote\/safety-1st-kulmasuoja-4-kpl#breadcrumb","itemListElement":[{"@type":"ListItem","position":1,"name":"Home","item":"https:\/\/safetypartners.fi\/kauppa\/"},{"@type":"ListItem","position":2,"name":"Kauppa","item":"https:\/\/safetypartners.fi\/kauppa\/kauppa"},{"@type":"ListItem","position":3,"name":"Safety 1st kulmasuoja, 4 kpl"}]},{"@type":"WebSite","@id":"https:\/\/safetypartners.fi\/kauppa\/#website","url":"https:\/\/safetypartners.fi\/kauppa\/","name":"Safety Partners","description":"Safety Partners turvakauppa palvelee verkossa 24\/7!","publisher":{"@id":"https:\/\/safetypartners.fi\/kauppa\/#organization"},"potentialAction":[{"@type":"SearchAction","target":{"@type":"EntryPoint","urlTemplate":"https:\/\/safetypartners.fi\/kauppa\/?s={search_term_string}"},"query-input":{"@type":"PropertyValueSpecification","valueRequired":true,"valueName":"search_term_string"}}],"inLanguage":"fi"},{"@type":"Organization","@id":"https:\/\/safetypartners.fi\/kauppa\/#organization","name":"Safety Partners | Suomen Sammutinpalvelu","url":"https:\/\/safetypartners.fi\/kauppa\/","logo":{"@type":"ImageObject","inLanguage":"fi","@id":"https:\/\/safetypartners.fi\/kauppa\/#\/schema\/logo\/image\/","url":"https:\/\/safetypartners.fi\/kauppa\/wp-content\/uploads\/2020\/05\/cropped-Logoke-1.jpg","contentUrl":"https:\/\/safetypartners.fi\/kauppa\/wp-content\/uploads\/2020\/05\/cropped-Logoke-1.jpg","width":847,"height":717,"caption":"Safety Partners | Suomen Sammutinpalvelu"},"image":{"@id":"https:\/\/safetypartners.fi\/kauppa\/#\/schema\/logo\/image\/"}}]}},"uagb_featured_image_src":{"full":["https:\/\/safetypartners.fi\/kauppa\/wp-content\/uploads\/2024\/12\/Safety-1st-Kulmasuoja-4-kpl.jpg",500,500,false],"thumbnail":["https:\/\/safetypartners.fi\/kauppa\/wp-content\/uploads\/2024\/12\/Safety-1st-Kulmasuoja-4-kpl-150x150.jpg",150,150,true],"medium":["https:\/\/safetypartners.fi\/kauppa\/wp-content\/uploads\/2024\/12\/Safety-1st-Kulmasuoja-4-kpl-300x300.jpg",300,300,true],"medium_large":["https:\/\/safetypartners.fi\/kauppa\/wp-content\/uploads\/2024\/12\/Safety-1st-Kulmasuoja-4-kpl.jpg",500,500,false],"large":["https:\/\/safetypartners.fi\/kauppa\/wp-content\/uploads\/2024\/12\/Safety-1st-Kulmasuoja-4-kpl.jpg",500,500,false],"1536x1536":["https:\/\/safetypartners.fi\/kauppa\/wp-content\/uploads\/2024\/12\/Safety-1st-Kulmasuoja-4-kpl.jpg",500,500,false],"2048x2048":["https:\/\/safetypartners.fi\/kauppa\/wp-content\/uploads\/2024\/12\/Safety-1st-Kulmasuoja-4-kpl.jpg",500,500,false],"woocommerce_thumbnail":["https:\/\/safetypartners.fi\/kauppa\/wp-content\/uploads\/2024\/12\/Safety-1st-Kulmasuoja-4-kpl-300x300.jpg",300,300,true],"woocommerce_single":["https:\/\/safetypartners.fi\/kauppa\/wp-content\/uploads\/2024\/12\/Safety-1st-Kulmasuoja-4-kpl.jpg",500,500,false],"woocommerce_gallery_thumbnail":["https:\/\/safetypartners.fi\/kauppa\/wp-content\/uploads\/2024\/12\/Safety-1st-Kulmasuoja-4-kpl-100x100.jpg",100,100,true]},"uagb_author_info":{"display_name":"Anu Lehto","author_link":"https:\/\/safetypartners.fi\/kauppa\/author"},"uagb_comment_info":0,"uagb_excerpt":"Safety 1st kulmasuojat auttavat tekem\u00e4\u00e4n kodistasi turvallisemman kasvuymp\u00e4rist\u00f6n taaperollesi. Kulmasuojat suojaavat lastasi ter\u00e4vien p\u00f6yd\u00e4nkulmien aiheuttamilta kolhuilta ja naarmuilta. Muovinen kulmasuoja kiinnitet\u00e4\u00e4n n\u00e4pp\u00e4r\u00e4sti p\u00f6yd\u00e4n pintaan pakkauksen mukana tulevalla teipill\u00e4. Kulmasuojat sopivat hyvin esimerkiksi olohuoneen tai ruokap\u00f6yd\u00e4n kulmiin. Suojat on valmistettu pehme\u00e4st\u00e4 mutta kest\u00e4v\u00e4st\u00e4, l\u00e4pin\u00e4kyv\u00e4st\u00e4 silikonista.","_links":{"self":[{"href":"https:\/\/safetypartners.fi\/kauppa\/wp-json\/wp\/v2\/product\/2469","targetHints":{"allow":["GET"]}}],"collection":[{"href":"https:\/\/safetypartners.fi\/kauppa\/wp-json\/wp\/v2\/product"}],"about":[{"href":"https:\/\/safetypartners.fi\/kauppa\/wp-json\/wp\/v2\/types\/product"}],"replies":[{"embeddable":true,"href":"https:\/\/safetypartners.fi\/kauppa\/wp-json\/wp\/v2\/comments?post=2469"}],"version-history":[{"count":2,"href":"https:\/\/safetypartners.fi\/kauppa\/wp-json\/wp\/v2\/product\/2469\/revisions"}],"predecessor-version":[{"id":2474,"href":"https:\/\/safetypartners.fi\/kauppa\/wp-json\/wp\/v2\/product\/2469\/revisions\/2474"}],"wp:featuredmedia":[{"embeddable":true,"href":"https:\/\/safetypartners.fi\/kauppa\/wp-json\/wp\/v2\/media\/2470"}],"wp:attachment":[{"href":"https:\/\/safetypartners.fi\/kauppa\/wp-json\/wp\/v2\/media?parent=2469"}],"wp:term":[{"taxonomy":"product_brand","embeddable":true,"href":"https:\/\/safetypartners.fi\/kauppa\/wp-json\/wp\/v2\/product_brand?post=2469"},{"taxonomy":"product_cat","embeddable":true,"href":"https:\/\/safetypartners.fi\/kauppa\/wp-json\/wp\/v2\/product_cat?post=2469"},{"taxonomy":"product_tag","embeddable":true,"href":"https:\/\/safetypartners.fi\/kauppa\/wp-json\/wp\/v2\/product_tag?post=2469"}],"curies":[{"name":"wp","href":"https:\/\/api.w.org\/{rel}","templated":true}]}}