{"id":2566,"date":"2025-02-28T10:20:06","date_gmt":"2025-02-28T08:20:06","guid":{"rendered":"https:\/\/safetypartners.fi\/kauppa\/?post_type=product&#038;p=2566"},"modified":"2025-05-06T12:41:04","modified_gmt":"2025-05-06T09:41:04","slug":"hinausliina-6m-4500kg-carman","status":"publish","type":"product","link":"https:\/\/safetypartners.fi\/kauppa\/tuote\/hinausliina-6m-4500kg-carman","title":{"rendered":"\u200aHinausliina 6m 4500kg, Carman"},"content":{"rendered":"<table id=\"product-attribute-specs-table\" class=\"data table additional-attributes\">\n<tbody>\n<tr>\n<th class=\"col label\" scope=\"row\">Leveys<\/th>\n<td class=\"col data\" data-th=\"Leveys\">11 cm<\/td>\n<\/tr>\n<tr>\n<th class=\"col label\" scope=\"row\">Syvyys<\/th>\n<td class=\"col data\" data-th=\"Syvyys\">8 cm<\/td>\n<\/tr>\n<tr>\n<th class=\"col label\" scope=\"row\">Korkeus<\/th>\n<td class=\"col data\" data-th=\"Korkeus\">25 cm<\/td>\n<\/tr>\n<tr>\n<th class=\"col label\" scope=\"row\">Paino<\/th>\n<td class=\"col data\" data-th=\"Paino\">1,04 kg<\/td>\n<\/tr>\n<tr>\n<th class=\"col label\" scope=\"row\">V\u00e4ri<\/th>\n<td class=\"col data\" data-th=\"V\u00e4ri\">neonkeltainen<\/td>\n<\/tr>\n<\/tbody>\n<\/table>\n","protected":false},"excerpt":{"rendered":"<div class=\"product-view-description-readmorereadmore_wrapper js-descriptionreadmore_wrapper\">\n<div id=\"product-view-description\" class=\"product-view-description\"><strong>Carman 6m x 5cm hinausliina<\/strong> tukee kuormaasi, pit\u00e4en sen paikallaan. Hinausliinassa on eritt\u00e4in luja pitovoima sek\u00e4 4500 kilogramman kapasiteetti.<\/div>\n<div><\/div>\n<div class=\"product-view-description\">Kuormitusraja 2250 kg.<\/div>\n<\/div>\n","protected":false},"featured_media":2568,"comment_status":"open","ping_status":"closed","template":"","meta":{"_uag_custom_page_level_css":"","site-sidebar-layout":"default","site-content-layout":"","ast-site-content-layout":"default","site-content-style":"default","site-sidebar-style":"default","ast-global-header-display":"","ast-banner-title-visibility":"","ast-main-header-display":"","ast-hfb-above-header-display":"","ast-hfb-below-header-display":"","ast-hfb-mobile-header-display":"","site-post-title":"","ast-breadcrumbs-content":"","ast-featured-img":"","footer-sml-layout":"","ast-disable-related-posts":"","theme-transparent-header-meta":"default","adv-header-id-meta":"","stick-header-meta":"default","header-above-stick-meta":"","header-main-stick-meta":"","header-below-stick-meta":"","astra-migrate-meta-layouts":"set","ast-page-background-enabled":"default","ast-page-background-meta":{"desktop":{"background-color":"","background-image":"","background-repeat":"repeat","background-position":"center center","background-size":"auto","background-attachment":"scroll","background-type":"","background-media":"","overlay-type":"","overlay-color":"","overlay-opacity":"","overlay-gradient":""},"tablet":{"background-color":"","background-image":"","background-repeat":"repeat","background-position":"center center","background-size":"auto","background-attachment":"scroll","background-type":"","background-media":"","overlay-type":"","overlay-color":"","overlay-opacity":"","overlay-gradient":""},"mobile":{"background-color":"","background-image":"","background-repeat":"repeat","background-position":"center center","background-size":"auto","background-attachment":"scroll","background-type":"","background-media":"","overlay-type":"","overlay-color":"","overlay-opacity":"","overlay-gradient":""}},"ast-content-background-meta":{"desktop":{"background-color":"var(--ast-global-color-5)","background-image":"","background-repeat":"repeat","background-position":"center center","background-size":"auto","background-attachment":"scroll","background-type":"","background-media":"","overlay-type":"","overlay-color":"","overlay-opacity":"","overlay-gradient":""},"tablet":{"background-color":"var(--ast-global-color-5)","background-image":"","background-repeat":"repeat","background-position":"center center","background-size":"auto","background-attachment":"scroll","background-type":"","background-media":"","overlay-type":"","overlay-color":"","overlay-opacity":"","overlay-gradient":""},"mobile":{"background-color":"var(--ast-global-color-5)","background-image":"","background-repeat":"repeat","background-position":"center center","background-size":"auto","background-attachment":"scroll","background-type":"","background-media":"","overlay-type":"","overlay-color":"","overlay-opacity":"","overlay-gradient":""}}},"product_brand":[],"product_cat":[15,41,44],"product_tag":[750,1119,1124,1120,1122,1121,1123],"class_list":{"0":"post-2566","1":"product","2":"type-product","3":"status-publish","4":"has-post-thumbnail","6":"product_cat-yleinen","7":"product_cat-koti-vapaa-aika","8":"product_cat-tyoturvallisuus","9":"product_tag-carman","10":"product_tag-hinausliina","11":"product_tag-keltainen","12":"product_tag-kuormaliina","13":"product_tag-kuorman-sidonta","14":"product_tag-luja-pitovoima","15":"product_tag-neon","16":"product_shipping_class-suomi","17":"desktop-align-center","18":"tablet-align-center","19":"mobile-align-center","20":"ast-product-gallery-layout-horizontal-slider","21":"ast-product-tabs-layout-horizontal","23":"first","24":"instock","25":"taxable","26":"shipping-taxable","27":"purchasable","28":"product-type-simple"},"yoast_head":"<!-- This site is optimized with the Yoast SEO plugin v27.3 - https:\/\/yoast.com\/product\/yoast-seo-wordpress\/ -->\n<title>\u200aHinausliina 6m 4500kg, Carman - Safety Partners<\/title>\n<meta name=\"description\" content=\"Kest\u00e4v\u00e4 6m hinausliina tukee kuormaasi, pit\u00e4en sen paikallaan. Eritt\u00e4in luja pitovoima sek\u00e4 4500 kilogramman kapasiteetti.\" \/>\n<meta name=\"robots\" content=\"index, follow, max-snippet:-1, max-image-preview:large, max-video-preview:-1\" \/>\n<link rel=\"canonical\" href=\"https:\/\/safetypartners.fi\/kauppa\/tuote\/hinausliina-6m-4500kg-carman\" \/>\n<meta property=\"og:locale\" content=\"fi_FI\" \/>\n<meta property=\"og:type\" content=\"article\" \/>\n<meta property=\"og:title\" content=\"\u200aHinausliina 6m 4500kg, Carman - Safety Partners\" \/>\n<meta property=\"og:description\" content=\"Kest\u00e4v\u00e4 6m hinausliina tukee kuormaasi, pit\u00e4en sen paikallaan. Eritt\u00e4in luja pitovoima sek\u00e4 4500 kilogramman kapasiteetti.\" \/>\n<meta property=\"og:url\" content=\"https:\/\/safetypartners.fi\/kauppa\/tuote\/hinausliina-6m-4500kg-carman\" \/>\n<meta property=\"og:site_name\" content=\"Safety Partners\" \/>\n<meta property=\"article:modified_time\" content=\"2025-05-06T09:41:04+00:00\" \/>\n<meta property=\"og:image\" content=\"https:\/\/safetypartners.fi\/kauppa\/wp-content\/uploads\/2025\/02\/Hinausliina-2.jpg\" \/>\n\t<meta property=\"og:image:width\" content=\"1000\" \/>\n\t<meta property=\"og:image:height\" content=\"667\" \/>\n\t<meta property=\"og:image:type\" content=\"image\/jpeg\" \/>\n<meta name=\"twitter:card\" content=\"summary_large_image\" \/>\n<meta name=\"twitter:label1\" content=\"Arvioitu lukuaika\" \/>\n\t<meta name=\"twitter:data1\" content=\"1 minuutti\" \/>\n<script type=\"application\/ld+json\" class=\"yoast-schema-graph\">{\"@context\":\"https:\\\/\\\/schema.org\",\"@graph\":[{\"@type\":\"WebPage\",\"@id\":\"https:\\\/\\\/safetypartners.fi\\\/kauppa\\\/tuote\\\/hinausliina-6m-4500kg-carman\",\"url\":\"https:\\\/\\\/safetypartners.fi\\\/kauppa\\\/tuote\\\/hinausliina-6m-4500kg-carman\",\"name\":\"\u200aHinausliina 6m 4500kg, Carman - Safety Partners\",\"isPartOf\":{\"@id\":\"https:\\\/\\\/safetypartners.fi\\\/kauppa\\\/#website\"},\"primaryImageOfPage\":{\"@id\":\"https:\\\/\\\/safetypartners.fi\\\/kauppa\\\/tuote\\\/hinausliina-6m-4500kg-carman#primaryimage\"},\"image\":{\"@id\":\"https:\\\/\\\/safetypartners.fi\\\/kauppa\\\/tuote\\\/hinausliina-6m-4500kg-carman#primaryimage\"},\"thumbnailUrl\":\"https:\\\/\\\/safetypartners.fi\\\/kauppa\\\/wp-content\\\/uploads\\\/2025\\\/02\\\/Hinausliina-2.jpg\",\"datePublished\":\"2025-02-28T08:20:06+00:00\",\"dateModified\":\"2025-05-06T09:41:04+00:00\",\"description\":\"Kest\u00e4v\u00e4 6m hinausliina tukee kuormaasi, pit\u00e4en sen paikallaan. Eritt\u00e4in luja pitovoima sek\u00e4 4500 kilogramman kapasiteetti.\",\"breadcrumb\":{\"@id\":\"https:\\\/\\\/safetypartners.fi\\\/kauppa\\\/tuote\\\/hinausliina-6m-4500kg-carman#breadcrumb\"},\"inLanguage\":\"fi\",\"potentialAction\":[{\"@type\":\"ReadAction\",\"target\":[\"https:\\\/\\\/safetypartners.fi\\\/kauppa\\\/tuote\\\/hinausliina-6m-4500kg-carman\"]}]},{\"@type\":\"ImageObject\",\"inLanguage\":\"fi\",\"@id\":\"https:\\\/\\\/safetypartners.fi\\\/kauppa\\\/tuote\\\/hinausliina-6m-4500kg-carman#primaryimage\",\"url\":\"https:\\\/\\\/safetypartners.fi\\\/kauppa\\\/wp-content\\\/uploads\\\/2025\\\/02\\\/Hinausliina-2.jpg\",\"contentUrl\":\"https:\\\/\\\/safetypartners.fi\\\/kauppa\\\/wp-content\\\/uploads\\\/2025\\\/02\\\/Hinausliina-2.jpg\",\"width\":1000,\"height\":667,\"caption\":\"Luja pitovoima\"},{\"@type\":\"BreadcrumbList\",\"@id\":\"https:\\\/\\\/safetypartners.fi\\\/kauppa\\\/tuote\\\/hinausliina-6m-4500kg-carman#breadcrumb\",\"itemListElement\":[{\"@type\":\"ListItem\",\"position\":1,\"name\":\"Home\",\"item\":\"https:\\\/\\\/safetypartners.fi\\\/kauppa\\\/\"},{\"@type\":\"ListItem\",\"position\":2,\"name\":\"Kauppa\",\"item\":\"https:\\\/\\\/safetypartners.fi\\\/kauppa\\\/kauppa\"},{\"@type\":\"ListItem\",\"position\":3,\"name\":\"\u200aHinausliina 6m 4500kg, Carman\"}]},{\"@type\":\"WebSite\",\"@id\":\"https:\\\/\\\/safetypartners.fi\\\/kauppa\\\/#website\",\"url\":\"https:\\\/\\\/safetypartners.fi\\\/kauppa\\\/\",\"name\":\"Safety Partners\",\"description\":\"Safety Partners turvakauppa palvelee verkossa 24\\\/7!\",\"publisher\":{\"@id\":\"https:\\\/\\\/safetypartners.fi\\\/kauppa\\\/#organization\"},\"potentialAction\":[{\"@type\":\"SearchAction\",\"target\":{\"@type\":\"EntryPoint\",\"urlTemplate\":\"https:\\\/\\\/safetypartners.fi\\\/kauppa\\\/?s={search_term_string}\"},\"query-input\":{\"@type\":\"PropertyValueSpecification\",\"valueRequired\":true,\"valueName\":\"search_term_string\"}}],\"inLanguage\":\"fi\"},{\"@type\":\"Organization\",\"@id\":\"https:\\\/\\\/safetypartners.fi\\\/kauppa\\\/#organization\",\"name\":\"Safety Partners | Suomen Sammutinpalvelu\",\"url\":\"https:\\\/\\\/safetypartners.fi\\\/kauppa\\\/\",\"logo\":{\"@type\":\"ImageObject\",\"inLanguage\":\"fi\",\"@id\":\"https:\\\/\\\/safetypartners.fi\\\/kauppa\\\/#\\\/schema\\\/logo\\\/image\\\/\",\"url\":\"https:\\\/\\\/safetypartners.fi\\\/kauppa\\\/wp-content\\\/uploads\\\/2020\\\/05\\\/cropped-Logoke-1.jpg\",\"contentUrl\":\"https:\\\/\\\/safetypartners.fi\\\/kauppa\\\/wp-content\\\/uploads\\\/2020\\\/05\\\/cropped-Logoke-1.jpg\",\"width\":847,\"height\":717,\"caption\":\"Safety Partners | Suomen Sammutinpalvelu\"},\"image\":{\"@id\":\"https:\\\/\\\/safetypartners.fi\\\/kauppa\\\/#\\\/schema\\\/logo\\\/image\\\/\"}}]}<\/script>\n<!-- \/ Yoast SEO plugin. -->","yoast_head_json":{"title":"\u200aHinausliina 6m 4500kg, Carman - Safety Partners","description":"Kest\u00e4v\u00e4 6m hinausliina tukee kuormaasi, pit\u00e4en sen paikallaan. Eritt\u00e4in luja pitovoima sek\u00e4 4500 kilogramman kapasiteetti.","robots":{"index":"index","follow":"follow","max-snippet":"max-snippet:-1","max-image-preview":"max-image-preview:large","max-video-preview":"max-video-preview:-1"},"canonical":"https:\/\/safetypartners.fi\/kauppa\/tuote\/hinausliina-6m-4500kg-carman","og_locale":"fi_FI","og_type":"article","og_title":"\u200aHinausliina 6m 4500kg, Carman - Safety Partners","og_description":"Kest\u00e4v\u00e4 6m hinausliina tukee kuormaasi, pit\u00e4en sen paikallaan. Eritt\u00e4in luja pitovoima sek\u00e4 4500 kilogramman kapasiteetti.","og_url":"https:\/\/safetypartners.fi\/kauppa\/tuote\/hinausliina-6m-4500kg-carman","og_site_name":"Safety Partners","article_modified_time":"2025-05-06T09:41:04+00:00","og_image":[{"width":1000,"height":667,"url":"https:\/\/safetypartners.fi\/kauppa\/wp-content\/uploads\/2025\/02\/Hinausliina-2.jpg","type":"image\/jpeg"}],"twitter_card":"summary_large_image","twitter_misc":{"Arvioitu lukuaika":"1 minuutti"},"schema":{"@context":"https:\/\/schema.org","@graph":[{"@type":"WebPage","@id":"https:\/\/safetypartners.fi\/kauppa\/tuote\/hinausliina-6m-4500kg-carman","url":"https:\/\/safetypartners.fi\/kauppa\/tuote\/hinausliina-6m-4500kg-carman","name":"\u200aHinausliina 6m 4500kg, Carman - Safety Partners","isPartOf":{"@id":"https:\/\/safetypartners.fi\/kauppa\/#website"},"primaryImageOfPage":{"@id":"https:\/\/safetypartners.fi\/kauppa\/tuote\/hinausliina-6m-4500kg-carman#primaryimage"},"image":{"@id":"https:\/\/safetypartners.fi\/kauppa\/tuote\/hinausliina-6m-4500kg-carman#primaryimage"},"thumbnailUrl":"https:\/\/safetypartners.fi\/kauppa\/wp-content\/uploads\/2025\/02\/Hinausliina-2.jpg","datePublished":"2025-02-28T08:20:06+00:00","dateModified":"2025-05-06T09:41:04+00:00","description":"Kest\u00e4v\u00e4 6m hinausliina tukee kuormaasi, pit\u00e4en sen paikallaan. Eritt\u00e4in luja pitovoima sek\u00e4 4500 kilogramman kapasiteetti.","breadcrumb":{"@id":"https:\/\/safetypartners.fi\/kauppa\/tuote\/hinausliina-6m-4500kg-carman#breadcrumb"},"inLanguage":"fi","potentialAction":[{"@type":"ReadAction","target":["https:\/\/safetypartners.fi\/kauppa\/tuote\/hinausliina-6m-4500kg-carman"]}]},{"@type":"ImageObject","inLanguage":"fi","@id":"https:\/\/safetypartners.fi\/kauppa\/tuote\/hinausliina-6m-4500kg-carman#primaryimage","url":"https:\/\/safetypartners.fi\/kauppa\/wp-content\/uploads\/2025\/02\/Hinausliina-2.jpg","contentUrl":"https:\/\/safetypartners.fi\/kauppa\/wp-content\/uploads\/2025\/02\/Hinausliina-2.jpg","width":1000,"height":667,"caption":"Luja pitovoima"},{"@type":"BreadcrumbList","@id":"https:\/\/safetypartners.fi\/kauppa\/tuote\/hinausliina-6m-4500kg-carman#breadcrumb","itemListElement":[{"@type":"ListItem","position":1,"name":"Home","item":"https:\/\/safetypartners.fi\/kauppa\/"},{"@type":"ListItem","position":2,"name":"Kauppa","item":"https:\/\/safetypartners.fi\/kauppa\/kauppa"},{"@type":"ListItem","position":3,"name":"\u200aHinausliina 6m 4500kg, Carman"}]},{"@type":"WebSite","@id":"https:\/\/safetypartners.fi\/kauppa\/#website","url":"https:\/\/safetypartners.fi\/kauppa\/","name":"Safety Partners","description":"Safety Partners turvakauppa palvelee verkossa 24\/7!","publisher":{"@id":"https:\/\/safetypartners.fi\/kauppa\/#organization"},"potentialAction":[{"@type":"SearchAction","target":{"@type":"EntryPoint","urlTemplate":"https:\/\/safetypartners.fi\/kauppa\/?s={search_term_string}"},"query-input":{"@type":"PropertyValueSpecification","valueRequired":true,"valueName":"search_term_string"}}],"inLanguage":"fi"},{"@type":"Organization","@id":"https:\/\/safetypartners.fi\/kauppa\/#organization","name":"Safety Partners | Suomen Sammutinpalvelu","url":"https:\/\/safetypartners.fi\/kauppa\/","logo":{"@type":"ImageObject","inLanguage":"fi","@id":"https:\/\/safetypartners.fi\/kauppa\/#\/schema\/logo\/image\/","url":"https:\/\/safetypartners.fi\/kauppa\/wp-content\/uploads\/2020\/05\/cropped-Logoke-1.jpg","contentUrl":"https:\/\/safetypartners.fi\/kauppa\/wp-content\/uploads\/2020\/05\/cropped-Logoke-1.jpg","width":847,"height":717,"caption":"Safety Partners | Suomen Sammutinpalvelu"},"image":{"@id":"https:\/\/safetypartners.fi\/kauppa\/#\/schema\/logo\/image\/"}}]}},"uagb_featured_image_src":{"full":["https:\/\/safetypartners.fi\/kauppa\/wp-content\/uploads\/2025\/02\/Hinausliina-2.jpg",1000,667,false],"thumbnail":["https:\/\/safetypartners.fi\/kauppa\/wp-content\/uploads\/2025\/02\/Hinausliina-2-150x150.jpg",150,150,true],"medium":["https:\/\/safetypartners.fi\/kauppa\/wp-content\/uploads\/2025\/02\/Hinausliina-2-300x200.jpg",300,200,true],"medium_large":["https:\/\/safetypartners.fi\/kauppa\/wp-content\/uploads\/2025\/02\/Hinausliina-2-768x512.jpg",768,512,true],"large":["https:\/\/safetypartners.fi\/kauppa\/wp-content\/uploads\/2025\/02\/Hinausliina-2.jpg",1000,667,false],"1536x1536":["https:\/\/safetypartners.fi\/kauppa\/wp-content\/uploads\/2025\/02\/Hinausliina-2.jpg",1000,667,false],"2048x2048":["https:\/\/safetypartners.fi\/kauppa\/wp-content\/uploads\/2025\/02\/Hinausliina-2.jpg",1000,667,false],"woocommerce_thumbnail":["https:\/\/safetypartners.fi\/kauppa\/wp-content\/uploads\/2025\/02\/Hinausliina-2-300x300.jpg",300,300,true],"woocommerce_single":["https:\/\/safetypartners.fi\/kauppa\/wp-content\/uploads\/2025\/02\/Hinausliina-2-600x400.jpg",600,400,true],"woocommerce_gallery_thumbnail":["https:\/\/safetypartners.fi\/kauppa\/wp-content\/uploads\/2025\/02\/Hinausliina-2-100x100.jpg",100,100,true]},"uagb_author_info":{"display_name":"Anu Lehto","author_link":"https:\/\/safetypartners.fi\/kauppa\/author"},"uagb_comment_info":0,"uagb_excerpt":"Carman 6m x 5cm hinausliina tukee kuormaasi, pit\u00e4en sen paikallaan. Hinausliinassa on eritt\u00e4in luja pitovoima sek\u00e4 4500 kilogramman kapasiteetti. Kuormitusraja 2250 kg.","_links":{"self":[{"href":"https:\/\/safetypartners.fi\/kauppa\/wp-json\/wp\/v2\/product\/2566","targetHints":{"allow":["GET"]}}],"collection":[{"href":"https:\/\/safetypartners.fi\/kauppa\/wp-json\/wp\/v2\/product"}],"about":[{"href":"https:\/\/safetypartners.fi\/kauppa\/wp-json\/wp\/v2\/types\/product"}],"replies":[{"embeddable":true,"href":"https:\/\/safetypartners.fi\/kauppa\/wp-json\/wp\/v2\/comments?post=2566"}],"version-history":[{"count":1,"href":"https:\/\/safetypartners.fi\/kauppa\/wp-json\/wp\/v2\/product\/2566\/revisions"}],"predecessor-version":[{"id":2569,"href":"https:\/\/safetypartners.fi\/kauppa\/wp-json\/wp\/v2\/product\/2566\/revisions\/2569"}],"wp:featuredmedia":[{"embeddable":true,"href":"https:\/\/safetypartners.fi\/kauppa\/wp-json\/wp\/v2\/media\/2568"}],"wp:attachment":[{"href":"https:\/\/safetypartners.fi\/kauppa\/wp-json\/wp\/v2\/media?parent=2566"}],"wp:term":[{"taxonomy":"product_brand","embeddable":true,"href":"https:\/\/safetypartners.fi\/kauppa\/wp-json\/wp\/v2\/product_brand?post=2566"},{"taxonomy":"product_cat","embeddable":true,"href":"https:\/\/safetypartners.fi\/kauppa\/wp-json\/wp\/v2\/product_cat?post=2566"},{"taxonomy":"product_tag","embeddable":true,"href":"https:\/\/safetypartners.fi\/kauppa\/wp-json\/wp\/v2\/product_tag?post=2566"}],"curies":[{"name":"wp","href":"https:\/\/api.w.org\/{rel}","templated":true}]}}