{"id":2637,"date":"2025-03-24T13:40:17","date_gmt":"2025-03-24T11:40:17","guid":{"rendered":"https:\/\/safetypartners.fi\/kauppa\/?post_type=product&#038;p=2637"},"modified":"2025-09-04T15:10:19","modified_gmt":"2025-09-04T12:10:19","slug":"salvequick-kangaslaastari-6-x-45-kpl","status":"publish","type":"product","link":"https:\/\/safetypartners.fi\/kauppa\/tuote\/salvequick-kangaslaastari-6-x-45-kpl","title":{"rendered":"Salvequick kangaslaastari 6 x 45 kpl"},"content":{"rendered":"<p>K\u00c4YTT\u00d6OHJE<br \/>\nEnnen laastarin asettamista paikoilleen, puhdista ensin haava ja varmista ettei se ole tulehtunut. Huolehdi k\u00e4sihygieniasta. Vaihda laastari p\u00e4ivitt\u00e4in.<\/p>\n<p><strong>Sis\u00e4lt\u00f6:<\/strong><\/p>\n<p>6 x 24 kpl kangaslaastari (72 x 19 mm)<br \/>\n6 x 16 kpl kangaslaastari (72 x 25 mm)<\/p>\n<p>Pakkaus sis\u00e4lt\u00e4\u00e4 6 t\u00e4ytt\u00f6kasettia, joista jokaisessa 45 laastaria. Jokaisessa kasetissa on kahden kokoisia laastareita. Laastarikasetin (viuhkan) voi laittaa sellaisenaan ensiapukaappiin.<\/p>\n<p>&nbsp;<\/p>\n","protected":false},"excerpt":{"rendered":"<p><strong>Salvequick kangaslaastari<\/strong> on joustava ja korkealaatuinen, allergiatestattu laastari. Yksitt\u00e4inen laastari on k\u00e4tev\u00e4sti vedett\u00e4viss\u00e4 ulos viuhkasta ja helppo asettaa paikalleen. Miellytt\u00e4v\u00e4 k\u00e4yt\u00f6ss\u00e4.<\/p>\n<p>Sopii t\u00e4ydennyksen\u00e4 <a href=\"https:\/\/safetypartners.fi\/kauppa\/tuote\/laastariautomaatti-salvequick\">Salvequick laastariautomaattiin<\/a>.<\/p>\n<p>Pakkauksessa on kahden kokoisia laastareita. Sis\u00e4lt\u00e4\u00e4 6 viuhkaa.<\/p>\n","protected":false},"featured_media":2638,"comment_status":"open","ping_status":"closed","template":"","meta":{"_uag_custom_page_level_css":"","site-sidebar-layout":"default","site-content-layout":"default","ast-site-content-layout":"default","site-content-style":"default","site-sidebar-style":"default","ast-global-header-display":"","ast-banner-title-visibility":"","ast-main-header-display":"","ast-hfb-above-header-display":"","ast-hfb-below-header-display":"","ast-hfb-mobile-header-display":"","site-post-title":"","ast-breadcrumbs-content":"","ast-featured-img":"","footer-sml-layout":"","ast-disable-related-posts":"","theme-transparent-header-meta":"default","adv-header-id-meta":"","stick-header-meta":"default","header-above-stick-meta":"","header-main-stick-meta":"","header-below-stick-meta":"","astra-migrate-meta-layouts":"set","ast-page-background-enabled":"default","ast-page-background-meta":{"desktop":{"background-color":"","background-image":"","background-repeat":"repeat","background-position":"center center","background-size":"auto","background-attachment":"scroll","background-type":"","background-media":"","overlay-type":"","overlay-color":"","overlay-opacity":"","overlay-gradient":""},"tablet":{"background-color":"","background-image":"","background-repeat":"repeat","background-position":"center center","background-size":"auto","background-attachment":"scroll","background-type":"","background-media":"","overlay-type":"","overlay-color":"","overlay-opacity":"","overlay-gradient":""},"mobile":{"background-color":"","background-image":"","background-repeat":"repeat","background-position":"center center","background-size":"auto","background-attachment":"scroll","background-type":"","background-media":"","overlay-type":"","overlay-color":"","overlay-opacity":"","overlay-gradient":""}},"ast-content-background-meta":{"desktop":{"background-color":"var(--ast-global-color-5)","background-image":"","background-repeat":"repeat","background-position":"center center","background-size":"auto","background-attachment":"scroll","background-type":"","background-media":"","overlay-type":"","overlay-color":"","overlay-opacity":"","overlay-gradient":""},"tablet":{"background-color":"var(--ast-global-color-5)","background-image":"","background-repeat":"repeat","background-position":"center center","background-size":"auto","background-attachment":"scroll","background-type":"","background-media":"","overlay-type":"","overlay-color":"","overlay-opacity":"","overlay-gradient":""},"mobile":{"background-color":"var(--ast-global-color-5)","background-image":"","background-repeat":"repeat","background-position":"center center","background-size":"auto","background-attachment":"scroll","background-type":"","background-media":"","overlay-type":"","overlay-color":"","overlay-opacity":"","overlay-gradient":""}}},"product_brand":[],"product_cat":[42,15],"product_tag":[906,93,120,908,865,205,337,166,150,907],"class_list":{"0":"post-2637","1":"product","2":"type-product","3":"status-publish","4":"has-post-thumbnail","6":"product_cat-ensiapu","7":"product_cat-yleinen","8":"product_tag-allergiatestattu","9":"product_tag-cederroth","10":"product_tag-ensiapu","11":"product_tag-ensiapukaappiin","12":"product_tag-joustava","13":"product_tag-kangaslaastari","14":"product_tag-laadukas","15":"product_tag-laastari","16":"product_tag-salvequick","17":"product_tag-viuhka","18":"product_shipping_class-suomi","19":"desktop-align-center","20":"tablet-align-center","21":"mobile-align-center","22":"ast-product-gallery-layout-horizontal-slider","23":"ast-product-gallery-with-no-image","24":"ast-product-tabs-layout-horizontal","26":"first","27":"instock","28":"taxable","29":"shipping-taxable","30":"purchasable","31":"product-type-simple"},"yoast_head":"<!-- This site is optimized with the Yoast SEO plugin v27.3 - https:\/\/yoast.com\/product\/yoast-seo-wordpress\/ -->\n<title>Salvequick kangaslaastari 6 x 45 kpl - Safety Partners<\/title>\n<meta name=\"description\" content=\"Joustava ja korkealaatuinen, allergiatestattu kangaslaastari. Helppo asettaa paikoilleen. Isosta pakkauksesta riitt\u00e4\u00e4 kotiin, ty\u00f6paikalle ja m\u00f6kille.\" \/>\n<meta name=\"robots\" content=\"index, follow, max-snippet:-1, max-image-preview:large, max-video-preview:-1\" \/>\n<link rel=\"canonical\" href=\"https:\/\/safetypartners.fi\/kauppa\/tuote\/salvequick-kangaslaastari-6-x-45-kpl\" \/>\n<meta property=\"og:locale\" content=\"fi_FI\" \/>\n<meta property=\"og:type\" content=\"article\" \/>\n<meta property=\"og:title\" content=\"Salvequick kangaslaastari 6 x 45 kpl - Safety Partners\" \/>\n<meta property=\"og:description\" content=\"Joustava ja korkealaatuinen, allergiatestattu kangaslaastari. Helppo asettaa paikoilleen. Isosta pakkauksesta riitt\u00e4\u00e4 kotiin, ty\u00f6paikalle ja m\u00f6kille.\" \/>\n<meta property=\"og:url\" content=\"https:\/\/safetypartners.fi\/kauppa\/tuote\/salvequick-kangaslaastari-6-x-45-kpl\" \/>\n<meta property=\"og:site_name\" content=\"Safety Partners\" \/>\n<meta property=\"article:modified_time\" content=\"2025-09-04T12:10:19+00:00\" \/>\n<meta property=\"og:image\" content=\"https:\/\/safetypartners.fi\/kauppa\/wp-content\/uploads\/2025\/03\/6444_kangaslaastari.jpg\" \/>\n\t<meta property=\"og:image:width\" content=\"611\" \/>\n\t<meta property=\"og:image:height\" content=\"671\" \/>\n\t<meta property=\"og:image:type\" content=\"image\/jpeg\" \/>\n<meta name=\"twitter:card\" content=\"summary_large_image\" \/>\n<meta name=\"twitter:label1\" content=\"Arvioitu lukuaika\" \/>\n\t<meta name=\"twitter:data1\" content=\"1 minuutti\" \/>\n<script type=\"application\/ld+json\" class=\"yoast-schema-graph\">{\"@context\":\"https:\\\/\\\/schema.org\",\"@graph\":[{\"@type\":\"WebPage\",\"@id\":\"https:\\\/\\\/safetypartners.fi\\\/kauppa\\\/tuote\\\/salvequick-kangaslaastari-6-x-45-kpl\",\"url\":\"https:\\\/\\\/safetypartners.fi\\\/kauppa\\\/tuote\\\/salvequick-kangaslaastari-6-x-45-kpl\",\"name\":\"Salvequick kangaslaastari 6 x 45 kpl - Safety Partners\",\"isPartOf\":{\"@id\":\"https:\\\/\\\/safetypartners.fi\\\/kauppa\\\/#website\"},\"primaryImageOfPage\":{\"@id\":\"https:\\\/\\\/safetypartners.fi\\\/kauppa\\\/tuote\\\/salvequick-kangaslaastari-6-x-45-kpl#primaryimage\"},\"image\":{\"@id\":\"https:\\\/\\\/safetypartners.fi\\\/kauppa\\\/tuote\\\/salvequick-kangaslaastari-6-x-45-kpl#primaryimage\"},\"thumbnailUrl\":\"https:\\\/\\\/safetypartners.fi\\\/kauppa\\\/wp-content\\\/uploads\\\/2025\\\/03\\\/6444_kangaslaastari.jpg\",\"datePublished\":\"2025-03-24T11:40:17+00:00\",\"dateModified\":\"2025-09-04T12:10:19+00:00\",\"description\":\"Joustava ja korkealaatuinen, allergiatestattu kangaslaastari. Helppo asettaa paikoilleen. Isosta pakkauksesta riitt\u00e4\u00e4 kotiin, ty\u00f6paikalle ja m\u00f6kille.\",\"breadcrumb\":{\"@id\":\"https:\\\/\\\/safetypartners.fi\\\/kauppa\\\/tuote\\\/salvequick-kangaslaastari-6-x-45-kpl#breadcrumb\"},\"inLanguage\":\"fi\",\"potentialAction\":[{\"@type\":\"ReadAction\",\"target\":[\"https:\\\/\\\/safetypartners.fi\\\/kauppa\\\/tuote\\\/salvequick-kangaslaastari-6-x-45-kpl\"]}]},{\"@type\":\"ImageObject\",\"inLanguage\":\"fi\",\"@id\":\"https:\\\/\\\/safetypartners.fi\\\/kauppa\\\/tuote\\\/salvequick-kangaslaastari-6-x-45-kpl#primaryimage\",\"url\":\"https:\\\/\\\/safetypartners.fi\\\/kauppa\\\/wp-content\\\/uploads\\\/2025\\\/03\\\/6444_kangaslaastari.jpg\",\"contentUrl\":\"https:\\\/\\\/safetypartners.fi\\\/kauppa\\\/wp-content\\\/uploads\\\/2025\\\/03\\\/6444_kangaslaastari.jpg\",\"width\":611,\"height\":671,\"caption\":\"Laadukas laastariviuhka\"},{\"@type\":\"BreadcrumbList\",\"@id\":\"https:\\\/\\\/safetypartners.fi\\\/kauppa\\\/tuote\\\/salvequick-kangaslaastari-6-x-45-kpl#breadcrumb\",\"itemListElement\":[{\"@type\":\"ListItem\",\"position\":1,\"name\":\"Home\",\"item\":\"https:\\\/\\\/safetypartners.fi\\\/kauppa\\\/\"},{\"@type\":\"ListItem\",\"position\":2,\"name\":\"Kauppa\",\"item\":\"https:\\\/\\\/safetypartners.fi\\\/kauppa\\\/kauppa\"},{\"@type\":\"ListItem\",\"position\":3,\"name\":\"Salvequick kangaslaastari 6 x 45 kpl\"}]},{\"@type\":\"WebSite\",\"@id\":\"https:\\\/\\\/safetypartners.fi\\\/kauppa\\\/#website\",\"url\":\"https:\\\/\\\/safetypartners.fi\\\/kauppa\\\/\",\"name\":\"Safety Partners\",\"description\":\"Safety Partners turvakauppa palvelee verkossa 24\\\/7!\",\"publisher\":{\"@id\":\"https:\\\/\\\/safetypartners.fi\\\/kauppa\\\/#organization\"},\"potentialAction\":[{\"@type\":\"SearchAction\",\"target\":{\"@type\":\"EntryPoint\",\"urlTemplate\":\"https:\\\/\\\/safetypartners.fi\\\/kauppa\\\/?s={search_term_string}\"},\"query-input\":{\"@type\":\"PropertyValueSpecification\",\"valueRequired\":true,\"valueName\":\"search_term_string\"}}],\"inLanguage\":\"fi\"},{\"@type\":\"Organization\",\"@id\":\"https:\\\/\\\/safetypartners.fi\\\/kauppa\\\/#organization\",\"name\":\"Safety Partners | Suomen Sammutinpalvelu\",\"url\":\"https:\\\/\\\/safetypartners.fi\\\/kauppa\\\/\",\"logo\":{\"@type\":\"ImageObject\",\"inLanguage\":\"fi\",\"@id\":\"https:\\\/\\\/safetypartners.fi\\\/kauppa\\\/#\\\/schema\\\/logo\\\/image\\\/\",\"url\":\"https:\\\/\\\/safetypartners.fi\\\/kauppa\\\/wp-content\\\/uploads\\\/2020\\\/05\\\/cropped-Logoke-1.jpg\",\"contentUrl\":\"https:\\\/\\\/safetypartners.fi\\\/kauppa\\\/wp-content\\\/uploads\\\/2020\\\/05\\\/cropped-Logoke-1.jpg\",\"width\":847,\"height\":717,\"caption\":\"Safety Partners | Suomen Sammutinpalvelu\"},\"image\":{\"@id\":\"https:\\\/\\\/safetypartners.fi\\\/kauppa\\\/#\\\/schema\\\/logo\\\/image\\\/\"}}]}<\/script>\n<!-- \/ Yoast SEO plugin. -->","yoast_head_json":{"title":"Salvequick kangaslaastari 6 x 45 kpl - Safety Partners","description":"Joustava ja korkealaatuinen, allergiatestattu kangaslaastari. Helppo asettaa paikoilleen. Isosta pakkauksesta riitt\u00e4\u00e4 kotiin, ty\u00f6paikalle ja m\u00f6kille.","robots":{"index":"index","follow":"follow","max-snippet":"max-snippet:-1","max-image-preview":"max-image-preview:large","max-video-preview":"max-video-preview:-1"},"canonical":"https:\/\/safetypartners.fi\/kauppa\/tuote\/salvequick-kangaslaastari-6-x-45-kpl","og_locale":"fi_FI","og_type":"article","og_title":"Salvequick kangaslaastari 6 x 45 kpl - Safety Partners","og_description":"Joustava ja korkealaatuinen, allergiatestattu kangaslaastari. Helppo asettaa paikoilleen. Isosta pakkauksesta riitt\u00e4\u00e4 kotiin, ty\u00f6paikalle ja m\u00f6kille.","og_url":"https:\/\/safetypartners.fi\/kauppa\/tuote\/salvequick-kangaslaastari-6-x-45-kpl","og_site_name":"Safety Partners","article_modified_time":"2025-09-04T12:10:19+00:00","og_image":[{"width":611,"height":671,"url":"https:\/\/safetypartners.fi\/kauppa\/wp-content\/uploads\/2025\/03\/6444_kangaslaastari.jpg","type":"image\/jpeg"}],"twitter_card":"summary_large_image","twitter_misc":{"Arvioitu lukuaika":"1 minuutti"},"schema":{"@context":"https:\/\/schema.org","@graph":[{"@type":"WebPage","@id":"https:\/\/safetypartners.fi\/kauppa\/tuote\/salvequick-kangaslaastari-6-x-45-kpl","url":"https:\/\/safetypartners.fi\/kauppa\/tuote\/salvequick-kangaslaastari-6-x-45-kpl","name":"Salvequick kangaslaastari 6 x 45 kpl - Safety Partners","isPartOf":{"@id":"https:\/\/safetypartners.fi\/kauppa\/#website"},"primaryImageOfPage":{"@id":"https:\/\/safetypartners.fi\/kauppa\/tuote\/salvequick-kangaslaastari-6-x-45-kpl#primaryimage"},"image":{"@id":"https:\/\/safetypartners.fi\/kauppa\/tuote\/salvequick-kangaslaastari-6-x-45-kpl#primaryimage"},"thumbnailUrl":"https:\/\/safetypartners.fi\/kauppa\/wp-content\/uploads\/2025\/03\/6444_kangaslaastari.jpg","datePublished":"2025-03-24T11:40:17+00:00","dateModified":"2025-09-04T12:10:19+00:00","description":"Joustava ja korkealaatuinen, allergiatestattu kangaslaastari. Helppo asettaa paikoilleen. Isosta pakkauksesta riitt\u00e4\u00e4 kotiin, ty\u00f6paikalle ja m\u00f6kille.","breadcrumb":{"@id":"https:\/\/safetypartners.fi\/kauppa\/tuote\/salvequick-kangaslaastari-6-x-45-kpl#breadcrumb"},"inLanguage":"fi","potentialAction":[{"@type":"ReadAction","target":["https:\/\/safetypartners.fi\/kauppa\/tuote\/salvequick-kangaslaastari-6-x-45-kpl"]}]},{"@type":"ImageObject","inLanguage":"fi","@id":"https:\/\/safetypartners.fi\/kauppa\/tuote\/salvequick-kangaslaastari-6-x-45-kpl#primaryimage","url":"https:\/\/safetypartners.fi\/kauppa\/wp-content\/uploads\/2025\/03\/6444_kangaslaastari.jpg","contentUrl":"https:\/\/safetypartners.fi\/kauppa\/wp-content\/uploads\/2025\/03\/6444_kangaslaastari.jpg","width":611,"height":671,"caption":"Laadukas laastariviuhka"},{"@type":"BreadcrumbList","@id":"https:\/\/safetypartners.fi\/kauppa\/tuote\/salvequick-kangaslaastari-6-x-45-kpl#breadcrumb","itemListElement":[{"@type":"ListItem","position":1,"name":"Home","item":"https:\/\/safetypartners.fi\/kauppa\/"},{"@type":"ListItem","position":2,"name":"Kauppa","item":"https:\/\/safetypartners.fi\/kauppa\/kauppa"},{"@type":"ListItem","position":3,"name":"Salvequick kangaslaastari 6 x 45 kpl"}]},{"@type":"WebSite","@id":"https:\/\/safetypartners.fi\/kauppa\/#website","url":"https:\/\/safetypartners.fi\/kauppa\/","name":"Safety Partners","description":"Safety Partners turvakauppa palvelee verkossa 24\/7!","publisher":{"@id":"https:\/\/safetypartners.fi\/kauppa\/#organization"},"potentialAction":[{"@type":"SearchAction","target":{"@type":"EntryPoint","urlTemplate":"https:\/\/safetypartners.fi\/kauppa\/?s={search_term_string}"},"query-input":{"@type":"PropertyValueSpecification","valueRequired":true,"valueName":"search_term_string"}}],"inLanguage":"fi"},{"@type":"Organization","@id":"https:\/\/safetypartners.fi\/kauppa\/#organization","name":"Safety Partners | Suomen Sammutinpalvelu","url":"https:\/\/safetypartners.fi\/kauppa\/","logo":{"@type":"ImageObject","inLanguage":"fi","@id":"https:\/\/safetypartners.fi\/kauppa\/#\/schema\/logo\/image\/","url":"https:\/\/safetypartners.fi\/kauppa\/wp-content\/uploads\/2020\/05\/cropped-Logoke-1.jpg","contentUrl":"https:\/\/safetypartners.fi\/kauppa\/wp-content\/uploads\/2020\/05\/cropped-Logoke-1.jpg","width":847,"height":717,"caption":"Safety Partners | Suomen Sammutinpalvelu"},"image":{"@id":"https:\/\/safetypartners.fi\/kauppa\/#\/schema\/logo\/image\/"}}]}},"uagb_featured_image_src":{"full":["https:\/\/safetypartners.fi\/kauppa\/wp-content\/uploads\/2025\/03\/6444_kangaslaastari.jpg",611,671,false],"thumbnail":["https:\/\/safetypartners.fi\/kauppa\/wp-content\/uploads\/2025\/03\/6444_kangaslaastari-150x150.jpg",150,150,true],"medium":["https:\/\/safetypartners.fi\/kauppa\/wp-content\/uploads\/2025\/03\/6444_kangaslaastari-273x300.jpg",273,300,true],"medium_large":["https:\/\/safetypartners.fi\/kauppa\/wp-content\/uploads\/2025\/03\/6444_kangaslaastari.jpg",611,671,false],"large":["https:\/\/safetypartners.fi\/kauppa\/wp-content\/uploads\/2025\/03\/6444_kangaslaastari.jpg",611,671,false],"1536x1536":["https:\/\/safetypartners.fi\/kauppa\/wp-content\/uploads\/2025\/03\/6444_kangaslaastari.jpg",611,671,false],"2048x2048":["https:\/\/safetypartners.fi\/kauppa\/wp-content\/uploads\/2025\/03\/6444_kangaslaastari.jpg",611,671,false],"woocommerce_thumbnail":["https:\/\/safetypartners.fi\/kauppa\/wp-content\/uploads\/2025\/03\/6444_kangaslaastari-300x300.jpg",300,300,true],"woocommerce_single":["https:\/\/safetypartners.fi\/kauppa\/wp-content\/uploads\/2025\/03\/6444_kangaslaastari-600x659.jpg",600,659,true],"woocommerce_gallery_thumbnail":["https:\/\/safetypartners.fi\/kauppa\/wp-content\/uploads\/2025\/03\/6444_kangaslaastari-100x100.jpg",100,100,true]},"uagb_author_info":{"display_name":"Anu Lehto","author_link":"https:\/\/safetypartners.fi\/kauppa\/author"},"uagb_comment_info":0,"uagb_excerpt":"Salvequick kangaslaastari on joustava ja korkealaatuinen, allergiatestattu laastari. Yksitt\u00e4inen laastari on k\u00e4tev\u00e4sti vedett\u00e4viss\u00e4 ulos viuhkasta ja helppo asettaa paikalleen. Miellytt\u00e4v\u00e4 k\u00e4yt\u00f6ss\u00e4. Sopii t\u00e4ydennyksen\u00e4 Salvequick laastariautomaattiin. Pakkauksessa on kahden kokoisia laastareita. Sis\u00e4lt\u00e4\u00e4 6 viuhkaa.","_links":{"self":[{"href":"https:\/\/safetypartners.fi\/kauppa\/wp-json\/wp\/v2\/product\/2637","targetHints":{"allow":["GET"]}}],"collection":[{"href":"https:\/\/safetypartners.fi\/kauppa\/wp-json\/wp\/v2\/product"}],"about":[{"href":"https:\/\/safetypartners.fi\/kauppa\/wp-json\/wp\/v2\/types\/product"}],"replies":[{"embeddable":true,"href":"https:\/\/safetypartners.fi\/kauppa\/wp-json\/wp\/v2\/comments?post=2637"}],"version-history":[{"count":1,"href":"https:\/\/safetypartners.fi\/kauppa\/wp-json\/wp\/v2\/product\/2637\/revisions"}],"predecessor-version":[{"id":2639,"href":"https:\/\/safetypartners.fi\/kauppa\/wp-json\/wp\/v2\/product\/2637\/revisions\/2639"}],"wp:featuredmedia":[{"embeddable":true,"href":"https:\/\/safetypartners.fi\/kauppa\/wp-json\/wp\/v2\/media\/2638"}],"wp:attachment":[{"href":"https:\/\/safetypartners.fi\/kauppa\/wp-json\/wp\/v2\/media?parent=2637"}],"wp:term":[{"taxonomy":"product_brand","embeddable":true,"href":"https:\/\/safetypartners.fi\/kauppa\/wp-json\/wp\/v2\/product_brand?post=2637"},{"taxonomy":"product_cat","embeddable":true,"href":"https:\/\/safetypartners.fi\/kauppa\/wp-json\/wp\/v2\/product_cat?post=2637"},{"taxonomy":"product_tag","embeddable":true,"href":"https:\/\/safetypartners.fi\/kauppa\/wp-json\/wp\/v2\/product_tag?post=2637"}],"curies":[{"name":"wp","href":"https:\/\/api.w.org\/{rel}","templated":true}]}}