{"id":2646,"date":"2025-03-24T15:13:14","date_gmt":"2025-03-24T13:13:14","guid":{"rendered":"https:\/\/safetypartners.fi\/kauppa\/?post_type=product&#038;p=2646"},"modified":"2026-02-02T11:12:14","modified_gmt":"2026-02-02T09:12:14","slug":"salvequick-leikattava-kangaslaastari","status":"publish","type":"product","link":"https:\/\/safetypartners.fi\/kauppa\/tuote\/salvequick-leikattava-kangaslaastari","title":{"rendered":"Salvequick leikattava kangaslaastari"},"content":{"rendered":"<p>Korkealaatuinen, allergiatestattu rullalaastari monipuoliseen k\u00e4ytt\u00f6\u00f6n. Helposti leikattavissa oikeaan kokoon.<\/p>\n<p>K\u00c4YTT\u00d6OHJE<br \/>\nEnnen laastarin asettamista paikoilleen, puhdista ensin haava ja varmista ettei se ole tulehtunut. Huolehdi k\u00e4sihygieniasta. Vaihda laastari p\u00e4ivitt\u00e4in.<\/p>\n<p><strong>Sis\u00e4lt\u00f6:<\/strong><\/p>\n<p>Kangaslaastarirulla 5 m x 6 cm,<br \/>\nhaavatyyny-osuus 5 m x 2 cm<\/p>\n","protected":false},"excerpt":{"rendered":"<p><strong>Salvequickin leikattava kangaslaastari<\/strong> on helposti saksilla r\u00e4\u00e4t\u00e4l\u00f6it\u00e4viss\u00e4 sopivaan kokoon. Materiaali on venyv\u00e4\u00e4 ja sopii n\u00e4in loistavasti esimerkiksi kyyn\u00e4rp\u00e4iden tai polvien laastariksi. Pakkaus sis\u00e4lt\u00e4\u00e4 5 metri\u00e4 6 cm levyist\u00e4, allergiatestattua laastaria.<\/p>\n","protected":false},"featured_media":2648,"comment_status":"open","ping_status":"closed","template":"","meta":{"_uag_custom_page_level_css":"","site-sidebar-layout":"default","site-content-layout":"default","ast-site-content-layout":"default","site-content-style":"default","site-sidebar-style":"default","ast-global-header-display":"","ast-banner-title-visibility":"","ast-main-header-display":"","ast-hfb-above-header-display":"","ast-hfb-below-header-display":"","ast-hfb-mobile-header-display":"","site-post-title":"","ast-breadcrumbs-content":"","ast-featured-img":"","footer-sml-layout":"","ast-disable-related-posts":"","theme-transparent-header-meta":"default","adv-header-id-meta":"","stick-header-meta":"default","header-above-stick-meta":"","header-main-stick-meta":"","header-below-stick-meta":"","astra-migrate-meta-layouts":"set","ast-page-background-enabled":"default","ast-page-background-meta":{"desktop":{"background-color":"","background-image":"","background-repeat":"repeat","background-position":"center center","background-size":"auto","background-attachment":"scroll","background-type":"","background-media":"","overlay-type":"","overlay-color":"","overlay-opacity":"","overlay-gradient":""},"tablet":{"background-color":"","background-image":"","background-repeat":"repeat","background-position":"center center","background-size":"auto","background-attachment":"scroll","background-type":"","background-media":"","overlay-type":"","overlay-color":"","overlay-opacity":"","overlay-gradient":""},"mobile":{"background-color":"","background-image":"","background-repeat":"repeat","background-position":"center center","background-size":"auto","background-attachment":"scroll","background-type":"","background-media":"","overlay-type":"","overlay-color":"","overlay-opacity":"","overlay-gradient":""}},"ast-content-background-meta":{"desktop":{"background-color":"var(--ast-global-color-5)","background-image":"","background-repeat":"repeat","background-position":"center center","background-size":"auto","background-attachment":"scroll","background-type":"","background-media":"","overlay-type":"","overlay-color":"","overlay-opacity":"","overlay-gradient":""},"tablet":{"background-color":"var(--ast-global-color-5)","background-image":"","background-repeat":"repeat","background-position":"center center","background-size":"auto","background-attachment":"scroll","background-type":"","background-media":"","overlay-type":"","overlay-color":"","overlay-opacity":"","overlay-gradient":""},"mobile":{"background-color":"var(--ast-global-color-5)","background-image":"","background-repeat":"repeat","background-position":"center center","background-size":"auto","background-attachment":"scroll","background-type":"","background-media":"","overlay-type":"","overlay-color":"","overlay-opacity":"","overlay-gradient":""}}},"product_brand":[],"product_cat":[42,15],"product_tag":[906,93,120,865,205,337,166,1143,1144,150,1243],"class_list":{"0":"post-2646","1":"product","2":"type-product","3":"status-publish","4":"has-post-thumbnail","6":"product_cat-ensiapu","7":"product_cat-yleinen","8":"product_tag-allergiatestattu","9":"product_tag-cederroth","10":"product_tag-ensiapu","11":"product_tag-joustava","12":"product_tag-kangaslaastari","13":"product_tag-laadukas","14":"product_tag-laastari","15":"product_tag-leikattava","16":"product_tag-rulla","17":"product_tag-salvequick","18":"product_tag-varautuminen","19":"product_shipping_class-suomi","20":"desktop-align-center","21":"tablet-align-center","22":"mobile-align-center","23":"ast-product-gallery-layout-horizontal-slider","24":"ast-product-tabs-layout-horizontal","26":"first","27":"instock","28":"taxable","29":"shipping-taxable","30":"purchasable","31":"product-type-simple"},"yoast_head":"<!-- This site is optimized with the Yoast SEO plugin v27.3 - https:\/\/yoast.com\/product\/yoast-seo-wordpress\/ -->\n<title>Salvequick leikattava kangaslaastari - Safety Partners<\/title>\n<meta name=\"description\" content=\"Joustava ja korkealaatuinen, allergiatestattu kangaslaastari. Helppo asettaa paikoilleen. Isosta pakkauksesta riitt\u00e4\u00e4 kotiin, ty\u00f6paikalle ja m\u00f6kille.\" \/>\n<meta name=\"robots\" content=\"index, follow, max-snippet:-1, max-image-preview:large, max-video-preview:-1\" \/>\n<link rel=\"canonical\" href=\"https:\/\/safetypartners.fi\/kauppa\/tuote\/salvequick-leikattava-kangaslaastari\" \/>\n<meta property=\"og:locale\" content=\"fi_FI\" \/>\n<meta property=\"og:type\" content=\"article\" \/>\n<meta property=\"og:title\" content=\"Salvequick leikattava kangaslaastari - Safety Partners\" \/>\n<meta property=\"og:description\" content=\"Joustava ja korkealaatuinen, allergiatestattu kangaslaastari. Helppo asettaa paikoilleen. Isosta pakkauksesta riitt\u00e4\u00e4 kotiin, ty\u00f6paikalle ja m\u00f6kille.\" \/>\n<meta property=\"og:url\" content=\"https:\/\/safetypartners.fi\/kauppa\/tuote\/salvequick-leikattava-kangaslaastari\" \/>\n<meta property=\"og:site_name\" content=\"Safety Partners\" \/>\n<meta property=\"article:modified_time\" content=\"2026-02-02T09:12:14+00:00\" \/>\n<meta property=\"og:image\" content=\"https:\/\/safetypartners.fi\/kauppa\/wp-content\/uploads\/2025\/03\/tekstiili_elastinen_laastari-e1742822630282.jpg\" \/>\n\t<meta property=\"og:image:width\" content=\"1005\" \/>\n\t<meta property=\"og:image:height\" content=\"762\" \/>\n\t<meta property=\"og:image:type\" content=\"image\/jpeg\" \/>\n<meta name=\"twitter:card\" content=\"summary_large_image\" \/>\n<meta name=\"twitter:label1\" content=\"Arvioitu lukuaika\" \/>\n\t<meta name=\"twitter:data1\" content=\"1 minuutti\" \/>\n<script type=\"application\/ld+json\" class=\"yoast-schema-graph\">{\"@context\":\"https:\\\/\\\/schema.org\",\"@graph\":[{\"@type\":\"WebPage\",\"@id\":\"https:\\\/\\\/safetypartners.fi\\\/kauppa\\\/tuote\\\/salvequick-leikattava-kangaslaastari\",\"url\":\"https:\\\/\\\/safetypartners.fi\\\/kauppa\\\/tuote\\\/salvequick-leikattava-kangaslaastari\",\"name\":\"Salvequick leikattava kangaslaastari - Safety Partners\",\"isPartOf\":{\"@id\":\"https:\\\/\\\/safetypartners.fi\\\/kauppa\\\/#website\"},\"primaryImageOfPage\":{\"@id\":\"https:\\\/\\\/safetypartners.fi\\\/kauppa\\\/tuote\\\/salvequick-leikattava-kangaslaastari#primaryimage\"},\"image\":{\"@id\":\"https:\\\/\\\/safetypartners.fi\\\/kauppa\\\/tuote\\\/salvequick-leikattava-kangaslaastari#primaryimage\"},\"thumbnailUrl\":\"https:\\\/\\\/safetypartners.fi\\\/kauppa\\\/wp-content\\\/uploads\\\/2025\\\/03\\\/tekstiili_elastinen_laastari-e1742822630282.jpg\",\"datePublished\":\"2025-03-24T13:13:14+00:00\",\"dateModified\":\"2026-02-02T09:12:14+00:00\",\"description\":\"Joustava ja korkealaatuinen, allergiatestattu kangaslaastari. Helppo asettaa paikoilleen. Isosta pakkauksesta riitt\u00e4\u00e4 kotiin, ty\u00f6paikalle ja m\u00f6kille.\",\"breadcrumb\":{\"@id\":\"https:\\\/\\\/safetypartners.fi\\\/kauppa\\\/tuote\\\/salvequick-leikattava-kangaslaastari#breadcrumb\"},\"inLanguage\":\"fi\",\"potentialAction\":[{\"@type\":\"ReadAction\",\"target\":[\"https:\\\/\\\/safetypartners.fi\\\/kauppa\\\/tuote\\\/salvequick-leikattava-kangaslaastari\"]}]},{\"@type\":\"ImageObject\",\"inLanguage\":\"fi\",\"@id\":\"https:\\\/\\\/safetypartners.fi\\\/kauppa\\\/tuote\\\/salvequick-leikattava-kangaslaastari#primaryimage\",\"url\":\"https:\\\/\\\/safetypartners.fi\\\/kauppa\\\/wp-content\\\/uploads\\\/2025\\\/03\\\/tekstiili_elastinen_laastari-e1742822630282.jpg\",\"contentUrl\":\"https:\\\/\\\/safetypartners.fi\\\/kauppa\\\/wp-content\\\/uploads\\\/2025\\\/03\\\/tekstiili_elastinen_laastari-e1742822630282.jpg\",\"width\":1005,\"height\":762,\"caption\":\"Allergiatestattu, laadukas rullalaastari\"},{\"@type\":\"BreadcrumbList\",\"@id\":\"https:\\\/\\\/safetypartners.fi\\\/kauppa\\\/tuote\\\/salvequick-leikattava-kangaslaastari#breadcrumb\",\"itemListElement\":[{\"@type\":\"ListItem\",\"position\":1,\"name\":\"Home\",\"item\":\"https:\\\/\\\/safetypartners.fi\\\/kauppa\\\/\"},{\"@type\":\"ListItem\",\"position\":2,\"name\":\"Kauppa\",\"item\":\"https:\\\/\\\/safetypartners.fi\\\/kauppa\\\/kauppa\"},{\"@type\":\"ListItem\",\"position\":3,\"name\":\"Salvequick leikattava kangaslaastari\"}]},{\"@type\":\"WebSite\",\"@id\":\"https:\\\/\\\/safetypartners.fi\\\/kauppa\\\/#website\",\"url\":\"https:\\\/\\\/safetypartners.fi\\\/kauppa\\\/\",\"name\":\"Safety Partners\",\"description\":\"Safety Partners turvakauppa palvelee verkossa 24\\\/7!\",\"publisher\":{\"@id\":\"https:\\\/\\\/safetypartners.fi\\\/kauppa\\\/#organization\"},\"potentialAction\":[{\"@type\":\"SearchAction\",\"target\":{\"@type\":\"EntryPoint\",\"urlTemplate\":\"https:\\\/\\\/safetypartners.fi\\\/kauppa\\\/?s={search_term_string}\"},\"query-input\":{\"@type\":\"PropertyValueSpecification\",\"valueRequired\":true,\"valueName\":\"search_term_string\"}}],\"inLanguage\":\"fi\"},{\"@type\":\"Organization\",\"@id\":\"https:\\\/\\\/safetypartners.fi\\\/kauppa\\\/#organization\",\"name\":\"Safety Partners | Suomen Sammutinpalvelu\",\"url\":\"https:\\\/\\\/safetypartners.fi\\\/kauppa\\\/\",\"logo\":{\"@type\":\"ImageObject\",\"inLanguage\":\"fi\",\"@id\":\"https:\\\/\\\/safetypartners.fi\\\/kauppa\\\/#\\\/schema\\\/logo\\\/image\\\/\",\"url\":\"https:\\\/\\\/safetypartners.fi\\\/kauppa\\\/wp-content\\\/uploads\\\/2020\\\/05\\\/cropped-Logoke-1.jpg\",\"contentUrl\":\"https:\\\/\\\/safetypartners.fi\\\/kauppa\\\/wp-content\\\/uploads\\\/2020\\\/05\\\/cropped-Logoke-1.jpg\",\"width\":847,\"height\":717,\"caption\":\"Safety Partners | Suomen Sammutinpalvelu\"},\"image\":{\"@id\":\"https:\\\/\\\/safetypartners.fi\\\/kauppa\\\/#\\\/schema\\\/logo\\\/image\\\/\"}}]}<\/script>\n<!-- \/ Yoast SEO plugin. -->","yoast_head_json":{"title":"Salvequick leikattava kangaslaastari - Safety Partners","description":"Joustava ja korkealaatuinen, allergiatestattu kangaslaastari. Helppo asettaa paikoilleen. Isosta pakkauksesta riitt\u00e4\u00e4 kotiin, ty\u00f6paikalle ja m\u00f6kille.","robots":{"index":"index","follow":"follow","max-snippet":"max-snippet:-1","max-image-preview":"max-image-preview:large","max-video-preview":"max-video-preview:-1"},"canonical":"https:\/\/safetypartners.fi\/kauppa\/tuote\/salvequick-leikattava-kangaslaastari","og_locale":"fi_FI","og_type":"article","og_title":"Salvequick leikattava kangaslaastari - Safety Partners","og_description":"Joustava ja korkealaatuinen, allergiatestattu kangaslaastari. Helppo asettaa paikoilleen. Isosta pakkauksesta riitt\u00e4\u00e4 kotiin, ty\u00f6paikalle ja m\u00f6kille.","og_url":"https:\/\/safetypartners.fi\/kauppa\/tuote\/salvequick-leikattava-kangaslaastari","og_site_name":"Safety Partners","article_modified_time":"2026-02-02T09:12:14+00:00","og_image":[{"width":1005,"height":762,"url":"https:\/\/safetypartners.fi\/kauppa\/wp-content\/uploads\/2025\/03\/tekstiili_elastinen_laastari-e1742822630282.jpg","type":"image\/jpeg"}],"twitter_card":"summary_large_image","twitter_misc":{"Arvioitu lukuaika":"1 minuutti"},"schema":{"@context":"https:\/\/schema.org","@graph":[{"@type":"WebPage","@id":"https:\/\/safetypartners.fi\/kauppa\/tuote\/salvequick-leikattava-kangaslaastari","url":"https:\/\/safetypartners.fi\/kauppa\/tuote\/salvequick-leikattava-kangaslaastari","name":"Salvequick leikattava kangaslaastari - Safety Partners","isPartOf":{"@id":"https:\/\/safetypartners.fi\/kauppa\/#website"},"primaryImageOfPage":{"@id":"https:\/\/safetypartners.fi\/kauppa\/tuote\/salvequick-leikattava-kangaslaastari#primaryimage"},"image":{"@id":"https:\/\/safetypartners.fi\/kauppa\/tuote\/salvequick-leikattava-kangaslaastari#primaryimage"},"thumbnailUrl":"https:\/\/safetypartners.fi\/kauppa\/wp-content\/uploads\/2025\/03\/tekstiili_elastinen_laastari-e1742822630282.jpg","datePublished":"2025-03-24T13:13:14+00:00","dateModified":"2026-02-02T09:12:14+00:00","description":"Joustava ja korkealaatuinen, allergiatestattu kangaslaastari. Helppo asettaa paikoilleen. Isosta pakkauksesta riitt\u00e4\u00e4 kotiin, ty\u00f6paikalle ja m\u00f6kille.","breadcrumb":{"@id":"https:\/\/safetypartners.fi\/kauppa\/tuote\/salvequick-leikattava-kangaslaastari#breadcrumb"},"inLanguage":"fi","potentialAction":[{"@type":"ReadAction","target":["https:\/\/safetypartners.fi\/kauppa\/tuote\/salvequick-leikattava-kangaslaastari"]}]},{"@type":"ImageObject","inLanguage":"fi","@id":"https:\/\/safetypartners.fi\/kauppa\/tuote\/salvequick-leikattava-kangaslaastari#primaryimage","url":"https:\/\/safetypartners.fi\/kauppa\/wp-content\/uploads\/2025\/03\/tekstiili_elastinen_laastari-e1742822630282.jpg","contentUrl":"https:\/\/safetypartners.fi\/kauppa\/wp-content\/uploads\/2025\/03\/tekstiili_elastinen_laastari-e1742822630282.jpg","width":1005,"height":762,"caption":"Allergiatestattu, laadukas rullalaastari"},{"@type":"BreadcrumbList","@id":"https:\/\/safetypartners.fi\/kauppa\/tuote\/salvequick-leikattava-kangaslaastari#breadcrumb","itemListElement":[{"@type":"ListItem","position":1,"name":"Home","item":"https:\/\/safetypartners.fi\/kauppa\/"},{"@type":"ListItem","position":2,"name":"Kauppa","item":"https:\/\/safetypartners.fi\/kauppa\/kauppa"},{"@type":"ListItem","position":3,"name":"Salvequick leikattava kangaslaastari"}]},{"@type":"WebSite","@id":"https:\/\/safetypartners.fi\/kauppa\/#website","url":"https:\/\/safetypartners.fi\/kauppa\/","name":"Safety Partners","description":"Safety Partners turvakauppa palvelee verkossa 24\/7!","publisher":{"@id":"https:\/\/safetypartners.fi\/kauppa\/#organization"},"potentialAction":[{"@type":"SearchAction","target":{"@type":"EntryPoint","urlTemplate":"https:\/\/safetypartners.fi\/kauppa\/?s={search_term_string}"},"query-input":{"@type":"PropertyValueSpecification","valueRequired":true,"valueName":"search_term_string"}}],"inLanguage":"fi"},{"@type":"Organization","@id":"https:\/\/safetypartners.fi\/kauppa\/#organization","name":"Safety Partners | Suomen Sammutinpalvelu","url":"https:\/\/safetypartners.fi\/kauppa\/","logo":{"@type":"ImageObject","inLanguage":"fi","@id":"https:\/\/safetypartners.fi\/kauppa\/#\/schema\/logo\/image\/","url":"https:\/\/safetypartners.fi\/kauppa\/wp-content\/uploads\/2020\/05\/cropped-Logoke-1.jpg","contentUrl":"https:\/\/safetypartners.fi\/kauppa\/wp-content\/uploads\/2020\/05\/cropped-Logoke-1.jpg","width":847,"height":717,"caption":"Safety Partners | Suomen Sammutinpalvelu"},"image":{"@id":"https:\/\/safetypartners.fi\/kauppa\/#\/schema\/logo\/image\/"}}]}},"uagb_featured_image_src":{"full":["https:\/\/safetypartners.fi\/kauppa\/wp-content\/uploads\/2025\/03\/tekstiili_elastinen_laastari-e1742822630282.jpg",1005,762,false],"thumbnail":["https:\/\/safetypartners.fi\/kauppa\/wp-content\/uploads\/2025\/03\/tekstiili_elastinen_laastari-e1742822617930-150x150.jpg",150,150,true],"medium":["https:\/\/safetypartners.fi\/kauppa\/wp-content\/uploads\/2025\/03\/tekstiili_elastinen_laastari-e1742822617930-300x227.jpg",300,227,true],"medium_large":["https:\/\/safetypartners.fi\/kauppa\/wp-content\/uploads\/2025\/03\/tekstiili_elastinen_laastari-e1742822617930-768x582.jpg",768,582,true],"large":["https:\/\/safetypartners.fi\/kauppa\/wp-content\/uploads\/2025\/03\/tekstiili_elastinen_laastari-e1742822617930-1024x776.jpg",1024,776,true],"1536x1536":["https:\/\/safetypartners.fi\/kauppa\/wp-content\/uploads\/2025\/03\/tekstiili_elastinen_laastari-e1742822617930-1536x1164.jpg",1536,1164,true],"2048x2048":["https:\/\/safetypartners.fi\/kauppa\/wp-content\/uploads\/2025\/03\/tekstiili_elastinen_laastari-e1742822630282.jpg",1005,762,false],"woocommerce_thumbnail":["https:\/\/safetypartners.fi\/kauppa\/wp-content\/uploads\/2025\/03\/tekstiili_elastinen_laastari-e1742822617930-300x300.jpg",300,300,true],"woocommerce_single":["https:\/\/safetypartners.fi\/kauppa\/wp-content\/uploads\/2025\/03\/tekstiili_elastinen_laastari-e1742822617930-600x455.jpg",600,455,true],"woocommerce_gallery_thumbnail":["https:\/\/safetypartners.fi\/kauppa\/wp-content\/uploads\/2025\/03\/tekstiili_elastinen_laastari-e1742822617930-100x100.jpg",100,100,true]},"uagb_author_info":{"display_name":"Anu Lehto","author_link":"https:\/\/safetypartners.fi\/kauppa\/author"},"uagb_comment_info":0,"uagb_excerpt":"Salvequickin leikattava kangaslaastari on helposti saksilla r\u00e4\u00e4t\u00e4l\u00f6it\u00e4viss\u00e4 sopivaan kokoon. Materiaali on venyv\u00e4\u00e4 ja sopii n\u00e4in loistavasti esimerkiksi kyyn\u00e4rp\u00e4iden tai polvien laastariksi. Pakkaus sis\u00e4lt\u00e4\u00e4 5 metri\u00e4 6 cm levyist\u00e4, allergiatestattua laastaria.","_links":{"self":[{"href":"https:\/\/safetypartners.fi\/kauppa\/wp-json\/wp\/v2\/product\/2646","targetHints":{"allow":["GET"]}}],"collection":[{"href":"https:\/\/safetypartners.fi\/kauppa\/wp-json\/wp\/v2\/product"}],"about":[{"href":"https:\/\/safetypartners.fi\/kauppa\/wp-json\/wp\/v2\/types\/product"}],"replies":[{"embeddable":true,"href":"https:\/\/safetypartners.fi\/kauppa\/wp-json\/wp\/v2\/comments?post=2646"}],"version-history":[{"count":1,"href":"https:\/\/safetypartners.fi\/kauppa\/wp-json\/wp\/v2\/product\/2646\/revisions"}],"predecessor-version":[{"id":2647,"href":"https:\/\/safetypartners.fi\/kauppa\/wp-json\/wp\/v2\/product\/2646\/revisions\/2647"}],"wp:featuredmedia":[{"embeddable":true,"href":"https:\/\/safetypartners.fi\/kauppa\/wp-json\/wp\/v2\/media\/2648"}],"wp:attachment":[{"href":"https:\/\/safetypartners.fi\/kauppa\/wp-json\/wp\/v2\/media?parent=2646"}],"wp:term":[{"taxonomy":"product_brand","embeddable":true,"href":"https:\/\/safetypartners.fi\/kauppa\/wp-json\/wp\/v2\/product_brand?post=2646"},{"taxonomy":"product_cat","embeddable":true,"href":"https:\/\/safetypartners.fi\/kauppa\/wp-json\/wp\/v2\/product_cat?post=2646"},{"taxonomy":"product_tag","embeddable":true,"href":"https:\/\/safetypartners.fi\/kauppa\/wp-json\/wp\/v2\/product_tag?post=2646"}],"curies":[{"name":"wp","href":"https:\/\/api.w.org\/{rel}","templated":true}]}}