{"id":2663,"date":"2025-03-26T20:00:59","date_gmt":"2025-03-26T18:00:59","guid":{"rendered":"https:\/\/safetypartners.fi\/kauppa\/?post_type=product&#038;p=2663"},"modified":"2026-02-17T11:47:51","modified_gmt":"2026-02-17T09:47:51","slug":"housegard-luma-langaton-lampohalytin-hah50-10v-paristolla","status":"publish","type":"product","link":"https:\/\/safetypartners.fi\/kauppa\/tuote\/housegard-luma-langaton-lampohalytin-hah50-10v-paristolla","title":{"rendered":"Housegard Luma langaton l\u00e4mp\u00f6h\u00e4lytin HAH50, 10v. paristolla"},"content":{"rendered":"<p>L\u00e4mp\u00f6varoitin korvaa palovaroittimen tiloissa, joissa savu, h\u00f6yry tai muu k\u00e4ry voi virheellisesti laukaista h\u00e4lytyksen. Paras suojaus saadaan sijoittamalla l\u00e4mp\u00f6varoitin keskelle kattoa.<\/p>\n<ul>\n<li>Pariston ik\u00e4: &gt; 10 vuotta<\/li>\n<li>Toimintal\u00e4mp\u00f6tila: -10C\u2026+65C<\/li>\n<li>Max. m\u00e4\u00e4r\u00e4 laitteita per hub: 40kpl<\/li>\n<li>Yhteensopiva SmartLife -sovelluksen kanssa<\/li>\n<li>Taajuus: 868 MHz \/ Luokka I<\/li>\n<li>Sertifiointi: BS 5446-2:2003<\/li>\n<li>Takuu: 5 vuotta laitteen osalta<\/li>\n<li>Paino: 110g (sis.paristo)<\/li>\n<li>Testi- ja taukopainike<\/li>\n<li>3M-asennusteippi ja ruuvit sis\u00e4ltyv\u00e4t pakkaukseen<\/li>\n<\/ul>\n<p>Keskittimen yhteensopivuus k\u00e4ytt\u00f6j\u00e4rjestelmien kanssa:<\/p>\n<ul>\n<li>iOS 11.0 tai uudempi. Yhteensopiva iPhonen, iPadin, ja iPod touchin kanssa.<\/li>\n<li>Android: 6.0 tai uudempi<\/li>\n<\/ul>\n<p>Lis\u00e4\u00e4 teknisi\u00e4 tietoja l\u00f6yd\u00e4t t\u00e4\u00e4lt\u00e4: <a href=\"https:\/\/gpbmnordic.com\/pdfsheet\/fdv?sku=604033&amp;lang=fi\" target=\"_blank\" rel=\"noopener\">Luma l\u00e4mp\u00f6varoitin<\/a>.<\/p>\n","protected":false},"excerpt":{"rendered":"<div class=\"woocommerce-product-details__short-description\">\n<p><strong>Housegard Luma HAH50 langaton l\u00e4mp\u00f6h\u00e4lytin 10 vuoden paristolla <\/strong>reagoi l\u00e4mp\u00f6tilojen \u00e4killisiin nousuihin ja t\u00e4ydent\u00e4\u00e4 savuun reagoivia palovaroittimia. Sarjaan kytkett\u00e4v\u00e4t \u00e4lyvaroittimet toimivat yhteisty\u00f6ss\u00e4: yhden varoittimen h\u00e4lytt\u00e4ess\u00e4 kaikki h\u00e4lytt\u00e4v\u00e4t. H\u00e4lytys tavoittaa sinut \u00e4lypuhelimesi sovelluksen kautta, mist\u00e4 ja milloin tahansa. Et\u00e4hallintaa varten tarvitaan erikseen myyt\u00e4v\u00e4 <a href=\"https:\/\/safetypartners.fi\/kauppa\/tuote\/housegard-luma-keskitin-gw650-hub\"><strong>keskitin (hub)<\/strong><\/a>.<\/p>\n<p>\u00c4lyl\u00e4mp\u00f6h\u00e4lytin sopii erityisen hyvin keitti\u00f6\u00f6n, miss\u00e4 ruoanlaitosta syntyv\u00e4 k\u00e4ry laukaisee helposti savuun reagoivat varoittimet. Muita otollisia sijoituspaikkoja l\u00e4mp\u00f6varoittimelle ovat kodinhoitohuone, ullakko, autotalli ja muut kylm\u00e4t, kosteat tai p\u00f6lyiset paikat.<\/p>\n<p>K\u00e4ytt\u00e4j\u00e4yst\u00e4v\u00e4llisyys ja laadukkuus tekev\u00e4t Luma-\u00e4lyvaroitinperheest\u00e4 oivallisen kodin turvaajan. J\u00e4rjestelm\u00e4\u00e4n voidaan kytke\u00e4 jopa 40 kesken\u00e4\u00e4n keskustelevaa Luma-varoitinta, langattomasti 868 MHz:n kautta. \u00c4lypuhelinsovellus on <strong>englanninkielinen<\/strong>.<\/p>\n<\/div>\n","protected":false},"featured_media":2665,"comment_status":"open","ping_status":"closed","template":"","meta":{"_uag_custom_page_level_css":"","site-sidebar-layout":"default","site-content-layout":"","ast-site-content-layout":"default","site-content-style":"default","site-sidebar-style":"default","ast-global-header-display":"","ast-banner-title-visibility":"","ast-main-header-display":"","ast-hfb-above-header-display":"","ast-hfb-below-header-display":"","ast-hfb-mobile-header-display":"","site-post-title":"","ast-breadcrumbs-content":"","ast-featured-img":"","footer-sml-layout":"","ast-disable-related-posts":"","theme-transparent-header-meta":"default","adv-header-id-meta":"","stick-header-meta":"default","header-above-stick-meta":"","header-main-stick-meta":"","header-below-stick-meta":"","astra-migrate-meta-layouts":"set","ast-page-background-enabled":"default","ast-page-background-meta":{"desktop":{"background-color":"","background-image":"","background-repeat":"repeat","background-position":"center center","background-size":"auto","background-attachment":"scroll","background-type":"","background-media":"","overlay-type":"","overlay-color":"","overlay-opacity":"","overlay-gradient":""},"tablet":{"background-color":"","background-image":"","background-repeat":"repeat","background-position":"center center","background-size":"auto","background-attachment":"scroll","background-type":"","background-media":"","overlay-type":"","overlay-color":"","overlay-opacity":"","overlay-gradient":""},"mobile":{"background-color":"","background-image":"","background-repeat":"repeat","background-position":"center center","background-size":"auto","background-attachment":"scroll","background-type":"","background-media":"","overlay-type":"","overlay-color":"","overlay-opacity":"","overlay-gradient":""}},"ast-content-background-meta":{"desktop":{"background-color":"var(--ast-global-color-5)","background-image":"","background-repeat":"repeat","background-position":"center center","background-size":"auto","background-attachment":"scroll","background-type":"","background-media":"","overlay-type":"","overlay-color":"","overlay-opacity":"","overlay-gradient":""},"tablet":{"background-color":"var(--ast-global-color-5)","background-image":"","background-repeat":"repeat","background-position":"center center","background-size":"auto","background-attachment":"scroll","background-type":"","background-media":"","overlay-type":"","overlay-color":"","overlay-opacity":"","overlay-gradient":""},"mobile":{"background-color":"var(--ast-global-color-5)","background-image":"","background-repeat":"repeat","background-position":"center center","background-size":"auto","background-attachment":"scroll","background-type":"","background-media":"","overlay-type":"","overlay-color":"","overlay-opacity":"","overlay-gradient":""}}},"product_brand":[],"product_cat":[15,30,216,316],"product_tag":[609,608,1159,1150,113,1231,1149,441,327,1232,481,607,705,702,34,1233],"class_list":{"0":"post-2663","1":"product","2":"type-product","3":"status-publish","4":"has-post-thumbnail","6":"product_cat-yleinen","7":"product_cat-paloturvallisuus","8":"product_cat-palovaroittimet","9":"product_cat-yhdistettavat-palovaroittimet","10":"product_tag-alykas","11":"product_tag-alyvaroitin","12":"product_tag-etahallittava","13":"product_tag-hah50","14":"product_tag-housegard","15":"product_tag-ketjutettava","16":"product_tag-lampohalytin","17":"product_tag-lampovaroitin","18":"product_tag-langaton","19":"product_tag-langattomasti-ketjutettava","20":"product_tag-litiumakku","21":"product_tag-luma","22":"product_tag-sarja","23":"product_tag-sovellus","24":"product_tag-varoitin","25":"product_tag-yhdistettava","26":"product_shipping_class-suomi","27":"desktop-align-center","28":"tablet-align-center","29":"mobile-align-center","30":"ast-product-gallery-layout-horizontal-slider","31":"ast-product-tabs-layout-horizontal","33":"first","34":"instock","35":"taxable","36":"shipping-taxable","37":"purchasable","38":"product-type-simple"},"yoast_head":"<!-- This site is optimized with the Yoast SEO plugin v27.3 - https:\/\/yoast.com\/product\/yoast-seo-wordpress\/ -->\n<title>Housegard Luma langaton l\u00e4mp\u00f6h\u00e4lytin HAH50, 10v. paristolla - Safety Partners<\/title>\n<meta name=\"description\" content=\"Et\u00e4hallittava \u00e4lyl\u00e4mp\u00f6h\u00e4lytin. Yhden varoittimen h\u00e4lytt\u00e4ess\u00e4 kaikki h\u00e4lytt\u00e4v\u00e4t. H\u00e4lytys tavoittaa sinut mist\u00e4 tahansa, milloin tahansa.\" \/>\n<meta name=\"robots\" content=\"index, follow, max-snippet:-1, max-image-preview:large, max-video-preview:-1\" \/>\n<link rel=\"canonical\" href=\"https:\/\/safetypartners.fi\/kauppa\/tuote\/housegard-luma-langaton-lampohalytin-hah50-10v-paristolla\" \/>\n<meta property=\"og:locale\" content=\"fi_FI\" \/>\n<meta property=\"og:type\" content=\"article\" \/>\n<meta property=\"og:title\" content=\"Housegard Luma langaton l\u00e4mp\u00f6h\u00e4lytin HAH50, 10v. paristolla - Safety Partners\" \/>\n<meta property=\"og:description\" content=\"Et\u00e4hallittava \u00e4lyl\u00e4mp\u00f6h\u00e4lytin. Yhden varoittimen h\u00e4lytt\u00e4ess\u00e4 kaikki h\u00e4lytt\u00e4v\u00e4t. H\u00e4lytys tavoittaa sinut mist\u00e4 tahansa, milloin tahansa.\" \/>\n<meta property=\"og:url\" content=\"https:\/\/safetypartners.fi\/kauppa\/tuote\/housegard-luma-langaton-lampohalytin-hah50-10v-paristolla\" \/>\n<meta property=\"og:site_name\" content=\"Safety Partners\" \/>\n<meta property=\"article:modified_time\" content=\"2026-02-17T09:47:51+00:00\" \/>\n<meta property=\"og:image\" content=\"https:\/\/safetypartners.fi\/kauppa\/wp-content\/uploads\/2025\/03\/Luma-lampo1.png\" \/>\n\t<meta property=\"og:image:width\" content=\"920\" \/>\n\t<meta property=\"og:image:height\" content=\"920\" \/>\n\t<meta property=\"og:image:type\" content=\"image\/png\" \/>\n<meta name=\"twitter:card\" content=\"summary_large_image\" \/>\n<meta name=\"twitter:label1\" content=\"Arvioitu lukuaika\" \/>\n\t<meta name=\"twitter:data1\" content=\"1 minuutti\" \/>\n<script type=\"application\/ld+json\" class=\"yoast-schema-graph\">{\"@context\":\"https:\\\/\\\/schema.org\",\"@graph\":[{\"@type\":\"WebPage\",\"@id\":\"https:\\\/\\\/safetypartners.fi\\\/kauppa\\\/tuote\\\/housegard-luma-langaton-lampohalytin-hah50-10v-paristolla\",\"url\":\"https:\\\/\\\/safetypartners.fi\\\/kauppa\\\/tuote\\\/housegard-luma-langaton-lampohalytin-hah50-10v-paristolla\",\"name\":\"Housegard Luma langaton l\u00e4mp\u00f6h\u00e4lytin HAH50, 10v. paristolla - Safety Partners\",\"isPartOf\":{\"@id\":\"https:\\\/\\\/safetypartners.fi\\\/kauppa\\\/#website\"},\"primaryImageOfPage\":{\"@id\":\"https:\\\/\\\/safetypartners.fi\\\/kauppa\\\/tuote\\\/housegard-luma-langaton-lampohalytin-hah50-10v-paristolla#primaryimage\"},\"image\":{\"@id\":\"https:\\\/\\\/safetypartners.fi\\\/kauppa\\\/tuote\\\/housegard-luma-langaton-lampohalytin-hah50-10v-paristolla#primaryimage\"},\"thumbnailUrl\":\"https:\\\/\\\/safetypartners.fi\\\/kauppa\\\/wp-content\\\/uploads\\\/2025\\\/03\\\/Luma-lampo1.png\",\"datePublished\":\"2025-03-26T18:00:59+00:00\",\"dateModified\":\"2026-02-17T09:47:51+00:00\",\"description\":\"Et\u00e4hallittava \u00e4lyl\u00e4mp\u00f6h\u00e4lytin. Yhden varoittimen h\u00e4lytt\u00e4ess\u00e4 kaikki h\u00e4lytt\u00e4v\u00e4t. H\u00e4lytys tavoittaa sinut mist\u00e4 tahansa, milloin tahansa.\",\"breadcrumb\":{\"@id\":\"https:\\\/\\\/safetypartners.fi\\\/kauppa\\\/tuote\\\/housegard-luma-langaton-lampohalytin-hah50-10v-paristolla#breadcrumb\"},\"inLanguage\":\"fi\",\"potentialAction\":[{\"@type\":\"ReadAction\",\"target\":[\"https:\\\/\\\/safetypartners.fi\\\/kauppa\\\/tuote\\\/housegard-luma-langaton-lampohalytin-hah50-10v-paristolla\"]}]},{\"@type\":\"ImageObject\",\"inLanguage\":\"fi\",\"@id\":\"https:\\\/\\\/safetypartners.fi\\\/kauppa\\\/tuote\\\/housegard-luma-langaton-lampohalytin-hah50-10v-paristolla#primaryimage\",\"url\":\"https:\\\/\\\/safetypartners.fi\\\/kauppa\\\/wp-content\\\/uploads\\\/2025\\\/03\\\/Luma-lampo1.png\",\"contentUrl\":\"https:\\\/\\\/safetypartners.fi\\\/kauppa\\\/wp-content\\\/uploads\\\/2025\\\/03\\\/Luma-lampo1.png\",\"width\":920,\"height\":920,\"caption\":\"Housegard yhdistett\u00e4v\u00e4 l\u00e4mp\u00f6h\u00e4lytin\"},{\"@type\":\"BreadcrumbList\",\"@id\":\"https:\\\/\\\/safetypartners.fi\\\/kauppa\\\/tuote\\\/housegard-luma-langaton-lampohalytin-hah50-10v-paristolla#breadcrumb\",\"itemListElement\":[{\"@type\":\"ListItem\",\"position\":1,\"name\":\"Home\",\"item\":\"https:\\\/\\\/safetypartners.fi\\\/kauppa\\\/\"},{\"@type\":\"ListItem\",\"position\":2,\"name\":\"Kauppa\",\"item\":\"https:\\\/\\\/safetypartners.fi\\\/kauppa\\\/kauppa\"},{\"@type\":\"ListItem\",\"position\":3,\"name\":\"Housegard Luma langaton l\u00e4mp\u00f6h\u00e4lytin HAH50, 10v. paristolla\"}]},{\"@type\":\"WebSite\",\"@id\":\"https:\\\/\\\/safetypartners.fi\\\/kauppa\\\/#website\",\"url\":\"https:\\\/\\\/safetypartners.fi\\\/kauppa\\\/\",\"name\":\"Safety Partners\",\"description\":\"Safety Partners turvakauppa palvelee verkossa 24\\\/7!\",\"publisher\":{\"@id\":\"https:\\\/\\\/safetypartners.fi\\\/kauppa\\\/#organization\"},\"potentialAction\":[{\"@type\":\"SearchAction\",\"target\":{\"@type\":\"EntryPoint\",\"urlTemplate\":\"https:\\\/\\\/safetypartners.fi\\\/kauppa\\\/?s={search_term_string}\"},\"query-input\":{\"@type\":\"PropertyValueSpecification\",\"valueRequired\":true,\"valueName\":\"search_term_string\"}}],\"inLanguage\":\"fi\"},{\"@type\":\"Organization\",\"@id\":\"https:\\\/\\\/safetypartners.fi\\\/kauppa\\\/#organization\",\"name\":\"Safety Partners | Suomen Sammutinpalvelu\",\"url\":\"https:\\\/\\\/safetypartners.fi\\\/kauppa\\\/\",\"logo\":{\"@type\":\"ImageObject\",\"inLanguage\":\"fi\",\"@id\":\"https:\\\/\\\/safetypartners.fi\\\/kauppa\\\/#\\\/schema\\\/logo\\\/image\\\/\",\"url\":\"https:\\\/\\\/safetypartners.fi\\\/kauppa\\\/wp-content\\\/uploads\\\/2020\\\/05\\\/cropped-Logoke-1.jpg\",\"contentUrl\":\"https:\\\/\\\/safetypartners.fi\\\/kauppa\\\/wp-content\\\/uploads\\\/2020\\\/05\\\/cropped-Logoke-1.jpg\",\"width\":847,\"height\":717,\"caption\":\"Safety Partners | Suomen Sammutinpalvelu\"},\"image\":{\"@id\":\"https:\\\/\\\/safetypartners.fi\\\/kauppa\\\/#\\\/schema\\\/logo\\\/image\\\/\"}}]}<\/script>\n<!-- \/ Yoast SEO plugin. -->","yoast_head_json":{"title":"Housegard Luma langaton l\u00e4mp\u00f6h\u00e4lytin HAH50, 10v. paristolla - Safety Partners","description":"Et\u00e4hallittava \u00e4lyl\u00e4mp\u00f6h\u00e4lytin. Yhden varoittimen h\u00e4lytt\u00e4ess\u00e4 kaikki h\u00e4lytt\u00e4v\u00e4t. H\u00e4lytys tavoittaa sinut mist\u00e4 tahansa, milloin tahansa.","robots":{"index":"index","follow":"follow","max-snippet":"max-snippet:-1","max-image-preview":"max-image-preview:large","max-video-preview":"max-video-preview:-1"},"canonical":"https:\/\/safetypartners.fi\/kauppa\/tuote\/housegard-luma-langaton-lampohalytin-hah50-10v-paristolla","og_locale":"fi_FI","og_type":"article","og_title":"Housegard Luma langaton l\u00e4mp\u00f6h\u00e4lytin HAH50, 10v. paristolla - Safety Partners","og_description":"Et\u00e4hallittava \u00e4lyl\u00e4mp\u00f6h\u00e4lytin. Yhden varoittimen h\u00e4lytt\u00e4ess\u00e4 kaikki h\u00e4lytt\u00e4v\u00e4t. H\u00e4lytys tavoittaa sinut mist\u00e4 tahansa, milloin tahansa.","og_url":"https:\/\/safetypartners.fi\/kauppa\/tuote\/housegard-luma-langaton-lampohalytin-hah50-10v-paristolla","og_site_name":"Safety Partners","article_modified_time":"2026-02-17T09:47:51+00:00","og_image":[{"width":920,"height":920,"url":"https:\/\/safetypartners.fi\/kauppa\/wp-content\/uploads\/2025\/03\/Luma-lampo1.png","type":"image\/png"}],"twitter_card":"summary_large_image","twitter_misc":{"Arvioitu lukuaika":"1 minuutti"},"schema":{"@context":"https:\/\/schema.org","@graph":[{"@type":"WebPage","@id":"https:\/\/safetypartners.fi\/kauppa\/tuote\/housegard-luma-langaton-lampohalytin-hah50-10v-paristolla","url":"https:\/\/safetypartners.fi\/kauppa\/tuote\/housegard-luma-langaton-lampohalytin-hah50-10v-paristolla","name":"Housegard Luma langaton l\u00e4mp\u00f6h\u00e4lytin HAH50, 10v. paristolla - Safety Partners","isPartOf":{"@id":"https:\/\/safetypartners.fi\/kauppa\/#website"},"primaryImageOfPage":{"@id":"https:\/\/safetypartners.fi\/kauppa\/tuote\/housegard-luma-langaton-lampohalytin-hah50-10v-paristolla#primaryimage"},"image":{"@id":"https:\/\/safetypartners.fi\/kauppa\/tuote\/housegard-luma-langaton-lampohalytin-hah50-10v-paristolla#primaryimage"},"thumbnailUrl":"https:\/\/safetypartners.fi\/kauppa\/wp-content\/uploads\/2025\/03\/Luma-lampo1.png","datePublished":"2025-03-26T18:00:59+00:00","dateModified":"2026-02-17T09:47:51+00:00","description":"Et\u00e4hallittava \u00e4lyl\u00e4mp\u00f6h\u00e4lytin. Yhden varoittimen h\u00e4lytt\u00e4ess\u00e4 kaikki h\u00e4lytt\u00e4v\u00e4t. H\u00e4lytys tavoittaa sinut mist\u00e4 tahansa, milloin tahansa.","breadcrumb":{"@id":"https:\/\/safetypartners.fi\/kauppa\/tuote\/housegard-luma-langaton-lampohalytin-hah50-10v-paristolla#breadcrumb"},"inLanguage":"fi","potentialAction":[{"@type":"ReadAction","target":["https:\/\/safetypartners.fi\/kauppa\/tuote\/housegard-luma-langaton-lampohalytin-hah50-10v-paristolla"]}]},{"@type":"ImageObject","inLanguage":"fi","@id":"https:\/\/safetypartners.fi\/kauppa\/tuote\/housegard-luma-langaton-lampohalytin-hah50-10v-paristolla#primaryimage","url":"https:\/\/safetypartners.fi\/kauppa\/wp-content\/uploads\/2025\/03\/Luma-lampo1.png","contentUrl":"https:\/\/safetypartners.fi\/kauppa\/wp-content\/uploads\/2025\/03\/Luma-lampo1.png","width":920,"height":920,"caption":"Housegard yhdistett\u00e4v\u00e4 l\u00e4mp\u00f6h\u00e4lytin"},{"@type":"BreadcrumbList","@id":"https:\/\/safetypartners.fi\/kauppa\/tuote\/housegard-luma-langaton-lampohalytin-hah50-10v-paristolla#breadcrumb","itemListElement":[{"@type":"ListItem","position":1,"name":"Home","item":"https:\/\/safetypartners.fi\/kauppa\/"},{"@type":"ListItem","position":2,"name":"Kauppa","item":"https:\/\/safetypartners.fi\/kauppa\/kauppa"},{"@type":"ListItem","position":3,"name":"Housegard Luma langaton l\u00e4mp\u00f6h\u00e4lytin HAH50, 10v. paristolla"}]},{"@type":"WebSite","@id":"https:\/\/safetypartners.fi\/kauppa\/#website","url":"https:\/\/safetypartners.fi\/kauppa\/","name":"Safety Partners","description":"Safety Partners turvakauppa palvelee verkossa 24\/7!","publisher":{"@id":"https:\/\/safetypartners.fi\/kauppa\/#organization"},"potentialAction":[{"@type":"SearchAction","target":{"@type":"EntryPoint","urlTemplate":"https:\/\/safetypartners.fi\/kauppa\/?s={search_term_string}"},"query-input":{"@type":"PropertyValueSpecification","valueRequired":true,"valueName":"search_term_string"}}],"inLanguage":"fi"},{"@type":"Organization","@id":"https:\/\/safetypartners.fi\/kauppa\/#organization","name":"Safety Partners | Suomen Sammutinpalvelu","url":"https:\/\/safetypartners.fi\/kauppa\/","logo":{"@type":"ImageObject","inLanguage":"fi","@id":"https:\/\/safetypartners.fi\/kauppa\/#\/schema\/logo\/image\/","url":"https:\/\/safetypartners.fi\/kauppa\/wp-content\/uploads\/2020\/05\/cropped-Logoke-1.jpg","contentUrl":"https:\/\/safetypartners.fi\/kauppa\/wp-content\/uploads\/2020\/05\/cropped-Logoke-1.jpg","width":847,"height":717,"caption":"Safety Partners | Suomen Sammutinpalvelu"},"image":{"@id":"https:\/\/safetypartners.fi\/kauppa\/#\/schema\/logo\/image\/"}}]}},"uagb_featured_image_src":{"full":["https:\/\/safetypartners.fi\/kauppa\/wp-content\/uploads\/2025\/03\/Luma-lampo1.png",920,920,false],"thumbnail":["https:\/\/safetypartners.fi\/kauppa\/wp-content\/uploads\/2025\/03\/Luma-lampo1-150x150.png",150,150,true],"medium":["https:\/\/safetypartners.fi\/kauppa\/wp-content\/uploads\/2025\/03\/Luma-lampo1-300x300.png",300,300,true],"medium_large":["https:\/\/safetypartners.fi\/kauppa\/wp-content\/uploads\/2025\/03\/Luma-lampo1-768x768.png",768,768,true],"large":["https:\/\/safetypartners.fi\/kauppa\/wp-content\/uploads\/2025\/03\/Luma-lampo1.png",920,920,false],"1536x1536":["https:\/\/safetypartners.fi\/kauppa\/wp-content\/uploads\/2025\/03\/Luma-lampo1.png",920,920,false],"2048x2048":["https:\/\/safetypartners.fi\/kauppa\/wp-content\/uploads\/2025\/03\/Luma-lampo1.png",920,920,false],"woocommerce_thumbnail":["https:\/\/safetypartners.fi\/kauppa\/wp-content\/uploads\/2025\/03\/Luma-lampo1-300x300.png",300,300,true],"woocommerce_single":["https:\/\/safetypartners.fi\/kauppa\/wp-content\/uploads\/2025\/03\/Luma-lampo1-600x600.png",600,600,true],"woocommerce_gallery_thumbnail":["https:\/\/safetypartners.fi\/kauppa\/wp-content\/uploads\/2025\/03\/Luma-lampo1-100x100.png",100,100,true]},"uagb_author_info":{"display_name":"Anu Lehto","author_link":"https:\/\/safetypartners.fi\/kauppa\/author"},"uagb_comment_info":0,"uagb_excerpt":"Housegard Luma HAH50 langaton l\u00e4mp\u00f6h\u00e4lytin 10 vuoden paristolla reagoi l\u00e4mp\u00f6tilojen \u00e4killisiin nousuihin ja t\u00e4ydent\u00e4\u00e4 savuun reagoivia palovaroittimia. Sarjaan kytkett\u00e4v\u00e4t \u00e4lyvaroittimet toimivat yhteisty\u00f6ss\u00e4: yhden varoittimen h\u00e4lytt\u00e4ess\u00e4 kaikki h\u00e4lytt\u00e4v\u00e4t. H\u00e4lytys tavoittaa sinut \u00e4lypuhelimesi sovelluksen kautta, mist\u00e4 ja milloin tahansa. Et\u00e4hallintaa varten tarvitaan erikseen myyt\u00e4v\u00e4 keskitin (hub). \u00c4lyl\u00e4mp\u00f6h\u00e4lytin sopii erityisen hyvin keitti\u00f6\u00f6n, miss\u00e4 ruoanlaitosta syntyv\u00e4 k\u00e4ry laukaisee helposti&hellip;","_links":{"self":[{"href":"https:\/\/safetypartners.fi\/kauppa\/wp-json\/wp\/v2\/product\/2663","targetHints":{"allow":["GET"]}}],"collection":[{"href":"https:\/\/safetypartners.fi\/kauppa\/wp-json\/wp\/v2\/product"}],"about":[{"href":"https:\/\/safetypartners.fi\/kauppa\/wp-json\/wp\/v2\/types\/product"}],"replies":[{"embeddable":true,"href":"https:\/\/safetypartners.fi\/kauppa\/wp-json\/wp\/v2\/comments?post=2663"}],"version-history":[{"count":4,"href":"https:\/\/safetypartners.fi\/kauppa\/wp-json\/wp\/v2\/product\/2663\/revisions"}],"predecessor-version":[{"id":2678,"href":"https:\/\/safetypartners.fi\/kauppa\/wp-json\/wp\/v2\/product\/2663\/revisions\/2678"}],"wp:featuredmedia":[{"embeddable":true,"href":"https:\/\/safetypartners.fi\/kauppa\/wp-json\/wp\/v2\/media\/2665"}],"wp:attachment":[{"href":"https:\/\/safetypartners.fi\/kauppa\/wp-json\/wp\/v2\/media?parent=2663"}],"wp:term":[{"taxonomy":"product_brand","embeddable":true,"href":"https:\/\/safetypartners.fi\/kauppa\/wp-json\/wp\/v2\/product_brand?post=2663"},{"taxonomy":"product_cat","embeddable":true,"href":"https:\/\/safetypartners.fi\/kauppa\/wp-json\/wp\/v2\/product_cat?post=2663"},{"taxonomy":"product_tag","embeddable":true,"href":"https:\/\/safetypartners.fi\/kauppa\/wp-json\/wp\/v2\/product_tag?post=2663"}],"curies":[{"name":"wp","href":"https:\/\/api.w.org\/{rel}","templated":true}]}}